{"id":6764,"date":"2025-12-04T11:20:36","date_gmt":"2025-12-04T10:20:36","guid":{"rendered":"https:\/\/www.montreuxjazzshop.com\/?post_type=product&#038;p=6764"},"modified":"2026-04-16T21:15:02","modified_gmt":"2026-04-16T19:15:02","slug":"affiche-kevin-germanier-2026","status":"publish","type":"product","link":"https:\/\/www.montreuxjazzshop.com\/fr\/boutique\/affiches\/affiche-kevin-germanier-2026\/","title":{"rendered":"Affiche K\u00e9vin Germanier, 2026"},"content":{"rendered":"","protected":false},"excerpt":{"rendered":"<p>Une affiche Haute Couture pour le 60e Montreux Jazz Festival. Cette \u0153uvre \u00e9clatante est la premi\u00e8re affiche brod\u00e9e de l\u2019histoire du Festival. K\u00e9vin Germanier devient ainsi le premier designer de mode \u00e0 r\u00e9aliser une affiche du Festival. Le Valaisan, aujourd\u2019hui install\u00e9 \u00e0 Paris, s\u2019impose comme l\u2019un des talents les plus en vue sur la sc\u00e8ne internationale. Apr\u00e8s avoir habill\u00e9 Bj\u00f6rk, Beyonc\u00e9 ou Lady Gaga, il a r\u00e9cemment con\u00e7u les costumes des C\u00e9r\u00e9monies d\u2019Ouverture de Cl\u00f4ture des Jeux Olympique de Paris 2024 et de l\u2019Eurovision de B\u00e2le 2025. Il a fait de l\u2019upcycling sa marque de fabrique: tous les \u00e9l\u00e9ments qui composent l\u2019affiche ont ainsi \u00e9t\u00e9 recycl\u00e9s, provenant de cr\u00e9ations pr\u00e9c\u00e9dentes. Plus de 60\u2019000 sequins et perles de verre, de bois et de plastique ont \u00e9t\u00e9 minutieusement brod\u00e9s sur une toile de velours.<\/p>\n<p><a href=\"https:\/\/www.montreuxjazzshop.com\/fr\/artiste\/kevin-germanier\/\">En savoir plus sur l\u2019artiste<\/a><\/p>\n<p><strong>Impression s\u00e9rigraphie HiFi aux encres fluorescentes<\/strong><br \/>\nL\u2019impression HiFi est une \u00e9volution du proc\u00e9d\u00e9 CMJN qui ajoute des couleurs interm\u00e9diaires comme le rouge, le vert et l\u2019outremer pour \u00e9largir la gamme chromatique. Gr\u00e2ce \u00e0 un logiciel de s\u00e9paration sp\u00e9cialis\u00e9, elle limite la superposition des encres, offrant ainsi une reproduction plus pure et plus fid\u00e8le des couleurs.<\/p>\n<p><a href=\"https:\/\/www.instagram.com\/lorenzboegli.ch\/\">Impression Lorenz Boegli<\/a><\/p>\n","protected":false},"featured_media":6860,"template":"","meta":{"_acf_changed":false},"artist":[583],"artist-category":[],"edition":[],"product_brand":[],"product_cat":[298,299,300,345],"product_tag":[],"class_list":{"0":"post-6764","1":"product","2":"type-product","3":"status-publish","4":"has-post-thumbnail","6":"artist-kevin-germanier","7":"product_cat-affiches","8":"product_cat-affiches-officielles","9":"product_cat-affichettes","10":"product_cat-highlights","11":"product_shipping_class-affiche","13":"first","14":"instock","15":"taxable","16":"shipping-taxable","17":"purchasable","18":"product-type-variable","19":"wvs-archive-product-wrapper"},"bundled_by":[],"bundle_stock_status":"instock","bundle_stock_quantity":null,"bundle_virtual":false,"bundle_layout":"","bundle_add_to_cart_form_location":"","bundle_editable_in_cart":false,"bundle_sold_individually_context":"","bundle_item_grouping":"","bundle_min_size":"","bundle_max_size":"","bundle_price":[],"bundled_items":[],"bundle_sell_ids":[],"acf":[],"yoast_head":"<!-- This site is optimized with the Yoast SEO Premium plugin v26.4 (Yoast SEO v27.4) - https:\/\/yoast.com\/product\/yoast-seo-premium-wordpress\/ -->\n<title>Affiche K\u00e9vin Germanier, 2026 - Montreux Jazz Festival Shop<\/title>\n<meta name=\"description\" content=\"Affiche K\u00e9vin Germanier 2026 du Montreux Jazz Festival. La premi\u00e8re affiche brod\u00e9e, une \u0153uvre Haute Couture unique. \u00c9dition limit\u00e9e.\" \/>\n<meta name=\"robots\" content=\"index, follow, max-snippet:-1, max-image-preview:large, max-video-preview:-1\" \/>\n<link rel=\"canonical\" href=\"https:\/\/www.montreuxjazzshop.com\/fr\/boutique\/affiches\/affiche-kevin-germanier-2026\/\" \/>\n<meta property=\"og:locale\" content=\"fr_FR\" \/>\n<meta property=\"og:type\" content=\"article\" \/>\n<meta property=\"og:title\" content=\"Affiche K\u00e9vin Germanier, 2026\" \/>\n<meta property=\"og:description\" content=\"Affiche K\u00e9vin Germanier 2026 du Montreux Jazz Festival. La premi\u00e8re affiche brod\u00e9e, une \u0153uvre Haute Couture unique. \u00c9dition limit\u00e9e.\" \/>\n<meta property=\"og:url\" content=\"https:\/\/www.montreuxjazzshop.com\/fr\/boutique\/affiches\/affiche-kevin-germanier-2026\/\" \/>\n<meta property=\"og:site_name\" content=\"Montreux Jazz Festival Shop\" \/>\n<meta property=\"article:publisher\" content=\"https:\/\/www.facebook.com\/montreuxjazzfestival\" \/>\n<meta property=\"article:modified_time\" content=\"2026-04-16T19:15:02+00:00\" \/>\n<meta property=\"og:image\" content=\"https:\/\/www.montreuxjazzshop.com\/wp-content\/uploads\/2025\/10\/MJF-Poster-70x100-2026-Germanier-web-1.jpg\" \/>\n\t<meta property=\"og:image:width\" content=\"2000\" \/>\n\t<meta property=\"og:image:height\" content=\"2000\" \/>\n\t<meta property=\"og:image:type\" content=\"image\/jpeg\" \/>\n<meta name=\"twitter:card\" content=\"summary_large_image\" \/>\n<meta name=\"twitter:site\" content=\"@MontreuxJazz\" \/>\n<script type=\"application\/ld+json\" class=\"yoast-schema-graph\">{\"@context\":\"https:\\\/\\\/schema.org\",\"@graph\":[{\"@type\":\"WebPage\",\"@id\":\"https:\\\/\\\/www.montreuxjazzshop.com\\\/fr\\\/boutique\\\/affiches\\\/affiche-kevin-germanier-2026\\\/\",\"url\":\"https:\\\/\\\/www.montreuxjazzshop.com\\\/fr\\\/boutique\\\/affiches\\\/affiche-kevin-germanier-2026\\\/\",\"name\":\"Affiche K\u00e9vin Germanier, 2026 - Montreux Jazz Festival Shop\",\"isPartOf\":{\"@id\":\"https:\\\/\\\/www.montreuxjazzshop.com\\\/fr\\\/#website\"},\"primaryImageOfPage\":{\"@id\":\"https:\\\/\\\/www.montreuxjazzshop.com\\\/fr\\\/boutique\\\/affiches\\\/affiche-kevin-germanier-2026\\\/#primaryimage\"},\"image\":{\"@id\":\"https:\\\/\\\/www.montreuxjazzshop.com\\\/fr\\\/boutique\\\/affiches\\\/affiche-kevin-germanier-2026\\\/#primaryimage\"},\"thumbnailUrl\":\"https:\\\/\\\/www.montreuxjazzshop.com\\\/wp-content\\\/uploads\\\/2025\\\/10\\\/MJF-Poster-70x100-2026-Germanier-web-1.jpg\",\"datePublished\":\"2025-12-04T10:20:36+00:00\",\"dateModified\":\"2026-04-16T19:15:02+00:00\",\"description\":\"Affiche K\u00e9vin Germanier 2026 du Montreux Jazz Festival. La premi\u00e8re affiche brod\u00e9e, une \u0153uvre Haute Couture unique. \u00c9dition limit\u00e9e.\",\"breadcrumb\":{\"@id\":\"https:\\\/\\\/www.montreuxjazzshop.com\\\/fr\\\/boutique\\\/affiches\\\/affiche-kevin-germanier-2026\\\/#breadcrumb\"},\"inLanguage\":\"fr-FR\",\"potentialAction\":[{\"@type\":\"ReadAction\",\"target\":[\"https:\\\/\\\/www.montreuxjazzshop.com\\\/fr\\\/boutique\\\/affiches\\\/affiche-kevin-germanier-2026\\\/\"]}]},{\"@type\":\"ImageObject\",\"inLanguage\":\"fr-FR\",\"@id\":\"https:\\\/\\\/www.montreuxjazzshop.com\\\/fr\\\/boutique\\\/affiches\\\/affiche-kevin-germanier-2026\\\/#primaryimage\",\"url\":\"https:\\\/\\\/www.montreuxjazzshop.com\\\/wp-content\\\/uploads\\\/2025\\\/10\\\/MJF-Poster-70x100-2026-Germanier-web-1.jpg\",\"contentUrl\":\"https:\\\/\\\/www.montreuxjazzshop.com\\\/wp-content\\\/uploads\\\/2025\\\/10\\\/MJF-Poster-70x100-2026-Germanier-web-1.jpg\",\"width\":2000,\"height\":2000,\"caption\":\"Affiche K\u00e9vin Germanier, 2026 : Affiche pr\u00e9sentant des motifs vibrants et color\u00e9s ressemblant \u00e0 des plumes sur un fond noir, avec un texte audacieux et artistique \\\"Montreux Jazz Festival 2026\\\" partiellement masqu\u00e9 par le dessin anim\u00e9.\"},{\"@type\":\"BreadcrumbList\",\"@id\":\"https:\\\/\\\/www.montreuxjazzshop.com\\\/fr\\\/boutique\\\/affiches\\\/affiche-kevin-germanier-2026\\\/#breadcrumb\",\"itemListElement\":[{\"@type\":\"ListItem\",\"position\":1,\"name\":\"Accueil\",\"item\":\"https:\\\/\\\/www.montreuxjazzshop.com\\\/fr\\\/\"},{\"@type\":\"ListItem\",\"position\":2,\"name\":\"Boutique\",\"item\":\"https:\\\/\\\/www.montreuxjazzshop.com\\\/fr\\\/boutique\\\/\"},{\"@type\":\"ListItem\",\"position\":3,\"name\":\"Affiche K\u00e9vin Germanier, 2026\"}]},{\"@type\":\"WebSite\",\"@id\":\"https:\\\/\\\/www.montreuxjazzshop.com\\\/fr\\\/#website\",\"url\":\"https:\\\/\\\/www.montreuxjazzshop.com\\\/fr\\\/\",\"name\":\"Montreux Jazz Shop\",\"description\":\"The Montreux Jazz Festival shop\",\"potentialAction\":[{\"@type\":\"SearchAction\",\"target\":{\"@type\":\"EntryPoint\",\"urlTemplate\":\"https:\\\/\\\/www.montreuxjazzshop.com\\\/fr\\\/?s={search_term_string}\"},\"query-input\":{\"@type\":\"PropertyValueSpecification\",\"valueRequired\":true,\"valueName\":\"search_term_string\"}}],\"inLanguage\":\"fr-FR\"}]}<\/script>\n<meta property=\"og:availability\" content=\"instock\" \/>\n<meta property=\"product:availability\" content=\"instock\" \/>\n<meta property=\"product:retailer_item_id\" content=\"1000000002026\" \/>\n<meta property=\"product:condition\" content=\"new\" \/>\n<!-- \/ Yoast SEO Premium plugin. -->","yoast_head_json":{"title":"Affiche K\u00e9vin Germanier, 2026 - Montreux Jazz Festival Shop","description":"Affiche K\u00e9vin Germanier 2026 du Montreux Jazz Festival. La premi\u00e8re affiche brod\u00e9e, une \u0153uvre Haute Couture unique. \u00c9dition limit\u00e9e.","robots":{"index":"index","follow":"follow","max-snippet":"max-snippet:-1","max-image-preview":"max-image-preview:large","max-video-preview":"max-video-preview:-1"},"canonical":"https:\/\/www.montreuxjazzshop.com\/fr\/boutique\/affiches\/affiche-kevin-germanier-2026\/","og_locale":"fr_FR","og_type":"article","og_title":"Affiche K\u00e9vin Germanier, 2026","og_description":"Affiche K\u00e9vin Germanier 2026 du Montreux Jazz Festival. La premi\u00e8re affiche brod\u00e9e, une \u0153uvre Haute Couture unique. \u00c9dition limit\u00e9e.","og_url":"https:\/\/www.montreuxjazzshop.com\/fr\/boutique\/affiches\/affiche-kevin-germanier-2026\/","og_site_name":"Montreux Jazz Festival Shop","article_publisher":"https:\/\/www.facebook.com\/montreuxjazzfestival","article_modified_time":"2026-04-16T19:15:02+00:00","og_image":[{"width":2000,"height":2000,"url":"https:\/\/www.montreuxjazzshop.com\/wp-content\/uploads\/2025\/10\/MJF-Poster-70x100-2026-Germanier-web-1.jpg","type":"image\/jpeg"}],"twitter_card":"summary_large_image","twitter_site":"@MontreuxJazz","schema":{"@context":"https:\/\/schema.org","@graph":[{"@type":"WebPage","@id":"https:\/\/www.montreuxjazzshop.com\/fr\/boutique\/affiches\/affiche-kevin-germanier-2026\/","url":"https:\/\/www.montreuxjazzshop.com\/fr\/boutique\/affiches\/affiche-kevin-germanier-2026\/","name":"Affiche K\u00e9vin Germanier, 2026 - Montreux Jazz Festival Shop","isPartOf":{"@id":"https:\/\/www.montreuxjazzshop.com\/fr\/#website"},"primaryImageOfPage":{"@id":"https:\/\/www.montreuxjazzshop.com\/fr\/boutique\/affiches\/affiche-kevin-germanier-2026\/#primaryimage"},"image":{"@id":"https:\/\/www.montreuxjazzshop.com\/fr\/boutique\/affiches\/affiche-kevin-germanier-2026\/#primaryimage"},"thumbnailUrl":"https:\/\/www.montreuxjazzshop.com\/wp-content\/uploads\/2025\/10\/MJF-Poster-70x100-2026-Germanier-web-1.jpg","datePublished":"2025-12-04T10:20:36+00:00","dateModified":"2026-04-16T19:15:02+00:00","description":"Affiche K\u00e9vin Germanier 2026 du Montreux Jazz Festival. La premi\u00e8re affiche brod\u00e9e, une \u0153uvre Haute Couture unique. \u00c9dition limit\u00e9e.","breadcrumb":{"@id":"https:\/\/www.montreuxjazzshop.com\/fr\/boutique\/affiches\/affiche-kevin-germanier-2026\/#breadcrumb"},"inLanguage":"fr-FR","potentialAction":[{"@type":"ReadAction","target":["https:\/\/www.montreuxjazzshop.com\/fr\/boutique\/affiches\/affiche-kevin-germanier-2026\/"]}]},{"@type":"ImageObject","inLanguage":"fr-FR","@id":"https:\/\/www.montreuxjazzshop.com\/fr\/boutique\/affiches\/affiche-kevin-germanier-2026\/#primaryimage","url":"https:\/\/www.montreuxjazzshop.com\/wp-content\/uploads\/2025\/10\/MJF-Poster-70x100-2026-Germanier-web-1.jpg","contentUrl":"https:\/\/www.montreuxjazzshop.com\/wp-content\/uploads\/2025\/10\/MJF-Poster-70x100-2026-Germanier-web-1.jpg","width":2000,"height":2000,"caption":"Affiche K\u00e9vin Germanier, 2026 : Affiche pr\u00e9sentant des motifs vibrants et color\u00e9s ressemblant \u00e0 des plumes sur un fond noir, avec un texte audacieux et artistique \"Montreux Jazz Festival 2026\" partiellement masqu\u00e9 par le dessin anim\u00e9."},{"@type":"BreadcrumbList","@id":"https:\/\/www.montreuxjazzshop.com\/fr\/boutique\/affiches\/affiche-kevin-germanier-2026\/#breadcrumb","itemListElement":[{"@type":"ListItem","position":1,"name":"Accueil","item":"https:\/\/www.montreuxjazzshop.com\/fr\/"},{"@type":"ListItem","position":2,"name":"Boutique","item":"https:\/\/www.montreuxjazzshop.com\/fr\/boutique\/"},{"@type":"ListItem","position":3,"name":"Affiche K\u00e9vin Germanier, 2026"}]},{"@type":"WebSite","@id":"https:\/\/www.montreuxjazzshop.com\/fr\/#website","url":"https:\/\/www.montreuxjazzshop.com\/fr\/","name":"Montreux Jazz Shop","description":"The Montreux Jazz Festival shop","potentialAction":[{"@type":"SearchAction","target":{"@type":"EntryPoint","urlTemplate":"https:\/\/www.montreuxjazzshop.com\/fr\/?s={search_term_string}"},"query-input":{"@type":"PropertyValueSpecification","valueRequired":true,"valueName":"search_term_string"}}],"inLanguage":"fr-FR"}]},"og_availability":"instock","product_availability":"instock","product_retailer_item_id":"1000000002026","product_condition":"new"},"_links":{"self":[{"href":"https:\/\/www.montreuxjazzshop.com\/fr\/wp-json\/wp\/v2\/product\/6764","targetHints":{"allow":["GET"]}}],"collection":[{"href":"https:\/\/www.montreuxjazzshop.com\/fr\/wp-json\/wp\/v2\/product"}],"about":[{"href":"https:\/\/www.montreuxjazzshop.com\/fr\/wp-json\/wp\/v2\/types\/product"}],"wp:featuredmedia":[{"embeddable":true,"href":"https:\/\/www.montreuxjazzshop.com\/fr\/wp-json\/wp\/v2\/media\/6860"}],"wp:attachment":[{"href":"https:\/\/www.montreuxjazzshop.com\/fr\/wp-json\/wp\/v2\/media?parent=6764"}],"wp:term":[{"taxonomy":"artist","embeddable":true,"href":"https:\/\/www.montreuxjazzshop.com\/fr\/wp-json\/wp\/v2\/artist?post=6764"},{"taxonomy":"artist-category","embeddable":true,"href":"https:\/\/www.montreuxjazzshop.com\/fr\/wp-json\/wp\/v2\/artist-category?post=6764"},{"taxonomy":"edition","embeddable":true,"href":"https:\/\/www.montreuxjazzshop.com\/fr\/wp-json\/wp\/v2\/edition?post=6764"},{"taxonomy":"product_brand","embeddable":true,"href":"https:\/\/www.montreuxjazzshop.com\/fr\/wp-json\/wp\/v2\/product_brand?post=6764"},{"taxonomy":"product_cat","embeddable":true,"href":"https:\/\/www.montreuxjazzshop.com\/fr\/wp-json\/wp\/v2\/product_cat?post=6764"},{"taxonomy":"product_tag","embeddable":true,"href":"https:\/\/www.montreuxjazzshop.com\/fr\/wp-json\/wp\/v2\/product_tag?post=6764"}],"curies":[{"name":"wp","href":"https:\/\/api.w.org\/{rel}","templated":true}]}}