{"id":6086,"date":"2025-11-30T08:00:45","date_gmt":"2025-11-30T07:00:45","guid":{"rendered":"https:\/\/www.montreuxjazzshop.com\/?post_type=product&#038;p=6086"},"modified":"2026-03-09T15:32:16","modified_gmt":"2026-03-09T14:32:16","slug":"t-shirt-crop-music-lover-2","status":"publish","type":"product","link":"https:\/\/www.montreuxjazzshop.com\/fr\/boutique\/highlights\/t-shirt-crop-music-lover-2\/","title":{"rendered":"T-shirt Crop, Music Lover &#8211; Polo"},"content":{"rendered":"<ul>\n<li>100% Coton PIMA BIO<\/li>\n<li>Broderie logo Tinguely sur le c\u0153ur ton sur ton<\/li>\n<\/ul>\n","protected":false},"excerpt":{"rendered":"<p>Polo en coton pima brod\u00e9 \u00e0 manches courtes Montreux Jazz Festival, unisexe. Le coton Pima, est une vari\u00e9t\u00e9 de coton \u00e0 fibres longues et d\u00e9licates, originaire du P\u00e9rou. Il est consid\u00e9r\u00e9 comme \u00e9tant l\u2019un des cotons les plus fins et reconnu pour sa douceur, sa durabilit\u00e9 et sa brillance.<\/p>\n<p>Le saviez-vous? Le lettrage \u00e0 la main \u00ab\u00a0Montreux Jazz Festival\u00a0\u00bb, typique de <a href=\"\/fr\/portfolio-item\/jean-tinguely\/\">Jean Tinguely<\/a> &#8211; cr\u00e9ateur de l&rsquo;affiche de 1982 &#8211; sera l\u00e9g\u00e8rement retravaill\u00e9 par <a href=\"\/fr\/portfolio-item\/pierre-keller\/\">Pierre Keller<\/a> pour devenir l\u2019iconique nouveau logo du Festival.<\/p>\n","protected":false},"featured_media":5090,"template":"","meta":{"_acf_changed":false},"artist":[],"artist-category":[],"edition":[],"product_brand":[],"product_cat":[345,301,302],"product_tag":[],"class_list":{"0":"post-6086","1":"product","2":"type-product","3":"status-publish","4":"has-post-thumbnail","6":"product_cat-highlights","7":"product_cat-t-shirts-2","8":"product_cat-textile","9":"product_shipping_class-accessoires-et-textile","11":"first","12":"instock","13":"taxable","14":"shipping-taxable","15":"purchasable","16":"product-type-variable","17":"wvs-archive-product-wrapper"},"bundled_by":[],"bundle_stock_status":"instock","bundle_stock_quantity":null,"bundle_virtual":false,"bundle_layout":"","bundle_add_to_cart_form_location":"","bundle_editable_in_cart":false,"bundle_sold_individually_context":"","bundle_item_grouping":"","bundle_min_size":"","bundle_max_size":"","bundle_price":[],"bundled_items":[],"bundle_sell_ids":[],"acf":[],"yoast_head":"<!-- This site is optimized with the Yoast SEO Premium plugin v26.4 (Yoast SEO v27.4) - https:\/\/yoast.com\/product\/yoast-seo-premium-wordpress\/ -->\n<title>T-shirt Crop, Music Lover - Polo - Montreux Jazz Festival Shop<\/title>\n<meta name=\"description\" content=\"Adoptez un style chic avec le Polo Shirt pima en coton Pima. Con\u00e7u pour le confort et la durabilit\u00e9, il est parfait pour toutes occasions!\" \/>\n<meta name=\"robots\" content=\"index, follow, max-snippet:-1, max-image-preview:large, max-video-preview:-1\" \/>\n<link rel=\"canonical\" href=\"https:\/\/www.montreuxjazzshop.com\/fr\/boutique\/highlights\/t-shirt-crop-music-lover-2\/\" \/>\n<meta property=\"og:locale\" content=\"fr_FR\" \/>\n<meta property=\"og:type\" content=\"article\" \/>\n<meta property=\"og:title\" content=\"T-shirt Crop, Music Lover - Polo\" \/>\n<meta property=\"og:description\" content=\"Adoptez un style chic avec le Polo Shirt pima en coton Pima. Con\u00e7u pour le confort et la durabilit\u00e9, il est parfait pour toutes occasions!\" \/>\n<meta property=\"og:url\" content=\"https:\/\/www.montreuxjazzshop.com\/fr\/boutique\/highlights\/t-shirt-crop-music-lover-2\/\" \/>\n<meta property=\"og:site_name\" content=\"Montreux Jazz Festival Shop\" \/>\n<meta property=\"article:publisher\" content=\"https:\/\/www.facebook.com\/montreuxjazzfestival\" \/>\n<meta property=\"article:modified_time\" content=\"2026-03-09T14:32:16+00:00\" \/>\n<meta property=\"og:image\" content=\"https:\/\/www.montreuxjazzshop.com\/wp-content\/uploads\/2025\/09\/MJF25-Shooting-Lifestyle-Polo-3-web.jpg\" \/>\n\t<meta property=\"og:image:width\" content=\"1500\" \/>\n\t<meta property=\"og:image:height\" content=\"1500\" \/>\n\t<meta property=\"og:image:type\" content=\"image\/jpeg\" \/>\n<meta name=\"twitter:card\" content=\"summary_large_image\" \/>\n<meta name=\"twitter:site\" content=\"@MontreuxJazz\" \/>\n<script type=\"application\/ld+json\" class=\"yoast-schema-graph\">{\"@context\":\"https:\\\/\\\/schema.org\",\"@graph\":[{\"@type\":\"WebPage\",\"@id\":\"https:\\\/\\\/www.montreuxjazzshop.com\\\/fr\\\/boutique\\\/highlights\\\/t-shirt-crop-music-lover-2\\\/\",\"url\":\"https:\\\/\\\/www.montreuxjazzshop.com\\\/fr\\\/boutique\\\/highlights\\\/t-shirt-crop-music-lover-2\\\/\",\"name\":\"T-shirt Crop, Music Lover - Polo - Montreux Jazz Festival Shop\",\"isPartOf\":{\"@id\":\"https:\\\/\\\/www.montreuxjazzshop.com\\\/fr\\\/#website\"},\"primaryImageOfPage\":{\"@id\":\"https:\\\/\\\/www.montreuxjazzshop.com\\\/fr\\\/boutique\\\/highlights\\\/t-shirt-crop-music-lover-2\\\/#primaryimage\"},\"image\":{\"@id\":\"https:\\\/\\\/www.montreuxjazzshop.com\\\/fr\\\/boutique\\\/highlights\\\/t-shirt-crop-music-lover-2\\\/#primaryimage\"},\"thumbnailUrl\":\"https:\\\/\\\/www.montreuxjazzshop.com\\\/wp-content\\\/uploads\\\/2025\\\/09\\\/MJF25-Shooting-Lifestyle-Polo-3-web.jpg\",\"datePublished\":\"2025-11-30T07:00:45+00:00\",\"dateModified\":\"2026-03-09T14:32:16+00:00\",\"description\":\"Adoptez un style chic avec le Polo Shirt pima en coton Pima. Con\u00e7u pour le confort et la durabilit\u00e9, il est parfait pour toutes occasions!\",\"breadcrumb\":{\"@id\":\"https:\\\/\\\/www.montreuxjazzshop.com\\\/fr\\\/boutique\\\/highlights\\\/t-shirt-crop-music-lover-2\\\/#breadcrumb\"},\"inLanguage\":\"fr-FR\",\"potentialAction\":[{\"@type\":\"ReadAction\",\"target\":[\"https:\\\/\\\/www.montreuxjazzshop.com\\\/fr\\\/boutique\\\/highlights\\\/t-shirt-crop-music-lover-2\\\/\"]}]},{\"@type\":\"ImageObject\",\"inLanguage\":\"fr-FR\",\"@id\":\"https:\\\/\\\/www.montreuxjazzshop.com\\\/fr\\\/boutique\\\/highlights\\\/t-shirt-crop-music-lover-2\\\/#primaryimage\",\"url\":\"https:\\\/\\\/www.montreuxjazzshop.com\\\/wp-content\\\/uploads\\\/2025\\\/09\\\/MJF25-Shooting-Lifestyle-Polo-3-web.jpg\",\"contentUrl\":\"https:\\\/\\\/www.montreuxjazzshop.com\\\/wp-content\\\/uploads\\\/2025\\\/09\\\/MJF25-Shooting-Lifestyle-Polo-3-web.jpg\",\"width\":1500,\"height\":1500,\"caption\":\"Un homme \u00e0 la barbe taill\u00e9e porte une chemise noire \u00e0 manches courtes et un pantalon blanc. Il se tient devant un fond ray\u00e9 pastel avec des bandes verticales vertes, violettes, orange, p\u00eache et noires.\"},{\"@type\":\"BreadcrumbList\",\"@id\":\"https:\\\/\\\/www.montreuxjazzshop.com\\\/fr\\\/boutique\\\/highlights\\\/t-shirt-crop-music-lover-2\\\/#breadcrumb\",\"itemListElement\":[{\"@type\":\"ListItem\",\"position\":1,\"name\":\"Accueil\",\"item\":\"https:\\\/\\\/www.montreuxjazzshop.com\\\/fr\\\/\"},{\"@type\":\"ListItem\",\"position\":2,\"name\":\"Boutique\",\"item\":\"https:\\\/\\\/www.montreuxjazzshop.com\\\/fr\\\/boutique\\\/\"},{\"@type\":\"ListItem\",\"position\":3,\"name\":\"T-shirt Crop, Music Lover &#8211; Polo\"}]},{\"@type\":\"WebSite\",\"@id\":\"https:\\\/\\\/www.montreuxjazzshop.com\\\/fr\\\/#website\",\"url\":\"https:\\\/\\\/www.montreuxjazzshop.com\\\/fr\\\/\",\"name\":\"Montreux Jazz Shop\",\"description\":\"The Montreux Jazz Festival shop\",\"potentialAction\":[{\"@type\":\"SearchAction\",\"target\":{\"@type\":\"EntryPoint\",\"urlTemplate\":\"https:\\\/\\\/www.montreuxjazzshop.com\\\/fr\\\/?s={search_term_string}\"},\"query-input\":{\"@type\":\"PropertyValueSpecification\",\"valueRequired\":true,\"valueName\":\"search_term_string\"}}],\"inLanguage\":\"fr-FR\"}]}<\/script>\n<meta property=\"og:availability\" content=\"instock\" \/>\n<meta property=\"product:availability\" content=\"instock\" \/>\n<meta property=\"product:retailer_item_id\" content=\"2005000602025\" \/>\n<meta property=\"product:condition\" content=\"new\" \/>\n<!-- \/ Yoast SEO Premium plugin. -->","yoast_head_json":{"title":"T-shirt Crop, Music Lover - Polo - Montreux Jazz Festival Shop","description":"Adoptez un style chic avec le Polo Shirt pima en coton Pima. Con\u00e7u pour le confort et la durabilit\u00e9, il est parfait pour toutes occasions!","robots":{"index":"index","follow":"follow","max-snippet":"max-snippet:-1","max-image-preview":"max-image-preview:large","max-video-preview":"max-video-preview:-1"},"canonical":"https:\/\/www.montreuxjazzshop.com\/fr\/boutique\/highlights\/t-shirt-crop-music-lover-2\/","og_locale":"fr_FR","og_type":"article","og_title":"T-shirt Crop, Music Lover - Polo","og_description":"Adoptez un style chic avec le Polo Shirt pima en coton Pima. Con\u00e7u pour le confort et la durabilit\u00e9, il est parfait pour toutes occasions!","og_url":"https:\/\/www.montreuxjazzshop.com\/fr\/boutique\/highlights\/t-shirt-crop-music-lover-2\/","og_site_name":"Montreux Jazz Festival Shop","article_publisher":"https:\/\/www.facebook.com\/montreuxjazzfestival","article_modified_time":"2026-03-09T14:32:16+00:00","og_image":[{"width":1500,"height":1500,"url":"https:\/\/www.montreuxjazzshop.com\/wp-content\/uploads\/2025\/09\/MJF25-Shooting-Lifestyle-Polo-3-web.jpg","type":"image\/jpeg"}],"twitter_card":"summary_large_image","twitter_site":"@MontreuxJazz","schema":{"@context":"https:\/\/schema.org","@graph":[{"@type":"WebPage","@id":"https:\/\/www.montreuxjazzshop.com\/fr\/boutique\/highlights\/t-shirt-crop-music-lover-2\/","url":"https:\/\/www.montreuxjazzshop.com\/fr\/boutique\/highlights\/t-shirt-crop-music-lover-2\/","name":"T-shirt Crop, Music Lover - Polo - Montreux Jazz Festival Shop","isPartOf":{"@id":"https:\/\/www.montreuxjazzshop.com\/fr\/#website"},"primaryImageOfPage":{"@id":"https:\/\/www.montreuxjazzshop.com\/fr\/boutique\/highlights\/t-shirt-crop-music-lover-2\/#primaryimage"},"image":{"@id":"https:\/\/www.montreuxjazzshop.com\/fr\/boutique\/highlights\/t-shirt-crop-music-lover-2\/#primaryimage"},"thumbnailUrl":"https:\/\/www.montreuxjazzshop.com\/wp-content\/uploads\/2025\/09\/MJF25-Shooting-Lifestyle-Polo-3-web.jpg","datePublished":"2025-11-30T07:00:45+00:00","dateModified":"2026-03-09T14:32:16+00:00","description":"Adoptez un style chic avec le Polo Shirt pima en coton Pima. Con\u00e7u pour le confort et la durabilit\u00e9, il est parfait pour toutes occasions!","breadcrumb":{"@id":"https:\/\/www.montreuxjazzshop.com\/fr\/boutique\/highlights\/t-shirt-crop-music-lover-2\/#breadcrumb"},"inLanguage":"fr-FR","potentialAction":[{"@type":"ReadAction","target":["https:\/\/www.montreuxjazzshop.com\/fr\/boutique\/highlights\/t-shirt-crop-music-lover-2\/"]}]},{"@type":"ImageObject","inLanguage":"fr-FR","@id":"https:\/\/www.montreuxjazzshop.com\/fr\/boutique\/highlights\/t-shirt-crop-music-lover-2\/#primaryimage","url":"https:\/\/www.montreuxjazzshop.com\/wp-content\/uploads\/2025\/09\/MJF25-Shooting-Lifestyle-Polo-3-web.jpg","contentUrl":"https:\/\/www.montreuxjazzshop.com\/wp-content\/uploads\/2025\/09\/MJF25-Shooting-Lifestyle-Polo-3-web.jpg","width":1500,"height":1500,"caption":"Un homme \u00e0 la barbe taill\u00e9e porte une chemise noire \u00e0 manches courtes et un pantalon blanc. Il se tient devant un fond ray\u00e9 pastel avec des bandes verticales vertes, violettes, orange, p\u00eache et noires."},{"@type":"BreadcrumbList","@id":"https:\/\/www.montreuxjazzshop.com\/fr\/boutique\/highlights\/t-shirt-crop-music-lover-2\/#breadcrumb","itemListElement":[{"@type":"ListItem","position":1,"name":"Accueil","item":"https:\/\/www.montreuxjazzshop.com\/fr\/"},{"@type":"ListItem","position":2,"name":"Boutique","item":"https:\/\/www.montreuxjazzshop.com\/fr\/boutique\/"},{"@type":"ListItem","position":3,"name":"T-shirt Crop, Music Lover &#8211; Polo"}]},{"@type":"WebSite","@id":"https:\/\/www.montreuxjazzshop.com\/fr\/#website","url":"https:\/\/www.montreuxjazzshop.com\/fr\/","name":"Montreux Jazz Shop","description":"The Montreux Jazz Festival shop","potentialAction":[{"@type":"SearchAction","target":{"@type":"EntryPoint","urlTemplate":"https:\/\/www.montreuxjazzshop.com\/fr\/?s={search_term_string}"},"query-input":{"@type":"PropertyValueSpecification","valueRequired":true,"valueName":"search_term_string"}}],"inLanguage":"fr-FR"}]},"og_availability":"instock","product_availability":"instock","product_retailer_item_id":"2005000602025","product_condition":"new"},"_links":{"self":[{"href":"https:\/\/www.montreuxjazzshop.com\/fr\/wp-json\/wp\/v2\/product\/6086","targetHints":{"allow":["GET"]}}],"collection":[{"href":"https:\/\/www.montreuxjazzshop.com\/fr\/wp-json\/wp\/v2\/product"}],"about":[{"href":"https:\/\/www.montreuxjazzshop.com\/fr\/wp-json\/wp\/v2\/types\/product"}],"wp:featuredmedia":[{"embeddable":true,"href":"https:\/\/www.montreuxjazzshop.com\/fr\/wp-json\/wp\/v2\/media\/5090"}],"wp:attachment":[{"href":"https:\/\/www.montreuxjazzshop.com\/fr\/wp-json\/wp\/v2\/media?parent=6086"}],"wp:term":[{"taxonomy":"artist","embeddable":true,"href":"https:\/\/www.montreuxjazzshop.com\/fr\/wp-json\/wp\/v2\/artist?post=6086"},{"taxonomy":"artist-category","embeddable":true,"href":"https:\/\/www.montreuxjazzshop.com\/fr\/wp-json\/wp\/v2\/artist-category?post=6086"},{"taxonomy":"edition","embeddable":true,"href":"https:\/\/www.montreuxjazzshop.com\/fr\/wp-json\/wp\/v2\/edition?post=6086"},{"taxonomy":"product_brand","embeddable":true,"href":"https:\/\/www.montreuxjazzshop.com\/fr\/wp-json\/wp\/v2\/product_brand?post=6086"},{"taxonomy":"product_cat","embeddable":true,"href":"https:\/\/www.montreuxjazzshop.com\/fr\/wp-json\/wp\/v2\/product_cat?post=6086"},{"taxonomy":"product_tag","embeddable":true,"href":"https:\/\/www.montreuxjazzshop.com\/fr\/wp-json\/wp\/v2\/product_tag?post=6086"}],"curies":[{"name":"wp","href":"https:\/\/api.w.org\/{rel}","templated":true}]}}