{"id":6082,"date":"2025-09-12T10:02:19","date_gmt":"2025-09-12T08:02:19","guid":{"rendered":"https:\/\/www.montreuxjazzshop.com\/?post_type=product&#038;p=6082"},"modified":"2026-01-14T11:18:20","modified_gmt":"2026-01-14T10:18:20","slug":"feutrine-vinyle-lakwena","status":"publish","type":"product","link":"https:\/\/www.montreuxjazzshop.com\/fr\/boutique\/musique\/accessoires-musique\/feutrine-vinyle-lakwena\/","title":{"rendered":"Feutrine Vinyle Lakwena"},"content":{"rendered":"<ul>\n<li>Composition: Feutrine<\/li>\n<li>Dimension: diam\u00e8tre 30 cm (12\u2033)<\/li>\n<li>\u00c9paisseur: 2 mm<\/li>\n<li>Emballage: pochette vinyle<\/li>\n<\/ul>\n","protected":false},"excerpt":{"rendered":"<p>Ce couvre plateau pour audiophile fait partie de la gamme Lakwena. Une profusion de couleurs \u00e9tourdissante, des formes hypnotisantes et un message en lettres majuscules qui interpelle et intrigue: l\u2019\u0153uvre psych\u00e9d\u00e9lique de l\u2019artiste londonienne Lakwena capte imm\u00e9diatement le regard.<\/p>\n<p>La phrase \u00abALL YOU SEE IS GLORY\u00bb est tir\u00e9e des paroles de la chanson \u00abStars\u00bb, interpr\u00e9t\u00e9e par Nina Simone lors d\u2019une prestation d\u2019anthologie au Montreux Jazz Festival en 1976.<\/p>\n<p><a href=\"https:\/\/www.montreuxjazzshop.com\/fr\/portfolio-item\/lakwena\/\">En savoir plus sur l&rsquo;artiste<\/a><\/p>\n","protected":false},"featured_media":4967,"template":"","meta":{"_acf_changed":false},"artist":[],"artist-category":[],"edition":[161],"product_brand":[],"product_cat":[379,304,305],"product_tag":[],"class_list":{"0":"post-6082","1":"product","2":"type-product","3":"status-publish","4":"has-post-thumbnail","6":"edition-161","7":"product_cat-accessoires-musique","8":"product_cat-musique","9":"product_cat-vinyls-fr","11":"first","12":"outofstock","13":"taxable","14":"shipping-taxable","15":"purchasable","16":"product-type-simple"},"bundled_by":[],"bundle_stock_status":"outofstock","bundle_stock_quantity":-1,"bundle_virtual":false,"bundle_layout":"","bundle_add_to_cart_form_location":"","bundle_editable_in_cart":false,"bundle_sold_individually_context":"","bundle_item_grouping":"","bundle_min_size":"","bundle_max_size":"","bundle_price":[],"bundled_items":[],"bundle_sell_ids":[],"acf":[],"yoast_head":"<!-- This site is optimized with the Yoast SEO Premium plugin v26.4 (Yoast SEO v27.4) - https:\/\/yoast.com\/product\/yoast-seo-premium-wordpress\/ -->\n<title>Vinyle Lakwena pour Audiophiles - Montreux Jazz Festival Shop<\/title>\n<meta name=\"description\" content=\"Ajoutez du style \u00e0 vos s\u00e9ances d&#039;\u00e9coute gr\u00e2ce \u00e0 ce feutrine-vinyle-Lakwena. Son design captivant ne manquera pas d&#039;intriguer vos invit\u00e9s.\" \/>\n<meta name=\"robots\" content=\"index, follow, max-snippet:-1, max-image-preview:large, max-video-preview:-1\" \/>\n<link rel=\"canonical\" href=\"https:\/\/www.montreuxjazzshop.com\/fr\/boutique\/musique\/accessoires-musique\/feutrine-vinyle-lakwena\/\" \/>\n<meta property=\"og:locale\" content=\"fr_FR\" \/>\n<meta property=\"og:type\" content=\"article\" \/>\n<meta property=\"og:title\" content=\"Feutrine Vinyle Lakwena\" \/>\n<meta property=\"og:description\" content=\"Ajoutez du style \u00e0 vos s\u00e9ances d&#039;\u00e9coute gr\u00e2ce \u00e0 ce feutrine-vinyle-Lakwena. Son design captivant ne manquera pas d&#039;intriguer vos invit\u00e9s.\" \/>\n<meta property=\"og:url\" content=\"https:\/\/www.montreuxjazzshop.com\/fr\/boutique\/musique\/accessoires-musique\/feutrine-vinyle-lakwena\/\" \/>\n<meta property=\"og:site_name\" content=\"Montreux Jazz Festival Shop\" \/>\n<meta property=\"article:publisher\" content=\"https:\/\/www.facebook.com\/montreuxjazzfestival\" \/>\n<meta property=\"article:modified_time\" content=\"2026-01-14T10:18:20+00:00\" \/>\n<meta property=\"og:image\" content=\"https:\/\/www.montreuxjazzshop.com\/wp-content\/uploads\/2025\/09\/MJF25-Shooting-Lakwena-slipmat-3.jpg\" \/>\n\t<meta property=\"og:image:width\" content=\"1125\" \/>\n\t<meta property=\"og:image:height\" content=\"1125\" \/>\n\t<meta property=\"og:image:type\" content=\"image\/jpeg\" \/>\n<meta name=\"twitter:card\" content=\"summary_large_image\" \/>\n<meta name=\"twitter:site\" content=\"@MontreuxJazz\" \/>\n<script type=\"application\/ld+json\" class=\"yoast-schema-graph\">{\"@context\":\"https:\\\/\\\/schema.org\",\"@graph\":[{\"@type\":\"WebPage\",\"@id\":\"https:\\\/\\\/www.montreuxjazzshop.com\\\/fr\\\/boutique\\\/musique\\\/accessoires-musique\\\/feutrine-vinyle-lakwena\\\/\",\"url\":\"https:\\\/\\\/www.montreuxjazzshop.com\\\/fr\\\/boutique\\\/musique\\\/accessoires-musique\\\/feutrine-vinyle-lakwena\\\/\",\"name\":\"Vinyle Lakwena pour Audiophiles - Montreux Jazz Festival Shop\",\"isPartOf\":{\"@id\":\"https:\\\/\\\/www.montreuxjazzshop.com\\\/fr\\\/#website\"},\"primaryImageOfPage\":{\"@id\":\"https:\\\/\\\/www.montreuxjazzshop.com\\\/fr\\\/boutique\\\/musique\\\/accessoires-musique\\\/feutrine-vinyle-lakwena\\\/#primaryimage\"},\"image\":{\"@id\":\"https:\\\/\\\/www.montreuxjazzshop.com\\\/fr\\\/boutique\\\/musique\\\/accessoires-musique\\\/feutrine-vinyle-lakwena\\\/#primaryimage\"},\"thumbnailUrl\":\"https:\\\/\\\/www.montreuxjazzshop.com\\\/wp-content\\\/uploads\\\/2025\\\/09\\\/MJF25-Shooting-Lakwena-slipmat-3.jpg\",\"datePublished\":\"2025-09-12T08:02:19+00:00\",\"dateModified\":\"2026-01-14T10:18:20+00:00\",\"description\":\"Ajoutez du style \u00e0 vos s\u00e9ances d'\u00e9coute gr\u00e2ce \u00e0 ce feutrine-vinyle-Lakwena. Son design captivant ne manquera pas d'intriguer vos invit\u00e9s.\",\"breadcrumb\":{\"@id\":\"https:\\\/\\\/www.montreuxjazzshop.com\\\/fr\\\/boutique\\\/musique\\\/accessoires-musique\\\/feutrine-vinyle-lakwena\\\/#breadcrumb\"},\"inLanguage\":\"fr-FR\",\"potentialAction\":[{\"@type\":\"ReadAction\",\"target\":[\"https:\\\/\\\/www.montreuxjazzshop.com\\\/fr\\\/boutique\\\/musique\\\/accessoires-musique\\\/feutrine-vinyle-lakwena\\\/\"]}]},{\"@type\":\"ImageObject\",\"inLanguage\":\"fr-FR\",\"@id\":\"https:\\\/\\\/www.montreuxjazzshop.com\\\/fr\\\/boutique\\\/musique\\\/accessoires-musique\\\/feutrine-vinyle-lakwena\\\/#primaryimage\",\"url\":\"https:\\\/\\\/www.montreuxjazzshop.com\\\/wp-content\\\/uploads\\\/2025\\\/09\\\/MJF25-Shooting-Lakwena-slipmat-3.jpg\",\"contentUrl\":\"https:\\\/\\\/www.montreuxjazzshop.com\\\/wp-content\\\/uploads\\\/2025\\\/09\\\/MJF25-Shooting-Lakwena-slipmat-3.jpg\",\"width\":1125,\"height\":1125,\"caption\":\"Une platine blanche avec un plateau color\u00e9 \u00e0 motifs g\u00e9om\u00e9triques portant l'inscription MONTREUX JAZZ FESTIVAL GOOD VIBES, sur un fond vibrant et abstrait.\"},{\"@type\":\"BreadcrumbList\",\"@id\":\"https:\\\/\\\/www.montreuxjazzshop.com\\\/fr\\\/boutique\\\/musique\\\/accessoires-musique\\\/feutrine-vinyle-lakwena\\\/#breadcrumb\",\"itemListElement\":[{\"@type\":\"ListItem\",\"position\":1,\"name\":\"Accueil\",\"item\":\"https:\\\/\\\/www.montreuxjazzshop.com\\\/fr\\\/\"},{\"@type\":\"ListItem\",\"position\":2,\"name\":\"Boutique\",\"item\":\"https:\\\/\\\/www.montreuxjazzshop.com\\\/fr\\\/boutique\\\/\"},{\"@type\":\"ListItem\",\"position\":3,\"name\":\"Feutrine Vinyle Lakwena\"}]},{\"@type\":\"WebSite\",\"@id\":\"https:\\\/\\\/www.montreuxjazzshop.com\\\/fr\\\/#website\",\"url\":\"https:\\\/\\\/www.montreuxjazzshop.com\\\/fr\\\/\",\"name\":\"Montreux Jazz Shop\",\"description\":\"The Montreux Jazz Festival shop\",\"potentialAction\":[{\"@type\":\"SearchAction\",\"target\":{\"@type\":\"EntryPoint\",\"urlTemplate\":\"https:\\\/\\\/www.montreuxjazzshop.com\\\/fr\\\/?s={search_term_string}\"},\"query-input\":{\"@type\":\"PropertyValueSpecification\",\"valueRequired\":true,\"valueName\":\"search_term_string\"}}],\"inLanguage\":\"fr-FR\"}]}<\/script>\n<meta property=\"product:price:amount\" content=\"20.00\" \/>\n<meta property=\"product:price:currency\" content=\"CHF\" \/>\n<meta property=\"og:availability\" content=\"out of stock\" \/>\n<meta property=\"product:availability\" content=\"out of stock\" \/>\n<meta property=\"product:retailer_item_id\" content=\"3100600922025\" \/>\n<meta property=\"product:condition\" content=\"new\" \/>\n<!-- \/ Yoast SEO Premium plugin. -->","yoast_head_json":{"title":"Vinyle Lakwena pour Audiophiles - Montreux Jazz Festival Shop","description":"Ajoutez du style \u00e0 vos s\u00e9ances d'\u00e9coute gr\u00e2ce \u00e0 ce feutrine-vinyle-Lakwena. Son design captivant ne manquera pas d'intriguer vos invit\u00e9s.","robots":{"index":"index","follow":"follow","max-snippet":"max-snippet:-1","max-image-preview":"max-image-preview:large","max-video-preview":"max-video-preview:-1"},"canonical":"https:\/\/www.montreuxjazzshop.com\/fr\/boutique\/musique\/accessoires-musique\/feutrine-vinyle-lakwena\/","og_locale":"fr_FR","og_type":"article","og_title":"Feutrine Vinyle Lakwena","og_description":"Ajoutez du style \u00e0 vos s\u00e9ances d'\u00e9coute gr\u00e2ce \u00e0 ce feutrine-vinyle-Lakwena. Son design captivant ne manquera pas d'intriguer vos invit\u00e9s.","og_url":"https:\/\/www.montreuxjazzshop.com\/fr\/boutique\/musique\/accessoires-musique\/feutrine-vinyle-lakwena\/","og_site_name":"Montreux Jazz Festival Shop","article_publisher":"https:\/\/www.facebook.com\/montreuxjazzfestival","article_modified_time":"2026-01-14T10:18:20+00:00","og_image":[{"width":1125,"height":1125,"url":"https:\/\/www.montreuxjazzshop.com\/wp-content\/uploads\/2025\/09\/MJF25-Shooting-Lakwena-slipmat-3.jpg","type":"image\/jpeg"}],"twitter_card":"summary_large_image","twitter_site":"@MontreuxJazz","schema":{"@context":"https:\/\/schema.org","@graph":[{"@type":"WebPage","@id":"https:\/\/www.montreuxjazzshop.com\/fr\/boutique\/musique\/accessoires-musique\/feutrine-vinyle-lakwena\/","url":"https:\/\/www.montreuxjazzshop.com\/fr\/boutique\/musique\/accessoires-musique\/feutrine-vinyle-lakwena\/","name":"Vinyle Lakwena pour Audiophiles - Montreux Jazz Festival Shop","isPartOf":{"@id":"https:\/\/www.montreuxjazzshop.com\/fr\/#website"},"primaryImageOfPage":{"@id":"https:\/\/www.montreuxjazzshop.com\/fr\/boutique\/musique\/accessoires-musique\/feutrine-vinyle-lakwena\/#primaryimage"},"image":{"@id":"https:\/\/www.montreuxjazzshop.com\/fr\/boutique\/musique\/accessoires-musique\/feutrine-vinyle-lakwena\/#primaryimage"},"thumbnailUrl":"https:\/\/www.montreuxjazzshop.com\/wp-content\/uploads\/2025\/09\/MJF25-Shooting-Lakwena-slipmat-3.jpg","datePublished":"2025-09-12T08:02:19+00:00","dateModified":"2026-01-14T10:18:20+00:00","description":"Ajoutez du style \u00e0 vos s\u00e9ances d'\u00e9coute gr\u00e2ce \u00e0 ce feutrine-vinyle-Lakwena. Son design captivant ne manquera pas d'intriguer vos invit\u00e9s.","breadcrumb":{"@id":"https:\/\/www.montreuxjazzshop.com\/fr\/boutique\/musique\/accessoires-musique\/feutrine-vinyle-lakwena\/#breadcrumb"},"inLanguage":"fr-FR","potentialAction":[{"@type":"ReadAction","target":["https:\/\/www.montreuxjazzshop.com\/fr\/boutique\/musique\/accessoires-musique\/feutrine-vinyle-lakwena\/"]}]},{"@type":"ImageObject","inLanguage":"fr-FR","@id":"https:\/\/www.montreuxjazzshop.com\/fr\/boutique\/musique\/accessoires-musique\/feutrine-vinyle-lakwena\/#primaryimage","url":"https:\/\/www.montreuxjazzshop.com\/wp-content\/uploads\/2025\/09\/MJF25-Shooting-Lakwena-slipmat-3.jpg","contentUrl":"https:\/\/www.montreuxjazzshop.com\/wp-content\/uploads\/2025\/09\/MJF25-Shooting-Lakwena-slipmat-3.jpg","width":1125,"height":1125,"caption":"Une platine blanche avec un plateau color\u00e9 \u00e0 motifs g\u00e9om\u00e9triques portant l'inscription MONTREUX JAZZ FESTIVAL GOOD VIBES, sur un fond vibrant et abstrait."},{"@type":"BreadcrumbList","@id":"https:\/\/www.montreuxjazzshop.com\/fr\/boutique\/musique\/accessoires-musique\/feutrine-vinyle-lakwena\/#breadcrumb","itemListElement":[{"@type":"ListItem","position":1,"name":"Accueil","item":"https:\/\/www.montreuxjazzshop.com\/fr\/"},{"@type":"ListItem","position":2,"name":"Boutique","item":"https:\/\/www.montreuxjazzshop.com\/fr\/boutique\/"},{"@type":"ListItem","position":3,"name":"Feutrine Vinyle Lakwena"}]},{"@type":"WebSite","@id":"https:\/\/www.montreuxjazzshop.com\/fr\/#website","url":"https:\/\/www.montreuxjazzshop.com\/fr\/","name":"Montreux Jazz Shop","description":"The Montreux Jazz Festival shop","potentialAction":[{"@type":"SearchAction","target":{"@type":"EntryPoint","urlTemplate":"https:\/\/www.montreuxjazzshop.com\/fr\/?s={search_term_string}"},"query-input":{"@type":"PropertyValueSpecification","valueRequired":true,"valueName":"search_term_string"}}],"inLanguage":"fr-FR"}]},"product_price_amount":"20.00","product_price_currency":"CHF","og_availability":"out of stock","product_availability":"out of stock","product_retailer_item_id":"3100600922025","product_condition":"new"},"_links":{"self":[{"href":"https:\/\/www.montreuxjazzshop.com\/fr\/wp-json\/wp\/v2\/product\/6082","targetHints":{"allow":["GET"]}}],"collection":[{"href":"https:\/\/www.montreuxjazzshop.com\/fr\/wp-json\/wp\/v2\/product"}],"about":[{"href":"https:\/\/www.montreuxjazzshop.com\/fr\/wp-json\/wp\/v2\/types\/product"}],"wp:featuredmedia":[{"embeddable":true,"href":"https:\/\/www.montreuxjazzshop.com\/fr\/wp-json\/wp\/v2\/media\/4967"}],"wp:attachment":[{"href":"https:\/\/www.montreuxjazzshop.com\/fr\/wp-json\/wp\/v2\/media?parent=6082"}],"wp:term":[{"taxonomy":"artist","embeddable":true,"href":"https:\/\/www.montreuxjazzshop.com\/fr\/wp-json\/wp\/v2\/artist?post=6082"},{"taxonomy":"artist-category","embeddable":true,"href":"https:\/\/www.montreuxjazzshop.com\/fr\/wp-json\/wp\/v2\/artist-category?post=6082"},{"taxonomy":"edition","embeddable":true,"href":"https:\/\/www.montreuxjazzshop.com\/fr\/wp-json\/wp\/v2\/edition?post=6082"},{"taxonomy":"product_brand","embeddable":true,"href":"https:\/\/www.montreuxjazzshop.com\/fr\/wp-json\/wp\/v2\/product_brand?post=6082"},{"taxonomy":"product_cat","embeddable":true,"href":"https:\/\/www.montreuxjazzshop.com\/fr\/wp-json\/wp\/v2\/product_cat?post=6082"},{"taxonomy":"product_tag","embeddable":true,"href":"https:\/\/www.montreuxjazzshop.com\/fr\/wp-json\/wp\/v2\/product_tag?post=6082"}],"curies":[{"name":"wp","href":"https:\/\/api.w.org\/{rel}","templated":true}]}}