{"id":5410,"date":"2025-09-11T15:31:16","date_gmt":"2025-09-11T13:31:16","guid":{"rendered":"https:\/\/www.montreuxjazzshop.com\/?post_type=product&#038;p=5410"},"modified":"2026-03-10T11:17:36","modified_gmt":"2026-03-10T10:17:36","slug":"david-bowie-6-i-cant-give-everything-away-2002-2016-coffret","status":"publish","type":"product","link":"https:\/\/www.montreuxjazzshop.com\/fr\/boutique\/music\/cd-dvd\/david-bowie-6-i-cant-give-everything-away-2002-2016-coffret\/","title":{"rendered":"David Bowie 6: I Can\u2019t Give Everything Away (2002 \u2013 2016) Coffret"},"content":{"rendered":"<p>D\u00e9tails du coffret<\/p>\n<ul>\n<li>Livret reli\u00e9 128 pages<\/li>\n<li>Heathen (2002) (1LP\/1CD) *remastered<\/li>\n<li>Montreux Jazz Festival (2002) (4LP\/2CD) *previously unreleased<\/li>\n<li>Reality (2003) (1LP\/1CD) *remastered<\/li>\n<li>A Reality Tour (Live) (3LP\/2CD) (2010) *limited vinyl release originally, remastered<\/li>\n<li>The Next Day (2013) (2LP\/1CD) *remastered<\/li>\n<li>The Next Day Extra EP (2013) (1LP\/1CD) *remastered<\/li>\n<li>Blackstar (2016) (1LP\/1CD)<\/li>\n<li>No Plan EP (2017) (1LP\/1CD)<\/li>\n<li>Re:Call 6 (4LP\/3CD)<\/li>\n<\/ul>\n","protected":false},"excerpt":{"rendered":"<h3>Inclus livret reli\u00e9 128 pages, \u00e9dition remast\u00e9ris\u00e9e<\/h3>\n<p>Parlophone Records pr\u00e9sente 6. I CAN\u2019T GIVE EVERYTHING AWAY (2002-2016), le sixi\u00e8me volume de la s\u00e9rie de coffrets retra\u00e7ant la carri\u00e8re de David Bowie depuis 1969.<\/p>\n<p>MONTREUX JAZZ FESTIVAL et RE:CALL 6 font partie du contenu exclusif de ces coffrets. Le premier a \u00e9t\u00e9 enregistr\u00e9 le 18 juillet July 2002 au Montreux Jazz Festival. Ses 31 titres comprennent une performance int\u00e9grale (\u00e0 l\u2019exception d\u2019un titre) de LOW, un des albums les plus c\u00e9l\u00e9br\u00e9s de David Bowie. Disponible sur 3-CDs et 4-LPs, RE:CALL 6 contient 41 titres hors-albums \/ versions alternatives \/ faces-B et chansons de bandes originales, dont certains ne sont jamais parus au format CD ou vinyle.<\/p>\n","protected":false},"featured_media":5427,"template":"","meta":{"_acf_changed":false},"artist":[],"artist-category":[],"edition":[162],"product_brand":[],"product_cat":[324,315,316],"product_tag":[],"class_list":{"0":"post-5410","1":"product","2":"type-product","3":"status-publish","4":"has-post-thumbnail","6":"edition-162","7":"product_cat-cd-dvd","8":"product_cat-music","9":"product_cat-vinyls","10":"product_shipping_class-lx-platine","12":"first","13":"outofstock","14":"sold-individually","15":"taxable","16":"shipping-taxable","17":"purchasable","18":"product-type-simple"},"bundled_by":[],"bundle_stock_status":"outofstock","bundle_stock_quantity":0,"bundle_virtual":false,"bundle_layout":"","bundle_add_to_cart_form_location":"","bundle_editable_in_cart":false,"bundle_sold_individually_context":"","bundle_item_grouping":"","bundle_min_size":"","bundle_max_size":"","bundle_price":[],"bundled_items":[],"bundle_sell_ids":[],"acf":[],"yoast_head":"<!-- This site is optimized with the Yoast SEO Premium plugin v26.4 (Yoast SEO v27.4) - https:\/\/yoast.com\/product\/yoast-seo-premium-wordpress\/ -->\n<title>David Bowie 6: I Can\u2019t Give Everything Away (2002 \u2013 2016) Coffret - Montreux Jazz Festival Shop<\/title>\n<meta name=\"description\" content=\"MONTREUX JAZZ FESTIVAL et RE:CALL 6 contenu exclusif de ces coffrets. Heathen (2002) Montreux Jazz Festival (2002) previously unreleased Reality (2003) A Reality Tour (Live)(2010) limited vinyl release originally The Next Day (2013) (2LP\/1CD) The Next Day Extra EP (2013) Blackstar (2016) No Plan EP (2017) Re:Call 6 (4LP\/3CD)\" \/>\n<meta name=\"robots\" content=\"index, follow, max-snippet:-1, max-image-preview:large, max-video-preview:-1\" \/>\n<link rel=\"canonical\" href=\"https:\/\/www.montreuxjazzshop.com\/fr\/boutique\/music\/cd-dvd\/david-bowie-6-i-cant-give-everything-away-2002-2016-coffret\/\" \/>\n<meta property=\"og:locale\" content=\"fr_FR\" \/>\n<meta property=\"og:type\" content=\"article\" \/>\n<meta property=\"og:title\" content=\"David Bowie 6: I Can\u2019t Give Everything Away (2002 \u2013 2016) Coffret\" \/>\n<meta property=\"og:description\" content=\"MONTREUX JAZZ FESTIVAL et RE:CALL 6 contenu exclusif de ces coffrets. Heathen (2002) Montreux Jazz Festival (2002) previously unreleased Reality (2003) A Reality Tour (Live)(2010) limited vinyl release originally The Next Day (2013) (2LP\/1CD) The Next Day Extra EP (2013) Blackstar (2016) No Plan EP (2017) Re:Call 6 (4LP\/3CD)\" \/>\n<meta property=\"og:url\" content=\"https:\/\/www.montreuxjazzshop.com\/fr\/boutique\/music\/cd-dvd\/david-bowie-6-i-cant-give-everything-away-2002-2016-coffret\/\" \/>\n<meta property=\"og:site_name\" content=\"Montreux Jazz Festival Shop\" \/>\n<meta property=\"article:publisher\" content=\"https:\/\/www.facebook.com\/montreuxjazzfestival\" \/>\n<meta property=\"article:modified_time\" content=\"2026-03-10T10:17:36+00:00\" \/>\n<meta property=\"og:image\" content=\"https:\/\/www.montreuxjazzshop.com\/wp-content\/uploads\/2025\/09\/David-Bowie-Coffret-LP.jpg\" \/>\n\t<meta property=\"og:image:width\" content=\"2000\" \/>\n\t<meta property=\"og:image:height\" content=\"2000\" \/>\n\t<meta property=\"og:image:type\" content=\"image\/jpeg\" \/>\n<meta name=\"twitter:card\" content=\"summary_large_image\" \/>\n<meta name=\"twitter:site\" content=\"@MontreuxJazz\" \/>\n<script type=\"application\/ld+json\" class=\"yoast-schema-graph\">{\"@context\":\"https:\\\/\\\/schema.org\",\"@graph\":[{\"@type\":\"WebPage\",\"@id\":\"https:\\\/\\\/www.montreuxjazzshop.com\\\/fr\\\/boutique\\\/music\\\/cd-dvd\\\/david-bowie-6-i-cant-give-everything-away-2002-2016-coffret\\\/\",\"url\":\"https:\\\/\\\/www.montreuxjazzshop.com\\\/fr\\\/boutique\\\/music\\\/cd-dvd\\\/david-bowie-6-i-cant-give-everything-away-2002-2016-coffret\\\/\",\"name\":\"David Bowie 6: I Can\u2019t Give Everything Away (2002 \u2013 2016) Coffret - Montreux Jazz Festival Shop\",\"isPartOf\":{\"@id\":\"https:\\\/\\\/www.montreuxjazzshop.com\\\/fr\\\/#website\"},\"primaryImageOfPage\":{\"@id\":\"https:\\\/\\\/www.montreuxjazzshop.com\\\/fr\\\/boutique\\\/music\\\/cd-dvd\\\/david-bowie-6-i-cant-give-everything-away-2002-2016-coffret\\\/#primaryimage\"},\"image\":{\"@id\":\"https:\\\/\\\/www.montreuxjazzshop.com\\\/fr\\\/boutique\\\/music\\\/cd-dvd\\\/david-bowie-6-i-cant-give-everything-away-2002-2016-coffret\\\/#primaryimage\"},\"thumbnailUrl\":\"https:\\\/\\\/www.montreuxjazzshop.com\\\/wp-content\\\/uploads\\\/2025\\\/09\\\/David-Bowie-Coffret-LP.jpg\",\"datePublished\":\"2025-09-11T13:31:16+00:00\",\"dateModified\":\"2026-03-10T10:17:36+00:00\",\"description\":\"MONTREUX JAZZ FESTIVAL et RE:CALL 6 contenu exclusif de ces coffrets. Heathen (2002) Montreux Jazz Festival (2002) previously unreleased Reality (2003) A Reality Tour (Live)(2010) limited vinyl release originally The Next Day (2013) (2LP\\\/1CD) The Next Day Extra EP (2013) Blackstar (2016) No Plan EP (2017) Re:Call 6 (4LP\\\/3CD)\",\"breadcrumb\":{\"@id\":\"https:\\\/\\\/www.montreuxjazzshop.com\\\/fr\\\/boutique\\\/music\\\/cd-dvd\\\/david-bowie-6-i-cant-give-everything-away-2002-2016-coffret\\\/#breadcrumb\"},\"inLanguage\":\"fr-FR\",\"potentialAction\":[{\"@type\":\"ReadAction\",\"target\":[\"https:\\\/\\\/www.montreuxjazzshop.com\\\/fr\\\/boutique\\\/music\\\/cd-dvd\\\/david-bowie-6-i-cant-give-everything-away-2002-2016-coffret\\\/\"]}]},{\"@type\":\"ImageObject\",\"inLanguage\":\"fr-FR\",\"@id\":\"https:\\\/\\\/www.montreuxjazzshop.com\\\/fr\\\/boutique\\\/music\\\/cd-dvd\\\/david-bowie-6-i-cant-give-everything-away-2002-2016-coffret\\\/#primaryimage\",\"url\":\"https:\\\/\\\/www.montreuxjazzshop.com\\\/wp-content\\\/uploads\\\/2025\\\/09\\\/David-Bowie-Coffret-LP.jpg\",\"contentUrl\":\"https:\\\/\\\/www.montreuxjazzshop.com\\\/wp-content\\\/uploads\\\/2025\\\/09\\\/David-Bowie-Coffret-LP.jpg\",\"width\":2000,\"height\":2000,\"caption\":\"Une s\u00e9lection de disques vinyles et de pochettes d'albums de David Bowie, dont deux coffrets David Bowie 6 : I Can't Give Everything Away (2002-2016) Coffret avec le portrait de Bowie, le tout pr\u00e9sent\u00e9 avec art sur un fond blanc.\"},{\"@type\":\"BreadcrumbList\",\"@id\":\"https:\\\/\\\/www.montreuxjazzshop.com\\\/fr\\\/boutique\\\/music\\\/cd-dvd\\\/david-bowie-6-i-cant-give-everything-away-2002-2016-coffret\\\/#breadcrumb\",\"itemListElement\":[{\"@type\":\"ListItem\",\"position\":1,\"name\":\"Accueil\",\"item\":\"https:\\\/\\\/www.montreuxjazzshop.com\\\/fr\\\/\"},{\"@type\":\"ListItem\",\"position\":2,\"name\":\"Boutique\",\"item\":\"https:\\\/\\\/www.montreuxjazzshop.com\\\/fr\\\/boutique\\\/\"},{\"@type\":\"ListItem\",\"position\":3,\"name\":\"David Bowie 6: I Can\u2019t Give Everything Away (2002 \u2013 2016) Coffret\"}]},{\"@type\":\"WebSite\",\"@id\":\"https:\\\/\\\/www.montreuxjazzshop.com\\\/fr\\\/#website\",\"url\":\"https:\\\/\\\/www.montreuxjazzshop.com\\\/fr\\\/\",\"name\":\"Montreux Jazz Shop\",\"description\":\"The Montreux Jazz Festival shop\",\"potentialAction\":[{\"@type\":\"SearchAction\",\"target\":{\"@type\":\"EntryPoint\",\"urlTemplate\":\"https:\\\/\\\/www.montreuxjazzshop.com\\\/fr\\\/?s={search_term_string}\"},\"query-input\":{\"@type\":\"PropertyValueSpecification\",\"valueRequired\":true,\"valueName\":\"search_term_string\"}}],\"inLanguage\":\"fr-FR\"}]}<\/script>\n<meta property=\"product:price:amount\" content=\"460.00\" \/>\n<meta property=\"product:price:currency\" content=\"CHF\" \/>\n<meta property=\"og:availability\" content=\"out of stock\" \/>\n<meta property=\"product:availability\" content=\"out of stock\" \/>\n<meta property=\"product:retailer_item_id\" content=\"5021732395832\" \/>\n<meta property=\"product:condition\" content=\"new\" \/>\n<!-- \/ Yoast SEO Premium plugin. -->","yoast_head_json":{"title":"David Bowie 6: I Can\u2019t Give Everything Away (2002 \u2013 2016) Coffret - Montreux Jazz Festival Shop","description":"MONTREUX JAZZ FESTIVAL et RE:CALL 6 contenu exclusif de ces coffrets. Heathen (2002) Montreux Jazz Festival (2002) previously unreleased Reality (2003) A Reality Tour (Live)(2010) limited vinyl release originally The Next Day (2013) (2LP\/1CD) The Next Day Extra EP (2013) Blackstar (2016) No Plan EP (2017) Re:Call 6 (4LP\/3CD)","robots":{"index":"index","follow":"follow","max-snippet":"max-snippet:-1","max-image-preview":"max-image-preview:large","max-video-preview":"max-video-preview:-1"},"canonical":"https:\/\/www.montreuxjazzshop.com\/fr\/boutique\/music\/cd-dvd\/david-bowie-6-i-cant-give-everything-away-2002-2016-coffret\/","og_locale":"fr_FR","og_type":"article","og_title":"David Bowie 6: I Can\u2019t Give Everything Away (2002 \u2013 2016) Coffret","og_description":"MONTREUX JAZZ FESTIVAL et RE:CALL 6 contenu exclusif de ces coffrets. Heathen (2002) Montreux Jazz Festival (2002) previously unreleased Reality (2003) A Reality Tour (Live)(2010) limited vinyl release originally The Next Day (2013) (2LP\/1CD) The Next Day Extra EP (2013) Blackstar (2016) No Plan EP (2017) Re:Call 6 (4LP\/3CD)","og_url":"https:\/\/www.montreuxjazzshop.com\/fr\/boutique\/music\/cd-dvd\/david-bowie-6-i-cant-give-everything-away-2002-2016-coffret\/","og_site_name":"Montreux Jazz Festival Shop","article_publisher":"https:\/\/www.facebook.com\/montreuxjazzfestival","article_modified_time":"2026-03-10T10:17:36+00:00","og_image":[{"width":2000,"height":2000,"url":"https:\/\/www.montreuxjazzshop.com\/wp-content\/uploads\/2025\/09\/David-Bowie-Coffret-LP.jpg","type":"image\/jpeg"}],"twitter_card":"summary_large_image","twitter_site":"@MontreuxJazz","schema":{"@context":"https:\/\/schema.org","@graph":[{"@type":"WebPage","@id":"https:\/\/www.montreuxjazzshop.com\/fr\/boutique\/music\/cd-dvd\/david-bowie-6-i-cant-give-everything-away-2002-2016-coffret\/","url":"https:\/\/www.montreuxjazzshop.com\/fr\/boutique\/music\/cd-dvd\/david-bowie-6-i-cant-give-everything-away-2002-2016-coffret\/","name":"David Bowie 6: I Can\u2019t Give Everything Away (2002 \u2013 2016) Coffret - Montreux Jazz Festival Shop","isPartOf":{"@id":"https:\/\/www.montreuxjazzshop.com\/fr\/#website"},"primaryImageOfPage":{"@id":"https:\/\/www.montreuxjazzshop.com\/fr\/boutique\/music\/cd-dvd\/david-bowie-6-i-cant-give-everything-away-2002-2016-coffret\/#primaryimage"},"image":{"@id":"https:\/\/www.montreuxjazzshop.com\/fr\/boutique\/music\/cd-dvd\/david-bowie-6-i-cant-give-everything-away-2002-2016-coffret\/#primaryimage"},"thumbnailUrl":"https:\/\/www.montreuxjazzshop.com\/wp-content\/uploads\/2025\/09\/David-Bowie-Coffret-LP.jpg","datePublished":"2025-09-11T13:31:16+00:00","dateModified":"2026-03-10T10:17:36+00:00","description":"MONTREUX JAZZ FESTIVAL et RE:CALL 6 contenu exclusif de ces coffrets. Heathen (2002) Montreux Jazz Festival (2002) previously unreleased Reality (2003) A Reality Tour (Live)(2010) limited vinyl release originally The Next Day (2013) (2LP\/1CD) The Next Day Extra EP (2013) Blackstar (2016) No Plan EP (2017) Re:Call 6 (4LP\/3CD)","breadcrumb":{"@id":"https:\/\/www.montreuxjazzshop.com\/fr\/boutique\/music\/cd-dvd\/david-bowie-6-i-cant-give-everything-away-2002-2016-coffret\/#breadcrumb"},"inLanguage":"fr-FR","potentialAction":[{"@type":"ReadAction","target":["https:\/\/www.montreuxjazzshop.com\/fr\/boutique\/music\/cd-dvd\/david-bowie-6-i-cant-give-everything-away-2002-2016-coffret\/"]}]},{"@type":"ImageObject","inLanguage":"fr-FR","@id":"https:\/\/www.montreuxjazzshop.com\/fr\/boutique\/music\/cd-dvd\/david-bowie-6-i-cant-give-everything-away-2002-2016-coffret\/#primaryimage","url":"https:\/\/www.montreuxjazzshop.com\/wp-content\/uploads\/2025\/09\/David-Bowie-Coffret-LP.jpg","contentUrl":"https:\/\/www.montreuxjazzshop.com\/wp-content\/uploads\/2025\/09\/David-Bowie-Coffret-LP.jpg","width":2000,"height":2000,"caption":"Une s\u00e9lection de disques vinyles et de pochettes d'albums de David Bowie, dont deux coffrets David Bowie 6 : I Can't Give Everything Away (2002-2016) Coffret avec le portrait de Bowie, le tout pr\u00e9sent\u00e9 avec art sur un fond blanc."},{"@type":"BreadcrumbList","@id":"https:\/\/www.montreuxjazzshop.com\/fr\/boutique\/music\/cd-dvd\/david-bowie-6-i-cant-give-everything-away-2002-2016-coffret\/#breadcrumb","itemListElement":[{"@type":"ListItem","position":1,"name":"Accueil","item":"https:\/\/www.montreuxjazzshop.com\/fr\/"},{"@type":"ListItem","position":2,"name":"Boutique","item":"https:\/\/www.montreuxjazzshop.com\/fr\/boutique\/"},{"@type":"ListItem","position":3,"name":"David Bowie 6: I Can\u2019t Give Everything Away (2002 \u2013 2016) Coffret"}]},{"@type":"WebSite","@id":"https:\/\/www.montreuxjazzshop.com\/fr\/#website","url":"https:\/\/www.montreuxjazzshop.com\/fr\/","name":"Montreux Jazz Shop","description":"The Montreux Jazz Festival shop","potentialAction":[{"@type":"SearchAction","target":{"@type":"EntryPoint","urlTemplate":"https:\/\/www.montreuxjazzshop.com\/fr\/?s={search_term_string}"},"query-input":{"@type":"PropertyValueSpecification","valueRequired":true,"valueName":"search_term_string"}}],"inLanguage":"fr-FR"}]},"product_price_amount":"460.00","product_price_currency":"CHF","og_availability":"out of stock","product_availability":"out of stock","product_retailer_item_id":"5021732395832","product_condition":"new"},"_links":{"self":[{"href":"https:\/\/www.montreuxjazzshop.com\/fr\/wp-json\/wp\/v2\/product\/5410","targetHints":{"allow":["GET"]}}],"collection":[{"href":"https:\/\/www.montreuxjazzshop.com\/fr\/wp-json\/wp\/v2\/product"}],"about":[{"href":"https:\/\/www.montreuxjazzshop.com\/fr\/wp-json\/wp\/v2\/types\/product"}],"wp:featuredmedia":[{"embeddable":true,"href":"https:\/\/www.montreuxjazzshop.com\/fr\/wp-json\/wp\/v2\/media\/5427"}],"wp:attachment":[{"href":"https:\/\/www.montreuxjazzshop.com\/fr\/wp-json\/wp\/v2\/media?parent=5410"}],"wp:term":[{"taxonomy":"artist","embeddable":true,"href":"https:\/\/www.montreuxjazzshop.com\/fr\/wp-json\/wp\/v2\/artist?post=5410"},{"taxonomy":"artist-category","embeddable":true,"href":"https:\/\/www.montreuxjazzshop.com\/fr\/wp-json\/wp\/v2\/artist-category?post=5410"},{"taxonomy":"edition","embeddable":true,"href":"https:\/\/www.montreuxjazzshop.com\/fr\/wp-json\/wp\/v2\/edition?post=5410"},{"taxonomy":"product_brand","embeddable":true,"href":"https:\/\/www.montreuxjazzshop.com\/fr\/wp-json\/wp\/v2\/product_brand?post=5410"},{"taxonomy":"product_cat","embeddable":true,"href":"https:\/\/www.montreuxjazzshop.com\/fr\/wp-json\/wp\/v2\/product_cat?post=5410"},{"taxonomy":"product_tag","embeddable":true,"href":"https:\/\/www.montreuxjazzshop.com\/fr\/wp-json\/wp\/v2\/product_tag?post=5410"}],"curies":[{"name":"wp","href":"https:\/\/api.w.org\/{rel}","templated":true}]}}