{"id":5319,"date":"2025-11-30T09:00:39","date_gmt":"2025-11-30T08:00:39","guid":{"rendered":"https:\/\/www.montreuxjazzshop.com\/?post_type=product&#038;p=5319"},"modified":"2026-01-14T11:24:34","modified_gmt":"2026-01-14T10:24:34","slug":"lunettes-fly-bruxelles-kaki","status":"publish","type":"product","link":"https:\/\/www.montreuxjazzshop.com\/fr\/boutique\/accessoires\/habitat\/lunettes-fly-bruxelles-kaki\/","title":{"rendered":"Lunettes Fly Bruxelles Kaki"},"content":{"rendered":"<ul>\n<li>Couleur: Kaki<\/li>\n<li>Mati\u00e8re: Polyamide<\/li>\n<li>Etui et tissu microfibre inclus dans chaque commande<\/li>\n<\/ul>\n","protected":false},"excerpt":{"rendered":"<p class=\"p1\"><span class=\"s1\">D\u00e9couvrez la l\u00e9g\u00e8ret\u00e9 des montures Acuitis cr\u00e9\u00e9es \u00e0 partir de Polym\u00e8re (Nylon) \u00e0 m\u00e9moire de forme et estampill\u00e9es Montreux Jazz Festival. Un mat\u00e9riau anallergique et r\u00e9sistant, m\u00eame pour les montures les plus fines. <\/span><\/p>\n<p class=\"p1\"><span class=\"s1\">100% biod\u00e9gradable. Polarisant.<\/span><\/p>\n","protected":false},"featured_media":5362,"template":"","meta":{"_acf_changed":false},"artist":[],"artist-category":[],"edition":[162],"product_brand":[],"product_cat":[325,340,345],"product_tag":[],"class_list":{"0":"post-5319","1":"product","2":"type-product","3":"status-publish","4":"has-post-thumbnail","6":"edition-162","7":"product_cat-accessoires","8":"product_cat-habitat","9":"product_cat-highlights","10":"product_shipping_class-petits-objets-et-dvd","12":"first","13":"instock","14":"taxable","15":"shipping-taxable","16":"purchasable","17":"product-type-simple"},"bundled_by":[],"bundle_stock_status":"instock","bundle_stock_quantity":2,"bundle_virtual":false,"bundle_layout":"","bundle_add_to_cart_form_location":"","bundle_editable_in_cart":false,"bundle_sold_individually_context":"","bundle_item_grouping":"","bundle_min_size":"","bundle_max_size":"","bundle_price":[],"bundled_items":[],"bundle_sell_ids":[],"acf":[],"yoast_head":"<!-- This site is optimized with the Yoast SEO Premium plugin v26.4 (Yoast SEO v27.4) - https:\/\/yoast.com\/product\/yoast-seo-premium-wordpress\/ -->\n<title>Lunettes Fly Bruxelles Kaki - Montreux Jazz Festival Shop<\/title>\n<meta name=\"description\" content=\"D\u00e9couvrez la l\u00e9g\u00e8ret\u00e9 des montures cr\u00e9\u00e9es \u00e0 partir de Polym\u00e8re \u00e0 m\u00e9moire de forme et estampill\u00e9es Montreux Jazz Festival. 100% biod\u00e9gradable. Acuitis.\" \/>\n<meta name=\"robots\" content=\"index, follow, max-snippet:-1, max-image-preview:large, max-video-preview:-1\" \/>\n<link rel=\"canonical\" href=\"https:\/\/www.montreuxjazzshop.com\/fr\/boutique\/accessoires\/habitat\/lunettes-fly-bruxelles-kaki\/\" \/>\n<meta property=\"og:locale\" content=\"fr_FR\" \/>\n<meta property=\"og:type\" content=\"article\" \/>\n<meta property=\"og:title\" content=\"Lunettes Fly Bruxelles Kaki\" \/>\n<meta property=\"og:description\" content=\"D\u00e9couvrez la l\u00e9g\u00e8ret\u00e9 des montures cr\u00e9\u00e9es \u00e0 partir de Polym\u00e8re \u00e0 m\u00e9moire de forme et estampill\u00e9es Montreux Jazz Festival. 100% biod\u00e9gradable. Acuitis.\" \/>\n<meta property=\"og:url\" content=\"https:\/\/www.montreuxjazzshop.com\/fr\/boutique\/accessoires\/habitat\/lunettes-fly-bruxelles-kaki\/\" \/>\n<meta property=\"og:site_name\" content=\"Montreux Jazz Festival Shop\" \/>\n<meta property=\"article:publisher\" content=\"https:\/\/www.facebook.com\/montreuxjazzfestival\" \/>\n<meta property=\"article:modified_time\" content=\"2026-01-14T10:24:34+00:00\" \/>\n<meta property=\"og:image\" content=\"https:\/\/www.montreuxjazzshop.com\/wp-content\/uploads\/2025\/09\/MJF25-Shooting-lunettes-Fly-Bruxelles-Kaki-2.jpg\" \/>\n\t<meta property=\"og:image:width\" content=\"1500\" \/>\n\t<meta property=\"og:image:height\" content=\"1500\" \/>\n\t<meta property=\"og:image:type\" content=\"image\/jpeg\" \/>\n<meta name=\"twitter:card\" content=\"summary_large_image\" \/>\n<meta name=\"twitter:site\" content=\"@MontreuxJazz\" \/>\n<script type=\"application\/ld+json\" class=\"yoast-schema-graph\">{\"@context\":\"https:\\\/\\\/schema.org\",\"@graph\":[{\"@type\":\"WebPage\",\"@id\":\"https:\\\/\\\/www.montreuxjazzshop.com\\\/fr\\\/boutique\\\/accessoires\\\/habitat\\\/lunettes-fly-bruxelles-kaki\\\/\",\"url\":\"https:\\\/\\\/www.montreuxjazzshop.com\\\/fr\\\/boutique\\\/accessoires\\\/habitat\\\/lunettes-fly-bruxelles-kaki\\\/\",\"name\":\"Lunettes Fly Bruxelles Kaki - Montreux Jazz Festival Shop\",\"isPartOf\":{\"@id\":\"https:\\\/\\\/www.montreuxjazzshop.com\\\/fr\\\/#website\"},\"primaryImageOfPage\":{\"@id\":\"https:\\\/\\\/www.montreuxjazzshop.com\\\/fr\\\/boutique\\\/accessoires\\\/habitat\\\/lunettes-fly-bruxelles-kaki\\\/#primaryimage\"},\"image\":{\"@id\":\"https:\\\/\\\/www.montreuxjazzshop.com\\\/fr\\\/boutique\\\/accessoires\\\/habitat\\\/lunettes-fly-bruxelles-kaki\\\/#primaryimage\"},\"thumbnailUrl\":\"https:\\\/\\\/www.montreuxjazzshop.com\\\/wp-content\\\/uploads\\\/2025\\\/09\\\/MJF25-Shooting-lunettes-Fly-Bruxelles-Kaki-2.jpg\",\"datePublished\":\"2025-11-30T08:00:39+00:00\",\"dateModified\":\"2026-01-14T10:24:34+00:00\",\"description\":\"D\u00e9couvrez la l\u00e9g\u00e8ret\u00e9 des montures cr\u00e9\u00e9es \u00e0 partir de Polym\u00e8re \u00e0 m\u00e9moire de forme et estampill\u00e9es Montreux Jazz Festival. 100% biod\u00e9gradable. Acuitis.\",\"breadcrumb\":{\"@id\":\"https:\\\/\\\/www.montreuxjazzshop.com\\\/fr\\\/boutique\\\/accessoires\\\/habitat\\\/lunettes-fly-bruxelles-kaki\\\/#breadcrumb\"},\"inLanguage\":\"fr-FR\",\"potentialAction\":[{\"@type\":\"ReadAction\",\"target\":[\"https:\\\/\\\/www.montreuxjazzshop.com\\\/fr\\\/boutique\\\/accessoires\\\/habitat\\\/lunettes-fly-bruxelles-kaki\\\/\"]}]},{\"@type\":\"ImageObject\",\"inLanguage\":\"fr-FR\",\"@id\":\"https:\\\/\\\/www.montreuxjazzshop.com\\\/fr\\\/boutique\\\/accessoires\\\/habitat\\\/lunettes-fly-bruxelles-kaki\\\/#primaryimage\",\"url\":\"https:\\\/\\\/www.montreuxjazzshop.com\\\/wp-content\\\/uploads\\\/2025\\\/09\\\/MJF25-Shooting-lunettes-Fly-Bruxelles-Kaki-2.jpg\",\"contentUrl\":\"https:\\\/\\\/www.montreuxjazzshop.com\\\/wp-content\\\/uploads\\\/2025\\\/09\\\/MJF25-Shooting-lunettes-Fly-Bruxelles-Kaki-2.jpg\",\"width\":1500,\"height\":1500,\"caption\":\"Les lunettes de soleil Lunettes Fly Bruxelles Kaki aux verres sombres sont pos\u00e9es sur des plates-formes cylindriques blanches devant des murs ray\u00e9s vert et jaune, dans une ambiance Montreux Jazz.\"},{\"@type\":\"BreadcrumbList\",\"@id\":\"https:\\\/\\\/www.montreuxjazzshop.com\\\/fr\\\/boutique\\\/accessoires\\\/habitat\\\/lunettes-fly-bruxelles-kaki\\\/#breadcrumb\",\"itemListElement\":[{\"@type\":\"ListItem\",\"position\":1,\"name\":\"Accueil\",\"item\":\"https:\\\/\\\/www.montreuxjazzshop.com\\\/fr\\\/\"},{\"@type\":\"ListItem\",\"position\":2,\"name\":\"Boutique\",\"item\":\"https:\\\/\\\/www.montreuxjazzshop.com\\\/fr\\\/boutique\\\/\"},{\"@type\":\"ListItem\",\"position\":3,\"name\":\"Lunettes Fly Bruxelles Kaki\"}]},{\"@type\":\"WebSite\",\"@id\":\"https:\\\/\\\/www.montreuxjazzshop.com\\\/fr\\\/#website\",\"url\":\"https:\\\/\\\/www.montreuxjazzshop.com\\\/fr\\\/\",\"name\":\"Montreux Jazz Shop\",\"description\":\"The Montreux Jazz Festival shop\",\"potentialAction\":[{\"@type\":\"SearchAction\",\"target\":{\"@type\":\"EntryPoint\",\"urlTemplate\":\"https:\\\/\\\/www.montreuxjazzshop.com\\\/fr\\\/?s={search_term_string}\"},\"query-input\":{\"@type\":\"PropertyValueSpecification\",\"valueRequired\":true,\"valueName\":\"search_term_string\"}}],\"inLanguage\":\"fr-FR\"}]}<\/script>\n<meta property=\"product:price:amount\" content=\"50.00\" \/>\n<meta property=\"product:price:currency\" content=\"CHF\" \/>\n<meta property=\"og:availability\" content=\"instock\" \/>\n<meta property=\"product:availability\" content=\"instock\" \/>\n<meta property=\"product:retailer_item_id\" content=\"3900100302025\" \/>\n<meta property=\"product:condition\" content=\"new\" \/>\n<!-- \/ Yoast SEO Premium plugin. -->","yoast_head_json":{"title":"Lunettes Fly Bruxelles Kaki - Montreux Jazz Festival Shop","description":"D\u00e9couvrez la l\u00e9g\u00e8ret\u00e9 des montures cr\u00e9\u00e9es \u00e0 partir de Polym\u00e8re \u00e0 m\u00e9moire de forme et estampill\u00e9es Montreux Jazz Festival. 100% biod\u00e9gradable. Acuitis.","robots":{"index":"index","follow":"follow","max-snippet":"max-snippet:-1","max-image-preview":"max-image-preview:large","max-video-preview":"max-video-preview:-1"},"canonical":"https:\/\/www.montreuxjazzshop.com\/fr\/boutique\/accessoires\/habitat\/lunettes-fly-bruxelles-kaki\/","og_locale":"fr_FR","og_type":"article","og_title":"Lunettes Fly Bruxelles Kaki","og_description":"D\u00e9couvrez la l\u00e9g\u00e8ret\u00e9 des montures cr\u00e9\u00e9es \u00e0 partir de Polym\u00e8re \u00e0 m\u00e9moire de forme et estampill\u00e9es Montreux Jazz Festival. 100% biod\u00e9gradable. Acuitis.","og_url":"https:\/\/www.montreuxjazzshop.com\/fr\/boutique\/accessoires\/habitat\/lunettes-fly-bruxelles-kaki\/","og_site_name":"Montreux Jazz Festival Shop","article_publisher":"https:\/\/www.facebook.com\/montreuxjazzfestival","article_modified_time":"2026-01-14T10:24:34+00:00","og_image":[{"width":1500,"height":1500,"url":"https:\/\/www.montreuxjazzshop.com\/wp-content\/uploads\/2025\/09\/MJF25-Shooting-lunettes-Fly-Bruxelles-Kaki-2.jpg","type":"image\/jpeg"}],"twitter_card":"summary_large_image","twitter_site":"@MontreuxJazz","schema":{"@context":"https:\/\/schema.org","@graph":[{"@type":"WebPage","@id":"https:\/\/www.montreuxjazzshop.com\/fr\/boutique\/accessoires\/habitat\/lunettes-fly-bruxelles-kaki\/","url":"https:\/\/www.montreuxjazzshop.com\/fr\/boutique\/accessoires\/habitat\/lunettes-fly-bruxelles-kaki\/","name":"Lunettes Fly Bruxelles Kaki - Montreux Jazz Festival Shop","isPartOf":{"@id":"https:\/\/www.montreuxjazzshop.com\/fr\/#website"},"primaryImageOfPage":{"@id":"https:\/\/www.montreuxjazzshop.com\/fr\/boutique\/accessoires\/habitat\/lunettes-fly-bruxelles-kaki\/#primaryimage"},"image":{"@id":"https:\/\/www.montreuxjazzshop.com\/fr\/boutique\/accessoires\/habitat\/lunettes-fly-bruxelles-kaki\/#primaryimage"},"thumbnailUrl":"https:\/\/www.montreuxjazzshop.com\/wp-content\/uploads\/2025\/09\/MJF25-Shooting-lunettes-Fly-Bruxelles-Kaki-2.jpg","datePublished":"2025-11-30T08:00:39+00:00","dateModified":"2026-01-14T10:24:34+00:00","description":"D\u00e9couvrez la l\u00e9g\u00e8ret\u00e9 des montures cr\u00e9\u00e9es \u00e0 partir de Polym\u00e8re \u00e0 m\u00e9moire de forme et estampill\u00e9es Montreux Jazz Festival. 100% biod\u00e9gradable. Acuitis.","breadcrumb":{"@id":"https:\/\/www.montreuxjazzshop.com\/fr\/boutique\/accessoires\/habitat\/lunettes-fly-bruxelles-kaki\/#breadcrumb"},"inLanguage":"fr-FR","potentialAction":[{"@type":"ReadAction","target":["https:\/\/www.montreuxjazzshop.com\/fr\/boutique\/accessoires\/habitat\/lunettes-fly-bruxelles-kaki\/"]}]},{"@type":"ImageObject","inLanguage":"fr-FR","@id":"https:\/\/www.montreuxjazzshop.com\/fr\/boutique\/accessoires\/habitat\/lunettes-fly-bruxelles-kaki\/#primaryimage","url":"https:\/\/www.montreuxjazzshop.com\/wp-content\/uploads\/2025\/09\/MJF25-Shooting-lunettes-Fly-Bruxelles-Kaki-2.jpg","contentUrl":"https:\/\/www.montreuxjazzshop.com\/wp-content\/uploads\/2025\/09\/MJF25-Shooting-lunettes-Fly-Bruxelles-Kaki-2.jpg","width":1500,"height":1500,"caption":"Les lunettes de soleil Lunettes Fly Bruxelles Kaki aux verres sombres sont pos\u00e9es sur des plates-formes cylindriques blanches devant des murs ray\u00e9s vert et jaune, dans une ambiance Montreux Jazz."},{"@type":"BreadcrumbList","@id":"https:\/\/www.montreuxjazzshop.com\/fr\/boutique\/accessoires\/habitat\/lunettes-fly-bruxelles-kaki\/#breadcrumb","itemListElement":[{"@type":"ListItem","position":1,"name":"Accueil","item":"https:\/\/www.montreuxjazzshop.com\/fr\/"},{"@type":"ListItem","position":2,"name":"Boutique","item":"https:\/\/www.montreuxjazzshop.com\/fr\/boutique\/"},{"@type":"ListItem","position":3,"name":"Lunettes Fly Bruxelles Kaki"}]},{"@type":"WebSite","@id":"https:\/\/www.montreuxjazzshop.com\/fr\/#website","url":"https:\/\/www.montreuxjazzshop.com\/fr\/","name":"Montreux Jazz Shop","description":"The Montreux Jazz Festival shop","potentialAction":[{"@type":"SearchAction","target":{"@type":"EntryPoint","urlTemplate":"https:\/\/www.montreuxjazzshop.com\/fr\/?s={search_term_string}"},"query-input":{"@type":"PropertyValueSpecification","valueRequired":true,"valueName":"search_term_string"}}],"inLanguage":"fr-FR"}]},"product_price_amount":"50.00","product_price_currency":"CHF","og_availability":"instock","product_availability":"instock","product_retailer_item_id":"3900100302025","product_condition":"new"},"_links":{"self":[{"href":"https:\/\/www.montreuxjazzshop.com\/fr\/wp-json\/wp\/v2\/product\/5319","targetHints":{"allow":["GET"]}}],"collection":[{"href":"https:\/\/www.montreuxjazzshop.com\/fr\/wp-json\/wp\/v2\/product"}],"about":[{"href":"https:\/\/www.montreuxjazzshop.com\/fr\/wp-json\/wp\/v2\/types\/product"}],"wp:featuredmedia":[{"embeddable":true,"href":"https:\/\/www.montreuxjazzshop.com\/fr\/wp-json\/wp\/v2\/media\/5362"}],"wp:attachment":[{"href":"https:\/\/www.montreuxjazzshop.com\/fr\/wp-json\/wp\/v2\/media?parent=5319"}],"wp:term":[{"taxonomy":"artist","embeddable":true,"href":"https:\/\/www.montreuxjazzshop.com\/fr\/wp-json\/wp\/v2\/artist?post=5319"},{"taxonomy":"artist-category","embeddable":true,"href":"https:\/\/www.montreuxjazzshop.com\/fr\/wp-json\/wp\/v2\/artist-category?post=5319"},{"taxonomy":"edition","embeddable":true,"href":"https:\/\/www.montreuxjazzshop.com\/fr\/wp-json\/wp\/v2\/edition?post=5319"},{"taxonomy":"product_brand","embeddable":true,"href":"https:\/\/www.montreuxjazzshop.com\/fr\/wp-json\/wp\/v2\/product_brand?post=5319"},{"taxonomy":"product_cat","embeddable":true,"href":"https:\/\/www.montreuxjazzshop.com\/fr\/wp-json\/wp\/v2\/product_cat?post=5319"},{"taxonomy":"product_tag","embeddable":true,"href":"https:\/\/www.montreuxjazzshop.com\/fr\/wp-json\/wp\/v2\/product_tag?post=5319"}],"curies":[{"name":"wp","href":"https:\/\/api.w.org\/{rel}","templated":true}]}}