{"id":4781,"date":"2025-11-30T20:00:02","date_gmt":"2025-11-30T19:00:02","guid":{"rendered":"https:\/\/www.montreuxjazzshop.com\/?post_type=product&#038;p=4781"},"modified":"2026-01-14T11:19:17","modified_gmt":"2026-01-14T10:19:17","slug":"mini-bouteille-isotherme-180ml","status":"publish","type":"product","link":"https:\/\/www.montreuxjazzshop.com\/fr\/boutique\/accessoires\/art-de-la-table\/mini-bouteille-isotherme-180ml\/","title":{"rendered":"Mini Bouteille Isotherme 180ml"},"content":{"rendered":"<ul>\n<li>Taille H197\u00d7L45mm<\/li>\n<li>Capacit\u00e9 180ml \/ 6oz<\/li>\n<li>Poids 160g<\/li>\n<li>Effet de maintien de la chaleur 48\u00b0C ou plus (6 heures)<\/li>\n<li>Effet de maintien au froid en dessous de 12\u00b0C ou moins (6 heures)<\/li>\n<li>Bouteille int\u00e9rieure en acier inoxydable<\/li>\n<\/ul>\n","protected":false},"excerpt":{"rendered":"<p>La mini bouteille qui vous suit partout! L\u00e9g\u00e8re, compacte et ultra-pratique, cette petite bouteille de 180 ml se glisse facilement dans un sac \u00e0 main ou m\u00eame dans une poche. Parfaite pour vos trajets quotidiens, une balade \u00e0 pied ou \u00e0 v\u00e9lo, ou encore une pause fra\u00eecheur en plein soleil.<\/p>\n<p>Avec son mousqueton int\u00e9gr\u00e9, accrochez-la o\u00f9 vous voulez. Elle est toujours \u00e0 port\u00e9e de main. Un format malin qui contient l\u2019\u00e9quivalent d\u2019un grand verre d\u2019eau \u2014 id\u00e9al pour rester hydrat\u00e9 tout au long de la journ\u00e9e, sans s\u2019encombrer.<\/p>\n","protected":false},"featured_media":5082,"template":"","meta":{"_acf_changed":false},"artist":[],"artist-category":[],"edition":[],"product_brand":[],"product_cat":[325,339,340,345],"product_tag":[],"class_list":{"0":"post-4781","1":"product","2":"type-product","3":"status-publish","4":"has-post-thumbnail","6":"product_cat-accessoires","7":"product_cat-art-de-la-table","8":"product_cat-habitat","9":"product_cat-highlights","10":"product_shipping_class-petits-objets-et-dvd","12":"first","13":"instock","14":"taxable","15":"shipping-taxable","16":"purchasable","17":"product-type-simple"},"bundled_by":[],"bundle_stock_status":"instock","bundle_stock_quantity":97,"bundle_virtual":false,"bundle_layout":"","bundle_add_to_cart_form_location":"","bundle_editable_in_cart":false,"bundle_sold_individually_context":"","bundle_item_grouping":"","bundle_min_size":"","bundle_max_size":"","bundle_price":[],"bundled_items":[],"bundle_sell_ids":[],"acf":[],"yoast_head":"<!-- This site is optimized with the Yoast SEO Premium plugin v26.4 (Yoast SEO v27.4) - https:\/\/yoast.com\/product\/yoast-seo-premium-wordpress\/ -->\n<title>Mini Bouteille Isotherme 180ml - Montreux Jazz Festival Shop<\/title>\n<meta name=\"description\" content=\"Mini Bouteille isotherme noir 180 ml Montreux Jazz Festival. Boisson chaude et froide. Gourde l\u00e9g\u00e8re compacte dans un sac \u00e0 main ou une poche. Soleil Balade\" \/>\n<meta name=\"robots\" content=\"index, follow, max-snippet:-1, max-image-preview:large, max-video-preview:-1\" \/>\n<link rel=\"canonical\" href=\"https:\/\/www.montreuxjazzshop.com\/fr\/boutique\/accessoires\/art-de-la-table\/mini-bouteille-isotherme-180ml\/\" \/>\n<meta property=\"og:locale\" content=\"fr_FR\" \/>\n<meta property=\"og:type\" content=\"article\" \/>\n<meta property=\"og:title\" content=\"Mini Bouteille Isotherme 180ml\" \/>\n<meta property=\"og:description\" content=\"Mini Bouteille isotherme noir 180 ml Montreux Jazz Festival. Boisson chaude et froide. Gourde l\u00e9g\u00e8re compacte dans un sac \u00e0 main ou une poche. Soleil Balade\" \/>\n<meta property=\"og:url\" content=\"https:\/\/www.montreuxjazzshop.com\/fr\/boutique\/accessoires\/art-de-la-table\/mini-bouteille-isotherme-180ml\/\" \/>\n<meta property=\"og:site_name\" content=\"Montreux Jazz Festival Shop\" \/>\n<meta property=\"article:publisher\" content=\"https:\/\/www.facebook.com\/montreuxjazzfestival\" \/>\n<meta property=\"article:modified_time\" content=\"2026-01-14T10:19:17+00:00\" \/>\n<meta property=\"og:image\" content=\"https:\/\/www.montreuxjazzshop.com\/wp-content\/uploads\/2025\/09\/MJF25-Shooting-bouteille-Iso-1.jpg\" \/>\n\t<meta property=\"og:image:width\" content=\"1038\" \/>\n\t<meta property=\"og:image:height\" content=\"1039\" \/>\n\t<meta property=\"og:image:type\" content=\"image\/jpeg\" \/>\n<meta name=\"twitter:card\" content=\"summary_large_image\" \/>\n<meta name=\"twitter:site\" content=\"@MontreuxJazz\" \/>\n<script type=\"application\/ld+json\" class=\"yoast-schema-graph\">{\"@context\":\"https:\\\/\\\/schema.org\",\"@graph\":[{\"@type\":\"WebPage\",\"@id\":\"https:\\\/\\\/www.montreuxjazzshop.com\\\/fr\\\/boutique\\\/accessoires\\\/art-de-la-table\\\/mini-bouteille-isotherme-180ml\\\/\",\"url\":\"https:\\\/\\\/www.montreuxjazzshop.com\\\/fr\\\/boutique\\\/accessoires\\\/art-de-la-table\\\/mini-bouteille-isotherme-180ml\\\/\",\"name\":\"Mini Bouteille Isotherme 180ml - Montreux Jazz Festival Shop\",\"isPartOf\":{\"@id\":\"https:\\\/\\\/www.montreuxjazzshop.com\\\/fr\\\/#website\"},\"primaryImageOfPage\":{\"@id\":\"https:\\\/\\\/www.montreuxjazzshop.com\\\/fr\\\/boutique\\\/accessoires\\\/art-de-la-table\\\/mini-bouteille-isotherme-180ml\\\/#primaryimage\"},\"image\":{\"@id\":\"https:\\\/\\\/www.montreuxjazzshop.com\\\/fr\\\/boutique\\\/accessoires\\\/art-de-la-table\\\/mini-bouteille-isotherme-180ml\\\/#primaryimage\"},\"thumbnailUrl\":\"https:\\\/\\\/www.montreuxjazzshop.com\\\/wp-content\\\/uploads\\\/2025\\\/09\\\/MJF25-Shooting-bouteille-Iso-1.jpg\",\"datePublished\":\"2025-11-30T19:00:02+00:00\",\"dateModified\":\"2026-01-14T10:19:17+00:00\",\"description\":\"Mini Bouteille isotherme noir 180 ml Montreux Jazz Festival. Boisson chaude et froide. Gourde l\u00e9g\u00e8re compacte dans un sac \u00e0 main ou une poche. Soleil Balade\",\"breadcrumb\":{\"@id\":\"https:\\\/\\\/www.montreuxjazzshop.com\\\/fr\\\/boutique\\\/accessoires\\\/art-de-la-table\\\/mini-bouteille-isotherme-180ml\\\/#breadcrumb\"},\"inLanguage\":\"fr-FR\",\"potentialAction\":[{\"@type\":\"ReadAction\",\"target\":[\"https:\\\/\\\/www.montreuxjazzshop.com\\\/fr\\\/boutique\\\/accessoires\\\/art-de-la-table\\\/mini-bouteille-isotherme-180ml\\\/\"]}]},{\"@type\":\"ImageObject\",\"inLanguage\":\"fr-FR\",\"@id\":\"https:\\\/\\\/www.montreuxjazzshop.com\\\/fr\\\/boutique\\\/accessoires\\\/art-de-la-table\\\/mini-bouteille-isotherme-180ml\\\/#primaryimage\",\"url\":\"https:\\\/\\\/www.montreuxjazzshop.com\\\/wp-content\\\/uploads\\\/2025\\\/09\\\/MJF25-Shooting-bouteille-Iso-1.jpg\",\"contentUrl\":\"https:\\\/\\\/www.montreuxjazzshop.com\\\/wp-content\\\/uploads\\\/2025\\\/09\\\/MJF25-Shooting-bouteille-Iso-1.jpg\",\"width\":1038,\"height\":1039,\"caption\":\"Une Mini Bouteille Isotherme 180ml noire avec un couvercle \u00e0 poign\u00e9e et le texte \\\"Monthex Lifestyle\\\" se trouve sur une plateforme ronde blanche, sur un fond de bandes verticales violettes, noires, vertes et rouges.\"},{\"@type\":\"BreadcrumbList\",\"@id\":\"https:\\\/\\\/www.montreuxjazzshop.com\\\/fr\\\/boutique\\\/accessoires\\\/art-de-la-table\\\/mini-bouteille-isotherme-180ml\\\/#breadcrumb\",\"itemListElement\":[{\"@type\":\"ListItem\",\"position\":1,\"name\":\"Accueil\",\"item\":\"https:\\\/\\\/www.montreuxjazzshop.com\\\/fr\\\/\"},{\"@type\":\"ListItem\",\"position\":2,\"name\":\"Boutique\",\"item\":\"https:\\\/\\\/www.montreuxjazzshop.com\\\/fr\\\/boutique\\\/\"},{\"@type\":\"ListItem\",\"position\":3,\"name\":\"Mini Bouteille Isotherme 180ml\"}]},{\"@type\":\"WebSite\",\"@id\":\"https:\\\/\\\/www.montreuxjazzshop.com\\\/fr\\\/#website\",\"url\":\"https:\\\/\\\/www.montreuxjazzshop.com\\\/fr\\\/\",\"name\":\"Montreux Jazz Shop\",\"description\":\"The Montreux Jazz Festival shop\",\"potentialAction\":[{\"@type\":\"SearchAction\",\"target\":{\"@type\":\"EntryPoint\",\"urlTemplate\":\"https:\\\/\\\/www.montreuxjazzshop.com\\\/fr\\\/?s={search_term_string}\"},\"query-input\":{\"@type\":\"PropertyValueSpecification\",\"valueRequired\":true,\"valueName\":\"search_term_string\"}}],\"inLanguage\":\"fr-FR\"}]}<\/script>\n<meta property=\"product:price:amount\" content=\"30.00\" \/>\n<meta property=\"product:price:currency\" content=\"CHF\" \/>\n<meta property=\"og:availability\" content=\"instock\" \/>\n<meta property=\"product:availability\" content=\"instock\" \/>\n<meta property=\"product:retailer_item_id\" content=\"3050100202025\" \/>\n<meta property=\"product:condition\" content=\"new\" \/>\n<!-- \/ Yoast SEO Premium plugin. -->","yoast_head_json":{"title":"Mini Bouteille Isotherme 180ml - Montreux Jazz Festival Shop","description":"Mini Bouteille isotherme noir 180 ml Montreux Jazz Festival. Boisson chaude et froide. Gourde l\u00e9g\u00e8re compacte dans un sac \u00e0 main ou une poche. Soleil Balade","robots":{"index":"index","follow":"follow","max-snippet":"max-snippet:-1","max-image-preview":"max-image-preview:large","max-video-preview":"max-video-preview:-1"},"canonical":"https:\/\/www.montreuxjazzshop.com\/fr\/boutique\/accessoires\/art-de-la-table\/mini-bouteille-isotherme-180ml\/","og_locale":"fr_FR","og_type":"article","og_title":"Mini Bouteille Isotherme 180ml","og_description":"Mini Bouteille isotherme noir 180 ml Montreux Jazz Festival. Boisson chaude et froide. Gourde l\u00e9g\u00e8re compacte dans un sac \u00e0 main ou une poche. Soleil Balade","og_url":"https:\/\/www.montreuxjazzshop.com\/fr\/boutique\/accessoires\/art-de-la-table\/mini-bouteille-isotherme-180ml\/","og_site_name":"Montreux Jazz Festival Shop","article_publisher":"https:\/\/www.facebook.com\/montreuxjazzfestival","article_modified_time":"2026-01-14T10:19:17+00:00","og_image":[{"width":1038,"height":1039,"url":"https:\/\/www.montreuxjazzshop.com\/wp-content\/uploads\/2025\/09\/MJF25-Shooting-bouteille-Iso-1.jpg","type":"image\/jpeg"}],"twitter_card":"summary_large_image","twitter_site":"@MontreuxJazz","schema":{"@context":"https:\/\/schema.org","@graph":[{"@type":"WebPage","@id":"https:\/\/www.montreuxjazzshop.com\/fr\/boutique\/accessoires\/art-de-la-table\/mini-bouteille-isotherme-180ml\/","url":"https:\/\/www.montreuxjazzshop.com\/fr\/boutique\/accessoires\/art-de-la-table\/mini-bouteille-isotherme-180ml\/","name":"Mini Bouteille Isotherme 180ml - Montreux Jazz Festival Shop","isPartOf":{"@id":"https:\/\/www.montreuxjazzshop.com\/fr\/#website"},"primaryImageOfPage":{"@id":"https:\/\/www.montreuxjazzshop.com\/fr\/boutique\/accessoires\/art-de-la-table\/mini-bouteille-isotherme-180ml\/#primaryimage"},"image":{"@id":"https:\/\/www.montreuxjazzshop.com\/fr\/boutique\/accessoires\/art-de-la-table\/mini-bouteille-isotherme-180ml\/#primaryimage"},"thumbnailUrl":"https:\/\/www.montreuxjazzshop.com\/wp-content\/uploads\/2025\/09\/MJF25-Shooting-bouteille-Iso-1.jpg","datePublished":"2025-11-30T19:00:02+00:00","dateModified":"2026-01-14T10:19:17+00:00","description":"Mini Bouteille isotherme noir 180 ml Montreux Jazz Festival. Boisson chaude et froide. Gourde l\u00e9g\u00e8re compacte dans un sac \u00e0 main ou une poche. Soleil Balade","breadcrumb":{"@id":"https:\/\/www.montreuxjazzshop.com\/fr\/boutique\/accessoires\/art-de-la-table\/mini-bouteille-isotherme-180ml\/#breadcrumb"},"inLanguage":"fr-FR","potentialAction":[{"@type":"ReadAction","target":["https:\/\/www.montreuxjazzshop.com\/fr\/boutique\/accessoires\/art-de-la-table\/mini-bouteille-isotherme-180ml\/"]}]},{"@type":"ImageObject","inLanguage":"fr-FR","@id":"https:\/\/www.montreuxjazzshop.com\/fr\/boutique\/accessoires\/art-de-la-table\/mini-bouteille-isotherme-180ml\/#primaryimage","url":"https:\/\/www.montreuxjazzshop.com\/wp-content\/uploads\/2025\/09\/MJF25-Shooting-bouteille-Iso-1.jpg","contentUrl":"https:\/\/www.montreuxjazzshop.com\/wp-content\/uploads\/2025\/09\/MJF25-Shooting-bouteille-Iso-1.jpg","width":1038,"height":1039,"caption":"Une Mini Bouteille Isotherme 180ml noire avec un couvercle \u00e0 poign\u00e9e et le texte \"Monthex Lifestyle\" se trouve sur une plateforme ronde blanche, sur un fond de bandes verticales violettes, noires, vertes et rouges."},{"@type":"BreadcrumbList","@id":"https:\/\/www.montreuxjazzshop.com\/fr\/boutique\/accessoires\/art-de-la-table\/mini-bouteille-isotherme-180ml\/#breadcrumb","itemListElement":[{"@type":"ListItem","position":1,"name":"Accueil","item":"https:\/\/www.montreuxjazzshop.com\/fr\/"},{"@type":"ListItem","position":2,"name":"Boutique","item":"https:\/\/www.montreuxjazzshop.com\/fr\/boutique\/"},{"@type":"ListItem","position":3,"name":"Mini Bouteille Isotherme 180ml"}]},{"@type":"WebSite","@id":"https:\/\/www.montreuxjazzshop.com\/fr\/#website","url":"https:\/\/www.montreuxjazzshop.com\/fr\/","name":"Montreux Jazz Shop","description":"The Montreux Jazz Festival shop","potentialAction":[{"@type":"SearchAction","target":{"@type":"EntryPoint","urlTemplate":"https:\/\/www.montreuxjazzshop.com\/fr\/?s={search_term_string}"},"query-input":{"@type":"PropertyValueSpecification","valueRequired":true,"valueName":"search_term_string"}}],"inLanguage":"fr-FR"}]},"product_price_amount":"30.00","product_price_currency":"CHF","og_availability":"instock","product_availability":"instock","product_retailer_item_id":"3050100202025","product_condition":"new"},"_links":{"self":[{"href":"https:\/\/www.montreuxjazzshop.com\/fr\/wp-json\/wp\/v2\/product\/4781","targetHints":{"allow":["GET"]}}],"collection":[{"href":"https:\/\/www.montreuxjazzshop.com\/fr\/wp-json\/wp\/v2\/product"}],"about":[{"href":"https:\/\/www.montreuxjazzshop.com\/fr\/wp-json\/wp\/v2\/types\/product"}],"wp:featuredmedia":[{"embeddable":true,"href":"https:\/\/www.montreuxjazzshop.com\/fr\/wp-json\/wp\/v2\/media\/5082"}],"wp:attachment":[{"href":"https:\/\/www.montreuxjazzshop.com\/fr\/wp-json\/wp\/v2\/media?parent=4781"}],"wp:term":[{"taxonomy":"artist","embeddable":true,"href":"https:\/\/www.montreuxjazzshop.com\/fr\/wp-json\/wp\/v2\/artist?post=4781"},{"taxonomy":"artist-category","embeddable":true,"href":"https:\/\/www.montreuxjazzshop.com\/fr\/wp-json\/wp\/v2\/artist-category?post=4781"},{"taxonomy":"edition","embeddable":true,"href":"https:\/\/www.montreuxjazzshop.com\/fr\/wp-json\/wp\/v2\/edition?post=4781"},{"taxonomy":"product_brand","embeddable":true,"href":"https:\/\/www.montreuxjazzshop.com\/fr\/wp-json\/wp\/v2\/product_brand?post=4781"},{"taxonomy":"product_cat","embeddable":true,"href":"https:\/\/www.montreuxjazzshop.com\/fr\/wp-json\/wp\/v2\/product_cat?post=4781"},{"taxonomy":"product_tag","embeddable":true,"href":"https:\/\/www.montreuxjazzshop.com\/fr\/wp-json\/wp\/v2\/product_tag?post=4781"}],"curies":[{"name":"wp","href":"https:\/\/api.w.org\/{rel}","templated":true}]}}