{"id":4741,"date":"2025-11-30T11:00:57","date_gmt":"2025-11-30T10:00:57","guid":{"rendered":"https:\/\/www.montreuxjazzshop.com\/?post_type=product&#038;p=4741"},"modified":"2026-01-14T11:24:12","modified_gmt":"2026-01-14T10:24:12","slug":"parapluie","status":"publish","type":"product","link":"https:\/\/www.montreuxjazzshop.com\/fr\/boutique\/accessoires\/parapluie\/","title":{"rendered":"Parapluie"},"content":{"rendered":"<ul>\n<li>Syst\u00e8me DAS (Syst\u00e8me automatique double, fermeture et ouverture) syst\u00e8me anti vent<\/li>\n<li>M\u00e2t en m\u00e9tal, toile en polyester, poign\u00e9e avec une finition soft touch<\/li>\n<li>Housse de protection<\/li>\n<li>Dimensions: diam\u00e8tre 99 cm \/ longueur pli\u00e9 29 cm<\/li>\n<\/ul>\n","protected":false},"excerpt":{"rendered":"<p>Parapluie avec syst\u00e8me DAS (Syst\u00e8me automatique double, fermeture et ouverture) syst\u00e8me anti vent.<\/p>\n<p>Existe en 5 coloris: Vert, Bleu, Violet, Rouge, Orange<\/p>\n","protected":false},"featured_media":5273,"template":"","meta":{"_acf_changed":false},"artist":[],"artist-category":[],"edition":[],"product_brand":[],"product_cat":[325,345,326],"product_tag":[],"class_list":{"0":"post-4741","1":"product","2":"type-product","3":"status-publish","4":"has-post-thumbnail","6":"product_cat-accessoires","7":"product_cat-highlights","8":"product_cat-parapluie","9":"product_shipping_class-accessoires-et-textile","11":"first","12":"instock","13":"taxable","14":"shipping-taxable","15":"purchasable","16":"product-type-variable","17":"wvs-archive-product-wrapper"},"bundled_by":[],"bundle_stock_status":"instock","bundle_stock_quantity":null,"bundle_virtual":false,"bundle_layout":"","bundle_add_to_cart_form_location":"","bundle_editable_in_cart":false,"bundle_sold_individually_context":"","bundle_item_grouping":"","bundle_min_size":"","bundle_max_size":"","bundle_price":[],"bundled_items":[],"bundle_sell_ids":[],"acf":[],"yoast_head":"<!-- This site is optimized with the Yoast SEO Premium plugin v26.4 (Yoast SEO v27.4) - https:\/\/yoast.com\/product\/yoast-seo-premium-wordpress\/ -->\n<title>Parapluie - Montreux Jazz Festival Shop<\/title>\n<meta name=\"description\" content=\"Parapluie avec syst\u00e8me DAS (Syst\u00e8me automatique double, fermeture et ouverture) syst\u00e8me anti vent. Diam\u00e8tre 99cm. Existe en 5 coloris.\" \/>\n<meta name=\"robots\" content=\"index, follow, max-snippet:-1, max-image-preview:large, max-video-preview:-1\" \/>\n<link rel=\"canonical\" href=\"https:\/\/www.montreuxjazzshop.com\/fr\/boutique\/accessoires\/parapluie\/\" \/>\n<meta property=\"og:locale\" content=\"fr_FR\" \/>\n<meta property=\"og:type\" content=\"article\" \/>\n<meta property=\"og:title\" content=\"Parapluie\" \/>\n<meta property=\"og:description\" content=\"Parapluie avec syst\u00e8me DAS (Syst\u00e8me automatique double, fermeture et ouverture) syst\u00e8me anti vent. Diam\u00e8tre 99cm. Existe en 5 coloris.\" \/>\n<meta property=\"og:url\" content=\"https:\/\/www.montreuxjazzshop.com\/fr\/boutique\/accessoires\/parapluie\/\" \/>\n<meta property=\"og:site_name\" content=\"Montreux Jazz Festival Shop\" \/>\n<meta property=\"article:publisher\" content=\"https:\/\/www.facebook.com\/montreuxjazzfestival\" \/>\n<meta property=\"article:modified_time\" content=\"2026-01-14T10:24:12+00:00\" \/>\n<meta property=\"og:image\" content=\"https:\/\/www.montreuxjazzshop.com\/wp-content\/uploads\/2025\/09\/MJF25-Shooting-parapluie-colours-1.jpg\" \/>\n\t<meta property=\"og:image:width\" content=\"1500\" \/>\n\t<meta property=\"og:image:height\" content=\"1500\" \/>\n\t<meta property=\"og:image:type\" content=\"image\/jpeg\" \/>\n<meta name=\"twitter:card\" content=\"summary_large_image\" \/>\n<meta name=\"twitter:site\" content=\"@MontreuxJazz\" \/>\n<script type=\"application\/ld+json\" class=\"yoast-schema-graph\">{\"@context\":\"https:\\\/\\\/schema.org\",\"@graph\":[{\"@type\":\"WebPage\",\"@id\":\"https:\\\/\\\/www.montreuxjazzshop.com\\\/fr\\\/boutique\\\/accessoires\\\/parapluie\\\/\",\"url\":\"https:\\\/\\\/www.montreuxjazzshop.com\\\/fr\\\/boutique\\\/accessoires\\\/parapluie\\\/\",\"name\":\"Parapluie - Montreux Jazz Festival Shop\",\"isPartOf\":{\"@id\":\"https:\\\/\\\/www.montreuxjazzshop.com\\\/fr\\\/#website\"},\"primaryImageOfPage\":{\"@id\":\"https:\\\/\\\/www.montreuxjazzshop.com\\\/fr\\\/boutique\\\/accessoires\\\/parapluie\\\/#primaryimage\"},\"image\":{\"@id\":\"https:\\\/\\\/www.montreuxjazzshop.com\\\/fr\\\/boutique\\\/accessoires\\\/parapluie\\\/#primaryimage\"},\"thumbnailUrl\":\"https:\\\/\\\/www.montreuxjazzshop.com\\\/wp-content\\\/uploads\\\/2025\\\/09\\\/MJF25-Shooting-parapluie-colours-1.jpg\",\"datePublished\":\"2025-11-30T10:00:57+00:00\",\"dateModified\":\"2026-01-14T10:24:12+00:00\",\"description\":\"Parapluie avec syst\u00e8me DAS (Syst\u00e8me automatique double, fermeture et ouverture) syst\u00e8me anti vent. Diam\u00e8tre 99cm. Existe en 5 coloris.\",\"breadcrumb\":{\"@id\":\"https:\\\/\\\/www.montreuxjazzshop.com\\\/fr\\\/boutique\\\/accessoires\\\/parapluie\\\/#breadcrumb\"},\"inLanguage\":\"fr-FR\",\"potentialAction\":[{\"@type\":\"ReadAction\",\"target\":[\"https:\\\/\\\/www.montreuxjazzshop.com\\\/fr\\\/boutique\\\/accessoires\\\/parapluie\\\/\"]}]},{\"@type\":\"ImageObject\",\"inLanguage\":\"fr-FR\",\"@id\":\"https:\\\/\\\/www.montreuxjazzshop.com\\\/fr\\\/boutique\\\/accessoires\\\/parapluie\\\/#primaryimage\",\"url\":\"https:\\\/\\\/www.montreuxjazzshop.com\\\/wp-content\\\/uploads\\\/2025\\\/09\\\/MJF25-Shooting-parapluie-colours-1.jpg\",\"contentUrl\":\"https:\\\/\\\/www.montreuxjazzshop.com\\\/wp-content\\\/uploads\\\/2025\\\/09\\\/MJF25-Shooting-parapluie-colours-1.jpg\",\"width\":1500,\"height\":1500,\"caption\":\"Cinq parapluies Parapluie color\u00e9s - rouge, vert, orange, violet et bleu - sont empil\u00e9s devant une toile de fond ray\u00e9e multicolore et vibrante, chacun portant la marque blanche du Montreux Jazz.\"},{\"@type\":\"BreadcrumbList\",\"@id\":\"https:\\\/\\\/www.montreuxjazzshop.com\\\/fr\\\/boutique\\\/accessoires\\\/parapluie\\\/#breadcrumb\",\"itemListElement\":[{\"@type\":\"ListItem\",\"position\":1,\"name\":\"Accueil\",\"item\":\"https:\\\/\\\/www.montreuxjazzshop.com\\\/fr\\\/\"},{\"@type\":\"ListItem\",\"position\":2,\"name\":\"Boutique\",\"item\":\"https:\\\/\\\/www.montreuxjazzshop.com\\\/fr\\\/boutique\\\/\"},{\"@type\":\"ListItem\",\"position\":3,\"name\":\"Parapluie\"}]},{\"@type\":\"WebSite\",\"@id\":\"https:\\\/\\\/www.montreuxjazzshop.com\\\/fr\\\/#website\",\"url\":\"https:\\\/\\\/www.montreuxjazzshop.com\\\/fr\\\/\",\"name\":\"Montreux Jazz Shop\",\"description\":\"The Montreux Jazz Festival shop\",\"potentialAction\":[{\"@type\":\"SearchAction\",\"target\":{\"@type\":\"EntryPoint\",\"urlTemplate\":\"https:\\\/\\\/www.montreuxjazzshop.com\\\/fr\\\/?s={search_term_string}\"},\"query-input\":{\"@type\":\"PropertyValueSpecification\",\"valueRequired\":true,\"valueName\":\"search_term_string\"}}],\"inLanguage\":\"fr-FR\"}]}<\/script>\n<meta property=\"og:availability\" content=\"instock\" \/>\n<meta property=\"product:availability\" content=\"instock\" \/>\n<meta property=\"product:retailer_item_id\" content=\"3102100002025\" \/>\n<meta property=\"product:condition\" content=\"new\" \/>\n<!-- \/ Yoast SEO Premium plugin. -->","yoast_head_json":{"title":"Parapluie - Montreux Jazz Festival Shop","description":"Parapluie avec syst\u00e8me DAS (Syst\u00e8me automatique double, fermeture et ouverture) syst\u00e8me anti vent. Diam\u00e8tre 99cm. Existe en 5 coloris.","robots":{"index":"index","follow":"follow","max-snippet":"max-snippet:-1","max-image-preview":"max-image-preview:large","max-video-preview":"max-video-preview:-1"},"canonical":"https:\/\/www.montreuxjazzshop.com\/fr\/boutique\/accessoires\/parapluie\/","og_locale":"fr_FR","og_type":"article","og_title":"Parapluie","og_description":"Parapluie avec syst\u00e8me DAS (Syst\u00e8me automatique double, fermeture et ouverture) syst\u00e8me anti vent. Diam\u00e8tre 99cm. Existe en 5 coloris.","og_url":"https:\/\/www.montreuxjazzshop.com\/fr\/boutique\/accessoires\/parapluie\/","og_site_name":"Montreux Jazz Festival Shop","article_publisher":"https:\/\/www.facebook.com\/montreuxjazzfestival","article_modified_time":"2026-01-14T10:24:12+00:00","og_image":[{"width":1500,"height":1500,"url":"https:\/\/www.montreuxjazzshop.com\/wp-content\/uploads\/2025\/09\/MJF25-Shooting-parapluie-colours-1.jpg","type":"image\/jpeg"}],"twitter_card":"summary_large_image","twitter_site":"@MontreuxJazz","schema":{"@context":"https:\/\/schema.org","@graph":[{"@type":"WebPage","@id":"https:\/\/www.montreuxjazzshop.com\/fr\/boutique\/accessoires\/parapluie\/","url":"https:\/\/www.montreuxjazzshop.com\/fr\/boutique\/accessoires\/parapluie\/","name":"Parapluie - Montreux Jazz Festival Shop","isPartOf":{"@id":"https:\/\/www.montreuxjazzshop.com\/fr\/#website"},"primaryImageOfPage":{"@id":"https:\/\/www.montreuxjazzshop.com\/fr\/boutique\/accessoires\/parapluie\/#primaryimage"},"image":{"@id":"https:\/\/www.montreuxjazzshop.com\/fr\/boutique\/accessoires\/parapluie\/#primaryimage"},"thumbnailUrl":"https:\/\/www.montreuxjazzshop.com\/wp-content\/uploads\/2025\/09\/MJF25-Shooting-parapluie-colours-1.jpg","datePublished":"2025-11-30T10:00:57+00:00","dateModified":"2026-01-14T10:24:12+00:00","description":"Parapluie avec syst\u00e8me DAS (Syst\u00e8me automatique double, fermeture et ouverture) syst\u00e8me anti vent. Diam\u00e8tre 99cm. Existe en 5 coloris.","breadcrumb":{"@id":"https:\/\/www.montreuxjazzshop.com\/fr\/boutique\/accessoires\/parapluie\/#breadcrumb"},"inLanguage":"fr-FR","potentialAction":[{"@type":"ReadAction","target":["https:\/\/www.montreuxjazzshop.com\/fr\/boutique\/accessoires\/parapluie\/"]}]},{"@type":"ImageObject","inLanguage":"fr-FR","@id":"https:\/\/www.montreuxjazzshop.com\/fr\/boutique\/accessoires\/parapluie\/#primaryimage","url":"https:\/\/www.montreuxjazzshop.com\/wp-content\/uploads\/2025\/09\/MJF25-Shooting-parapluie-colours-1.jpg","contentUrl":"https:\/\/www.montreuxjazzshop.com\/wp-content\/uploads\/2025\/09\/MJF25-Shooting-parapluie-colours-1.jpg","width":1500,"height":1500,"caption":"Cinq parapluies Parapluie color\u00e9s - rouge, vert, orange, violet et bleu - sont empil\u00e9s devant une toile de fond ray\u00e9e multicolore et vibrante, chacun portant la marque blanche du Montreux Jazz."},{"@type":"BreadcrumbList","@id":"https:\/\/www.montreuxjazzshop.com\/fr\/boutique\/accessoires\/parapluie\/#breadcrumb","itemListElement":[{"@type":"ListItem","position":1,"name":"Accueil","item":"https:\/\/www.montreuxjazzshop.com\/fr\/"},{"@type":"ListItem","position":2,"name":"Boutique","item":"https:\/\/www.montreuxjazzshop.com\/fr\/boutique\/"},{"@type":"ListItem","position":3,"name":"Parapluie"}]},{"@type":"WebSite","@id":"https:\/\/www.montreuxjazzshop.com\/fr\/#website","url":"https:\/\/www.montreuxjazzshop.com\/fr\/","name":"Montreux Jazz Shop","description":"The Montreux Jazz Festival shop","potentialAction":[{"@type":"SearchAction","target":{"@type":"EntryPoint","urlTemplate":"https:\/\/www.montreuxjazzshop.com\/fr\/?s={search_term_string}"},"query-input":{"@type":"PropertyValueSpecification","valueRequired":true,"valueName":"search_term_string"}}],"inLanguage":"fr-FR"}]},"og_availability":"instock","product_availability":"instock","product_retailer_item_id":"3102100002025","product_condition":"new"},"_links":{"self":[{"href":"https:\/\/www.montreuxjazzshop.com\/fr\/wp-json\/wp\/v2\/product\/4741","targetHints":{"allow":["GET"]}}],"collection":[{"href":"https:\/\/www.montreuxjazzshop.com\/fr\/wp-json\/wp\/v2\/product"}],"about":[{"href":"https:\/\/www.montreuxjazzshop.com\/fr\/wp-json\/wp\/v2\/types\/product"}],"wp:featuredmedia":[{"embeddable":true,"href":"https:\/\/www.montreuxjazzshop.com\/fr\/wp-json\/wp\/v2\/media\/5273"}],"wp:attachment":[{"href":"https:\/\/www.montreuxjazzshop.com\/fr\/wp-json\/wp\/v2\/media?parent=4741"}],"wp:term":[{"taxonomy":"artist","embeddable":true,"href":"https:\/\/www.montreuxjazzshop.com\/fr\/wp-json\/wp\/v2\/artist?post=4741"},{"taxonomy":"artist-category","embeddable":true,"href":"https:\/\/www.montreuxjazzshop.com\/fr\/wp-json\/wp\/v2\/artist-category?post=4741"},{"taxonomy":"edition","embeddable":true,"href":"https:\/\/www.montreuxjazzshop.com\/fr\/wp-json\/wp\/v2\/edition?post=4741"},{"taxonomy":"product_brand","embeddable":true,"href":"https:\/\/www.montreuxjazzshop.com\/fr\/wp-json\/wp\/v2\/product_brand?post=4741"},{"taxonomy":"product_cat","embeddable":true,"href":"https:\/\/www.montreuxjazzshop.com\/fr\/wp-json\/wp\/v2\/product_cat?post=4741"},{"taxonomy":"product_tag","embeddable":true,"href":"https:\/\/www.montreuxjazzshop.com\/fr\/wp-json\/wp\/v2\/product_tag?post=4741"}],"curies":[{"name":"wp","href":"https:\/\/api.w.org\/{rel}","templated":true}]}}