{"id":4732,"date":"2025-12-04T10:40:56","date_gmt":"2025-12-04T09:40:56","guid":{"rendered":"https:\/\/www.montreuxjazzshop.com\/?post_type=product&#038;p=4732"},"modified":"2026-01-14T11:17:24","modified_gmt":"2026-01-14T10:17:24","slug":"iggy-pop-live-at-montreux-double-cd","status":"publish","type":"product","link":"https:\/\/www.montreuxjazzshop.com\/fr\/boutique\/musique\/dvd-cd\/iggy-pop-live-at-montreux-double-cd\/","title":{"rendered":"Iggy Pop, Live At Montreux, Double CD + Blu-ray"},"content":{"rendered":"<ul>\n<li>2 CD<\/li>\n<\/ul>\n<p><strong>DISC ONE<\/strong><\/p>\n<p>1. Rune<br \/>\n2. Five Foot One<br \/>\n3. T.V. Eye<br \/>\n4. Modern Day Ripoff<br \/>\n5. Raw Power<br \/>\n6. Gimme Danger<br \/>\n7. The Passenger<br \/>\n8. Lust for Life<br \/>\n9. Endless Sea<br \/>\n10. Death Trip<br \/>\n11. Sick of You<br \/>\n12. I Wanna Be Your Dog<br \/>\n13. Search and Destroy<br \/>\n14. Mass Production<br \/>\n15. Nightclubbing<br \/>\n16. Down on the Street<br \/>\n17. Loose<br \/>\n18. Frenzy<\/p>\n<p><strong>DISC TWO<\/strong><\/p>\n<p>1. Five Foot One<br \/>\n2. T.V. Eye<br \/>\n3. Modern Day Ripoff<br \/>\n4. Raw Power<br \/>\n5. Gimme Danger<br \/>\n6. The Passenger<br \/>\n7. Lust for Life<br \/>\n8. Endless Sea<br \/>\n9. Death Trip<br \/>\n10. Sick of You<br \/>\n11. I Wanna Be Your Dog<br \/>\n12. Search and Destroy<br \/>\n13. Mass Production<br \/>\n14. Nightclubbing<br \/>\n15. Down on the Street<br \/>\n16. Loose<br \/>\n17. Frenzy<\/p>\n","protected":false},"excerpt":{"rendered":"<p>Iggy Pop \u00abLive at Montreux Jazz Festival 2023\u00bb c\u00e9l\u00e8bre l&rsquo;impressionnante carri\u00e8re de l&rsquo;un des artistes les plus marquants de notre \u00e9poque. Enregistr\u00e9 lors de sa performance au Montreux Jazz Festival en 2023, Iggy Pop brille accompagn\u00e9 d\u2019un groupe de sept musiciens dans un Auditorium Stravinski \u00e0 guichets ferm\u00e9s. Ce concert retra\u00e7ant toute sa carri\u00e8re inclut des classiques tels que \u00abI Wanna Be Your Dog\u00bb et \u00abLust for Life\u00bb, ainsi que des titres issus de son dernier album \u00abEvery Loser\u00bb.<\/p>\n<p>Disponible en Double CD + Blu-ray &amp; Double Vinyle.<\/p>\n","protected":false},"featured_media":1722,"template":"","meta":{"_acf_changed":false},"artist":[],"artist-category":[],"edition":[162],"product_brand":[],"product_cat":[323,304,305],"product_tag":[],"class_list":{"0":"post-4732","1":"product","2":"type-product","3":"status-publish","4":"has-post-thumbnail","6":"edition-162","7":"product_cat-dvd-cd","8":"product_cat-musique","9":"product_cat-vinyls-fr","10":"product_shipping_class-petits-objets-et-dvd","12":"first","13":"outofstock","14":"taxable","15":"shipping-taxable","16":"purchasable","17":"product-type-simple"},"bundled_by":[],"bundle_stock_status":"outofstock","bundle_stock_quantity":0,"bundle_virtual":false,"bundle_layout":"","bundle_add_to_cart_form_location":"","bundle_editable_in_cart":false,"bundle_sold_individually_context":"","bundle_item_grouping":"","bundle_min_size":"","bundle_max_size":"","bundle_price":[],"bundled_items":[],"bundle_sell_ids":[],"acf":[],"yoast_head":"<!-- This site is optimized with the Yoast SEO Premium plugin v26.4 (Yoast SEO v27.3) - https:\/\/yoast.com\/product\/yoast-seo-premium-wordpress\/ -->\n<title>Iggy Pop, Live At Montreux, Double CD + Blu-ray - Montreux Jazz Festival Shop<\/title>\n<meta name=\"description\" content=\"Iggy Pop \u00abLive at Montreux Jazz Festival 2023\u00bb c\u00e9l\u00e8bre l&#039;impressionnante carri\u00e8re de l&#039;un des artistes les plus marquants de notre \u00e9poque. Musique Rock\" \/>\n<meta name=\"robots\" content=\"index, follow, max-snippet:-1, max-image-preview:large, max-video-preview:-1\" \/>\n<link rel=\"canonical\" href=\"https:\/\/www.montreuxjazzshop.com\/fr\/boutique\/musique\/dvd-cd\/iggy-pop-live-at-montreux-double-cd\/\" \/>\n<meta property=\"og:locale\" content=\"fr_FR\" \/>\n<meta property=\"og:type\" content=\"article\" \/>\n<meta property=\"og:title\" content=\"Iggy Pop, Live At Montreux, Double CD + Blu-ray\" \/>\n<meta property=\"og:description\" content=\"Iggy Pop \u00abLive at Montreux Jazz Festival 2023\u00bb c\u00e9l\u00e8bre l&#039;impressionnante carri\u00e8re de l&#039;un des artistes les plus marquants de notre \u00e9poque. Musique Rock\" \/>\n<meta property=\"og:url\" content=\"https:\/\/www.montreuxjazzshop.com\/fr\/boutique\/musique\/dvd-cd\/iggy-pop-live-at-montreux-double-cd\/\" \/>\n<meta property=\"og:site_name\" content=\"Montreux Jazz Festival Shop\" \/>\n<meta property=\"article:publisher\" content=\"https:\/\/www.facebook.com\/montreuxjazzfestival\" \/>\n<meta property=\"article:modified_time\" content=\"2026-01-14T10:17:24+00:00\" \/>\n<meta property=\"og:image\" content=\"https:\/\/www.montreuxjazzshop.com\/wp-content\/uploads\/2025\/05\/IggyPop_Live-At-Montreux-Jazz-Festival-2023_3D_CDBD_72dpi.jpg\" \/>\n\t<meta property=\"og:image:width\" content=\"2000\" \/>\n\t<meta property=\"og:image:height\" content=\"2000\" \/>\n\t<meta property=\"og:image:type\" content=\"image\/jpeg\" \/>\n<meta name=\"twitter:card\" content=\"summary_large_image\" \/>\n<meta name=\"twitter:site\" content=\"@MontreuxJazz\" \/>\n<script type=\"application\/ld+json\" class=\"yoast-schema-graph\">{\"@context\":\"https:\\\/\\\/schema.org\",\"@graph\":[{\"@type\":\"WebPage\",\"@id\":\"https:\\\/\\\/www.montreuxjazzshop.com\\\/fr\\\/boutique\\\/musique\\\/dvd-cd\\\/iggy-pop-live-at-montreux-double-cd\\\/\",\"url\":\"https:\\\/\\\/www.montreuxjazzshop.com\\\/fr\\\/boutique\\\/musique\\\/dvd-cd\\\/iggy-pop-live-at-montreux-double-cd\\\/\",\"name\":\"Iggy Pop, Live At Montreux, Double CD + Blu-ray - Montreux Jazz Festival Shop\",\"isPartOf\":{\"@id\":\"https:\\\/\\\/www.montreuxjazzshop.com\\\/fr\\\/#website\"},\"primaryImageOfPage\":{\"@id\":\"https:\\\/\\\/www.montreuxjazzshop.com\\\/fr\\\/boutique\\\/musique\\\/dvd-cd\\\/iggy-pop-live-at-montreux-double-cd\\\/#primaryimage\"},\"image\":{\"@id\":\"https:\\\/\\\/www.montreuxjazzshop.com\\\/fr\\\/boutique\\\/musique\\\/dvd-cd\\\/iggy-pop-live-at-montreux-double-cd\\\/#primaryimage\"},\"thumbnailUrl\":\"https:\\\/\\\/www.montreuxjazzshop.com\\\/wp-content\\\/uploads\\\/2025\\\/05\\\/IggyPop_Live-At-Montreux-Jazz-Festival-2023_3D_CDBD_72dpi.jpg\",\"datePublished\":\"2025-12-04T09:40:56+00:00\",\"dateModified\":\"2026-01-14T10:17:24+00:00\",\"description\":\"Iggy Pop \u00abLive at Montreux Jazz Festival 2023\u00bb c\u00e9l\u00e8bre l'impressionnante carri\u00e8re de l'un des artistes les plus marquants de notre \u00e9poque. Musique Rock\",\"breadcrumb\":{\"@id\":\"https:\\\/\\\/www.montreuxjazzshop.com\\\/fr\\\/boutique\\\/musique\\\/dvd-cd\\\/iggy-pop-live-at-montreux-double-cd\\\/#breadcrumb\"},\"inLanguage\":\"fr-FR\",\"potentialAction\":[{\"@type\":\"ReadAction\",\"target\":[\"https:\\\/\\\/www.montreuxjazzshop.com\\\/fr\\\/boutique\\\/musique\\\/dvd-cd\\\/iggy-pop-live-at-montreux-double-cd\\\/\"]}]},{\"@type\":\"ImageObject\",\"inLanguage\":\"fr-FR\",\"@id\":\"https:\\\/\\\/www.montreuxjazzshop.com\\\/fr\\\/boutique\\\/musique\\\/dvd-cd\\\/iggy-pop-live-at-montreux-double-cd\\\/#primaryimage\",\"url\":\"https:\\\/\\\/www.montreuxjazzshop.com\\\/wp-content\\\/uploads\\\/2025\\\/05\\\/IggyPop_Live-At-Montreux-Jazz-Festival-2023_3D_CDBD_72dpi.jpg\",\"contentUrl\":\"https:\\\/\\\/www.montreuxjazzshop.com\\\/wp-content\\\/uploads\\\/2025\\\/05\\\/IggyPop_Live-At-Montreux-Jazz-Festival-2023_3D_CDBD_72dpi.jpg\",\"width\":2000,\"height\":2000,\"caption\":\"Iggy Pop, Live At Montreux, Double CD + Blu-ray pr\u00e9sente la performance live d'Iggy Pop en 2022. La pochette le montre sur sc\u00e8ne, les bras lev\u00e9s, et les disques noir et rouge restituent l'\u00e9nergie de cette nuit inoubliable.\"},{\"@type\":\"BreadcrumbList\",\"@id\":\"https:\\\/\\\/www.montreuxjazzshop.com\\\/fr\\\/boutique\\\/musique\\\/dvd-cd\\\/iggy-pop-live-at-montreux-double-cd\\\/#breadcrumb\",\"itemListElement\":[{\"@type\":\"ListItem\",\"position\":1,\"name\":\"Accueil\",\"item\":\"https:\\\/\\\/www.montreuxjazzshop.com\\\/fr\\\/\"},{\"@type\":\"ListItem\",\"position\":2,\"name\":\"Boutique\",\"item\":\"https:\\\/\\\/www.montreuxjazzshop.com\\\/fr\\\/boutique\\\/\"},{\"@type\":\"ListItem\",\"position\":3,\"name\":\"Iggy Pop, Live At Montreux, Double CD + Blu-ray\"}]},{\"@type\":\"WebSite\",\"@id\":\"https:\\\/\\\/www.montreuxjazzshop.com\\\/fr\\\/#website\",\"url\":\"https:\\\/\\\/www.montreuxjazzshop.com\\\/fr\\\/\",\"name\":\"Montreux Jazz Shop\",\"description\":\"The Montreux Jazz Festival shop\",\"potentialAction\":[{\"@type\":\"SearchAction\",\"target\":{\"@type\":\"EntryPoint\",\"urlTemplate\":\"https:\\\/\\\/www.montreuxjazzshop.com\\\/fr\\\/?s={search_term_string}\"},\"query-input\":{\"@type\":\"PropertyValueSpecification\",\"valueRequired\":true,\"valueName\":\"search_term_string\"}}],\"inLanguage\":\"fr-FR\"}]}<\/script>\n<meta property=\"product:price:amount\" content=\"28.00\" \/>\n<meta property=\"product:price:currency\" content=\"CHF\" \/>\n<meta property=\"og:availability\" content=\"out of stock\" \/>\n<meta property=\"product:availability\" content=\"out of stock\" \/>\n<meta property=\"product:retailer_item_id\" content=\"4029759202240\" \/>\n<meta property=\"product:condition\" content=\"new\" \/>\n<!-- \/ Yoast SEO Premium plugin. -->","yoast_head_json":{"title":"Iggy Pop, Live At Montreux, Double CD + Blu-ray - Montreux Jazz Festival Shop","description":"Iggy Pop \u00abLive at Montreux Jazz Festival 2023\u00bb c\u00e9l\u00e8bre l'impressionnante carri\u00e8re de l'un des artistes les plus marquants de notre \u00e9poque. Musique Rock","robots":{"index":"index","follow":"follow","max-snippet":"max-snippet:-1","max-image-preview":"max-image-preview:large","max-video-preview":"max-video-preview:-1"},"canonical":"https:\/\/www.montreuxjazzshop.com\/fr\/boutique\/musique\/dvd-cd\/iggy-pop-live-at-montreux-double-cd\/","og_locale":"fr_FR","og_type":"article","og_title":"Iggy Pop, Live At Montreux, Double CD + Blu-ray","og_description":"Iggy Pop \u00abLive at Montreux Jazz Festival 2023\u00bb c\u00e9l\u00e8bre l'impressionnante carri\u00e8re de l'un des artistes les plus marquants de notre \u00e9poque. Musique Rock","og_url":"https:\/\/www.montreuxjazzshop.com\/fr\/boutique\/musique\/dvd-cd\/iggy-pop-live-at-montreux-double-cd\/","og_site_name":"Montreux Jazz Festival Shop","article_publisher":"https:\/\/www.facebook.com\/montreuxjazzfestival","article_modified_time":"2026-01-14T10:17:24+00:00","og_image":[{"width":2000,"height":2000,"url":"https:\/\/www.montreuxjazzshop.com\/wp-content\/uploads\/2025\/05\/IggyPop_Live-At-Montreux-Jazz-Festival-2023_3D_CDBD_72dpi.jpg","type":"image\/jpeg"}],"twitter_card":"summary_large_image","twitter_site":"@MontreuxJazz","schema":{"@context":"https:\/\/schema.org","@graph":[{"@type":"WebPage","@id":"https:\/\/www.montreuxjazzshop.com\/fr\/boutique\/musique\/dvd-cd\/iggy-pop-live-at-montreux-double-cd\/","url":"https:\/\/www.montreuxjazzshop.com\/fr\/boutique\/musique\/dvd-cd\/iggy-pop-live-at-montreux-double-cd\/","name":"Iggy Pop, Live At Montreux, Double CD + Blu-ray - Montreux Jazz Festival Shop","isPartOf":{"@id":"https:\/\/www.montreuxjazzshop.com\/fr\/#website"},"primaryImageOfPage":{"@id":"https:\/\/www.montreuxjazzshop.com\/fr\/boutique\/musique\/dvd-cd\/iggy-pop-live-at-montreux-double-cd\/#primaryimage"},"image":{"@id":"https:\/\/www.montreuxjazzshop.com\/fr\/boutique\/musique\/dvd-cd\/iggy-pop-live-at-montreux-double-cd\/#primaryimage"},"thumbnailUrl":"https:\/\/www.montreuxjazzshop.com\/wp-content\/uploads\/2025\/05\/IggyPop_Live-At-Montreux-Jazz-Festival-2023_3D_CDBD_72dpi.jpg","datePublished":"2025-12-04T09:40:56+00:00","dateModified":"2026-01-14T10:17:24+00:00","description":"Iggy Pop \u00abLive at Montreux Jazz Festival 2023\u00bb c\u00e9l\u00e8bre l'impressionnante carri\u00e8re de l'un des artistes les plus marquants de notre \u00e9poque. Musique Rock","breadcrumb":{"@id":"https:\/\/www.montreuxjazzshop.com\/fr\/boutique\/musique\/dvd-cd\/iggy-pop-live-at-montreux-double-cd\/#breadcrumb"},"inLanguage":"fr-FR","potentialAction":[{"@type":"ReadAction","target":["https:\/\/www.montreuxjazzshop.com\/fr\/boutique\/musique\/dvd-cd\/iggy-pop-live-at-montreux-double-cd\/"]}]},{"@type":"ImageObject","inLanguage":"fr-FR","@id":"https:\/\/www.montreuxjazzshop.com\/fr\/boutique\/musique\/dvd-cd\/iggy-pop-live-at-montreux-double-cd\/#primaryimage","url":"https:\/\/www.montreuxjazzshop.com\/wp-content\/uploads\/2025\/05\/IggyPop_Live-At-Montreux-Jazz-Festival-2023_3D_CDBD_72dpi.jpg","contentUrl":"https:\/\/www.montreuxjazzshop.com\/wp-content\/uploads\/2025\/05\/IggyPop_Live-At-Montreux-Jazz-Festival-2023_3D_CDBD_72dpi.jpg","width":2000,"height":2000,"caption":"Iggy Pop, Live At Montreux, Double CD + Blu-ray pr\u00e9sente la performance live d'Iggy Pop en 2022. La pochette le montre sur sc\u00e8ne, les bras lev\u00e9s, et les disques noir et rouge restituent l'\u00e9nergie de cette nuit inoubliable."},{"@type":"BreadcrumbList","@id":"https:\/\/www.montreuxjazzshop.com\/fr\/boutique\/musique\/dvd-cd\/iggy-pop-live-at-montreux-double-cd\/#breadcrumb","itemListElement":[{"@type":"ListItem","position":1,"name":"Accueil","item":"https:\/\/www.montreuxjazzshop.com\/fr\/"},{"@type":"ListItem","position":2,"name":"Boutique","item":"https:\/\/www.montreuxjazzshop.com\/fr\/boutique\/"},{"@type":"ListItem","position":3,"name":"Iggy Pop, Live At Montreux, Double CD + Blu-ray"}]},{"@type":"WebSite","@id":"https:\/\/www.montreuxjazzshop.com\/fr\/#website","url":"https:\/\/www.montreuxjazzshop.com\/fr\/","name":"Montreux Jazz Shop","description":"The Montreux Jazz Festival shop","potentialAction":[{"@type":"SearchAction","target":{"@type":"EntryPoint","urlTemplate":"https:\/\/www.montreuxjazzshop.com\/fr\/?s={search_term_string}"},"query-input":{"@type":"PropertyValueSpecification","valueRequired":true,"valueName":"search_term_string"}}],"inLanguage":"fr-FR"}]},"product_price_amount":"28.00","product_price_currency":"CHF","og_availability":"out of stock","product_availability":"out of stock","product_retailer_item_id":"4029759202240","product_condition":"new"},"_links":{"self":[{"href":"https:\/\/www.montreuxjazzshop.com\/fr\/wp-json\/wp\/v2\/product\/4732","targetHints":{"allow":["GET"]}}],"collection":[{"href":"https:\/\/www.montreuxjazzshop.com\/fr\/wp-json\/wp\/v2\/product"}],"about":[{"href":"https:\/\/www.montreuxjazzshop.com\/fr\/wp-json\/wp\/v2\/types\/product"}],"wp:featuredmedia":[{"embeddable":true,"href":"https:\/\/www.montreuxjazzshop.com\/fr\/wp-json\/wp\/v2\/media\/1722"}],"wp:attachment":[{"href":"https:\/\/www.montreuxjazzshop.com\/fr\/wp-json\/wp\/v2\/media?parent=4732"}],"wp:term":[{"taxonomy":"artist","embeddable":true,"href":"https:\/\/www.montreuxjazzshop.com\/fr\/wp-json\/wp\/v2\/artist?post=4732"},{"taxonomy":"artist-category","embeddable":true,"href":"https:\/\/www.montreuxjazzshop.com\/fr\/wp-json\/wp\/v2\/artist-category?post=4732"},{"taxonomy":"edition","embeddable":true,"href":"https:\/\/www.montreuxjazzshop.com\/fr\/wp-json\/wp\/v2\/edition?post=4732"},{"taxonomy":"product_brand","embeddable":true,"href":"https:\/\/www.montreuxjazzshop.com\/fr\/wp-json\/wp\/v2\/product_brand?post=4732"},{"taxonomy":"product_cat","embeddable":true,"href":"https:\/\/www.montreuxjazzshop.com\/fr\/wp-json\/wp\/v2\/product_cat?post=4732"},{"taxonomy":"product_tag","embeddable":true,"href":"https:\/\/www.montreuxjazzshop.com\/fr\/wp-json\/wp\/v2\/product_tag?post=4732"}],"curies":[{"name":"wp","href":"https:\/\/api.w.org\/{rel}","templated":true}]}}