{"id":4730,"date":"2025-11-29T18:00:42","date_gmt":"2025-11-29T17:00:42","guid":{"rendered":"https:\/\/www.montreuxjazzshop.com\/?post_type=product&#038;p=4730"},"modified":"2026-04-05T17:05:06","modified_gmt":"2026-04-05T15:05:06","slug":"lunettes-fly-bruxelles-noir-mat-polarisant","status":"publish","type":"product","link":"https:\/\/www.montreuxjazzshop.com\/fr\/boutique\/accessoires\/habitat\/lunettes-fly-bruxelles-noir-mat-polarisant\/","title":{"rendered":"Lunettes Fly Bruxelles Noir Mat"},"content":{"rendered":"<ul>\n<li>Couleur: Noir mat<\/li>\n<li>Mati\u00e8re: Polyamide<\/li>\n<li>Etui et tissu microfibre inclus dans chaque commande<\/li>\n<\/ul>\n","protected":false},"excerpt":{"rendered":"<p class=\"p1\"><span class=\"s1\">D\u00e9couvrez la l\u00e9g\u00e8ret\u00e9 des montures Acuitis cr\u00e9\u00e9es \u00e0 partir de Polym\u00e8re (Nylon) \u00e0 m\u00e9moire de forme et estampill\u00e9es Montreux Jazz Festival. Un mat\u00e9riau anallergique et r\u00e9sistant, m\u00eame pour les montures les plus fines. <\/span><\/p>\n<p class=\"p1\"><span class=\"s1\">100% biod\u00e9gradable. Polarisant.<\/span><\/p>\n","protected":false},"featured_media":1717,"template":"","meta":{"_acf_changed":false},"artist":[],"artist-category":[],"edition":[162],"product_brand":[],"product_cat":[325,340,345],"product_tag":[],"class_list":{"0":"post-4730","1":"product","2":"type-product","3":"status-publish","4":"has-post-thumbnail","6":"edition-162","7":"product_cat-accessoires","8":"product_cat-habitat","9":"product_cat-highlights","10":"product_shipping_class-petits-objets-et-dvd","12":"first","13":"outofstock","14":"taxable","15":"shipping-taxable","16":"purchasable","17":"product-type-simple"},"bundled_by":[],"bundle_stock_status":"outofstock","bundle_stock_quantity":0,"bundle_virtual":false,"bundle_layout":"","bundle_add_to_cart_form_location":"","bundle_editable_in_cart":false,"bundle_sold_individually_context":"","bundle_item_grouping":"","bundle_min_size":"","bundle_max_size":"","bundle_price":[],"bundled_items":[],"bundle_sell_ids":[],"acf":[],"yoast_head":"<!-- This site is optimized with the Yoast SEO Premium plugin v26.4 (Yoast SEO v27.4) - https:\/\/yoast.com\/product\/yoast-seo-premium-wordpress\/ -->\n<title>Lunettes Fly Bruxelles Noir Mat - Montreux Jazz Festival Shop<\/title>\n<meta name=\"description\" content=\"D\u00e9couvrez la l\u00e9g\u00e8ret\u00e9 des montures cr\u00e9\u00e9es \u00e0 partir de Polym\u00e8re \u00e0 m\u00e9moire de forme et estampill\u00e9es Montreux Jazz Festival. 100% biod\u00e9gradable. Acuitis.\" \/>\n<meta name=\"robots\" content=\"index, follow, max-snippet:-1, max-image-preview:large, max-video-preview:-1\" \/>\n<link rel=\"canonical\" href=\"https:\/\/www.montreuxjazzshop.com\/fr\/boutique\/accessoires\/habitat\/lunettes-fly-bruxelles-noir-mat-polarisant\/\" \/>\n<meta property=\"og:locale\" content=\"fr_FR\" \/>\n<meta property=\"og:type\" content=\"article\" \/>\n<meta property=\"og:title\" content=\"Lunettes Fly Bruxelles Noir Mat\" \/>\n<meta property=\"og:description\" content=\"D\u00e9couvrez la l\u00e9g\u00e8ret\u00e9 des montures cr\u00e9\u00e9es \u00e0 partir de Polym\u00e8re \u00e0 m\u00e9moire de forme et estampill\u00e9es Montreux Jazz Festival. 100% biod\u00e9gradable. Acuitis.\" \/>\n<meta property=\"og:url\" content=\"https:\/\/www.montreuxjazzshop.com\/fr\/boutique\/accessoires\/habitat\/lunettes-fly-bruxelles-noir-mat-polarisant\/\" \/>\n<meta property=\"og:site_name\" content=\"Montreux Jazz Festival Shop\" \/>\n<meta property=\"article:publisher\" content=\"https:\/\/www.facebook.com\/montreuxjazzfestival\" \/>\n<meta property=\"article:modified_time\" content=\"2026-04-05T15:05:06+00:00\" \/>\n<meta property=\"og:image\" content=\"https:\/\/www.montreuxjazzshop.com\/wp-content\/uploads\/2025\/05\/MJF24-Lunettes-Acuitis-Noir-Montreux-Jazz-Festival-0.jpg\" \/>\n\t<meta property=\"og:image:width\" content=\"1500\" \/>\n\t<meta property=\"og:image:height\" content=\"1500\" \/>\n\t<meta property=\"og:image:type\" content=\"image\/jpeg\" \/>\n<meta name=\"twitter:card\" content=\"summary_large_image\" \/>\n<meta name=\"twitter:site\" content=\"@MontreuxJazz\" \/>\n<script type=\"application\/ld+json\" class=\"yoast-schema-graph\">{\"@context\":\"https:\\\/\\\/schema.org\",\"@graph\":[{\"@type\":\"WebPage\",\"@id\":\"https:\\\/\\\/www.montreuxjazzshop.com\\\/fr\\\/boutique\\\/accessoires\\\/habitat\\\/lunettes-fly-bruxelles-noir-mat-polarisant\\\/\",\"url\":\"https:\\\/\\\/www.montreuxjazzshop.com\\\/fr\\\/boutique\\\/accessoires\\\/habitat\\\/lunettes-fly-bruxelles-noir-mat-polarisant\\\/\",\"name\":\"Lunettes Fly Bruxelles Noir Mat - Montreux Jazz Festival Shop\",\"isPartOf\":{\"@id\":\"https:\\\/\\\/www.montreuxjazzshop.com\\\/fr\\\/#website\"},\"primaryImageOfPage\":{\"@id\":\"https:\\\/\\\/www.montreuxjazzshop.com\\\/fr\\\/boutique\\\/accessoires\\\/habitat\\\/lunettes-fly-bruxelles-noir-mat-polarisant\\\/#primaryimage\"},\"image\":{\"@id\":\"https:\\\/\\\/www.montreuxjazzshop.com\\\/fr\\\/boutique\\\/accessoires\\\/habitat\\\/lunettes-fly-bruxelles-noir-mat-polarisant\\\/#primaryimage\"},\"thumbnailUrl\":\"https:\\\/\\\/www.montreuxjazzshop.com\\\/wp-content\\\/uploads\\\/2025\\\/05\\\/MJF24-Lunettes-Acuitis-Noir-Montreux-Jazz-Festival-0.jpg\",\"datePublished\":\"2025-11-29T17:00:42+00:00\",\"dateModified\":\"2026-04-05T15:05:06+00:00\",\"description\":\"D\u00e9couvrez la l\u00e9g\u00e8ret\u00e9 des montures cr\u00e9\u00e9es \u00e0 partir de Polym\u00e8re \u00e0 m\u00e9moire de forme et estampill\u00e9es Montreux Jazz Festival. 100% biod\u00e9gradable. Acuitis.\",\"breadcrumb\":{\"@id\":\"https:\\\/\\\/www.montreuxjazzshop.com\\\/fr\\\/boutique\\\/accessoires\\\/habitat\\\/lunettes-fly-bruxelles-noir-mat-polarisant\\\/#breadcrumb\"},\"inLanguage\":\"fr-FR\",\"potentialAction\":[{\"@type\":\"ReadAction\",\"target\":[\"https:\\\/\\\/www.montreuxjazzshop.com\\\/fr\\\/boutique\\\/accessoires\\\/habitat\\\/lunettes-fly-bruxelles-noir-mat-polarisant\\\/\"]}]},{\"@type\":\"ImageObject\",\"inLanguage\":\"fr-FR\",\"@id\":\"https:\\\/\\\/www.montreuxjazzshop.com\\\/fr\\\/boutique\\\/accessoires\\\/habitat\\\/lunettes-fly-bruxelles-noir-mat-polarisant\\\/#primaryimage\",\"url\":\"https:\\\/\\\/www.montreuxjazzshop.com\\\/wp-content\\\/uploads\\\/2025\\\/05\\\/MJF24-Lunettes-Acuitis-Noir-Montreux-Jazz-Festival-0.jpg\",\"contentUrl\":\"https:\\\/\\\/www.montreuxjazzshop.com\\\/wp-content\\\/uploads\\\/2025\\\/05\\\/MJF24-Lunettes-Acuitis-Noir-Montreux-Jazz-Festival-0.jpg\",\"width\":1500,\"height\":1500,\"caption\":\"Les lunettes de soleil rondes Lunettes Fly Bruxelles Noir Mat aux verres fonc\u00e9s reposent \u00e9l\u00e9gamment sur deux supports cylindriques jaune p\u00e2le sur un fond jaune assorti.\"},{\"@type\":\"BreadcrumbList\",\"@id\":\"https:\\\/\\\/www.montreuxjazzshop.com\\\/fr\\\/boutique\\\/accessoires\\\/habitat\\\/lunettes-fly-bruxelles-noir-mat-polarisant\\\/#breadcrumb\",\"itemListElement\":[{\"@type\":\"ListItem\",\"position\":1,\"name\":\"Accueil\",\"item\":\"https:\\\/\\\/www.montreuxjazzshop.com\\\/fr\\\/\"},{\"@type\":\"ListItem\",\"position\":2,\"name\":\"Boutique\",\"item\":\"https:\\\/\\\/www.montreuxjazzshop.com\\\/fr\\\/boutique\\\/\"},{\"@type\":\"ListItem\",\"position\":3,\"name\":\"Lunettes Fly Bruxelles Noir Mat\"}]},{\"@type\":\"WebSite\",\"@id\":\"https:\\\/\\\/www.montreuxjazzshop.com\\\/fr\\\/#website\",\"url\":\"https:\\\/\\\/www.montreuxjazzshop.com\\\/fr\\\/\",\"name\":\"Montreux Jazz Shop\",\"description\":\"The Montreux Jazz Festival shop\",\"potentialAction\":[{\"@type\":\"SearchAction\",\"target\":{\"@type\":\"EntryPoint\",\"urlTemplate\":\"https:\\\/\\\/www.montreuxjazzshop.com\\\/fr\\\/?s={search_term_string}\"},\"query-input\":{\"@type\":\"PropertyValueSpecification\",\"valueRequired\":true,\"valueName\":\"search_term_string\"}}],\"inLanguage\":\"fr-FR\"}]}<\/script>\n<meta property=\"product:price:amount\" content=\"50.00\" \/>\n<meta property=\"product:price:currency\" content=\"CHF\" \/>\n<meta property=\"og:availability\" content=\"out of stock\" \/>\n<meta property=\"product:availability\" content=\"out of stock\" \/>\n<meta property=\"product:retailer_item_id\" content=\"3900100602024\" \/>\n<meta property=\"product:condition\" content=\"new\" \/>\n<!-- \/ Yoast SEO Premium plugin. -->","yoast_head_json":{"title":"Lunettes Fly Bruxelles Noir Mat - Montreux Jazz Festival Shop","description":"D\u00e9couvrez la l\u00e9g\u00e8ret\u00e9 des montures cr\u00e9\u00e9es \u00e0 partir de Polym\u00e8re \u00e0 m\u00e9moire de forme et estampill\u00e9es Montreux Jazz Festival. 100% biod\u00e9gradable. Acuitis.","robots":{"index":"index","follow":"follow","max-snippet":"max-snippet:-1","max-image-preview":"max-image-preview:large","max-video-preview":"max-video-preview:-1"},"canonical":"https:\/\/www.montreuxjazzshop.com\/fr\/boutique\/accessoires\/habitat\/lunettes-fly-bruxelles-noir-mat-polarisant\/","og_locale":"fr_FR","og_type":"article","og_title":"Lunettes Fly Bruxelles Noir Mat","og_description":"D\u00e9couvrez la l\u00e9g\u00e8ret\u00e9 des montures cr\u00e9\u00e9es \u00e0 partir de Polym\u00e8re \u00e0 m\u00e9moire de forme et estampill\u00e9es Montreux Jazz Festival. 100% biod\u00e9gradable. Acuitis.","og_url":"https:\/\/www.montreuxjazzshop.com\/fr\/boutique\/accessoires\/habitat\/lunettes-fly-bruxelles-noir-mat-polarisant\/","og_site_name":"Montreux Jazz Festival Shop","article_publisher":"https:\/\/www.facebook.com\/montreuxjazzfestival","article_modified_time":"2026-04-05T15:05:06+00:00","og_image":[{"width":1500,"height":1500,"url":"https:\/\/www.montreuxjazzshop.com\/wp-content\/uploads\/2025\/05\/MJF24-Lunettes-Acuitis-Noir-Montreux-Jazz-Festival-0.jpg","type":"image\/jpeg"}],"twitter_card":"summary_large_image","twitter_site":"@MontreuxJazz","schema":{"@context":"https:\/\/schema.org","@graph":[{"@type":"WebPage","@id":"https:\/\/www.montreuxjazzshop.com\/fr\/boutique\/accessoires\/habitat\/lunettes-fly-bruxelles-noir-mat-polarisant\/","url":"https:\/\/www.montreuxjazzshop.com\/fr\/boutique\/accessoires\/habitat\/lunettes-fly-bruxelles-noir-mat-polarisant\/","name":"Lunettes Fly Bruxelles Noir Mat - Montreux Jazz Festival Shop","isPartOf":{"@id":"https:\/\/www.montreuxjazzshop.com\/fr\/#website"},"primaryImageOfPage":{"@id":"https:\/\/www.montreuxjazzshop.com\/fr\/boutique\/accessoires\/habitat\/lunettes-fly-bruxelles-noir-mat-polarisant\/#primaryimage"},"image":{"@id":"https:\/\/www.montreuxjazzshop.com\/fr\/boutique\/accessoires\/habitat\/lunettes-fly-bruxelles-noir-mat-polarisant\/#primaryimage"},"thumbnailUrl":"https:\/\/www.montreuxjazzshop.com\/wp-content\/uploads\/2025\/05\/MJF24-Lunettes-Acuitis-Noir-Montreux-Jazz-Festival-0.jpg","datePublished":"2025-11-29T17:00:42+00:00","dateModified":"2026-04-05T15:05:06+00:00","description":"D\u00e9couvrez la l\u00e9g\u00e8ret\u00e9 des montures cr\u00e9\u00e9es \u00e0 partir de Polym\u00e8re \u00e0 m\u00e9moire de forme et estampill\u00e9es Montreux Jazz Festival. 100% biod\u00e9gradable. Acuitis.","breadcrumb":{"@id":"https:\/\/www.montreuxjazzshop.com\/fr\/boutique\/accessoires\/habitat\/lunettes-fly-bruxelles-noir-mat-polarisant\/#breadcrumb"},"inLanguage":"fr-FR","potentialAction":[{"@type":"ReadAction","target":["https:\/\/www.montreuxjazzshop.com\/fr\/boutique\/accessoires\/habitat\/lunettes-fly-bruxelles-noir-mat-polarisant\/"]}]},{"@type":"ImageObject","inLanguage":"fr-FR","@id":"https:\/\/www.montreuxjazzshop.com\/fr\/boutique\/accessoires\/habitat\/lunettes-fly-bruxelles-noir-mat-polarisant\/#primaryimage","url":"https:\/\/www.montreuxjazzshop.com\/wp-content\/uploads\/2025\/05\/MJF24-Lunettes-Acuitis-Noir-Montreux-Jazz-Festival-0.jpg","contentUrl":"https:\/\/www.montreuxjazzshop.com\/wp-content\/uploads\/2025\/05\/MJF24-Lunettes-Acuitis-Noir-Montreux-Jazz-Festival-0.jpg","width":1500,"height":1500,"caption":"Les lunettes de soleil rondes Lunettes Fly Bruxelles Noir Mat aux verres fonc\u00e9s reposent \u00e9l\u00e9gamment sur deux supports cylindriques jaune p\u00e2le sur un fond jaune assorti."},{"@type":"BreadcrumbList","@id":"https:\/\/www.montreuxjazzshop.com\/fr\/boutique\/accessoires\/habitat\/lunettes-fly-bruxelles-noir-mat-polarisant\/#breadcrumb","itemListElement":[{"@type":"ListItem","position":1,"name":"Accueil","item":"https:\/\/www.montreuxjazzshop.com\/fr\/"},{"@type":"ListItem","position":2,"name":"Boutique","item":"https:\/\/www.montreuxjazzshop.com\/fr\/boutique\/"},{"@type":"ListItem","position":3,"name":"Lunettes Fly Bruxelles Noir Mat"}]},{"@type":"WebSite","@id":"https:\/\/www.montreuxjazzshop.com\/fr\/#website","url":"https:\/\/www.montreuxjazzshop.com\/fr\/","name":"Montreux Jazz Shop","description":"The Montreux Jazz Festival shop","potentialAction":[{"@type":"SearchAction","target":{"@type":"EntryPoint","urlTemplate":"https:\/\/www.montreuxjazzshop.com\/fr\/?s={search_term_string}"},"query-input":{"@type":"PropertyValueSpecification","valueRequired":true,"valueName":"search_term_string"}}],"inLanguage":"fr-FR"}]},"product_price_amount":"50.00","product_price_currency":"CHF","og_availability":"out of stock","product_availability":"out of stock","product_retailer_item_id":"3900100602024","product_condition":"new"},"_links":{"self":[{"href":"https:\/\/www.montreuxjazzshop.com\/fr\/wp-json\/wp\/v2\/product\/4730","targetHints":{"allow":["GET"]}}],"collection":[{"href":"https:\/\/www.montreuxjazzshop.com\/fr\/wp-json\/wp\/v2\/product"}],"about":[{"href":"https:\/\/www.montreuxjazzshop.com\/fr\/wp-json\/wp\/v2\/types\/product"}],"wp:featuredmedia":[{"embeddable":true,"href":"https:\/\/www.montreuxjazzshop.com\/fr\/wp-json\/wp\/v2\/media\/1717"}],"wp:attachment":[{"href":"https:\/\/www.montreuxjazzshop.com\/fr\/wp-json\/wp\/v2\/media?parent=4730"}],"wp:term":[{"taxonomy":"artist","embeddable":true,"href":"https:\/\/www.montreuxjazzshop.com\/fr\/wp-json\/wp\/v2\/artist?post=4730"},{"taxonomy":"artist-category","embeddable":true,"href":"https:\/\/www.montreuxjazzshop.com\/fr\/wp-json\/wp\/v2\/artist-category?post=4730"},{"taxonomy":"edition","embeddable":true,"href":"https:\/\/www.montreuxjazzshop.com\/fr\/wp-json\/wp\/v2\/edition?post=4730"},{"taxonomy":"product_brand","embeddable":true,"href":"https:\/\/www.montreuxjazzshop.com\/fr\/wp-json\/wp\/v2\/product_brand?post=4730"},{"taxonomy":"product_cat","embeddable":true,"href":"https:\/\/www.montreuxjazzshop.com\/fr\/wp-json\/wp\/v2\/product_cat?post=4730"},{"taxonomy":"product_tag","embeddable":true,"href":"https:\/\/www.montreuxjazzshop.com\/fr\/wp-json\/wp\/v2\/product_tag?post=4730"}],"curies":[{"name":"wp","href":"https:\/\/api.w.org\/{rel}","templated":true}]}}