{"id":4702,"date":"2025-09-11T15:25:39","date_gmt":"2025-09-11T13:25:39","guid":{"rendered":"https:\/\/www.montreuxjazzshop.com\/?post_type=product&#038;p=4702"},"modified":"2026-02-24T14:36:42","modified_gmt":"2026-02-24T13:36:42","slug":"raye-live-at-montreux-jazz-festival-vinyle","status":"publish","type":"product","link":"https:\/\/www.montreuxjazzshop.com\/fr\/boutique\/musique\/dvd-cd\/raye-live-at-montreux-jazz-festival-vinyle\/","title":{"rendered":"RAYE, Live at Montreux Jazz Festival, Vinyle"},"content":{"rendered":"<p>Tracklist<\/p>\n<p><strong>SIDE A<\/strong><br \/>\nThe Thrill Is Gone. (Live at Montreux Jazz Festival)<br \/>\nWorth It. (Live at Montreux Jazz Festival)<br \/>\nMary Jane. (Live at Montreux Jazz Festival)<br \/>\nIce Cream Man. (Live at Montreux Jazz Festival)<\/p>\n<p><strong>SIDE B<\/strong><br \/>\nGenesis. (Live at Montreux Jazz Festival)<br \/>\nIt\u2019s A Man\u2019s Man\u2019s Man\u2019s World (Live at Montreux Jazz Festival)<br \/>\nEscapism. (Live at Montreux Jazz Festival)<\/p>\n","protected":false},"excerpt":{"rendered":"<p>\u00c0 peine deux mois apr\u00e8s son concert \u00e9poustouflant sur la Sc\u00e8ne du Lac, RAYE immortalise sa prestation sur un vinyle live en \u00e9dition limit\u00e9e.<\/p>\n<p>RAYE a personnellement souhait\u00e9 c\u00e9l\u00e9brer son passage \u00e0 Montreux avec une sortie d\u2019album officiel. Ce soir-l\u00e0, elle s\u2019est produite pour la premi\u00e8re fois devant son grand-p\u00e8re suisse, originaire d\u2019Appenzell. Cet instant pr\u00e9cieux est illustr\u00e9 sur la pochette de l\u2019album avec un portrait capt\u00e9 \u00e0 la sortie du concert par le photographe Anoush Abrar.<\/p>\n<p>Enregistr\u00e9 le 18 juillet 2024, l\u2019album comprend sept morceaux, dont ses tubes \u00abEscapism\u00bb, \u00abGenesis\u00bb et une interpr\u00e9tation intense de \u00abIt\u2019s a Man\u2019s Man\u2019s Man\u2019s World\u00bb, que James Brown avait chant\u00e9 au Festival en 1981.<\/p>\n","protected":false},"featured_media":1693,"template":"","meta":{"_acf_changed":false},"artist":[],"artist-category":[],"edition":[163],"product_brand":[],"product_cat":[323,304,305],"product_tag":[],"class_list":{"0":"post-4702","1":"product","2":"type-product","3":"status-publish","4":"has-post-thumbnail","6":"edition-163","7":"product_cat-dvd-cd","8":"product_cat-musique","9":"product_cat-vinyls-fr","10":"product_shipping_class-petits-objets-et-dvd","12":"first","13":"outofstock","14":"taxable","15":"shipping-taxable","16":"purchasable","17":"product-type-simple"},"bundled_by":[],"bundle_stock_status":"outofstock","bundle_stock_quantity":0,"bundle_virtual":false,"bundle_layout":"","bundle_add_to_cart_form_location":"","bundle_editable_in_cart":false,"bundle_sold_individually_context":"","bundle_item_grouping":"","bundle_min_size":"","bundle_max_size":"","bundle_price":[],"bundled_items":[],"bundle_sell_ids":[],"acf":[],"yoast_head":"<!-- This site is optimized with the Yoast SEO Premium plugin v26.4 (Yoast SEO v27.4) - https:\/\/yoast.com\/product\/yoast-seo-premium-wordpress\/ -->\n<title>RAYE, Live at Montreux Jazz Festival, Vinyle - Montreux Jazz Festival Shop<\/title>\n<meta name=\"description\" content=\"RAYE immortalise sa prestation sur un vinyle live en \u00e9dition limit\u00e9e Live at Montreux Jazz Festival. Escapism, Genesis. James Brown 1981\" \/>\n<meta name=\"robots\" content=\"index, follow, max-snippet:-1, max-image-preview:large, max-video-preview:-1\" \/>\n<link rel=\"canonical\" href=\"https:\/\/www.montreuxjazzshop.com\/fr\/boutique\/musique\/dvd-cd\/raye-live-at-montreux-jazz-festival-vinyle\/\" \/>\n<meta property=\"og:locale\" content=\"fr_FR\" \/>\n<meta property=\"og:type\" content=\"article\" \/>\n<meta property=\"og:title\" content=\"RAYE, Live at Montreux Jazz Festival, Vinyle\" \/>\n<meta property=\"og:description\" content=\"RAYE immortalise sa prestation sur un vinyle live en \u00e9dition limit\u00e9e Live at Montreux Jazz Festival. Escapism, Genesis. James Brown 1981\" \/>\n<meta property=\"og:url\" content=\"https:\/\/www.montreuxjazzshop.com\/fr\/boutique\/musique\/dvd-cd\/raye-live-at-montreux-jazz-festival-vinyle\/\" \/>\n<meta property=\"og:site_name\" content=\"Montreux Jazz Festival Shop\" \/>\n<meta property=\"article:publisher\" content=\"https:\/\/www.facebook.com\/montreuxjazzfestival\" \/>\n<meta property=\"article:modified_time\" content=\"2026-02-24T13:36:42+00:00\" \/>\n<meta property=\"og:image\" content=\"https:\/\/www.montreuxjazzshop.com\/wp-content\/uploads\/2025\/05\/RAYE_MJF24-Vinyl-1.jpg\" \/>\n\t<meta property=\"og:image:width\" content=\"1500\" \/>\n\t<meta property=\"og:image:height\" content=\"1500\" \/>\n\t<meta property=\"og:image:type\" content=\"image\/jpeg\" \/>\n<meta name=\"twitter:card\" content=\"summary_large_image\" \/>\n<meta name=\"twitter:site\" content=\"@MontreuxJazz\" \/>\n<script type=\"application\/ld+json\" class=\"yoast-schema-graph\">{\"@context\":\"https:\\\/\\\/schema.org\",\"@graph\":[{\"@type\":\"WebPage\",\"@id\":\"https:\\\/\\\/www.montreuxjazzshop.com\\\/fr\\\/boutique\\\/musique\\\/dvd-cd\\\/raye-live-at-montreux-jazz-festival-vinyle\\\/\",\"url\":\"https:\\\/\\\/www.montreuxjazzshop.com\\\/fr\\\/boutique\\\/musique\\\/dvd-cd\\\/raye-live-at-montreux-jazz-festival-vinyle\\\/\",\"name\":\"RAYE, Live at Montreux Jazz Festival, Vinyle - Montreux Jazz Festival Shop\",\"isPartOf\":{\"@id\":\"https:\\\/\\\/www.montreuxjazzshop.com\\\/fr\\\/#website\"},\"primaryImageOfPage\":{\"@id\":\"https:\\\/\\\/www.montreuxjazzshop.com\\\/fr\\\/boutique\\\/musique\\\/dvd-cd\\\/raye-live-at-montreux-jazz-festival-vinyle\\\/#primaryimage\"},\"image\":{\"@id\":\"https:\\\/\\\/www.montreuxjazzshop.com\\\/fr\\\/boutique\\\/musique\\\/dvd-cd\\\/raye-live-at-montreux-jazz-festival-vinyle\\\/#primaryimage\"},\"thumbnailUrl\":\"https:\\\/\\\/www.montreuxjazzshop.com\\\/wp-content\\\/uploads\\\/2025\\\/05\\\/RAYE_MJF24-Vinyl-1.jpg\",\"datePublished\":\"2025-09-11T13:25:39+00:00\",\"dateModified\":\"2026-02-24T13:36:42+00:00\",\"description\":\"RAYE immortalise sa prestation sur un vinyle live en \u00e9dition limit\u00e9e Live at Montreux Jazz Festival. Escapism, Genesis. James Brown 1981\",\"breadcrumb\":{\"@id\":\"https:\\\/\\\/www.montreuxjazzshop.com\\\/fr\\\/boutique\\\/musique\\\/dvd-cd\\\/raye-live-at-montreux-jazz-festival-vinyle\\\/#breadcrumb\"},\"inLanguage\":\"fr-FR\",\"potentialAction\":[{\"@type\":\"ReadAction\",\"target\":[\"https:\\\/\\\/www.montreuxjazzshop.com\\\/fr\\\/boutique\\\/musique\\\/dvd-cd\\\/raye-live-at-montreux-jazz-festival-vinyle\\\/\"]}]},{\"@type\":\"ImageObject\",\"inLanguage\":\"fr-FR\",\"@id\":\"https:\\\/\\\/www.montreuxjazzshop.com\\\/fr\\\/boutique\\\/musique\\\/dvd-cd\\\/raye-live-at-montreux-jazz-festival-vinyle\\\/#primaryimage\",\"url\":\"https:\\\/\\\/www.montreuxjazzshop.com\\\/wp-content\\\/uploads\\\/2025\\\/05\\\/RAYE_MJF24-Vinyl-1.jpg\",\"contentUrl\":\"https:\\\/\\\/www.montreuxjazzshop.com\\\/wp-content\\\/uploads\\\/2025\\\/05\\\/RAYE_MJF24-Vinyl-1.jpg\",\"width\":1500,\"height\":1500,\"caption\":\"Un disque vinyle de couleur havane sort d'une pochette rouge orn\u00e9e d'un lettrage gras et d'une image de RAYE, c\u00e9l\u00e9brant la sortie de \\\"RAYE, Live at Montreux Jazz Festival, Vinyle\\\".\"},{\"@type\":\"BreadcrumbList\",\"@id\":\"https:\\\/\\\/www.montreuxjazzshop.com\\\/fr\\\/boutique\\\/musique\\\/dvd-cd\\\/raye-live-at-montreux-jazz-festival-vinyle\\\/#breadcrumb\",\"itemListElement\":[{\"@type\":\"ListItem\",\"position\":1,\"name\":\"Accueil\",\"item\":\"https:\\\/\\\/www.montreuxjazzshop.com\\\/fr\\\/\"},{\"@type\":\"ListItem\",\"position\":2,\"name\":\"Boutique\",\"item\":\"https:\\\/\\\/www.montreuxjazzshop.com\\\/fr\\\/boutique\\\/\"},{\"@type\":\"ListItem\",\"position\":3,\"name\":\"RAYE, Live at Montreux Jazz Festival, Vinyle\"}]},{\"@type\":\"WebSite\",\"@id\":\"https:\\\/\\\/www.montreuxjazzshop.com\\\/fr\\\/#website\",\"url\":\"https:\\\/\\\/www.montreuxjazzshop.com\\\/fr\\\/\",\"name\":\"Montreux Jazz Shop\",\"description\":\"The Montreux Jazz Festival shop\",\"potentialAction\":[{\"@type\":\"SearchAction\",\"target\":{\"@type\":\"EntryPoint\",\"urlTemplate\":\"https:\\\/\\\/www.montreuxjazzshop.com\\\/fr\\\/?s={search_term_string}\"},\"query-input\":{\"@type\":\"PropertyValueSpecification\",\"valueRequired\":true,\"valueName\":\"search_term_string\"}}],\"inLanguage\":\"fr-FR\"}]}<\/script>\n<meta property=\"product:price:amount\" content=\"25.00\" \/>\n<meta property=\"product:price:currency\" content=\"CHF\" \/>\n<meta property=\"og:availability\" content=\"out of stock\" \/>\n<meta property=\"product:availability\" content=\"out of stock\" \/>\n<meta property=\"product:retailer_item_id\" content=\"1 98588 96869 7\" \/>\n<meta property=\"product:condition\" content=\"new\" \/>\n<!-- \/ Yoast SEO Premium plugin. -->","yoast_head_json":{"title":"RAYE, Live at Montreux Jazz Festival, Vinyle - Montreux Jazz Festival Shop","description":"RAYE immortalise sa prestation sur un vinyle live en \u00e9dition limit\u00e9e Live at Montreux Jazz Festival. Escapism, Genesis. James Brown 1981","robots":{"index":"index","follow":"follow","max-snippet":"max-snippet:-1","max-image-preview":"max-image-preview:large","max-video-preview":"max-video-preview:-1"},"canonical":"https:\/\/www.montreuxjazzshop.com\/fr\/boutique\/musique\/dvd-cd\/raye-live-at-montreux-jazz-festival-vinyle\/","og_locale":"fr_FR","og_type":"article","og_title":"RAYE, Live at Montreux Jazz Festival, Vinyle","og_description":"RAYE immortalise sa prestation sur un vinyle live en \u00e9dition limit\u00e9e Live at Montreux Jazz Festival. Escapism, Genesis. James Brown 1981","og_url":"https:\/\/www.montreuxjazzshop.com\/fr\/boutique\/musique\/dvd-cd\/raye-live-at-montreux-jazz-festival-vinyle\/","og_site_name":"Montreux Jazz Festival Shop","article_publisher":"https:\/\/www.facebook.com\/montreuxjazzfestival","article_modified_time":"2026-02-24T13:36:42+00:00","og_image":[{"width":1500,"height":1500,"url":"https:\/\/www.montreuxjazzshop.com\/wp-content\/uploads\/2025\/05\/RAYE_MJF24-Vinyl-1.jpg","type":"image\/jpeg"}],"twitter_card":"summary_large_image","twitter_site":"@MontreuxJazz","schema":{"@context":"https:\/\/schema.org","@graph":[{"@type":"WebPage","@id":"https:\/\/www.montreuxjazzshop.com\/fr\/boutique\/musique\/dvd-cd\/raye-live-at-montreux-jazz-festival-vinyle\/","url":"https:\/\/www.montreuxjazzshop.com\/fr\/boutique\/musique\/dvd-cd\/raye-live-at-montreux-jazz-festival-vinyle\/","name":"RAYE, Live at Montreux Jazz Festival, Vinyle - Montreux Jazz Festival Shop","isPartOf":{"@id":"https:\/\/www.montreuxjazzshop.com\/fr\/#website"},"primaryImageOfPage":{"@id":"https:\/\/www.montreuxjazzshop.com\/fr\/boutique\/musique\/dvd-cd\/raye-live-at-montreux-jazz-festival-vinyle\/#primaryimage"},"image":{"@id":"https:\/\/www.montreuxjazzshop.com\/fr\/boutique\/musique\/dvd-cd\/raye-live-at-montreux-jazz-festival-vinyle\/#primaryimage"},"thumbnailUrl":"https:\/\/www.montreuxjazzshop.com\/wp-content\/uploads\/2025\/05\/RAYE_MJF24-Vinyl-1.jpg","datePublished":"2025-09-11T13:25:39+00:00","dateModified":"2026-02-24T13:36:42+00:00","description":"RAYE immortalise sa prestation sur un vinyle live en \u00e9dition limit\u00e9e Live at Montreux Jazz Festival. Escapism, Genesis. James Brown 1981","breadcrumb":{"@id":"https:\/\/www.montreuxjazzshop.com\/fr\/boutique\/musique\/dvd-cd\/raye-live-at-montreux-jazz-festival-vinyle\/#breadcrumb"},"inLanguage":"fr-FR","potentialAction":[{"@type":"ReadAction","target":["https:\/\/www.montreuxjazzshop.com\/fr\/boutique\/musique\/dvd-cd\/raye-live-at-montreux-jazz-festival-vinyle\/"]}]},{"@type":"ImageObject","inLanguage":"fr-FR","@id":"https:\/\/www.montreuxjazzshop.com\/fr\/boutique\/musique\/dvd-cd\/raye-live-at-montreux-jazz-festival-vinyle\/#primaryimage","url":"https:\/\/www.montreuxjazzshop.com\/wp-content\/uploads\/2025\/05\/RAYE_MJF24-Vinyl-1.jpg","contentUrl":"https:\/\/www.montreuxjazzshop.com\/wp-content\/uploads\/2025\/05\/RAYE_MJF24-Vinyl-1.jpg","width":1500,"height":1500,"caption":"Un disque vinyle de couleur havane sort d'une pochette rouge orn\u00e9e d'un lettrage gras et d'une image de RAYE, c\u00e9l\u00e9brant la sortie de \"RAYE, Live at Montreux Jazz Festival, Vinyle\"."},{"@type":"BreadcrumbList","@id":"https:\/\/www.montreuxjazzshop.com\/fr\/boutique\/musique\/dvd-cd\/raye-live-at-montreux-jazz-festival-vinyle\/#breadcrumb","itemListElement":[{"@type":"ListItem","position":1,"name":"Accueil","item":"https:\/\/www.montreuxjazzshop.com\/fr\/"},{"@type":"ListItem","position":2,"name":"Boutique","item":"https:\/\/www.montreuxjazzshop.com\/fr\/boutique\/"},{"@type":"ListItem","position":3,"name":"RAYE, Live at Montreux Jazz Festival, Vinyle"}]},{"@type":"WebSite","@id":"https:\/\/www.montreuxjazzshop.com\/fr\/#website","url":"https:\/\/www.montreuxjazzshop.com\/fr\/","name":"Montreux Jazz Shop","description":"The Montreux Jazz Festival shop","potentialAction":[{"@type":"SearchAction","target":{"@type":"EntryPoint","urlTemplate":"https:\/\/www.montreuxjazzshop.com\/fr\/?s={search_term_string}"},"query-input":{"@type":"PropertyValueSpecification","valueRequired":true,"valueName":"search_term_string"}}],"inLanguage":"fr-FR"}]},"product_price_amount":"25.00","product_price_currency":"CHF","og_availability":"out of stock","product_availability":"out of stock","product_retailer_item_id":"1 98588 96869 7","product_condition":"new"},"_links":{"self":[{"href":"https:\/\/www.montreuxjazzshop.com\/fr\/wp-json\/wp\/v2\/product\/4702","targetHints":{"allow":["GET"]}}],"collection":[{"href":"https:\/\/www.montreuxjazzshop.com\/fr\/wp-json\/wp\/v2\/product"}],"about":[{"href":"https:\/\/www.montreuxjazzshop.com\/fr\/wp-json\/wp\/v2\/types\/product"}],"wp:featuredmedia":[{"embeddable":true,"href":"https:\/\/www.montreuxjazzshop.com\/fr\/wp-json\/wp\/v2\/media\/1693"}],"wp:attachment":[{"href":"https:\/\/www.montreuxjazzshop.com\/fr\/wp-json\/wp\/v2\/media?parent=4702"}],"wp:term":[{"taxonomy":"artist","embeddable":true,"href":"https:\/\/www.montreuxjazzshop.com\/fr\/wp-json\/wp\/v2\/artist?post=4702"},{"taxonomy":"artist-category","embeddable":true,"href":"https:\/\/www.montreuxjazzshop.com\/fr\/wp-json\/wp\/v2\/artist-category?post=4702"},{"taxonomy":"edition","embeddable":true,"href":"https:\/\/www.montreuxjazzshop.com\/fr\/wp-json\/wp\/v2\/edition?post=4702"},{"taxonomy":"product_brand","embeddable":true,"href":"https:\/\/www.montreuxjazzshop.com\/fr\/wp-json\/wp\/v2\/product_brand?post=4702"},{"taxonomy":"product_cat","embeddable":true,"href":"https:\/\/www.montreuxjazzshop.com\/fr\/wp-json\/wp\/v2\/product_cat?post=4702"},{"taxonomy":"product_tag","embeddable":true,"href":"https:\/\/www.montreuxjazzshop.com\/fr\/wp-json\/wp\/v2\/product_tag?post=4702"}],"curies":[{"name":"wp","href":"https:\/\/api.w.org\/{rel}","templated":true}]}}