{"id":4700,"date":"2025-11-30T14:00:39","date_gmt":"2025-11-30T13:00:39","guid":{"rendered":"https:\/\/www.montreuxjazzshop.com\/?post_type=product&#038;p=4700"},"modified":"2026-03-29T08:50:49","modified_gmt":"2026-03-29T06:50:49","slug":"affiche-malika-favre-2017-edition-limitee-bleu","status":"publish","type":"product","link":"https:\/\/www.montreuxjazzshop.com\/fr\/boutique\/affiches\/affiches-edition-limitee\/affiche-malika-favre-2017-edition-limitee-bleu\/","title":{"rendered":"Affiche Malika Favre, 2017, \u00c9dition Limit\u00e9e Bleu"},"content":{"rendered":"<ul>\n<li>50\u00d770 cm<\/li>\n<li>S\u00e9rigraphie 1 couleur<\/li>\n<li>\u00c9dition limit\u00e9e \u00e0 400 exemplaires<\/li>\n<li>Papier Somerset Satin 300gsm<\/li>\n<li>Sans cadre<\/li>\n<\/ul>\n","protected":false},"excerpt":{"rendered":"<h4>\u00c9dition limit\u00e9e &#8211; 50&#215;70 cm<\/h4>\n<p>Malika Favre, illustratrice fran\u00e7aise, a fait vibrer l&rsquo;affiche de la 51e \u00e9dition. Cette fois-ci, elle revient avec une \u00e9dition limit\u00e9e en bleu \u00e9lectrique, une nuance qui s&rsquo;inspire du c\u00e9l\u00e8bre bleu Majorelle. Ce bleu intense, embl\u00e9matique du jardin Majorelle \u00e0 Marrakech, est reconnu pour sa profondeur envo\u00fbtante et son \u00e9l\u00e9gance intemporelle.<\/p>\n<p>Des femmes aux lignes \u00e9l\u00e9gantes et rythm\u00e9es r\u00e9v\u00e8lent \u00e9galement une double lecture: Six instruments se d\u00e9voilent d\u00e9licatement dans les espaces n\u00e9gatifs.<\/p>\n<p>\u00c9dition limit\u00e9e \u00e0 400 exemplaires. <strong>Sign\u00e9e et num\u00e9rot\u00e9e par l&rsquo;artiste.<\/strong><\/p>\n<p><a href=\"\/fr\/portfolio-item\/malika-favre\/\">En savoir plus sur l&rsquo;artiste<\/a><\/p>\n","protected":false},"featured_media":1688,"template":"","meta":{"_acf_changed":false},"artist":[550],"artist-category":[],"edition":[178],"product_brand":[],"product_cat":[298,343,299,345],"product_tag":[],"class_list":{"0":"post-4700","1":"product","2":"type-product","3":"status-publish","4":"has-post-thumbnail","6":"artist-malika-favre","7":"edition-178","8":"product_cat-affiches","9":"product_cat-affiches-edition-limitee","10":"product_cat-affiches-officielles","11":"product_cat-highlights","12":"product_shipping_class-affiche","14":"first","15":"instock","16":"taxable","17":"shipping-taxable","18":"purchasable","19":"product-type-simple"},"bundled_by":[],"bundle_stock_status":"instock","bundle_stock_quantity":46,"bundle_virtual":false,"bundle_layout":"","bundle_add_to_cart_form_location":"","bundle_editable_in_cart":false,"bundle_sold_individually_context":"","bundle_item_grouping":"","bundle_min_size":"","bundle_max_size":"","bundle_price":[],"bundled_items":[],"bundle_sell_ids":[],"acf":[],"yoast_head":"<!-- This site is optimized with the Yoast SEO Premium plugin v26.4 (Yoast SEO v27.4) - https:\/\/yoast.com\/product\/yoast-seo-premium-wordpress\/ -->\n<title>Affiche Malika Favre, 2017, \u00c9dition Limit\u00e9e Bleu - Montreux Jazz Festival Shop<\/title>\n<meta name=\"description\" content=\"Malika Favre, illustratrice a fait danser l\u2019affiche de la 51e \u00e9dition. Elle revient en 2024 avec une \u00e9dition limit\u00e9e. Bleu Majorelle. Electric Blue.\" \/>\n<meta name=\"robots\" content=\"index, follow, max-snippet:-1, max-image-preview:large, max-video-preview:-1\" \/>\n<link rel=\"canonical\" href=\"https:\/\/www.montreuxjazzshop.com\/fr\/boutique\/affiches\/affiches-edition-limitee\/affiche-malika-favre-2017-edition-limitee-bleu\/\" \/>\n<meta property=\"og:locale\" content=\"fr_FR\" \/>\n<meta property=\"og:type\" content=\"article\" \/>\n<meta property=\"og:title\" content=\"Affiche Malika Favre, 2017, \u00c9dition Limit\u00e9e Bleu\" \/>\n<meta property=\"og:description\" content=\"Malika Favre, illustratrice a fait danser l\u2019affiche de la 51e \u00e9dition. Elle revient en 2024 avec une \u00e9dition limit\u00e9e. Bleu Majorelle. Electric Blue.\" \/>\n<meta property=\"og:url\" content=\"https:\/\/www.montreuxjazzshop.com\/fr\/boutique\/affiches\/affiches-edition-limitee\/affiche-malika-favre-2017-edition-limitee-bleu\/\" \/>\n<meta property=\"og:site_name\" content=\"Montreux Jazz Festival Shop\" \/>\n<meta property=\"article:publisher\" content=\"https:\/\/www.facebook.com\/montreuxjazzfestival\" \/>\n<meta property=\"article:modified_time\" content=\"2026-03-29T06:50:49+00:00\" \/>\n<meta property=\"og:image\" content=\"https:\/\/www.montreuxjazzshop.com\/wp-content\/uploads\/2025\/05\/MJF-Affiches-Ed-Limitee-MalikaFavre-BleuMajorelle-1.jpg\" \/>\n\t<meta property=\"og:image:width\" content=\"1500\" \/>\n\t<meta property=\"og:image:height\" content=\"1500\" \/>\n\t<meta property=\"og:image:type\" content=\"image\/jpeg\" \/>\n<meta name=\"twitter:card\" content=\"summary_large_image\" \/>\n<meta name=\"twitter:site\" content=\"@MontreuxJazz\" \/>\n<script type=\"application\/ld+json\" class=\"yoast-schema-graph\">{\"@context\":\"https:\\\/\\\/schema.org\",\"@graph\":[{\"@type\":\"WebPage\",\"@id\":\"https:\\\/\\\/www.montreuxjazzshop.com\\\/fr\\\/boutique\\\/affiches\\\/affiches-edition-limitee\\\/affiche-malika-favre-2017-edition-limitee-bleu\\\/\",\"url\":\"https:\\\/\\\/www.montreuxjazzshop.com\\\/fr\\\/boutique\\\/affiches\\\/affiches-edition-limitee\\\/affiche-malika-favre-2017-edition-limitee-bleu\\\/\",\"name\":\"Affiche Malika Favre, 2017, \u00c9dition Limit\u00e9e Bleu - Montreux Jazz Festival Shop\",\"isPartOf\":{\"@id\":\"https:\\\/\\\/www.montreuxjazzshop.com\\\/fr\\\/#website\"},\"primaryImageOfPage\":{\"@id\":\"https:\\\/\\\/www.montreuxjazzshop.com\\\/fr\\\/boutique\\\/affiches\\\/affiches-edition-limitee\\\/affiche-malika-favre-2017-edition-limitee-bleu\\\/#primaryimage\"},\"image\":{\"@id\":\"https:\\\/\\\/www.montreuxjazzshop.com\\\/fr\\\/boutique\\\/affiches\\\/affiches-edition-limitee\\\/affiche-malika-favre-2017-edition-limitee-bleu\\\/#primaryimage\"},\"thumbnailUrl\":\"https:\\\/\\\/www.montreuxjazzshop.com\\\/wp-content\\\/uploads\\\/2025\\\/05\\\/MJF-Affiches-Ed-Limitee-MalikaFavre-BleuMajorelle-1.jpg\",\"datePublished\":\"2025-11-30T13:00:39+00:00\",\"dateModified\":\"2026-03-29T06:50:49+00:00\",\"description\":\"Malika Favre, illustratrice a fait danser l\u2019affiche de la 51e \u00e9dition. Elle revient en 2024 avec une \u00e9dition limit\u00e9e. Bleu Majorelle. Electric Blue.\",\"breadcrumb\":{\"@id\":\"https:\\\/\\\/www.montreuxjazzshop.com\\\/fr\\\/boutique\\\/affiches\\\/affiches-edition-limitee\\\/affiche-malika-favre-2017-edition-limitee-bleu\\\/#breadcrumb\"},\"inLanguage\":\"fr-FR\",\"potentialAction\":[{\"@type\":\"ReadAction\",\"target\":[\"https:\\\/\\\/www.montreuxjazzshop.com\\\/fr\\\/boutique\\\/affiches\\\/affiches-edition-limitee\\\/affiche-malika-favre-2017-edition-limitee-bleu\\\/\"]}]},{\"@type\":\"ImageObject\",\"inLanguage\":\"fr-FR\",\"@id\":\"https:\\\/\\\/www.montreuxjazzshop.com\\\/fr\\\/boutique\\\/affiches\\\/affiches-edition-limitee\\\/affiche-malika-favre-2017-edition-limitee-bleu\\\/#primaryimage\",\"url\":\"https:\\\/\\\/www.montreuxjazzshop.com\\\/wp-content\\\/uploads\\\/2025\\\/05\\\/MJF-Affiches-Ed-Limitee-MalikaFavre-BleuMajorelle-1.jpg\",\"contentUrl\":\"https:\\\/\\\/www.montreuxjazzshop.com\\\/wp-content\\\/uploads\\\/2025\\\/05\\\/MJF-Affiches-Ed-Limitee-MalikaFavre-BleuMajorelle-1.jpg\",\"width\":1500,\"height\":1500,\"caption\":\"Une affiche encadr\u00e9e Affiche Malika Favre, 2017, \u00c9dition Limit\u00e9e Bleu avec des figures abstraites dansantes bleues sur fond blanc et les d\u00e9tails du 51e Montreux Jazz Festival (30 juin-15 juillet 2017) dans le coin inf\u00e9rieur gauche.\"},{\"@type\":\"BreadcrumbList\",\"@id\":\"https:\\\/\\\/www.montreuxjazzshop.com\\\/fr\\\/boutique\\\/affiches\\\/affiches-edition-limitee\\\/affiche-malika-favre-2017-edition-limitee-bleu\\\/#breadcrumb\",\"itemListElement\":[{\"@type\":\"ListItem\",\"position\":1,\"name\":\"Accueil\",\"item\":\"https:\\\/\\\/www.montreuxjazzshop.com\\\/fr\\\/\"},{\"@type\":\"ListItem\",\"position\":2,\"name\":\"Boutique\",\"item\":\"https:\\\/\\\/www.montreuxjazzshop.com\\\/fr\\\/boutique\\\/\"},{\"@type\":\"ListItem\",\"position\":3,\"name\":\"Affiche Malika Favre, 2017, \u00c9dition Limit\u00e9e Bleu\"}]},{\"@type\":\"WebSite\",\"@id\":\"https:\\\/\\\/www.montreuxjazzshop.com\\\/fr\\\/#website\",\"url\":\"https:\\\/\\\/www.montreuxjazzshop.com\\\/fr\\\/\",\"name\":\"Montreux Jazz Shop\",\"description\":\"The Montreux Jazz Festival shop\",\"potentialAction\":[{\"@type\":\"SearchAction\",\"target\":{\"@type\":\"EntryPoint\",\"urlTemplate\":\"https:\\\/\\\/www.montreuxjazzshop.com\\\/fr\\\/?s={search_term_string}\"},\"query-input\":{\"@type\":\"PropertyValueSpecification\",\"valueRequired\":true,\"valueName\":\"search_term_string\"}}],\"inLanguage\":\"fr-FR\"}]}<\/script>\n<meta property=\"product:price:amount\" content=\"280.00\" \/>\n<meta property=\"product:price:currency\" content=\"CHF\" \/>\n<meta property=\"og:availability\" content=\"instock\" \/>\n<meta property=\"product:availability\" content=\"instock\" \/>\n<meta property=\"product:retailer_item_id\" content=\"1002100402017\" \/>\n<meta property=\"product:condition\" content=\"new\" \/>\n<!-- \/ Yoast SEO Premium plugin. -->","yoast_head_json":{"title":"Affiche Malika Favre, 2017, \u00c9dition Limit\u00e9e Bleu - Montreux Jazz Festival Shop","description":"Malika Favre, illustratrice a fait danser l\u2019affiche de la 51e \u00e9dition. Elle revient en 2024 avec une \u00e9dition limit\u00e9e. Bleu Majorelle. Electric Blue.","robots":{"index":"index","follow":"follow","max-snippet":"max-snippet:-1","max-image-preview":"max-image-preview:large","max-video-preview":"max-video-preview:-1"},"canonical":"https:\/\/www.montreuxjazzshop.com\/fr\/boutique\/affiches\/affiches-edition-limitee\/affiche-malika-favre-2017-edition-limitee-bleu\/","og_locale":"fr_FR","og_type":"article","og_title":"Affiche Malika Favre, 2017, \u00c9dition Limit\u00e9e Bleu","og_description":"Malika Favre, illustratrice a fait danser l\u2019affiche de la 51e \u00e9dition. Elle revient en 2024 avec une \u00e9dition limit\u00e9e. Bleu Majorelle. Electric Blue.","og_url":"https:\/\/www.montreuxjazzshop.com\/fr\/boutique\/affiches\/affiches-edition-limitee\/affiche-malika-favre-2017-edition-limitee-bleu\/","og_site_name":"Montreux Jazz Festival Shop","article_publisher":"https:\/\/www.facebook.com\/montreuxjazzfestival","article_modified_time":"2026-03-29T06:50:49+00:00","og_image":[{"width":1500,"height":1500,"url":"https:\/\/www.montreuxjazzshop.com\/wp-content\/uploads\/2025\/05\/MJF-Affiches-Ed-Limitee-MalikaFavre-BleuMajorelle-1.jpg","type":"image\/jpeg"}],"twitter_card":"summary_large_image","twitter_site":"@MontreuxJazz","schema":{"@context":"https:\/\/schema.org","@graph":[{"@type":"WebPage","@id":"https:\/\/www.montreuxjazzshop.com\/fr\/boutique\/affiches\/affiches-edition-limitee\/affiche-malika-favre-2017-edition-limitee-bleu\/","url":"https:\/\/www.montreuxjazzshop.com\/fr\/boutique\/affiches\/affiches-edition-limitee\/affiche-malika-favre-2017-edition-limitee-bleu\/","name":"Affiche Malika Favre, 2017, \u00c9dition Limit\u00e9e Bleu - Montreux Jazz Festival Shop","isPartOf":{"@id":"https:\/\/www.montreuxjazzshop.com\/fr\/#website"},"primaryImageOfPage":{"@id":"https:\/\/www.montreuxjazzshop.com\/fr\/boutique\/affiches\/affiches-edition-limitee\/affiche-malika-favre-2017-edition-limitee-bleu\/#primaryimage"},"image":{"@id":"https:\/\/www.montreuxjazzshop.com\/fr\/boutique\/affiches\/affiches-edition-limitee\/affiche-malika-favre-2017-edition-limitee-bleu\/#primaryimage"},"thumbnailUrl":"https:\/\/www.montreuxjazzshop.com\/wp-content\/uploads\/2025\/05\/MJF-Affiches-Ed-Limitee-MalikaFavre-BleuMajorelle-1.jpg","datePublished":"2025-11-30T13:00:39+00:00","dateModified":"2026-03-29T06:50:49+00:00","description":"Malika Favre, illustratrice a fait danser l\u2019affiche de la 51e \u00e9dition. Elle revient en 2024 avec une \u00e9dition limit\u00e9e. Bleu Majorelle. Electric Blue.","breadcrumb":{"@id":"https:\/\/www.montreuxjazzshop.com\/fr\/boutique\/affiches\/affiches-edition-limitee\/affiche-malika-favre-2017-edition-limitee-bleu\/#breadcrumb"},"inLanguage":"fr-FR","potentialAction":[{"@type":"ReadAction","target":["https:\/\/www.montreuxjazzshop.com\/fr\/boutique\/affiches\/affiches-edition-limitee\/affiche-malika-favre-2017-edition-limitee-bleu\/"]}]},{"@type":"ImageObject","inLanguage":"fr-FR","@id":"https:\/\/www.montreuxjazzshop.com\/fr\/boutique\/affiches\/affiches-edition-limitee\/affiche-malika-favre-2017-edition-limitee-bleu\/#primaryimage","url":"https:\/\/www.montreuxjazzshop.com\/wp-content\/uploads\/2025\/05\/MJF-Affiches-Ed-Limitee-MalikaFavre-BleuMajorelle-1.jpg","contentUrl":"https:\/\/www.montreuxjazzshop.com\/wp-content\/uploads\/2025\/05\/MJF-Affiches-Ed-Limitee-MalikaFavre-BleuMajorelle-1.jpg","width":1500,"height":1500,"caption":"Une affiche encadr\u00e9e Affiche Malika Favre, 2017, \u00c9dition Limit\u00e9e Bleu avec des figures abstraites dansantes bleues sur fond blanc et les d\u00e9tails du 51e Montreux Jazz Festival (30 juin-15 juillet 2017) dans le coin inf\u00e9rieur gauche."},{"@type":"BreadcrumbList","@id":"https:\/\/www.montreuxjazzshop.com\/fr\/boutique\/affiches\/affiches-edition-limitee\/affiche-malika-favre-2017-edition-limitee-bleu\/#breadcrumb","itemListElement":[{"@type":"ListItem","position":1,"name":"Accueil","item":"https:\/\/www.montreuxjazzshop.com\/fr\/"},{"@type":"ListItem","position":2,"name":"Boutique","item":"https:\/\/www.montreuxjazzshop.com\/fr\/boutique\/"},{"@type":"ListItem","position":3,"name":"Affiche Malika Favre, 2017, \u00c9dition Limit\u00e9e Bleu"}]},{"@type":"WebSite","@id":"https:\/\/www.montreuxjazzshop.com\/fr\/#website","url":"https:\/\/www.montreuxjazzshop.com\/fr\/","name":"Montreux Jazz Shop","description":"The Montreux Jazz Festival shop","potentialAction":[{"@type":"SearchAction","target":{"@type":"EntryPoint","urlTemplate":"https:\/\/www.montreuxjazzshop.com\/fr\/?s={search_term_string}"},"query-input":{"@type":"PropertyValueSpecification","valueRequired":true,"valueName":"search_term_string"}}],"inLanguage":"fr-FR"}]},"product_price_amount":"280.00","product_price_currency":"CHF","og_availability":"instock","product_availability":"instock","product_retailer_item_id":"1002100402017","product_condition":"new"},"_links":{"self":[{"href":"https:\/\/www.montreuxjazzshop.com\/fr\/wp-json\/wp\/v2\/product\/4700","targetHints":{"allow":["GET"]}}],"collection":[{"href":"https:\/\/www.montreuxjazzshop.com\/fr\/wp-json\/wp\/v2\/product"}],"about":[{"href":"https:\/\/www.montreuxjazzshop.com\/fr\/wp-json\/wp\/v2\/types\/product"}],"wp:featuredmedia":[{"embeddable":true,"href":"https:\/\/www.montreuxjazzshop.com\/fr\/wp-json\/wp\/v2\/media\/1688"}],"wp:attachment":[{"href":"https:\/\/www.montreuxjazzshop.com\/fr\/wp-json\/wp\/v2\/media?parent=4700"}],"wp:term":[{"taxonomy":"artist","embeddable":true,"href":"https:\/\/www.montreuxjazzshop.com\/fr\/wp-json\/wp\/v2\/artist?post=4700"},{"taxonomy":"artist-category","embeddable":true,"href":"https:\/\/www.montreuxjazzshop.com\/fr\/wp-json\/wp\/v2\/artist-category?post=4700"},{"taxonomy":"edition","embeddable":true,"href":"https:\/\/www.montreuxjazzshop.com\/fr\/wp-json\/wp\/v2\/edition?post=4700"},{"taxonomy":"product_brand","embeddable":true,"href":"https:\/\/www.montreuxjazzshop.com\/fr\/wp-json\/wp\/v2\/product_brand?post=4700"},{"taxonomy":"product_cat","embeddable":true,"href":"https:\/\/www.montreuxjazzshop.com\/fr\/wp-json\/wp\/v2\/product_cat?post=4700"},{"taxonomy":"product_tag","embeddable":true,"href":"https:\/\/www.montreuxjazzshop.com\/fr\/wp-json\/wp\/v2\/product_tag?post=4700"}],"curies":[{"name":"wp","href":"https:\/\/api.w.org\/{rel}","templated":true}]}}