{"id":4676,"date":"2025-11-29T10:00:31","date_gmt":"2025-11-29T09:00:31","guid":{"rendered":"https:\/\/www.montreuxjazzshop.com\/?post_type=product&#038;p=4676"},"modified":"2026-01-14T11:16:12","modified_gmt":"2026-01-14T10:16:12","slug":"t-shirt-rylsee-poulpe-baby-montreux-jazz","status":"publish","type":"product","link":"https:\/\/www.montreuxjazzshop.com\/fr\/boutique\/textile\/textile-enfants\/t-shirt-rylsee-poulpe-baby-montreux-jazz\/","title":{"rendered":"T-Shirt Rylsee Poulpe, Baby"},"content":{"rendered":"<ul>\n<li>Qualit\u00e9: 100% Cotton &#8211; Organic Ring Spun Combed &#8211; 155 gm2<\/li>\n<li>Couleur: butter<\/li>\n<li>Shell &#8211; Single Jersey<\/li>\n<li>Fabric washed<\/li>\n<\/ul>\n","protected":false},"excerpt":{"rendered":"<h3>Collection Mini Performer<\/h3>\n<p class=\"p1\"><span class=\"s1\">Ce t-shirt pour b\u00e9b\u00e9 avec bouton de pression, fait partie de la gamme Rylsee. <\/span><\/p>\n<p class=\"p1\"><span class=\"s1\">Fresque\u00a0<i>street art<\/i>\u00a0ludique et fourmillant de d\u00e9tails, l\u2019\u0153uvre de l\u2019artiste genevois Rylsee capture l\u2019effervescence d\u2019une folle soir\u00e9e au Montreux Jazz Festival en se focalisant sur les festivaliers et leurs histoires.<\/span><\/p>\n<p class=\"p1\"><span class=\"s1\">\u00c0 la mani\u00e8re d\u2019un\u00a0<i>O\u00f9 est Charlie<\/i>, Rylsee a peupl\u00e9 son \u0153uvre de multiples sc\u00e8nes de la vie quotidienne du Festival. Chaque regard port\u00e9 sur l\u2019affiche r\u00e9v\u00e8le de nouvelles r\u00e9f\u00e9rences et aventures. \u00c0 vous de d\u00e9nicher les situations les plus cocasses!<\/span><\/p>\n<p class=\"p1\"><span class=\"s1\"><a href=\"https:\/\/www.montreuxjazzshop.com\/fr\/portfolio-item\/rylsee\/\">En savoir plus sur l\u2019artiste<\/a><\/span><\/p>\n","protected":false},"featured_media":1633,"template":"","meta":{"_acf_changed":false},"artist":[],"artist-category":[],"edition":[],"product_brand":[],"product_cat":[329,330,345,301,302],"product_tag":[],"class_list":{"0":"post-4676","1":"product","2":"type-product","3":"status-publish","4":"has-post-thumbnail","6":"product_cat-textile-enfants","7":"product_cat-enfants","8":"product_cat-highlights","9":"product_cat-t-shirts-2","10":"product_cat-textile","11":"product_shipping_class-accessoires-et-textile","13":"first","14":"instock","15":"taxable","16":"shipping-taxable","17":"purchasable","18":"product-type-variable","19":"wvs-archive-product-wrapper"},"bundled_by":[],"bundle_stock_status":"instock","bundle_stock_quantity":null,"bundle_virtual":false,"bundle_layout":"","bundle_add_to_cart_form_location":"","bundle_editable_in_cart":false,"bundle_sold_individually_context":"","bundle_item_grouping":"","bundle_min_size":"","bundle_max_size":"","bundle_price":[],"bundled_items":[],"bundle_sell_ids":[],"acf":[],"yoast_head":"<!-- This site is optimized with the Yoast SEO Premium plugin v26.4 (Yoast SEO v27.4) - https:\/\/yoast.com\/product\/yoast-seo-premium-wordpress\/ -->\n<title>T-Shirt Rylsee Poulpe, Baby - Montreux Jazz Festival Shop<\/title>\n<meta name=\"description\" content=\"T-Shirt Baby Rylsee Poulpe Montreux Jazz Music Festival. T-shirt pour b\u00e9b\u00e9 unisexe. 1 bouton pression pour faciliter le passage de la t\u00eate de votre enfant.\" \/>\n<meta name=\"robots\" content=\"index, follow, max-snippet:-1, max-image-preview:large, max-video-preview:-1\" \/>\n<link rel=\"canonical\" href=\"https:\/\/www.montreuxjazzshop.com\/fr\/boutique\/textile\/textile-enfants\/t-shirt-rylsee-poulpe-baby-montreux-jazz\/\" \/>\n<meta property=\"og:locale\" content=\"fr_FR\" \/>\n<meta property=\"og:type\" content=\"article\" \/>\n<meta property=\"og:title\" content=\"T-Shirt Rylsee Poulpe, Baby\" \/>\n<meta property=\"og:description\" content=\"T-Shirt Baby Rylsee Poulpe Montreux Jazz Music Festival. T-shirt pour b\u00e9b\u00e9 unisexe. 1 bouton pression pour faciliter le passage de la t\u00eate de votre enfant.\" \/>\n<meta property=\"og:url\" content=\"https:\/\/www.montreuxjazzshop.com\/fr\/boutique\/textile\/textile-enfants\/t-shirt-rylsee-poulpe-baby-montreux-jazz\/\" \/>\n<meta property=\"og:site_name\" content=\"Montreux Jazz Festival Shop\" \/>\n<meta property=\"article:publisher\" content=\"https:\/\/www.facebook.com\/montreuxjazzfestival\" \/>\n<meta property=\"article:modified_time\" content=\"2026-01-14T10:16:12+00:00\" \/>\n<meta property=\"og:image\" content=\"https:\/\/www.montreuxjazzshop.com\/wp-content\/uploads\/2025\/05\/MJF24-T-shirt-Baby-Rylsee-Poulpe-Montreux-Jazz-Festival-4.jpg\" \/>\n\t<meta property=\"og:image:width\" content=\"1500\" \/>\n\t<meta property=\"og:image:height\" content=\"1500\" \/>\n\t<meta property=\"og:image:type\" content=\"image\/jpeg\" \/>\n<meta name=\"twitter:card\" content=\"summary_large_image\" \/>\n<meta name=\"twitter:site\" content=\"@MontreuxJazz\" \/>\n<script type=\"application\/ld+json\" class=\"yoast-schema-graph\">{\"@context\":\"https:\\\/\\\/schema.org\",\"@graph\":[{\"@type\":\"WebPage\",\"@id\":\"https:\\\/\\\/www.montreuxjazzshop.com\\\/fr\\\/boutique\\\/textile\\\/textile-enfants\\\/t-shirt-rylsee-poulpe-baby-montreux-jazz\\\/\",\"url\":\"https:\\\/\\\/www.montreuxjazzshop.com\\\/fr\\\/boutique\\\/textile\\\/textile-enfants\\\/t-shirt-rylsee-poulpe-baby-montreux-jazz\\\/\",\"name\":\"T-Shirt Rylsee Poulpe, Baby - Montreux Jazz Festival Shop\",\"isPartOf\":{\"@id\":\"https:\\\/\\\/www.montreuxjazzshop.com\\\/fr\\\/#website\"},\"primaryImageOfPage\":{\"@id\":\"https:\\\/\\\/www.montreuxjazzshop.com\\\/fr\\\/boutique\\\/textile\\\/textile-enfants\\\/t-shirt-rylsee-poulpe-baby-montreux-jazz\\\/#primaryimage\"},\"image\":{\"@id\":\"https:\\\/\\\/www.montreuxjazzshop.com\\\/fr\\\/boutique\\\/textile\\\/textile-enfants\\\/t-shirt-rylsee-poulpe-baby-montreux-jazz\\\/#primaryimage\"},\"thumbnailUrl\":\"https:\\\/\\\/www.montreuxjazzshop.com\\\/wp-content\\\/uploads\\\/2025\\\/05\\\/MJF24-T-shirt-Baby-Rylsee-Poulpe-Montreux-Jazz-Festival-4.jpg\",\"datePublished\":\"2025-11-29T09:00:31+00:00\",\"dateModified\":\"2026-01-14T10:16:12+00:00\",\"description\":\"T-Shirt Baby Rylsee Poulpe Montreux Jazz Music Festival. T-shirt pour b\u00e9b\u00e9 unisexe. 1 bouton pression pour faciliter le passage de la t\u00eate de votre enfant.\",\"breadcrumb\":{\"@id\":\"https:\\\/\\\/www.montreuxjazzshop.com\\\/fr\\\/boutique\\\/textile\\\/textile-enfants\\\/t-shirt-rylsee-poulpe-baby-montreux-jazz\\\/#breadcrumb\"},\"inLanguage\":\"fr-FR\",\"potentialAction\":[{\"@type\":\"ReadAction\",\"target\":[\"https:\\\/\\\/www.montreuxjazzshop.com\\\/fr\\\/boutique\\\/textile\\\/textile-enfants\\\/t-shirt-rylsee-poulpe-baby-montreux-jazz\\\/\"]}]},{\"@type\":\"ImageObject\",\"inLanguage\":\"fr-FR\",\"@id\":\"https:\\\/\\\/www.montreuxjazzshop.com\\\/fr\\\/boutique\\\/textile\\\/textile-enfants\\\/t-shirt-rylsee-poulpe-baby-montreux-jazz\\\/#primaryimage\",\"url\":\"https:\\\/\\\/www.montreuxjazzshop.com\\\/wp-content\\\/uploads\\\/2025\\\/05\\\/MJF24-T-shirt-Baby-Rylsee-Poulpe-Montreux-Jazz-Festival-4.jpg\",\"contentUrl\":\"https:\\\/\\\/www.montreuxjazzshop.com\\\/wp-content\\\/uploads\\\/2025\\\/05\\\/MJF24-T-shirt-Baby-Rylsee-Poulpe-Montreux-Jazz-Festival-4.jpg\",\"width\":1500,\"height\":1500,\"caption\":\"Le T-Shirt Rylsee Poulpe, Baby est un tee-shirt beige clair avec un dessin au trait vert d'une pieuvre tenant une fourchette et une cuill\u00e8re et \\\"LITTLE FUTURE STAFF\\\" sur la poitrine. Un petit logo signature orne l'ourlet inf\u00e9rieur - id\u00e9al pour votre petit !.\"},{\"@type\":\"BreadcrumbList\",\"@id\":\"https:\\\/\\\/www.montreuxjazzshop.com\\\/fr\\\/boutique\\\/textile\\\/textile-enfants\\\/t-shirt-rylsee-poulpe-baby-montreux-jazz\\\/#breadcrumb\",\"itemListElement\":[{\"@type\":\"ListItem\",\"position\":1,\"name\":\"Accueil\",\"item\":\"https:\\\/\\\/www.montreuxjazzshop.com\\\/fr\\\/\"},{\"@type\":\"ListItem\",\"position\":2,\"name\":\"Boutique\",\"item\":\"https:\\\/\\\/www.montreuxjazzshop.com\\\/fr\\\/boutique\\\/\"},{\"@type\":\"ListItem\",\"position\":3,\"name\":\"T-Shirt Rylsee Poulpe, Baby\"}]},{\"@type\":\"WebSite\",\"@id\":\"https:\\\/\\\/www.montreuxjazzshop.com\\\/fr\\\/#website\",\"url\":\"https:\\\/\\\/www.montreuxjazzshop.com\\\/fr\\\/\",\"name\":\"Montreux Jazz Shop\",\"description\":\"The Montreux Jazz Festival shop\",\"potentialAction\":[{\"@type\":\"SearchAction\",\"target\":{\"@type\":\"EntryPoint\",\"urlTemplate\":\"https:\\\/\\\/www.montreuxjazzshop.com\\\/fr\\\/?s={search_term_string}\"},\"query-input\":{\"@type\":\"PropertyValueSpecification\",\"valueRequired\":true,\"valueName\":\"search_term_string\"}}],\"inLanguage\":\"fr-FR\"}]}<\/script>\n<meta property=\"og:availability\" content=\"instock\" \/>\n<meta property=\"product:availability\" content=\"instock\" \/>\n<meta property=\"product:retailer_item_id\" content=\"2250000902024\" \/>\n<meta property=\"product:condition\" content=\"new\" \/>\n<!-- \/ Yoast SEO Premium plugin. -->","yoast_head_json":{"title":"T-Shirt Rylsee Poulpe, Baby - Montreux Jazz Festival Shop","description":"T-Shirt Baby Rylsee Poulpe Montreux Jazz Music Festival. T-shirt pour b\u00e9b\u00e9 unisexe. 1 bouton pression pour faciliter le passage de la t\u00eate de votre enfant.","robots":{"index":"index","follow":"follow","max-snippet":"max-snippet:-1","max-image-preview":"max-image-preview:large","max-video-preview":"max-video-preview:-1"},"canonical":"https:\/\/www.montreuxjazzshop.com\/fr\/boutique\/textile\/textile-enfants\/t-shirt-rylsee-poulpe-baby-montreux-jazz\/","og_locale":"fr_FR","og_type":"article","og_title":"T-Shirt Rylsee Poulpe, Baby","og_description":"T-Shirt Baby Rylsee Poulpe Montreux Jazz Music Festival. T-shirt pour b\u00e9b\u00e9 unisexe. 1 bouton pression pour faciliter le passage de la t\u00eate de votre enfant.","og_url":"https:\/\/www.montreuxjazzshop.com\/fr\/boutique\/textile\/textile-enfants\/t-shirt-rylsee-poulpe-baby-montreux-jazz\/","og_site_name":"Montreux Jazz Festival Shop","article_publisher":"https:\/\/www.facebook.com\/montreuxjazzfestival","article_modified_time":"2026-01-14T10:16:12+00:00","og_image":[{"width":1500,"height":1500,"url":"https:\/\/www.montreuxjazzshop.com\/wp-content\/uploads\/2025\/05\/MJF24-T-shirt-Baby-Rylsee-Poulpe-Montreux-Jazz-Festival-4.jpg","type":"image\/jpeg"}],"twitter_card":"summary_large_image","twitter_site":"@MontreuxJazz","schema":{"@context":"https:\/\/schema.org","@graph":[{"@type":"WebPage","@id":"https:\/\/www.montreuxjazzshop.com\/fr\/boutique\/textile\/textile-enfants\/t-shirt-rylsee-poulpe-baby-montreux-jazz\/","url":"https:\/\/www.montreuxjazzshop.com\/fr\/boutique\/textile\/textile-enfants\/t-shirt-rylsee-poulpe-baby-montreux-jazz\/","name":"T-Shirt Rylsee Poulpe, Baby - Montreux Jazz Festival Shop","isPartOf":{"@id":"https:\/\/www.montreuxjazzshop.com\/fr\/#website"},"primaryImageOfPage":{"@id":"https:\/\/www.montreuxjazzshop.com\/fr\/boutique\/textile\/textile-enfants\/t-shirt-rylsee-poulpe-baby-montreux-jazz\/#primaryimage"},"image":{"@id":"https:\/\/www.montreuxjazzshop.com\/fr\/boutique\/textile\/textile-enfants\/t-shirt-rylsee-poulpe-baby-montreux-jazz\/#primaryimage"},"thumbnailUrl":"https:\/\/www.montreuxjazzshop.com\/wp-content\/uploads\/2025\/05\/MJF24-T-shirt-Baby-Rylsee-Poulpe-Montreux-Jazz-Festival-4.jpg","datePublished":"2025-11-29T09:00:31+00:00","dateModified":"2026-01-14T10:16:12+00:00","description":"T-Shirt Baby Rylsee Poulpe Montreux Jazz Music Festival. T-shirt pour b\u00e9b\u00e9 unisexe. 1 bouton pression pour faciliter le passage de la t\u00eate de votre enfant.","breadcrumb":{"@id":"https:\/\/www.montreuxjazzshop.com\/fr\/boutique\/textile\/textile-enfants\/t-shirt-rylsee-poulpe-baby-montreux-jazz\/#breadcrumb"},"inLanguage":"fr-FR","potentialAction":[{"@type":"ReadAction","target":["https:\/\/www.montreuxjazzshop.com\/fr\/boutique\/textile\/textile-enfants\/t-shirt-rylsee-poulpe-baby-montreux-jazz\/"]}]},{"@type":"ImageObject","inLanguage":"fr-FR","@id":"https:\/\/www.montreuxjazzshop.com\/fr\/boutique\/textile\/textile-enfants\/t-shirt-rylsee-poulpe-baby-montreux-jazz\/#primaryimage","url":"https:\/\/www.montreuxjazzshop.com\/wp-content\/uploads\/2025\/05\/MJF24-T-shirt-Baby-Rylsee-Poulpe-Montreux-Jazz-Festival-4.jpg","contentUrl":"https:\/\/www.montreuxjazzshop.com\/wp-content\/uploads\/2025\/05\/MJF24-T-shirt-Baby-Rylsee-Poulpe-Montreux-Jazz-Festival-4.jpg","width":1500,"height":1500,"caption":"Le T-Shirt Rylsee Poulpe, Baby est un tee-shirt beige clair avec un dessin au trait vert d'une pieuvre tenant une fourchette et une cuill\u00e8re et \"LITTLE FUTURE STAFF\" sur la poitrine. Un petit logo signature orne l'ourlet inf\u00e9rieur - id\u00e9al pour votre petit !."},{"@type":"BreadcrumbList","@id":"https:\/\/www.montreuxjazzshop.com\/fr\/boutique\/textile\/textile-enfants\/t-shirt-rylsee-poulpe-baby-montreux-jazz\/#breadcrumb","itemListElement":[{"@type":"ListItem","position":1,"name":"Accueil","item":"https:\/\/www.montreuxjazzshop.com\/fr\/"},{"@type":"ListItem","position":2,"name":"Boutique","item":"https:\/\/www.montreuxjazzshop.com\/fr\/boutique\/"},{"@type":"ListItem","position":3,"name":"T-Shirt Rylsee Poulpe, Baby"}]},{"@type":"WebSite","@id":"https:\/\/www.montreuxjazzshop.com\/fr\/#website","url":"https:\/\/www.montreuxjazzshop.com\/fr\/","name":"Montreux Jazz Shop","description":"The Montreux Jazz Festival shop","potentialAction":[{"@type":"SearchAction","target":{"@type":"EntryPoint","urlTemplate":"https:\/\/www.montreuxjazzshop.com\/fr\/?s={search_term_string}"},"query-input":{"@type":"PropertyValueSpecification","valueRequired":true,"valueName":"search_term_string"}}],"inLanguage":"fr-FR"}]},"og_availability":"instock","product_availability":"instock","product_retailer_item_id":"2250000902024","product_condition":"new"},"_links":{"self":[{"href":"https:\/\/www.montreuxjazzshop.com\/fr\/wp-json\/wp\/v2\/product\/4676","targetHints":{"allow":["GET"]}}],"collection":[{"href":"https:\/\/www.montreuxjazzshop.com\/fr\/wp-json\/wp\/v2\/product"}],"about":[{"href":"https:\/\/www.montreuxjazzshop.com\/fr\/wp-json\/wp\/v2\/types\/product"}],"wp:featuredmedia":[{"embeddable":true,"href":"https:\/\/www.montreuxjazzshop.com\/fr\/wp-json\/wp\/v2\/media\/1633"}],"wp:attachment":[{"href":"https:\/\/www.montreuxjazzshop.com\/fr\/wp-json\/wp\/v2\/media?parent=4676"}],"wp:term":[{"taxonomy":"artist","embeddable":true,"href":"https:\/\/www.montreuxjazzshop.com\/fr\/wp-json\/wp\/v2\/artist?post=4676"},{"taxonomy":"artist-category","embeddable":true,"href":"https:\/\/www.montreuxjazzshop.com\/fr\/wp-json\/wp\/v2\/artist-category?post=4676"},{"taxonomy":"edition","embeddable":true,"href":"https:\/\/www.montreuxjazzshop.com\/fr\/wp-json\/wp\/v2\/edition?post=4676"},{"taxonomy":"product_brand","embeddable":true,"href":"https:\/\/www.montreuxjazzshop.com\/fr\/wp-json\/wp\/v2\/product_brand?post=4676"},{"taxonomy":"product_cat","embeddable":true,"href":"https:\/\/www.montreuxjazzshop.com\/fr\/wp-json\/wp\/v2\/product_cat?post=4676"},{"taxonomy":"product_tag","embeddable":true,"href":"https:\/\/www.montreuxjazzshop.com\/fr\/wp-json\/wp\/v2\/product_tag?post=4676"}],"curies":[{"name":"wp","href":"https:\/\/api.w.org\/{rel}","templated":true}]}}