{"id":4604,"date":"2025-09-11T15:25:09","date_gmt":"2025-09-11T13:25:09","guid":{"rendered":"https:\/\/www.montreuxjazzshop.com\/?post_type=product&#038;p=4604"},"modified":"2026-01-14T11:16:11","modified_gmt":"2026-01-14T10:16:11","slug":"short-tissu-eponge-vintage","status":"publish","type":"product","link":"https:\/\/www.montreuxjazzshop.com\/fr\/boutique\/textile\/hoody-fr\/short-tissu-eponge-vintage\/","title":{"rendered":"Short tissu \u00e9ponge, Vintage"},"content":{"rendered":"<ul>\n<li>Qualit\u00e9: 100% polyester \u00e9ponge (terry)<\/li>\n<li>Petit noeud de serrage<\/li>\n<li>Couleurs: \u00e9cru et bleu<\/li>\n<li>Broderie<\/li>\n<\/ul>\n","protected":false},"excerpt":{"rendered":"<h3>Collection Vintage<\/h3>\n<p>Optez pour ce short en tissu \u00e9ponge, la pi\u00e8ce incontournable de votre ensemble avec pantalon et sweatshirt. Unisexe.<\/p>\n<p>Le saviez-vous? Le premier logo du Festival, compl\u00e9t\u00e9 par la suite par sa moiti\u00e9 en miroir, est tir\u00e9 de l\u2019affiche typographique de Hamish Grimes \u00ablaisse entrer le soleil\u00bb, comme symbole d\u2019amour et de paix, alors que la guerre du Vietnam fait encore rage. Montreux Jazz est \u00e9crit dans une typographie dessin\u00e9e tr\u00e8s seventies.<\/p>\n<p><a href=\"https:\/\/www.montreuxjazzshop.com\/fr\/boutique\/affiches\/affiches-officielles\/affiche-hamish-grimes-1972\/\">Voir l\u2019affiche<\/a><\/p>\n","protected":false},"featured_media":1630,"template":"","meta":{"_acf_changed":false},"artist":[],"artist-category":[],"edition":[],"product_brand":[],"product_cat":[352,303,302],"product_tag":[],"class_list":{"0":"post-4604","1":"product","2":"type-product","3":"status-publish","4":"has-post-thumbnail","6":"product_cat-hoody-fr","7":"product_cat-last-chance","8":"product_cat-textile","10":"first","11":"instock","12":"taxable","13":"shipping-taxable","14":"purchasable","15":"product-type-variable","16":"wvs-archive-product-wrapper"},"bundled_by":[],"bundle_stock_status":"instock","bundle_stock_quantity":null,"bundle_virtual":false,"bundle_layout":"","bundle_add_to_cart_form_location":"","bundle_editable_in_cart":false,"bundle_sold_individually_context":"","bundle_item_grouping":"","bundle_min_size":"","bundle_max_size":"","bundle_price":[],"bundled_items":[],"bundle_sell_ids":[],"acf":[],"yoast_head":"<!-- This site is optimized with the Yoast SEO Premium plugin v26.4 (Yoast SEO v27.4) - https:\/\/yoast.com\/product\/yoast-seo-premium-wordpress\/ -->\n<title>Short tissu \u00e9ponge, Vintage - Montreux Jazz Festival Shop<\/title>\n<meta name=\"description\" content=\"Short en tissu \u00e9ponge brod\u00e9. Collection Vintage. Ensemble pull sweatshirt short pantalon d&#039;int\u00e9rieur jogging yoga. Montreux Jazz Music Festival. Unisexe\" \/>\n<meta name=\"robots\" content=\"index, follow, max-snippet:-1, max-image-preview:large, max-video-preview:-1\" \/>\n<link rel=\"canonical\" href=\"https:\/\/www.montreuxjazzshop.com\/fr\/boutique\/textile\/hoody-fr\/short-tissu-eponge-vintage\/\" \/>\n<meta property=\"og:locale\" content=\"fr_FR\" \/>\n<meta property=\"og:type\" content=\"article\" \/>\n<meta property=\"og:title\" content=\"Short tissu \u00e9ponge, Vintage\" \/>\n<meta property=\"og:description\" content=\"Short en tissu \u00e9ponge brod\u00e9. Collection Vintage. Ensemble pull sweatshirt short pantalon d&#039;int\u00e9rieur jogging yoga. Montreux Jazz Music Festival. Unisexe\" \/>\n<meta property=\"og:url\" content=\"https:\/\/www.montreuxjazzshop.com\/fr\/boutique\/textile\/hoody-fr\/short-tissu-eponge-vintage\/\" \/>\n<meta property=\"og:site_name\" content=\"Montreux Jazz Festival Shop\" \/>\n<meta property=\"article:publisher\" content=\"https:\/\/www.facebook.com\/montreuxjazzfestival\" \/>\n<meta property=\"article:modified_time\" content=\"2026-01-14T10:16:11+00:00\" \/>\n<meta property=\"og:image\" content=\"https:\/\/www.montreuxjazzshop.com\/wp-content\/uploads\/2025\/05\/MJF24-Short-Eponge-Vintage-Montreux-Jazz-Festival-22.jpg\" \/>\n\t<meta property=\"og:image:width\" content=\"1500\" \/>\n\t<meta property=\"og:image:height\" content=\"1500\" \/>\n\t<meta property=\"og:image:type\" content=\"image\/jpeg\" \/>\n<meta name=\"twitter:card\" content=\"summary_large_image\" \/>\n<meta name=\"twitter:site\" content=\"@MontreuxJazz\" \/>\n<script type=\"application\/ld+json\" class=\"yoast-schema-graph\">{\"@context\":\"https:\\\/\\\/schema.org\",\"@graph\":[{\"@type\":\"WebPage\",\"@id\":\"https:\\\/\\\/www.montreuxjazzshop.com\\\/fr\\\/boutique\\\/textile\\\/hoody-fr\\\/short-tissu-eponge-vintage\\\/\",\"url\":\"https:\\\/\\\/www.montreuxjazzshop.com\\\/fr\\\/boutique\\\/textile\\\/hoody-fr\\\/short-tissu-eponge-vintage\\\/\",\"name\":\"Short tissu \u00e9ponge, Vintage - Montreux Jazz Festival Shop\",\"isPartOf\":{\"@id\":\"https:\\\/\\\/www.montreuxjazzshop.com\\\/fr\\\/#website\"},\"primaryImageOfPage\":{\"@id\":\"https:\\\/\\\/www.montreuxjazzshop.com\\\/fr\\\/boutique\\\/textile\\\/hoody-fr\\\/short-tissu-eponge-vintage\\\/#primaryimage\"},\"image\":{\"@id\":\"https:\\\/\\\/www.montreuxjazzshop.com\\\/fr\\\/boutique\\\/textile\\\/hoody-fr\\\/short-tissu-eponge-vintage\\\/#primaryimage\"},\"thumbnailUrl\":\"https:\\\/\\\/www.montreuxjazzshop.com\\\/wp-content\\\/uploads\\\/2025\\\/05\\\/MJF24-Short-Eponge-Vintage-Montreux-Jazz-Festival-22.jpg\",\"datePublished\":\"2025-09-11T13:25:09+00:00\",\"dateModified\":\"2026-01-14T10:16:11+00:00\",\"description\":\"Short en tissu \u00e9ponge brod\u00e9. Collection Vintage. Ensemble pull sweatshirt short pantalon d'int\u00e9rieur jogging yoga. Montreux Jazz Music Festival. Unisexe\",\"breadcrumb\":{\"@id\":\"https:\\\/\\\/www.montreuxjazzshop.com\\\/fr\\\/boutique\\\/textile\\\/hoody-fr\\\/short-tissu-eponge-vintage\\\/#breadcrumb\"},\"inLanguage\":\"fr-FR\",\"potentialAction\":[{\"@type\":\"ReadAction\",\"target\":[\"https:\\\/\\\/www.montreuxjazzshop.com\\\/fr\\\/boutique\\\/textile\\\/hoody-fr\\\/short-tissu-eponge-vintage\\\/\"]}]},{\"@type\":\"ImageObject\",\"inLanguage\":\"fr-FR\",\"@id\":\"https:\\\/\\\/www.montreuxjazzshop.com\\\/fr\\\/boutique\\\/textile\\\/hoody-fr\\\/short-tissu-eponge-vintage\\\/#primaryimage\",\"url\":\"https:\\\/\\\/www.montreuxjazzshop.com\\\/wp-content\\\/uploads\\\/2025\\\/05\\\/MJF24-Short-Eponge-Vintage-Montreux-Jazz-Festival-22.jpg\",\"contentUrl\":\"https:\\\/\\\/www.montreuxjazzshop.com\\\/wp-content\\\/uploads\\\/2025\\\/05\\\/MJF24-Short-Eponge-Vintage-Montreux-Jazz-Festival-22.jpg\",\"width\":1500,\"height\":1500,\"caption\":\"La personne porte une chemise bleue et un short en tissu \u00e9ponge, Vintage, avec un cordon bleu et un motif circulaire bleu sur la jambe. Des tatouages nautiques ornent leurs bras, sur un fond festif de verdure et d'eau.\"},{\"@type\":\"BreadcrumbList\",\"@id\":\"https:\\\/\\\/www.montreuxjazzshop.com\\\/fr\\\/boutique\\\/textile\\\/hoody-fr\\\/short-tissu-eponge-vintage\\\/#breadcrumb\",\"itemListElement\":[{\"@type\":\"ListItem\",\"position\":1,\"name\":\"Accueil\",\"item\":\"https:\\\/\\\/www.montreuxjazzshop.com\\\/fr\\\/\"},{\"@type\":\"ListItem\",\"position\":2,\"name\":\"Boutique\",\"item\":\"https:\\\/\\\/www.montreuxjazzshop.com\\\/fr\\\/boutique\\\/\"},{\"@type\":\"ListItem\",\"position\":3,\"name\":\"Short tissu \u00e9ponge, Vintage\"}]},{\"@type\":\"WebSite\",\"@id\":\"https:\\\/\\\/www.montreuxjazzshop.com\\\/fr\\\/#website\",\"url\":\"https:\\\/\\\/www.montreuxjazzshop.com\\\/fr\\\/\",\"name\":\"Montreux Jazz Shop\",\"description\":\"The Montreux Jazz Festival shop\",\"potentialAction\":[{\"@type\":\"SearchAction\",\"target\":{\"@type\":\"EntryPoint\",\"urlTemplate\":\"https:\\\/\\\/www.montreuxjazzshop.com\\\/fr\\\/?s={search_term_string}\"},\"query-input\":{\"@type\":\"PropertyValueSpecification\",\"valueRequired\":true,\"valueName\":\"search_term_string\"}}],\"inLanguage\":\"fr-FR\"}]}<\/script>\n<meta property=\"og:availability\" content=\"instock\" \/>\n<meta property=\"product:availability\" content=\"instock\" \/>\n<meta property=\"product:retailer_item_id\" content=\"2403000052024\" \/>\n<meta property=\"product:condition\" content=\"new\" \/>\n<!-- \/ Yoast SEO Premium plugin. -->","yoast_head_json":{"title":"Short tissu \u00e9ponge, Vintage - Montreux Jazz Festival Shop","description":"Short en tissu \u00e9ponge brod\u00e9. Collection Vintage. Ensemble pull sweatshirt short pantalon d'int\u00e9rieur jogging yoga. Montreux Jazz Music Festival. Unisexe","robots":{"index":"index","follow":"follow","max-snippet":"max-snippet:-1","max-image-preview":"max-image-preview:large","max-video-preview":"max-video-preview:-1"},"canonical":"https:\/\/www.montreuxjazzshop.com\/fr\/boutique\/textile\/hoody-fr\/short-tissu-eponge-vintage\/","og_locale":"fr_FR","og_type":"article","og_title":"Short tissu \u00e9ponge, Vintage","og_description":"Short en tissu \u00e9ponge brod\u00e9. Collection Vintage. Ensemble pull sweatshirt short pantalon d'int\u00e9rieur jogging yoga. Montreux Jazz Music Festival. Unisexe","og_url":"https:\/\/www.montreuxjazzshop.com\/fr\/boutique\/textile\/hoody-fr\/short-tissu-eponge-vintage\/","og_site_name":"Montreux Jazz Festival Shop","article_publisher":"https:\/\/www.facebook.com\/montreuxjazzfestival","article_modified_time":"2026-01-14T10:16:11+00:00","og_image":[{"width":1500,"height":1500,"url":"https:\/\/www.montreuxjazzshop.com\/wp-content\/uploads\/2025\/05\/MJF24-Short-Eponge-Vintage-Montreux-Jazz-Festival-22.jpg","type":"image\/jpeg"}],"twitter_card":"summary_large_image","twitter_site":"@MontreuxJazz","schema":{"@context":"https:\/\/schema.org","@graph":[{"@type":"WebPage","@id":"https:\/\/www.montreuxjazzshop.com\/fr\/boutique\/textile\/hoody-fr\/short-tissu-eponge-vintage\/","url":"https:\/\/www.montreuxjazzshop.com\/fr\/boutique\/textile\/hoody-fr\/short-tissu-eponge-vintage\/","name":"Short tissu \u00e9ponge, Vintage - Montreux Jazz Festival Shop","isPartOf":{"@id":"https:\/\/www.montreuxjazzshop.com\/fr\/#website"},"primaryImageOfPage":{"@id":"https:\/\/www.montreuxjazzshop.com\/fr\/boutique\/textile\/hoody-fr\/short-tissu-eponge-vintage\/#primaryimage"},"image":{"@id":"https:\/\/www.montreuxjazzshop.com\/fr\/boutique\/textile\/hoody-fr\/short-tissu-eponge-vintage\/#primaryimage"},"thumbnailUrl":"https:\/\/www.montreuxjazzshop.com\/wp-content\/uploads\/2025\/05\/MJF24-Short-Eponge-Vintage-Montreux-Jazz-Festival-22.jpg","datePublished":"2025-09-11T13:25:09+00:00","dateModified":"2026-01-14T10:16:11+00:00","description":"Short en tissu \u00e9ponge brod\u00e9. Collection Vintage. Ensemble pull sweatshirt short pantalon d'int\u00e9rieur jogging yoga. Montreux Jazz Music Festival. Unisexe","breadcrumb":{"@id":"https:\/\/www.montreuxjazzshop.com\/fr\/boutique\/textile\/hoody-fr\/short-tissu-eponge-vintage\/#breadcrumb"},"inLanguage":"fr-FR","potentialAction":[{"@type":"ReadAction","target":["https:\/\/www.montreuxjazzshop.com\/fr\/boutique\/textile\/hoody-fr\/short-tissu-eponge-vintage\/"]}]},{"@type":"ImageObject","inLanguage":"fr-FR","@id":"https:\/\/www.montreuxjazzshop.com\/fr\/boutique\/textile\/hoody-fr\/short-tissu-eponge-vintage\/#primaryimage","url":"https:\/\/www.montreuxjazzshop.com\/wp-content\/uploads\/2025\/05\/MJF24-Short-Eponge-Vintage-Montreux-Jazz-Festival-22.jpg","contentUrl":"https:\/\/www.montreuxjazzshop.com\/wp-content\/uploads\/2025\/05\/MJF24-Short-Eponge-Vintage-Montreux-Jazz-Festival-22.jpg","width":1500,"height":1500,"caption":"La personne porte une chemise bleue et un short en tissu \u00e9ponge, Vintage, avec un cordon bleu et un motif circulaire bleu sur la jambe. Des tatouages nautiques ornent leurs bras, sur un fond festif de verdure et d'eau."},{"@type":"BreadcrumbList","@id":"https:\/\/www.montreuxjazzshop.com\/fr\/boutique\/textile\/hoody-fr\/short-tissu-eponge-vintage\/#breadcrumb","itemListElement":[{"@type":"ListItem","position":1,"name":"Accueil","item":"https:\/\/www.montreuxjazzshop.com\/fr\/"},{"@type":"ListItem","position":2,"name":"Boutique","item":"https:\/\/www.montreuxjazzshop.com\/fr\/boutique\/"},{"@type":"ListItem","position":3,"name":"Short tissu \u00e9ponge, Vintage"}]},{"@type":"WebSite","@id":"https:\/\/www.montreuxjazzshop.com\/fr\/#website","url":"https:\/\/www.montreuxjazzshop.com\/fr\/","name":"Montreux Jazz Shop","description":"The Montreux Jazz Festival shop","potentialAction":[{"@type":"SearchAction","target":{"@type":"EntryPoint","urlTemplate":"https:\/\/www.montreuxjazzshop.com\/fr\/?s={search_term_string}"},"query-input":{"@type":"PropertyValueSpecification","valueRequired":true,"valueName":"search_term_string"}}],"inLanguage":"fr-FR"}]},"og_availability":"instock","product_availability":"instock","product_retailer_item_id":"2403000052024","product_condition":"new"},"_links":{"self":[{"href":"https:\/\/www.montreuxjazzshop.com\/fr\/wp-json\/wp\/v2\/product\/4604","targetHints":{"allow":["GET"]}}],"collection":[{"href":"https:\/\/www.montreuxjazzshop.com\/fr\/wp-json\/wp\/v2\/product"}],"about":[{"href":"https:\/\/www.montreuxjazzshop.com\/fr\/wp-json\/wp\/v2\/types\/product"}],"wp:featuredmedia":[{"embeddable":true,"href":"https:\/\/www.montreuxjazzshop.com\/fr\/wp-json\/wp\/v2\/media\/1630"}],"wp:attachment":[{"href":"https:\/\/www.montreuxjazzshop.com\/fr\/wp-json\/wp\/v2\/media?parent=4604"}],"wp:term":[{"taxonomy":"artist","embeddable":true,"href":"https:\/\/www.montreuxjazzshop.com\/fr\/wp-json\/wp\/v2\/artist?post=4604"},{"taxonomy":"artist-category","embeddable":true,"href":"https:\/\/www.montreuxjazzshop.com\/fr\/wp-json\/wp\/v2\/artist-category?post=4604"},{"taxonomy":"edition","embeddable":true,"href":"https:\/\/www.montreuxjazzshop.com\/fr\/wp-json\/wp\/v2\/edition?post=4604"},{"taxonomy":"product_brand","embeddable":true,"href":"https:\/\/www.montreuxjazzshop.com\/fr\/wp-json\/wp\/v2\/product_brand?post=4604"},{"taxonomy":"product_cat","embeddable":true,"href":"https:\/\/www.montreuxjazzshop.com\/fr\/wp-json\/wp\/v2\/product_cat?post=4604"},{"taxonomy":"product_tag","embeddable":true,"href":"https:\/\/www.montreuxjazzshop.com\/fr\/wp-json\/wp\/v2\/product_tag?post=4604"}],"curies":[{"name":"wp","href":"https:\/\/api.w.org\/{rel}","templated":true}]}}