{"id":4587,"date":"2025-11-29T23:00:07","date_gmt":"2025-11-29T22:00:07","guid":{"rendered":"https:\/\/www.montreuxjazzshop.com\/?post_type=product&#038;p=4587"},"modified":"2026-01-14T11:18:39","modified_gmt":"2026-01-14T10:18:39","slug":"t-shirt-vintage-montreux-jazz-festival-noir","status":"publish","type":"product","link":"https:\/\/www.montreuxjazzshop.com\/fr\/boutique\/highlights\/t-shirt-vintage-montreux-jazz-festival-noir\/","title":{"rendered":"T-Shirt Vintage Montreux Jazz Festival, Noir"},"content":{"rendered":"<ul>\n<li>Qualit\u00e9: 100% coton<\/li>\n<\/ul>\n","protected":false},"excerpt":{"rendered":"<h3>Collection Vintage<\/h3>\n<p>Le premier logo du Festival, compl\u00e9t\u00e9 par la suite par sa moiti\u00e9 en miroir, est tir\u00e9 de l\u2019affiche typographique de Hamish Grimes \u00ablaisse entrer le soleil\u00bb, comme symbole d\u2019amour et de paix, alors que la guerre du Vietnam fait encore rage. Montreux Jazz est \u00e9crit dans une typographie dessin\u00e9e tr\u00e8s seventies.<\/p>\n<p><a href=\"https:\/\/www.montreuxjazzshop.com\/fr\/boutique\/affiches\/affiches-officielles\/affiche-hamish-grimes-1972\/\">Voir l&rsquo;affiche<\/a><\/p>\n","protected":false},"featured_media":5010,"template":"","meta":{"_acf_changed":false},"artist":[],"artist-category":[],"edition":[],"product_brand":[],"product_cat":[345,301,302],"product_tag":[],"class_list":{"0":"post-4587","1":"product","2":"type-product","3":"status-publish","4":"has-post-thumbnail","6":"product_cat-highlights","7":"product_cat-t-shirts-2","8":"product_cat-textile","10":"first","11":"instock","12":"taxable","13":"shipping-taxable","14":"purchasable","15":"product-type-variable","16":"wvs-archive-product-wrapper"},"bundled_by":[],"bundle_stock_status":"instock","bundle_stock_quantity":null,"bundle_virtual":false,"bundle_layout":"","bundle_add_to_cart_form_location":"","bundle_editable_in_cart":false,"bundle_sold_individually_context":"","bundle_item_grouping":"","bundle_min_size":"","bundle_max_size":"","bundle_price":[],"bundled_items":[],"bundle_sell_ids":[],"acf":[],"yoast_head":"<!-- This site is optimized with the Yoast SEO Premium plugin v26.4 (Yoast SEO v27.5) - https:\/\/yoast.com\/product\/yoast-seo-premium-wordpress\/ -->\n<title>T-Shirt Vintage Montreux Jazz Festival, Noir - Montreux Jazz Festival Shop<\/title>\n<meta name=\"description\" content=\"T-Shirt Noir Vintage Montreux Jazz Festival. Le premier logo du Festival, est tir\u00e9 de l\u2019affiche typographique de Hamish Grimes de 1972. Seventies.\" \/>\n<meta name=\"robots\" content=\"index, follow, max-snippet:-1, max-image-preview:large, max-video-preview:-1\" \/>\n<link rel=\"canonical\" href=\"https:\/\/www.montreuxjazzshop.com\/fr\/boutique\/highlights\/t-shirt-vintage-montreux-jazz-festival-noir\/\" \/>\n<meta property=\"og:locale\" content=\"fr_FR\" \/>\n<meta property=\"og:type\" content=\"article\" \/>\n<meta property=\"og:title\" content=\"T-Shirt Vintage Montreux Jazz Festival, Noir\" \/>\n<meta property=\"og:description\" content=\"T-Shirt Noir Vintage Montreux Jazz Festival. Le premier logo du Festival, est tir\u00e9 de l\u2019affiche typographique de Hamish Grimes de 1972. Seventies.\" \/>\n<meta property=\"og:url\" content=\"https:\/\/www.montreuxjazzshop.com\/fr\/boutique\/highlights\/t-shirt-vintage-montreux-jazz-festival-noir\/\" \/>\n<meta property=\"og:site_name\" content=\"Montreux Jazz Festival Shop\" \/>\n<meta property=\"article:publisher\" content=\"https:\/\/www.facebook.com\/montreuxjazzfestival\" \/>\n<meta property=\"article:modified_time\" content=\"2026-01-14T10:18:39+00:00\" \/>\n<meta property=\"og:image\" content=\"https:\/\/www.montreuxjazzshop.com\/wp-content\/uploads\/2025\/09\/MJF25-Shooting-Lifestyle-Vintage-T-shirt-Noir.jpg\" \/>\n\t<meta property=\"og:image:width\" content=\"1500\" \/>\n\t<meta property=\"og:image:height\" content=\"1500\" \/>\n\t<meta property=\"og:image:type\" content=\"image\/jpeg\" \/>\n<meta name=\"twitter:card\" content=\"summary_large_image\" \/>\n<meta name=\"twitter:site\" content=\"@MontreuxJazz\" \/>\n<script type=\"application\/ld+json\" class=\"yoast-schema-graph\">{\"@context\":\"https:\\\/\\\/schema.org\",\"@graph\":[{\"@type\":\"WebPage\",\"@id\":\"https:\\\/\\\/www.montreuxjazzshop.com\\\/fr\\\/boutique\\\/highlights\\\/t-shirt-vintage-montreux-jazz-festival-noir\\\/\",\"url\":\"https:\\\/\\\/www.montreuxjazzshop.com\\\/fr\\\/boutique\\\/highlights\\\/t-shirt-vintage-montreux-jazz-festival-noir\\\/\",\"name\":\"T-Shirt Vintage Montreux Jazz Festival, Noir - Montreux Jazz Festival Shop\",\"isPartOf\":{\"@id\":\"https:\\\/\\\/www.montreuxjazzshop.com\\\/fr\\\/#website\"},\"primaryImageOfPage\":{\"@id\":\"https:\\\/\\\/www.montreuxjazzshop.com\\\/fr\\\/boutique\\\/highlights\\\/t-shirt-vintage-montreux-jazz-festival-noir\\\/#primaryimage\"},\"image\":{\"@id\":\"https:\\\/\\\/www.montreuxjazzshop.com\\\/fr\\\/boutique\\\/highlights\\\/t-shirt-vintage-montreux-jazz-festival-noir\\\/#primaryimage\"},\"thumbnailUrl\":\"https:\\\/\\\/www.montreuxjazzshop.com\\\/wp-content\\\/uploads\\\/2025\\\/09\\\/MJF25-Shooting-Lifestyle-Vintage-T-shirt-Noir.jpg\",\"datePublished\":\"2025-11-29T22:00:07+00:00\",\"dateModified\":\"2026-01-14T10:18:39+00:00\",\"description\":\"T-Shirt Noir Vintage Montreux Jazz Festival. Le premier logo du Festival, est tir\u00e9 de l\u2019affiche typographique de Hamish Grimes de 1972. Seventies.\",\"breadcrumb\":{\"@id\":\"https:\\\/\\\/www.montreuxjazzshop.com\\\/fr\\\/boutique\\\/highlights\\\/t-shirt-vintage-montreux-jazz-festival-noir\\\/#breadcrumb\"},\"inLanguage\":\"fr-FR\",\"potentialAction\":[{\"@type\":\"ReadAction\",\"target\":[\"https:\\\/\\\/www.montreuxjazzshop.com\\\/fr\\\/boutique\\\/highlights\\\/t-shirt-vintage-montreux-jazz-festival-noir\\\/\"]}]},{\"@type\":\"ImageObject\",\"inLanguage\":\"fr-FR\",\"@id\":\"https:\\\/\\\/www.montreuxjazzshop.com\\\/fr\\\/boutique\\\/highlights\\\/t-shirt-vintage-montreux-jazz-festival-noir\\\/#primaryimage\",\"url\":\"https:\\\/\\\/www.montreuxjazzshop.com\\\/wp-content\\\/uploads\\\/2025\\\/09\\\/MJF25-Shooting-Lifestyle-Vintage-T-shirt-Noir.jpg\",\"contentUrl\":\"https:\\\/\\\/www.montreuxjazzshop.com\\\/wp-content\\\/uploads\\\/2025\\\/09\\\/MJF25-Shooting-Lifestyle-Vintage-T-shirt-Noir.jpg\",\"width\":1500,\"height\":1500,\"caption\":\"Quelqu'un porte le T-Shirt Vintage Montreux Jazz Festival, Noir, avec un graphique circulaire blanc sur le dos, devant des panneaux g\u00e9om\u00e9triques color\u00e9s.\"},{\"@type\":\"BreadcrumbList\",\"@id\":\"https:\\\/\\\/www.montreuxjazzshop.com\\\/fr\\\/boutique\\\/highlights\\\/t-shirt-vintage-montreux-jazz-festival-noir\\\/#breadcrumb\",\"itemListElement\":[{\"@type\":\"ListItem\",\"position\":1,\"name\":\"Accueil\",\"item\":\"https:\\\/\\\/www.montreuxjazzshop.com\\\/fr\\\/\"},{\"@type\":\"ListItem\",\"position\":2,\"name\":\"Boutique\",\"item\":\"https:\\\/\\\/www.montreuxjazzshop.com\\\/fr\\\/boutique\\\/\"},{\"@type\":\"ListItem\",\"position\":3,\"name\":\"T-Shirt Vintage Montreux Jazz Festival, Noir\"}]},{\"@type\":\"WebSite\",\"@id\":\"https:\\\/\\\/www.montreuxjazzshop.com\\\/fr\\\/#website\",\"url\":\"https:\\\/\\\/www.montreuxjazzshop.com\\\/fr\\\/\",\"name\":\"Montreux Jazz Shop\",\"description\":\"The Montreux Jazz Festival shop\",\"potentialAction\":[{\"@type\":\"SearchAction\",\"target\":{\"@type\":\"EntryPoint\",\"urlTemplate\":\"https:\\\/\\\/www.montreuxjazzshop.com\\\/fr\\\/?s={search_term_string}\"},\"query-input\":{\"@type\":\"PropertyValueSpecification\",\"valueRequired\":true,\"valueName\":\"search_term_string\"}}],\"inLanguage\":\"fr-FR\"}]}<\/script>\n<meta property=\"og:availability\" content=\"instock\" \/>\n<meta property=\"product:availability\" content=\"instock\" \/>\n<meta property=\"product:retailer_item_id\" content=\"2060000652025\" \/>\n<meta property=\"product:condition\" content=\"new\" \/>\n<!-- \/ Yoast SEO Premium plugin. -->","yoast_head_json":{"title":"T-Shirt Vintage Montreux Jazz Festival, Noir - Montreux Jazz Festival Shop","description":"T-Shirt Noir Vintage Montreux Jazz Festival. Le premier logo du Festival, est tir\u00e9 de l\u2019affiche typographique de Hamish Grimes de 1972. Seventies.","robots":{"index":"index","follow":"follow","max-snippet":"max-snippet:-1","max-image-preview":"max-image-preview:large","max-video-preview":"max-video-preview:-1"},"canonical":"https:\/\/www.montreuxjazzshop.com\/fr\/boutique\/highlights\/t-shirt-vintage-montreux-jazz-festival-noir\/","og_locale":"fr_FR","og_type":"article","og_title":"T-Shirt Vintage Montreux Jazz Festival, Noir","og_description":"T-Shirt Noir Vintage Montreux Jazz Festival. Le premier logo du Festival, est tir\u00e9 de l\u2019affiche typographique de Hamish Grimes de 1972. Seventies.","og_url":"https:\/\/www.montreuxjazzshop.com\/fr\/boutique\/highlights\/t-shirt-vintage-montreux-jazz-festival-noir\/","og_site_name":"Montreux Jazz Festival Shop","article_publisher":"https:\/\/www.facebook.com\/montreuxjazzfestival","article_modified_time":"2026-01-14T10:18:39+00:00","og_image":[{"width":1500,"height":1500,"url":"https:\/\/www.montreuxjazzshop.com\/wp-content\/uploads\/2025\/09\/MJF25-Shooting-Lifestyle-Vintage-T-shirt-Noir.jpg","type":"image\/jpeg"}],"twitter_card":"summary_large_image","twitter_site":"@MontreuxJazz","schema":{"@context":"https:\/\/schema.org","@graph":[{"@type":"WebPage","@id":"https:\/\/www.montreuxjazzshop.com\/fr\/boutique\/highlights\/t-shirt-vintage-montreux-jazz-festival-noir\/","url":"https:\/\/www.montreuxjazzshop.com\/fr\/boutique\/highlights\/t-shirt-vintage-montreux-jazz-festival-noir\/","name":"T-Shirt Vintage Montreux Jazz Festival, Noir - Montreux Jazz Festival Shop","isPartOf":{"@id":"https:\/\/www.montreuxjazzshop.com\/fr\/#website"},"primaryImageOfPage":{"@id":"https:\/\/www.montreuxjazzshop.com\/fr\/boutique\/highlights\/t-shirt-vintage-montreux-jazz-festival-noir\/#primaryimage"},"image":{"@id":"https:\/\/www.montreuxjazzshop.com\/fr\/boutique\/highlights\/t-shirt-vintage-montreux-jazz-festival-noir\/#primaryimage"},"thumbnailUrl":"https:\/\/www.montreuxjazzshop.com\/wp-content\/uploads\/2025\/09\/MJF25-Shooting-Lifestyle-Vintage-T-shirt-Noir.jpg","datePublished":"2025-11-29T22:00:07+00:00","dateModified":"2026-01-14T10:18:39+00:00","description":"T-Shirt Noir Vintage Montreux Jazz Festival. Le premier logo du Festival, est tir\u00e9 de l\u2019affiche typographique de Hamish Grimes de 1972. Seventies.","breadcrumb":{"@id":"https:\/\/www.montreuxjazzshop.com\/fr\/boutique\/highlights\/t-shirt-vintage-montreux-jazz-festival-noir\/#breadcrumb"},"inLanguage":"fr-FR","potentialAction":[{"@type":"ReadAction","target":["https:\/\/www.montreuxjazzshop.com\/fr\/boutique\/highlights\/t-shirt-vintage-montreux-jazz-festival-noir\/"]}]},{"@type":"ImageObject","inLanguage":"fr-FR","@id":"https:\/\/www.montreuxjazzshop.com\/fr\/boutique\/highlights\/t-shirt-vintage-montreux-jazz-festival-noir\/#primaryimage","url":"https:\/\/www.montreuxjazzshop.com\/wp-content\/uploads\/2025\/09\/MJF25-Shooting-Lifestyle-Vintage-T-shirt-Noir.jpg","contentUrl":"https:\/\/www.montreuxjazzshop.com\/wp-content\/uploads\/2025\/09\/MJF25-Shooting-Lifestyle-Vintage-T-shirt-Noir.jpg","width":1500,"height":1500,"caption":"Quelqu'un porte le T-Shirt Vintage Montreux Jazz Festival, Noir, avec un graphique circulaire blanc sur le dos, devant des panneaux g\u00e9om\u00e9triques color\u00e9s."},{"@type":"BreadcrumbList","@id":"https:\/\/www.montreuxjazzshop.com\/fr\/boutique\/highlights\/t-shirt-vintage-montreux-jazz-festival-noir\/#breadcrumb","itemListElement":[{"@type":"ListItem","position":1,"name":"Accueil","item":"https:\/\/www.montreuxjazzshop.com\/fr\/"},{"@type":"ListItem","position":2,"name":"Boutique","item":"https:\/\/www.montreuxjazzshop.com\/fr\/boutique\/"},{"@type":"ListItem","position":3,"name":"T-Shirt Vintage Montreux Jazz Festival, Noir"}]},{"@type":"WebSite","@id":"https:\/\/www.montreuxjazzshop.com\/fr\/#website","url":"https:\/\/www.montreuxjazzshop.com\/fr\/","name":"Montreux Jazz Shop","description":"The Montreux Jazz Festival shop","potentialAction":[{"@type":"SearchAction","target":{"@type":"EntryPoint","urlTemplate":"https:\/\/www.montreuxjazzshop.com\/fr\/?s={search_term_string}"},"query-input":{"@type":"PropertyValueSpecification","valueRequired":true,"valueName":"search_term_string"}}],"inLanguage":"fr-FR"}]},"og_availability":"instock","product_availability":"instock","product_retailer_item_id":"2060000652025","product_condition":"new"},"_links":{"self":[{"href":"https:\/\/www.montreuxjazzshop.com\/fr\/wp-json\/wp\/v2\/product\/4587","targetHints":{"allow":["GET"]}}],"collection":[{"href":"https:\/\/www.montreuxjazzshop.com\/fr\/wp-json\/wp\/v2\/product"}],"about":[{"href":"https:\/\/www.montreuxjazzshop.com\/fr\/wp-json\/wp\/v2\/types\/product"}],"wp:featuredmedia":[{"embeddable":true,"href":"https:\/\/www.montreuxjazzshop.com\/fr\/wp-json\/wp\/v2\/media\/5010"}],"wp:attachment":[{"href":"https:\/\/www.montreuxjazzshop.com\/fr\/wp-json\/wp\/v2\/media?parent=4587"}],"wp:term":[{"taxonomy":"artist","embeddable":true,"href":"https:\/\/www.montreuxjazzshop.com\/fr\/wp-json\/wp\/v2\/artist?post=4587"},{"taxonomy":"artist-category","embeddable":true,"href":"https:\/\/www.montreuxjazzshop.com\/fr\/wp-json\/wp\/v2\/artist-category?post=4587"},{"taxonomy":"edition","embeddable":true,"href":"https:\/\/www.montreuxjazzshop.com\/fr\/wp-json\/wp\/v2\/edition?post=4587"},{"taxonomy":"product_brand","embeddable":true,"href":"https:\/\/www.montreuxjazzshop.com\/fr\/wp-json\/wp\/v2\/product_brand?post=4587"},{"taxonomy":"product_cat","embeddable":true,"href":"https:\/\/www.montreuxjazzshop.com\/fr\/wp-json\/wp\/v2\/product_cat?post=4587"},{"taxonomy":"product_tag","embeddable":true,"href":"https:\/\/www.montreuxjazzshop.com\/fr\/wp-json\/wp\/v2\/product_tag?post=4587"}],"curies":[{"name":"wp","href":"https:\/\/api.w.org\/{rel}","templated":true}]}}