{"id":4561,"date":"2025-09-11T15:25:00","date_gmt":"2025-09-11T13:25:00","guid":{"rendered":"https:\/\/www.montreuxjazzshop.com\/?post_type=product&#038;p=4561"},"modified":"2026-01-14T11:15:08","modified_gmt":"2026-01-14T10:15:08","slug":"t-shirt-under-pressure-montreux-jazz","status":"publish","type":"product","link":"https:\/\/www.montreuxjazzshop.com\/fr\/boutique\/highlights\/t-shirt-under-pressure-montreux-jazz\/","title":{"rendered":"T-Shirt Under Pressure"},"content":{"rendered":"<ul>\n<li>Qualit\u00e9: 100% coton<\/li>\n<\/ul>\n","protected":false},"excerpt":{"rendered":"<h3>Collection Legends<\/h3>\n<p>Le saviez-vous? Freddie Mercury et David Bowie se sont connus \u00e0 Montreux gr\u00e2ce \u00e0 <a href=\"https:\/\/www.montreuxjazzshop.com\/fr\/portfolio-item\/claude-nobs\/\">Claude Nobs<\/a>, fondateur du Montreux Jazz Festival. Le titre \u00ab\u00a0Under Pressure\u00a0\u00bb a \u00e9t\u00e9 enregistr\u00e9 en 1981 au Mountain Studio de Montreux.<\/p>\n<p>Grand ami de Claude Nobs, David Bowie donne l\u2019un des concerts les plus embl\u00e9matiques du Festival en 2002. En guise de rappel, il joue son album berlinois \u00ab Low \u00bb dans son int\u00e9gralit\u00e9.<\/p>\n<p>&nbsp;<\/p>\n","protected":false},"featured_media":1557,"template":"","meta":{"_acf_changed":false},"artist":[],"artist-category":[],"edition":[163],"product_brand":[],"product_cat":[345,301,302],"product_tag":[],"class_list":{"0":"post-4561","1":"product","2":"type-product","3":"status-publish","4":"has-post-thumbnail","6":"edition-163","7":"product_cat-highlights","8":"product_cat-t-shirts-2","9":"product_cat-textile","10":"product_shipping_class-accessoires-et-textile","12":"first","13":"instock","14":"taxable","15":"shipping-taxable","16":"purchasable","17":"product-type-variable","18":"wvs-archive-product-wrapper"},"bundled_by":[],"bundle_stock_status":"instock","bundle_stock_quantity":null,"bundle_virtual":false,"bundle_layout":"","bundle_add_to_cart_form_location":"","bundle_editable_in_cart":false,"bundle_sold_individually_context":"","bundle_item_grouping":"","bundle_min_size":"","bundle_max_size":"","bundle_price":[],"bundled_items":[],"bundle_sell_ids":[],"acf":[],"yoast_head":"<!-- This site is optimized with the Yoast SEO Premium plugin v26.4 (Yoast SEO v27.4) - https:\/\/yoast.com\/product\/yoast-seo-premium-wordpress\/ -->\n<title>T-Shirt Under Pressure - Montreux Jazz Festival Shop<\/title>\n<meta name=\"description\" content=\"T-Shirt Under Pressure Montreux Jazz Festival. Freddie Mercury et David Bowie composent ce titre au Mountain Studio de Montreux en 1981. Musique.\" \/>\n<meta name=\"robots\" content=\"index, follow, max-snippet:-1, max-image-preview:large, max-video-preview:-1\" \/>\n<link rel=\"canonical\" href=\"https:\/\/www.montreuxjazzshop.com\/fr\/boutique\/highlights\/t-shirt-under-pressure-montreux-jazz\/\" \/>\n<meta property=\"og:locale\" content=\"fr_FR\" \/>\n<meta property=\"og:type\" content=\"article\" \/>\n<meta property=\"og:title\" content=\"T-Shirt Under Pressure\" \/>\n<meta property=\"og:description\" content=\"T-Shirt Under Pressure Montreux Jazz Festival. Freddie Mercury et David Bowie composent ce titre au Mountain Studio de Montreux en 1981. Musique.\" \/>\n<meta property=\"og:url\" content=\"https:\/\/www.montreuxjazzshop.com\/fr\/boutique\/highlights\/t-shirt-under-pressure-montreux-jazz\/\" \/>\n<meta property=\"og:site_name\" content=\"Montreux Jazz Festival Shop\" \/>\n<meta property=\"article:publisher\" content=\"https:\/\/www.facebook.com\/montreuxjazzfestival\" \/>\n<meta property=\"article:modified_time\" content=\"2026-01-14T10:15:08+00:00\" \/>\n<meta property=\"og:image\" content=\"https:\/\/www.montreuxjazzshop.com\/wp-content\/uploads\/2025\/05\/MJF24-T-shirt-Under-Pressure-Montreux-Jazz-Festival-1.jpg\" \/>\n\t<meta property=\"og:image:width\" content=\"1500\" \/>\n\t<meta property=\"og:image:height\" content=\"1500\" \/>\n\t<meta property=\"og:image:type\" content=\"image\/jpeg\" \/>\n<meta name=\"twitter:card\" content=\"summary_large_image\" \/>\n<meta name=\"twitter:site\" content=\"@MontreuxJazz\" \/>\n<script type=\"application\/ld+json\" class=\"yoast-schema-graph\">{\"@context\":\"https:\\\/\\\/schema.org\",\"@graph\":[{\"@type\":\"WebPage\",\"@id\":\"https:\\\/\\\/www.montreuxjazzshop.com\\\/fr\\\/boutique\\\/highlights\\\/t-shirt-under-pressure-montreux-jazz\\\/\",\"url\":\"https:\\\/\\\/www.montreuxjazzshop.com\\\/fr\\\/boutique\\\/highlights\\\/t-shirt-under-pressure-montreux-jazz\\\/\",\"name\":\"T-Shirt Under Pressure - Montreux Jazz Festival Shop\",\"isPartOf\":{\"@id\":\"https:\\\/\\\/www.montreuxjazzshop.com\\\/fr\\\/#website\"},\"primaryImageOfPage\":{\"@id\":\"https:\\\/\\\/www.montreuxjazzshop.com\\\/fr\\\/boutique\\\/highlights\\\/t-shirt-under-pressure-montreux-jazz\\\/#primaryimage\"},\"image\":{\"@id\":\"https:\\\/\\\/www.montreuxjazzshop.com\\\/fr\\\/boutique\\\/highlights\\\/t-shirt-under-pressure-montreux-jazz\\\/#primaryimage\"},\"thumbnailUrl\":\"https:\\\/\\\/www.montreuxjazzshop.com\\\/wp-content\\\/uploads\\\/2025\\\/05\\\/MJF24-T-shirt-Under-Pressure-Montreux-Jazz-Festival-1.jpg\",\"datePublished\":\"2025-09-11T13:25:00+00:00\",\"dateModified\":\"2026-01-14T10:15:08+00:00\",\"description\":\"T-Shirt Under Pressure Montreux Jazz Festival. Freddie Mercury et David Bowie composent ce titre au Mountain Studio de Montreux en 1981. Musique.\",\"breadcrumb\":{\"@id\":\"https:\\\/\\\/www.montreuxjazzshop.com\\\/fr\\\/boutique\\\/highlights\\\/t-shirt-under-pressure-montreux-jazz\\\/#breadcrumb\"},\"inLanguage\":\"fr-FR\",\"potentialAction\":[{\"@type\":\"ReadAction\",\"target\":[\"https:\\\/\\\/www.montreuxjazzshop.com\\\/fr\\\/boutique\\\/highlights\\\/t-shirt-under-pressure-montreux-jazz\\\/\"]}]},{\"@type\":\"ImageObject\",\"inLanguage\":\"fr-FR\",\"@id\":\"https:\\\/\\\/www.montreuxjazzshop.com\\\/fr\\\/boutique\\\/highlights\\\/t-shirt-under-pressure-montreux-jazz\\\/#primaryimage\",\"url\":\"https:\\\/\\\/www.montreuxjazzshop.com\\\/wp-content\\\/uploads\\\/2025\\\/05\\\/MJF24-T-shirt-Under-Pressure-Montreux-Jazz-Festival-1.jpg\",\"contentUrl\":\"https:\\\/\\\/www.montreuxjazzshop.com\\\/wp-content\\\/uploads\\\/2025\\\/05\\\/MJF24-T-shirt-Under-Pressure-Montreux-Jazz-Festival-1.jpg\",\"width\":1500,\"height\":1500,\"caption\":\"Un homme se tient \u00e0 l'ext\u00e9rieur, pr\u00e8s d'une balustrade avec de la verdure et des montagnes. Il porte le tee-shirt \\\"Under Pressure\\\" avec le texte r\u00e9p\u00e9t\u00e9 en blanc et en rose \\\"UMM-BA-BA-BEH, DEE-DAY-DA, THAT'S OKAY\\\".\"},{\"@type\":\"BreadcrumbList\",\"@id\":\"https:\\\/\\\/www.montreuxjazzshop.com\\\/fr\\\/boutique\\\/highlights\\\/t-shirt-under-pressure-montreux-jazz\\\/#breadcrumb\",\"itemListElement\":[{\"@type\":\"ListItem\",\"position\":1,\"name\":\"Accueil\",\"item\":\"https:\\\/\\\/www.montreuxjazzshop.com\\\/fr\\\/\"},{\"@type\":\"ListItem\",\"position\":2,\"name\":\"Boutique\",\"item\":\"https:\\\/\\\/www.montreuxjazzshop.com\\\/fr\\\/boutique\\\/\"},{\"@type\":\"ListItem\",\"position\":3,\"name\":\"T-Shirt Under Pressure\"}]},{\"@type\":\"WebSite\",\"@id\":\"https:\\\/\\\/www.montreuxjazzshop.com\\\/fr\\\/#website\",\"url\":\"https:\\\/\\\/www.montreuxjazzshop.com\\\/fr\\\/\",\"name\":\"Montreux Jazz Shop\",\"description\":\"The Montreux Jazz Festival shop\",\"potentialAction\":[{\"@type\":\"SearchAction\",\"target\":{\"@type\":\"EntryPoint\",\"urlTemplate\":\"https:\\\/\\\/www.montreuxjazzshop.com\\\/fr\\\/?s={search_term_string}\"},\"query-input\":{\"@type\":\"PropertyValueSpecification\",\"valueRequired\":true,\"valueName\":\"search_term_string\"}}],\"inLanguage\":\"fr-FR\"}]}<\/script>\n<meta property=\"og:availability\" content=\"instock\" \/>\n<meta property=\"product:availability\" content=\"instock\" \/>\n<meta property=\"product:retailer_item_id\" content=\"2010000602401\" \/>\n<meta property=\"product:condition\" content=\"new\" \/>\n<!-- \/ Yoast SEO Premium plugin. -->","yoast_head_json":{"title":"T-Shirt Under Pressure - Montreux Jazz Festival Shop","description":"T-Shirt Under Pressure Montreux Jazz Festival. Freddie Mercury et David Bowie composent ce titre au Mountain Studio de Montreux en 1981. Musique.","robots":{"index":"index","follow":"follow","max-snippet":"max-snippet:-1","max-image-preview":"max-image-preview:large","max-video-preview":"max-video-preview:-1"},"canonical":"https:\/\/www.montreuxjazzshop.com\/fr\/boutique\/highlights\/t-shirt-under-pressure-montreux-jazz\/","og_locale":"fr_FR","og_type":"article","og_title":"T-Shirt Under Pressure","og_description":"T-Shirt Under Pressure Montreux Jazz Festival. Freddie Mercury et David Bowie composent ce titre au Mountain Studio de Montreux en 1981. Musique.","og_url":"https:\/\/www.montreuxjazzshop.com\/fr\/boutique\/highlights\/t-shirt-under-pressure-montreux-jazz\/","og_site_name":"Montreux Jazz Festival Shop","article_publisher":"https:\/\/www.facebook.com\/montreuxjazzfestival","article_modified_time":"2026-01-14T10:15:08+00:00","og_image":[{"width":1500,"height":1500,"url":"https:\/\/www.montreuxjazzshop.com\/wp-content\/uploads\/2025\/05\/MJF24-T-shirt-Under-Pressure-Montreux-Jazz-Festival-1.jpg","type":"image\/jpeg"}],"twitter_card":"summary_large_image","twitter_site":"@MontreuxJazz","schema":{"@context":"https:\/\/schema.org","@graph":[{"@type":"WebPage","@id":"https:\/\/www.montreuxjazzshop.com\/fr\/boutique\/highlights\/t-shirt-under-pressure-montreux-jazz\/","url":"https:\/\/www.montreuxjazzshop.com\/fr\/boutique\/highlights\/t-shirt-under-pressure-montreux-jazz\/","name":"T-Shirt Under Pressure - Montreux Jazz Festival Shop","isPartOf":{"@id":"https:\/\/www.montreuxjazzshop.com\/fr\/#website"},"primaryImageOfPage":{"@id":"https:\/\/www.montreuxjazzshop.com\/fr\/boutique\/highlights\/t-shirt-under-pressure-montreux-jazz\/#primaryimage"},"image":{"@id":"https:\/\/www.montreuxjazzshop.com\/fr\/boutique\/highlights\/t-shirt-under-pressure-montreux-jazz\/#primaryimage"},"thumbnailUrl":"https:\/\/www.montreuxjazzshop.com\/wp-content\/uploads\/2025\/05\/MJF24-T-shirt-Under-Pressure-Montreux-Jazz-Festival-1.jpg","datePublished":"2025-09-11T13:25:00+00:00","dateModified":"2026-01-14T10:15:08+00:00","description":"T-Shirt Under Pressure Montreux Jazz Festival. Freddie Mercury et David Bowie composent ce titre au Mountain Studio de Montreux en 1981. Musique.","breadcrumb":{"@id":"https:\/\/www.montreuxjazzshop.com\/fr\/boutique\/highlights\/t-shirt-under-pressure-montreux-jazz\/#breadcrumb"},"inLanguage":"fr-FR","potentialAction":[{"@type":"ReadAction","target":["https:\/\/www.montreuxjazzshop.com\/fr\/boutique\/highlights\/t-shirt-under-pressure-montreux-jazz\/"]}]},{"@type":"ImageObject","inLanguage":"fr-FR","@id":"https:\/\/www.montreuxjazzshop.com\/fr\/boutique\/highlights\/t-shirt-under-pressure-montreux-jazz\/#primaryimage","url":"https:\/\/www.montreuxjazzshop.com\/wp-content\/uploads\/2025\/05\/MJF24-T-shirt-Under-Pressure-Montreux-Jazz-Festival-1.jpg","contentUrl":"https:\/\/www.montreuxjazzshop.com\/wp-content\/uploads\/2025\/05\/MJF24-T-shirt-Under-Pressure-Montreux-Jazz-Festival-1.jpg","width":1500,"height":1500,"caption":"Un homme se tient \u00e0 l'ext\u00e9rieur, pr\u00e8s d'une balustrade avec de la verdure et des montagnes. Il porte le tee-shirt \"Under Pressure\" avec le texte r\u00e9p\u00e9t\u00e9 en blanc et en rose \"UMM-BA-BA-BEH, DEE-DAY-DA, THAT'S OKAY\"."},{"@type":"BreadcrumbList","@id":"https:\/\/www.montreuxjazzshop.com\/fr\/boutique\/highlights\/t-shirt-under-pressure-montreux-jazz\/#breadcrumb","itemListElement":[{"@type":"ListItem","position":1,"name":"Accueil","item":"https:\/\/www.montreuxjazzshop.com\/fr\/"},{"@type":"ListItem","position":2,"name":"Boutique","item":"https:\/\/www.montreuxjazzshop.com\/fr\/boutique\/"},{"@type":"ListItem","position":3,"name":"T-Shirt Under Pressure"}]},{"@type":"WebSite","@id":"https:\/\/www.montreuxjazzshop.com\/fr\/#website","url":"https:\/\/www.montreuxjazzshop.com\/fr\/","name":"Montreux Jazz Shop","description":"The Montreux Jazz Festival shop","potentialAction":[{"@type":"SearchAction","target":{"@type":"EntryPoint","urlTemplate":"https:\/\/www.montreuxjazzshop.com\/fr\/?s={search_term_string}"},"query-input":{"@type":"PropertyValueSpecification","valueRequired":true,"valueName":"search_term_string"}}],"inLanguage":"fr-FR"}]},"og_availability":"instock","product_availability":"instock","product_retailer_item_id":"2010000602401","product_condition":"new"},"_links":{"self":[{"href":"https:\/\/www.montreuxjazzshop.com\/fr\/wp-json\/wp\/v2\/product\/4561","targetHints":{"allow":["GET"]}}],"collection":[{"href":"https:\/\/www.montreuxjazzshop.com\/fr\/wp-json\/wp\/v2\/product"}],"about":[{"href":"https:\/\/www.montreuxjazzshop.com\/fr\/wp-json\/wp\/v2\/types\/product"}],"wp:featuredmedia":[{"embeddable":true,"href":"https:\/\/www.montreuxjazzshop.com\/fr\/wp-json\/wp\/v2\/media\/1557"}],"wp:attachment":[{"href":"https:\/\/www.montreuxjazzshop.com\/fr\/wp-json\/wp\/v2\/media?parent=4561"}],"wp:term":[{"taxonomy":"artist","embeddable":true,"href":"https:\/\/www.montreuxjazzshop.com\/fr\/wp-json\/wp\/v2\/artist?post=4561"},{"taxonomy":"artist-category","embeddable":true,"href":"https:\/\/www.montreuxjazzshop.com\/fr\/wp-json\/wp\/v2\/artist-category?post=4561"},{"taxonomy":"edition","embeddable":true,"href":"https:\/\/www.montreuxjazzshop.com\/fr\/wp-json\/wp\/v2\/edition?post=4561"},{"taxonomy":"product_brand","embeddable":true,"href":"https:\/\/www.montreuxjazzshop.com\/fr\/wp-json\/wp\/v2\/product_brand?post=4561"},{"taxonomy":"product_cat","embeddable":true,"href":"https:\/\/www.montreuxjazzshop.com\/fr\/wp-json\/wp\/v2\/product_cat?post=4561"},{"taxonomy":"product_tag","embeddable":true,"href":"https:\/\/www.montreuxjazzshop.com\/fr\/wp-json\/wp\/v2\/product_tag?post=4561"}],"curies":[{"name":"wp","href":"https:\/\/api.w.org\/{rel}","templated":true}]}}