{"id":4425,"date":"2025-09-11T15:24:34","date_gmt":"2025-09-11T13:24:34","guid":{"rendered":"https:\/\/www.montreuxjazzshop.com\/?post_type=product&#038;p=4425"},"modified":"2026-01-20T12:01:25","modified_gmt":"2026-01-20T11:01:25","slug":"sweatshirt-brode-montreux-jazz-aloe","status":"publish","type":"product","link":"https:\/\/www.montreuxjazzshop.com\/fr\/boutique\/textile\/hoody-fr\/sweatshirt-brode-montreux-jazz-aloe\/","title":{"rendered":"Sweatshirt brod\u00e9 Montreux Jazz, Aloe"},"content":{"rendered":"<ul>\n<li>Shell &#8211; Molleton non bross\u00e9<\/li>\n<li>100% Cotton &#8211; Organic Carded &#8211; 400 GSM<\/li>\n<li>Coupe Oversized<\/li>\n<li>Poche kangourou \u00e0 l\u2019avant<\/li>\n<\/ul>\n","protected":false},"excerpt":{"rendered":"<p>Sweatshirt \u00e0 capuche brod\u00e9 \u00ab\u00a0Montreux Jazz Festival\u00a0\u00bb, unisexe. Coupe Oversize.<\/p>\n<p>Le saviez-vous? Le lettrage \u00e0 la main \u00ab\u00a0Montreux Jazz Festival\u00a0\u00bb, typique de <a href=\"\/fr\/portfolio-item\/jean-tinguely\/\">Jean Tinguely<\/a> &#8211; cr\u00e9ateur de l&rsquo;affiche de 1982 &#8211; sera l\u00e9g\u00e8rement retravaill\u00e9 par <a href=\"\/fr\/portfolio-item\/pierre-keller\/\">Pierre Keller<\/a> pour devenir l\u2019iconique nouveau logo du Festival.<\/p>\n","protected":false},"featured_media":1530,"template":"","meta":{"_acf_changed":false},"artist":[],"artist-category":[],"edition":[],"product_brand":[],"product_cat":[345,352,302],"product_tag":[],"class_list":{"0":"post-4425","1":"product","2":"type-product","3":"status-publish","4":"has-post-thumbnail","6":"product_cat-highlights","7":"product_cat-hoody-fr","8":"product_cat-textile","9":"product_shipping_class-accessoires-et-textile","11":"first","12":"instock","13":"sale","14":"taxable","15":"shipping-taxable","16":"purchasable","17":"product-type-variable","18":"wvs-archive-product-wrapper"},"bundled_by":[],"bundle_stock_status":"instock","bundle_stock_quantity":null,"bundle_virtual":false,"bundle_layout":"","bundle_add_to_cart_form_location":"","bundle_editable_in_cart":false,"bundle_sold_individually_context":"","bundle_item_grouping":"","bundle_min_size":"","bundle_max_size":"","bundle_price":[],"bundled_items":[],"bundle_sell_ids":[],"acf":[],"yoast_head":"<!-- This site is optimized with the Yoast SEO Premium plugin v26.4 (Yoast SEO v27.4) - https:\/\/yoast.com\/product\/yoast-seo-premium-wordpress\/ -->\n<title>Sweatshirt brod\u00e9 Montreux Jazz, Aloe - Montreux Jazz Festival Shop<\/title>\n<meta name=\"description\" content=\"Sweatshirt \u00e0 capuche brod\u00e9 Montreux Jazz Festival, Aloe. Coupe Oversize Unisexe. Le lettrage &quot;Montreux Jazz Festival&quot;, est tir\u00e9 de l&#039;affiche de 1982.\" \/>\n<meta name=\"robots\" content=\"index, follow, max-snippet:-1, max-image-preview:large, max-video-preview:-1\" \/>\n<link rel=\"canonical\" href=\"https:\/\/www.montreuxjazzshop.com\/fr\/boutique\/textile\/hoody-fr\/sweatshirt-brode-montreux-jazz-aloe\/\" \/>\n<meta property=\"og:locale\" content=\"fr_FR\" \/>\n<meta property=\"og:type\" content=\"article\" \/>\n<meta property=\"og:title\" content=\"Sweatshirt brod\u00e9 Montreux Jazz, Aloe\" \/>\n<meta property=\"og:description\" content=\"Sweatshirt \u00e0 capuche brod\u00e9 Montreux Jazz Festival, Aloe. Coupe Oversize Unisexe. Le lettrage &quot;Montreux Jazz Festival&quot;, est tir\u00e9 de l&#039;affiche de 1982.\" \/>\n<meta property=\"og:url\" content=\"https:\/\/www.montreuxjazzshop.com\/fr\/boutique\/textile\/hoody-fr\/sweatshirt-brode-montreux-jazz-aloe\/\" \/>\n<meta property=\"og:site_name\" content=\"Montreux Jazz Festival Shop\" \/>\n<meta property=\"article:publisher\" content=\"https:\/\/www.facebook.com\/montreuxjazzfestival\" \/>\n<meta property=\"article:modified_time\" content=\"2026-01-20T11:01:25+00:00\" \/>\n<meta property=\"og:image\" content=\"https:\/\/www.montreuxjazzshop.com\/wp-content\/uploads\/2025\/05\/MJF24-Sweat-Capuche-Aloe-Montreux-Jazz-Festival-2.jpg\" \/>\n\t<meta property=\"og:image:width\" content=\"1500\" \/>\n\t<meta property=\"og:image:height\" content=\"1500\" \/>\n\t<meta property=\"og:image:type\" content=\"image\/jpeg\" \/>\n<meta name=\"twitter:card\" content=\"summary_large_image\" \/>\n<meta name=\"twitter:site\" content=\"@MontreuxJazz\" \/>\n<script type=\"application\/ld+json\" class=\"yoast-schema-graph\">{\"@context\":\"https:\\\/\\\/schema.org\",\"@graph\":[{\"@type\":\"WebPage\",\"@id\":\"https:\\\/\\\/www.montreuxjazzshop.com\\\/fr\\\/boutique\\\/textile\\\/hoody-fr\\\/sweatshirt-brode-montreux-jazz-aloe\\\/\",\"url\":\"https:\\\/\\\/www.montreuxjazzshop.com\\\/fr\\\/boutique\\\/textile\\\/hoody-fr\\\/sweatshirt-brode-montreux-jazz-aloe\\\/\",\"name\":\"Sweatshirt brod\u00e9 Montreux Jazz, Aloe - Montreux Jazz Festival Shop\",\"isPartOf\":{\"@id\":\"https:\\\/\\\/www.montreuxjazzshop.com\\\/fr\\\/#website\"},\"primaryImageOfPage\":{\"@id\":\"https:\\\/\\\/www.montreuxjazzshop.com\\\/fr\\\/boutique\\\/textile\\\/hoody-fr\\\/sweatshirt-brode-montreux-jazz-aloe\\\/#primaryimage\"},\"image\":{\"@id\":\"https:\\\/\\\/www.montreuxjazzshop.com\\\/fr\\\/boutique\\\/textile\\\/hoody-fr\\\/sweatshirt-brode-montreux-jazz-aloe\\\/#primaryimage\"},\"thumbnailUrl\":\"https:\\\/\\\/www.montreuxjazzshop.com\\\/wp-content\\\/uploads\\\/2025\\\/05\\\/MJF24-Sweat-Capuche-Aloe-Montreux-Jazz-Festival-2.jpg\",\"datePublished\":\"2025-09-11T13:24:34+00:00\",\"dateModified\":\"2026-01-20T11:01:25+00:00\",\"description\":\"Sweatshirt \u00e0 capuche brod\u00e9 Montreux Jazz Festival, Aloe. Coupe Oversize Unisexe. Le lettrage \\\"Montreux Jazz Festival\\\", est tir\u00e9 de l'affiche de 1982.\",\"breadcrumb\":{\"@id\":\"https:\\\/\\\/www.montreuxjazzshop.com\\\/fr\\\/boutique\\\/textile\\\/hoody-fr\\\/sweatshirt-brode-montreux-jazz-aloe\\\/#breadcrumb\"},\"inLanguage\":\"fr-FR\",\"potentialAction\":[{\"@type\":\"ReadAction\",\"target\":[\"https:\\\/\\\/www.montreuxjazzshop.com\\\/fr\\\/boutique\\\/textile\\\/hoody-fr\\\/sweatshirt-brode-montreux-jazz-aloe\\\/\"]}]},{\"@type\":\"ImageObject\",\"inLanguage\":\"fr-FR\",\"@id\":\"https:\\\/\\\/www.montreuxjazzshop.com\\\/fr\\\/boutique\\\/textile\\\/hoody-fr\\\/sweatshirt-brode-montreux-jazz-aloe\\\/#primaryimage\",\"url\":\"https:\\\/\\\/www.montreuxjazzshop.com\\\/wp-content\\\/uploads\\\/2025\\\/05\\\/MJF24-Sweat-Capuche-Aloe-Montreux-Jazz-Festival-2.jpg\",\"contentUrl\":\"https:\\\/\\\/www.montreuxjazzshop.com\\\/wp-content\\\/uploads\\\/2025\\\/05\\\/MJF24-Sweat-Capuche-Aloe-Montreux-Jazz-Festival-2.jpg\",\"width\":1500,\"height\":1500,\"caption\":\"Un homme au cr\u00e2ne ras\u00e9 et \u00e0 la moustache porte un Sweatshirt brod\u00e9 Montreux Jazz, Aloe, debout en plein air et regardant sur le c\u00f4t\u00e9, avec des montagnes et de l'eau floues cr\u00e9ant un arri\u00e8re-plan pittoresque et naturel.\"},{\"@type\":\"BreadcrumbList\",\"@id\":\"https:\\\/\\\/www.montreuxjazzshop.com\\\/fr\\\/boutique\\\/textile\\\/hoody-fr\\\/sweatshirt-brode-montreux-jazz-aloe\\\/#breadcrumb\",\"itemListElement\":[{\"@type\":\"ListItem\",\"position\":1,\"name\":\"Accueil\",\"item\":\"https:\\\/\\\/www.montreuxjazzshop.com\\\/fr\\\/\"},{\"@type\":\"ListItem\",\"position\":2,\"name\":\"Boutique\",\"item\":\"https:\\\/\\\/www.montreuxjazzshop.com\\\/fr\\\/boutique\\\/\"},{\"@type\":\"ListItem\",\"position\":3,\"name\":\"Sweatshirt brod\u00e9 Montreux Jazz, Aloe\"}]},{\"@type\":\"WebSite\",\"@id\":\"https:\\\/\\\/www.montreuxjazzshop.com\\\/fr\\\/#website\",\"url\":\"https:\\\/\\\/www.montreuxjazzshop.com\\\/fr\\\/\",\"name\":\"Montreux Jazz Shop\",\"description\":\"The Montreux Jazz Festival shop\",\"potentialAction\":[{\"@type\":\"SearchAction\",\"target\":{\"@type\":\"EntryPoint\",\"urlTemplate\":\"https:\\\/\\\/www.montreuxjazzshop.com\\\/fr\\\/?s={search_term_string}\"},\"query-input\":{\"@type\":\"PropertyValueSpecification\",\"valueRequired\":true,\"valueName\":\"search_term_string\"}}],\"inLanguage\":\"fr-FR\"}]}<\/script>\n<meta property=\"og:availability\" content=\"instock\" \/>\n<meta property=\"product:availability\" content=\"instock\" \/>\n<meta property=\"product:retailer_item_id\" content=\"2100000302024\" \/>\n<meta property=\"product:condition\" content=\"new\" \/>\n<!-- \/ Yoast SEO Premium plugin. -->","yoast_head_json":{"title":"Sweatshirt brod\u00e9 Montreux Jazz, Aloe - Montreux Jazz Festival Shop","description":"Sweatshirt \u00e0 capuche brod\u00e9 Montreux Jazz Festival, Aloe. Coupe Oversize Unisexe. Le lettrage \"Montreux Jazz Festival\", est tir\u00e9 de l'affiche de 1982.","robots":{"index":"index","follow":"follow","max-snippet":"max-snippet:-1","max-image-preview":"max-image-preview:large","max-video-preview":"max-video-preview:-1"},"canonical":"https:\/\/www.montreuxjazzshop.com\/fr\/boutique\/textile\/hoody-fr\/sweatshirt-brode-montreux-jazz-aloe\/","og_locale":"fr_FR","og_type":"article","og_title":"Sweatshirt brod\u00e9 Montreux Jazz, Aloe","og_description":"Sweatshirt \u00e0 capuche brod\u00e9 Montreux Jazz Festival, Aloe. Coupe Oversize Unisexe. Le lettrage \"Montreux Jazz Festival\", est tir\u00e9 de l'affiche de 1982.","og_url":"https:\/\/www.montreuxjazzshop.com\/fr\/boutique\/textile\/hoody-fr\/sweatshirt-brode-montreux-jazz-aloe\/","og_site_name":"Montreux Jazz Festival Shop","article_publisher":"https:\/\/www.facebook.com\/montreuxjazzfestival","article_modified_time":"2026-01-20T11:01:25+00:00","og_image":[{"width":1500,"height":1500,"url":"https:\/\/www.montreuxjazzshop.com\/wp-content\/uploads\/2025\/05\/MJF24-Sweat-Capuche-Aloe-Montreux-Jazz-Festival-2.jpg","type":"image\/jpeg"}],"twitter_card":"summary_large_image","twitter_site":"@MontreuxJazz","schema":{"@context":"https:\/\/schema.org","@graph":[{"@type":"WebPage","@id":"https:\/\/www.montreuxjazzshop.com\/fr\/boutique\/textile\/hoody-fr\/sweatshirt-brode-montreux-jazz-aloe\/","url":"https:\/\/www.montreuxjazzshop.com\/fr\/boutique\/textile\/hoody-fr\/sweatshirt-brode-montreux-jazz-aloe\/","name":"Sweatshirt brod\u00e9 Montreux Jazz, Aloe - Montreux Jazz Festival Shop","isPartOf":{"@id":"https:\/\/www.montreuxjazzshop.com\/fr\/#website"},"primaryImageOfPage":{"@id":"https:\/\/www.montreuxjazzshop.com\/fr\/boutique\/textile\/hoody-fr\/sweatshirt-brode-montreux-jazz-aloe\/#primaryimage"},"image":{"@id":"https:\/\/www.montreuxjazzshop.com\/fr\/boutique\/textile\/hoody-fr\/sweatshirt-brode-montreux-jazz-aloe\/#primaryimage"},"thumbnailUrl":"https:\/\/www.montreuxjazzshop.com\/wp-content\/uploads\/2025\/05\/MJF24-Sweat-Capuche-Aloe-Montreux-Jazz-Festival-2.jpg","datePublished":"2025-09-11T13:24:34+00:00","dateModified":"2026-01-20T11:01:25+00:00","description":"Sweatshirt \u00e0 capuche brod\u00e9 Montreux Jazz Festival, Aloe. Coupe Oversize Unisexe. Le lettrage \"Montreux Jazz Festival\", est tir\u00e9 de l'affiche de 1982.","breadcrumb":{"@id":"https:\/\/www.montreuxjazzshop.com\/fr\/boutique\/textile\/hoody-fr\/sweatshirt-brode-montreux-jazz-aloe\/#breadcrumb"},"inLanguage":"fr-FR","potentialAction":[{"@type":"ReadAction","target":["https:\/\/www.montreuxjazzshop.com\/fr\/boutique\/textile\/hoody-fr\/sweatshirt-brode-montreux-jazz-aloe\/"]}]},{"@type":"ImageObject","inLanguage":"fr-FR","@id":"https:\/\/www.montreuxjazzshop.com\/fr\/boutique\/textile\/hoody-fr\/sweatshirt-brode-montreux-jazz-aloe\/#primaryimage","url":"https:\/\/www.montreuxjazzshop.com\/wp-content\/uploads\/2025\/05\/MJF24-Sweat-Capuche-Aloe-Montreux-Jazz-Festival-2.jpg","contentUrl":"https:\/\/www.montreuxjazzshop.com\/wp-content\/uploads\/2025\/05\/MJF24-Sweat-Capuche-Aloe-Montreux-Jazz-Festival-2.jpg","width":1500,"height":1500,"caption":"Un homme au cr\u00e2ne ras\u00e9 et \u00e0 la moustache porte un Sweatshirt brod\u00e9 Montreux Jazz, Aloe, debout en plein air et regardant sur le c\u00f4t\u00e9, avec des montagnes et de l'eau floues cr\u00e9ant un arri\u00e8re-plan pittoresque et naturel."},{"@type":"BreadcrumbList","@id":"https:\/\/www.montreuxjazzshop.com\/fr\/boutique\/textile\/hoody-fr\/sweatshirt-brode-montreux-jazz-aloe\/#breadcrumb","itemListElement":[{"@type":"ListItem","position":1,"name":"Accueil","item":"https:\/\/www.montreuxjazzshop.com\/fr\/"},{"@type":"ListItem","position":2,"name":"Boutique","item":"https:\/\/www.montreuxjazzshop.com\/fr\/boutique\/"},{"@type":"ListItem","position":3,"name":"Sweatshirt brod\u00e9 Montreux Jazz, Aloe"}]},{"@type":"WebSite","@id":"https:\/\/www.montreuxjazzshop.com\/fr\/#website","url":"https:\/\/www.montreuxjazzshop.com\/fr\/","name":"Montreux Jazz Shop","description":"The Montreux Jazz Festival shop","potentialAction":[{"@type":"SearchAction","target":{"@type":"EntryPoint","urlTemplate":"https:\/\/www.montreuxjazzshop.com\/fr\/?s={search_term_string}"},"query-input":{"@type":"PropertyValueSpecification","valueRequired":true,"valueName":"search_term_string"}}],"inLanguage":"fr-FR"}]},"og_availability":"instock","product_availability":"instock","product_retailer_item_id":"2100000302024","product_condition":"new"},"_links":{"self":[{"href":"https:\/\/www.montreuxjazzshop.com\/fr\/wp-json\/wp\/v2\/product\/4425","targetHints":{"allow":["GET"]}}],"collection":[{"href":"https:\/\/www.montreuxjazzshop.com\/fr\/wp-json\/wp\/v2\/product"}],"about":[{"href":"https:\/\/www.montreuxjazzshop.com\/fr\/wp-json\/wp\/v2\/types\/product"}],"wp:featuredmedia":[{"embeddable":true,"href":"https:\/\/www.montreuxjazzshop.com\/fr\/wp-json\/wp\/v2\/media\/1530"}],"wp:attachment":[{"href":"https:\/\/www.montreuxjazzshop.com\/fr\/wp-json\/wp\/v2\/media?parent=4425"}],"wp:term":[{"taxonomy":"artist","embeddable":true,"href":"https:\/\/www.montreuxjazzshop.com\/fr\/wp-json\/wp\/v2\/artist?post=4425"},{"taxonomy":"artist-category","embeddable":true,"href":"https:\/\/www.montreuxjazzshop.com\/fr\/wp-json\/wp\/v2\/artist-category?post=4425"},{"taxonomy":"edition","embeddable":true,"href":"https:\/\/www.montreuxjazzshop.com\/fr\/wp-json\/wp\/v2\/edition?post=4425"},{"taxonomy":"product_brand","embeddable":true,"href":"https:\/\/www.montreuxjazzshop.com\/fr\/wp-json\/wp\/v2\/product_brand?post=4425"},{"taxonomy":"product_cat","embeddable":true,"href":"https:\/\/www.montreuxjazzshop.com\/fr\/wp-json\/wp\/v2\/product_cat?post=4425"},{"taxonomy":"product_tag","embeddable":true,"href":"https:\/\/www.montreuxjazzshop.com\/fr\/wp-json\/wp\/v2\/product_tag?post=4425"}],"curies":[{"name":"wp","href":"https:\/\/api.w.org\/{rel}","templated":true}]}}