{"id":4327,"date":"2025-11-29T08:00:13","date_gmt":"2025-11-29T07:00:13","guid":{"rendered":"https:\/\/www.montreuxjazzshop.com\/?post_type=product&#038;p=4327"},"modified":"2026-03-12T14:04:25","modified_gmt":"2026-03-12T13:04:25","slug":"sac-banane-mini-loqi-montreux-jazz","status":"publish","type":"product","link":"https:\/\/www.montreuxjazzshop.com\/fr\/boutique\/accessoires\/sacs\/sac-banane-mini-loqi-montreux-jazz\/","title":{"rendered":"Sac banane mini r\u00e9fl\u00e9chissante"},"content":{"rendered":"<p>Je p\u00e8se 105 g (3,7 oz).<br \/>\nJe peux porter 3 kg.<br \/>\nMes dimensions sont de 26 x 14 x 2 cm<br \/>\nMa sangle r\u00e9glable est de 42 \u00e0 73cm<\/p>\n<p>Je suis certifi\u00e9 STANDARD 100 par OEKO-TEX\u00ae.<br \/>\nJe suis fabriqu\u00e9 en polyester avec un rev\u00eatement en billes de verre hi-r\u00e9fl\u00e9chissant.<br \/>\nJe suis sensible aux surfaces abrasives, le frottement expose mon tissu de base.<br \/>\nJe suis r\u00e9sistant \u00e0 l&rsquo;eau.<\/p>\n<p>LOQI est certifi\u00e9 CO2 neutre par Planetly.<\/p>\n","protected":false},"excerpt":{"rendered":"<p>Brillez de mille feux dans n\u2019importe quel environnement. Que vous soyez en d\u00e9placement ou que vous ajoutiez simplement une touche suppl\u00e9mentaire \u00e0 votre tenue, ce sac banane est l\u00e0 pour vous! Assure la s\u00e9curit\u00e9 de nos enfants dans des conditions de faible luminosit\u00e9.<\/p>\n<p>Votre incontournable pour un style \u00e9lectrisant, de jour comme de nuit!<\/p>\n","protected":false},"featured_media":1476,"template":"","meta":{"_acf_changed":false},"artist":[],"artist-category":[],"edition":[163],"product_brand":[],"product_cat":[325,345,346],"product_tag":[],"class_list":{"0":"post-4327","1":"product","2":"type-product","3":"status-publish","4":"has-post-thumbnail","6":"edition-163","7":"product_cat-accessoires","8":"product_cat-highlights","9":"product_cat-sacs","10":"product_shipping_class-petits-objets-et-dvd","12":"first","13":"instock","14":"sale","15":"taxable","16":"shipping-taxable","17":"purchasable","18":"product-type-simple"},"bundled_by":[],"bundle_stock_status":"instock","bundle_stock_quantity":4,"bundle_virtual":false,"bundle_layout":"","bundle_add_to_cart_form_location":"","bundle_editable_in_cart":false,"bundle_sold_individually_context":"","bundle_item_grouping":"","bundle_min_size":"","bundle_max_size":"","bundle_price":[],"bundled_items":[],"bundle_sell_ids":[],"acf":[],"yoast_head":"<!-- This site is optimized with the Yoast SEO Premium plugin v26.4 (Yoast SEO v27.4) - https:\/\/yoast.com\/product\/yoast-seo-premium-wordpress\/ -->\n<title>Sac banane mini r\u00e9fl\u00e9chissante - Montreux Jazz Festival Shop<\/title>\n<meta name=\"description\" content=\"Sac banane mini argent\u00e9 r\u00e9fl\u00e9chissant Montreux Jazz Festival de la marque LOQI. Assure la s\u00e9curit\u00e9 des enfants et styl\u00e9 pour les adultes. Musique everywhere\" \/>\n<meta name=\"robots\" content=\"index, follow, max-snippet:-1, max-image-preview:large, max-video-preview:-1\" \/>\n<link rel=\"canonical\" href=\"https:\/\/www.montreuxjazzshop.com\/fr\/boutique\/accessoires\/sacs\/sac-banane-mini-loqi-montreux-jazz\/\" \/>\n<meta property=\"og:locale\" content=\"fr_FR\" \/>\n<meta property=\"og:type\" content=\"article\" \/>\n<meta property=\"og:title\" content=\"Sac banane mini r\u00e9fl\u00e9chissante\" \/>\n<meta property=\"og:description\" content=\"Sac banane mini argent\u00e9 r\u00e9fl\u00e9chissant Montreux Jazz Festival de la marque LOQI. Assure la s\u00e9curit\u00e9 des enfants et styl\u00e9 pour les adultes. Musique everywhere\" \/>\n<meta property=\"og:url\" content=\"https:\/\/www.montreuxjazzshop.com\/fr\/boutique\/accessoires\/sacs\/sac-banane-mini-loqi-montreux-jazz\/\" \/>\n<meta property=\"og:site_name\" content=\"Montreux Jazz Festival Shop\" \/>\n<meta property=\"article:publisher\" content=\"https:\/\/www.facebook.com\/montreuxjazzfestival\" \/>\n<meta property=\"article:modified_time\" content=\"2026-03-12T13:04:25+00:00\" \/>\n<meta property=\"og:image\" content=\"https:\/\/www.montreuxjazzshop.com\/wp-content\/uploads\/2025\/05\/MJF24-Banane-Mini-Montreux-Jazz-Festival-1.jpg\" \/>\n\t<meta property=\"og:image:width\" content=\"1500\" \/>\n\t<meta property=\"og:image:height\" content=\"1500\" \/>\n\t<meta property=\"og:image:type\" content=\"image\/jpeg\" \/>\n<meta name=\"twitter:card\" content=\"summary_large_image\" \/>\n<meta name=\"twitter:site\" content=\"@MontreuxJazz\" \/>\n<script type=\"application\/ld+json\" class=\"yoast-schema-graph\">{\"@context\":\"https:\\\/\\\/schema.org\",\"@graph\":[{\"@type\":\"WebPage\",\"@id\":\"https:\\\/\\\/www.montreuxjazzshop.com\\\/fr\\\/boutique\\\/accessoires\\\/sacs\\\/sac-banane-mini-loqi-montreux-jazz\\\/\",\"url\":\"https:\\\/\\\/www.montreuxjazzshop.com\\\/fr\\\/boutique\\\/accessoires\\\/sacs\\\/sac-banane-mini-loqi-montreux-jazz\\\/\",\"name\":\"Sac banane mini r\u00e9fl\u00e9chissante - Montreux Jazz Festival Shop\",\"isPartOf\":{\"@id\":\"https:\\\/\\\/www.montreuxjazzshop.com\\\/fr\\\/#website\"},\"primaryImageOfPage\":{\"@id\":\"https:\\\/\\\/www.montreuxjazzshop.com\\\/fr\\\/boutique\\\/accessoires\\\/sacs\\\/sac-banane-mini-loqi-montreux-jazz\\\/#primaryimage\"},\"image\":{\"@id\":\"https:\\\/\\\/www.montreuxjazzshop.com\\\/fr\\\/boutique\\\/accessoires\\\/sacs\\\/sac-banane-mini-loqi-montreux-jazz\\\/#primaryimage\"},\"thumbnailUrl\":\"https:\\\/\\\/www.montreuxjazzshop.com\\\/wp-content\\\/uploads\\\/2025\\\/05\\\/MJF24-Banane-Mini-Montreux-Jazz-Festival-1.jpg\",\"datePublished\":\"2025-11-29T07:00:13+00:00\",\"dateModified\":\"2026-03-12T13:04:25+00:00\",\"description\":\"Sac banane mini argent\u00e9 r\u00e9fl\u00e9chissant Montreux Jazz Festival de la marque LOQI. Assure la s\u00e9curit\u00e9 des enfants et styl\u00e9 pour les adultes. Musique everywhere\",\"breadcrumb\":{\"@id\":\"https:\\\/\\\/www.montreuxjazzshop.com\\\/fr\\\/boutique\\\/accessoires\\\/sacs\\\/sac-banane-mini-loqi-montreux-jazz\\\/#breadcrumb\"},\"inLanguage\":\"fr-FR\",\"potentialAction\":[{\"@type\":\"ReadAction\",\"target\":[\"https:\\\/\\\/www.montreuxjazzshop.com\\\/fr\\\/boutique\\\/accessoires\\\/sacs\\\/sac-banane-mini-loqi-montreux-jazz\\\/\"]}]},{\"@type\":\"ImageObject\",\"inLanguage\":\"fr-FR\",\"@id\":\"https:\\\/\\\/www.montreuxjazzshop.com\\\/fr\\\/boutique\\\/accessoires\\\/sacs\\\/sac-banane-mini-loqi-montreux-jazz\\\/#primaryimage\",\"url\":\"https:\\\/\\\/www.montreuxjazzshop.com\\\/wp-content\\\/uploads\\\/2025\\\/05\\\/MJF24-Banane-Mini-Montreux-Jazz-Festival-1.jpg\",\"contentUrl\":\"https:\\\/\\\/www.montreuxjazzshop.com\\\/wp-content\\\/uploads\\\/2025\\\/05\\\/MJF24-Banane-Mini-Montreux-Jazz-Festival-1.jpg\",\"width\":1500,\"height\":1500,\"caption\":\"Un Sac banane mini r\u00e9fl\u00e9chissante gris clair avec une sangle r\u00e9glable noire et une fermeture \u00e9clair noire est pr\u00e9sent\u00e9 sur un fond bleu p\u00e2le.\"},{\"@type\":\"BreadcrumbList\",\"@id\":\"https:\\\/\\\/www.montreuxjazzshop.com\\\/fr\\\/boutique\\\/accessoires\\\/sacs\\\/sac-banane-mini-loqi-montreux-jazz\\\/#breadcrumb\",\"itemListElement\":[{\"@type\":\"ListItem\",\"position\":1,\"name\":\"Accueil\",\"item\":\"https:\\\/\\\/www.montreuxjazzshop.com\\\/fr\\\/\"},{\"@type\":\"ListItem\",\"position\":2,\"name\":\"Boutique\",\"item\":\"https:\\\/\\\/www.montreuxjazzshop.com\\\/fr\\\/boutique\\\/\"},{\"@type\":\"ListItem\",\"position\":3,\"name\":\"Sac banane mini r\u00e9fl\u00e9chissante\"}]},{\"@type\":\"WebSite\",\"@id\":\"https:\\\/\\\/www.montreuxjazzshop.com\\\/fr\\\/#website\",\"url\":\"https:\\\/\\\/www.montreuxjazzshop.com\\\/fr\\\/\",\"name\":\"Montreux Jazz Shop\",\"description\":\"The Montreux Jazz Festival shop\",\"potentialAction\":[{\"@type\":\"SearchAction\",\"target\":{\"@type\":\"EntryPoint\",\"urlTemplate\":\"https:\\\/\\\/www.montreuxjazzshop.com\\\/fr\\\/?s={search_term_string}\"},\"query-input\":{\"@type\":\"PropertyValueSpecification\",\"valueRequired\":true,\"valueName\":\"search_term_string\"}}],\"inLanguage\":\"fr-FR\"}]}<\/script>\n<meta property=\"product:price:amount\" content=\"17.50\" \/>\n<meta property=\"product:price:currency\" content=\"CHF\" \/>\n<meta property=\"og:availability\" content=\"instock\" \/>\n<meta property=\"product:availability\" content=\"instock\" \/>\n<meta property=\"product:retailer_item_id\" content=\"3030100002024\" \/>\n<meta property=\"product:condition\" content=\"new\" \/>\n<!-- \/ Yoast SEO Premium plugin. -->","yoast_head_json":{"title":"Sac banane mini r\u00e9fl\u00e9chissante - Montreux Jazz Festival Shop","description":"Sac banane mini argent\u00e9 r\u00e9fl\u00e9chissant Montreux Jazz Festival de la marque LOQI. Assure la s\u00e9curit\u00e9 des enfants et styl\u00e9 pour les adultes. Musique everywhere","robots":{"index":"index","follow":"follow","max-snippet":"max-snippet:-1","max-image-preview":"max-image-preview:large","max-video-preview":"max-video-preview:-1"},"canonical":"https:\/\/www.montreuxjazzshop.com\/fr\/boutique\/accessoires\/sacs\/sac-banane-mini-loqi-montreux-jazz\/","og_locale":"fr_FR","og_type":"article","og_title":"Sac banane mini r\u00e9fl\u00e9chissante","og_description":"Sac banane mini argent\u00e9 r\u00e9fl\u00e9chissant Montreux Jazz Festival de la marque LOQI. Assure la s\u00e9curit\u00e9 des enfants et styl\u00e9 pour les adultes. Musique everywhere","og_url":"https:\/\/www.montreuxjazzshop.com\/fr\/boutique\/accessoires\/sacs\/sac-banane-mini-loqi-montreux-jazz\/","og_site_name":"Montreux Jazz Festival Shop","article_publisher":"https:\/\/www.facebook.com\/montreuxjazzfestival","article_modified_time":"2026-03-12T13:04:25+00:00","og_image":[{"width":1500,"height":1500,"url":"https:\/\/www.montreuxjazzshop.com\/wp-content\/uploads\/2025\/05\/MJF24-Banane-Mini-Montreux-Jazz-Festival-1.jpg","type":"image\/jpeg"}],"twitter_card":"summary_large_image","twitter_site":"@MontreuxJazz","schema":{"@context":"https:\/\/schema.org","@graph":[{"@type":"WebPage","@id":"https:\/\/www.montreuxjazzshop.com\/fr\/boutique\/accessoires\/sacs\/sac-banane-mini-loqi-montreux-jazz\/","url":"https:\/\/www.montreuxjazzshop.com\/fr\/boutique\/accessoires\/sacs\/sac-banane-mini-loqi-montreux-jazz\/","name":"Sac banane mini r\u00e9fl\u00e9chissante - Montreux Jazz Festival Shop","isPartOf":{"@id":"https:\/\/www.montreuxjazzshop.com\/fr\/#website"},"primaryImageOfPage":{"@id":"https:\/\/www.montreuxjazzshop.com\/fr\/boutique\/accessoires\/sacs\/sac-banane-mini-loqi-montreux-jazz\/#primaryimage"},"image":{"@id":"https:\/\/www.montreuxjazzshop.com\/fr\/boutique\/accessoires\/sacs\/sac-banane-mini-loqi-montreux-jazz\/#primaryimage"},"thumbnailUrl":"https:\/\/www.montreuxjazzshop.com\/wp-content\/uploads\/2025\/05\/MJF24-Banane-Mini-Montreux-Jazz-Festival-1.jpg","datePublished":"2025-11-29T07:00:13+00:00","dateModified":"2026-03-12T13:04:25+00:00","description":"Sac banane mini argent\u00e9 r\u00e9fl\u00e9chissant Montreux Jazz Festival de la marque LOQI. Assure la s\u00e9curit\u00e9 des enfants et styl\u00e9 pour les adultes. Musique everywhere","breadcrumb":{"@id":"https:\/\/www.montreuxjazzshop.com\/fr\/boutique\/accessoires\/sacs\/sac-banane-mini-loqi-montreux-jazz\/#breadcrumb"},"inLanguage":"fr-FR","potentialAction":[{"@type":"ReadAction","target":["https:\/\/www.montreuxjazzshop.com\/fr\/boutique\/accessoires\/sacs\/sac-banane-mini-loqi-montreux-jazz\/"]}]},{"@type":"ImageObject","inLanguage":"fr-FR","@id":"https:\/\/www.montreuxjazzshop.com\/fr\/boutique\/accessoires\/sacs\/sac-banane-mini-loqi-montreux-jazz\/#primaryimage","url":"https:\/\/www.montreuxjazzshop.com\/wp-content\/uploads\/2025\/05\/MJF24-Banane-Mini-Montreux-Jazz-Festival-1.jpg","contentUrl":"https:\/\/www.montreuxjazzshop.com\/wp-content\/uploads\/2025\/05\/MJF24-Banane-Mini-Montreux-Jazz-Festival-1.jpg","width":1500,"height":1500,"caption":"Un Sac banane mini r\u00e9fl\u00e9chissante gris clair avec une sangle r\u00e9glable noire et une fermeture \u00e9clair noire est pr\u00e9sent\u00e9 sur un fond bleu p\u00e2le."},{"@type":"BreadcrumbList","@id":"https:\/\/www.montreuxjazzshop.com\/fr\/boutique\/accessoires\/sacs\/sac-banane-mini-loqi-montreux-jazz\/#breadcrumb","itemListElement":[{"@type":"ListItem","position":1,"name":"Accueil","item":"https:\/\/www.montreuxjazzshop.com\/fr\/"},{"@type":"ListItem","position":2,"name":"Boutique","item":"https:\/\/www.montreuxjazzshop.com\/fr\/boutique\/"},{"@type":"ListItem","position":3,"name":"Sac banane mini r\u00e9fl\u00e9chissante"}]},{"@type":"WebSite","@id":"https:\/\/www.montreuxjazzshop.com\/fr\/#website","url":"https:\/\/www.montreuxjazzshop.com\/fr\/","name":"Montreux Jazz Shop","description":"The Montreux Jazz Festival shop","potentialAction":[{"@type":"SearchAction","target":{"@type":"EntryPoint","urlTemplate":"https:\/\/www.montreuxjazzshop.com\/fr\/?s={search_term_string}"},"query-input":{"@type":"PropertyValueSpecification","valueRequired":true,"valueName":"search_term_string"}}],"inLanguage":"fr-FR"}]},"product_price_amount":"17.50","product_price_currency":"CHF","og_availability":"instock","product_availability":"instock","product_retailer_item_id":"3030100002024","product_condition":"new"},"_links":{"self":[{"href":"https:\/\/www.montreuxjazzshop.com\/fr\/wp-json\/wp\/v2\/product\/4327","targetHints":{"allow":["GET"]}}],"collection":[{"href":"https:\/\/www.montreuxjazzshop.com\/fr\/wp-json\/wp\/v2\/product"}],"about":[{"href":"https:\/\/www.montreuxjazzshop.com\/fr\/wp-json\/wp\/v2\/types\/product"}],"wp:featuredmedia":[{"embeddable":true,"href":"https:\/\/www.montreuxjazzshop.com\/fr\/wp-json\/wp\/v2\/media\/1476"}],"wp:attachment":[{"href":"https:\/\/www.montreuxjazzshop.com\/fr\/wp-json\/wp\/v2\/media?parent=4327"}],"wp:term":[{"taxonomy":"artist","embeddable":true,"href":"https:\/\/www.montreuxjazzshop.com\/fr\/wp-json\/wp\/v2\/artist?post=4327"},{"taxonomy":"artist-category","embeddable":true,"href":"https:\/\/www.montreuxjazzshop.com\/fr\/wp-json\/wp\/v2\/artist-category?post=4327"},{"taxonomy":"edition","embeddable":true,"href":"https:\/\/www.montreuxjazzshop.com\/fr\/wp-json\/wp\/v2\/edition?post=4327"},{"taxonomy":"product_brand","embeddable":true,"href":"https:\/\/www.montreuxjazzshop.com\/fr\/wp-json\/wp\/v2\/product_brand?post=4327"},{"taxonomy":"product_cat","embeddable":true,"href":"https:\/\/www.montreuxjazzshop.com\/fr\/wp-json\/wp\/v2\/product_cat?post=4327"},{"taxonomy":"product_tag","embeddable":true,"href":"https:\/\/www.montreuxjazzshop.com\/fr\/wp-json\/wp\/v2\/product_tag?post=4327"}],"curies":[{"name":"wp","href":"https:\/\/api.w.org\/{rel}","templated":true}]}}