{"id":4243,"date":"2025-11-29T11:00:55","date_gmt":"2025-11-29T10:00:55","guid":{"rendered":"https:\/\/www.montreuxjazzshop.com\/?post_type=product&#038;p=4243"},"modified":"2025-12-09T14:51:41","modified_gmt":"2025-12-09T13:51:41","slug":"sac-marin-montreux-jazz-festival","status":"publish","type":"product","link":"https:\/\/www.montreuxjazzshop.com\/fr\/boutique\/accessoires\/sacs\/sac-marin-montreux-jazz-festival\/","title":{"rendered":"Sac Marin, Lakeside"},"content":{"rendered":"<ul>\n<li>Dimensions: 45 x 24 cm<\/li>\n<li>Mati\u00e8re: Rpet, coton recycl\u00e9 (sangles), alliage zinc (\u0153illets et boucles)<\/li>\n<\/ul>\n","protected":false},"excerpt":{"rendered":"<h3>Collection Lakeside<\/h3>\n<p class=\"p1\"><span class=\"s1\">D\u00e9couvre le sac marin ultime, un sac \u00e0 dos multifonctions parfait pour les journ\u00e9es ensoleill\u00e9es sur le sable ou les escapades aquatiques ! Fabriqu\u00e9 avec une mati\u00e8re d\u00e9perlante et recycl\u00e9e de haute qualit\u00e9, ce sac t&rsquo;accompagnera en toute \u00e9l\u00e9gance, que ce soit sur la plage ou \u00e0 bord d&rsquo;un bateau. <\/span><span class=\"s1\">Bretelles ajustables pour un confort optimal, cordons de serrage tricolores avec effet r\u00e9fl\u00e9chissant. Poche accessible par l\u2019ext\u00e9rieur pour petits accessoires et t\u00e9l\u00e9phone.<\/span><\/p>\n<p class=\"p2\"><em><span class=\"s1\">Go with the flow.<\/span><\/em><\/p>\n","protected":false},"featured_media":1432,"template":"","meta":{"_acf_changed":false},"artist":[],"artist-category":[],"edition":[],"product_brand":[],"product_cat":[325,345,346],"product_tag":[],"class_list":{"0":"post-4243","1":"product","2":"type-product","3":"status-publish","4":"has-post-thumbnail","6":"product_cat-accessoires","7":"product_cat-highlights","8":"product_cat-sacs","9":"product_shipping_class-accessoires-et-textile","11":"first","12":"instock","13":"taxable","14":"shipping-taxable","15":"purchasable","16":"product-type-simple"},"bundled_by":[],"bundle_stock_status":"instock","bundle_stock_quantity":7,"bundle_virtual":false,"bundle_layout":"","bundle_add_to_cart_form_location":"","bundle_editable_in_cart":false,"bundle_sold_individually_context":"","bundle_item_grouping":"","bundle_min_size":"","bundle_max_size":"","bundle_price":[],"bundled_items":[],"bundle_sell_ids":[],"acf":[],"yoast_head":"<!-- This site is optimized with the Yoast SEO Premium plugin v26.4 (Yoast SEO v27.6) - https:\/\/yoast.com\/product\/yoast-seo-premium-wordpress\/ -->\n<title>Sac Marin, Lakeside - Montreux Jazz Festival Shop<\/title>\n<meta name=\"description\" content=\"Sac Marin Montreux Jazz Festival. D\u00e9couvre le sac ultime, un sac \u00e0 dos multifonctions. Sport, voyage, escapades aquatiques! Sac cylindrique.\" \/>\n<meta name=\"robots\" content=\"index, follow, max-snippet:-1, max-image-preview:large, max-video-preview:-1\" \/>\n<link rel=\"canonical\" href=\"https:\/\/www.montreuxjazzshop.com\/fr\/boutique\/accessoires\/sacs\/sac-marin-montreux-jazz-festival\/\" \/>\n<meta property=\"og:locale\" content=\"fr_FR\" \/>\n<meta property=\"og:type\" content=\"article\" \/>\n<meta property=\"og:title\" content=\"Sac Marin, Lakeside\" \/>\n<meta property=\"og:description\" content=\"Sac Marin Montreux Jazz Festival. D\u00e9couvre le sac ultime, un sac \u00e0 dos multifonctions. Sport, voyage, escapades aquatiques! Sac cylindrique.\" \/>\n<meta property=\"og:url\" content=\"https:\/\/www.montreuxjazzshop.com\/fr\/boutique\/accessoires\/sacs\/sac-marin-montreux-jazz-festival\/\" \/>\n<meta property=\"og:site_name\" content=\"Montreux Jazz Festival Shop\" \/>\n<meta property=\"article:publisher\" content=\"https:\/\/www.facebook.com\/montreuxjazzfestival\" \/>\n<meta property=\"article:modified_time\" content=\"2025-12-09T13:51:41+00:00\" \/>\n<meta property=\"og:image\" content=\"https:\/\/www.montreuxjazzshop.com\/wp-content\/uploads\/2025\/05\/MJF24-Sac-Marin-Lakeside-Montreux-Jazz-Festival-3-1.jpg\" \/>\n\t<meta property=\"og:image:width\" content=\"1500\" \/>\n\t<meta property=\"og:image:height\" content=\"1500\" \/>\n\t<meta property=\"og:image:type\" content=\"image\/jpeg\" \/>\n<meta name=\"twitter:card\" content=\"summary_large_image\" \/>\n<meta name=\"twitter:site\" content=\"@MontreuxJazz\" \/>\n<script type=\"application\/ld+json\" class=\"yoast-schema-graph\">{\"@context\":\"https:\\\/\\\/schema.org\",\"@graph\":[{\"@type\":\"WebPage\",\"@id\":\"https:\\\/\\\/www.montreuxjazzshop.com\\\/fr\\\/boutique\\\/accessoires\\\/sacs\\\/sac-marin-montreux-jazz-festival\\\/\",\"url\":\"https:\\\/\\\/www.montreuxjazzshop.com\\\/fr\\\/boutique\\\/accessoires\\\/sacs\\\/sac-marin-montreux-jazz-festival\\\/\",\"name\":\"Sac Marin, Lakeside - Montreux Jazz Festival Shop\",\"isPartOf\":{\"@id\":\"https:\\\/\\\/www.montreuxjazzshop.com\\\/fr\\\/#website\"},\"primaryImageOfPage\":{\"@id\":\"https:\\\/\\\/www.montreuxjazzshop.com\\\/fr\\\/boutique\\\/accessoires\\\/sacs\\\/sac-marin-montreux-jazz-festival\\\/#primaryimage\"},\"image\":{\"@id\":\"https:\\\/\\\/www.montreuxjazzshop.com\\\/fr\\\/boutique\\\/accessoires\\\/sacs\\\/sac-marin-montreux-jazz-festival\\\/#primaryimage\"},\"thumbnailUrl\":\"https:\\\/\\\/www.montreuxjazzshop.com\\\/wp-content\\\/uploads\\\/2025\\\/05\\\/MJF24-Sac-Marin-Lakeside-Montreux-Jazz-Festival-3-1.jpg\",\"datePublished\":\"2025-11-29T10:00:55+00:00\",\"dateModified\":\"2025-12-09T13:51:41+00:00\",\"description\":\"Sac Marin Montreux Jazz Festival. D\u00e9couvre le sac ultime, un sac \u00e0 dos multifonctions. Sport, voyage, escapades aquatiques! Sac cylindrique.\",\"breadcrumb\":{\"@id\":\"https:\\\/\\\/www.montreuxjazzshop.com\\\/fr\\\/boutique\\\/accessoires\\\/sacs\\\/sac-marin-montreux-jazz-festival\\\/#breadcrumb\"},\"inLanguage\":\"fr-FR\",\"potentialAction\":[{\"@type\":\"ReadAction\",\"target\":[\"https:\\\/\\\/www.montreuxjazzshop.com\\\/fr\\\/boutique\\\/accessoires\\\/sacs\\\/sac-marin-montreux-jazz-festival\\\/\"]}]},{\"@type\":\"ImageObject\",\"inLanguage\":\"fr-FR\",\"@id\":\"https:\\\/\\\/www.montreuxjazzshop.com\\\/fr\\\/boutique\\\/accessoires\\\/sacs\\\/sac-marin-montreux-jazz-festival\\\/#primaryimage\",\"url\":\"https:\\\/\\\/www.montreuxjazzshop.com\\\/wp-content\\\/uploads\\\/2025\\\/05\\\/MJF24-Sac-Marin-Lakeside-Montreux-Jazz-Festival-3-1.jpg\",\"contentUrl\":\"https:\\\/\\\/www.montreuxjazzshop.com\\\/wp-content\\\/uploads\\\/2025\\\/05\\\/MJF24-Sac-Marin-Lakeside-Montreux-Jazz-Festival-3-1.jpg\",\"width\":1500,\"height\":1500,\"caption\":\"V\u00eatue d'une chemise orange clair et d'un pantalon beige, une personne se tient au bord de l'eau avec le sac Marin, Lakeside - un grand sac \u00e0 cordon noir - en bandouli\u00e8re. En arri\u00e8re-plan, des montagnes et un ciel nuageux illustrent l'ambiance du festival de Montreux.\"},{\"@type\":\"BreadcrumbList\",\"@id\":\"https:\\\/\\\/www.montreuxjazzshop.com\\\/fr\\\/boutique\\\/accessoires\\\/sacs\\\/sac-marin-montreux-jazz-festival\\\/#breadcrumb\",\"itemListElement\":[{\"@type\":\"ListItem\",\"position\":1,\"name\":\"Accueil\",\"item\":\"https:\\\/\\\/www.montreuxjazzshop.com\\\/fr\\\/\"},{\"@type\":\"ListItem\",\"position\":2,\"name\":\"Boutique\",\"item\":\"https:\\\/\\\/www.montreuxjazzshop.com\\\/fr\\\/boutique\\\/\"},{\"@type\":\"ListItem\",\"position\":3,\"name\":\"Sac Marin, Lakeside\"}]},{\"@type\":\"WebSite\",\"@id\":\"https:\\\/\\\/www.montreuxjazzshop.com\\\/fr\\\/#website\",\"url\":\"https:\\\/\\\/www.montreuxjazzshop.com\\\/fr\\\/\",\"name\":\"Montreux Jazz Shop\",\"description\":\"The Montreux Jazz Festival shop\",\"potentialAction\":[{\"@type\":\"SearchAction\",\"target\":{\"@type\":\"EntryPoint\",\"urlTemplate\":\"https:\\\/\\\/www.montreuxjazzshop.com\\\/fr\\\/?s={search_term_string}\"},\"query-input\":{\"@type\":\"PropertyValueSpecification\",\"valueRequired\":true,\"valueName\":\"search_term_string\"}}],\"inLanguage\":\"fr-FR\"}]}<\/script>\n<meta property=\"product:price:amount\" content=\"69.00\" \/>\n<meta property=\"product:price:currency\" content=\"CHF\" \/>\n<meta property=\"og:availability\" content=\"instock\" \/>\n<meta property=\"product:availability\" content=\"instock\" \/>\n<meta property=\"product:retailer_item_id\" content=\"3030400602024-2\" \/>\n<meta property=\"product:condition\" content=\"new\" \/>\n<!-- \/ Yoast SEO Premium plugin. -->","yoast_head_json":{"title":"Sac Marin, Lakeside - Montreux Jazz Festival Shop","description":"Sac Marin Montreux Jazz Festival. D\u00e9couvre le sac ultime, un sac \u00e0 dos multifonctions. Sport, voyage, escapades aquatiques! Sac cylindrique.","robots":{"index":"index","follow":"follow","max-snippet":"max-snippet:-1","max-image-preview":"max-image-preview:large","max-video-preview":"max-video-preview:-1"},"canonical":"https:\/\/www.montreuxjazzshop.com\/fr\/boutique\/accessoires\/sacs\/sac-marin-montreux-jazz-festival\/","og_locale":"fr_FR","og_type":"article","og_title":"Sac Marin, Lakeside","og_description":"Sac Marin Montreux Jazz Festival. D\u00e9couvre le sac ultime, un sac \u00e0 dos multifonctions. Sport, voyage, escapades aquatiques! Sac cylindrique.","og_url":"https:\/\/www.montreuxjazzshop.com\/fr\/boutique\/accessoires\/sacs\/sac-marin-montreux-jazz-festival\/","og_site_name":"Montreux Jazz Festival Shop","article_publisher":"https:\/\/www.facebook.com\/montreuxjazzfestival","article_modified_time":"2025-12-09T13:51:41+00:00","og_image":[{"width":1500,"height":1500,"url":"https:\/\/www.montreuxjazzshop.com\/wp-content\/uploads\/2025\/05\/MJF24-Sac-Marin-Lakeside-Montreux-Jazz-Festival-3-1.jpg","type":"image\/jpeg"}],"twitter_card":"summary_large_image","twitter_site":"@MontreuxJazz","schema":{"@context":"https:\/\/schema.org","@graph":[{"@type":"WebPage","@id":"https:\/\/www.montreuxjazzshop.com\/fr\/boutique\/accessoires\/sacs\/sac-marin-montreux-jazz-festival\/","url":"https:\/\/www.montreuxjazzshop.com\/fr\/boutique\/accessoires\/sacs\/sac-marin-montreux-jazz-festival\/","name":"Sac Marin, Lakeside - Montreux Jazz Festival Shop","isPartOf":{"@id":"https:\/\/www.montreuxjazzshop.com\/fr\/#website"},"primaryImageOfPage":{"@id":"https:\/\/www.montreuxjazzshop.com\/fr\/boutique\/accessoires\/sacs\/sac-marin-montreux-jazz-festival\/#primaryimage"},"image":{"@id":"https:\/\/www.montreuxjazzshop.com\/fr\/boutique\/accessoires\/sacs\/sac-marin-montreux-jazz-festival\/#primaryimage"},"thumbnailUrl":"https:\/\/www.montreuxjazzshop.com\/wp-content\/uploads\/2025\/05\/MJF24-Sac-Marin-Lakeside-Montreux-Jazz-Festival-3-1.jpg","datePublished":"2025-11-29T10:00:55+00:00","dateModified":"2025-12-09T13:51:41+00:00","description":"Sac Marin Montreux Jazz Festival. D\u00e9couvre le sac ultime, un sac \u00e0 dos multifonctions. Sport, voyage, escapades aquatiques! Sac cylindrique.","breadcrumb":{"@id":"https:\/\/www.montreuxjazzshop.com\/fr\/boutique\/accessoires\/sacs\/sac-marin-montreux-jazz-festival\/#breadcrumb"},"inLanguage":"fr-FR","potentialAction":[{"@type":"ReadAction","target":["https:\/\/www.montreuxjazzshop.com\/fr\/boutique\/accessoires\/sacs\/sac-marin-montreux-jazz-festival\/"]}]},{"@type":"ImageObject","inLanguage":"fr-FR","@id":"https:\/\/www.montreuxjazzshop.com\/fr\/boutique\/accessoires\/sacs\/sac-marin-montreux-jazz-festival\/#primaryimage","url":"https:\/\/www.montreuxjazzshop.com\/wp-content\/uploads\/2025\/05\/MJF24-Sac-Marin-Lakeside-Montreux-Jazz-Festival-3-1.jpg","contentUrl":"https:\/\/www.montreuxjazzshop.com\/wp-content\/uploads\/2025\/05\/MJF24-Sac-Marin-Lakeside-Montreux-Jazz-Festival-3-1.jpg","width":1500,"height":1500,"caption":"V\u00eatue d'une chemise orange clair et d'un pantalon beige, une personne se tient au bord de l'eau avec le sac Marin, Lakeside - un grand sac \u00e0 cordon noir - en bandouli\u00e8re. En arri\u00e8re-plan, des montagnes et un ciel nuageux illustrent l'ambiance du festival de Montreux."},{"@type":"BreadcrumbList","@id":"https:\/\/www.montreuxjazzshop.com\/fr\/boutique\/accessoires\/sacs\/sac-marin-montreux-jazz-festival\/#breadcrumb","itemListElement":[{"@type":"ListItem","position":1,"name":"Accueil","item":"https:\/\/www.montreuxjazzshop.com\/fr\/"},{"@type":"ListItem","position":2,"name":"Boutique","item":"https:\/\/www.montreuxjazzshop.com\/fr\/boutique\/"},{"@type":"ListItem","position":3,"name":"Sac Marin, Lakeside"}]},{"@type":"WebSite","@id":"https:\/\/www.montreuxjazzshop.com\/fr\/#website","url":"https:\/\/www.montreuxjazzshop.com\/fr\/","name":"Montreux Jazz Shop","description":"The Montreux Jazz Festival shop","potentialAction":[{"@type":"SearchAction","target":{"@type":"EntryPoint","urlTemplate":"https:\/\/www.montreuxjazzshop.com\/fr\/?s={search_term_string}"},"query-input":{"@type":"PropertyValueSpecification","valueRequired":true,"valueName":"search_term_string"}}],"inLanguage":"fr-FR"}]},"product_price_amount":"69.00","product_price_currency":"CHF","og_availability":"instock","product_availability":"instock","product_retailer_item_id":"3030400602024-2","product_condition":"new"},"_links":{"self":[{"href":"https:\/\/www.montreuxjazzshop.com\/fr\/wp-json\/wp\/v2\/product\/4243","targetHints":{"allow":["GET"]}}],"collection":[{"href":"https:\/\/www.montreuxjazzshop.com\/fr\/wp-json\/wp\/v2\/product"}],"about":[{"href":"https:\/\/www.montreuxjazzshop.com\/fr\/wp-json\/wp\/v2\/types\/product"}],"wp:featuredmedia":[{"embeddable":true,"href":"https:\/\/www.montreuxjazzshop.com\/fr\/wp-json\/wp\/v2\/media\/1432"}],"wp:attachment":[{"href":"https:\/\/www.montreuxjazzshop.com\/fr\/wp-json\/wp\/v2\/media?parent=4243"}],"wp:term":[{"taxonomy":"artist","embeddable":true,"href":"https:\/\/www.montreuxjazzshop.com\/fr\/wp-json\/wp\/v2\/artist?post=4243"},{"taxonomy":"artist-category","embeddable":true,"href":"https:\/\/www.montreuxjazzshop.com\/fr\/wp-json\/wp\/v2\/artist-category?post=4243"},{"taxonomy":"edition","embeddable":true,"href":"https:\/\/www.montreuxjazzshop.com\/fr\/wp-json\/wp\/v2\/edition?post=4243"},{"taxonomy":"product_brand","embeddable":true,"href":"https:\/\/www.montreuxjazzshop.com\/fr\/wp-json\/wp\/v2\/product_brand?post=4243"},{"taxonomy":"product_cat","embeddable":true,"href":"https:\/\/www.montreuxjazzshop.com\/fr\/wp-json\/wp\/v2\/product_cat?post=4243"},{"taxonomy":"product_tag","embeddable":true,"href":"https:\/\/www.montreuxjazzshop.com\/fr\/wp-json\/wp\/v2\/product_tag?post=4243"}],"curies":[{"name":"wp","href":"https:\/\/api.w.org\/{rel}","templated":true}]}}