{"id":4233,"date":"2025-11-29T20:00:54","date_gmt":"2025-11-29T19:00:54","guid":{"rendered":"https:\/\/www.montreuxjazzshop.com\/?post_type=product&#038;p=4233"},"modified":"2026-01-14T11:09:48","modified_gmt":"2026-01-14T10:09:48","slug":"veste-deperlante-a-capuche-montreux-jazz","status":"publish","type":"product","link":"https:\/\/www.montreuxjazzshop.com\/fr\/boutique\/textile\/hoody-fr\/veste-deperlante-a-capuche-montreux-jazz\/","title":{"rendered":"Veste d\u00e9perlante \u00e0 capuche, Lakeside"},"content":{"rendered":"<ul>\n<li>Veste d\u00e9perlante en Rpet avec membrane en PU (indice d&rsquo;imperm\u00e9abilit\u00e9: 3000-3000)<\/li>\n<li>Mati\u00e8re: Rpet, PU, POM recycl\u00e9, et alliage de m\u00e9taux<\/li>\n<li>Fonctions: d\u00e9perlant, Coupe-vent<\/li>\n<\/ul>\n","protected":false},"excerpt":{"rendered":"<h3 class=\"p1\"><span class=\"s1\">Collection Lakeside<\/span><\/h3>\n<p class=\"p1\"><span class=\"s1\">Veste \u00e0 capuche en mat\u00e9riaux recycl\u00e9s, textile d\u00e9perlant et coupe-vent. <\/span><span class=\"s2\">Un cordon de serrage \u00e9lastique au niveau de la capuche et \u00e0 l&rsquo;ourlet permet d&rsquo;ajuster la coupe pour un confort optimal. <\/span><span class=\"s3\">Poches dissimulant une poche int\u00e9rieure agr\u00e9ment\u00e9e d\u2019une fermeture \u00e9clair. <\/span><span class=\"s1\">Design d\u00e9contract\u00e9, pliable de mani\u00e8re compacte, look styl\u00e9 aussi bien pour les festivals qu\u2019au quotidien.<\/span><\/p>\n","protected":false},"featured_media":1417,"template":"","meta":{"_acf_changed":false},"artist":[],"artist-category":[],"edition":[163],"product_brand":[],"product_cat":[345,352,302],"product_tag":[],"class_list":{"0":"post-4233","1":"product","2":"type-product","3":"status-publish","4":"has-post-thumbnail","6":"edition-163","7":"product_cat-highlights","8":"product_cat-hoody-fr","9":"product_cat-textile","10":"product_shipping_class-accessoires-et-textile","12":"first","13":"instock","14":"featured","15":"taxable","16":"shipping-taxable","17":"purchasable","18":"product-type-variable","19":"wvs-archive-product-wrapper"},"bundled_by":[],"bundle_stock_status":"instock","bundle_stock_quantity":null,"bundle_virtual":false,"bundle_layout":"","bundle_add_to_cart_form_location":"","bundle_editable_in_cart":false,"bundle_sold_individually_context":"","bundle_item_grouping":"","bundle_min_size":"","bundle_max_size":"","bundle_price":[],"bundled_items":[],"bundle_sell_ids":[],"acf":[],"yoast_head":"<!-- This site is optimized with the Yoast SEO Premium plugin v26.4 (Yoast SEO v27.5) - https:\/\/yoast.com\/product\/yoast-seo-premium-wordpress\/ -->\n<title>Veste d\u00e9perlante \u00e0 capuche, Lakeside - Montreux Jazz Festival Shop<\/title>\n<meta name=\"description\" content=\"Veste \u00e0 capuche Montreux Jazz d\u00e9perlante. Mat\u00e9riaux recycl\u00e9s. Coupe-vent. Anorak. Veste l\u00e9g\u00e8re. Look styl\u00e9 aussi bien pour les festivals qu\u2019au quotidien.\" \/>\n<meta name=\"robots\" content=\"index, follow, max-snippet:-1, max-image-preview:large, max-video-preview:-1\" \/>\n<link rel=\"canonical\" href=\"https:\/\/www.montreuxjazzshop.com\/fr\/boutique\/textile\/hoody-fr\/veste-deperlante-a-capuche-montreux-jazz\/\" \/>\n<meta property=\"og:locale\" content=\"fr_FR\" \/>\n<meta property=\"og:type\" content=\"article\" \/>\n<meta property=\"og:title\" content=\"Veste d\u00e9perlante \u00e0 capuche, Lakeside\" \/>\n<meta property=\"og:description\" content=\"Veste \u00e0 capuche Montreux Jazz d\u00e9perlante. Mat\u00e9riaux recycl\u00e9s. Coupe-vent. Anorak. Veste l\u00e9g\u00e8re. Look styl\u00e9 aussi bien pour les festivals qu\u2019au quotidien.\" \/>\n<meta property=\"og:url\" content=\"https:\/\/www.montreuxjazzshop.com\/fr\/boutique\/textile\/hoody-fr\/veste-deperlante-a-capuche-montreux-jazz\/\" \/>\n<meta property=\"og:site_name\" content=\"Montreux Jazz Festival Shop\" \/>\n<meta property=\"article:publisher\" content=\"https:\/\/www.facebook.com\/montreuxjazzfestival\" \/>\n<meta property=\"article:modified_time\" content=\"2026-01-14T10:09:48+00:00\" \/>\n<meta property=\"og:image\" content=\"https:\/\/www.montreuxjazzshop.com\/wp-content\/uploads\/2025\/05\/MJF24-Veste-Deperlante-Montreux-Jazz-Festival-13.jpg\" \/>\n\t<meta property=\"og:image:width\" content=\"1500\" \/>\n\t<meta property=\"og:image:height\" content=\"1500\" \/>\n\t<meta property=\"og:image:type\" content=\"image\/jpeg\" \/>\n<meta name=\"twitter:card\" content=\"summary_large_image\" \/>\n<meta name=\"twitter:site\" content=\"@MontreuxJazz\" \/>\n<script type=\"application\/ld+json\" class=\"yoast-schema-graph\">{\"@context\":\"https:\\\/\\\/schema.org\",\"@graph\":[{\"@type\":\"WebPage\",\"@id\":\"https:\\\/\\\/www.montreuxjazzshop.com\\\/fr\\\/boutique\\\/textile\\\/hoody-fr\\\/veste-deperlante-a-capuche-montreux-jazz\\\/\",\"url\":\"https:\\\/\\\/www.montreuxjazzshop.com\\\/fr\\\/boutique\\\/textile\\\/hoody-fr\\\/veste-deperlante-a-capuche-montreux-jazz\\\/\",\"name\":\"Veste d\u00e9perlante \u00e0 capuche, Lakeside - Montreux Jazz Festival Shop\",\"isPartOf\":{\"@id\":\"https:\\\/\\\/www.montreuxjazzshop.com\\\/fr\\\/#website\"},\"primaryImageOfPage\":{\"@id\":\"https:\\\/\\\/www.montreuxjazzshop.com\\\/fr\\\/boutique\\\/textile\\\/hoody-fr\\\/veste-deperlante-a-capuche-montreux-jazz\\\/#primaryimage\"},\"image\":{\"@id\":\"https:\\\/\\\/www.montreuxjazzshop.com\\\/fr\\\/boutique\\\/textile\\\/hoody-fr\\\/veste-deperlante-a-capuche-montreux-jazz\\\/#primaryimage\"},\"thumbnailUrl\":\"https:\\\/\\\/www.montreuxjazzshop.com\\\/wp-content\\\/uploads\\\/2025\\\/05\\\/MJF24-Veste-Deperlante-Montreux-Jazz-Festival-13.jpg\",\"datePublished\":\"2025-11-29T19:00:54+00:00\",\"dateModified\":\"2026-01-14T10:09:48+00:00\",\"description\":\"Veste \u00e0 capuche Montreux Jazz d\u00e9perlante. Mat\u00e9riaux recycl\u00e9s. Coupe-vent. Anorak. Veste l\u00e9g\u00e8re. Look styl\u00e9 aussi bien pour les festivals qu\u2019au quotidien.\",\"breadcrumb\":{\"@id\":\"https:\\\/\\\/www.montreuxjazzshop.com\\\/fr\\\/boutique\\\/textile\\\/hoody-fr\\\/veste-deperlante-a-capuche-montreux-jazz\\\/#breadcrumb\"},\"inLanguage\":\"fr-FR\",\"potentialAction\":[{\"@type\":\"ReadAction\",\"target\":[\"https:\\\/\\\/www.montreuxjazzshop.com\\\/fr\\\/boutique\\\/textile\\\/hoody-fr\\\/veste-deperlante-a-capuche-montreux-jazz\\\/\"]}]},{\"@type\":\"ImageObject\",\"inLanguage\":\"fr-FR\",\"@id\":\"https:\\\/\\\/www.montreuxjazzshop.com\\\/fr\\\/boutique\\\/textile\\\/hoody-fr\\\/veste-deperlante-a-capuche-montreux-jazz\\\/#primaryimage\",\"url\":\"https:\\\/\\\/www.montreuxjazzshop.com\\\/wp-content\\\/uploads\\\/2025\\\/05\\\/MJF24-Veste-Deperlante-Montreux-Jazz-Festival-13.jpg\",\"contentUrl\":\"https:\\\/\\\/www.montreuxjazzshop.com\\\/wp-content\\\/uploads\\\/2025\\\/05\\\/MJF24-Veste-Deperlante-Montreux-Jazz-Festival-13.jpg\",\"width\":1500,\"height\":1500,\"caption\":\"Un homme se tient \u00e0 l'ext\u00e9rieur, au bord de l'eau, et porte la veste Lakeside d\u00e9perlante \u00e0 capuche. Avec des montagnes floues et un ciel nuageux en arri\u00e8re-plan, seul le haut de son corps est visible, capturant une ambiance de festival parfaite alors qu'il regarde sur le c\u00f4t\u00e9.\"},{\"@type\":\"BreadcrumbList\",\"@id\":\"https:\\\/\\\/www.montreuxjazzshop.com\\\/fr\\\/boutique\\\/textile\\\/hoody-fr\\\/veste-deperlante-a-capuche-montreux-jazz\\\/#breadcrumb\",\"itemListElement\":[{\"@type\":\"ListItem\",\"position\":1,\"name\":\"Accueil\",\"item\":\"https:\\\/\\\/www.montreuxjazzshop.com\\\/fr\\\/\"},{\"@type\":\"ListItem\",\"position\":2,\"name\":\"Boutique\",\"item\":\"https:\\\/\\\/www.montreuxjazzshop.com\\\/fr\\\/boutique\\\/\"},{\"@type\":\"ListItem\",\"position\":3,\"name\":\"Veste d\u00e9perlante \u00e0 capuche, Lakeside\"}]},{\"@type\":\"WebSite\",\"@id\":\"https:\\\/\\\/www.montreuxjazzshop.com\\\/fr\\\/#website\",\"url\":\"https:\\\/\\\/www.montreuxjazzshop.com\\\/fr\\\/\",\"name\":\"Montreux Jazz Shop\",\"description\":\"The Montreux Jazz Festival shop\",\"potentialAction\":[{\"@type\":\"SearchAction\",\"target\":{\"@type\":\"EntryPoint\",\"urlTemplate\":\"https:\\\/\\\/www.montreuxjazzshop.com\\\/fr\\\/?s={search_term_string}\"},\"query-input\":{\"@type\":\"PropertyValueSpecification\",\"valueRequired\":true,\"valueName\":\"search_term_string\"}}],\"inLanguage\":\"fr-FR\"}]}<\/script>\n<meta property=\"og:availability\" content=\"instock\" \/>\n<meta property=\"product:availability\" content=\"instock\" \/>\n<meta property=\"product:retailer_item_id\" content=\"2300000002024\" \/>\n<meta property=\"product:condition\" content=\"new\" \/>\n<!-- \/ Yoast SEO Premium plugin. -->","yoast_head_json":{"title":"Veste d\u00e9perlante \u00e0 capuche, Lakeside - Montreux Jazz Festival Shop","description":"Veste \u00e0 capuche Montreux Jazz d\u00e9perlante. Mat\u00e9riaux recycl\u00e9s. Coupe-vent. Anorak. Veste l\u00e9g\u00e8re. Look styl\u00e9 aussi bien pour les festivals qu\u2019au quotidien.","robots":{"index":"index","follow":"follow","max-snippet":"max-snippet:-1","max-image-preview":"max-image-preview:large","max-video-preview":"max-video-preview:-1"},"canonical":"https:\/\/www.montreuxjazzshop.com\/fr\/boutique\/textile\/hoody-fr\/veste-deperlante-a-capuche-montreux-jazz\/","og_locale":"fr_FR","og_type":"article","og_title":"Veste d\u00e9perlante \u00e0 capuche, Lakeside","og_description":"Veste \u00e0 capuche Montreux Jazz d\u00e9perlante. Mat\u00e9riaux recycl\u00e9s. Coupe-vent. Anorak. Veste l\u00e9g\u00e8re. Look styl\u00e9 aussi bien pour les festivals qu\u2019au quotidien.","og_url":"https:\/\/www.montreuxjazzshop.com\/fr\/boutique\/textile\/hoody-fr\/veste-deperlante-a-capuche-montreux-jazz\/","og_site_name":"Montreux Jazz Festival Shop","article_publisher":"https:\/\/www.facebook.com\/montreuxjazzfestival","article_modified_time":"2026-01-14T10:09:48+00:00","og_image":[{"width":1500,"height":1500,"url":"https:\/\/www.montreuxjazzshop.com\/wp-content\/uploads\/2025\/05\/MJF24-Veste-Deperlante-Montreux-Jazz-Festival-13.jpg","type":"image\/jpeg"}],"twitter_card":"summary_large_image","twitter_site":"@MontreuxJazz","schema":{"@context":"https:\/\/schema.org","@graph":[{"@type":"WebPage","@id":"https:\/\/www.montreuxjazzshop.com\/fr\/boutique\/textile\/hoody-fr\/veste-deperlante-a-capuche-montreux-jazz\/","url":"https:\/\/www.montreuxjazzshop.com\/fr\/boutique\/textile\/hoody-fr\/veste-deperlante-a-capuche-montreux-jazz\/","name":"Veste d\u00e9perlante \u00e0 capuche, Lakeside - Montreux Jazz Festival Shop","isPartOf":{"@id":"https:\/\/www.montreuxjazzshop.com\/fr\/#website"},"primaryImageOfPage":{"@id":"https:\/\/www.montreuxjazzshop.com\/fr\/boutique\/textile\/hoody-fr\/veste-deperlante-a-capuche-montreux-jazz\/#primaryimage"},"image":{"@id":"https:\/\/www.montreuxjazzshop.com\/fr\/boutique\/textile\/hoody-fr\/veste-deperlante-a-capuche-montreux-jazz\/#primaryimage"},"thumbnailUrl":"https:\/\/www.montreuxjazzshop.com\/wp-content\/uploads\/2025\/05\/MJF24-Veste-Deperlante-Montreux-Jazz-Festival-13.jpg","datePublished":"2025-11-29T19:00:54+00:00","dateModified":"2026-01-14T10:09:48+00:00","description":"Veste \u00e0 capuche Montreux Jazz d\u00e9perlante. Mat\u00e9riaux recycl\u00e9s. Coupe-vent. Anorak. Veste l\u00e9g\u00e8re. Look styl\u00e9 aussi bien pour les festivals qu\u2019au quotidien.","breadcrumb":{"@id":"https:\/\/www.montreuxjazzshop.com\/fr\/boutique\/textile\/hoody-fr\/veste-deperlante-a-capuche-montreux-jazz\/#breadcrumb"},"inLanguage":"fr-FR","potentialAction":[{"@type":"ReadAction","target":["https:\/\/www.montreuxjazzshop.com\/fr\/boutique\/textile\/hoody-fr\/veste-deperlante-a-capuche-montreux-jazz\/"]}]},{"@type":"ImageObject","inLanguage":"fr-FR","@id":"https:\/\/www.montreuxjazzshop.com\/fr\/boutique\/textile\/hoody-fr\/veste-deperlante-a-capuche-montreux-jazz\/#primaryimage","url":"https:\/\/www.montreuxjazzshop.com\/wp-content\/uploads\/2025\/05\/MJF24-Veste-Deperlante-Montreux-Jazz-Festival-13.jpg","contentUrl":"https:\/\/www.montreuxjazzshop.com\/wp-content\/uploads\/2025\/05\/MJF24-Veste-Deperlante-Montreux-Jazz-Festival-13.jpg","width":1500,"height":1500,"caption":"Un homme se tient \u00e0 l'ext\u00e9rieur, au bord de l'eau, et porte la veste Lakeside d\u00e9perlante \u00e0 capuche. Avec des montagnes floues et un ciel nuageux en arri\u00e8re-plan, seul le haut de son corps est visible, capturant une ambiance de festival parfaite alors qu'il regarde sur le c\u00f4t\u00e9."},{"@type":"BreadcrumbList","@id":"https:\/\/www.montreuxjazzshop.com\/fr\/boutique\/textile\/hoody-fr\/veste-deperlante-a-capuche-montreux-jazz\/#breadcrumb","itemListElement":[{"@type":"ListItem","position":1,"name":"Accueil","item":"https:\/\/www.montreuxjazzshop.com\/fr\/"},{"@type":"ListItem","position":2,"name":"Boutique","item":"https:\/\/www.montreuxjazzshop.com\/fr\/boutique\/"},{"@type":"ListItem","position":3,"name":"Veste d\u00e9perlante \u00e0 capuche, Lakeside"}]},{"@type":"WebSite","@id":"https:\/\/www.montreuxjazzshop.com\/fr\/#website","url":"https:\/\/www.montreuxjazzshop.com\/fr\/","name":"Montreux Jazz Shop","description":"The Montreux Jazz Festival shop","potentialAction":[{"@type":"SearchAction","target":{"@type":"EntryPoint","urlTemplate":"https:\/\/www.montreuxjazzshop.com\/fr\/?s={search_term_string}"},"query-input":{"@type":"PropertyValueSpecification","valueRequired":true,"valueName":"search_term_string"}}],"inLanguage":"fr-FR"}]},"og_availability":"instock","product_availability":"instock","product_retailer_item_id":"2300000002024","product_condition":"new"},"_links":{"self":[{"href":"https:\/\/www.montreuxjazzshop.com\/fr\/wp-json\/wp\/v2\/product\/4233","targetHints":{"allow":["GET"]}}],"collection":[{"href":"https:\/\/www.montreuxjazzshop.com\/fr\/wp-json\/wp\/v2\/product"}],"about":[{"href":"https:\/\/www.montreuxjazzshop.com\/fr\/wp-json\/wp\/v2\/types\/product"}],"wp:featuredmedia":[{"embeddable":true,"href":"https:\/\/www.montreuxjazzshop.com\/fr\/wp-json\/wp\/v2\/media\/1417"}],"wp:attachment":[{"href":"https:\/\/www.montreuxjazzshop.com\/fr\/wp-json\/wp\/v2\/media?parent=4233"}],"wp:term":[{"taxonomy":"artist","embeddable":true,"href":"https:\/\/www.montreuxjazzshop.com\/fr\/wp-json\/wp\/v2\/artist?post=4233"},{"taxonomy":"artist-category","embeddable":true,"href":"https:\/\/www.montreuxjazzshop.com\/fr\/wp-json\/wp\/v2\/artist-category?post=4233"},{"taxonomy":"edition","embeddable":true,"href":"https:\/\/www.montreuxjazzshop.com\/fr\/wp-json\/wp\/v2\/edition?post=4233"},{"taxonomy":"product_brand","embeddable":true,"href":"https:\/\/www.montreuxjazzshop.com\/fr\/wp-json\/wp\/v2\/product_brand?post=4233"},{"taxonomy":"product_cat","embeddable":true,"href":"https:\/\/www.montreuxjazzshop.com\/fr\/wp-json\/wp\/v2\/product_cat?post=4233"},{"taxonomy":"product_tag","embeddable":true,"href":"https:\/\/www.montreuxjazzshop.com\/fr\/wp-json\/wp\/v2\/product_tag?post=4233"}],"curies":[{"name":"wp","href":"https:\/\/api.w.org\/{rel}","templated":true}]}}