{"id":4232,"date":"2025-11-29T13:00:54","date_gmt":"2025-11-29T12:00:54","guid":{"rendered":"https:\/\/www.montreuxjazzshop.com\/?post_type=product&#038;p=4232"},"modified":"2026-01-14T11:09:21","modified_gmt":"2026-01-14T10:09:21","slug":"pochette-lakeside-montreux-jazz","status":"publish","type":"product","link":"https:\/\/www.montreuxjazzshop.com\/fr\/boutique\/accessoires\/sacs\/pochette-lakeside-montreux-jazz\/","title":{"rendered":"Festival Bag, Lakeside"},"content":{"rendered":"<ul>\n<li>Mati\u00e8re: mati\u00e8re principale + lining + zipper + \u00a0cordon = RPET, alliage de zinc et polyester standard pour le filet int\u00e9rieur<\/li>\n<li>Taille: 190 x 120mm. Diam\u00e8tre cordon = 6mm. Longueur cordon 160cm<\/li>\n<li>Couleurs: tricolore, noir et bleu-vert et effet r\u00e9fl\u00e9chissant<\/li>\n<li><span class=\"s1\">Tissu d\u00e9perlant<\/span><\/li>\n<li><span class=\"s1\">Cordon interchangeable<\/span><\/li>\n<\/ul>\n","protected":false},"excerpt":{"rendered":"<h3>Collection Lakeside<\/h3>\n<p class=\"p1\">Pochette pratique pour smartphone ou autres accessoires, pouvant contenir tous vos essentiels dans un format compact o\u00f9 tout est \u00e0 port\u00e9e de main. Cordon r\u00e9glable tricolore avec effet r\u00e9fl\u00e9chissant.<\/p>\n","protected":false},"featured_media":1412,"template":"","meta":{"_acf_changed":false},"artist":[],"artist-category":[],"edition":[],"product_brand":[],"product_cat":[325,345,346],"product_tag":[],"class_list":{"0":"post-4232","1":"product","2":"type-product","3":"status-publish","4":"has-post-thumbnail","6":"product_cat-accessoires","7":"product_cat-highlights","8":"product_cat-sacs","10":"first","11":"instock","12":"taxable","13":"shipping-taxable","14":"purchasable","15":"product-type-simple"},"bundled_by":[],"bundle_stock_status":"instock","bundle_stock_quantity":4,"bundle_virtual":false,"bundle_layout":"","bundle_add_to_cart_form_location":"","bundle_editable_in_cart":false,"bundle_sold_individually_context":"","bundle_item_grouping":"","bundle_min_size":"","bundle_max_size":"","bundle_price":[],"bundled_items":[],"bundle_sell_ids":[],"acf":[],"yoast_head":"<!-- This site is optimized with the Yoast SEO Premium plugin v26.4 (Yoast SEO v27.5) - https:\/\/yoast.com\/product\/yoast-seo-premium-wordpress\/ -->\n<title>Festival Bag, Lakeside - Montreux Jazz Festival Shop<\/title>\n<meta name=\"description\" content=\"Pochette Lakeside Montreux Jazz Festival. Pratique pour smartphone ou autres accessoires. Format compact o\u00f9 tout est \u00e0 port\u00e9e de main. Musique. Sac \u00e0 main.\" \/>\n<meta name=\"robots\" content=\"index, follow, max-snippet:-1, max-image-preview:large, max-video-preview:-1\" \/>\n<link rel=\"canonical\" href=\"https:\/\/www.montreuxjazzshop.com\/fr\/boutique\/accessoires\/sacs\/pochette-lakeside-montreux-jazz\/\" \/>\n<meta property=\"og:locale\" content=\"fr_FR\" \/>\n<meta property=\"og:type\" content=\"article\" \/>\n<meta property=\"og:title\" content=\"Festival Bag, Lakeside\" \/>\n<meta property=\"og:description\" content=\"Pochette Lakeside Montreux Jazz Festival. Pratique pour smartphone ou autres accessoires. Format compact o\u00f9 tout est \u00e0 port\u00e9e de main. Musique. Sac \u00e0 main.\" \/>\n<meta property=\"og:url\" content=\"https:\/\/www.montreuxjazzshop.com\/fr\/boutique\/accessoires\/sacs\/pochette-lakeside-montreux-jazz\/\" \/>\n<meta property=\"og:site_name\" content=\"Montreux Jazz Festival Shop\" \/>\n<meta property=\"article:publisher\" content=\"https:\/\/www.facebook.com\/montreuxjazzfestival\" \/>\n<meta property=\"article:modified_time\" content=\"2026-01-14T10:09:21+00:00\" \/>\n<meta property=\"og:image\" content=\"https:\/\/www.montreuxjazzshop.com\/wp-content\/uploads\/2025\/05\/MJF24-Festival-Bag-Montreux-Jazz-Festival-4.jpg\" \/>\n\t<meta property=\"og:image:width\" content=\"1500\" \/>\n\t<meta property=\"og:image:height\" content=\"1500\" \/>\n\t<meta property=\"og:image:type\" content=\"image\/jpeg\" \/>\n<meta name=\"twitter:card\" content=\"summary_large_image\" \/>\n<meta name=\"twitter:site\" content=\"@MontreuxJazz\" \/>\n<script type=\"application\/ld+json\" class=\"yoast-schema-graph\">{\"@context\":\"https:\\\/\\\/schema.org\",\"@graph\":[{\"@type\":\"WebPage\",\"@id\":\"https:\\\/\\\/www.montreuxjazzshop.com\\\/fr\\\/boutique\\\/accessoires\\\/sacs\\\/pochette-lakeside-montreux-jazz\\\/\",\"url\":\"https:\\\/\\\/www.montreuxjazzshop.com\\\/fr\\\/boutique\\\/accessoires\\\/sacs\\\/pochette-lakeside-montreux-jazz\\\/\",\"name\":\"Festival Bag, Lakeside - Montreux Jazz Festival Shop\",\"isPartOf\":{\"@id\":\"https:\\\/\\\/www.montreuxjazzshop.com\\\/fr\\\/#website\"},\"primaryImageOfPage\":{\"@id\":\"https:\\\/\\\/www.montreuxjazzshop.com\\\/fr\\\/boutique\\\/accessoires\\\/sacs\\\/pochette-lakeside-montreux-jazz\\\/#primaryimage\"},\"image\":{\"@id\":\"https:\\\/\\\/www.montreuxjazzshop.com\\\/fr\\\/boutique\\\/accessoires\\\/sacs\\\/pochette-lakeside-montreux-jazz\\\/#primaryimage\"},\"thumbnailUrl\":\"https:\\\/\\\/www.montreuxjazzshop.com\\\/wp-content\\\/uploads\\\/2025\\\/05\\\/MJF24-Festival-Bag-Montreux-Jazz-Festival-4.jpg\",\"datePublished\":\"2025-11-29T12:00:54+00:00\",\"dateModified\":\"2026-01-14T10:09:21+00:00\",\"description\":\"Pochette Lakeside Montreux Jazz Festival. Pratique pour smartphone ou autres accessoires. Format compact o\u00f9 tout est \u00e0 port\u00e9e de main. Musique. Sac \u00e0 main.\",\"breadcrumb\":{\"@id\":\"https:\\\/\\\/www.montreuxjazzshop.com\\\/fr\\\/boutique\\\/accessoires\\\/sacs\\\/pochette-lakeside-montreux-jazz\\\/#breadcrumb\"},\"inLanguage\":\"fr-FR\",\"potentialAction\":[{\"@type\":\"ReadAction\",\"target\":[\"https:\\\/\\\/www.montreuxjazzshop.com\\\/fr\\\/boutique\\\/accessoires\\\/sacs\\\/pochette-lakeside-montreux-jazz\\\/\"]}]},{\"@type\":\"ImageObject\",\"inLanguage\":\"fr-FR\",\"@id\":\"https:\\\/\\\/www.montreuxjazzshop.com\\\/fr\\\/boutique\\\/accessoires\\\/sacs\\\/pochette-lakeside-montreux-jazz\\\/#primaryimage\",\"url\":\"https:\\\/\\\/www.montreuxjazzshop.com\\\/wp-content\\\/uploads\\\/2025\\\/05\\\/MJF24-Festival-Bag-Montreux-Jazz-Festival-4.jpg\",\"contentUrl\":\"https:\\\/\\\/www.montreuxjazzshop.com\\\/wp-content\\\/uploads\\\/2025\\\/05\\\/MJF24-Festival-Bag-Montreux-Jazz-Festival-4.jpg\",\"width\":1500,\"height\":1500,\"caption\":\"Une personne portant un t-shirt p\u00eache et un short clair se tient au bord du lac pr\u00e8s du Festival de Montreux, portant le sac du Festival, Lakeside, une pochette noire \u00e0 bandouli\u00e8re. La toile de fond floue repr\u00e9sente un lac et des montagnes lointaines.\"},{\"@type\":\"BreadcrumbList\",\"@id\":\"https:\\\/\\\/www.montreuxjazzshop.com\\\/fr\\\/boutique\\\/accessoires\\\/sacs\\\/pochette-lakeside-montreux-jazz\\\/#breadcrumb\",\"itemListElement\":[{\"@type\":\"ListItem\",\"position\":1,\"name\":\"Accueil\",\"item\":\"https:\\\/\\\/www.montreuxjazzshop.com\\\/fr\\\/\"},{\"@type\":\"ListItem\",\"position\":2,\"name\":\"Boutique\",\"item\":\"https:\\\/\\\/www.montreuxjazzshop.com\\\/fr\\\/boutique\\\/\"},{\"@type\":\"ListItem\",\"position\":3,\"name\":\"Festival Bag, Lakeside\"}]},{\"@type\":\"WebSite\",\"@id\":\"https:\\\/\\\/www.montreuxjazzshop.com\\\/fr\\\/#website\",\"url\":\"https:\\\/\\\/www.montreuxjazzshop.com\\\/fr\\\/\",\"name\":\"Montreux Jazz Shop\",\"description\":\"The Montreux Jazz Festival shop\",\"potentialAction\":[{\"@type\":\"SearchAction\",\"target\":{\"@type\":\"EntryPoint\",\"urlTemplate\":\"https:\\\/\\\/www.montreuxjazzshop.com\\\/fr\\\/?s={search_term_string}\"},\"query-input\":{\"@type\":\"PropertyValueSpecification\",\"valueRequired\":true,\"valueName\":\"search_term_string\"}}],\"inLanguage\":\"fr-FR\"}]}<\/script>\n<meta property=\"product:price:amount\" content=\"49.00\" \/>\n<meta property=\"product:price:currency\" content=\"CHF\" \/>\n<meta property=\"og:availability\" content=\"instock\" \/>\n<meta property=\"product:availability\" content=\"instock\" \/>\n<meta property=\"product:retailer_item_id\" content=\"3030100602024\" \/>\n<meta property=\"product:condition\" content=\"new\" \/>\n<!-- \/ Yoast SEO Premium plugin. -->","yoast_head_json":{"title":"Festival Bag, Lakeside - Montreux Jazz Festival Shop","description":"Pochette Lakeside Montreux Jazz Festival. Pratique pour smartphone ou autres accessoires. Format compact o\u00f9 tout est \u00e0 port\u00e9e de main. Musique. Sac \u00e0 main.","robots":{"index":"index","follow":"follow","max-snippet":"max-snippet:-1","max-image-preview":"max-image-preview:large","max-video-preview":"max-video-preview:-1"},"canonical":"https:\/\/www.montreuxjazzshop.com\/fr\/boutique\/accessoires\/sacs\/pochette-lakeside-montreux-jazz\/","og_locale":"fr_FR","og_type":"article","og_title":"Festival Bag, Lakeside","og_description":"Pochette Lakeside Montreux Jazz Festival. Pratique pour smartphone ou autres accessoires. Format compact o\u00f9 tout est \u00e0 port\u00e9e de main. Musique. Sac \u00e0 main.","og_url":"https:\/\/www.montreuxjazzshop.com\/fr\/boutique\/accessoires\/sacs\/pochette-lakeside-montreux-jazz\/","og_site_name":"Montreux Jazz Festival Shop","article_publisher":"https:\/\/www.facebook.com\/montreuxjazzfestival","article_modified_time":"2026-01-14T10:09:21+00:00","og_image":[{"width":1500,"height":1500,"url":"https:\/\/www.montreuxjazzshop.com\/wp-content\/uploads\/2025\/05\/MJF24-Festival-Bag-Montreux-Jazz-Festival-4.jpg","type":"image\/jpeg"}],"twitter_card":"summary_large_image","twitter_site":"@MontreuxJazz","schema":{"@context":"https:\/\/schema.org","@graph":[{"@type":"WebPage","@id":"https:\/\/www.montreuxjazzshop.com\/fr\/boutique\/accessoires\/sacs\/pochette-lakeside-montreux-jazz\/","url":"https:\/\/www.montreuxjazzshop.com\/fr\/boutique\/accessoires\/sacs\/pochette-lakeside-montreux-jazz\/","name":"Festival Bag, Lakeside - Montreux Jazz Festival Shop","isPartOf":{"@id":"https:\/\/www.montreuxjazzshop.com\/fr\/#website"},"primaryImageOfPage":{"@id":"https:\/\/www.montreuxjazzshop.com\/fr\/boutique\/accessoires\/sacs\/pochette-lakeside-montreux-jazz\/#primaryimage"},"image":{"@id":"https:\/\/www.montreuxjazzshop.com\/fr\/boutique\/accessoires\/sacs\/pochette-lakeside-montreux-jazz\/#primaryimage"},"thumbnailUrl":"https:\/\/www.montreuxjazzshop.com\/wp-content\/uploads\/2025\/05\/MJF24-Festival-Bag-Montreux-Jazz-Festival-4.jpg","datePublished":"2025-11-29T12:00:54+00:00","dateModified":"2026-01-14T10:09:21+00:00","description":"Pochette Lakeside Montreux Jazz Festival. Pratique pour smartphone ou autres accessoires. Format compact o\u00f9 tout est \u00e0 port\u00e9e de main. Musique. Sac \u00e0 main.","breadcrumb":{"@id":"https:\/\/www.montreuxjazzshop.com\/fr\/boutique\/accessoires\/sacs\/pochette-lakeside-montreux-jazz\/#breadcrumb"},"inLanguage":"fr-FR","potentialAction":[{"@type":"ReadAction","target":["https:\/\/www.montreuxjazzshop.com\/fr\/boutique\/accessoires\/sacs\/pochette-lakeside-montreux-jazz\/"]}]},{"@type":"ImageObject","inLanguage":"fr-FR","@id":"https:\/\/www.montreuxjazzshop.com\/fr\/boutique\/accessoires\/sacs\/pochette-lakeside-montreux-jazz\/#primaryimage","url":"https:\/\/www.montreuxjazzshop.com\/wp-content\/uploads\/2025\/05\/MJF24-Festival-Bag-Montreux-Jazz-Festival-4.jpg","contentUrl":"https:\/\/www.montreuxjazzshop.com\/wp-content\/uploads\/2025\/05\/MJF24-Festival-Bag-Montreux-Jazz-Festival-4.jpg","width":1500,"height":1500,"caption":"Une personne portant un t-shirt p\u00eache et un short clair se tient au bord du lac pr\u00e8s du Festival de Montreux, portant le sac du Festival, Lakeside, une pochette noire \u00e0 bandouli\u00e8re. La toile de fond floue repr\u00e9sente un lac et des montagnes lointaines."},{"@type":"BreadcrumbList","@id":"https:\/\/www.montreuxjazzshop.com\/fr\/boutique\/accessoires\/sacs\/pochette-lakeside-montreux-jazz\/#breadcrumb","itemListElement":[{"@type":"ListItem","position":1,"name":"Accueil","item":"https:\/\/www.montreuxjazzshop.com\/fr\/"},{"@type":"ListItem","position":2,"name":"Boutique","item":"https:\/\/www.montreuxjazzshop.com\/fr\/boutique\/"},{"@type":"ListItem","position":3,"name":"Festival Bag, Lakeside"}]},{"@type":"WebSite","@id":"https:\/\/www.montreuxjazzshop.com\/fr\/#website","url":"https:\/\/www.montreuxjazzshop.com\/fr\/","name":"Montreux Jazz Shop","description":"The Montreux Jazz Festival shop","potentialAction":[{"@type":"SearchAction","target":{"@type":"EntryPoint","urlTemplate":"https:\/\/www.montreuxjazzshop.com\/fr\/?s={search_term_string}"},"query-input":{"@type":"PropertyValueSpecification","valueRequired":true,"valueName":"search_term_string"}}],"inLanguage":"fr-FR"}]},"product_price_amount":"49.00","product_price_currency":"CHF","og_availability":"instock","product_availability":"instock","product_retailer_item_id":"3030100602024","product_condition":"new"},"_links":{"self":[{"href":"https:\/\/www.montreuxjazzshop.com\/fr\/wp-json\/wp\/v2\/product\/4232","targetHints":{"allow":["GET"]}}],"collection":[{"href":"https:\/\/www.montreuxjazzshop.com\/fr\/wp-json\/wp\/v2\/product"}],"about":[{"href":"https:\/\/www.montreuxjazzshop.com\/fr\/wp-json\/wp\/v2\/types\/product"}],"wp:featuredmedia":[{"embeddable":true,"href":"https:\/\/www.montreuxjazzshop.com\/fr\/wp-json\/wp\/v2\/media\/1412"}],"wp:attachment":[{"href":"https:\/\/www.montreuxjazzshop.com\/fr\/wp-json\/wp\/v2\/media?parent=4232"}],"wp:term":[{"taxonomy":"artist","embeddable":true,"href":"https:\/\/www.montreuxjazzshop.com\/fr\/wp-json\/wp\/v2\/artist?post=4232"},{"taxonomy":"artist-category","embeddable":true,"href":"https:\/\/www.montreuxjazzshop.com\/fr\/wp-json\/wp\/v2\/artist-category?post=4232"},{"taxonomy":"edition","embeddable":true,"href":"https:\/\/www.montreuxjazzshop.com\/fr\/wp-json\/wp\/v2\/edition?post=4232"},{"taxonomy":"product_brand","embeddable":true,"href":"https:\/\/www.montreuxjazzshop.com\/fr\/wp-json\/wp\/v2\/product_brand?post=4232"},{"taxonomy":"product_cat","embeddable":true,"href":"https:\/\/www.montreuxjazzshop.com\/fr\/wp-json\/wp\/v2\/product_cat?post=4232"},{"taxonomy":"product_tag","embeddable":true,"href":"https:\/\/www.montreuxjazzshop.com\/fr\/wp-json\/wp\/v2\/product_tag?post=4232"}],"curies":[{"name":"wp","href":"https:\/\/api.w.org\/{rel}","templated":true}]}}