{"id":4191,"date":"2025-09-11T15:23:30","date_gmt":"2025-09-11T13:23:30","guid":{"rendered":"https:\/\/www.montreuxjazzshop.com\/?post_type=product&#038;p=4191"},"modified":"2026-01-14T11:08:42","modified_gmt":"2026-01-14T10:08:42","slug":"bonnet-bleu-montreux-jazz-festival","status":"publish","type":"product","link":"https:\/\/www.montreuxjazzshop.com\/fr\/boutique\/textile\/casquettes-bonnets\/bonnet-bleu-montreux-jazz-festival\/","title":{"rendered":"Bonnet bleu, Montreux Jazz Festival"},"content":{"rendered":"<ul>\n<li>Dimension: taille unique (54 \u00e0 59 cm environ)<\/li>\n<li>Composition: 5 % cachemire recycl\u00e9, 15 % laine recycl\u00e9e, 30 % polyamide recycl\u00e9, 40 % viscose, 10 % laine vierge<\/li>\n<li>Tricot\u00e9 \u00e0 Roanne dans la Loire<\/li>\n<li>Made In France<\/li>\n<\/ul>\n","protected":false},"excerpt":{"rendered":"<p>Petit bonnet \u00ab\u00a0Cousteau\u00a0\u00bb rendu c\u00e9l\u00e8bre par le commandant lui-m\u00eame.<\/p>\n","protected":false},"featured_media":4222,"template":"","meta":{"_acf_changed":false},"artist":[],"artist-category":[],"edition":[],"product_brand":[],"product_cat":[368,303,302],"product_tag":[],"class_list":{"0":"post-4191","1":"product","2":"type-product","3":"status-publish","4":"has-post-thumbnail","6":"product_cat-casquettes-bonnets","7":"product_cat-last-chance","8":"product_cat-textile","9":"product_shipping_class-accessoires-et-textile","11":"first","12":"instock","13":"taxable","14":"shipping-taxable","15":"purchasable","16":"product-type-simple"},"bundled_by":[],"bundle_stock_status":"instock","bundle_stock_quantity":11,"bundle_virtual":false,"bundle_layout":"","bundle_add_to_cart_form_location":"","bundle_editable_in_cart":false,"bundle_sold_individually_context":"","bundle_item_grouping":"","bundle_min_size":"","bundle_max_size":"","bundle_price":[],"bundled_items":[],"bundle_sell_ids":[],"acf":[],"yoast_head":"<!-- This site is optimized with the Yoast SEO Premium plugin v26.4 (Yoast SEO v27.4) - https:\/\/yoast.com\/product\/yoast-seo-premium-wordpress\/ -->\n<title>Bonnet bleu, Montreux Jazz Festival - Montreux Jazz Festival Shop<\/title>\n<meta name=\"description\" content=\"Porter un bonnet avec style en toute occasion! Petit bonnet bleu &quot;Cousteau&quot; rendu c\u00e9l\u00e8bre par le commandant lui-m\u00eame, labellis\u00e9 Montreux Jazz Festival.\" \/>\n<meta name=\"robots\" content=\"index, follow, max-snippet:-1, max-image-preview:large, max-video-preview:-1\" \/>\n<link rel=\"canonical\" href=\"https:\/\/www.montreuxjazzshop.com\/fr\/boutique\/textile\/casquettes-bonnets\/bonnet-bleu-montreux-jazz-festival\/\" \/>\n<meta property=\"og:locale\" content=\"fr_FR\" \/>\n<meta property=\"og:type\" content=\"article\" \/>\n<meta property=\"og:title\" content=\"Bonnet bleu, Montreux Jazz Festival\" \/>\n<meta property=\"og:description\" content=\"Porter un bonnet avec style en toute occasion! Petit bonnet bleu &quot;Cousteau&quot; rendu c\u00e9l\u00e8bre par le commandant lui-m\u00eame, labellis\u00e9 Montreux Jazz Festival.\" \/>\n<meta property=\"og:url\" content=\"https:\/\/www.montreuxjazzshop.com\/fr\/boutique\/textile\/casquettes-bonnets\/bonnet-bleu-montreux-jazz-festival\/\" \/>\n<meta property=\"og:site_name\" content=\"Montreux Jazz Festival Shop\" \/>\n<meta property=\"article:publisher\" content=\"https:\/\/www.facebook.com\/montreuxjazzfestival\" \/>\n<meta property=\"article:modified_time\" content=\"2026-01-14T10:08:42+00:00\" \/>\n<meta property=\"og:image\" content=\"https:\/\/www.montreuxjazzshop.com\/wp-content\/uploads\/2025\/09\/MJF25-Shooting-Lifestyle-Bonnet-Bleu-2-web.jpg\" \/>\n\t<meta property=\"og:image:width\" content=\"1500\" \/>\n\t<meta property=\"og:image:height\" content=\"1500\" \/>\n\t<meta property=\"og:image:type\" content=\"image\/jpeg\" \/>\n<meta name=\"twitter:card\" content=\"summary_large_image\" \/>\n<meta name=\"twitter:site\" content=\"@MontreuxJazz\" \/>\n<script type=\"application\/ld+json\" class=\"yoast-schema-graph\">{\"@context\":\"https:\\\/\\\/schema.org\",\"@graph\":[{\"@type\":\"WebPage\",\"@id\":\"https:\\\/\\\/www.montreuxjazzshop.com\\\/fr\\\/boutique\\\/textile\\\/casquettes-bonnets\\\/bonnet-bleu-montreux-jazz-festival\\\/\",\"url\":\"https:\\\/\\\/www.montreuxjazzshop.com\\\/fr\\\/boutique\\\/textile\\\/casquettes-bonnets\\\/bonnet-bleu-montreux-jazz-festival\\\/\",\"name\":\"Bonnet bleu, Montreux Jazz Festival - Montreux Jazz Festival Shop\",\"isPartOf\":{\"@id\":\"https:\\\/\\\/www.montreuxjazzshop.com\\\/fr\\\/#website\"},\"primaryImageOfPage\":{\"@id\":\"https:\\\/\\\/www.montreuxjazzshop.com\\\/fr\\\/boutique\\\/textile\\\/casquettes-bonnets\\\/bonnet-bleu-montreux-jazz-festival\\\/#primaryimage\"},\"image\":{\"@id\":\"https:\\\/\\\/www.montreuxjazzshop.com\\\/fr\\\/boutique\\\/textile\\\/casquettes-bonnets\\\/bonnet-bleu-montreux-jazz-festival\\\/#primaryimage\"},\"thumbnailUrl\":\"https:\\\/\\\/www.montreuxjazzshop.com\\\/wp-content\\\/uploads\\\/2025\\\/09\\\/MJF25-Shooting-Lifestyle-Bonnet-Bleu-2-web.jpg\",\"datePublished\":\"2025-09-11T13:23:30+00:00\",\"dateModified\":\"2026-01-14T10:08:42+00:00\",\"description\":\"Porter un bonnet avec style en toute occasion! Petit bonnet bleu \\\"Cousteau\\\" rendu c\u00e9l\u00e8bre par le commandant lui-m\u00eame, labellis\u00e9 Montreux Jazz Festival.\",\"breadcrumb\":{\"@id\":\"https:\\\/\\\/www.montreuxjazzshop.com\\\/fr\\\/boutique\\\/textile\\\/casquettes-bonnets\\\/bonnet-bleu-montreux-jazz-festival\\\/#breadcrumb\"},\"inLanguage\":\"fr-FR\",\"potentialAction\":[{\"@type\":\"ReadAction\",\"target\":[\"https:\\\/\\\/www.montreuxjazzshop.com\\\/fr\\\/boutique\\\/textile\\\/casquettes-bonnets\\\/bonnet-bleu-montreux-jazz-festival\\\/\"]}]},{\"@type\":\"ImageObject\",\"inLanguage\":\"fr-FR\",\"@id\":\"https:\\\/\\\/www.montreuxjazzshop.com\\\/fr\\\/boutique\\\/textile\\\/casquettes-bonnets\\\/bonnet-bleu-montreux-jazz-festival\\\/#primaryimage\",\"url\":\"https:\\\/\\\/www.montreuxjazzshop.com\\\/wp-content\\\/uploads\\\/2025\\\/09\\\/MJF25-Shooting-Lifestyle-Bonnet-Bleu-2-web.jpg\",\"contentUrl\":\"https:\\\/\\\/www.montreuxjazzshop.com\\\/wp-content\\\/uploads\\\/2025\\\/09\\\/MJF25-Shooting-Lifestyle-Bonnet-Bleu-2-web.jpg\",\"width\":1500,\"height\":1500,\"caption\":\"Un homme portant un bonnet bleu du Montreux Jazz Festival avec un \u00e9cusson orange regarde vers le bas, arborant une moustache, une courte barbe et une chemise blanche. Le fond ray\u00e9 vibrant et ondul\u00e9 fait \u00e9cho \u00e0 l'esprit vif de Montreux.\"},{\"@type\":\"BreadcrumbList\",\"@id\":\"https:\\\/\\\/www.montreuxjazzshop.com\\\/fr\\\/boutique\\\/textile\\\/casquettes-bonnets\\\/bonnet-bleu-montreux-jazz-festival\\\/#breadcrumb\",\"itemListElement\":[{\"@type\":\"ListItem\",\"position\":1,\"name\":\"Accueil\",\"item\":\"https:\\\/\\\/www.montreuxjazzshop.com\\\/fr\\\/\"},{\"@type\":\"ListItem\",\"position\":2,\"name\":\"Boutique\",\"item\":\"https:\\\/\\\/www.montreuxjazzshop.com\\\/fr\\\/boutique\\\/\"},{\"@type\":\"ListItem\",\"position\":3,\"name\":\"Bonnet bleu, Montreux Jazz Festival\"}]},{\"@type\":\"WebSite\",\"@id\":\"https:\\\/\\\/www.montreuxjazzshop.com\\\/fr\\\/#website\",\"url\":\"https:\\\/\\\/www.montreuxjazzshop.com\\\/fr\\\/\",\"name\":\"Montreux Jazz Shop\",\"description\":\"The Montreux Jazz Festival shop\",\"potentialAction\":[{\"@type\":\"SearchAction\",\"target\":{\"@type\":\"EntryPoint\",\"urlTemplate\":\"https:\\\/\\\/www.montreuxjazzshop.com\\\/fr\\\/?s={search_term_string}\"},\"query-input\":{\"@type\":\"PropertyValueSpecification\",\"valueRequired\":true,\"valueName\":\"search_term_string\"}}],\"inLanguage\":\"fr-FR\"}]}<\/script>\n<meta property=\"product:price:amount\" content=\"49.00\" \/>\n<meta property=\"product:price:currency\" content=\"CHF\" \/>\n<meta property=\"og:availability\" content=\"instock\" \/>\n<meta property=\"product:availability\" content=\"instock\" \/>\n<meta property=\"product:retailer_item_id\" content=\"3070100402024\" \/>\n<meta property=\"product:condition\" content=\"new\" \/>\n<!-- \/ Yoast SEO Premium plugin. -->","yoast_head_json":{"title":"Bonnet bleu, Montreux Jazz Festival - Montreux Jazz Festival Shop","description":"Porter un bonnet avec style en toute occasion! Petit bonnet bleu \"Cousteau\" rendu c\u00e9l\u00e8bre par le commandant lui-m\u00eame, labellis\u00e9 Montreux Jazz Festival.","robots":{"index":"index","follow":"follow","max-snippet":"max-snippet:-1","max-image-preview":"max-image-preview:large","max-video-preview":"max-video-preview:-1"},"canonical":"https:\/\/www.montreuxjazzshop.com\/fr\/boutique\/textile\/casquettes-bonnets\/bonnet-bleu-montreux-jazz-festival\/","og_locale":"fr_FR","og_type":"article","og_title":"Bonnet bleu, Montreux Jazz Festival","og_description":"Porter un bonnet avec style en toute occasion! Petit bonnet bleu \"Cousteau\" rendu c\u00e9l\u00e8bre par le commandant lui-m\u00eame, labellis\u00e9 Montreux Jazz Festival.","og_url":"https:\/\/www.montreuxjazzshop.com\/fr\/boutique\/textile\/casquettes-bonnets\/bonnet-bleu-montreux-jazz-festival\/","og_site_name":"Montreux Jazz Festival Shop","article_publisher":"https:\/\/www.facebook.com\/montreuxjazzfestival","article_modified_time":"2026-01-14T10:08:42+00:00","og_image":[{"width":1500,"height":1500,"url":"https:\/\/www.montreuxjazzshop.com\/wp-content\/uploads\/2025\/09\/MJF25-Shooting-Lifestyle-Bonnet-Bleu-2-web.jpg","type":"image\/jpeg"}],"twitter_card":"summary_large_image","twitter_site":"@MontreuxJazz","schema":{"@context":"https:\/\/schema.org","@graph":[{"@type":"WebPage","@id":"https:\/\/www.montreuxjazzshop.com\/fr\/boutique\/textile\/casquettes-bonnets\/bonnet-bleu-montreux-jazz-festival\/","url":"https:\/\/www.montreuxjazzshop.com\/fr\/boutique\/textile\/casquettes-bonnets\/bonnet-bleu-montreux-jazz-festival\/","name":"Bonnet bleu, Montreux Jazz Festival - Montreux Jazz Festival Shop","isPartOf":{"@id":"https:\/\/www.montreuxjazzshop.com\/fr\/#website"},"primaryImageOfPage":{"@id":"https:\/\/www.montreuxjazzshop.com\/fr\/boutique\/textile\/casquettes-bonnets\/bonnet-bleu-montreux-jazz-festival\/#primaryimage"},"image":{"@id":"https:\/\/www.montreuxjazzshop.com\/fr\/boutique\/textile\/casquettes-bonnets\/bonnet-bleu-montreux-jazz-festival\/#primaryimage"},"thumbnailUrl":"https:\/\/www.montreuxjazzshop.com\/wp-content\/uploads\/2025\/09\/MJF25-Shooting-Lifestyle-Bonnet-Bleu-2-web.jpg","datePublished":"2025-09-11T13:23:30+00:00","dateModified":"2026-01-14T10:08:42+00:00","description":"Porter un bonnet avec style en toute occasion! Petit bonnet bleu \"Cousteau\" rendu c\u00e9l\u00e8bre par le commandant lui-m\u00eame, labellis\u00e9 Montreux Jazz Festival.","breadcrumb":{"@id":"https:\/\/www.montreuxjazzshop.com\/fr\/boutique\/textile\/casquettes-bonnets\/bonnet-bleu-montreux-jazz-festival\/#breadcrumb"},"inLanguage":"fr-FR","potentialAction":[{"@type":"ReadAction","target":["https:\/\/www.montreuxjazzshop.com\/fr\/boutique\/textile\/casquettes-bonnets\/bonnet-bleu-montreux-jazz-festival\/"]}]},{"@type":"ImageObject","inLanguage":"fr-FR","@id":"https:\/\/www.montreuxjazzshop.com\/fr\/boutique\/textile\/casquettes-bonnets\/bonnet-bleu-montreux-jazz-festival\/#primaryimage","url":"https:\/\/www.montreuxjazzshop.com\/wp-content\/uploads\/2025\/09\/MJF25-Shooting-Lifestyle-Bonnet-Bleu-2-web.jpg","contentUrl":"https:\/\/www.montreuxjazzshop.com\/wp-content\/uploads\/2025\/09\/MJF25-Shooting-Lifestyle-Bonnet-Bleu-2-web.jpg","width":1500,"height":1500,"caption":"Un homme portant un bonnet bleu du Montreux Jazz Festival avec un \u00e9cusson orange regarde vers le bas, arborant une moustache, une courte barbe et une chemise blanche. Le fond ray\u00e9 vibrant et ondul\u00e9 fait \u00e9cho \u00e0 l'esprit vif de Montreux."},{"@type":"BreadcrumbList","@id":"https:\/\/www.montreuxjazzshop.com\/fr\/boutique\/textile\/casquettes-bonnets\/bonnet-bleu-montreux-jazz-festival\/#breadcrumb","itemListElement":[{"@type":"ListItem","position":1,"name":"Accueil","item":"https:\/\/www.montreuxjazzshop.com\/fr\/"},{"@type":"ListItem","position":2,"name":"Boutique","item":"https:\/\/www.montreuxjazzshop.com\/fr\/boutique\/"},{"@type":"ListItem","position":3,"name":"Bonnet bleu, Montreux Jazz Festival"}]},{"@type":"WebSite","@id":"https:\/\/www.montreuxjazzshop.com\/fr\/#website","url":"https:\/\/www.montreuxjazzshop.com\/fr\/","name":"Montreux Jazz Shop","description":"The Montreux Jazz Festival shop","potentialAction":[{"@type":"SearchAction","target":{"@type":"EntryPoint","urlTemplate":"https:\/\/www.montreuxjazzshop.com\/fr\/?s={search_term_string}"},"query-input":{"@type":"PropertyValueSpecification","valueRequired":true,"valueName":"search_term_string"}}],"inLanguage":"fr-FR"}]},"product_price_amount":"49.00","product_price_currency":"CHF","og_availability":"instock","product_availability":"instock","product_retailer_item_id":"3070100402024","product_condition":"new"},"_links":{"self":[{"href":"https:\/\/www.montreuxjazzshop.com\/fr\/wp-json\/wp\/v2\/product\/4191","targetHints":{"allow":["GET"]}}],"collection":[{"href":"https:\/\/www.montreuxjazzshop.com\/fr\/wp-json\/wp\/v2\/product"}],"about":[{"href":"https:\/\/www.montreuxjazzshop.com\/fr\/wp-json\/wp\/v2\/types\/product"}],"wp:featuredmedia":[{"embeddable":true,"href":"https:\/\/www.montreuxjazzshop.com\/fr\/wp-json\/wp\/v2\/media\/4222"}],"wp:attachment":[{"href":"https:\/\/www.montreuxjazzshop.com\/fr\/wp-json\/wp\/v2\/media?parent=4191"}],"wp:term":[{"taxonomy":"artist","embeddable":true,"href":"https:\/\/www.montreuxjazzshop.com\/fr\/wp-json\/wp\/v2\/artist?post=4191"},{"taxonomy":"artist-category","embeddable":true,"href":"https:\/\/www.montreuxjazzshop.com\/fr\/wp-json\/wp\/v2\/artist-category?post=4191"},{"taxonomy":"edition","embeddable":true,"href":"https:\/\/www.montreuxjazzshop.com\/fr\/wp-json\/wp\/v2\/edition?post=4191"},{"taxonomy":"product_brand","embeddable":true,"href":"https:\/\/www.montreuxjazzshop.com\/fr\/wp-json\/wp\/v2\/product_brand?post=4191"},{"taxonomy":"product_cat","embeddable":true,"href":"https:\/\/www.montreuxjazzshop.com\/fr\/wp-json\/wp\/v2\/product_cat?post=4191"},{"taxonomy":"product_tag","embeddable":true,"href":"https:\/\/www.montreuxjazzshop.com\/fr\/wp-json\/wp\/v2\/product_tag?post=4191"}],"curies":[{"name":"wp","href":"https:\/\/api.w.org\/{rel}","templated":true}]}}