{"id":3927,"date":"2025-09-11T15:22:08","date_gmt":"2025-09-11T13:22:08","guid":{"rendered":"https:\/\/www.montreuxjazzshop.com\/?post_type=product&#038;p=3927"},"modified":"2026-04-02T13:15:02","modified_gmt":"2026-04-02T11:15:02","slug":"magnet-keith-haring-1983-yellow","status":"publish","type":"product","link":"https:\/\/www.montreuxjazzshop.com\/fr\/boutique\/accessoires\/magnet\/magnet-keith-haring-1983-yellow\/","title":{"rendered":"Magnet Keith Haring, 1983 \u2013 Yellow"},"content":{"rendered":"<ul>\n<li>Dimensions: 54 x 78 mm<\/li>\n<\/ul>\n","protected":false},"excerpt":{"rendered":"<p>Ce magnet fait partie de la gamme Keith Haring. La premi\u00e8re exposition officielle de Keith Haring a lieu en 1982, c\u2019est un immense succ\u00e8s. Pierre Keller le rencontre quelques mois plus tard et lui demande de r\u00e9aliser l\u2019affiche du Festival avec un personnage qui swingue. Haring propose trois d\u00e9clinaisons, elles sont toutes retenues. Keller et Nobs ont la merveilleuse id\u00e9e d\u2019inviter l\u2019artiste new-yorkais \u00e0 Montreux. Comme \u00e0 son habitude, Haring va peindre sans rel\u00e2che: de fresques sur de grands panneaux blancs, sur sc\u00e8ne aux c\u00f4t\u00e9s des musiciens et dans les rues de Montreux.<\/p>\n<p><a href=\"https:\/\/www.montreuxjazzshop.com\/fr\/portfolio-item\/keith-haring\/\">En savoir plus sur l\u2019artiste<\/a><\/p>\n","protected":false},"featured_media":1297,"template":"","meta":{"_acf_changed":false},"artist":[],"artist-category":[],"edition":[],"product_brand":[],"product_cat":[325,366],"product_tag":[],"class_list":{"0":"post-3927","1":"product","2":"type-product","3":"status-publish","4":"has-post-thumbnail","6":"product_cat-accessoires","7":"product_cat-magnet","9":"first","10":"instock","11":"taxable","12":"shipping-taxable","13":"purchasable","14":"product-type-simple"},"bundled_by":[],"bundle_stock_status":"instock","bundle_stock_quantity":93,"bundle_virtual":false,"bundle_layout":"","bundle_add_to_cart_form_location":"","bundle_editable_in_cart":false,"bundle_sold_individually_context":"","bundle_item_grouping":"","bundle_min_size":"","bundle_max_size":"","bundle_price":[],"bundled_items":[],"bundle_sell_ids":[],"acf":[],"yoast_head":"<!-- This site is optimized with the Yoast SEO Premium plugin v26.4 (Yoast SEO v27.5) - https:\/\/yoast.com\/product\/yoast-seo-premium-wordpress\/ -->\n<title>Magnet Keith Haring, 1983 \u2013 Yellow - Montreux Jazz Festival Shop<\/title>\n<meta name=\"description\" content=\"Pour les passionn\u00e9s d\u2019art et de musique qui aiment collectionner, d\u00e9couvrez les aimants aux couleurs de Keith Haring pour le Montreux Jazz Festival.\" \/>\n<meta name=\"robots\" content=\"index, follow, max-snippet:-1, max-image-preview:large, max-video-preview:-1\" \/>\n<link rel=\"canonical\" href=\"https:\/\/www.montreuxjazzshop.com\/fr\/boutique\/accessoires\/magnet\/magnet-keith-haring-1983-yellow\/\" \/>\n<meta property=\"og:locale\" content=\"fr_FR\" \/>\n<meta property=\"og:type\" content=\"article\" \/>\n<meta property=\"og:title\" content=\"Magnet Keith Haring, 1983 \u2013 Yellow\" \/>\n<meta property=\"og:description\" content=\"Pour les passionn\u00e9s d\u2019art et de musique qui aiment collectionner, d\u00e9couvrez les aimants aux couleurs de Keith Haring pour le Montreux Jazz Festival.\" \/>\n<meta property=\"og:url\" content=\"https:\/\/www.montreuxjazzshop.com\/fr\/boutique\/accessoires\/magnet\/magnet-keith-haring-1983-yellow\/\" \/>\n<meta property=\"og:site_name\" content=\"Montreux Jazz Festival Shop\" \/>\n<meta property=\"article:publisher\" content=\"https:\/\/www.facebook.com\/montreuxjazzfestival\" \/>\n<meta property=\"article:modified_time\" content=\"2026-04-02T11:15:02+00:00\" \/>\n<meta property=\"og:image\" content=\"https:\/\/www.montreuxjazzshop.com\/wp-content\/uploads\/2025\/05\/MJF-Magnet-54x78-1983c.jpg\" \/>\n\t<meta property=\"og:image:width\" content=\"1500\" \/>\n\t<meta property=\"og:image:height\" content=\"1500\" \/>\n\t<meta property=\"og:image:type\" content=\"image\/jpeg\" \/>\n<meta name=\"twitter:card\" content=\"summary_large_image\" \/>\n<meta name=\"twitter:site\" content=\"@MontreuxJazz\" \/>\n<script type=\"application\/ld+json\" class=\"yoast-schema-graph\">{\"@context\":\"https:\\\/\\\/schema.org\",\"@graph\":[{\"@type\":\"WebPage\",\"@id\":\"https:\\\/\\\/www.montreuxjazzshop.com\\\/fr\\\/boutique\\\/accessoires\\\/magnet\\\/magnet-keith-haring-1983-yellow\\\/\",\"url\":\"https:\\\/\\\/www.montreuxjazzshop.com\\\/fr\\\/boutique\\\/accessoires\\\/magnet\\\/magnet-keith-haring-1983-yellow\\\/\",\"name\":\"Magnet Keith Haring, 1983 \u2013 Yellow - Montreux Jazz Festival Shop\",\"isPartOf\":{\"@id\":\"https:\\\/\\\/www.montreuxjazzshop.com\\\/fr\\\/#website\"},\"primaryImageOfPage\":{\"@id\":\"https:\\\/\\\/www.montreuxjazzshop.com\\\/fr\\\/boutique\\\/accessoires\\\/magnet\\\/magnet-keith-haring-1983-yellow\\\/#primaryimage\"},\"image\":{\"@id\":\"https:\\\/\\\/www.montreuxjazzshop.com\\\/fr\\\/boutique\\\/accessoires\\\/magnet\\\/magnet-keith-haring-1983-yellow\\\/#primaryimage\"},\"thumbnailUrl\":\"https:\\\/\\\/www.montreuxjazzshop.com\\\/wp-content\\\/uploads\\\/2025\\\/05\\\/MJF-Magnet-54x78-1983c.jpg\",\"datePublished\":\"2025-09-11T13:22:08+00:00\",\"dateModified\":\"2026-04-02T11:15:02+00:00\",\"description\":\"Pour les passionn\u00e9s d\u2019art et de musique qui aiment collectionner, d\u00e9couvrez les aimants aux couleurs de Keith Haring pour le Montreux Jazz Festival.\",\"breadcrumb\":{\"@id\":\"https:\\\/\\\/www.montreuxjazzshop.com\\\/fr\\\/boutique\\\/accessoires\\\/magnet\\\/magnet-keith-haring-1983-yellow\\\/#breadcrumb\"},\"inLanguage\":\"fr-FR\",\"potentialAction\":[{\"@type\":\"ReadAction\",\"target\":[\"https:\\\/\\\/www.montreuxjazzshop.com\\\/fr\\\/boutique\\\/accessoires\\\/magnet\\\/magnet-keith-haring-1983-yellow\\\/\"]}]},{\"@type\":\"ImageObject\",\"inLanguage\":\"fr-FR\",\"@id\":\"https:\\\/\\\/www.montreuxjazzshop.com\\\/fr\\\/boutique\\\/accessoires\\\/magnet\\\/magnet-keith-haring-1983-yellow\\\/#primaryimage\",\"url\":\"https:\\\/\\\/www.montreuxjazzshop.com\\\/wp-content\\\/uploads\\\/2025\\\/05\\\/MJF-Magnet-54x78-1983c.jpg\",\"contentUrl\":\"https:\\\/\\\/www.montreuxjazzshop.com\\\/wp-content\\\/uploads\\\/2025\\\/05\\\/MJF-Magnet-54x78-1983c.jpg\",\"width\":1500,\"height\":1500,\"caption\":\"Aimant lumineux inspir\u00e9 de Keith Haring, repr\u00e9sentant une figure abstraite rose sur fond vert avec des lignes audacieuses. L'inscription \\\"Montreux 1983 Jazz Festival - July 8-24\\\" est imprim\u00e9e en jaune et rouge. Produit : Aimant Keith Haring, 1983 - Jaune.\"},{\"@type\":\"BreadcrumbList\",\"@id\":\"https:\\\/\\\/www.montreuxjazzshop.com\\\/fr\\\/boutique\\\/accessoires\\\/magnet\\\/magnet-keith-haring-1983-yellow\\\/#breadcrumb\",\"itemListElement\":[{\"@type\":\"ListItem\",\"position\":1,\"name\":\"Accueil\",\"item\":\"https:\\\/\\\/www.montreuxjazzshop.com\\\/fr\\\/\"},{\"@type\":\"ListItem\",\"position\":2,\"name\":\"Boutique\",\"item\":\"https:\\\/\\\/www.montreuxjazzshop.com\\\/fr\\\/boutique\\\/\"},{\"@type\":\"ListItem\",\"position\":3,\"name\":\"Magnet Keith Haring, 1983 \u2013 Yellow\"}]},{\"@type\":\"WebSite\",\"@id\":\"https:\\\/\\\/www.montreuxjazzshop.com\\\/fr\\\/#website\",\"url\":\"https:\\\/\\\/www.montreuxjazzshop.com\\\/fr\\\/\",\"name\":\"Montreux Jazz Shop\",\"description\":\"The Montreux Jazz Festival shop\",\"potentialAction\":[{\"@type\":\"SearchAction\",\"target\":{\"@type\":\"EntryPoint\",\"urlTemplate\":\"https:\\\/\\\/www.montreuxjazzshop.com\\\/fr\\\/?s={search_term_string}\"},\"query-input\":{\"@type\":\"PropertyValueSpecification\",\"valueRequired\":true,\"valueName\":\"search_term_string\"}}],\"inLanguage\":\"fr-FR\"}]}<\/script>\n<meta property=\"product:price:amount\" content=\"9.00\" \/>\n<meta property=\"product:price:currency\" content=\"CHF\" \/>\n<meta property=\"og:availability\" content=\"instock\" \/>\n<meta property=\"product:availability\" content=\"instock\" \/>\n<meta property=\"product:retailer_item_id\" content=\"3100100920000-1983Y\" \/>\n<meta property=\"product:condition\" content=\"new\" \/>\n<!-- \/ Yoast SEO Premium plugin. -->","yoast_head_json":{"title":"Magnet Keith Haring, 1983 \u2013 Yellow - Montreux Jazz Festival Shop","description":"Pour les passionn\u00e9s d\u2019art et de musique qui aiment collectionner, d\u00e9couvrez les aimants aux couleurs de Keith Haring pour le Montreux Jazz Festival.","robots":{"index":"index","follow":"follow","max-snippet":"max-snippet:-1","max-image-preview":"max-image-preview:large","max-video-preview":"max-video-preview:-1"},"canonical":"https:\/\/www.montreuxjazzshop.com\/fr\/boutique\/accessoires\/magnet\/magnet-keith-haring-1983-yellow\/","og_locale":"fr_FR","og_type":"article","og_title":"Magnet Keith Haring, 1983 \u2013 Yellow","og_description":"Pour les passionn\u00e9s d\u2019art et de musique qui aiment collectionner, d\u00e9couvrez les aimants aux couleurs de Keith Haring pour le Montreux Jazz Festival.","og_url":"https:\/\/www.montreuxjazzshop.com\/fr\/boutique\/accessoires\/magnet\/magnet-keith-haring-1983-yellow\/","og_site_name":"Montreux Jazz Festival Shop","article_publisher":"https:\/\/www.facebook.com\/montreuxjazzfestival","article_modified_time":"2026-04-02T11:15:02+00:00","og_image":[{"width":1500,"height":1500,"url":"https:\/\/www.montreuxjazzshop.com\/wp-content\/uploads\/2025\/05\/MJF-Magnet-54x78-1983c.jpg","type":"image\/jpeg"}],"twitter_card":"summary_large_image","twitter_site":"@MontreuxJazz","schema":{"@context":"https:\/\/schema.org","@graph":[{"@type":"WebPage","@id":"https:\/\/www.montreuxjazzshop.com\/fr\/boutique\/accessoires\/magnet\/magnet-keith-haring-1983-yellow\/","url":"https:\/\/www.montreuxjazzshop.com\/fr\/boutique\/accessoires\/magnet\/magnet-keith-haring-1983-yellow\/","name":"Magnet Keith Haring, 1983 \u2013 Yellow - Montreux Jazz Festival Shop","isPartOf":{"@id":"https:\/\/www.montreuxjazzshop.com\/fr\/#website"},"primaryImageOfPage":{"@id":"https:\/\/www.montreuxjazzshop.com\/fr\/boutique\/accessoires\/magnet\/magnet-keith-haring-1983-yellow\/#primaryimage"},"image":{"@id":"https:\/\/www.montreuxjazzshop.com\/fr\/boutique\/accessoires\/magnet\/magnet-keith-haring-1983-yellow\/#primaryimage"},"thumbnailUrl":"https:\/\/www.montreuxjazzshop.com\/wp-content\/uploads\/2025\/05\/MJF-Magnet-54x78-1983c.jpg","datePublished":"2025-09-11T13:22:08+00:00","dateModified":"2026-04-02T11:15:02+00:00","description":"Pour les passionn\u00e9s d\u2019art et de musique qui aiment collectionner, d\u00e9couvrez les aimants aux couleurs de Keith Haring pour le Montreux Jazz Festival.","breadcrumb":{"@id":"https:\/\/www.montreuxjazzshop.com\/fr\/boutique\/accessoires\/magnet\/magnet-keith-haring-1983-yellow\/#breadcrumb"},"inLanguage":"fr-FR","potentialAction":[{"@type":"ReadAction","target":["https:\/\/www.montreuxjazzshop.com\/fr\/boutique\/accessoires\/magnet\/magnet-keith-haring-1983-yellow\/"]}]},{"@type":"ImageObject","inLanguage":"fr-FR","@id":"https:\/\/www.montreuxjazzshop.com\/fr\/boutique\/accessoires\/magnet\/magnet-keith-haring-1983-yellow\/#primaryimage","url":"https:\/\/www.montreuxjazzshop.com\/wp-content\/uploads\/2025\/05\/MJF-Magnet-54x78-1983c.jpg","contentUrl":"https:\/\/www.montreuxjazzshop.com\/wp-content\/uploads\/2025\/05\/MJF-Magnet-54x78-1983c.jpg","width":1500,"height":1500,"caption":"Aimant lumineux inspir\u00e9 de Keith Haring, repr\u00e9sentant une figure abstraite rose sur fond vert avec des lignes audacieuses. L'inscription \"Montreux 1983 Jazz Festival - July 8-24\" est imprim\u00e9e en jaune et rouge. Produit : Aimant Keith Haring, 1983 - Jaune."},{"@type":"BreadcrumbList","@id":"https:\/\/www.montreuxjazzshop.com\/fr\/boutique\/accessoires\/magnet\/magnet-keith-haring-1983-yellow\/#breadcrumb","itemListElement":[{"@type":"ListItem","position":1,"name":"Accueil","item":"https:\/\/www.montreuxjazzshop.com\/fr\/"},{"@type":"ListItem","position":2,"name":"Boutique","item":"https:\/\/www.montreuxjazzshop.com\/fr\/boutique\/"},{"@type":"ListItem","position":3,"name":"Magnet Keith Haring, 1983 \u2013 Yellow"}]},{"@type":"WebSite","@id":"https:\/\/www.montreuxjazzshop.com\/fr\/#website","url":"https:\/\/www.montreuxjazzshop.com\/fr\/","name":"Montreux Jazz Shop","description":"The Montreux Jazz Festival shop","potentialAction":[{"@type":"SearchAction","target":{"@type":"EntryPoint","urlTemplate":"https:\/\/www.montreuxjazzshop.com\/fr\/?s={search_term_string}"},"query-input":{"@type":"PropertyValueSpecification","valueRequired":true,"valueName":"search_term_string"}}],"inLanguage":"fr-FR"}]},"product_price_amount":"9.00","product_price_currency":"CHF","og_availability":"instock","product_availability":"instock","product_retailer_item_id":"3100100920000-1983Y","product_condition":"new"},"_links":{"self":[{"href":"https:\/\/www.montreuxjazzshop.com\/fr\/wp-json\/wp\/v2\/product\/3927","targetHints":{"allow":["GET"]}}],"collection":[{"href":"https:\/\/www.montreuxjazzshop.com\/fr\/wp-json\/wp\/v2\/product"}],"about":[{"href":"https:\/\/www.montreuxjazzshop.com\/fr\/wp-json\/wp\/v2\/types\/product"}],"wp:featuredmedia":[{"embeddable":true,"href":"https:\/\/www.montreuxjazzshop.com\/fr\/wp-json\/wp\/v2\/media\/1297"}],"wp:attachment":[{"href":"https:\/\/www.montreuxjazzshop.com\/fr\/wp-json\/wp\/v2\/media?parent=3927"}],"wp:term":[{"taxonomy":"artist","embeddable":true,"href":"https:\/\/www.montreuxjazzshop.com\/fr\/wp-json\/wp\/v2\/artist?post=3927"},{"taxonomy":"artist-category","embeddable":true,"href":"https:\/\/www.montreuxjazzshop.com\/fr\/wp-json\/wp\/v2\/artist-category?post=3927"},{"taxonomy":"edition","embeddable":true,"href":"https:\/\/www.montreuxjazzshop.com\/fr\/wp-json\/wp\/v2\/edition?post=3927"},{"taxonomy":"product_brand","embeddable":true,"href":"https:\/\/www.montreuxjazzshop.com\/fr\/wp-json\/wp\/v2\/product_brand?post=3927"},{"taxonomy":"product_cat","embeddable":true,"href":"https:\/\/www.montreuxjazzshop.com\/fr\/wp-json\/wp\/v2\/product_cat?post=3927"},{"taxonomy":"product_tag","embeddable":true,"href":"https:\/\/www.montreuxjazzshop.com\/fr\/wp-json\/wp\/v2\/product_tag?post=3927"}],"curies":[{"name":"wp","href":"https:\/\/api.w.org\/{rel}","templated":true}]}}