{"id":3862,"date":"2025-09-11T15:22:00","date_gmt":"2025-09-11T13:22:00","guid":{"rendered":"https:\/\/www.montreuxjazzshop.com\/?post_type=product&#038;p=3862"},"modified":"2026-04-02T13:18:55","modified_gmt":"2026-04-02T11:18:55","slug":"magnet-bruno-gaeng-1971","status":"publish","type":"product","link":"https:\/\/www.montreuxjazzshop.com\/fr\/boutique\/accessoires\/magnet\/magnet-bruno-gaeng-1971\/","title":{"rendered":"Magnet Bruno Gaeng, 1971"},"content":{"rendered":"<ul>\n<li>Dimensions: 54 x 78 mm<\/li>\n<\/ul>\n","protected":false},"excerpt":{"rendered":"<p>Ce magnet fait partie de la gamme Bruno Gaeng. C\u2019est un \u00e9trange oiseau, \u00e0 la fois colombe, saxophone, troph\u00e9e et cheval de Troie dans lequel se cachent non des guerriers mais des musiciens (Frank Zappa et Freddy Below), qui annonce la quatri\u00e8me \u00e9dition du Festival international de jazz de Montreux. Bruno Gaeng signe \u00e9galement les affiche de 1974 et 1975.<\/p>\n<p><a href=\"https:\/\/www.montreuxjazzshop.com\/fr\/portfolio-item\/bruno-gaeng\/\">En savoir plus sur l\u2019artiste<\/a><\/p>\n","protected":false},"featured_media":1292,"template":"","meta":{"_acf_changed":false},"artist":[],"artist-category":[],"edition":[],"product_brand":[],"product_cat":[325,366],"product_tag":[],"class_list":{"0":"post-3862","1":"product","2":"type-product","3":"status-publish","4":"has-post-thumbnail","6":"product_cat-accessoires","7":"product_cat-magnet","9":"first","10":"instock","11":"taxable","12":"shipping-taxable","13":"purchasable","14":"product-type-simple"},"bundled_by":[],"bundle_stock_status":"instock","bundle_stock_quantity":97,"bundle_virtual":false,"bundle_layout":"","bundle_add_to_cart_form_location":"","bundle_editable_in_cart":false,"bundle_sold_individually_context":"","bundle_item_grouping":"","bundle_min_size":"","bundle_max_size":"","bundle_price":[],"bundled_items":[],"bundle_sell_ids":[],"acf":[],"yoast_head":"<!-- This site is optimized with the Yoast SEO Premium plugin v26.4 (Yoast SEO v27.5) - https:\/\/yoast.com\/product\/yoast-seo-premium-wordpress\/ -->\n<title>Magnet Bruno Gaeng, 1971 - Montreux Jazz Festival Shop<\/title>\n<meta name=\"description\" content=\"Pour les passionn\u00e9s d\u2019art et de musique qui aiment collectionner, d\u00e9couvrez les 2 aimants aux couleurs de Bruno Gaeng pour le Montreux Jazz Festival.\" \/>\n<meta name=\"robots\" content=\"index, follow, max-snippet:-1, max-image-preview:large, max-video-preview:-1\" \/>\n<link rel=\"canonical\" href=\"https:\/\/www.montreuxjazzshop.com\/fr\/boutique\/accessoires\/magnet\/magnet-bruno-gaeng-1971\/\" \/>\n<meta property=\"og:locale\" content=\"fr_FR\" \/>\n<meta property=\"og:type\" content=\"article\" \/>\n<meta property=\"og:title\" content=\"Magnet Bruno Gaeng, 1971\" \/>\n<meta property=\"og:description\" content=\"Pour les passionn\u00e9s d\u2019art et de musique qui aiment collectionner, d\u00e9couvrez les 2 aimants aux couleurs de Bruno Gaeng pour le Montreux Jazz Festival.\" \/>\n<meta property=\"og:url\" content=\"https:\/\/www.montreuxjazzshop.com\/fr\/boutique\/accessoires\/magnet\/magnet-bruno-gaeng-1971\/\" \/>\n<meta property=\"og:site_name\" content=\"Montreux Jazz Festival Shop\" \/>\n<meta property=\"article:publisher\" content=\"https:\/\/www.facebook.com\/montreuxjazzfestival\" \/>\n<meta property=\"article:modified_time\" content=\"2026-04-02T11:18:55+00:00\" \/>\n<meta property=\"og:image\" content=\"https:\/\/www.montreuxjazzshop.com\/wp-content\/uploads\/2025\/05\/MJF-Magnet-54x78-1971.jpg\" \/>\n\t<meta property=\"og:image:width\" content=\"1500\" \/>\n\t<meta property=\"og:image:height\" content=\"1500\" \/>\n\t<meta property=\"og:image:type\" content=\"image\/jpeg\" \/>\n<meta name=\"twitter:card\" content=\"summary_large_image\" \/>\n<meta name=\"twitter:site\" content=\"@MontreuxJazz\" \/>\n<script type=\"application\/ld+json\" class=\"yoast-schema-graph\">{\"@context\":\"https:\\\/\\\/schema.org\",\"@graph\":[{\"@type\":\"WebPage\",\"@id\":\"https:\\\/\\\/www.montreuxjazzshop.com\\\/fr\\\/boutique\\\/accessoires\\\/magnet\\\/magnet-bruno-gaeng-1971\\\/\",\"url\":\"https:\\\/\\\/www.montreuxjazzshop.com\\\/fr\\\/boutique\\\/accessoires\\\/magnet\\\/magnet-bruno-gaeng-1971\\\/\",\"name\":\"Magnet Bruno Gaeng, 1971 - Montreux Jazz Festival Shop\",\"isPartOf\":{\"@id\":\"https:\\\/\\\/www.montreuxjazzshop.com\\\/fr\\\/#website\"},\"primaryImageOfPage\":{\"@id\":\"https:\\\/\\\/www.montreuxjazzshop.com\\\/fr\\\/boutique\\\/accessoires\\\/magnet\\\/magnet-bruno-gaeng-1971\\\/#primaryimage\"},\"image\":{\"@id\":\"https:\\\/\\\/www.montreuxjazzshop.com\\\/fr\\\/boutique\\\/accessoires\\\/magnet\\\/magnet-bruno-gaeng-1971\\\/#primaryimage\"},\"thumbnailUrl\":\"https:\\\/\\\/www.montreuxjazzshop.com\\\/wp-content\\\/uploads\\\/2025\\\/05\\\/MJF-Magnet-54x78-1971.jpg\",\"datePublished\":\"2025-09-11T13:22:00+00:00\",\"dateModified\":\"2026-04-02T11:18:55+00:00\",\"description\":\"Pour les passionn\u00e9s d\u2019art et de musique qui aiment collectionner, d\u00e9couvrez les 2 aimants aux couleurs de Bruno Gaeng pour le Montreux Jazz Festival.\",\"breadcrumb\":{\"@id\":\"https:\\\/\\\/www.montreuxjazzshop.com\\\/fr\\\/boutique\\\/accessoires\\\/magnet\\\/magnet-bruno-gaeng-1971\\\/#breadcrumb\"},\"inLanguage\":\"fr-FR\",\"potentialAction\":[{\"@type\":\"ReadAction\",\"target\":[\"https:\\\/\\\/www.montreuxjazzshop.com\\\/fr\\\/boutique\\\/accessoires\\\/magnet\\\/magnet-bruno-gaeng-1971\\\/\"]}]},{\"@type\":\"ImageObject\",\"inLanguage\":\"fr-FR\",\"@id\":\"https:\\\/\\\/www.montreuxjazzshop.com\\\/fr\\\/boutique\\\/accessoires\\\/magnet\\\/magnet-bruno-gaeng-1971\\\/#primaryimage\",\"url\":\"https:\\\/\\\/www.montreuxjazzshop.com\\\/wp-content\\\/uploads\\\/2025\\\/05\\\/MJF-Magnet-54x78-1971.jpg\",\"contentUrl\":\"https:\\\/\\\/www.montreuxjazzshop.com\\\/wp-content\\\/uploads\\\/2025\\\/05\\\/MJF-Magnet-54x78-1971.jpg\",\"width\":1500,\"height\":1500,\"caption\":\"L'affiche Magnet Bruno Gaeng de 1971 pour le Festival de jazz de Montreux repr\u00e9sente un oiseau blanc stylis\u00e9 avec une t\u00eate en forme de trompette et un motif floral, ainsi que des d\u00e9tails de l'\u00e9v\u00e9nement en gras et en blanc sur un fond noir.\"},{\"@type\":\"BreadcrumbList\",\"@id\":\"https:\\\/\\\/www.montreuxjazzshop.com\\\/fr\\\/boutique\\\/accessoires\\\/magnet\\\/magnet-bruno-gaeng-1971\\\/#breadcrumb\",\"itemListElement\":[{\"@type\":\"ListItem\",\"position\":1,\"name\":\"Accueil\",\"item\":\"https:\\\/\\\/www.montreuxjazzshop.com\\\/fr\\\/\"},{\"@type\":\"ListItem\",\"position\":2,\"name\":\"Boutique\",\"item\":\"https:\\\/\\\/www.montreuxjazzshop.com\\\/fr\\\/boutique\\\/\"},{\"@type\":\"ListItem\",\"position\":3,\"name\":\"Magnet Bruno Gaeng, 1971\"}]},{\"@type\":\"WebSite\",\"@id\":\"https:\\\/\\\/www.montreuxjazzshop.com\\\/fr\\\/#website\",\"url\":\"https:\\\/\\\/www.montreuxjazzshop.com\\\/fr\\\/\",\"name\":\"Montreux Jazz Shop\",\"description\":\"The Montreux Jazz Festival shop\",\"potentialAction\":[{\"@type\":\"SearchAction\",\"target\":{\"@type\":\"EntryPoint\",\"urlTemplate\":\"https:\\\/\\\/www.montreuxjazzshop.com\\\/fr\\\/?s={search_term_string}\"},\"query-input\":{\"@type\":\"PropertyValueSpecification\",\"valueRequired\":true,\"valueName\":\"search_term_string\"}}],\"inLanguage\":\"fr-FR\"}]}<\/script>\n<meta property=\"product:price:amount\" content=\"9.00\" \/>\n<meta property=\"product:price:currency\" content=\"CHF\" \/>\n<meta property=\"og:availability\" content=\"instock\" \/>\n<meta property=\"product:availability\" content=\"instock\" \/>\n<meta property=\"product:retailer_item_id\" content=\"3100100920000-1971\" \/>\n<meta property=\"product:condition\" content=\"new\" \/>\n<!-- \/ Yoast SEO Premium plugin. -->","yoast_head_json":{"title":"Magnet Bruno Gaeng, 1971 - Montreux Jazz Festival Shop","description":"Pour les passionn\u00e9s d\u2019art et de musique qui aiment collectionner, d\u00e9couvrez les 2 aimants aux couleurs de Bruno Gaeng pour le Montreux Jazz Festival.","robots":{"index":"index","follow":"follow","max-snippet":"max-snippet:-1","max-image-preview":"max-image-preview:large","max-video-preview":"max-video-preview:-1"},"canonical":"https:\/\/www.montreuxjazzshop.com\/fr\/boutique\/accessoires\/magnet\/magnet-bruno-gaeng-1971\/","og_locale":"fr_FR","og_type":"article","og_title":"Magnet Bruno Gaeng, 1971","og_description":"Pour les passionn\u00e9s d\u2019art et de musique qui aiment collectionner, d\u00e9couvrez les 2 aimants aux couleurs de Bruno Gaeng pour le Montreux Jazz Festival.","og_url":"https:\/\/www.montreuxjazzshop.com\/fr\/boutique\/accessoires\/magnet\/magnet-bruno-gaeng-1971\/","og_site_name":"Montreux Jazz Festival Shop","article_publisher":"https:\/\/www.facebook.com\/montreuxjazzfestival","article_modified_time":"2026-04-02T11:18:55+00:00","og_image":[{"width":1500,"height":1500,"url":"https:\/\/www.montreuxjazzshop.com\/wp-content\/uploads\/2025\/05\/MJF-Magnet-54x78-1971.jpg","type":"image\/jpeg"}],"twitter_card":"summary_large_image","twitter_site":"@MontreuxJazz","schema":{"@context":"https:\/\/schema.org","@graph":[{"@type":"WebPage","@id":"https:\/\/www.montreuxjazzshop.com\/fr\/boutique\/accessoires\/magnet\/magnet-bruno-gaeng-1971\/","url":"https:\/\/www.montreuxjazzshop.com\/fr\/boutique\/accessoires\/magnet\/magnet-bruno-gaeng-1971\/","name":"Magnet Bruno Gaeng, 1971 - Montreux Jazz Festival Shop","isPartOf":{"@id":"https:\/\/www.montreuxjazzshop.com\/fr\/#website"},"primaryImageOfPage":{"@id":"https:\/\/www.montreuxjazzshop.com\/fr\/boutique\/accessoires\/magnet\/magnet-bruno-gaeng-1971\/#primaryimage"},"image":{"@id":"https:\/\/www.montreuxjazzshop.com\/fr\/boutique\/accessoires\/magnet\/magnet-bruno-gaeng-1971\/#primaryimage"},"thumbnailUrl":"https:\/\/www.montreuxjazzshop.com\/wp-content\/uploads\/2025\/05\/MJF-Magnet-54x78-1971.jpg","datePublished":"2025-09-11T13:22:00+00:00","dateModified":"2026-04-02T11:18:55+00:00","description":"Pour les passionn\u00e9s d\u2019art et de musique qui aiment collectionner, d\u00e9couvrez les 2 aimants aux couleurs de Bruno Gaeng pour le Montreux Jazz Festival.","breadcrumb":{"@id":"https:\/\/www.montreuxjazzshop.com\/fr\/boutique\/accessoires\/magnet\/magnet-bruno-gaeng-1971\/#breadcrumb"},"inLanguage":"fr-FR","potentialAction":[{"@type":"ReadAction","target":["https:\/\/www.montreuxjazzshop.com\/fr\/boutique\/accessoires\/magnet\/magnet-bruno-gaeng-1971\/"]}]},{"@type":"ImageObject","inLanguage":"fr-FR","@id":"https:\/\/www.montreuxjazzshop.com\/fr\/boutique\/accessoires\/magnet\/magnet-bruno-gaeng-1971\/#primaryimage","url":"https:\/\/www.montreuxjazzshop.com\/wp-content\/uploads\/2025\/05\/MJF-Magnet-54x78-1971.jpg","contentUrl":"https:\/\/www.montreuxjazzshop.com\/wp-content\/uploads\/2025\/05\/MJF-Magnet-54x78-1971.jpg","width":1500,"height":1500,"caption":"L'affiche Magnet Bruno Gaeng de 1971 pour le Festival de jazz de Montreux repr\u00e9sente un oiseau blanc stylis\u00e9 avec une t\u00eate en forme de trompette et un motif floral, ainsi que des d\u00e9tails de l'\u00e9v\u00e9nement en gras et en blanc sur un fond noir."},{"@type":"BreadcrumbList","@id":"https:\/\/www.montreuxjazzshop.com\/fr\/boutique\/accessoires\/magnet\/magnet-bruno-gaeng-1971\/#breadcrumb","itemListElement":[{"@type":"ListItem","position":1,"name":"Accueil","item":"https:\/\/www.montreuxjazzshop.com\/fr\/"},{"@type":"ListItem","position":2,"name":"Boutique","item":"https:\/\/www.montreuxjazzshop.com\/fr\/boutique\/"},{"@type":"ListItem","position":3,"name":"Magnet Bruno Gaeng, 1971"}]},{"@type":"WebSite","@id":"https:\/\/www.montreuxjazzshop.com\/fr\/#website","url":"https:\/\/www.montreuxjazzshop.com\/fr\/","name":"Montreux Jazz Shop","description":"The Montreux Jazz Festival shop","potentialAction":[{"@type":"SearchAction","target":{"@type":"EntryPoint","urlTemplate":"https:\/\/www.montreuxjazzshop.com\/fr\/?s={search_term_string}"},"query-input":{"@type":"PropertyValueSpecification","valueRequired":true,"valueName":"search_term_string"}}],"inLanguage":"fr-FR"}]},"product_price_amount":"9.00","product_price_currency":"CHF","og_availability":"instock","product_availability":"instock","product_retailer_item_id":"3100100920000-1971","product_condition":"new"},"_links":{"self":[{"href":"https:\/\/www.montreuxjazzshop.com\/fr\/wp-json\/wp\/v2\/product\/3862","targetHints":{"allow":["GET"]}}],"collection":[{"href":"https:\/\/www.montreuxjazzshop.com\/fr\/wp-json\/wp\/v2\/product"}],"about":[{"href":"https:\/\/www.montreuxjazzshop.com\/fr\/wp-json\/wp\/v2\/types\/product"}],"wp:featuredmedia":[{"embeddable":true,"href":"https:\/\/www.montreuxjazzshop.com\/fr\/wp-json\/wp\/v2\/media\/1292"}],"wp:attachment":[{"href":"https:\/\/www.montreuxjazzshop.com\/fr\/wp-json\/wp\/v2\/media?parent=3862"}],"wp:term":[{"taxonomy":"artist","embeddable":true,"href":"https:\/\/www.montreuxjazzshop.com\/fr\/wp-json\/wp\/v2\/artist?post=3862"},{"taxonomy":"artist-category","embeddable":true,"href":"https:\/\/www.montreuxjazzshop.com\/fr\/wp-json\/wp\/v2\/artist-category?post=3862"},{"taxonomy":"edition","embeddable":true,"href":"https:\/\/www.montreuxjazzshop.com\/fr\/wp-json\/wp\/v2\/edition?post=3862"},{"taxonomy":"product_brand","embeddable":true,"href":"https:\/\/www.montreuxjazzshop.com\/fr\/wp-json\/wp\/v2\/product_brand?post=3862"},{"taxonomy":"product_cat","embeddable":true,"href":"https:\/\/www.montreuxjazzshop.com\/fr\/wp-json\/wp\/v2\/product_cat?post=3862"},{"taxonomy":"product_tag","embeddable":true,"href":"https:\/\/www.montreuxjazzshop.com\/fr\/wp-json\/wp\/v2\/product_tag?post=3862"}],"curies":[{"name":"wp","href":"https:\/\/api.w.org\/{rel}","templated":true}]}}