{"id":3737,"date":"2025-11-29T14:00:33","date_gmt":"2025-11-29T13:00:33","guid":{"rendered":"https:\/\/www.montreuxjazzshop.com\/?post_type=product&#038;p=3737"},"modified":"2026-01-14T11:07:21","modified_gmt":"2026-01-14T10:07:21","slug":"little-future-staff-carte-de-voeux-montreux-jazz","status":"publish","type":"product","link":"https:\/\/www.montreuxjazzshop.com\/fr\/boutique\/accessoires\/papeterie\/little-future-staff-carte-de-voeux-montreux-jazz\/","title":{"rendered":"Little Future Staff, Carte de voeux"},"content":{"rendered":"<ul>\n<li>Dimensions: 12.7 x 17.8 cm pli\u00e9 \/ 25.4 x 17.8 cm ouvert<\/li>\n<li>Papier: Eco Kraft White design recycling, mat, 300 g\/m2<\/li>\n<li>Fourni avec une enveloppe<\/li>\n<\/ul>\n","protected":false},"excerpt":{"rendered":"<h3 class=\"p1\"><span class=\"s1\">Paper Collection<\/span><\/h3>\n<p>Des bonnes \u00ab\u00a0vibes\u00a0\u00bb et du \u00ab\u00a0love\u00a0\u00bb \u00e0 envoyer, collectionner ou accrocher.<\/p>\n<p>Autres cartes de la m\u00eame collection :<\/p>\n<ul>\n<li>Dance Love Desire Repeat<\/li>\n<li>Eat Drink Celebrate Repeat<\/li>\n<li>Funky Holidays<\/li>\n<li>Groovy Birthday<\/li>\n<li>Kiss<\/li>\n<li>Let&rsquo;s Dance<\/li>\n<li>Little Future Staff<\/li>\n<li>Music Lover<\/li>\n<li>Summer Sounds Like Montreux Jazz Festival<\/li>\n<\/ul>\n","protected":false},"featured_media":1273,"template":"","meta":{"_acf_changed":false},"artist":[],"artist-category":[],"edition":[162],"product_brand":[],"product_cat":[325,345,348],"product_tag":[],"class_list":{"0":"post-3737","1":"product","2":"type-product","3":"status-publish","4":"has-post-thumbnail","6":"edition-162","7":"product_cat-accessoires","8":"product_cat-highlights","9":"product_cat-papeterie","10":"product_shipping_class-petits-objets-et-dvd","12":"first","13":"instock","14":"taxable","15":"shipping-taxable","16":"purchasable","17":"product-type-simple"},"bundled_by":[],"bundle_stock_status":"instock","bundle_stock_quantity":4,"bundle_virtual":false,"bundle_layout":"","bundle_add_to_cart_form_location":"","bundle_editable_in_cart":false,"bundle_sold_individually_context":"","bundle_item_grouping":"","bundle_min_size":"","bundle_max_size":"","bundle_price":[],"bundled_items":[],"bundle_sell_ids":[],"acf":[],"yoast_head":"<!-- This site is optimized with the Yoast SEO Premium plugin v26.4 (Yoast SEO v27.5) - https:\/\/yoast.com\/product\/yoast-seo-premium-wordpress\/ -->\n<title>Little Future Staff, Carte de voeux - Montreux Jazz Festival Shop<\/title>\n<meta name=\"description\" content=\"Little Future Staff Montreux Jazz Festival. Cartes de voeux. Des bonnes &quot;vibes&quot; et du &quot;love&quot; \u00e0 envoyer, collectionner ou accrocher. Music. Paper Collection.\" \/>\n<meta name=\"robots\" content=\"index, follow, max-snippet:-1, max-image-preview:large, max-video-preview:-1\" \/>\n<link rel=\"canonical\" href=\"https:\/\/www.montreuxjazzshop.com\/fr\/boutique\/accessoires\/papeterie\/little-future-staff-carte-de-voeux-montreux-jazz\/\" \/>\n<meta property=\"og:locale\" content=\"fr_FR\" \/>\n<meta property=\"og:type\" content=\"article\" \/>\n<meta property=\"og:title\" content=\"Little Future Staff, Carte de voeux\" \/>\n<meta property=\"og:description\" content=\"Little Future Staff Montreux Jazz Festival. Cartes de voeux. Des bonnes &quot;vibes&quot; et du &quot;love&quot; \u00e0 envoyer, collectionner ou accrocher. Music. Paper Collection.\" \/>\n<meta property=\"og:url\" content=\"https:\/\/www.montreuxjazzshop.com\/fr\/boutique\/accessoires\/papeterie\/little-future-staff-carte-de-voeux-montreux-jazz\/\" \/>\n<meta property=\"og:site_name\" content=\"Montreux Jazz Festival Shop\" \/>\n<meta property=\"article:publisher\" content=\"https:\/\/www.facebook.com\/montreuxjazzfestival\" \/>\n<meta property=\"article:modified_time\" content=\"2026-01-14T10:07:21+00:00\" \/>\n<meta property=\"og:image\" content=\"https:\/\/www.montreuxjazzshop.com\/wp-content\/uploads\/2025\/05\/MJF23-Carte-de-voeux-mockup-LittleFutureStaff-1.jpg\" \/>\n\t<meta property=\"og:image:width\" content=\"2000\" \/>\n\t<meta property=\"og:image:height\" content=\"2000\" \/>\n\t<meta property=\"og:image:type\" content=\"image\/jpeg\" \/>\n<meta name=\"twitter:card\" content=\"summary_large_image\" \/>\n<meta name=\"twitter:site\" content=\"@MontreuxJazz\" \/>\n<script type=\"application\/ld+json\" class=\"yoast-schema-graph\">{\"@context\":\"https:\\\/\\\/schema.org\",\"@graph\":[{\"@type\":\"WebPage\",\"@id\":\"https:\\\/\\\/www.montreuxjazzshop.com\\\/fr\\\/boutique\\\/accessoires\\\/papeterie\\\/little-future-staff-carte-de-voeux-montreux-jazz\\\/\",\"url\":\"https:\\\/\\\/www.montreuxjazzshop.com\\\/fr\\\/boutique\\\/accessoires\\\/papeterie\\\/little-future-staff-carte-de-voeux-montreux-jazz\\\/\",\"name\":\"Little Future Staff, Carte de voeux - Montreux Jazz Festival Shop\",\"isPartOf\":{\"@id\":\"https:\\\/\\\/www.montreuxjazzshop.com\\\/fr\\\/#website\"},\"primaryImageOfPage\":{\"@id\":\"https:\\\/\\\/www.montreuxjazzshop.com\\\/fr\\\/boutique\\\/accessoires\\\/papeterie\\\/little-future-staff-carte-de-voeux-montreux-jazz\\\/#primaryimage\"},\"image\":{\"@id\":\"https:\\\/\\\/www.montreuxjazzshop.com\\\/fr\\\/boutique\\\/accessoires\\\/papeterie\\\/little-future-staff-carte-de-voeux-montreux-jazz\\\/#primaryimage\"},\"thumbnailUrl\":\"https:\\\/\\\/www.montreuxjazzshop.com\\\/wp-content\\\/uploads\\\/2025\\\/05\\\/MJF23-Carte-de-voeux-mockup-LittleFutureStaff-1.jpg\",\"datePublished\":\"2025-11-29T13:00:33+00:00\",\"dateModified\":\"2026-01-14T10:07:21+00:00\",\"description\":\"Little Future Staff Montreux Jazz Festival. Cartes de voeux. Des bonnes \\\"vibes\\\" et du \\\"love\\\" \u00e0 envoyer, collectionner ou accrocher. Music. Paper Collection.\",\"breadcrumb\":{\"@id\":\"https:\\\/\\\/www.montreuxjazzshop.com\\\/fr\\\/boutique\\\/accessoires\\\/papeterie\\\/little-future-staff-carte-de-voeux-montreux-jazz\\\/#breadcrumb\"},\"inLanguage\":\"fr-FR\",\"potentialAction\":[{\"@type\":\"ReadAction\",\"target\":[\"https:\\\/\\\/www.montreuxjazzshop.com\\\/fr\\\/boutique\\\/accessoires\\\/papeterie\\\/little-future-staff-carte-de-voeux-montreux-jazz\\\/\"]}]},{\"@type\":\"ImageObject\",\"inLanguage\":\"fr-FR\",\"@id\":\"https:\\\/\\\/www.montreuxjazzshop.com\\\/fr\\\/boutique\\\/accessoires\\\/papeterie\\\/little-future-staff-carte-de-voeux-montreux-jazz\\\/#primaryimage\",\"url\":\"https:\\\/\\\/www.montreuxjazzshop.com\\\/wp-content\\\/uploads\\\/2025\\\/05\\\/MJF23-Carte-de-voeux-mockup-LittleFutureStaff-1.jpg\",\"contentUrl\":\"https:\\\/\\\/www.montreuxjazzshop.com\\\/wp-content\\\/uploads\\\/2025\\\/05\\\/MJF23-Carte-de-voeux-mockup-LittleFutureStaff-1.jpg\",\"width\":2000,\"height\":2000,\"caption\":\"La Carte de v\u0153ux du Petit Personnel d'Avenir est une carte rose avec un texte bleu en gras indiquant \\\"Bienvenue au Petit Personnel d'Avenir\\\", plac\u00e9e sur une enveloppe blanche sur fond bleu, parfaite pour c\u00e9l\u00e9brer le prochain Festival du Petit Personnel d'Avenir.\"},{\"@type\":\"BreadcrumbList\",\"@id\":\"https:\\\/\\\/www.montreuxjazzshop.com\\\/fr\\\/boutique\\\/accessoires\\\/papeterie\\\/little-future-staff-carte-de-voeux-montreux-jazz\\\/#breadcrumb\",\"itemListElement\":[{\"@type\":\"ListItem\",\"position\":1,\"name\":\"Accueil\",\"item\":\"https:\\\/\\\/www.montreuxjazzshop.com\\\/fr\\\/\"},{\"@type\":\"ListItem\",\"position\":2,\"name\":\"Boutique\",\"item\":\"https:\\\/\\\/www.montreuxjazzshop.com\\\/fr\\\/boutique\\\/\"},{\"@type\":\"ListItem\",\"position\":3,\"name\":\"Little Future Staff, Carte de voeux\"}]},{\"@type\":\"WebSite\",\"@id\":\"https:\\\/\\\/www.montreuxjazzshop.com\\\/fr\\\/#website\",\"url\":\"https:\\\/\\\/www.montreuxjazzshop.com\\\/fr\\\/\",\"name\":\"Montreux Jazz Shop\",\"description\":\"The Montreux Jazz Festival shop\",\"potentialAction\":[{\"@type\":\"SearchAction\",\"target\":{\"@type\":\"EntryPoint\",\"urlTemplate\":\"https:\\\/\\\/www.montreuxjazzshop.com\\\/fr\\\/?s={search_term_string}\"},\"query-input\":{\"@type\":\"PropertyValueSpecification\",\"valueRequired\":true,\"valueName\":\"search_term_string\"}}],\"inLanguage\":\"fr-FR\"}]}<\/script>\n<meta property=\"product:price:amount\" content=\"9.00\" \/>\n<meta property=\"product:price:currency\" content=\"CHF\" \/>\n<meta property=\"og:availability\" content=\"instock\" \/>\n<meta property=\"product:availability\" content=\"instock\" \/>\n<meta property=\"product:retailer_item_id\" content=\"3300500082023\" \/>\n<meta property=\"product:condition\" content=\"new\" \/>\n<!-- \/ Yoast SEO Premium plugin. -->","yoast_head_json":{"title":"Little Future Staff, Carte de voeux - Montreux Jazz Festival Shop","description":"Little Future Staff Montreux Jazz Festival. Cartes de voeux. Des bonnes \"vibes\" et du \"love\" \u00e0 envoyer, collectionner ou accrocher. Music. Paper Collection.","robots":{"index":"index","follow":"follow","max-snippet":"max-snippet:-1","max-image-preview":"max-image-preview:large","max-video-preview":"max-video-preview:-1"},"canonical":"https:\/\/www.montreuxjazzshop.com\/fr\/boutique\/accessoires\/papeterie\/little-future-staff-carte-de-voeux-montreux-jazz\/","og_locale":"fr_FR","og_type":"article","og_title":"Little Future Staff, Carte de voeux","og_description":"Little Future Staff Montreux Jazz Festival. Cartes de voeux. Des bonnes \"vibes\" et du \"love\" \u00e0 envoyer, collectionner ou accrocher. Music. Paper Collection.","og_url":"https:\/\/www.montreuxjazzshop.com\/fr\/boutique\/accessoires\/papeterie\/little-future-staff-carte-de-voeux-montreux-jazz\/","og_site_name":"Montreux Jazz Festival Shop","article_publisher":"https:\/\/www.facebook.com\/montreuxjazzfestival","article_modified_time":"2026-01-14T10:07:21+00:00","og_image":[{"width":2000,"height":2000,"url":"https:\/\/www.montreuxjazzshop.com\/wp-content\/uploads\/2025\/05\/MJF23-Carte-de-voeux-mockup-LittleFutureStaff-1.jpg","type":"image\/jpeg"}],"twitter_card":"summary_large_image","twitter_site":"@MontreuxJazz","schema":{"@context":"https:\/\/schema.org","@graph":[{"@type":"WebPage","@id":"https:\/\/www.montreuxjazzshop.com\/fr\/boutique\/accessoires\/papeterie\/little-future-staff-carte-de-voeux-montreux-jazz\/","url":"https:\/\/www.montreuxjazzshop.com\/fr\/boutique\/accessoires\/papeterie\/little-future-staff-carte-de-voeux-montreux-jazz\/","name":"Little Future Staff, Carte de voeux - Montreux Jazz Festival Shop","isPartOf":{"@id":"https:\/\/www.montreuxjazzshop.com\/fr\/#website"},"primaryImageOfPage":{"@id":"https:\/\/www.montreuxjazzshop.com\/fr\/boutique\/accessoires\/papeterie\/little-future-staff-carte-de-voeux-montreux-jazz\/#primaryimage"},"image":{"@id":"https:\/\/www.montreuxjazzshop.com\/fr\/boutique\/accessoires\/papeterie\/little-future-staff-carte-de-voeux-montreux-jazz\/#primaryimage"},"thumbnailUrl":"https:\/\/www.montreuxjazzshop.com\/wp-content\/uploads\/2025\/05\/MJF23-Carte-de-voeux-mockup-LittleFutureStaff-1.jpg","datePublished":"2025-11-29T13:00:33+00:00","dateModified":"2026-01-14T10:07:21+00:00","description":"Little Future Staff Montreux Jazz Festival. Cartes de voeux. Des bonnes \"vibes\" et du \"love\" \u00e0 envoyer, collectionner ou accrocher. Music. Paper Collection.","breadcrumb":{"@id":"https:\/\/www.montreuxjazzshop.com\/fr\/boutique\/accessoires\/papeterie\/little-future-staff-carte-de-voeux-montreux-jazz\/#breadcrumb"},"inLanguage":"fr-FR","potentialAction":[{"@type":"ReadAction","target":["https:\/\/www.montreuxjazzshop.com\/fr\/boutique\/accessoires\/papeterie\/little-future-staff-carte-de-voeux-montreux-jazz\/"]}]},{"@type":"ImageObject","inLanguage":"fr-FR","@id":"https:\/\/www.montreuxjazzshop.com\/fr\/boutique\/accessoires\/papeterie\/little-future-staff-carte-de-voeux-montreux-jazz\/#primaryimage","url":"https:\/\/www.montreuxjazzshop.com\/wp-content\/uploads\/2025\/05\/MJF23-Carte-de-voeux-mockup-LittleFutureStaff-1.jpg","contentUrl":"https:\/\/www.montreuxjazzshop.com\/wp-content\/uploads\/2025\/05\/MJF23-Carte-de-voeux-mockup-LittleFutureStaff-1.jpg","width":2000,"height":2000,"caption":"La Carte de v\u0153ux du Petit Personnel d'Avenir est une carte rose avec un texte bleu en gras indiquant \"Bienvenue au Petit Personnel d'Avenir\", plac\u00e9e sur une enveloppe blanche sur fond bleu, parfaite pour c\u00e9l\u00e9brer le prochain Festival du Petit Personnel d'Avenir."},{"@type":"BreadcrumbList","@id":"https:\/\/www.montreuxjazzshop.com\/fr\/boutique\/accessoires\/papeterie\/little-future-staff-carte-de-voeux-montreux-jazz\/#breadcrumb","itemListElement":[{"@type":"ListItem","position":1,"name":"Accueil","item":"https:\/\/www.montreuxjazzshop.com\/fr\/"},{"@type":"ListItem","position":2,"name":"Boutique","item":"https:\/\/www.montreuxjazzshop.com\/fr\/boutique\/"},{"@type":"ListItem","position":3,"name":"Little Future Staff, Carte de voeux"}]},{"@type":"WebSite","@id":"https:\/\/www.montreuxjazzshop.com\/fr\/#website","url":"https:\/\/www.montreuxjazzshop.com\/fr\/","name":"Montreux Jazz Shop","description":"The Montreux Jazz Festival shop","potentialAction":[{"@type":"SearchAction","target":{"@type":"EntryPoint","urlTemplate":"https:\/\/www.montreuxjazzshop.com\/fr\/?s={search_term_string}"},"query-input":{"@type":"PropertyValueSpecification","valueRequired":true,"valueName":"search_term_string"}}],"inLanguage":"fr-FR"}]},"product_price_amount":"9.00","product_price_currency":"CHF","og_availability":"instock","product_availability":"instock","product_retailer_item_id":"3300500082023","product_condition":"new"},"_links":{"self":[{"href":"https:\/\/www.montreuxjazzshop.com\/fr\/wp-json\/wp\/v2\/product\/3737","targetHints":{"allow":["GET"]}}],"collection":[{"href":"https:\/\/www.montreuxjazzshop.com\/fr\/wp-json\/wp\/v2\/product"}],"about":[{"href":"https:\/\/www.montreuxjazzshop.com\/fr\/wp-json\/wp\/v2\/types\/product"}],"wp:featuredmedia":[{"embeddable":true,"href":"https:\/\/www.montreuxjazzshop.com\/fr\/wp-json\/wp\/v2\/media\/1273"}],"wp:attachment":[{"href":"https:\/\/www.montreuxjazzshop.com\/fr\/wp-json\/wp\/v2\/media?parent=3737"}],"wp:term":[{"taxonomy":"artist","embeddable":true,"href":"https:\/\/www.montreuxjazzshop.com\/fr\/wp-json\/wp\/v2\/artist?post=3737"},{"taxonomy":"artist-category","embeddable":true,"href":"https:\/\/www.montreuxjazzshop.com\/fr\/wp-json\/wp\/v2\/artist-category?post=3737"},{"taxonomy":"edition","embeddable":true,"href":"https:\/\/www.montreuxjazzshop.com\/fr\/wp-json\/wp\/v2\/edition?post=3737"},{"taxonomy":"product_brand","embeddable":true,"href":"https:\/\/www.montreuxjazzshop.com\/fr\/wp-json\/wp\/v2\/product_brand?post=3737"},{"taxonomy":"product_cat","embeddable":true,"href":"https:\/\/www.montreuxjazzshop.com\/fr\/wp-json\/wp\/v2\/product_cat?post=3737"},{"taxonomy":"product_tag","embeddable":true,"href":"https:\/\/www.montreuxjazzshop.com\/fr\/wp-json\/wp\/v2\/product_tag?post=3737"}],"curies":[{"name":"wp","href":"https:\/\/api.w.org\/{rel}","templated":true}]}}