{"id":3596,"date":"2025-11-29T12:00:54","date_gmt":"2025-11-29T11:00:54","guid":{"rendered":"https:\/\/www.montreuxjazzshop.com\/?post_type=product&#038;p=3596"},"modified":"2026-01-14T11:06:57","modified_gmt":"2026-01-14T10:06:57","slug":"montreux-jazz-guitar-collection-atlanta-serie-limitee","status":"publish","type":"product","link":"https:\/\/www.montreuxjazzshop.com\/fr\/boutique\/music\/guitars\/montreux-jazz-guitar-collection-atlanta-serie-limitee\/","title":{"rendered":"Atlanta, Guitar Collection, S\u00e9rie limit\u00e9e"},"content":{"rendered":"<p><strong>Caract\u00e9ristiques<\/strong><\/p>\n<ul>\n<li>Manche en \u00e9rable canadien et corps en aulne des Etats-Unis<\/li>\n<li>Micros avec fil vintage (Plain Enamel) pour un son cr\u00e9meux et moins agressif, qui n\u2019attend qu\u2019une p\u00e9dale de gain pour lib\u00e9rer toute sa palette sonore. Inspir\u00e9 d\u2019une Strat de 1982.<\/li>\n<\/ul>\n<p>&nbsp;<\/p>\n<p><strong>Toutes les guitares sont fournies avec:<\/strong><\/p>\n<ul>\n<li>Un bag de transport<\/li>\n<li>Un premier service offert chez Guitar\u2019s Caf\u00e9 \u2013 Music Shop, Rue de Bourg 13, 1003 Lausanne, +41 77 417 85 95, <a href=\"http:\/\/www.guitarscafe.com\/\">www.guitarscafe.com<\/a><\/li>\n<li>Des micros custom bobin\u00e9s par Hugo Sierro l\u2019atelier de musique, Rue de la Blancherie 35, 1950 Sion, <a href=\"https:\/\/www.hugosierro.ch\/\">www.hugosierro.ch<\/a><\/li>\n<\/ul>\n","protected":false},"excerpt":{"rendered":"<h3>Montreux Jazz Festival Guitar Collection<\/h3>\n<p>&nbsp;<\/p>\n<p><strong>ATLANTA (Tobaco Sunburst)<\/strong><br \/>\n<strong>Inspiration Strat<\/strong><\/p>\n<p>Vous \u00eates guitariste et fan du MJF? Cette nouvelle s\u00e9rie limit\u00e9e est faite pour vous! Le Montreux Jazz Festival d\u00e9voile sa toute premi\u00e8re collection de guitares \u00e9lectriques. Inspir\u00e9s des designs les plus iconiques, les six mod\u00e8les sont chacun munis de micros custom bobin\u00e9s \u00e0 la main en Suisse. Chaque guitare est floqu\u00e9e du logo officiel du Festival et baptis\u00e9 du nom d\u2019une ville ayant accueilli une \u00e9dition internationale du MJF.<\/p>\n<p>De tous temps, le Montreux Jazz Festival a accueilli les ma\u00eetres incontest\u00e9s de la six-cordes, qu\u2019ils soient virtuoses du jazz, l\u00e9gendes du blues ou les plus grands guitar heroes du panth\u00e9on rock. Citons notamment Carlos Santana, Eric Clapton, Stevie Ray Vaughan, Jeff Beck, Jimmy Page, B.B. King, Paco de Lucia et cette ann\u00e9e encore, Buddy Guy, Joe Bonamassa et Pat Metheny.<\/p>\n<p>Inspir\u00e9 par cet h\u00e9ritage l\u00e9gendaire, le Montreux Jazz Festival lance enfin sa propre collection de guitares, c\u00e9l\u00e9brant les mod\u00e8les qui ont forg\u00e9 l\u2019histoire de cet instrument.<\/p>\n<p><em>Un grand merci \u00e0 l\u2019initiateur et concepteur de ce beau projet, le <strong>Guitar\u2019s Caf\u00e9<\/strong> et la famille <strong>Mazenauer<\/strong>, sans qui cette collection n\u2019aurait pas pu voir le jour. Proche du Festival depuis plusieurs ann\u00e9es, le Guitar\u2019s Caf\u00e9 a notamment fourni des guitares \u00e0 un certain nombre d\u2019artistes ayant foul\u00e9 les sc\u00e8nes du Montreux Jazz Festival.<\/em><br \/>\n<em>Merci \u00e9galement \u00e0 l\u2019atelier de Hugo Sierro de Sion pour les micros custom.<\/em><\/p>\n","protected":false},"featured_media":1179,"template":"","meta":{"_acf_changed":false},"artist":[],"artist-category":[],"edition":[162],"product_brand":[],"product_cat":[351,486,315],"product_tag":[],"class_list":{"0":"post-3596","1":"product","2":"type-product","3":"status-publish","4":"has-post-thumbnail","6":"edition-162","7":"product_cat-guitars","8":"product_cat-highlights","9":"product_cat-music","10":"product_shipping_class-enceinte-pr-01","12":"first","13":"instock","14":"sold-individually","15":"taxable","16":"shipping-taxable","17":"purchasable","18":"product-type-simple"},"bundled_by":[],"bundle_stock_status":"instock","bundle_stock_quantity":4,"bundle_virtual":false,"bundle_layout":"","bundle_add_to_cart_form_location":"","bundle_editable_in_cart":false,"bundle_sold_individually_context":"","bundle_item_grouping":"","bundle_min_size":"","bundle_max_size":"","bundle_price":[],"bundled_items":[],"bundle_sell_ids":[],"acf":[],"yoast_head":"<!-- This site is optimized with the Yoast SEO Premium plugin v26.4 (Yoast SEO v27.4) - https:\/\/yoast.com\/product\/yoast-seo-premium-wordpress\/ -->\n<title>Atlanta, Guitar Collection, S\u00e9rie limit\u00e9e - Montreux Jazz Festival Shop<\/title>\n<meta name=\"description\" content=\"Guitare \u00e9lectrique collection Montreux Jazz Music Festival, S\u00e9rie limit\u00e9e Atlanta en 10 exemplaires, d&#039;Inspiration Stratocaster. Collaboration Guitar&#039;s Caf\u00e9\" \/>\n<meta name=\"robots\" content=\"index, follow, max-snippet:-1, max-image-preview:large, max-video-preview:-1\" \/>\n<link rel=\"canonical\" href=\"https:\/\/www.montreuxjazzshop.com\/fr\/boutique\/music\/guitars\/montreux-jazz-guitar-collection-atlanta-serie-limitee\/\" \/>\n<meta property=\"og:locale\" content=\"fr_FR\" \/>\n<meta property=\"og:type\" content=\"article\" \/>\n<meta property=\"og:title\" content=\"Atlanta, Guitar Collection, S\u00e9rie limit\u00e9e\" \/>\n<meta property=\"og:description\" content=\"Guitare \u00e9lectrique collection Montreux Jazz Music Festival, S\u00e9rie limit\u00e9e Atlanta en 10 exemplaires, d&#039;Inspiration Stratocaster. Collaboration Guitar&#039;s Caf\u00e9\" \/>\n<meta property=\"og:url\" content=\"https:\/\/www.montreuxjazzshop.com\/fr\/boutique\/music\/guitars\/montreux-jazz-guitar-collection-atlanta-serie-limitee\/\" \/>\n<meta property=\"og:site_name\" content=\"Montreux Jazz Festival Shop\" \/>\n<meta property=\"article:publisher\" content=\"https:\/\/www.facebook.com\/montreuxjazzfestival\" \/>\n<meta property=\"article:modified_time\" content=\"2026-01-14T10:06:57+00:00\" \/>\n<meta property=\"og:image\" content=\"https:\/\/www.montreuxjazzshop.com\/wp-content\/uploads\/2025\/05\/MJF23-Guitar-Collection-ATLANTA-1.jpg\" \/>\n\t<meta property=\"og:image:width\" content=\"1500\" \/>\n\t<meta property=\"og:image:height\" content=\"1500\" \/>\n\t<meta property=\"og:image:type\" content=\"image\/jpeg\" \/>\n<meta name=\"twitter:card\" content=\"summary_large_image\" \/>\n<meta name=\"twitter:site\" content=\"@MontreuxJazz\" \/>\n<script type=\"application\/ld+json\" class=\"yoast-schema-graph\">{\"@context\":\"https:\\\/\\\/schema.org\",\"@graph\":[{\"@type\":\"WebPage\",\"@id\":\"https:\\\/\\\/www.montreuxjazzshop.com\\\/fr\\\/boutique\\\/music\\\/guitars\\\/montreux-jazz-guitar-collection-atlanta-serie-limitee\\\/\",\"url\":\"https:\\\/\\\/www.montreuxjazzshop.com\\\/fr\\\/boutique\\\/music\\\/guitars\\\/montreux-jazz-guitar-collection-atlanta-serie-limitee\\\/\",\"name\":\"Atlanta, Guitar Collection, S\u00e9rie limit\u00e9e - Montreux Jazz Festival Shop\",\"isPartOf\":{\"@id\":\"https:\\\/\\\/www.montreuxjazzshop.com\\\/fr\\\/#website\"},\"primaryImageOfPage\":{\"@id\":\"https:\\\/\\\/www.montreuxjazzshop.com\\\/fr\\\/boutique\\\/music\\\/guitars\\\/montreux-jazz-guitar-collection-atlanta-serie-limitee\\\/#primaryimage\"},\"image\":{\"@id\":\"https:\\\/\\\/www.montreuxjazzshop.com\\\/fr\\\/boutique\\\/music\\\/guitars\\\/montreux-jazz-guitar-collection-atlanta-serie-limitee\\\/#primaryimage\"},\"thumbnailUrl\":\"https:\\\/\\\/www.montreuxjazzshop.com\\\/wp-content\\\/uploads\\\/2025\\\/05\\\/MJF23-Guitar-Collection-ATLANTA-1.jpg\",\"datePublished\":\"2025-11-29T11:00:54+00:00\",\"dateModified\":\"2026-01-14T10:06:57+00:00\",\"description\":\"Guitare \u00e9lectrique collection Montreux Jazz Music Festival, S\u00e9rie limit\u00e9e Atlanta en 10 exemplaires, d'Inspiration Stratocaster. Collaboration Guitar's Caf\u00e9\",\"breadcrumb\":{\"@id\":\"https:\\\/\\\/www.montreuxjazzshop.com\\\/fr\\\/boutique\\\/music\\\/guitars\\\/montreux-jazz-guitar-collection-atlanta-serie-limitee\\\/#breadcrumb\"},\"inLanguage\":\"fr-FR\",\"potentialAction\":[{\"@type\":\"ReadAction\",\"target\":[\"https:\\\/\\\/www.montreuxjazzshop.com\\\/fr\\\/boutique\\\/music\\\/guitars\\\/montreux-jazz-guitar-collection-atlanta-serie-limitee\\\/\"]}]},{\"@type\":\"ImageObject\",\"inLanguage\":\"fr-FR\",\"@id\":\"https:\\\/\\\/www.montreuxjazzshop.com\\\/fr\\\/boutique\\\/music\\\/guitars\\\/montreux-jazz-guitar-collection-atlanta-serie-limitee\\\/#primaryimage\",\"url\":\"https:\\\/\\\/www.montreuxjazzshop.com\\\/wp-content\\\/uploads\\\/2025\\\/05\\\/MJF23-Guitar-Collection-ATLANTA-1.jpg\",\"contentUrl\":\"https:\\\/\\\/www.montreuxjazzshop.com\\\/wp-content\\\/uploads\\\/2025\\\/05\\\/MJF23-Guitar-Collection-ATLANTA-1.jpg\",\"width\":1500,\"height\":1500,\"caption\":\"La guitare \u00e9lectrique Atlanta, Guitar Collection, S\u00e9rie limit\u00e9e sunburst se trouve au centre de la sc\u00e8ne du Montreux Jazz Guitar Atlanta, \u00e9clair\u00e9e par les lumi\u00e8res de la sc\u00e8ne avec de grandes caisses noires en arri\u00e8re-plan.\"},{\"@type\":\"BreadcrumbList\",\"@id\":\"https:\\\/\\\/www.montreuxjazzshop.com\\\/fr\\\/boutique\\\/music\\\/guitars\\\/montreux-jazz-guitar-collection-atlanta-serie-limitee\\\/#breadcrumb\",\"itemListElement\":[{\"@type\":\"ListItem\",\"position\":1,\"name\":\"Accueil\",\"item\":\"https:\\\/\\\/www.montreuxjazzshop.com\\\/fr\\\/\"},{\"@type\":\"ListItem\",\"position\":2,\"name\":\"Boutique\",\"item\":\"https:\\\/\\\/www.montreuxjazzshop.com\\\/fr\\\/boutique\\\/\"},{\"@type\":\"ListItem\",\"position\":3,\"name\":\"Atlanta, Guitar Collection, S\u00e9rie limit\u00e9e\"}]},{\"@type\":\"WebSite\",\"@id\":\"https:\\\/\\\/www.montreuxjazzshop.com\\\/fr\\\/#website\",\"url\":\"https:\\\/\\\/www.montreuxjazzshop.com\\\/fr\\\/\",\"name\":\"Montreux Jazz Shop\",\"description\":\"The Montreux Jazz Festival shop\",\"potentialAction\":[{\"@type\":\"SearchAction\",\"target\":{\"@type\":\"EntryPoint\",\"urlTemplate\":\"https:\\\/\\\/www.montreuxjazzshop.com\\\/fr\\\/?s={search_term_string}\"},\"query-input\":{\"@type\":\"PropertyValueSpecification\",\"valueRequired\":true,\"valueName\":\"search_term_string\"}}],\"inLanguage\":\"fr-FR\"}]}<\/script>\n<meta property=\"product:price:amount\" content=\"790.00\" \/>\n<meta property=\"product:price:currency\" content=\"CHF\" \/>\n<meta property=\"og:availability\" content=\"instock\" \/>\n<meta property=\"product:availability\" content=\"instock\" \/>\n<meta property=\"product:retailer_item_id\" content=\"6500300202023\" \/>\n<meta property=\"product:condition\" content=\"new\" \/>\n<!-- \/ Yoast SEO Premium plugin. -->","yoast_head_json":{"title":"Atlanta, Guitar Collection, S\u00e9rie limit\u00e9e - Montreux Jazz Festival Shop","description":"Guitare \u00e9lectrique collection Montreux Jazz Music Festival, S\u00e9rie limit\u00e9e Atlanta en 10 exemplaires, d'Inspiration Stratocaster. Collaboration Guitar's Caf\u00e9","robots":{"index":"index","follow":"follow","max-snippet":"max-snippet:-1","max-image-preview":"max-image-preview:large","max-video-preview":"max-video-preview:-1"},"canonical":"https:\/\/www.montreuxjazzshop.com\/fr\/boutique\/music\/guitars\/montreux-jazz-guitar-collection-atlanta-serie-limitee\/","og_locale":"fr_FR","og_type":"article","og_title":"Atlanta, Guitar Collection, S\u00e9rie limit\u00e9e","og_description":"Guitare \u00e9lectrique collection Montreux Jazz Music Festival, S\u00e9rie limit\u00e9e Atlanta en 10 exemplaires, d'Inspiration Stratocaster. Collaboration Guitar's Caf\u00e9","og_url":"https:\/\/www.montreuxjazzshop.com\/fr\/boutique\/music\/guitars\/montreux-jazz-guitar-collection-atlanta-serie-limitee\/","og_site_name":"Montreux Jazz Festival Shop","article_publisher":"https:\/\/www.facebook.com\/montreuxjazzfestival","article_modified_time":"2026-01-14T10:06:57+00:00","og_image":[{"width":1500,"height":1500,"url":"https:\/\/www.montreuxjazzshop.com\/wp-content\/uploads\/2025\/05\/MJF23-Guitar-Collection-ATLANTA-1.jpg","type":"image\/jpeg"}],"twitter_card":"summary_large_image","twitter_site":"@MontreuxJazz","schema":{"@context":"https:\/\/schema.org","@graph":[{"@type":"WebPage","@id":"https:\/\/www.montreuxjazzshop.com\/fr\/boutique\/music\/guitars\/montreux-jazz-guitar-collection-atlanta-serie-limitee\/","url":"https:\/\/www.montreuxjazzshop.com\/fr\/boutique\/music\/guitars\/montreux-jazz-guitar-collection-atlanta-serie-limitee\/","name":"Atlanta, Guitar Collection, S\u00e9rie limit\u00e9e - Montreux Jazz Festival Shop","isPartOf":{"@id":"https:\/\/www.montreuxjazzshop.com\/fr\/#website"},"primaryImageOfPage":{"@id":"https:\/\/www.montreuxjazzshop.com\/fr\/boutique\/music\/guitars\/montreux-jazz-guitar-collection-atlanta-serie-limitee\/#primaryimage"},"image":{"@id":"https:\/\/www.montreuxjazzshop.com\/fr\/boutique\/music\/guitars\/montreux-jazz-guitar-collection-atlanta-serie-limitee\/#primaryimage"},"thumbnailUrl":"https:\/\/www.montreuxjazzshop.com\/wp-content\/uploads\/2025\/05\/MJF23-Guitar-Collection-ATLANTA-1.jpg","datePublished":"2025-11-29T11:00:54+00:00","dateModified":"2026-01-14T10:06:57+00:00","description":"Guitare \u00e9lectrique collection Montreux Jazz Music Festival, S\u00e9rie limit\u00e9e Atlanta en 10 exemplaires, d'Inspiration Stratocaster. Collaboration Guitar's Caf\u00e9","breadcrumb":{"@id":"https:\/\/www.montreuxjazzshop.com\/fr\/boutique\/music\/guitars\/montreux-jazz-guitar-collection-atlanta-serie-limitee\/#breadcrumb"},"inLanguage":"fr-FR","potentialAction":[{"@type":"ReadAction","target":["https:\/\/www.montreuxjazzshop.com\/fr\/boutique\/music\/guitars\/montreux-jazz-guitar-collection-atlanta-serie-limitee\/"]}]},{"@type":"ImageObject","inLanguage":"fr-FR","@id":"https:\/\/www.montreuxjazzshop.com\/fr\/boutique\/music\/guitars\/montreux-jazz-guitar-collection-atlanta-serie-limitee\/#primaryimage","url":"https:\/\/www.montreuxjazzshop.com\/wp-content\/uploads\/2025\/05\/MJF23-Guitar-Collection-ATLANTA-1.jpg","contentUrl":"https:\/\/www.montreuxjazzshop.com\/wp-content\/uploads\/2025\/05\/MJF23-Guitar-Collection-ATLANTA-1.jpg","width":1500,"height":1500,"caption":"La guitare \u00e9lectrique Atlanta, Guitar Collection, S\u00e9rie limit\u00e9e sunburst se trouve au centre de la sc\u00e8ne du Montreux Jazz Guitar Atlanta, \u00e9clair\u00e9e par les lumi\u00e8res de la sc\u00e8ne avec de grandes caisses noires en arri\u00e8re-plan."},{"@type":"BreadcrumbList","@id":"https:\/\/www.montreuxjazzshop.com\/fr\/boutique\/music\/guitars\/montreux-jazz-guitar-collection-atlanta-serie-limitee\/#breadcrumb","itemListElement":[{"@type":"ListItem","position":1,"name":"Accueil","item":"https:\/\/www.montreuxjazzshop.com\/fr\/"},{"@type":"ListItem","position":2,"name":"Boutique","item":"https:\/\/www.montreuxjazzshop.com\/fr\/boutique\/"},{"@type":"ListItem","position":3,"name":"Atlanta, Guitar Collection, S\u00e9rie limit\u00e9e"}]},{"@type":"WebSite","@id":"https:\/\/www.montreuxjazzshop.com\/fr\/#website","url":"https:\/\/www.montreuxjazzshop.com\/fr\/","name":"Montreux Jazz Shop","description":"The Montreux Jazz Festival shop","potentialAction":[{"@type":"SearchAction","target":{"@type":"EntryPoint","urlTemplate":"https:\/\/www.montreuxjazzshop.com\/fr\/?s={search_term_string}"},"query-input":{"@type":"PropertyValueSpecification","valueRequired":true,"valueName":"search_term_string"}}],"inLanguage":"fr-FR"}]},"product_price_amount":"790.00","product_price_currency":"CHF","og_availability":"instock","product_availability":"instock","product_retailer_item_id":"6500300202023","product_condition":"new"},"_links":{"self":[{"href":"https:\/\/www.montreuxjazzshop.com\/fr\/wp-json\/wp\/v2\/product\/3596","targetHints":{"allow":["GET"]}}],"collection":[{"href":"https:\/\/www.montreuxjazzshop.com\/fr\/wp-json\/wp\/v2\/product"}],"about":[{"href":"https:\/\/www.montreuxjazzshop.com\/fr\/wp-json\/wp\/v2\/types\/product"}],"wp:featuredmedia":[{"embeddable":true,"href":"https:\/\/www.montreuxjazzshop.com\/fr\/wp-json\/wp\/v2\/media\/1179"}],"wp:attachment":[{"href":"https:\/\/www.montreuxjazzshop.com\/fr\/wp-json\/wp\/v2\/media?parent=3596"}],"wp:term":[{"taxonomy":"artist","embeddable":true,"href":"https:\/\/www.montreuxjazzshop.com\/fr\/wp-json\/wp\/v2\/artist?post=3596"},{"taxonomy":"artist-category","embeddable":true,"href":"https:\/\/www.montreuxjazzshop.com\/fr\/wp-json\/wp\/v2\/artist-category?post=3596"},{"taxonomy":"edition","embeddable":true,"href":"https:\/\/www.montreuxjazzshop.com\/fr\/wp-json\/wp\/v2\/edition?post=3596"},{"taxonomy":"product_brand","embeddable":true,"href":"https:\/\/www.montreuxjazzshop.com\/fr\/wp-json\/wp\/v2\/product_brand?post=3596"},{"taxonomy":"product_cat","embeddable":true,"href":"https:\/\/www.montreuxjazzshop.com\/fr\/wp-json\/wp\/v2\/product_cat?post=3596"},{"taxonomy":"product_tag","embeddable":true,"href":"https:\/\/www.montreuxjazzshop.com\/fr\/wp-json\/wp\/v2\/product_tag?post=3596"}],"curies":[{"name":"wp","href":"https:\/\/api.w.org\/{rel}","templated":true}]}}