{"id":3531,"date":"2025-09-11T15:20:38","date_gmt":"2025-09-11T13:20:38","guid":{"rendered":"https:\/\/www.montreuxjazzshop.com\/?post_type=product&#038;p=3531"},"modified":"2026-01-14T11:06:21","modified_gmt":"2026-01-14T10:06:21","slug":"motorhead-live-at-montreux-double-cd","status":"publish","type":"product","link":"https:\/\/www.montreuxjazzshop.com\/fr\/boutique\/music\/cd-dvd\/motorhead-live-at-montreux-double-cd\/","title":{"rendered":"Mot\u00f6rhead, Live At Montreux, Double CD"},"content":{"rendered":"<ul>\n<li>2 CD<\/li>\n<\/ul>\n<p>Available in a double CD digisleeve it includes the full live show recorded on 7th July 2007 as part of the Montreux Jazz Festival and released for the first time ever.<\/p>\n<p><strong>DISC ONE- Live At Montreux Jazz Festival &rsquo;07<\/strong><\/p>\n<ol>\n<li>Snaggletooth<\/li>\n<li>Stay Clean<\/li>\n<li>Be My Baby<\/li>\n<li>Killers<\/li>\n<li>Metropolis<\/li>\n<li>Over The Top<\/li>\n<li>One Night Stand<\/li>\n<li>I Got Mine<\/li>\n<li>In The Name Of Tragedy<\/li>\n<li>Sword Of Glory<\/li>\n<\/ol>\n<p><strong>DISC TWO &#8211; Live At Montreux Jazz Festival &rsquo;07<\/strong><\/p>\n<ol>\n<li>Rosalie<\/li>\n<li>Sacrifice<\/li>\n<li>Just \u2018Cos You Got The Power<\/li>\n<li>Going To Brazil<\/li>\n<li>Killed By Death<\/li>\n<li>Iron Fist<\/li>\n<li>Whorehouse Blues<\/li>\n<li>Ace Of Spades<\/li>\n<li>Overkill<\/li>\n<\/ol>\n","protected":false},"excerpt":{"rendered":"<p>Mot\u00f6rhead est un des plus grands groupes de rock sur sc\u00e8ne. Quand le Montreux Jazz Festival les invite en 2007, ils n&rsquo;h\u00e9sitent pas une seconde! Cette performance l\u00e9gendaire est aujourd&rsquo;hui d\u00e9voil\u00e9e au monde entier et comprend la premi\u00e8re version officielle de leur reprise de \u00ab\u00a0Rosalie\u00a0\u00bb de Thin Lizzy.<\/p>\n<p>Inclut le live complet enregistr\u00e9 le 7 juillet 2007 dans le cadre du Montreux Jazz Festival et publi\u00e9 pour la premi\u00e8re fois.<\/p>\n","protected":false},"featured_media":1086,"template":"","meta":{"_acf_changed":false},"artist":[],"artist-category":[],"edition":[162],"product_brand":[],"product_cat":[324,315,316],"product_tag":[],"class_list":{"0":"post-3531","1":"product","2":"type-product","3":"status-publish","4":"has-post-thumbnail","6":"edition-162","7":"product_cat-cd-dvd","8":"product_cat-music","9":"product_cat-vinyls","10":"product_shipping_class-petits-objets-et-dvd","12":"first","13":"instock","14":"taxable","15":"shipping-taxable","16":"purchasable","17":"product-type-simple"},"bundled_by":[],"bundle_stock_status":"instock","bundle_stock_quantity":2,"bundle_virtual":false,"bundle_layout":"","bundle_add_to_cart_form_location":"","bundle_editable_in_cart":false,"bundle_sold_individually_context":"","bundle_item_grouping":"","bundle_min_size":"","bundle_max_size":"","bundle_price":[],"bundled_items":[],"bundle_sell_ids":[],"acf":[],"yoast_head":"<!-- This site is optimized with the Yoast SEO Premium plugin v26.4 (Yoast SEO v27.4) - https:\/\/yoast.com\/product\/yoast-seo-premium-wordpress\/ -->\n<title>Mot\u00f6rhead, Live At Montreux, Double CD - Montreux Jazz Festival Shop<\/title>\n<meta name=\"description\" content=\"Mot\u00f6rhead Live At Montreux double CD, inclut le live complet enregistr\u00e9 le 7 juillet 2007 au Montreux Jazz Festival, reprise de &quot;Rosalie&quot; de Thin Lizzy.\" \/>\n<meta name=\"robots\" content=\"index, follow, max-snippet:-1, max-image-preview:large, max-video-preview:-1\" \/>\n<link rel=\"canonical\" href=\"https:\/\/www.montreuxjazzshop.com\/fr\/boutique\/music\/cd-dvd\/motorhead-live-at-montreux-double-cd\/\" \/>\n<meta property=\"og:locale\" content=\"fr_FR\" \/>\n<meta property=\"og:type\" content=\"article\" \/>\n<meta property=\"og:title\" content=\"Mot\u00f6rhead, Live At Montreux, Double CD\" \/>\n<meta property=\"og:description\" content=\"Mot\u00f6rhead Live At Montreux double CD, inclut le live complet enregistr\u00e9 le 7 juillet 2007 au Montreux Jazz Festival, reprise de &quot;Rosalie&quot; de Thin Lizzy.\" \/>\n<meta property=\"og:url\" content=\"https:\/\/www.montreuxjazzshop.com\/fr\/boutique\/music\/cd-dvd\/motorhead-live-at-montreux-double-cd\/\" \/>\n<meta property=\"og:site_name\" content=\"Montreux Jazz Festival Shop\" \/>\n<meta property=\"article:publisher\" content=\"https:\/\/www.facebook.com\/montreuxjazzfestival\" \/>\n<meta property=\"article:modified_time\" content=\"2026-01-14T10:06:21+00:00\" \/>\n<meta property=\"og:image\" content=\"https:\/\/www.montreuxjazzshop.com\/wp-content\/uploads\/2025\/05\/2_MOTORHEAD_LIVE-AT-MONTREUX_2CD_40505388685-79_EXPLODED.jpg\" \/>\n\t<meta property=\"og:image:width\" content=\"1500\" \/>\n\t<meta property=\"og:image:height\" content=\"1500\" \/>\n\t<meta property=\"og:image:type\" content=\"image\/jpeg\" \/>\n<meta name=\"twitter:card\" content=\"summary_large_image\" \/>\n<meta name=\"twitter:site\" content=\"@MontreuxJazz\" \/>\n<script type=\"application\/ld+json\" class=\"yoast-schema-graph\">{\"@context\":\"https:\\\/\\\/schema.org\",\"@graph\":[{\"@type\":\"WebPage\",\"@id\":\"https:\\\/\\\/www.montreuxjazzshop.com\\\/fr\\\/boutique\\\/music\\\/cd-dvd\\\/motorhead-live-at-montreux-double-cd\\\/\",\"url\":\"https:\\\/\\\/www.montreuxjazzshop.com\\\/fr\\\/boutique\\\/music\\\/cd-dvd\\\/motorhead-live-at-montreux-double-cd\\\/\",\"name\":\"Mot\u00f6rhead, Live At Montreux, Double CD - Montreux Jazz Festival Shop\",\"isPartOf\":{\"@id\":\"https:\\\/\\\/www.montreuxjazzshop.com\\\/fr\\\/#website\"},\"primaryImageOfPage\":{\"@id\":\"https:\\\/\\\/www.montreuxjazzshop.com\\\/fr\\\/boutique\\\/music\\\/cd-dvd\\\/motorhead-live-at-montreux-double-cd\\\/#primaryimage\"},\"image\":{\"@id\":\"https:\\\/\\\/www.montreuxjazzshop.com\\\/fr\\\/boutique\\\/music\\\/cd-dvd\\\/motorhead-live-at-montreux-double-cd\\\/#primaryimage\"},\"thumbnailUrl\":\"https:\\\/\\\/www.montreuxjazzshop.com\\\/wp-content\\\/uploads\\\/2025\\\/05\\\/2_MOTORHEAD_LIVE-AT-MONTREUX_2CD_40505388685-79_EXPLODED.jpg\",\"datePublished\":\"2025-09-11T13:20:38+00:00\",\"dateModified\":\"2026-01-14T10:06:21+00:00\",\"description\":\"Mot\u00f6rhead Live At Montreux double CD, inclut le live complet enregistr\u00e9 le 7 juillet 2007 au Montreux Jazz Festival, reprise de \\\"Rosalie\\\" de Thin Lizzy.\",\"breadcrumb\":{\"@id\":\"https:\\\/\\\/www.montreuxjazzshop.com\\\/fr\\\/boutique\\\/music\\\/cd-dvd\\\/motorhead-live-at-montreux-double-cd\\\/#breadcrumb\"},\"inLanguage\":\"fr-FR\",\"potentialAction\":[{\"@type\":\"ReadAction\",\"target\":[\"https:\\\/\\\/www.montreuxjazzshop.com\\\/fr\\\/boutique\\\/music\\\/cd-dvd\\\/motorhead-live-at-montreux-double-cd\\\/\"]}]},{\"@type\":\"ImageObject\",\"inLanguage\":\"fr-FR\",\"@id\":\"https:\\\/\\\/www.montreuxjazzshop.com\\\/fr\\\/boutique\\\/music\\\/cd-dvd\\\/motorhead-live-at-montreux-double-cd\\\/#primaryimage\",\"url\":\"https:\\\/\\\/www.montreuxjazzshop.com\\\/wp-content\\\/uploads\\\/2025\\\/05\\\/2_MOTORHEAD_LIVE-AT-MONTREUX_2CD_40505388685-79_EXPLODED.jpg\",\"contentUrl\":\"https:\\\/\\\/www.montreuxjazzshop.com\\\/wp-content\\\/uploads\\\/2025\\\/05\\\/2_MOTORHEAD_LIVE-AT-MONTREUX_2CD_40505388685-79_EXPLODED.jpg\",\"width\":1500,\"height\":1500,\"caption\":\"Mot\u00f6rhead, Live At Montreux, Double CD comprend un livret ouvert avec des photos du concert, deux disques num\u00e9rot\u00e9s et un \u00e9tui mettant en valeur la pochette dynamique de l'album en arri\u00e8re-plan.\"},{\"@type\":\"BreadcrumbList\",\"@id\":\"https:\\\/\\\/www.montreuxjazzshop.com\\\/fr\\\/boutique\\\/music\\\/cd-dvd\\\/motorhead-live-at-montreux-double-cd\\\/#breadcrumb\",\"itemListElement\":[{\"@type\":\"ListItem\",\"position\":1,\"name\":\"Accueil\",\"item\":\"https:\\\/\\\/www.montreuxjazzshop.com\\\/fr\\\/\"},{\"@type\":\"ListItem\",\"position\":2,\"name\":\"Boutique\",\"item\":\"https:\\\/\\\/www.montreuxjazzshop.com\\\/fr\\\/boutique\\\/\"},{\"@type\":\"ListItem\",\"position\":3,\"name\":\"Mot\u00f6rhead, Live At Montreux, Double CD\"}]},{\"@type\":\"WebSite\",\"@id\":\"https:\\\/\\\/www.montreuxjazzshop.com\\\/fr\\\/#website\",\"url\":\"https:\\\/\\\/www.montreuxjazzshop.com\\\/fr\\\/\",\"name\":\"Montreux Jazz Shop\",\"description\":\"The Montreux Jazz Festival shop\",\"potentialAction\":[{\"@type\":\"SearchAction\",\"target\":{\"@type\":\"EntryPoint\",\"urlTemplate\":\"https:\\\/\\\/www.montreuxjazzshop.com\\\/fr\\\/?s={search_term_string}\"},\"query-input\":{\"@type\":\"PropertyValueSpecification\",\"valueRequired\":true,\"valueName\":\"search_term_string\"}}],\"inLanguage\":\"fr-FR\"}]}<\/script>\n<meta property=\"product:price:amount\" content=\"20.00\" \/>\n<meta property=\"product:price:currency\" content=\"CHF\" \/>\n<meta property=\"og:availability\" content=\"instock\" \/>\n<meta property=\"product:availability\" content=\"instock\" \/>\n<meta property=\"product:retailer_item_id\" content=\"4050538868579\" \/>\n<meta property=\"product:condition\" content=\"new\" \/>\n<!-- \/ Yoast SEO Premium plugin. -->","yoast_head_json":{"title":"Mot\u00f6rhead, Live At Montreux, Double CD - Montreux Jazz Festival Shop","description":"Mot\u00f6rhead Live At Montreux double CD, inclut le live complet enregistr\u00e9 le 7 juillet 2007 au Montreux Jazz Festival, reprise de \"Rosalie\" de Thin Lizzy.","robots":{"index":"index","follow":"follow","max-snippet":"max-snippet:-1","max-image-preview":"max-image-preview:large","max-video-preview":"max-video-preview:-1"},"canonical":"https:\/\/www.montreuxjazzshop.com\/fr\/boutique\/music\/cd-dvd\/motorhead-live-at-montreux-double-cd\/","og_locale":"fr_FR","og_type":"article","og_title":"Mot\u00f6rhead, Live At Montreux, Double CD","og_description":"Mot\u00f6rhead Live At Montreux double CD, inclut le live complet enregistr\u00e9 le 7 juillet 2007 au Montreux Jazz Festival, reprise de \"Rosalie\" de Thin Lizzy.","og_url":"https:\/\/www.montreuxjazzshop.com\/fr\/boutique\/music\/cd-dvd\/motorhead-live-at-montreux-double-cd\/","og_site_name":"Montreux Jazz Festival Shop","article_publisher":"https:\/\/www.facebook.com\/montreuxjazzfestival","article_modified_time":"2026-01-14T10:06:21+00:00","og_image":[{"width":1500,"height":1500,"url":"https:\/\/www.montreuxjazzshop.com\/wp-content\/uploads\/2025\/05\/2_MOTORHEAD_LIVE-AT-MONTREUX_2CD_40505388685-79_EXPLODED.jpg","type":"image\/jpeg"}],"twitter_card":"summary_large_image","twitter_site":"@MontreuxJazz","schema":{"@context":"https:\/\/schema.org","@graph":[{"@type":"WebPage","@id":"https:\/\/www.montreuxjazzshop.com\/fr\/boutique\/music\/cd-dvd\/motorhead-live-at-montreux-double-cd\/","url":"https:\/\/www.montreuxjazzshop.com\/fr\/boutique\/music\/cd-dvd\/motorhead-live-at-montreux-double-cd\/","name":"Mot\u00f6rhead, Live At Montreux, Double CD - Montreux Jazz Festival Shop","isPartOf":{"@id":"https:\/\/www.montreuxjazzshop.com\/fr\/#website"},"primaryImageOfPage":{"@id":"https:\/\/www.montreuxjazzshop.com\/fr\/boutique\/music\/cd-dvd\/motorhead-live-at-montreux-double-cd\/#primaryimage"},"image":{"@id":"https:\/\/www.montreuxjazzshop.com\/fr\/boutique\/music\/cd-dvd\/motorhead-live-at-montreux-double-cd\/#primaryimage"},"thumbnailUrl":"https:\/\/www.montreuxjazzshop.com\/wp-content\/uploads\/2025\/05\/2_MOTORHEAD_LIVE-AT-MONTREUX_2CD_40505388685-79_EXPLODED.jpg","datePublished":"2025-09-11T13:20:38+00:00","dateModified":"2026-01-14T10:06:21+00:00","description":"Mot\u00f6rhead Live At Montreux double CD, inclut le live complet enregistr\u00e9 le 7 juillet 2007 au Montreux Jazz Festival, reprise de \"Rosalie\" de Thin Lizzy.","breadcrumb":{"@id":"https:\/\/www.montreuxjazzshop.com\/fr\/boutique\/music\/cd-dvd\/motorhead-live-at-montreux-double-cd\/#breadcrumb"},"inLanguage":"fr-FR","potentialAction":[{"@type":"ReadAction","target":["https:\/\/www.montreuxjazzshop.com\/fr\/boutique\/music\/cd-dvd\/motorhead-live-at-montreux-double-cd\/"]}]},{"@type":"ImageObject","inLanguage":"fr-FR","@id":"https:\/\/www.montreuxjazzshop.com\/fr\/boutique\/music\/cd-dvd\/motorhead-live-at-montreux-double-cd\/#primaryimage","url":"https:\/\/www.montreuxjazzshop.com\/wp-content\/uploads\/2025\/05\/2_MOTORHEAD_LIVE-AT-MONTREUX_2CD_40505388685-79_EXPLODED.jpg","contentUrl":"https:\/\/www.montreuxjazzshop.com\/wp-content\/uploads\/2025\/05\/2_MOTORHEAD_LIVE-AT-MONTREUX_2CD_40505388685-79_EXPLODED.jpg","width":1500,"height":1500,"caption":"Mot\u00f6rhead, Live At Montreux, Double CD comprend un livret ouvert avec des photos du concert, deux disques num\u00e9rot\u00e9s et un \u00e9tui mettant en valeur la pochette dynamique de l'album en arri\u00e8re-plan."},{"@type":"BreadcrumbList","@id":"https:\/\/www.montreuxjazzshop.com\/fr\/boutique\/music\/cd-dvd\/motorhead-live-at-montreux-double-cd\/#breadcrumb","itemListElement":[{"@type":"ListItem","position":1,"name":"Accueil","item":"https:\/\/www.montreuxjazzshop.com\/fr\/"},{"@type":"ListItem","position":2,"name":"Boutique","item":"https:\/\/www.montreuxjazzshop.com\/fr\/boutique\/"},{"@type":"ListItem","position":3,"name":"Mot\u00f6rhead, Live At Montreux, Double CD"}]},{"@type":"WebSite","@id":"https:\/\/www.montreuxjazzshop.com\/fr\/#website","url":"https:\/\/www.montreuxjazzshop.com\/fr\/","name":"Montreux Jazz Shop","description":"The Montreux Jazz Festival shop","potentialAction":[{"@type":"SearchAction","target":{"@type":"EntryPoint","urlTemplate":"https:\/\/www.montreuxjazzshop.com\/fr\/?s={search_term_string}"},"query-input":{"@type":"PropertyValueSpecification","valueRequired":true,"valueName":"search_term_string"}}],"inLanguage":"fr-FR"}]},"product_price_amount":"20.00","product_price_currency":"CHF","og_availability":"instock","product_availability":"instock","product_retailer_item_id":"4050538868579","product_condition":"new"},"_links":{"self":[{"href":"https:\/\/www.montreuxjazzshop.com\/fr\/wp-json\/wp\/v2\/product\/3531","targetHints":{"allow":["GET"]}}],"collection":[{"href":"https:\/\/www.montreuxjazzshop.com\/fr\/wp-json\/wp\/v2\/product"}],"about":[{"href":"https:\/\/www.montreuxjazzshop.com\/fr\/wp-json\/wp\/v2\/types\/product"}],"wp:featuredmedia":[{"embeddable":true,"href":"https:\/\/www.montreuxjazzshop.com\/fr\/wp-json\/wp\/v2\/media\/1086"}],"wp:attachment":[{"href":"https:\/\/www.montreuxjazzshop.com\/fr\/wp-json\/wp\/v2\/media?parent=3531"}],"wp:term":[{"taxonomy":"artist","embeddable":true,"href":"https:\/\/www.montreuxjazzshop.com\/fr\/wp-json\/wp\/v2\/artist?post=3531"},{"taxonomy":"artist-category","embeddable":true,"href":"https:\/\/www.montreuxjazzshop.com\/fr\/wp-json\/wp\/v2\/artist-category?post=3531"},{"taxonomy":"edition","embeddable":true,"href":"https:\/\/www.montreuxjazzshop.com\/fr\/wp-json\/wp\/v2\/edition?post=3531"},{"taxonomy":"product_brand","embeddable":true,"href":"https:\/\/www.montreuxjazzshop.com\/fr\/wp-json\/wp\/v2\/product_brand?post=3531"},{"taxonomy":"product_cat","embeddable":true,"href":"https:\/\/www.montreuxjazzshop.com\/fr\/wp-json\/wp\/v2\/product_cat?post=3531"},{"taxonomy":"product_tag","embeddable":true,"href":"https:\/\/www.montreuxjazzshop.com\/fr\/wp-json\/wp\/v2\/product_tag?post=3531"}],"curies":[{"name":"wp","href":"https:\/\/api.w.org\/{rel}","templated":true}]}}