{"id":3517,"date":"2025-11-29T16:00:24","date_gmt":"2025-11-29T15:00:24","guid":{"rendered":"https:\/\/www.montreuxjazzshop.com\/?post_type=product&#038;p=3517"},"modified":"2026-04-07T12:15:23","modified_gmt":"2026-04-07T10:15:23","slug":"dr-john-the-montreux-years-double-vinyle","status":"publish","type":"product","link":"https:\/\/www.montreuxjazzshop.com\/fr\/boutique\/musique\/dvd-cd\/dr-john-the-montreux-years-double-vinyle\/","title":{"rendered":"Dr. John, The Montreux Years, Double Vinyle"},"content":{"rendered":"<ul>\n<li>2 LP<\/li>\n<\/ul>\n<p>Expertly restored and remastered in superlative HD audio; The Montreux Years is released on superior audiophile heavy weight vinyl, MQA quality CD and in HD digital.<\/p>\n<p><strong>SIDE A<\/strong><\/p>\n<ol>\n<li>Professor Longhair Boogie (Live &#8211; Montreux Jazz Festival 1986) 03:35<\/li>\n<li>You Ain&rsquo;t Such a Much (Live &#8211; Montreux Jazz Festival 1986) 04:52<\/li>\n<li>Sick and Tired (Live &#8211; Montreux Jazz Festival 1986) 03:30<\/li>\n<li>Stack-A-Lee (Live &#8211; Montreux Jazz Festival 1986) 04:11<\/li>\n<li>Accentuate the Positive (Live &#8211; Montreux Jazz Festival 2007) 03:50<\/li>\n<\/ol>\n<p><strong>SIDE B<\/strong><\/p>\n<ol>\n<li>Right Place, Wrong Time (Live &#8211; Montreux Jazz Festival 2004) 04:04<\/li>\n<li>Rain (Live &#8211; Montreux Jazz Festival 2007) 04:53<\/li>\n<li>Going Back to New Orleans (Live &#8211; Montreux Jazz Festival 1993) 10:34<\/li>\n<\/ol>\n<p><strong>SIDE C<\/strong><\/p>\n<ol>\n<li>Makin&rsquo; Whoopee (Live &#8211; Montreux Jazz Festival 1995) 04:01<\/li>\n<li>Big Chief (Live &#8211; Montreux Jazz Festival 2011) 07:18<\/li>\n<li>In a Sentimental Mood \/ Mississippi Mud \/ Hard Times (Medley) (Live &#8211; Montreux Jazz Festival 2012) 07:35<\/li>\n<\/ol>\n<p><strong>SIDE D<\/strong><\/p>\n<ol>\n<li>Love for Sale (Live &#8211; Montreux Jazz Festival 2007) 08:34<\/li>\n<li>Let the Good Times Roll (Live &#8211; Montreux Jazz Festival 1995) 06:07<\/li>\n<li>Good Night Irene (Live &#8211; Montreux Jazz Festival 1986) 05:41<\/li>\n<\/ol>\n","protected":false},"excerpt":{"rendered":"<p>Une collection des meilleurs concerts de Dr. John au Montreux Jazz Festival!<\/p>\n<p>L&rsquo;audio a \u00e9t\u00e9 restaur\u00e9 et remast\u00e9ris\u00e9 de mani\u00e8re experte en haute d\u00e9finition; The Montreux Years est publi\u00e9 sur un vinyle audiophile de qualit\u00e9 sup\u00e9rieure, un CD de qualit\u00e9 MQA et en num\u00e9rique HD. L&rsquo;\u00e9dition comprend des notes in\u00e9dites et des photos rares de ses concerts \u00e0 Montreux.<\/p>\n<p>Le Montreux Jazz Festival et BMG lancent une s\u00e9rie d\u2019albums appel\u00e9e \u00abThe Montreux Years\u00bb, issue de la vaste collection audiovisuelle du fondateur du Festival, Claude Nobs (Montreux Sounds). Puisant dans les 57 ans d\u2019histoire du Montreux Jazz Festival, la s\u00e9rie \u00abThe Montreux Years\u00bb d\u00e9voile des enregistrements rares et in\u00e9dits, compilant des performances l\u00e9gendaires d\u2019artistes embl\u00e9matiques sur plusieurs ann\u00e9es.<\/p>\n","protected":false},"featured_media":1062,"template":"","meta":{"_acf_changed":false},"artist":[],"artist-category":[],"edition":[162],"product_brand":[],"product_cat":[323,345,304,305],"product_tag":[],"class_list":{"0":"post-3517","1":"product","2":"type-product","3":"status-publish","4":"has-post-thumbnail","6":"edition-162","7":"product_cat-dvd-cd","8":"product_cat-highlights","9":"product_cat-musique","10":"product_cat-vinyls-fr","12":"first","13":"instock","14":"taxable","15":"shipping-taxable","16":"purchasable","17":"product-type-simple"},"bundled_by":[],"bundle_stock_status":"instock","bundle_stock_quantity":3,"bundle_virtual":false,"bundle_layout":"","bundle_add_to_cart_form_location":"","bundle_editable_in_cart":false,"bundle_sold_individually_context":"","bundle_item_grouping":"","bundle_min_size":"","bundle_max_size":"","bundle_price":[],"bundled_items":[],"bundle_sell_ids":[],"acf":[],"yoast_head":"<!-- This site is optimized with the Yoast SEO Premium plugin v26.4 (Yoast SEO v27.3) - https:\/\/yoast.com\/product\/yoast-seo-premium-wordpress\/ -->\n<title>Dr. John, The Montreux Years, Double Vinyle - Montreux Jazz Festival Shop<\/title>\n<meta name=\"description\" content=\"Dr. John live \u00e0 Montreux en double vinyle. Une s\u00e9lection des meilleurs concerts de Dr. John au Montreux Jazz Music Festival ! The Montreux Years collection\" \/>\n<meta name=\"robots\" content=\"index, follow, max-snippet:-1, max-image-preview:large, max-video-preview:-1\" \/>\n<link rel=\"canonical\" href=\"https:\/\/www.montreuxjazzshop.com\/fr\/boutique\/musique\/dvd-cd\/dr-john-the-montreux-years-double-vinyle\/\" \/>\n<meta property=\"og:locale\" content=\"fr_FR\" \/>\n<meta property=\"og:type\" content=\"article\" \/>\n<meta property=\"og:title\" content=\"Dr. John, The Montreux Years, Double Vinyle\" \/>\n<meta property=\"og:description\" content=\"Dr. John live \u00e0 Montreux en double vinyle. Une s\u00e9lection des meilleurs concerts de Dr. John au Montreux Jazz Music Festival ! The Montreux Years collection\" \/>\n<meta property=\"og:url\" content=\"https:\/\/www.montreuxjazzshop.com\/fr\/boutique\/musique\/dvd-cd\/dr-john-the-montreux-years-double-vinyle\/\" \/>\n<meta property=\"og:site_name\" content=\"Montreux Jazz Festival Shop\" \/>\n<meta property=\"article:publisher\" content=\"https:\/\/www.facebook.com\/montreuxjazzfestival\" \/>\n<meta property=\"article:modified_time\" content=\"2026-04-07T10:15:23+00:00\" \/>\n<meta property=\"og:image\" content=\"https:\/\/www.montreuxjazzshop.com\/wp-content\/uploads\/2025\/05\/2_DR.-JOHN_THE-MONTREUX-YEARS_2LP_4050538799682_EXPLODED.jpg\" \/>\n\t<meta property=\"og:image:width\" content=\"1500\" \/>\n\t<meta property=\"og:image:height\" content=\"1500\" \/>\n\t<meta property=\"og:image:type\" content=\"image\/jpeg\" \/>\n<meta name=\"twitter:card\" content=\"summary_large_image\" \/>\n<meta name=\"twitter:site\" content=\"@MontreuxJazz\" \/>\n<script type=\"application\/ld+json\" class=\"yoast-schema-graph\">{\"@context\":\"https:\\\/\\\/schema.org\",\"@graph\":[{\"@type\":\"WebPage\",\"@id\":\"https:\\\/\\\/www.montreuxjazzshop.com\\\/fr\\\/boutique\\\/musique\\\/dvd-cd\\\/dr-john-the-montreux-years-double-vinyle\\\/\",\"url\":\"https:\\\/\\\/www.montreuxjazzshop.com\\\/fr\\\/boutique\\\/musique\\\/dvd-cd\\\/dr-john-the-montreux-years-double-vinyle\\\/\",\"name\":\"Dr. John, The Montreux Years, Double Vinyle - Montreux Jazz Festival Shop\",\"isPartOf\":{\"@id\":\"https:\\\/\\\/www.montreuxjazzshop.com\\\/fr\\\/#website\"},\"primaryImageOfPage\":{\"@id\":\"https:\\\/\\\/www.montreuxjazzshop.com\\\/fr\\\/boutique\\\/musique\\\/dvd-cd\\\/dr-john-the-montreux-years-double-vinyle\\\/#primaryimage\"},\"image\":{\"@id\":\"https:\\\/\\\/www.montreuxjazzshop.com\\\/fr\\\/boutique\\\/musique\\\/dvd-cd\\\/dr-john-the-montreux-years-double-vinyle\\\/#primaryimage\"},\"thumbnailUrl\":\"https:\\\/\\\/www.montreuxjazzshop.com\\\/wp-content\\\/uploads\\\/2025\\\/05\\\/2_DR.-JOHN_THE-MONTREUX-YEARS_2LP_4050538799682_EXPLODED.jpg\",\"datePublished\":\"2025-11-29T15:00:24+00:00\",\"dateModified\":\"2026-04-07T10:15:23+00:00\",\"description\":\"Dr. John live \u00e0 Montreux en double vinyle. Une s\u00e9lection des meilleurs concerts de Dr. John au Montreux Jazz Music Festival ! The Montreux Years collection\",\"breadcrumb\":{\"@id\":\"https:\\\/\\\/www.montreuxjazzshop.com\\\/fr\\\/boutique\\\/musique\\\/dvd-cd\\\/dr-john-the-montreux-years-double-vinyle\\\/#breadcrumb\"},\"inLanguage\":\"fr-FR\",\"potentialAction\":[{\"@type\":\"ReadAction\",\"target\":[\"https:\\\/\\\/www.montreuxjazzshop.com\\\/fr\\\/boutique\\\/musique\\\/dvd-cd\\\/dr-john-the-montreux-years-double-vinyle\\\/\"]}]},{\"@type\":\"ImageObject\",\"inLanguage\":\"fr-FR\",\"@id\":\"https:\\\/\\\/www.montreuxjazzshop.com\\\/fr\\\/boutique\\\/musique\\\/dvd-cd\\\/dr-john-the-montreux-years-double-vinyle\\\/#primaryimage\",\"url\":\"https:\\\/\\\/www.montreuxjazzshop.com\\\/wp-content\\\/uploads\\\/2025\\\/05\\\/2_DR.-JOHN_THE-MONTREUX-YEARS_2LP_4050538799682_EXPLODED.jpg\",\"contentUrl\":\"https:\\\/\\\/www.montreuxjazzshop.com\\\/wp-content\\\/uploads\\\/2025\\\/05\\\/2_DR.-JOHN_THE-MONTREUX-YEARS_2LP_4050538799682_EXPLODED.jpg\",\"width\":1500,\"height\":1500,\"caption\":\"John, The Montreux Years, Double Vinyle\\\" comprend deux disques noirs, une pochette vibrante avec le profil d'un homme, des fleurs et des oiseaux, ainsi que des pochettes int\u00e9rieures avec un cr\u00e2ne et un oiseau aux ailes color\u00e9es sur fond noir.\"},{\"@type\":\"BreadcrumbList\",\"@id\":\"https:\\\/\\\/www.montreuxjazzshop.com\\\/fr\\\/boutique\\\/musique\\\/dvd-cd\\\/dr-john-the-montreux-years-double-vinyle\\\/#breadcrumb\",\"itemListElement\":[{\"@type\":\"ListItem\",\"position\":1,\"name\":\"Accueil\",\"item\":\"https:\\\/\\\/www.montreuxjazzshop.com\\\/fr\\\/\"},{\"@type\":\"ListItem\",\"position\":2,\"name\":\"Boutique\",\"item\":\"https:\\\/\\\/www.montreuxjazzshop.com\\\/fr\\\/boutique\\\/\"},{\"@type\":\"ListItem\",\"position\":3,\"name\":\"Dr. John, The Montreux Years, Double Vinyle\"}]},{\"@type\":\"WebSite\",\"@id\":\"https:\\\/\\\/www.montreuxjazzshop.com\\\/fr\\\/#website\",\"url\":\"https:\\\/\\\/www.montreuxjazzshop.com\\\/fr\\\/\",\"name\":\"Montreux Jazz Shop\",\"description\":\"The Montreux Jazz Festival shop\",\"potentialAction\":[{\"@type\":\"SearchAction\",\"target\":{\"@type\":\"EntryPoint\",\"urlTemplate\":\"https:\\\/\\\/www.montreuxjazzshop.com\\\/fr\\\/?s={search_term_string}\"},\"query-input\":{\"@type\":\"PropertyValueSpecification\",\"valueRequired\":true,\"valueName\":\"search_term_string\"}}],\"inLanguage\":\"fr-FR\"}]}<\/script>\n<meta property=\"product:price:amount\" content=\"35.00\" \/>\n<meta property=\"product:price:currency\" content=\"CHF\" \/>\n<meta property=\"og:availability\" content=\"instock\" \/>\n<meta property=\"product:availability\" content=\"instock\" \/>\n<meta property=\"product:retailer_item_id\" content=\"4050538799682\" \/>\n<meta property=\"product:condition\" content=\"new\" \/>\n<!-- \/ Yoast SEO Premium plugin. -->","yoast_head_json":{"title":"Dr. John, The Montreux Years, Double Vinyle - Montreux Jazz Festival Shop","description":"Dr. John live \u00e0 Montreux en double vinyle. Une s\u00e9lection des meilleurs concerts de Dr. John au Montreux Jazz Music Festival ! The Montreux Years collection","robots":{"index":"index","follow":"follow","max-snippet":"max-snippet:-1","max-image-preview":"max-image-preview:large","max-video-preview":"max-video-preview:-1"},"canonical":"https:\/\/www.montreuxjazzshop.com\/fr\/boutique\/musique\/dvd-cd\/dr-john-the-montreux-years-double-vinyle\/","og_locale":"fr_FR","og_type":"article","og_title":"Dr. John, The Montreux Years, Double Vinyle","og_description":"Dr. John live \u00e0 Montreux en double vinyle. Une s\u00e9lection des meilleurs concerts de Dr. John au Montreux Jazz Music Festival ! The Montreux Years collection","og_url":"https:\/\/www.montreuxjazzshop.com\/fr\/boutique\/musique\/dvd-cd\/dr-john-the-montreux-years-double-vinyle\/","og_site_name":"Montreux Jazz Festival Shop","article_publisher":"https:\/\/www.facebook.com\/montreuxjazzfestival","article_modified_time":"2026-04-07T10:15:23+00:00","og_image":[{"width":1500,"height":1500,"url":"https:\/\/www.montreuxjazzshop.com\/wp-content\/uploads\/2025\/05\/2_DR.-JOHN_THE-MONTREUX-YEARS_2LP_4050538799682_EXPLODED.jpg","type":"image\/jpeg"}],"twitter_card":"summary_large_image","twitter_site":"@MontreuxJazz","schema":{"@context":"https:\/\/schema.org","@graph":[{"@type":"WebPage","@id":"https:\/\/www.montreuxjazzshop.com\/fr\/boutique\/musique\/dvd-cd\/dr-john-the-montreux-years-double-vinyle\/","url":"https:\/\/www.montreuxjazzshop.com\/fr\/boutique\/musique\/dvd-cd\/dr-john-the-montreux-years-double-vinyle\/","name":"Dr. John, The Montreux Years, Double Vinyle - Montreux Jazz Festival Shop","isPartOf":{"@id":"https:\/\/www.montreuxjazzshop.com\/fr\/#website"},"primaryImageOfPage":{"@id":"https:\/\/www.montreuxjazzshop.com\/fr\/boutique\/musique\/dvd-cd\/dr-john-the-montreux-years-double-vinyle\/#primaryimage"},"image":{"@id":"https:\/\/www.montreuxjazzshop.com\/fr\/boutique\/musique\/dvd-cd\/dr-john-the-montreux-years-double-vinyle\/#primaryimage"},"thumbnailUrl":"https:\/\/www.montreuxjazzshop.com\/wp-content\/uploads\/2025\/05\/2_DR.-JOHN_THE-MONTREUX-YEARS_2LP_4050538799682_EXPLODED.jpg","datePublished":"2025-11-29T15:00:24+00:00","dateModified":"2026-04-07T10:15:23+00:00","description":"Dr. John live \u00e0 Montreux en double vinyle. Une s\u00e9lection des meilleurs concerts de Dr. John au Montreux Jazz Music Festival ! The Montreux Years collection","breadcrumb":{"@id":"https:\/\/www.montreuxjazzshop.com\/fr\/boutique\/musique\/dvd-cd\/dr-john-the-montreux-years-double-vinyle\/#breadcrumb"},"inLanguage":"fr-FR","potentialAction":[{"@type":"ReadAction","target":["https:\/\/www.montreuxjazzshop.com\/fr\/boutique\/musique\/dvd-cd\/dr-john-the-montreux-years-double-vinyle\/"]}]},{"@type":"ImageObject","inLanguage":"fr-FR","@id":"https:\/\/www.montreuxjazzshop.com\/fr\/boutique\/musique\/dvd-cd\/dr-john-the-montreux-years-double-vinyle\/#primaryimage","url":"https:\/\/www.montreuxjazzshop.com\/wp-content\/uploads\/2025\/05\/2_DR.-JOHN_THE-MONTREUX-YEARS_2LP_4050538799682_EXPLODED.jpg","contentUrl":"https:\/\/www.montreuxjazzshop.com\/wp-content\/uploads\/2025\/05\/2_DR.-JOHN_THE-MONTREUX-YEARS_2LP_4050538799682_EXPLODED.jpg","width":1500,"height":1500,"caption":"John, The Montreux Years, Double Vinyle\" comprend deux disques noirs, une pochette vibrante avec le profil d'un homme, des fleurs et des oiseaux, ainsi que des pochettes int\u00e9rieures avec un cr\u00e2ne et un oiseau aux ailes color\u00e9es sur fond noir."},{"@type":"BreadcrumbList","@id":"https:\/\/www.montreuxjazzshop.com\/fr\/boutique\/musique\/dvd-cd\/dr-john-the-montreux-years-double-vinyle\/#breadcrumb","itemListElement":[{"@type":"ListItem","position":1,"name":"Accueil","item":"https:\/\/www.montreuxjazzshop.com\/fr\/"},{"@type":"ListItem","position":2,"name":"Boutique","item":"https:\/\/www.montreuxjazzshop.com\/fr\/boutique\/"},{"@type":"ListItem","position":3,"name":"Dr. John, The Montreux Years, Double Vinyle"}]},{"@type":"WebSite","@id":"https:\/\/www.montreuxjazzshop.com\/fr\/#website","url":"https:\/\/www.montreuxjazzshop.com\/fr\/","name":"Montreux Jazz Shop","description":"The Montreux Jazz Festival shop","potentialAction":[{"@type":"SearchAction","target":{"@type":"EntryPoint","urlTemplate":"https:\/\/www.montreuxjazzshop.com\/fr\/?s={search_term_string}"},"query-input":{"@type":"PropertyValueSpecification","valueRequired":true,"valueName":"search_term_string"}}],"inLanguage":"fr-FR"}]},"product_price_amount":"35.00","product_price_currency":"CHF","og_availability":"instock","product_availability":"instock","product_retailer_item_id":"4050538799682","product_condition":"new"},"_links":{"self":[{"href":"https:\/\/www.montreuxjazzshop.com\/fr\/wp-json\/wp\/v2\/product\/3517","targetHints":{"allow":["GET"]}}],"collection":[{"href":"https:\/\/www.montreuxjazzshop.com\/fr\/wp-json\/wp\/v2\/product"}],"about":[{"href":"https:\/\/www.montreuxjazzshop.com\/fr\/wp-json\/wp\/v2\/types\/product"}],"wp:featuredmedia":[{"embeddable":true,"href":"https:\/\/www.montreuxjazzshop.com\/fr\/wp-json\/wp\/v2\/media\/1062"}],"wp:attachment":[{"href":"https:\/\/www.montreuxjazzshop.com\/fr\/wp-json\/wp\/v2\/media?parent=3517"}],"wp:term":[{"taxonomy":"artist","embeddable":true,"href":"https:\/\/www.montreuxjazzshop.com\/fr\/wp-json\/wp\/v2\/artist?post=3517"},{"taxonomy":"artist-category","embeddable":true,"href":"https:\/\/www.montreuxjazzshop.com\/fr\/wp-json\/wp\/v2\/artist-category?post=3517"},{"taxonomy":"edition","embeddable":true,"href":"https:\/\/www.montreuxjazzshop.com\/fr\/wp-json\/wp\/v2\/edition?post=3517"},{"taxonomy":"product_brand","embeddable":true,"href":"https:\/\/www.montreuxjazzshop.com\/fr\/wp-json\/wp\/v2\/product_brand?post=3517"},{"taxonomy":"product_cat","embeddable":true,"href":"https:\/\/www.montreuxjazzshop.com\/fr\/wp-json\/wp\/v2\/product_cat?post=3517"},{"taxonomy":"product_tag","embeddable":true,"href":"https:\/\/www.montreuxjazzshop.com\/fr\/wp-json\/wp\/v2\/product_tag?post=3517"}],"curies":[{"name":"wp","href":"https:\/\/api.w.org\/{rel}","templated":true}]}}