{"id":3508,"date":"2025-11-29T03:00:23","date_gmt":"2025-11-29T02:00:23","guid":{"rendered":"https:\/\/www.montreuxjazzshop.com\/?post_type=product&#038;p=3508"},"modified":"2026-03-14T16:11:11","modified_gmt":"2026-03-14T15:11:11","slug":"michel-petrucciani-the-montreux-years-double-vinyle","status":"publish","type":"product","link":"https:\/\/www.montreuxjazzshop.com\/fr\/boutique\/musique\/dvd-cd\/michel-petrucciani-the-montreux-years-double-vinyle\/","title":{"rendered":"Michel Petrucciani, The Montreux Years, Double Vinyle"},"content":{"rendered":"<ul>\n<li>2 LP<\/li>\n<\/ul>\n<p>Expertly restored and remastered in superlative HD audio; The Montreux Years is released on superior audiophile heavy weight vinyl, MQA quality CD and in HD digital.<\/p>\n<p><strong>SIDE A<\/strong><\/p>\n<ol>\n<li>35 SECONDS OF MUSIC AND MORE<br \/>\nMichel Petrucciani Sextet (Live at Auditorium Stravinski 1998)<\/li>\n<li>ESTATE<br \/>\nMichel Petrucciani Quartet (Live at Casino Montreux 1990)<\/li>\n<li>LITTLE PEACE IN C FOR U<br \/>\nMichel Petrucciani Sextet (Live at Auditorium Stravinski 1998)<\/li>\n<\/ol>\n<p><strong>SIDE B<\/strong><\/p>\n<ol>\n<li>AUTUMN LEAVES<br \/>\nMichel Petrucciani &amp; Miroslav Vitou\u0161 (Live at Miles Davis Hall 1996)<\/li>\n<li>MY FUNNY VALENTINE<br \/>\nMichel Petrucciani &amp; Miroslav Vitou\u0161 (Live at Miles Davis Hall 1996)<\/li>\n<\/ol>\n<p><strong>SIDE C<\/strong><\/p>\n<ol>\n<li>MILES DAVIS LICKS<br \/>\nMichel Petrucciani Quartet (Live at Casino Montreux 1990)<\/li>\n<li>SUMMERTIME<br \/>\nMichel Petrucciani (Live at New Q&rsquo;s 1993)<\/li>\n<li>TAKE THE &lsquo;A&rsquo; TRAIN<br \/>\nMichel Petrucciani (Live at New Q&rsquo;s 1993)<\/li>\n<\/ol>\n<p><strong>SIDE D<\/strong><\/p>\n<ol>\n<li>SO WHAT<br \/>\nMichel Petrucciani &amp; Miroslav Vitou\u0161 (Live at Miles Davis Hall 1996)<\/li>\n<li>YOU ARE MY WALTZ<br \/>\nMichel Petrucciani (Live at New Q&rsquo;s 1993)<\/li>\n<li>RACHID<br \/>\nMichel Petrucciani Quartet (Live at Casino Montreux 1990)<\/li>\n<\/ol>\n","protected":false},"excerpt":{"rendered":"<p>Une vitrine des concerts embl\u00e9matiques de Michel Petrucciani au Montreux Jazz Festival, couvrant une d\u00e9cennie de spectacles entre 1990 et 1998.<\/p>\n<p>L&rsquo;audio a \u00e9t\u00e9 restaur\u00e9 et remast\u00e9ris\u00e9 de mani\u00e8re experte en haute d\u00e9finition; The Montreux Years est publi\u00e9 sur un vinyle audiophile de qualit\u00e9 sup\u00e9rieure, un CD de qualit\u00e9 MQA et en num\u00e9rique HD. Nouvelles notes d&rsquo;accompagnement d&rsquo;Andr\u00e9 Manoukian et d&rsquo;Alexandre Petrucciani, qui comprennent \u00e9galement des photos rares de ses concerts \u00e0 Montreux.<\/p>\n<p>Le Montreux Jazz Festival et BMG lancent une s\u00e9rie d\u2019albums appel\u00e9e \u00abThe Montreux Years\u00bb, issue de la vaste collection audiovisuelle du fondateur du Festival, Claude Nobs (Montreux Sounds). Puisant dans les 57 ans d\u2019histoire du Montreux Jazz Festival, la s\u00e9rie \u00abThe Montreux Years\u00bb d\u00e9voile des enregistrements rares et in\u00e9dits, compilant des performances l\u00e9gendaires d\u2019artistes embl\u00e9matiques sur plusieurs ann\u00e9es.<\/p>\n","protected":false},"featured_media":1026,"template":"","meta":{"_acf_changed":false},"artist":[],"artist-category":[],"edition":[162],"product_brand":[],"product_cat":[323,345,304,305],"product_tag":[],"class_list":{"0":"post-3508","1":"product","2":"type-product","3":"status-publish","4":"has-post-thumbnail","6":"edition-162","7":"product_cat-dvd-cd","8":"product_cat-highlights","9":"product_cat-musique","10":"product_cat-vinyls-fr","11":"product_shipping_class-petits-objets-et-dvd","13":"first","14":"instock","15":"taxable","16":"shipping-taxable","17":"purchasable","18":"product-type-simple"},"bundled_by":[],"bundle_stock_status":"instock","bundle_stock_quantity":1,"bundle_virtual":false,"bundle_layout":"","bundle_add_to_cart_form_location":"","bundle_editable_in_cart":false,"bundle_sold_individually_context":"","bundle_item_grouping":"","bundle_min_size":"","bundle_max_size":"","bundle_price":[],"bundled_items":[],"bundle_sell_ids":[],"acf":[],"yoast_head":"<!-- This site is optimized with the Yoast SEO Premium plugin v26.4 (Yoast SEO v27.4) - https:\/\/yoast.com\/product\/yoast-seo-premium-wordpress\/ -->\n<title>Michel Petrucciani, The Montreux Years, Double Vinyle - Montreux Jazz Festival Shop<\/title>\n<meta name=\"description\" content=\"Michel Petrucciani live double vinyle, une s\u00e9lection des concerts embl\u00e9matiques de Michel Petrucciani au Montreux Jazz Music Festival, entre 1990 et 1998\" \/>\n<meta name=\"robots\" content=\"index, follow, max-snippet:-1, max-image-preview:large, max-video-preview:-1\" \/>\n<link rel=\"canonical\" href=\"https:\/\/www.montreuxjazzshop.com\/fr\/boutique\/musique\/dvd-cd\/michel-petrucciani-the-montreux-years-double-vinyle\/\" \/>\n<meta property=\"og:locale\" content=\"fr_FR\" \/>\n<meta property=\"og:type\" content=\"article\" \/>\n<meta property=\"og:title\" content=\"Michel Petrucciani, The Montreux Years, Double Vinyle\" \/>\n<meta property=\"og:description\" content=\"Michel Petrucciani live double vinyle, une s\u00e9lection des concerts embl\u00e9matiques de Michel Petrucciani au Montreux Jazz Music Festival, entre 1990 et 1998\" \/>\n<meta property=\"og:url\" content=\"https:\/\/www.montreuxjazzshop.com\/fr\/boutique\/musique\/dvd-cd\/michel-petrucciani-the-montreux-years-double-vinyle\/\" \/>\n<meta property=\"og:site_name\" content=\"Montreux Jazz Festival Shop\" \/>\n<meta property=\"article:publisher\" content=\"https:\/\/www.facebook.com\/montreuxjazzfestival\" \/>\n<meta property=\"article:modified_time\" content=\"2026-03-14T15:11:11+00:00\" \/>\n<meta property=\"og:image\" content=\"https:\/\/www.montreuxjazzshop.com\/wp-content\/uploads\/2025\/05\/2_MICHEL-PETRUCCIANI_THE-MONTREUX-YEARS_2LP_4050538799750_EXPLODED.jpg\" \/>\n\t<meta property=\"og:image:width\" content=\"1500\" \/>\n\t<meta property=\"og:image:height\" content=\"1500\" \/>\n\t<meta property=\"og:image:type\" content=\"image\/jpeg\" \/>\n<meta name=\"twitter:card\" content=\"summary_large_image\" \/>\n<meta name=\"twitter:site\" content=\"@MontreuxJazz\" \/>\n<script type=\"application\/ld+json\" class=\"yoast-schema-graph\">{\"@context\":\"https:\\\/\\\/schema.org\",\"@graph\":[{\"@type\":\"WebPage\",\"@id\":\"https:\\\/\\\/www.montreuxjazzshop.com\\\/fr\\\/boutique\\\/musique\\\/dvd-cd\\\/michel-petrucciani-the-montreux-years-double-vinyle\\\/\",\"url\":\"https:\\\/\\\/www.montreuxjazzshop.com\\\/fr\\\/boutique\\\/musique\\\/dvd-cd\\\/michel-petrucciani-the-montreux-years-double-vinyle\\\/\",\"name\":\"Michel Petrucciani, The Montreux Years, Double Vinyle - Montreux Jazz Festival Shop\",\"isPartOf\":{\"@id\":\"https:\\\/\\\/www.montreuxjazzshop.com\\\/fr\\\/#website\"},\"primaryImageOfPage\":{\"@id\":\"https:\\\/\\\/www.montreuxjazzshop.com\\\/fr\\\/boutique\\\/musique\\\/dvd-cd\\\/michel-petrucciani-the-montreux-years-double-vinyle\\\/#primaryimage\"},\"image\":{\"@id\":\"https:\\\/\\\/www.montreuxjazzshop.com\\\/fr\\\/boutique\\\/musique\\\/dvd-cd\\\/michel-petrucciani-the-montreux-years-double-vinyle\\\/#primaryimage\"},\"thumbnailUrl\":\"https:\\\/\\\/www.montreuxjazzshop.com\\\/wp-content\\\/uploads\\\/2025\\\/05\\\/2_MICHEL-PETRUCCIANI_THE-MONTREUX-YEARS_2LP_4050538799750_EXPLODED.jpg\",\"datePublished\":\"2025-11-29T02:00:23+00:00\",\"dateModified\":\"2026-03-14T15:11:11+00:00\",\"description\":\"Michel Petrucciani live double vinyle, une s\u00e9lection des concerts embl\u00e9matiques de Michel Petrucciani au Montreux Jazz Music Festival, entre 1990 et 1998\",\"breadcrumb\":{\"@id\":\"https:\\\/\\\/www.montreuxjazzshop.com\\\/fr\\\/boutique\\\/musique\\\/dvd-cd\\\/michel-petrucciani-the-montreux-years-double-vinyle\\\/#breadcrumb\"},\"inLanguage\":\"fr-FR\",\"potentialAction\":[{\"@type\":\"ReadAction\",\"target\":[\"https:\\\/\\\/www.montreuxjazzshop.com\\\/fr\\\/boutique\\\/musique\\\/dvd-cd\\\/michel-petrucciani-the-montreux-years-double-vinyle\\\/\"]}]},{\"@type\":\"ImageObject\",\"inLanguage\":\"fr-FR\",\"@id\":\"https:\\\/\\\/www.montreuxjazzshop.com\\\/fr\\\/boutique\\\/musique\\\/dvd-cd\\\/michel-petrucciani-the-montreux-years-double-vinyle\\\/#primaryimage\",\"url\":\"https:\\\/\\\/www.montreuxjazzshop.com\\\/wp-content\\\/uploads\\\/2025\\\/05\\\/2_MICHEL-PETRUCCIANI_THE-MONTREUX-YEARS_2LP_4050538799750_EXPLODED.jpg\",\"contentUrl\":\"https:\\\/\\\/www.montreuxjazzshop.com\\\/wp-content\\\/uploads\\\/2025\\\/05\\\/2_MICHEL-PETRUCCIANI_THE-MONTREUX-YEARS_2LP_4050538799750_EXPLODED.jpg\",\"width\":1500,\"height\":1500,\"caption\":\"Deux disques noirs Michel Petrucciani, The Montreux Years, Double Vinyle avec des \u00e9tiquettes color\u00e9es sont pos\u00e9s \u00e0 c\u00f4t\u00e9 de feuilles de tracklist jaunes et bleues. La pochette de l'album qui se trouve derri\u00e8re eux pr\u00e9sente un art abstrait audacieux en rouge, bleu, jaune et noir.\"},{\"@type\":\"BreadcrumbList\",\"@id\":\"https:\\\/\\\/www.montreuxjazzshop.com\\\/fr\\\/boutique\\\/musique\\\/dvd-cd\\\/michel-petrucciani-the-montreux-years-double-vinyle\\\/#breadcrumb\",\"itemListElement\":[{\"@type\":\"ListItem\",\"position\":1,\"name\":\"Accueil\",\"item\":\"https:\\\/\\\/www.montreuxjazzshop.com\\\/fr\\\/\"},{\"@type\":\"ListItem\",\"position\":2,\"name\":\"Boutique\",\"item\":\"https:\\\/\\\/www.montreuxjazzshop.com\\\/fr\\\/boutique\\\/\"},{\"@type\":\"ListItem\",\"position\":3,\"name\":\"Michel Petrucciani, The Montreux Years, Double Vinyle\"}]},{\"@type\":\"WebSite\",\"@id\":\"https:\\\/\\\/www.montreuxjazzshop.com\\\/fr\\\/#website\",\"url\":\"https:\\\/\\\/www.montreuxjazzshop.com\\\/fr\\\/\",\"name\":\"Montreux Jazz Shop\",\"description\":\"The Montreux Jazz Festival shop\",\"potentialAction\":[{\"@type\":\"SearchAction\",\"target\":{\"@type\":\"EntryPoint\",\"urlTemplate\":\"https:\\\/\\\/www.montreuxjazzshop.com\\\/fr\\\/?s={search_term_string}\"},\"query-input\":{\"@type\":\"PropertyValueSpecification\",\"valueRequired\":true,\"valueName\":\"search_term_string\"}}],\"inLanguage\":\"fr-FR\"}]}<\/script>\n<meta property=\"product:price:amount\" content=\"35.00\" \/>\n<meta property=\"product:price:currency\" content=\"CHF\" \/>\n<meta property=\"og:availability\" content=\"instock\" \/>\n<meta property=\"product:availability\" content=\"instock\" \/>\n<meta property=\"product:retailer_item_id\" content=\"4050538799750\" \/>\n<meta property=\"product:condition\" content=\"new\" \/>\n<!-- \/ Yoast SEO Premium plugin. -->","yoast_head_json":{"title":"Michel Petrucciani, The Montreux Years, Double Vinyle - Montreux Jazz Festival Shop","description":"Michel Petrucciani live double vinyle, une s\u00e9lection des concerts embl\u00e9matiques de Michel Petrucciani au Montreux Jazz Music Festival, entre 1990 et 1998","robots":{"index":"index","follow":"follow","max-snippet":"max-snippet:-1","max-image-preview":"max-image-preview:large","max-video-preview":"max-video-preview:-1"},"canonical":"https:\/\/www.montreuxjazzshop.com\/fr\/boutique\/musique\/dvd-cd\/michel-petrucciani-the-montreux-years-double-vinyle\/","og_locale":"fr_FR","og_type":"article","og_title":"Michel Petrucciani, The Montreux Years, Double Vinyle","og_description":"Michel Petrucciani live double vinyle, une s\u00e9lection des concerts embl\u00e9matiques de Michel Petrucciani au Montreux Jazz Music Festival, entre 1990 et 1998","og_url":"https:\/\/www.montreuxjazzshop.com\/fr\/boutique\/musique\/dvd-cd\/michel-petrucciani-the-montreux-years-double-vinyle\/","og_site_name":"Montreux Jazz Festival Shop","article_publisher":"https:\/\/www.facebook.com\/montreuxjazzfestival","article_modified_time":"2026-03-14T15:11:11+00:00","og_image":[{"width":1500,"height":1500,"url":"https:\/\/www.montreuxjazzshop.com\/wp-content\/uploads\/2025\/05\/2_MICHEL-PETRUCCIANI_THE-MONTREUX-YEARS_2LP_4050538799750_EXPLODED.jpg","type":"image\/jpeg"}],"twitter_card":"summary_large_image","twitter_site":"@MontreuxJazz","schema":{"@context":"https:\/\/schema.org","@graph":[{"@type":"WebPage","@id":"https:\/\/www.montreuxjazzshop.com\/fr\/boutique\/musique\/dvd-cd\/michel-petrucciani-the-montreux-years-double-vinyle\/","url":"https:\/\/www.montreuxjazzshop.com\/fr\/boutique\/musique\/dvd-cd\/michel-petrucciani-the-montreux-years-double-vinyle\/","name":"Michel Petrucciani, The Montreux Years, Double Vinyle - Montreux Jazz Festival Shop","isPartOf":{"@id":"https:\/\/www.montreuxjazzshop.com\/fr\/#website"},"primaryImageOfPage":{"@id":"https:\/\/www.montreuxjazzshop.com\/fr\/boutique\/musique\/dvd-cd\/michel-petrucciani-the-montreux-years-double-vinyle\/#primaryimage"},"image":{"@id":"https:\/\/www.montreuxjazzshop.com\/fr\/boutique\/musique\/dvd-cd\/michel-petrucciani-the-montreux-years-double-vinyle\/#primaryimage"},"thumbnailUrl":"https:\/\/www.montreuxjazzshop.com\/wp-content\/uploads\/2025\/05\/2_MICHEL-PETRUCCIANI_THE-MONTREUX-YEARS_2LP_4050538799750_EXPLODED.jpg","datePublished":"2025-11-29T02:00:23+00:00","dateModified":"2026-03-14T15:11:11+00:00","description":"Michel Petrucciani live double vinyle, une s\u00e9lection des concerts embl\u00e9matiques de Michel Petrucciani au Montreux Jazz Music Festival, entre 1990 et 1998","breadcrumb":{"@id":"https:\/\/www.montreuxjazzshop.com\/fr\/boutique\/musique\/dvd-cd\/michel-petrucciani-the-montreux-years-double-vinyle\/#breadcrumb"},"inLanguage":"fr-FR","potentialAction":[{"@type":"ReadAction","target":["https:\/\/www.montreuxjazzshop.com\/fr\/boutique\/musique\/dvd-cd\/michel-petrucciani-the-montreux-years-double-vinyle\/"]}]},{"@type":"ImageObject","inLanguage":"fr-FR","@id":"https:\/\/www.montreuxjazzshop.com\/fr\/boutique\/musique\/dvd-cd\/michel-petrucciani-the-montreux-years-double-vinyle\/#primaryimage","url":"https:\/\/www.montreuxjazzshop.com\/wp-content\/uploads\/2025\/05\/2_MICHEL-PETRUCCIANI_THE-MONTREUX-YEARS_2LP_4050538799750_EXPLODED.jpg","contentUrl":"https:\/\/www.montreuxjazzshop.com\/wp-content\/uploads\/2025\/05\/2_MICHEL-PETRUCCIANI_THE-MONTREUX-YEARS_2LP_4050538799750_EXPLODED.jpg","width":1500,"height":1500,"caption":"Deux disques noirs Michel Petrucciani, The Montreux Years, Double Vinyle avec des \u00e9tiquettes color\u00e9es sont pos\u00e9s \u00e0 c\u00f4t\u00e9 de feuilles de tracklist jaunes et bleues. La pochette de l'album qui se trouve derri\u00e8re eux pr\u00e9sente un art abstrait audacieux en rouge, bleu, jaune et noir."},{"@type":"BreadcrumbList","@id":"https:\/\/www.montreuxjazzshop.com\/fr\/boutique\/musique\/dvd-cd\/michel-petrucciani-the-montreux-years-double-vinyle\/#breadcrumb","itemListElement":[{"@type":"ListItem","position":1,"name":"Accueil","item":"https:\/\/www.montreuxjazzshop.com\/fr\/"},{"@type":"ListItem","position":2,"name":"Boutique","item":"https:\/\/www.montreuxjazzshop.com\/fr\/boutique\/"},{"@type":"ListItem","position":3,"name":"Michel Petrucciani, The Montreux Years, Double Vinyle"}]},{"@type":"WebSite","@id":"https:\/\/www.montreuxjazzshop.com\/fr\/#website","url":"https:\/\/www.montreuxjazzshop.com\/fr\/","name":"Montreux Jazz Shop","description":"The Montreux Jazz Festival shop","potentialAction":[{"@type":"SearchAction","target":{"@type":"EntryPoint","urlTemplate":"https:\/\/www.montreuxjazzshop.com\/fr\/?s={search_term_string}"},"query-input":{"@type":"PropertyValueSpecification","valueRequired":true,"valueName":"search_term_string"}}],"inLanguage":"fr-FR"}]},"product_price_amount":"35.00","product_price_currency":"CHF","og_availability":"instock","product_availability":"instock","product_retailer_item_id":"4050538799750","product_condition":"new"},"_links":{"self":[{"href":"https:\/\/www.montreuxjazzshop.com\/fr\/wp-json\/wp\/v2\/product\/3508","targetHints":{"allow":["GET"]}}],"collection":[{"href":"https:\/\/www.montreuxjazzshop.com\/fr\/wp-json\/wp\/v2\/product"}],"about":[{"href":"https:\/\/www.montreuxjazzshop.com\/fr\/wp-json\/wp\/v2\/types\/product"}],"wp:featuredmedia":[{"embeddable":true,"href":"https:\/\/www.montreuxjazzshop.com\/fr\/wp-json\/wp\/v2\/media\/1026"}],"wp:attachment":[{"href":"https:\/\/www.montreuxjazzshop.com\/fr\/wp-json\/wp\/v2\/media?parent=3508"}],"wp:term":[{"taxonomy":"artist","embeddable":true,"href":"https:\/\/www.montreuxjazzshop.com\/fr\/wp-json\/wp\/v2\/artist?post=3508"},{"taxonomy":"artist-category","embeddable":true,"href":"https:\/\/www.montreuxjazzshop.com\/fr\/wp-json\/wp\/v2\/artist-category?post=3508"},{"taxonomy":"edition","embeddable":true,"href":"https:\/\/www.montreuxjazzshop.com\/fr\/wp-json\/wp\/v2\/edition?post=3508"},{"taxonomy":"product_brand","embeddable":true,"href":"https:\/\/www.montreuxjazzshop.com\/fr\/wp-json\/wp\/v2\/product_brand?post=3508"},{"taxonomy":"product_cat","embeddable":true,"href":"https:\/\/www.montreuxjazzshop.com\/fr\/wp-json\/wp\/v2\/product_cat?post=3508"},{"taxonomy":"product_tag","embeddable":true,"href":"https:\/\/www.montreuxjazzshop.com\/fr\/wp-json\/wp\/v2\/product_tag?post=3508"}],"curies":[{"name":"wp","href":"https:\/\/api.w.org\/{rel}","templated":true}]}}