{"id":3504,"date":"2025-09-11T15:20:23","date_gmt":"2025-09-11T13:20:23","guid":{"rendered":"https:\/\/www.montreuxjazzshop.com\/?post_type=product&#038;p=3504"},"modified":"2026-01-14T11:05:50","modified_gmt":"2026-01-14T10:05:50","slug":"affiche-per-arnoldi-1994-edition-limitee","status":"publish","type":"product","link":"https:\/\/www.montreuxjazzshop.com\/fr\/boutique\/affiches\/affiches-edition-limitee\/affiche-per-arnoldi-1994-edition-limitee\/","title":{"rendered":"Affiche Per Arnoldi, 1994, \u00c9dition Limit\u00e9e"},"content":{"rendered":"<ul>\n<li>\u00c9dition limit\u00e9e \u00e0 250 exemplaires<\/li>\n<li>Sign\u00e9e et num\u00e9rot\u00e9e<\/li>\n<li>S\u00e9rigraphie 4 couleurs<\/li>\n<li>Imprim\u00e9 sur papier offset 300gm2<\/li>\n<li>Format: 70 x 100 cm<\/li>\n<li>Sans Cadre<\/li>\n<\/ul>\n","protected":false},"excerpt":{"rendered":"<p>\u00c9dition limit\u00e9e \u00e0 250 exemplaires. Sign\u00e9e et num\u00e9rot\u00e9e. S\u00e9rigraphie 4 couleurs. Imprim\u00e9 sur papier offset 300gm2.<\/p>\n<p>Format: 70 x 100 cm. Sans Cadre.<\/p>\n<p>L\u2019artiste et designer danois Per Arnoldi signe l&rsquo;affiche en 1994. Tel un ha\u00efku visuel, son affiche est un petit chef-d\u2019\u0153uvre de r\u00e9duction graphique, qui stimule pourtant l\u2019imaginaire. S\u2019il est surtout c\u00e9l\u00e8bre pour ses affiches culturelles, notamment pour le Guggenheim ou le MoMA de New York, il a aussi collabor\u00e9 comme designer avec l\u2019architecte anglais Norman Foster.<\/p>\n<p class=\"p1\"><a href=\"\/fr\/portfolio-item\/per-arnoldi\/\"><span class=\"s1\">En savoir plus sur l&rsquo;artiste<\/span><\/a><\/p>\n","protected":false},"featured_media":289,"template":"","meta":{"_acf_changed":false},"artist":[270],"artist-category":[],"edition":[170],"product_brand":[],"product_cat":[298,343,299],"product_tag":[],"class_list":{"0":"post-3504","1":"product","2":"type-product","3":"status-publish","4":"has-post-thumbnail","6":"artist-per-arnoldi","7":"edition-170","8":"product_cat-affiches","9":"product_cat-affiches-edition-limitee","10":"product_cat-affiches-officielles","11":"product_shipping_class-affiche","13":"first","14":"outofstock","15":"taxable","16":"shipping-taxable","17":"purchasable","18":"product-type-simple"},"bundled_by":[],"bundle_stock_status":"outofstock","bundle_stock_quantity":0,"bundle_virtual":false,"bundle_layout":"","bundle_add_to_cart_form_location":"","bundle_editable_in_cart":false,"bundle_sold_individually_context":"","bundle_item_grouping":"","bundle_min_size":"","bundle_max_size":"","bundle_price":[],"bundled_items":[],"bundle_sell_ids":[],"acf":[],"yoast_head":"<!-- This site is optimized with the Yoast SEO Premium plugin v26.4 (Yoast SEO v27.4) - https:\/\/yoast.com\/product\/yoast-seo-premium-wordpress\/ -->\n<title>Affiche Per Arnoldi, 1994, \u00c9dition Limit\u00e9e - Montreux Jazz Festival Shop<\/title>\n<meta name=\"description\" content=\"\u00c9dition Limit\u00e9e. L\u2019artiste et designer danois Per Arnoldi signe l&#039;affiche en 1994. Il est c\u00e9l\u00e8bre pour ses affiches, pour le Guggenheim ou le MoMA.\" \/>\n<meta name=\"robots\" content=\"index, follow, max-snippet:-1, max-image-preview:large, max-video-preview:-1\" \/>\n<link rel=\"canonical\" href=\"https:\/\/www.montreuxjazzshop.com\/fr\/boutique\/affiches\/affiches-edition-limitee\/affiche-per-arnoldi-1994-edition-limitee\/\" \/>\n<meta property=\"og:locale\" content=\"fr_FR\" \/>\n<meta property=\"og:type\" content=\"article\" \/>\n<meta property=\"og:title\" content=\"Affiche Per Arnoldi, 1994, \u00c9dition Limit\u00e9e\" \/>\n<meta property=\"og:description\" content=\"\u00c9dition Limit\u00e9e. L\u2019artiste et designer danois Per Arnoldi signe l&#039;affiche en 1994. Il est c\u00e9l\u00e8bre pour ses affiches, pour le Guggenheim ou le MoMA.\" \/>\n<meta property=\"og:url\" content=\"https:\/\/www.montreuxjazzshop.com\/fr\/boutique\/affiches\/affiches-edition-limitee\/affiche-per-arnoldi-1994-edition-limitee\/\" \/>\n<meta property=\"og:site_name\" content=\"Montreux Jazz Festival Shop\" \/>\n<meta property=\"article:publisher\" content=\"https:\/\/www.facebook.com\/montreuxjazzfestival\" \/>\n<meta property=\"article:modified_time\" content=\"2026-01-14T10:05:50+00:00\" \/>\n<meta property=\"og:image\" content=\"https:\/\/www.montreuxjazzshop.com\/wp-content\/uploads\/2025\/05\/MJF-Affiches-Ed-Limitee-1994-PerArnoldi-1-Grande.jpeg\" \/>\n\t<meta property=\"og:image:width\" content=\"1280\" \/>\n\t<meta property=\"og:image:height\" content=\"1280\" \/>\n\t<meta property=\"og:image:type\" content=\"image\/jpeg\" \/>\n<meta name=\"twitter:card\" content=\"summary_large_image\" \/>\n<meta name=\"twitter:site\" content=\"@MontreuxJazz\" \/>\n<script type=\"application\/ld+json\" class=\"yoast-schema-graph\">{\"@context\":\"https:\\\/\\\/schema.org\",\"@graph\":[{\"@type\":\"WebPage\",\"@id\":\"https:\\\/\\\/www.montreuxjazzshop.com\\\/fr\\\/boutique\\\/affiches\\\/affiches-edition-limitee\\\/affiche-per-arnoldi-1994-edition-limitee\\\/\",\"url\":\"https:\\\/\\\/www.montreuxjazzshop.com\\\/fr\\\/boutique\\\/affiches\\\/affiches-edition-limitee\\\/affiche-per-arnoldi-1994-edition-limitee\\\/\",\"name\":\"Affiche Per Arnoldi, 1994, \u00c9dition Limit\u00e9e - Montreux Jazz Festival Shop\",\"isPartOf\":{\"@id\":\"https:\\\/\\\/www.montreuxjazzshop.com\\\/fr\\\/#website\"},\"primaryImageOfPage\":{\"@id\":\"https:\\\/\\\/www.montreuxjazzshop.com\\\/fr\\\/boutique\\\/affiches\\\/affiches-edition-limitee\\\/affiche-per-arnoldi-1994-edition-limitee\\\/#primaryimage\"},\"image\":{\"@id\":\"https:\\\/\\\/www.montreuxjazzshop.com\\\/fr\\\/boutique\\\/affiches\\\/affiches-edition-limitee\\\/affiche-per-arnoldi-1994-edition-limitee\\\/#primaryimage\"},\"thumbnailUrl\":\"https:\\\/\\\/www.montreuxjazzshop.com\\\/wp-content\\\/uploads\\\/2025\\\/05\\\/MJF-Affiches-Ed-Limitee-1994-PerArnoldi-1-Grande.jpeg\",\"datePublished\":\"2025-09-11T13:20:23+00:00\",\"dateModified\":\"2026-01-14T10:05:50+00:00\",\"description\":\"\u00c9dition Limit\u00e9e. L\u2019artiste et designer danois Per Arnoldi signe l'affiche en 1994. Il est c\u00e9l\u00e8bre pour ses affiches, pour le Guggenheim ou le MoMA.\",\"breadcrumb\":{\"@id\":\"https:\\\/\\\/www.montreuxjazzshop.com\\\/fr\\\/boutique\\\/affiches\\\/affiches-edition-limitee\\\/affiche-per-arnoldi-1994-edition-limitee\\\/#breadcrumb\"},\"inLanguage\":\"fr-FR\",\"potentialAction\":[{\"@type\":\"ReadAction\",\"target\":[\"https:\\\/\\\/www.montreuxjazzshop.com\\\/fr\\\/boutique\\\/affiches\\\/affiches-edition-limitee\\\/affiche-per-arnoldi-1994-edition-limitee\\\/\"]}]},{\"@type\":\"ImageObject\",\"inLanguage\":\"fr-FR\",\"@id\":\"https:\\\/\\\/www.montreuxjazzshop.com\\\/fr\\\/boutique\\\/affiches\\\/affiches-edition-limitee\\\/affiche-per-arnoldi-1994-edition-limitee\\\/#primaryimage\",\"url\":\"https:\\\/\\\/www.montreuxjazzshop.com\\\/wp-content\\\/uploads\\\/2025\\\/05\\\/MJF-Affiches-Ed-Limitee-1994-PerArnoldi-1-Grande.jpeg\",\"contentUrl\":\"https:\\\/\\\/www.montreuxjazzshop.com\\\/wp-content\\\/uploads\\\/2025\\\/05\\\/MJF-Affiches-Ed-Limitee-1994-PerArnoldi-1-Grande.jpeg\",\"width\":1280,\"height\":1280,\"caption\":\"L'Affiche Per Arnoldi, 1994, \u00c9dition Limit\u00e9e, pour le 28e Festival de jazz de Montreux, encadr\u00e9e, montre un saxophone jaune sur fond bleu avec des d\u00e9tails blancs et jaunes sur l'\u00e9v\u00e9nement. La mention \\\"\u00c9dition Limit\u00e9e\\\" appara\u00eet dans le coin sup\u00e9rieur droit.\"},{\"@type\":\"BreadcrumbList\",\"@id\":\"https:\\\/\\\/www.montreuxjazzshop.com\\\/fr\\\/boutique\\\/affiches\\\/affiches-edition-limitee\\\/affiche-per-arnoldi-1994-edition-limitee\\\/#breadcrumb\",\"itemListElement\":[{\"@type\":\"ListItem\",\"position\":1,\"name\":\"Accueil\",\"item\":\"https:\\\/\\\/www.montreuxjazzshop.com\\\/fr\\\/\"},{\"@type\":\"ListItem\",\"position\":2,\"name\":\"Boutique\",\"item\":\"https:\\\/\\\/www.montreuxjazzshop.com\\\/fr\\\/boutique\\\/\"},{\"@type\":\"ListItem\",\"position\":3,\"name\":\"Affiche Per Arnoldi, 1994, \u00c9dition Limit\u00e9e\"}]},{\"@type\":\"WebSite\",\"@id\":\"https:\\\/\\\/www.montreuxjazzshop.com\\\/fr\\\/#website\",\"url\":\"https:\\\/\\\/www.montreuxjazzshop.com\\\/fr\\\/\",\"name\":\"Montreux Jazz Shop\",\"description\":\"The Montreux Jazz Festival shop\",\"potentialAction\":[{\"@type\":\"SearchAction\",\"target\":{\"@type\":\"EntryPoint\",\"urlTemplate\":\"https:\\\/\\\/www.montreuxjazzshop.com\\\/fr\\\/?s={search_term_string}\"},\"query-input\":{\"@type\":\"PropertyValueSpecification\",\"valueRequired\":true,\"valueName\":\"search_term_string\"}}],\"inLanguage\":\"fr-FR\"}]}<\/script>\n<meta property=\"product:price:amount\" content=\"280.00\" \/>\n<meta property=\"product:price:currency\" content=\"CHF\" \/>\n<meta property=\"og:availability\" content=\"out of stock\" \/>\n<meta property=\"product:availability\" content=\"out of stock\" \/>\n<meta property=\"product:retailer_item_id\" content=\"1002100101994\" \/>\n<meta property=\"product:condition\" content=\"new\" \/>\n<!-- \/ Yoast SEO Premium plugin. -->","yoast_head_json":{"title":"Affiche Per Arnoldi, 1994, \u00c9dition Limit\u00e9e - Montreux Jazz Festival Shop","description":"\u00c9dition Limit\u00e9e. L\u2019artiste et designer danois Per Arnoldi signe l'affiche en 1994. Il est c\u00e9l\u00e8bre pour ses affiches, pour le Guggenheim ou le MoMA.","robots":{"index":"index","follow":"follow","max-snippet":"max-snippet:-1","max-image-preview":"max-image-preview:large","max-video-preview":"max-video-preview:-1"},"canonical":"https:\/\/www.montreuxjazzshop.com\/fr\/boutique\/affiches\/affiches-edition-limitee\/affiche-per-arnoldi-1994-edition-limitee\/","og_locale":"fr_FR","og_type":"article","og_title":"Affiche Per Arnoldi, 1994, \u00c9dition Limit\u00e9e","og_description":"\u00c9dition Limit\u00e9e. L\u2019artiste et designer danois Per Arnoldi signe l'affiche en 1994. Il est c\u00e9l\u00e8bre pour ses affiches, pour le Guggenheim ou le MoMA.","og_url":"https:\/\/www.montreuxjazzshop.com\/fr\/boutique\/affiches\/affiches-edition-limitee\/affiche-per-arnoldi-1994-edition-limitee\/","og_site_name":"Montreux Jazz Festival Shop","article_publisher":"https:\/\/www.facebook.com\/montreuxjazzfestival","article_modified_time":"2026-01-14T10:05:50+00:00","og_image":[{"width":1280,"height":1280,"url":"https:\/\/www.montreuxjazzshop.com\/wp-content\/uploads\/2025\/05\/MJF-Affiches-Ed-Limitee-1994-PerArnoldi-1-Grande.jpeg","type":"image\/jpeg"}],"twitter_card":"summary_large_image","twitter_site":"@MontreuxJazz","schema":{"@context":"https:\/\/schema.org","@graph":[{"@type":"WebPage","@id":"https:\/\/www.montreuxjazzshop.com\/fr\/boutique\/affiches\/affiches-edition-limitee\/affiche-per-arnoldi-1994-edition-limitee\/","url":"https:\/\/www.montreuxjazzshop.com\/fr\/boutique\/affiches\/affiches-edition-limitee\/affiche-per-arnoldi-1994-edition-limitee\/","name":"Affiche Per Arnoldi, 1994, \u00c9dition Limit\u00e9e - Montreux Jazz Festival Shop","isPartOf":{"@id":"https:\/\/www.montreuxjazzshop.com\/fr\/#website"},"primaryImageOfPage":{"@id":"https:\/\/www.montreuxjazzshop.com\/fr\/boutique\/affiches\/affiches-edition-limitee\/affiche-per-arnoldi-1994-edition-limitee\/#primaryimage"},"image":{"@id":"https:\/\/www.montreuxjazzshop.com\/fr\/boutique\/affiches\/affiches-edition-limitee\/affiche-per-arnoldi-1994-edition-limitee\/#primaryimage"},"thumbnailUrl":"https:\/\/www.montreuxjazzshop.com\/wp-content\/uploads\/2025\/05\/MJF-Affiches-Ed-Limitee-1994-PerArnoldi-1-Grande.jpeg","datePublished":"2025-09-11T13:20:23+00:00","dateModified":"2026-01-14T10:05:50+00:00","description":"\u00c9dition Limit\u00e9e. L\u2019artiste et designer danois Per Arnoldi signe l'affiche en 1994. Il est c\u00e9l\u00e8bre pour ses affiches, pour le Guggenheim ou le MoMA.","breadcrumb":{"@id":"https:\/\/www.montreuxjazzshop.com\/fr\/boutique\/affiches\/affiches-edition-limitee\/affiche-per-arnoldi-1994-edition-limitee\/#breadcrumb"},"inLanguage":"fr-FR","potentialAction":[{"@type":"ReadAction","target":["https:\/\/www.montreuxjazzshop.com\/fr\/boutique\/affiches\/affiches-edition-limitee\/affiche-per-arnoldi-1994-edition-limitee\/"]}]},{"@type":"ImageObject","inLanguage":"fr-FR","@id":"https:\/\/www.montreuxjazzshop.com\/fr\/boutique\/affiches\/affiches-edition-limitee\/affiche-per-arnoldi-1994-edition-limitee\/#primaryimage","url":"https:\/\/www.montreuxjazzshop.com\/wp-content\/uploads\/2025\/05\/MJF-Affiches-Ed-Limitee-1994-PerArnoldi-1-Grande.jpeg","contentUrl":"https:\/\/www.montreuxjazzshop.com\/wp-content\/uploads\/2025\/05\/MJF-Affiches-Ed-Limitee-1994-PerArnoldi-1-Grande.jpeg","width":1280,"height":1280,"caption":"L'Affiche Per Arnoldi, 1994, \u00c9dition Limit\u00e9e, pour le 28e Festival de jazz de Montreux, encadr\u00e9e, montre un saxophone jaune sur fond bleu avec des d\u00e9tails blancs et jaunes sur l'\u00e9v\u00e9nement. La mention \"\u00c9dition Limit\u00e9e\" appara\u00eet dans le coin sup\u00e9rieur droit."},{"@type":"BreadcrumbList","@id":"https:\/\/www.montreuxjazzshop.com\/fr\/boutique\/affiches\/affiches-edition-limitee\/affiche-per-arnoldi-1994-edition-limitee\/#breadcrumb","itemListElement":[{"@type":"ListItem","position":1,"name":"Accueil","item":"https:\/\/www.montreuxjazzshop.com\/fr\/"},{"@type":"ListItem","position":2,"name":"Boutique","item":"https:\/\/www.montreuxjazzshop.com\/fr\/boutique\/"},{"@type":"ListItem","position":3,"name":"Affiche Per Arnoldi, 1994, \u00c9dition Limit\u00e9e"}]},{"@type":"WebSite","@id":"https:\/\/www.montreuxjazzshop.com\/fr\/#website","url":"https:\/\/www.montreuxjazzshop.com\/fr\/","name":"Montreux Jazz Shop","description":"The Montreux Jazz Festival shop","potentialAction":[{"@type":"SearchAction","target":{"@type":"EntryPoint","urlTemplate":"https:\/\/www.montreuxjazzshop.com\/fr\/?s={search_term_string}"},"query-input":{"@type":"PropertyValueSpecification","valueRequired":true,"valueName":"search_term_string"}}],"inLanguage":"fr-FR"}]},"product_price_amount":"280.00","product_price_currency":"CHF","og_availability":"out of stock","product_availability":"out of stock","product_retailer_item_id":"1002100101994","product_condition":"new"},"_links":{"self":[{"href":"https:\/\/www.montreuxjazzshop.com\/fr\/wp-json\/wp\/v2\/product\/3504","targetHints":{"allow":["GET"]}}],"collection":[{"href":"https:\/\/www.montreuxjazzshop.com\/fr\/wp-json\/wp\/v2\/product"}],"about":[{"href":"https:\/\/www.montreuxjazzshop.com\/fr\/wp-json\/wp\/v2\/types\/product"}],"wp:featuredmedia":[{"embeddable":true,"href":"https:\/\/www.montreuxjazzshop.com\/fr\/wp-json\/wp\/v2\/media\/289"}],"wp:attachment":[{"href":"https:\/\/www.montreuxjazzshop.com\/fr\/wp-json\/wp\/v2\/media?parent=3504"}],"wp:term":[{"taxonomy":"artist","embeddable":true,"href":"https:\/\/www.montreuxjazzshop.com\/fr\/wp-json\/wp\/v2\/artist?post=3504"},{"taxonomy":"artist-category","embeddable":true,"href":"https:\/\/www.montreuxjazzshop.com\/fr\/wp-json\/wp\/v2\/artist-category?post=3504"},{"taxonomy":"edition","embeddable":true,"href":"https:\/\/www.montreuxjazzshop.com\/fr\/wp-json\/wp\/v2\/edition?post=3504"},{"taxonomy":"product_brand","embeddable":true,"href":"https:\/\/www.montreuxjazzshop.com\/fr\/wp-json\/wp\/v2\/product_brand?post=3504"},{"taxonomy":"product_cat","embeddable":true,"href":"https:\/\/www.montreuxjazzshop.com\/fr\/wp-json\/wp\/v2\/product_cat?post=3504"},{"taxonomy":"product_tag","embeddable":true,"href":"https:\/\/www.montreuxjazzshop.com\/fr\/wp-json\/wp\/v2\/product_tag?post=3504"}],"curies":[{"name":"wp","href":"https:\/\/api.w.org\/{rel}","templated":true}]}}