{"id":3428,"date":"2025-09-11T15:19:54","date_gmt":"2025-09-11T13:19:54","guid":{"rendered":"https:\/\/www.montreuxjazzshop.com\/?post_type=product&#038;p=3428"},"modified":"2026-01-21T16:50:55","modified_gmt":"2026-01-21T15:50:55","slug":"t-shirt-shigeo-fukuda-1985-montreux-jazz","status":"publish","type":"product","link":"https:\/\/www.montreuxjazzshop.com\/fr\/boutique\/t-shirts-2\/t-shirt-shigeo-fukuda-1985-montreux-jazz\/","title":{"rendered":"T-Shirt Shigeo Fukuda, 1985"},"content":{"rendered":"<ul>\n<li>Qualit\u00e9: 100% coton<\/li>\n<\/ul>\n","protected":false},"excerpt":{"rendered":"<h3>Collection Vintage<\/h3>\n<p>Ce t-shirt fait partie de la gamme Shigeo Fukuda. Il est sans doute l\u2019un des illustrateurs les plus c\u00e9l\u00e9br\u00e9s de son pays, ce graphiste a produit de nombreux visuels, qui jouent sur la simplicit\u00e9, l\u2019illusion et un humour ravageur. Il est consid\u00e9r\u00e9 comme un des plus grands affichistes de son pays. Ill signe l\u2019affiche de la 19e \u00e9dition.<\/p>\n<p><a href=\"https:\/\/www.montreuxjazzshop.com\/fr\/portfolio-item\/shigeo-fukuda\/\">En savoir plus sur l\u2019artiste<\/a><\/p>\n","protected":false},"featured_media":958,"template":"","meta":{"_acf_changed":false},"artist":[],"artist-category":[],"edition":[174],"product_brand":[],"product_cat":[301,302],"product_tag":[],"class_list":{"0":"post-3428","1":"product","2":"type-product","3":"status-publish","4":"has-post-thumbnail","6":"edition-174","7":"product_cat-t-shirts-2","8":"product_cat-textile","10":"first","11":"instock","12":"taxable","13":"shipping-taxable","14":"purchasable","15":"product-type-variable","16":"wvs-archive-product-wrapper"},"bundled_by":[],"bundle_stock_status":"instock","bundle_stock_quantity":null,"bundle_virtual":false,"bundle_layout":"","bundle_add_to_cart_form_location":"","bundle_editable_in_cart":false,"bundle_sold_individually_context":"","bundle_item_grouping":"","bundle_min_size":"","bundle_max_size":"","bundle_price":[],"bundled_items":[],"bundle_sell_ids":[],"acf":[],"yoast_head":"<!-- This site is optimized with the Yoast SEO Premium plugin v26.4 (Yoast SEO v27.4) - https:\/\/yoast.com\/product\/yoast-seo-premium-wordpress\/ -->\n<title>T-Shirt Shigeo Fukuda, 1985 - Montreux Jazz Festival Shop<\/title>\n<meta name=\"description\" content=\"T-shirt Shigeo Fukuda Montreux Jazz Festival. Il est sans doute l\u2019un des illustrateurs les plus c\u00e9l\u00e9br\u00e9s de son pays, Simplicit\u00e9 le ma\u00eetre mot.\" \/>\n<meta name=\"robots\" content=\"index, follow, max-snippet:-1, max-image-preview:large, max-video-preview:-1\" \/>\n<link rel=\"canonical\" href=\"https:\/\/www.montreuxjazzshop.com\/fr\/boutique\/t-shirts-2\/t-shirt-shigeo-fukuda-1985-montreux-jazz\/\" \/>\n<meta property=\"og:locale\" content=\"fr_FR\" \/>\n<meta property=\"og:type\" content=\"article\" \/>\n<meta property=\"og:title\" content=\"T-Shirt Shigeo Fukuda, 1985\" \/>\n<meta property=\"og:description\" content=\"T-shirt Shigeo Fukuda Montreux Jazz Festival. Il est sans doute l\u2019un des illustrateurs les plus c\u00e9l\u00e9br\u00e9s de son pays, Simplicit\u00e9 le ma\u00eetre mot.\" \/>\n<meta property=\"og:url\" content=\"https:\/\/www.montreuxjazzshop.com\/fr\/boutique\/t-shirts-2\/t-shirt-shigeo-fukuda-1985-montreux-jazz\/\" \/>\n<meta property=\"og:site_name\" content=\"Montreux Jazz Festival Shop\" \/>\n<meta property=\"article:publisher\" content=\"https:\/\/www.facebook.com\/montreuxjazzfestival\" \/>\n<meta property=\"article:modified_time\" content=\"2026-01-21T15:50:55+00:00\" \/>\n<meta property=\"og:image\" content=\"https:\/\/www.montreuxjazzshop.com\/wp-content\/uploads\/2025\/05\/MJF23-Tshirt-Vintage-1985-1024x1024.jpg\" \/>\n\t<meta property=\"og:image:width\" content=\"1024\" \/>\n\t<meta property=\"og:image:height\" content=\"1024\" \/>\n\t<meta property=\"og:image:type\" content=\"image\/jpeg\" \/>\n<meta name=\"twitter:card\" content=\"summary_large_image\" \/>\n<meta name=\"twitter:site\" content=\"@MontreuxJazz\" \/>\n<script type=\"application\/ld+json\" class=\"yoast-schema-graph\">{\"@context\":\"https:\\\/\\\/schema.org\",\"@graph\":[{\"@type\":\"WebPage\",\"@id\":\"https:\\\/\\\/www.montreuxjazzshop.com\\\/fr\\\/boutique\\\/t-shirts-2\\\/t-shirt-shigeo-fukuda-1985-montreux-jazz\\\/\",\"url\":\"https:\\\/\\\/www.montreuxjazzshop.com\\\/fr\\\/boutique\\\/t-shirts-2\\\/t-shirt-shigeo-fukuda-1985-montreux-jazz\\\/\",\"name\":\"T-Shirt Shigeo Fukuda, 1985 - Montreux Jazz Festival Shop\",\"isPartOf\":{\"@id\":\"https:\\\/\\\/www.montreuxjazzshop.com\\\/fr\\\/#website\"},\"primaryImageOfPage\":{\"@id\":\"https:\\\/\\\/www.montreuxjazzshop.com\\\/fr\\\/boutique\\\/t-shirts-2\\\/t-shirt-shigeo-fukuda-1985-montreux-jazz\\\/#primaryimage\"},\"image\":{\"@id\":\"https:\\\/\\\/www.montreuxjazzshop.com\\\/fr\\\/boutique\\\/t-shirts-2\\\/t-shirt-shigeo-fukuda-1985-montreux-jazz\\\/#primaryimage\"},\"thumbnailUrl\":\"https:\\\/\\\/www.montreuxjazzshop.com\\\/wp-content\\\/uploads\\\/2025\\\/05\\\/MJF23-Tshirt-Vintage-1985.jpg\",\"datePublished\":\"2025-09-11T13:19:54+00:00\",\"dateModified\":\"2026-01-21T15:50:55+00:00\",\"description\":\"T-shirt Shigeo Fukuda Montreux Jazz Festival. Il est sans doute l\u2019un des illustrateurs les plus c\u00e9l\u00e9br\u00e9s de son pays, Simplicit\u00e9 le ma\u00eetre mot.\",\"breadcrumb\":{\"@id\":\"https:\\\/\\\/www.montreuxjazzshop.com\\\/fr\\\/boutique\\\/t-shirts-2\\\/t-shirt-shigeo-fukuda-1985-montreux-jazz\\\/#breadcrumb\"},\"inLanguage\":\"fr-FR\",\"potentialAction\":[{\"@type\":\"ReadAction\",\"target\":[\"https:\\\/\\\/www.montreuxjazzshop.com\\\/fr\\\/boutique\\\/t-shirts-2\\\/t-shirt-shigeo-fukuda-1985-montreux-jazz\\\/\"]}]},{\"@type\":\"ImageObject\",\"inLanguage\":\"fr-FR\",\"@id\":\"https:\\\/\\\/www.montreuxjazzshop.com\\\/fr\\\/boutique\\\/t-shirts-2\\\/t-shirt-shigeo-fukuda-1985-montreux-jazz\\\/#primaryimage\",\"url\":\"https:\\\/\\\/www.montreuxjazzshop.com\\\/wp-content\\\/uploads\\\/2025\\\/05\\\/MJF23-Tshirt-Vintage-1985.jpg\",\"contentUrl\":\"https:\\\/\\\/www.montreuxjazzshop.com\\\/wp-content\\\/uploads\\\/2025\\\/05\\\/MJF23-Tshirt-Vintage-1985.jpg\",\"width\":2000,\"height\":2000,\"caption\":\"Une personne porte le \\\"T-Shirt Shigeo Fukuda, 1985\\\", un tee-shirt gris clair au design audacieux : une grande cl\u00e9 de sol noire au milieu de bulles color\u00e9es de style bande dessin\u00e9e, et \\\"Festival Montreux 5-20 July 1985\\\" imprim\u00e9 en bas.\"},{\"@type\":\"BreadcrumbList\",\"@id\":\"https:\\\/\\\/www.montreuxjazzshop.com\\\/fr\\\/boutique\\\/t-shirts-2\\\/t-shirt-shigeo-fukuda-1985-montreux-jazz\\\/#breadcrumb\",\"itemListElement\":[{\"@type\":\"ListItem\",\"position\":1,\"name\":\"Accueil\",\"item\":\"https:\\\/\\\/www.montreuxjazzshop.com\\\/fr\\\/\"},{\"@type\":\"ListItem\",\"position\":2,\"name\":\"Boutique\",\"item\":\"https:\\\/\\\/www.montreuxjazzshop.com\\\/fr\\\/boutique\\\/\"},{\"@type\":\"ListItem\",\"position\":3,\"name\":\"T-Shirt Shigeo Fukuda, 1985\"}]},{\"@type\":\"WebSite\",\"@id\":\"https:\\\/\\\/www.montreuxjazzshop.com\\\/fr\\\/#website\",\"url\":\"https:\\\/\\\/www.montreuxjazzshop.com\\\/fr\\\/\",\"name\":\"Montreux Jazz Shop\",\"description\":\"The Montreux Jazz Festival shop\",\"potentialAction\":[{\"@type\":\"SearchAction\",\"target\":{\"@type\":\"EntryPoint\",\"urlTemplate\":\"https:\\\/\\\/www.montreuxjazzshop.com\\\/fr\\\/?s={search_term_string}\"},\"query-input\":{\"@type\":\"PropertyValueSpecification\",\"valueRequired\":true,\"valueName\":\"search_term_string\"}}],\"inLanguage\":\"fr-FR\"}]}<\/script>\n<meta property=\"og:availability\" content=\"instock\" \/>\n<meta property=\"product:availability\" content=\"instock\" \/>\n<meta property=\"product:retailer_item_id\" content=\"2020000501985\" \/>\n<meta property=\"product:condition\" content=\"new\" \/>\n<!-- \/ Yoast SEO Premium plugin. -->","yoast_head_json":{"title":"T-Shirt Shigeo Fukuda, 1985 - Montreux Jazz Festival Shop","description":"T-shirt Shigeo Fukuda Montreux Jazz Festival. Il est sans doute l\u2019un des illustrateurs les plus c\u00e9l\u00e9br\u00e9s de son pays, Simplicit\u00e9 le ma\u00eetre mot.","robots":{"index":"index","follow":"follow","max-snippet":"max-snippet:-1","max-image-preview":"max-image-preview:large","max-video-preview":"max-video-preview:-1"},"canonical":"https:\/\/www.montreuxjazzshop.com\/fr\/boutique\/t-shirts-2\/t-shirt-shigeo-fukuda-1985-montreux-jazz\/","og_locale":"fr_FR","og_type":"article","og_title":"T-Shirt Shigeo Fukuda, 1985","og_description":"T-shirt Shigeo Fukuda Montreux Jazz Festival. Il est sans doute l\u2019un des illustrateurs les plus c\u00e9l\u00e9br\u00e9s de son pays, Simplicit\u00e9 le ma\u00eetre mot.","og_url":"https:\/\/www.montreuxjazzshop.com\/fr\/boutique\/t-shirts-2\/t-shirt-shigeo-fukuda-1985-montreux-jazz\/","og_site_name":"Montreux Jazz Festival Shop","article_publisher":"https:\/\/www.facebook.com\/montreuxjazzfestival","article_modified_time":"2026-01-21T15:50:55+00:00","og_image":[{"width":1024,"height":1024,"url":"https:\/\/www.montreuxjazzshop.com\/wp-content\/uploads\/2025\/05\/MJF23-Tshirt-Vintage-1985-1024x1024.jpg","type":"image\/jpeg"}],"twitter_card":"summary_large_image","twitter_site":"@MontreuxJazz","schema":{"@context":"https:\/\/schema.org","@graph":[{"@type":"WebPage","@id":"https:\/\/www.montreuxjazzshop.com\/fr\/boutique\/t-shirts-2\/t-shirt-shigeo-fukuda-1985-montreux-jazz\/","url":"https:\/\/www.montreuxjazzshop.com\/fr\/boutique\/t-shirts-2\/t-shirt-shigeo-fukuda-1985-montreux-jazz\/","name":"T-Shirt Shigeo Fukuda, 1985 - Montreux Jazz Festival Shop","isPartOf":{"@id":"https:\/\/www.montreuxjazzshop.com\/fr\/#website"},"primaryImageOfPage":{"@id":"https:\/\/www.montreuxjazzshop.com\/fr\/boutique\/t-shirts-2\/t-shirt-shigeo-fukuda-1985-montreux-jazz\/#primaryimage"},"image":{"@id":"https:\/\/www.montreuxjazzshop.com\/fr\/boutique\/t-shirts-2\/t-shirt-shigeo-fukuda-1985-montreux-jazz\/#primaryimage"},"thumbnailUrl":"https:\/\/www.montreuxjazzshop.com\/wp-content\/uploads\/2025\/05\/MJF23-Tshirt-Vintage-1985.jpg","datePublished":"2025-09-11T13:19:54+00:00","dateModified":"2026-01-21T15:50:55+00:00","description":"T-shirt Shigeo Fukuda Montreux Jazz Festival. Il est sans doute l\u2019un des illustrateurs les plus c\u00e9l\u00e9br\u00e9s de son pays, Simplicit\u00e9 le ma\u00eetre mot.","breadcrumb":{"@id":"https:\/\/www.montreuxjazzshop.com\/fr\/boutique\/t-shirts-2\/t-shirt-shigeo-fukuda-1985-montreux-jazz\/#breadcrumb"},"inLanguage":"fr-FR","potentialAction":[{"@type":"ReadAction","target":["https:\/\/www.montreuxjazzshop.com\/fr\/boutique\/t-shirts-2\/t-shirt-shigeo-fukuda-1985-montreux-jazz\/"]}]},{"@type":"ImageObject","inLanguage":"fr-FR","@id":"https:\/\/www.montreuxjazzshop.com\/fr\/boutique\/t-shirts-2\/t-shirt-shigeo-fukuda-1985-montreux-jazz\/#primaryimage","url":"https:\/\/www.montreuxjazzshop.com\/wp-content\/uploads\/2025\/05\/MJF23-Tshirt-Vintage-1985.jpg","contentUrl":"https:\/\/www.montreuxjazzshop.com\/wp-content\/uploads\/2025\/05\/MJF23-Tshirt-Vintage-1985.jpg","width":2000,"height":2000,"caption":"Une personne porte le \"T-Shirt Shigeo Fukuda, 1985\", un tee-shirt gris clair au design audacieux : une grande cl\u00e9 de sol noire au milieu de bulles color\u00e9es de style bande dessin\u00e9e, et \"Festival Montreux 5-20 July 1985\" imprim\u00e9 en bas."},{"@type":"BreadcrumbList","@id":"https:\/\/www.montreuxjazzshop.com\/fr\/boutique\/t-shirts-2\/t-shirt-shigeo-fukuda-1985-montreux-jazz\/#breadcrumb","itemListElement":[{"@type":"ListItem","position":1,"name":"Accueil","item":"https:\/\/www.montreuxjazzshop.com\/fr\/"},{"@type":"ListItem","position":2,"name":"Boutique","item":"https:\/\/www.montreuxjazzshop.com\/fr\/boutique\/"},{"@type":"ListItem","position":3,"name":"T-Shirt Shigeo Fukuda, 1985"}]},{"@type":"WebSite","@id":"https:\/\/www.montreuxjazzshop.com\/fr\/#website","url":"https:\/\/www.montreuxjazzshop.com\/fr\/","name":"Montreux Jazz Shop","description":"The Montreux Jazz Festival shop","potentialAction":[{"@type":"SearchAction","target":{"@type":"EntryPoint","urlTemplate":"https:\/\/www.montreuxjazzshop.com\/fr\/?s={search_term_string}"},"query-input":{"@type":"PropertyValueSpecification","valueRequired":true,"valueName":"search_term_string"}}],"inLanguage":"fr-FR"}]},"og_availability":"instock","product_availability":"instock","product_retailer_item_id":"2020000501985","product_condition":"new"},"_links":{"self":[{"href":"https:\/\/www.montreuxjazzshop.com\/fr\/wp-json\/wp\/v2\/product\/3428","targetHints":{"allow":["GET"]}}],"collection":[{"href":"https:\/\/www.montreuxjazzshop.com\/fr\/wp-json\/wp\/v2\/product"}],"about":[{"href":"https:\/\/www.montreuxjazzshop.com\/fr\/wp-json\/wp\/v2\/types\/product"}],"wp:featuredmedia":[{"embeddable":true,"href":"https:\/\/www.montreuxjazzshop.com\/fr\/wp-json\/wp\/v2\/media\/958"}],"wp:attachment":[{"href":"https:\/\/www.montreuxjazzshop.com\/fr\/wp-json\/wp\/v2\/media?parent=3428"}],"wp:term":[{"taxonomy":"artist","embeddable":true,"href":"https:\/\/www.montreuxjazzshop.com\/fr\/wp-json\/wp\/v2\/artist?post=3428"},{"taxonomy":"artist-category","embeddable":true,"href":"https:\/\/www.montreuxjazzshop.com\/fr\/wp-json\/wp\/v2\/artist-category?post=3428"},{"taxonomy":"edition","embeddable":true,"href":"https:\/\/www.montreuxjazzshop.com\/fr\/wp-json\/wp\/v2\/edition?post=3428"},{"taxonomy":"product_brand","embeddable":true,"href":"https:\/\/www.montreuxjazzshop.com\/fr\/wp-json\/wp\/v2\/product_brand?post=3428"},{"taxonomy":"product_cat","embeddable":true,"href":"https:\/\/www.montreuxjazzshop.com\/fr\/wp-json\/wp\/v2\/product_cat?post=3428"},{"taxonomy":"product_tag","embeddable":true,"href":"https:\/\/www.montreuxjazzshop.com\/fr\/wp-json\/wp\/v2\/product_tag?post=3428"}],"curies":[{"name":"wp","href":"https:\/\/api.w.org\/{rel}","templated":true}]}}