{"id":3393,"date":"2025-09-11T15:19:44","date_gmt":"2025-09-11T13:19:44","guid":{"rendered":"https:\/\/www.montreuxjazzshop.com\/?post_type=product&#038;p=3393"},"modified":"2026-01-14T11:02:54","modified_gmt":"2026-01-14T10:02:54","slug":"affiche-guillaume-supakitch-grando-montreux-jazz","status":"publish","type":"product","link":"https:\/\/www.montreuxjazzshop.com\/fr\/boutique\/affiches\/affiches-officielles\/affiche-guillaume-supakitch-grando-montreux-jazz\/","title":{"rendered":"Affiche Guillaume \u201cSupaKitch\u201d Grando, 2023"},"content":{"rendered":"","protected":false},"excerpt":{"rendered":"<p>Radicale et \u00e9nigmatique, l\u2019affiche du 57e Montreux Jazz Festival d\u00e9peint les ondulations nocturnes du L\u00e9man, \u00e9clair\u00e9es par les quais anim\u00e9s de la manifestation. Les lettres du Montreux Jazz Festival, alt\u00e9r\u00e9es par le mouvement de l\u2019eau, semblent danser dans les profondeurs du lac.<\/p>\n<p>L\u2019affiche est le r\u00e9sultat d\u2019un proc\u00e9d\u00e9 complexe, \u00e0 l\u2019origine de nombreuses \u0153uvres de Guillaume Grando. Sur un support en bois, il applique plusieurs couches d\u2019acrylique et de r\u00e9sine, ponc\u00e9es et sculpt\u00e9es afin de reproduire en relief la texture de l\u2019eau et ses reflets. Une fois l\u2019objet physique termin\u00e9, diff\u00e9rentes photographies de l\u2019\u0153uvre ont \u00e9t\u00e9 utilis\u00e9es pour constituer l\u2019affiche sur laquelle la typographie a \u00e9t\u00e9 ajout\u00e9e num\u00e9riquement.<\/p>\n<p><em>\u00abEn tant que passionn\u00e9 de surf, je passe beaucoup de temps dans l\u2019oc\u00e9an \u00e0 observer les ph\u00e9nom\u00e8nes naturels, en particulier l\u2019eau: sa mati\u00e8re, sa couleur, son mouvement et son interaction avec la lumi\u00e8re. Comme pour la musique, tout est une question d\u2019ondes\u00bb. <\/em>\u2013 Guillaume Grando<\/p>\n<p><a href=\"https:\/\/www.montreuxjazzshop.com\/fr\/portfolio-item\/guillaume-supakitch-grando\/\">En savoir plus sur l&rsquo;artiste<\/a><\/p>\n","protected":false},"featured_media":937,"template":"","meta":{"_acf_changed":false},"artist":[247],"artist-category":[],"edition":[162],"product_brand":[],"product_cat":[298,299,300],"product_tag":[],"class_list":{"0":"post-3393","1":"product","2":"type-product","3":"status-publish","4":"has-post-thumbnail","6":"artist-guillaume-supakitch-grando","7":"edition-162","8":"product_cat-affiches","9":"product_cat-affiches-officielles","10":"product_cat-affichettes","11":"product_shipping_class-affiche","13":"first","14":"instock","15":"featured","16":"taxable","17":"shipping-taxable","18":"purchasable","19":"product-type-variable","20":"wvs-archive-product-wrapper"},"bundled_by":[],"bundle_stock_status":"instock","bundle_stock_quantity":null,"bundle_virtual":false,"bundle_layout":"","bundle_add_to_cart_form_location":"","bundle_editable_in_cart":false,"bundle_sold_individually_context":"","bundle_item_grouping":"","bundle_min_size":"","bundle_max_size":"","bundle_price":[],"bundled_items":[],"bundle_sell_ids":[],"acf":[],"yoast_head":"<!-- This site is optimized with the Yoast SEO Premium plugin v26.4 (Yoast SEO v27.5) - https:\/\/yoast.com\/product\/yoast-seo-premium-wordpress\/ -->\n<title>Affiche Guillaume \u201cSupaKitch\u201d Grando, 2023 - Montreux Jazz Festival Shop<\/title>\n<meta name=\"description\" content=\"Affiche Supakitch Montreux Jazz Festival. Radicale et \u00e9nigmatique, l\u2019affiche de la 57e \u00e9dition d\u00e9peint les ondulations du L\u00e9man. Lac. Ondulations. Musique.\" \/>\n<meta name=\"robots\" content=\"index, follow, max-snippet:-1, max-image-preview:large, max-video-preview:-1\" \/>\n<link rel=\"canonical\" href=\"https:\/\/www.montreuxjazzshop.com\/fr\/boutique\/affiches\/affiches-officielles\/affiche-guillaume-supakitch-grando-montreux-jazz\/\" \/>\n<meta property=\"og:locale\" content=\"fr_FR\" \/>\n<meta property=\"og:type\" content=\"article\" \/>\n<meta property=\"og:title\" content=\"Affiche Guillaume \u201cSupaKitch\u201d Grando, 2023\" \/>\n<meta property=\"og:description\" content=\"Affiche Supakitch Montreux Jazz Festival. Radicale et \u00e9nigmatique, l\u2019affiche de la 57e \u00e9dition d\u00e9peint les ondulations du L\u00e9man. Lac. Ondulations. Musique.\" \/>\n<meta property=\"og:url\" content=\"https:\/\/www.montreuxjazzshop.com\/fr\/boutique\/affiches\/affiches-officielles\/affiche-guillaume-supakitch-grando-montreux-jazz\/\" \/>\n<meta property=\"og:site_name\" content=\"Montreux Jazz Festival Shop\" \/>\n<meta property=\"article:publisher\" content=\"https:\/\/www.facebook.com\/montreuxjazzfestival\" \/>\n<meta property=\"article:modified_time\" content=\"2026-01-14T10:02:54+00:00\" \/>\n<meta property=\"og:image\" content=\"https:\/\/www.montreuxjazzshop.com\/wp-content\/uploads\/2025\/05\/MJF-Poster-70x100-2022-Guillaume-Supakitch-Grando.jpg\" \/>\n\t<meta property=\"og:image:width\" content=\"2000\" \/>\n\t<meta property=\"og:image:height\" content=\"2000\" \/>\n\t<meta property=\"og:image:type\" content=\"image\/jpeg\" \/>\n<meta name=\"twitter:card\" content=\"summary_large_image\" \/>\n<meta name=\"twitter:site\" content=\"@MontreuxJazz\" \/>\n<script type=\"application\/ld+json\" class=\"yoast-schema-graph\">{\"@context\":\"https:\\\/\\\/schema.org\",\"@graph\":[{\"@type\":\"WebPage\",\"@id\":\"https:\\\/\\\/www.montreuxjazzshop.com\\\/fr\\\/boutique\\\/affiches\\\/affiches-officielles\\\/affiche-guillaume-supakitch-grando-montreux-jazz\\\/\",\"url\":\"https:\\\/\\\/www.montreuxjazzshop.com\\\/fr\\\/boutique\\\/affiches\\\/affiches-officielles\\\/affiche-guillaume-supakitch-grando-montreux-jazz\\\/\",\"name\":\"Affiche Guillaume \u201cSupaKitch\u201d Grando, 2023 - Montreux Jazz Festival Shop\",\"isPartOf\":{\"@id\":\"https:\\\/\\\/www.montreuxjazzshop.com\\\/fr\\\/#website\"},\"primaryImageOfPage\":{\"@id\":\"https:\\\/\\\/www.montreuxjazzshop.com\\\/fr\\\/boutique\\\/affiches\\\/affiches-officielles\\\/affiche-guillaume-supakitch-grando-montreux-jazz\\\/#primaryimage\"},\"image\":{\"@id\":\"https:\\\/\\\/www.montreuxjazzshop.com\\\/fr\\\/boutique\\\/affiches\\\/affiches-officielles\\\/affiche-guillaume-supakitch-grando-montreux-jazz\\\/#primaryimage\"},\"thumbnailUrl\":\"https:\\\/\\\/www.montreuxjazzshop.com\\\/wp-content\\\/uploads\\\/2025\\\/05\\\/MJF-Poster-70x100-2022-Guillaume-Supakitch-Grando.jpg\",\"datePublished\":\"2025-09-11T13:19:44+00:00\",\"dateModified\":\"2026-01-14T10:02:54+00:00\",\"description\":\"Affiche Supakitch Montreux Jazz Festival. Radicale et \u00e9nigmatique, l\u2019affiche de la 57e \u00e9dition d\u00e9peint les ondulations du L\u00e9man. Lac. Ondulations. Musique.\",\"breadcrumb\":{\"@id\":\"https:\\\/\\\/www.montreuxjazzshop.com\\\/fr\\\/boutique\\\/affiches\\\/affiches-officielles\\\/affiche-guillaume-supakitch-grando-montreux-jazz\\\/#breadcrumb\"},\"inLanguage\":\"fr-FR\",\"potentialAction\":[{\"@type\":\"ReadAction\",\"target\":[\"https:\\\/\\\/www.montreuxjazzshop.com\\\/fr\\\/boutique\\\/affiches\\\/affiches-officielles\\\/affiche-guillaume-supakitch-grando-montreux-jazz\\\/\"]}]},{\"@type\":\"ImageObject\",\"inLanguage\":\"fr-FR\",\"@id\":\"https:\\\/\\\/www.montreuxjazzshop.com\\\/fr\\\/boutique\\\/affiches\\\/affiches-officielles\\\/affiche-guillaume-supakitch-grando-montreux-jazz\\\/#primaryimage\",\"url\":\"https:\\\/\\\/www.montreuxjazzshop.com\\\/wp-content\\\/uploads\\\/2025\\\/05\\\/MJF-Poster-70x100-2022-Guillaume-Supakitch-Grando.jpg\",\"contentUrl\":\"https:\\\/\\\/www.montreuxjazzshop.com\\\/wp-content\\\/uploads\\\/2025\\\/05\\\/MJF-Poster-70x100-2022-Guillaume-Supakitch-Grando.jpg\",\"width\":2000,\"height\":2000,\"caption\":\"L'Affiche Guillaume \\\"SupaKitch\\\" Grando, 2023, repr\u00e9sentant une eau bleue ondulante et le texte \\\"57 Montreux Jazz Festival, 30 June - 15 July 2023\\\", est pr\u00e9sent\u00e9e suspendue \u00e0 l'aide de deux clips sup\u00e9rieurs.\"},{\"@type\":\"BreadcrumbList\",\"@id\":\"https:\\\/\\\/www.montreuxjazzshop.com\\\/fr\\\/boutique\\\/affiches\\\/affiches-officielles\\\/affiche-guillaume-supakitch-grando-montreux-jazz\\\/#breadcrumb\",\"itemListElement\":[{\"@type\":\"ListItem\",\"position\":1,\"name\":\"Accueil\",\"item\":\"https:\\\/\\\/www.montreuxjazzshop.com\\\/fr\\\/\"},{\"@type\":\"ListItem\",\"position\":2,\"name\":\"Boutique\",\"item\":\"https:\\\/\\\/www.montreuxjazzshop.com\\\/fr\\\/boutique\\\/\"},{\"@type\":\"ListItem\",\"position\":3,\"name\":\"Affiche Guillaume \u201cSupaKitch\u201d Grando, 2023\"}]},{\"@type\":\"WebSite\",\"@id\":\"https:\\\/\\\/www.montreuxjazzshop.com\\\/fr\\\/#website\",\"url\":\"https:\\\/\\\/www.montreuxjazzshop.com\\\/fr\\\/\",\"name\":\"Montreux Jazz Shop\",\"description\":\"The Montreux Jazz Festival shop\",\"potentialAction\":[{\"@type\":\"SearchAction\",\"target\":{\"@type\":\"EntryPoint\",\"urlTemplate\":\"https:\\\/\\\/www.montreuxjazzshop.com\\\/fr\\\/?s={search_term_string}\"},\"query-input\":{\"@type\":\"PropertyValueSpecification\",\"valueRequired\":true,\"valueName\":\"search_term_string\"}}],\"inLanguage\":\"fr-FR\"}]}<\/script>\n<meta property=\"og:availability\" content=\"instock\" \/>\n<meta property=\"product:availability\" content=\"instock\" \/>\n<meta property=\"product:retailer_item_id\" content=\"1000000002023\" \/>\n<meta property=\"product:condition\" content=\"new\" \/>\n<!-- \/ Yoast SEO Premium plugin. -->","yoast_head_json":{"title":"Affiche Guillaume \u201cSupaKitch\u201d Grando, 2023 - Montreux Jazz Festival Shop","description":"Affiche Supakitch Montreux Jazz Festival. Radicale et \u00e9nigmatique, l\u2019affiche de la 57e \u00e9dition d\u00e9peint les ondulations du L\u00e9man. Lac. Ondulations. Musique.","robots":{"index":"index","follow":"follow","max-snippet":"max-snippet:-1","max-image-preview":"max-image-preview:large","max-video-preview":"max-video-preview:-1"},"canonical":"https:\/\/www.montreuxjazzshop.com\/fr\/boutique\/affiches\/affiches-officielles\/affiche-guillaume-supakitch-grando-montreux-jazz\/","og_locale":"fr_FR","og_type":"article","og_title":"Affiche Guillaume \u201cSupaKitch\u201d Grando, 2023","og_description":"Affiche Supakitch Montreux Jazz Festival. Radicale et \u00e9nigmatique, l\u2019affiche de la 57e \u00e9dition d\u00e9peint les ondulations du L\u00e9man. Lac. Ondulations. Musique.","og_url":"https:\/\/www.montreuxjazzshop.com\/fr\/boutique\/affiches\/affiches-officielles\/affiche-guillaume-supakitch-grando-montreux-jazz\/","og_site_name":"Montreux Jazz Festival Shop","article_publisher":"https:\/\/www.facebook.com\/montreuxjazzfestival","article_modified_time":"2026-01-14T10:02:54+00:00","og_image":[{"width":2000,"height":2000,"url":"https:\/\/www.montreuxjazzshop.com\/wp-content\/uploads\/2025\/05\/MJF-Poster-70x100-2022-Guillaume-Supakitch-Grando.jpg","type":"image\/jpeg"}],"twitter_card":"summary_large_image","twitter_site":"@MontreuxJazz","schema":{"@context":"https:\/\/schema.org","@graph":[{"@type":"WebPage","@id":"https:\/\/www.montreuxjazzshop.com\/fr\/boutique\/affiches\/affiches-officielles\/affiche-guillaume-supakitch-grando-montreux-jazz\/","url":"https:\/\/www.montreuxjazzshop.com\/fr\/boutique\/affiches\/affiches-officielles\/affiche-guillaume-supakitch-grando-montreux-jazz\/","name":"Affiche Guillaume \u201cSupaKitch\u201d Grando, 2023 - Montreux Jazz Festival Shop","isPartOf":{"@id":"https:\/\/www.montreuxjazzshop.com\/fr\/#website"},"primaryImageOfPage":{"@id":"https:\/\/www.montreuxjazzshop.com\/fr\/boutique\/affiches\/affiches-officielles\/affiche-guillaume-supakitch-grando-montreux-jazz\/#primaryimage"},"image":{"@id":"https:\/\/www.montreuxjazzshop.com\/fr\/boutique\/affiches\/affiches-officielles\/affiche-guillaume-supakitch-grando-montreux-jazz\/#primaryimage"},"thumbnailUrl":"https:\/\/www.montreuxjazzshop.com\/wp-content\/uploads\/2025\/05\/MJF-Poster-70x100-2022-Guillaume-Supakitch-Grando.jpg","datePublished":"2025-09-11T13:19:44+00:00","dateModified":"2026-01-14T10:02:54+00:00","description":"Affiche Supakitch Montreux Jazz Festival. Radicale et \u00e9nigmatique, l\u2019affiche de la 57e \u00e9dition d\u00e9peint les ondulations du L\u00e9man. Lac. Ondulations. Musique.","breadcrumb":{"@id":"https:\/\/www.montreuxjazzshop.com\/fr\/boutique\/affiches\/affiches-officielles\/affiche-guillaume-supakitch-grando-montreux-jazz\/#breadcrumb"},"inLanguage":"fr-FR","potentialAction":[{"@type":"ReadAction","target":["https:\/\/www.montreuxjazzshop.com\/fr\/boutique\/affiches\/affiches-officielles\/affiche-guillaume-supakitch-grando-montreux-jazz\/"]}]},{"@type":"ImageObject","inLanguage":"fr-FR","@id":"https:\/\/www.montreuxjazzshop.com\/fr\/boutique\/affiches\/affiches-officielles\/affiche-guillaume-supakitch-grando-montreux-jazz\/#primaryimage","url":"https:\/\/www.montreuxjazzshop.com\/wp-content\/uploads\/2025\/05\/MJF-Poster-70x100-2022-Guillaume-Supakitch-Grando.jpg","contentUrl":"https:\/\/www.montreuxjazzshop.com\/wp-content\/uploads\/2025\/05\/MJF-Poster-70x100-2022-Guillaume-Supakitch-Grando.jpg","width":2000,"height":2000,"caption":"L'Affiche Guillaume \"SupaKitch\" Grando, 2023, repr\u00e9sentant une eau bleue ondulante et le texte \"57 Montreux Jazz Festival, 30 June - 15 July 2023\", est pr\u00e9sent\u00e9e suspendue \u00e0 l'aide de deux clips sup\u00e9rieurs."},{"@type":"BreadcrumbList","@id":"https:\/\/www.montreuxjazzshop.com\/fr\/boutique\/affiches\/affiches-officielles\/affiche-guillaume-supakitch-grando-montreux-jazz\/#breadcrumb","itemListElement":[{"@type":"ListItem","position":1,"name":"Accueil","item":"https:\/\/www.montreuxjazzshop.com\/fr\/"},{"@type":"ListItem","position":2,"name":"Boutique","item":"https:\/\/www.montreuxjazzshop.com\/fr\/boutique\/"},{"@type":"ListItem","position":3,"name":"Affiche Guillaume \u201cSupaKitch\u201d Grando, 2023"}]},{"@type":"WebSite","@id":"https:\/\/www.montreuxjazzshop.com\/fr\/#website","url":"https:\/\/www.montreuxjazzshop.com\/fr\/","name":"Montreux Jazz Shop","description":"The Montreux Jazz Festival shop","potentialAction":[{"@type":"SearchAction","target":{"@type":"EntryPoint","urlTemplate":"https:\/\/www.montreuxjazzshop.com\/fr\/?s={search_term_string}"},"query-input":{"@type":"PropertyValueSpecification","valueRequired":true,"valueName":"search_term_string"}}],"inLanguage":"fr-FR"}]},"og_availability":"instock","product_availability":"instock","product_retailer_item_id":"1000000002023","product_condition":"new"},"_links":{"self":[{"href":"https:\/\/www.montreuxjazzshop.com\/fr\/wp-json\/wp\/v2\/product\/3393","targetHints":{"allow":["GET"]}}],"collection":[{"href":"https:\/\/www.montreuxjazzshop.com\/fr\/wp-json\/wp\/v2\/product"}],"about":[{"href":"https:\/\/www.montreuxjazzshop.com\/fr\/wp-json\/wp\/v2\/types\/product"}],"wp:featuredmedia":[{"embeddable":true,"href":"https:\/\/www.montreuxjazzshop.com\/fr\/wp-json\/wp\/v2\/media\/937"}],"wp:attachment":[{"href":"https:\/\/www.montreuxjazzshop.com\/fr\/wp-json\/wp\/v2\/media?parent=3393"}],"wp:term":[{"taxonomy":"artist","embeddable":true,"href":"https:\/\/www.montreuxjazzshop.com\/fr\/wp-json\/wp\/v2\/artist?post=3393"},{"taxonomy":"artist-category","embeddable":true,"href":"https:\/\/www.montreuxjazzshop.com\/fr\/wp-json\/wp\/v2\/artist-category?post=3393"},{"taxonomy":"edition","embeddable":true,"href":"https:\/\/www.montreuxjazzshop.com\/fr\/wp-json\/wp\/v2\/edition?post=3393"},{"taxonomy":"product_brand","embeddable":true,"href":"https:\/\/www.montreuxjazzshop.com\/fr\/wp-json\/wp\/v2\/product_brand?post=3393"},{"taxonomy":"product_cat","embeddable":true,"href":"https:\/\/www.montreuxjazzshop.com\/fr\/wp-json\/wp\/v2\/product_cat?post=3393"},{"taxonomy":"product_tag","embeddable":true,"href":"https:\/\/www.montreuxjazzshop.com\/fr\/wp-json\/wp\/v2\/product_tag?post=3393"}],"curies":[{"name":"wp","href":"https:\/\/api.w.org\/{rel}","templated":true}]}}