{"id":3378,"date":"2025-09-11T15:19:42","date_gmt":"2025-09-11T13:19:42","guid":{"rendered":"https:\/\/www.montreuxjazzshop.com\/?post_type=product&#038;p=3378"},"modified":"2026-01-14T11:02:15","modified_gmt":"2026-01-14T10:02:15","slug":"tour-de-cou-montreux-jazz-festival","status":"publish","type":"product","link":"https:\/\/www.montreuxjazzshop.com\/fr\/boutique\/textile\/foulard-tour-de-cou\/tour-de-cou-montreux-jazz-festival\/","title":{"rendered":"Tour de cou Montreux Jazz Festival"},"content":{"rendered":"<ul>\n<li>Qualit\u00e9: 100% polyester &#8211; 140gm2<\/li>\n<li>Dimension: 48x25cm<\/li>\n<\/ul>\n","protected":false},"excerpt":{"rendered":"<p>Le saviez-vous? Le lettrage \u00e0 la main \u201cMontreux Jazz Festival\u201d, typique de\u00a0<a href=\"https:\/\/www.montreuxjazzshop.com\/fr\/portfolio-item\/jean-tinguely\/\">Jean Tinguely<\/a>\u00a0\u2013 cr\u00e9ateur de l\u2019affiche de 1982 \u2013 sera l\u00e9g\u00e8rement retravaill\u00e9 par\u00a0<a href=\"https:\/\/www.montreuxjazzshop.com\/fr\/portfolio-item\/pierre-keller\/\">Pierre Keller<\/a>\u00a0pour devenir l\u2019iconique nouveau logo du Festival.<\/p>\n","protected":false},"featured_media":910,"template":"","meta":{"_acf_changed":false},"artist":[],"artist-category":[],"edition":[167],"product_brand":[],"product_cat":[333,303,302],"product_tag":[],"class_list":{"0":"post-3378","1":"product","2":"type-product","3":"status-publish","4":"has-post-thumbnail","6":"edition-167","7":"product_cat-foulard-tour-de-cou","8":"product_cat-last-chance","9":"product_cat-textile","10":"product_shipping_class-petits-objets-et-dvd","12":"first","13":"outofstock","14":"sale","15":"taxable","16":"shipping-taxable","17":"purchasable","18":"product-type-simple"},"bundled_by":[],"bundle_stock_status":"outofstock","bundle_stock_quantity":0,"bundle_virtual":false,"bundle_layout":"","bundle_add_to_cart_form_location":"","bundle_editable_in_cart":false,"bundle_sold_individually_context":"","bundle_item_grouping":"","bundle_min_size":"","bundle_max_size":"","bundle_price":[],"bundled_items":[],"bundle_sell_ids":[],"acf":[],"yoast_head":"<!-- This site is optimized with the Yoast SEO Premium plugin v26.4 (Yoast SEO v27.4) - https:\/\/yoast.com\/product\/yoast-seo-premium-wordpress\/ -->\n<title>Tour de cou Montreux Jazz Festival - Montreux Jazz Festival Shop<\/title>\n<meta name=\"description\" content=\"Tour de cou Buff Montreux Jazz Festival. Multifonction ultra-confortable, sans couture et tr\u00e8s l\u00e9ger. Qualit\u00e9: 100% polyester - 140gm2. Dimension: 48x25cm.\" \/>\n<meta name=\"robots\" content=\"index, follow, max-snippet:-1, max-image-preview:large, max-video-preview:-1\" \/>\n<link rel=\"canonical\" href=\"https:\/\/www.montreuxjazzshop.com\/fr\/boutique\/textile\/foulard-tour-de-cou\/tour-de-cou-montreux-jazz-festival\/\" \/>\n<meta property=\"og:locale\" content=\"fr_FR\" \/>\n<meta property=\"og:type\" content=\"article\" \/>\n<meta property=\"og:title\" content=\"Tour de cou Montreux Jazz Festival\" \/>\n<meta property=\"og:description\" content=\"Tour de cou Buff Montreux Jazz Festival. Multifonction ultra-confortable, sans couture et tr\u00e8s l\u00e9ger. Qualit\u00e9: 100% polyester - 140gm2. Dimension: 48x25cm.\" \/>\n<meta property=\"og:url\" content=\"https:\/\/www.montreuxjazzshop.com\/fr\/boutique\/textile\/foulard-tour-de-cou\/tour-de-cou-montreux-jazz-festival\/\" \/>\n<meta property=\"og:site_name\" content=\"Montreux Jazz Festival Shop\" \/>\n<meta property=\"article:publisher\" content=\"https:\/\/www.facebook.com\/montreuxjazzfestival\" \/>\n<meta property=\"article:modified_time\" content=\"2026-01-14T10:02:15+00:00\" \/>\n<meta property=\"og:image\" content=\"https:\/\/www.montreuxjazzshop.com\/wp-content\/uploads\/2025\/05\/MJF22-Tour-de-cou-1.jpg\" \/>\n\t<meta property=\"og:image:width\" content=\"2000\" \/>\n\t<meta property=\"og:image:height\" content=\"2000\" \/>\n\t<meta property=\"og:image:type\" content=\"image\/jpeg\" \/>\n<meta name=\"twitter:card\" content=\"summary_large_image\" \/>\n<meta name=\"twitter:site\" content=\"@MontreuxJazz\" \/>\n<script type=\"application\/ld+json\" class=\"yoast-schema-graph\">{\"@context\":\"https:\\\/\\\/schema.org\",\"@graph\":[{\"@type\":\"WebPage\",\"@id\":\"https:\\\/\\\/www.montreuxjazzshop.com\\\/fr\\\/boutique\\\/textile\\\/foulard-tour-de-cou\\\/tour-de-cou-montreux-jazz-festival\\\/\",\"url\":\"https:\\\/\\\/www.montreuxjazzshop.com\\\/fr\\\/boutique\\\/textile\\\/foulard-tour-de-cou\\\/tour-de-cou-montreux-jazz-festival\\\/\",\"name\":\"Tour de cou Montreux Jazz Festival - Montreux Jazz Festival Shop\",\"isPartOf\":{\"@id\":\"https:\\\/\\\/www.montreuxjazzshop.com\\\/fr\\\/#website\"},\"primaryImageOfPage\":{\"@id\":\"https:\\\/\\\/www.montreuxjazzshop.com\\\/fr\\\/boutique\\\/textile\\\/foulard-tour-de-cou\\\/tour-de-cou-montreux-jazz-festival\\\/#primaryimage\"},\"image\":{\"@id\":\"https:\\\/\\\/www.montreuxjazzshop.com\\\/fr\\\/boutique\\\/textile\\\/foulard-tour-de-cou\\\/tour-de-cou-montreux-jazz-festival\\\/#primaryimage\"},\"thumbnailUrl\":\"https:\\\/\\\/www.montreuxjazzshop.com\\\/wp-content\\\/uploads\\\/2025\\\/05\\\/MJF22-Tour-de-cou-1.jpg\",\"datePublished\":\"2025-09-11T13:19:42+00:00\",\"dateModified\":\"2026-01-14T10:02:15+00:00\",\"description\":\"Tour de cou Buff Montreux Jazz Festival. Multifonction ultra-confortable, sans couture et tr\u00e8s l\u00e9ger. Qualit\u00e9: 100% polyester - 140gm2. Dimension: 48x25cm.\",\"breadcrumb\":{\"@id\":\"https:\\\/\\\/www.montreuxjazzshop.com\\\/fr\\\/boutique\\\/textile\\\/foulard-tour-de-cou\\\/tour-de-cou-montreux-jazz-festival\\\/#breadcrumb\"},\"inLanguage\":\"fr-FR\",\"potentialAction\":[{\"@type\":\"ReadAction\",\"target\":[\"https:\\\/\\\/www.montreuxjazzshop.com\\\/fr\\\/boutique\\\/textile\\\/foulard-tour-de-cou\\\/tour-de-cou-montreux-jazz-festival\\\/\"]}]},{\"@type\":\"ImageObject\",\"inLanguage\":\"fr-FR\",\"@id\":\"https:\\\/\\\/www.montreuxjazzshop.com\\\/fr\\\/boutique\\\/textile\\\/foulard-tour-de-cou\\\/tour-de-cou-montreux-jazz-festival\\\/#primaryimage\",\"url\":\"https:\\\/\\\/www.montreuxjazzshop.com\\\/wp-content\\\/uploads\\\/2025\\\/05\\\/MJF22-Tour-de-cou-1.jpg\",\"contentUrl\":\"https:\\\/\\\/www.montreuxjazzshop.com\\\/wp-content\\\/uploads\\\/2025\\\/05\\\/MJF22-Tour-de-cou-1.jpg\",\"width\":2000,\"height\":2000,\"caption\":\"Gu\u00eatre de cou noire du Tour de cou Montreux Jazz Festival avec des textes et des gribouillages blancs de type graffiti, dont \\\"JAZZ\\\" et \\\"FESTIVE\\\", sur un fond blanc uni.\"},{\"@type\":\"BreadcrumbList\",\"@id\":\"https:\\\/\\\/www.montreuxjazzshop.com\\\/fr\\\/boutique\\\/textile\\\/foulard-tour-de-cou\\\/tour-de-cou-montreux-jazz-festival\\\/#breadcrumb\",\"itemListElement\":[{\"@type\":\"ListItem\",\"position\":1,\"name\":\"Accueil\",\"item\":\"https:\\\/\\\/www.montreuxjazzshop.com\\\/fr\\\/\"},{\"@type\":\"ListItem\",\"position\":2,\"name\":\"Boutique\",\"item\":\"https:\\\/\\\/www.montreuxjazzshop.com\\\/fr\\\/boutique\\\/\"},{\"@type\":\"ListItem\",\"position\":3,\"name\":\"Tour de cou Montreux Jazz Festival\"}]},{\"@type\":\"WebSite\",\"@id\":\"https:\\\/\\\/www.montreuxjazzshop.com\\\/fr\\\/#website\",\"url\":\"https:\\\/\\\/www.montreuxjazzshop.com\\\/fr\\\/\",\"name\":\"Montreux Jazz Shop\",\"description\":\"The Montreux Jazz Festival shop\",\"potentialAction\":[{\"@type\":\"SearchAction\",\"target\":{\"@type\":\"EntryPoint\",\"urlTemplate\":\"https:\\\/\\\/www.montreuxjazzshop.com\\\/fr\\\/?s={search_term_string}\"},\"query-input\":{\"@type\":\"PropertyValueSpecification\",\"valueRequired\":true,\"valueName\":\"search_term_string\"}}],\"inLanguage\":\"fr-FR\"}]}<\/script>\n<meta property=\"product:price:amount\" content=\"6.00\" \/>\n<meta property=\"product:price:currency\" content=\"CHF\" \/>\n<meta property=\"og:availability\" content=\"out of stock\" \/>\n<meta property=\"product:availability\" content=\"out of stock\" \/>\n<meta property=\"product:retailer_item_id\" content=\"2500900002022\" \/>\n<meta property=\"product:condition\" content=\"new\" \/>\n<!-- \/ Yoast SEO Premium plugin. -->","yoast_head_json":{"title":"Tour de cou Montreux Jazz Festival - Montreux Jazz Festival Shop","description":"Tour de cou Buff Montreux Jazz Festival. Multifonction ultra-confortable, sans couture et tr\u00e8s l\u00e9ger. Qualit\u00e9: 100% polyester - 140gm2. Dimension: 48x25cm.","robots":{"index":"index","follow":"follow","max-snippet":"max-snippet:-1","max-image-preview":"max-image-preview:large","max-video-preview":"max-video-preview:-1"},"canonical":"https:\/\/www.montreuxjazzshop.com\/fr\/boutique\/textile\/foulard-tour-de-cou\/tour-de-cou-montreux-jazz-festival\/","og_locale":"fr_FR","og_type":"article","og_title":"Tour de cou Montreux Jazz Festival","og_description":"Tour de cou Buff Montreux Jazz Festival. Multifonction ultra-confortable, sans couture et tr\u00e8s l\u00e9ger. Qualit\u00e9: 100% polyester - 140gm2. Dimension: 48x25cm.","og_url":"https:\/\/www.montreuxjazzshop.com\/fr\/boutique\/textile\/foulard-tour-de-cou\/tour-de-cou-montreux-jazz-festival\/","og_site_name":"Montreux Jazz Festival Shop","article_publisher":"https:\/\/www.facebook.com\/montreuxjazzfestival","article_modified_time":"2026-01-14T10:02:15+00:00","og_image":[{"width":2000,"height":2000,"url":"https:\/\/www.montreuxjazzshop.com\/wp-content\/uploads\/2025\/05\/MJF22-Tour-de-cou-1.jpg","type":"image\/jpeg"}],"twitter_card":"summary_large_image","twitter_site":"@MontreuxJazz","schema":{"@context":"https:\/\/schema.org","@graph":[{"@type":"WebPage","@id":"https:\/\/www.montreuxjazzshop.com\/fr\/boutique\/textile\/foulard-tour-de-cou\/tour-de-cou-montreux-jazz-festival\/","url":"https:\/\/www.montreuxjazzshop.com\/fr\/boutique\/textile\/foulard-tour-de-cou\/tour-de-cou-montreux-jazz-festival\/","name":"Tour de cou Montreux Jazz Festival - Montreux Jazz Festival Shop","isPartOf":{"@id":"https:\/\/www.montreuxjazzshop.com\/fr\/#website"},"primaryImageOfPage":{"@id":"https:\/\/www.montreuxjazzshop.com\/fr\/boutique\/textile\/foulard-tour-de-cou\/tour-de-cou-montreux-jazz-festival\/#primaryimage"},"image":{"@id":"https:\/\/www.montreuxjazzshop.com\/fr\/boutique\/textile\/foulard-tour-de-cou\/tour-de-cou-montreux-jazz-festival\/#primaryimage"},"thumbnailUrl":"https:\/\/www.montreuxjazzshop.com\/wp-content\/uploads\/2025\/05\/MJF22-Tour-de-cou-1.jpg","datePublished":"2025-09-11T13:19:42+00:00","dateModified":"2026-01-14T10:02:15+00:00","description":"Tour de cou Buff Montreux Jazz Festival. Multifonction ultra-confortable, sans couture et tr\u00e8s l\u00e9ger. Qualit\u00e9: 100% polyester - 140gm2. Dimension: 48x25cm.","breadcrumb":{"@id":"https:\/\/www.montreuxjazzshop.com\/fr\/boutique\/textile\/foulard-tour-de-cou\/tour-de-cou-montreux-jazz-festival\/#breadcrumb"},"inLanguage":"fr-FR","potentialAction":[{"@type":"ReadAction","target":["https:\/\/www.montreuxjazzshop.com\/fr\/boutique\/textile\/foulard-tour-de-cou\/tour-de-cou-montreux-jazz-festival\/"]}]},{"@type":"ImageObject","inLanguage":"fr-FR","@id":"https:\/\/www.montreuxjazzshop.com\/fr\/boutique\/textile\/foulard-tour-de-cou\/tour-de-cou-montreux-jazz-festival\/#primaryimage","url":"https:\/\/www.montreuxjazzshop.com\/wp-content\/uploads\/2025\/05\/MJF22-Tour-de-cou-1.jpg","contentUrl":"https:\/\/www.montreuxjazzshop.com\/wp-content\/uploads\/2025\/05\/MJF22-Tour-de-cou-1.jpg","width":2000,"height":2000,"caption":"Gu\u00eatre de cou noire du Tour de cou Montreux Jazz Festival avec des textes et des gribouillages blancs de type graffiti, dont \"JAZZ\" et \"FESTIVE\", sur un fond blanc uni."},{"@type":"BreadcrumbList","@id":"https:\/\/www.montreuxjazzshop.com\/fr\/boutique\/textile\/foulard-tour-de-cou\/tour-de-cou-montreux-jazz-festival\/#breadcrumb","itemListElement":[{"@type":"ListItem","position":1,"name":"Accueil","item":"https:\/\/www.montreuxjazzshop.com\/fr\/"},{"@type":"ListItem","position":2,"name":"Boutique","item":"https:\/\/www.montreuxjazzshop.com\/fr\/boutique\/"},{"@type":"ListItem","position":3,"name":"Tour de cou Montreux Jazz Festival"}]},{"@type":"WebSite","@id":"https:\/\/www.montreuxjazzshop.com\/fr\/#website","url":"https:\/\/www.montreuxjazzshop.com\/fr\/","name":"Montreux Jazz Shop","description":"The Montreux Jazz Festival shop","potentialAction":[{"@type":"SearchAction","target":{"@type":"EntryPoint","urlTemplate":"https:\/\/www.montreuxjazzshop.com\/fr\/?s={search_term_string}"},"query-input":{"@type":"PropertyValueSpecification","valueRequired":true,"valueName":"search_term_string"}}],"inLanguage":"fr-FR"}]},"product_price_amount":"6.00","product_price_currency":"CHF","og_availability":"out of stock","product_availability":"out of stock","product_retailer_item_id":"2500900002022","product_condition":"new"},"_links":{"self":[{"href":"https:\/\/www.montreuxjazzshop.com\/fr\/wp-json\/wp\/v2\/product\/3378","targetHints":{"allow":["GET"]}}],"collection":[{"href":"https:\/\/www.montreuxjazzshop.com\/fr\/wp-json\/wp\/v2\/product"}],"about":[{"href":"https:\/\/www.montreuxjazzshop.com\/fr\/wp-json\/wp\/v2\/types\/product"}],"wp:featuredmedia":[{"embeddable":true,"href":"https:\/\/www.montreuxjazzshop.com\/fr\/wp-json\/wp\/v2\/media\/910"}],"wp:attachment":[{"href":"https:\/\/www.montreuxjazzshop.com\/fr\/wp-json\/wp\/v2\/media?parent=3378"}],"wp:term":[{"taxonomy":"artist","embeddable":true,"href":"https:\/\/www.montreuxjazzshop.com\/fr\/wp-json\/wp\/v2\/artist?post=3378"},{"taxonomy":"artist-category","embeddable":true,"href":"https:\/\/www.montreuxjazzshop.com\/fr\/wp-json\/wp\/v2\/artist-category?post=3378"},{"taxonomy":"edition","embeddable":true,"href":"https:\/\/www.montreuxjazzshop.com\/fr\/wp-json\/wp\/v2\/edition?post=3378"},{"taxonomy":"product_brand","embeddable":true,"href":"https:\/\/www.montreuxjazzshop.com\/fr\/wp-json\/wp\/v2\/product_brand?post=3378"},{"taxonomy":"product_cat","embeddable":true,"href":"https:\/\/www.montreuxjazzshop.com\/fr\/wp-json\/wp\/v2\/product_cat?post=3378"},{"taxonomy":"product_tag","embeddable":true,"href":"https:\/\/www.montreuxjazzshop.com\/fr\/wp-json\/wp\/v2\/product_tag?post=3378"}],"curies":[{"name":"wp","href":"https:\/\/api.w.org\/{rel}","templated":true}]}}