{"id":3363,"date":"2025-09-11T15:19:40","date_gmt":"2025-09-11T13:19:40","guid":{"rendered":"https:\/\/www.montreuxjazzshop.com\/?post_type=product&#038;p=3363"},"modified":"2026-03-12T14:04:25","modified_gmt":"2026-03-12T13:04:25","slug":"bavoir-baby-say-yeaaah","status":"publish","type":"product","link":"https:\/\/www.montreuxjazzshop.com\/fr\/boutique\/textile\/textile-enfants\/bavoir-baby-say-yeaaah\/","title":{"rendered":"Bavoir Baby Say Yeaaah!"},"content":{"rendered":"<ul>\n<li>Qualit\u00e9: 100% coton<\/li>\n<\/ul>\n","protected":false},"excerpt":{"rendered":"<h3>Collection Mini Performer<\/h3>\n","protected":false},"featured_media":1055,"template":"","meta":{"_acf_changed":false},"artist":[],"artist-category":[],"edition":[],"product_brand":[],"product_cat":[330,329,303,302],"product_tag":[],"class_list":{"0":"post-3363","1":"product","2":"type-product","3":"status-publish","4":"has-post-thumbnail","6":"product_cat-enfants","7":"product_cat-textile-enfants","8":"product_cat-last-chance","9":"product_cat-textile","10":"product_shipping_class-accessoires-et-textile","12":"first","13":"instock","14":"sale","15":"taxable","16":"shipping-taxable","17":"purchasable","18":"product-type-simple"},"bundled_by":[],"bundle_stock_status":"instock","bundle_stock_quantity":3,"bundle_virtual":false,"bundle_layout":"","bundle_add_to_cart_form_location":"","bundle_editable_in_cart":false,"bundle_sold_individually_context":"","bundle_item_grouping":"","bundle_min_size":"","bundle_max_size":"","bundle_price":[],"bundled_items":[],"bundle_sell_ids":[],"acf":[],"yoast_head":"<!-- This site is optimized with the Yoast SEO Premium plugin v26.4 (Yoast SEO v27.4) - https:\/\/yoast.com\/product\/yoast-seo-premium-wordpress\/ -->\n<title>Bavoir Baby Say Yeaaah! - Montreux Jazz Festival Shop<\/title>\n<meta name=\"description\" content=\"Bavoir b\u00e9b\u00e9 Montreux Jazz. Say Yeaaah! Collection Mini Performer. 100% coton. \u00c9quip\u00e9 d&#039;un velcros. Pour votre futur Staff Montreux Jazz Festival. Music.\" \/>\n<meta name=\"robots\" content=\"index, follow, max-snippet:-1, max-image-preview:large, max-video-preview:-1\" \/>\n<link rel=\"canonical\" href=\"https:\/\/www.montreuxjazzshop.com\/fr\/boutique\/textile\/textile-enfants\/bavoir-baby-say-yeaaah\/\" \/>\n<meta property=\"og:locale\" content=\"fr_FR\" \/>\n<meta property=\"og:type\" content=\"article\" \/>\n<meta property=\"og:title\" content=\"Bavoir Baby Say Yeaaah!\" \/>\n<meta property=\"og:description\" content=\"Bavoir b\u00e9b\u00e9 Montreux Jazz. Say Yeaaah! Collection Mini Performer. 100% coton. \u00c9quip\u00e9 d&#039;un velcros. Pour votre futur Staff Montreux Jazz Festival. Music.\" \/>\n<meta property=\"og:url\" content=\"https:\/\/www.montreuxjazzshop.com\/fr\/boutique\/textile\/textile-enfants\/bavoir-baby-say-yeaaah\/\" \/>\n<meta property=\"og:site_name\" content=\"Montreux Jazz Festival Shop\" \/>\n<meta property=\"article:publisher\" content=\"https:\/\/www.facebook.com\/montreuxjazzfestival\" \/>\n<meta property=\"article:modified_time\" content=\"2026-03-12T13:04:25+00:00\" \/>\n<meta property=\"og:image\" content=\"https:\/\/www.montreuxjazzshop.com\/wp-content\/uploads\/2025\/05\/MJF23-BavoirSayYeaaaah-1.jpeg\" \/>\n\t<meta property=\"og:image:width\" content=\"1500\" \/>\n\t<meta property=\"og:image:height\" content=\"1500\" \/>\n\t<meta property=\"og:image:type\" content=\"image\/jpeg\" \/>\n<meta name=\"twitter:card\" content=\"summary_large_image\" \/>\n<meta name=\"twitter:site\" content=\"@MontreuxJazz\" \/>\n<script type=\"application\/ld+json\" class=\"yoast-schema-graph\">{\"@context\":\"https:\\\/\\\/schema.org\",\"@graph\":[{\"@type\":\"WebPage\",\"@id\":\"https:\\\/\\\/www.montreuxjazzshop.com\\\/fr\\\/boutique\\\/textile\\\/textile-enfants\\\/bavoir-baby-say-yeaaah\\\/\",\"url\":\"https:\\\/\\\/www.montreuxjazzshop.com\\\/fr\\\/boutique\\\/textile\\\/textile-enfants\\\/bavoir-baby-say-yeaaah\\\/\",\"name\":\"Bavoir Baby Say Yeaaah! - Montreux Jazz Festival Shop\",\"isPartOf\":{\"@id\":\"https:\\\/\\\/www.montreuxjazzshop.com\\\/fr\\\/#website\"},\"primaryImageOfPage\":{\"@id\":\"https:\\\/\\\/www.montreuxjazzshop.com\\\/fr\\\/boutique\\\/textile\\\/textile-enfants\\\/bavoir-baby-say-yeaaah\\\/#primaryimage\"},\"image\":{\"@id\":\"https:\\\/\\\/www.montreuxjazzshop.com\\\/fr\\\/boutique\\\/textile\\\/textile-enfants\\\/bavoir-baby-say-yeaaah\\\/#primaryimage\"},\"thumbnailUrl\":\"https:\\\/\\\/www.montreuxjazzshop.com\\\/wp-content\\\/uploads\\\/2025\\\/05\\\/MJF23-BavoirSayYeaaaah-1.jpeg\",\"datePublished\":\"2025-09-11T13:19:40+00:00\",\"dateModified\":\"2026-03-12T13:04:25+00:00\",\"description\":\"Bavoir b\u00e9b\u00e9 Montreux Jazz. Say Yeaaah! Collection Mini Performer. 100% coton. \u00c9quip\u00e9 d'un velcros. Pour votre futur Staff Montreux Jazz Festival. Music.\",\"breadcrumb\":{\"@id\":\"https:\\\/\\\/www.montreuxjazzshop.com\\\/fr\\\/boutique\\\/textile\\\/textile-enfants\\\/bavoir-baby-say-yeaaah\\\/#breadcrumb\"},\"inLanguage\":\"fr-FR\",\"potentialAction\":[{\"@type\":\"ReadAction\",\"target\":[\"https:\\\/\\\/www.montreuxjazzshop.com\\\/fr\\\/boutique\\\/textile\\\/textile-enfants\\\/bavoir-baby-say-yeaaah\\\/\"]}]},{\"@type\":\"ImageObject\",\"inLanguage\":\"fr-FR\",\"@id\":\"https:\\\/\\\/www.montreuxjazzshop.com\\\/fr\\\/boutique\\\/textile\\\/textile-enfants\\\/bavoir-baby-say-yeaaah\\\/#primaryimage\",\"url\":\"https:\\\/\\\/www.montreuxjazzshop.com\\\/wp-content\\\/uploads\\\/2025\\\/05\\\/MJF23-BavoirSayYeaaaah-1.jpeg\",\"contentUrl\":\"https:\\\/\\\/www.montreuxjazzshop.com\\\/wp-content\\\/uploads\\\/2025\\\/05\\\/MJF23-BavoirSayYeaaaah-1.jpeg\",\"width\":1500,\"height\":1500,\"caption\":\"Le Bavoir Baby Say Yeaaah ! est un bavoir sarcelle avec des coutures blanches en zigzag, un texte en gras \\\"SAY YeAAAH\\\", un \u00e9clair et \\\"Montreux Jazz Festival\\\" dans une \u00e9criture \u00e9l\u00e9gante en dessous.\"},{\"@type\":\"BreadcrumbList\",\"@id\":\"https:\\\/\\\/www.montreuxjazzshop.com\\\/fr\\\/boutique\\\/textile\\\/textile-enfants\\\/bavoir-baby-say-yeaaah\\\/#breadcrumb\",\"itemListElement\":[{\"@type\":\"ListItem\",\"position\":1,\"name\":\"Accueil\",\"item\":\"https:\\\/\\\/www.montreuxjazzshop.com\\\/fr\\\/\"},{\"@type\":\"ListItem\",\"position\":2,\"name\":\"Boutique\",\"item\":\"https:\\\/\\\/www.montreuxjazzshop.com\\\/fr\\\/boutique\\\/\"},{\"@type\":\"ListItem\",\"position\":3,\"name\":\"Bavoir Baby Say Yeaaah!\"}]},{\"@type\":\"WebSite\",\"@id\":\"https:\\\/\\\/www.montreuxjazzshop.com\\\/fr\\\/#website\",\"url\":\"https:\\\/\\\/www.montreuxjazzshop.com\\\/fr\\\/\",\"name\":\"Montreux Jazz Shop\",\"description\":\"The Montreux Jazz Festival shop\",\"potentialAction\":[{\"@type\":\"SearchAction\",\"target\":{\"@type\":\"EntryPoint\",\"urlTemplate\":\"https:\\\/\\\/www.montreuxjazzshop.com\\\/fr\\\/?s={search_term_string}\"},\"query-input\":{\"@type\":\"PropertyValueSpecification\",\"valueRequired\":true,\"valueName\":\"search_term_string\"}}],\"inLanguage\":\"fr-FR\"}]}<\/script>\n<meta property=\"product:price:amount\" content=\"5.00\" \/>\n<meta property=\"product:price:currency\" content=\"CHF\" \/>\n<meta property=\"og:availability\" content=\"instock\" \/>\n<meta property=\"product:availability\" content=\"instock\" \/>\n<meta property=\"product:retailer_item_id\" content=\"2280900402022\" \/>\n<meta property=\"product:condition\" content=\"new\" \/>\n<!-- \/ Yoast SEO Premium plugin. -->","yoast_head_json":{"title":"Bavoir Baby Say Yeaaah! - Montreux Jazz Festival Shop","description":"Bavoir b\u00e9b\u00e9 Montreux Jazz. Say Yeaaah! Collection Mini Performer. 100% coton. \u00c9quip\u00e9 d'un velcros. Pour votre futur Staff Montreux Jazz Festival. Music.","robots":{"index":"index","follow":"follow","max-snippet":"max-snippet:-1","max-image-preview":"max-image-preview:large","max-video-preview":"max-video-preview:-1"},"canonical":"https:\/\/www.montreuxjazzshop.com\/fr\/boutique\/textile\/textile-enfants\/bavoir-baby-say-yeaaah\/","og_locale":"fr_FR","og_type":"article","og_title":"Bavoir Baby Say Yeaaah!","og_description":"Bavoir b\u00e9b\u00e9 Montreux Jazz. Say Yeaaah! Collection Mini Performer. 100% coton. \u00c9quip\u00e9 d'un velcros. Pour votre futur Staff Montreux Jazz Festival. Music.","og_url":"https:\/\/www.montreuxjazzshop.com\/fr\/boutique\/textile\/textile-enfants\/bavoir-baby-say-yeaaah\/","og_site_name":"Montreux Jazz Festival Shop","article_publisher":"https:\/\/www.facebook.com\/montreuxjazzfestival","article_modified_time":"2026-03-12T13:04:25+00:00","og_image":[{"width":1500,"height":1500,"url":"https:\/\/www.montreuxjazzshop.com\/wp-content\/uploads\/2025\/05\/MJF23-BavoirSayYeaaaah-1.jpeg","type":"image\/jpeg"}],"twitter_card":"summary_large_image","twitter_site":"@MontreuxJazz","schema":{"@context":"https:\/\/schema.org","@graph":[{"@type":"WebPage","@id":"https:\/\/www.montreuxjazzshop.com\/fr\/boutique\/textile\/textile-enfants\/bavoir-baby-say-yeaaah\/","url":"https:\/\/www.montreuxjazzshop.com\/fr\/boutique\/textile\/textile-enfants\/bavoir-baby-say-yeaaah\/","name":"Bavoir Baby Say Yeaaah! - Montreux Jazz Festival Shop","isPartOf":{"@id":"https:\/\/www.montreuxjazzshop.com\/fr\/#website"},"primaryImageOfPage":{"@id":"https:\/\/www.montreuxjazzshop.com\/fr\/boutique\/textile\/textile-enfants\/bavoir-baby-say-yeaaah\/#primaryimage"},"image":{"@id":"https:\/\/www.montreuxjazzshop.com\/fr\/boutique\/textile\/textile-enfants\/bavoir-baby-say-yeaaah\/#primaryimage"},"thumbnailUrl":"https:\/\/www.montreuxjazzshop.com\/wp-content\/uploads\/2025\/05\/MJF23-BavoirSayYeaaaah-1.jpeg","datePublished":"2025-09-11T13:19:40+00:00","dateModified":"2026-03-12T13:04:25+00:00","description":"Bavoir b\u00e9b\u00e9 Montreux Jazz. Say Yeaaah! Collection Mini Performer. 100% coton. \u00c9quip\u00e9 d'un velcros. Pour votre futur Staff Montreux Jazz Festival. Music.","breadcrumb":{"@id":"https:\/\/www.montreuxjazzshop.com\/fr\/boutique\/textile\/textile-enfants\/bavoir-baby-say-yeaaah\/#breadcrumb"},"inLanguage":"fr-FR","potentialAction":[{"@type":"ReadAction","target":["https:\/\/www.montreuxjazzshop.com\/fr\/boutique\/textile\/textile-enfants\/bavoir-baby-say-yeaaah\/"]}]},{"@type":"ImageObject","inLanguage":"fr-FR","@id":"https:\/\/www.montreuxjazzshop.com\/fr\/boutique\/textile\/textile-enfants\/bavoir-baby-say-yeaaah\/#primaryimage","url":"https:\/\/www.montreuxjazzshop.com\/wp-content\/uploads\/2025\/05\/MJF23-BavoirSayYeaaaah-1.jpeg","contentUrl":"https:\/\/www.montreuxjazzshop.com\/wp-content\/uploads\/2025\/05\/MJF23-BavoirSayYeaaaah-1.jpeg","width":1500,"height":1500,"caption":"Le Bavoir Baby Say Yeaaah ! est un bavoir sarcelle avec des coutures blanches en zigzag, un texte en gras \"SAY YeAAAH\", un \u00e9clair et \"Montreux Jazz Festival\" dans une \u00e9criture \u00e9l\u00e9gante en dessous."},{"@type":"BreadcrumbList","@id":"https:\/\/www.montreuxjazzshop.com\/fr\/boutique\/textile\/textile-enfants\/bavoir-baby-say-yeaaah\/#breadcrumb","itemListElement":[{"@type":"ListItem","position":1,"name":"Accueil","item":"https:\/\/www.montreuxjazzshop.com\/fr\/"},{"@type":"ListItem","position":2,"name":"Boutique","item":"https:\/\/www.montreuxjazzshop.com\/fr\/boutique\/"},{"@type":"ListItem","position":3,"name":"Bavoir Baby Say Yeaaah!"}]},{"@type":"WebSite","@id":"https:\/\/www.montreuxjazzshop.com\/fr\/#website","url":"https:\/\/www.montreuxjazzshop.com\/fr\/","name":"Montreux Jazz Shop","description":"The Montreux Jazz Festival shop","potentialAction":[{"@type":"SearchAction","target":{"@type":"EntryPoint","urlTemplate":"https:\/\/www.montreuxjazzshop.com\/fr\/?s={search_term_string}"},"query-input":{"@type":"PropertyValueSpecification","valueRequired":true,"valueName":"search_term_string"}}],"inLanguage":"fr-FR"}]},"product_price_amount":"5.00","product_price_currency":"CHF","og_availability":"instock","product_availability":"instock","product_retailer_item_id":"2280900402022","product_condition":"new"},"_links":{"self":[{"href":"https:\/\/www.montreuxjazzshop.com\/fr\/wp-json\/wp\/v2\/product\/3363","targetHints":{"allow":["GET"]}}],"collection":[{"href":"https:\/\/www.montreuxjazzshop.com\/fr\/wp-json\/wp\/v2\/product"}],"about":[{"href":"https:\/\/www.montreuxjazzshop.com\/fr\/wp-json\/wp\/v2\/types\/product"}],"wp:featuredmedia":[{"embeddable":true,"href":"https:\/\/www.montreuxjazzshop.com\/fr\/wp-json\/wp\/v2\/media\/1055"}],"wp:attachment":[{"href":"https:\/\/www.montreuxjazzshop.com\/fr\/wp-json\/wp\/v2\/media?parent=3363"}],"wp:term":[{"taxonomy":"artist","embeddable":true,"href":"https:\/\/www.montreuxjazzshop.com\/fr\/wp-json\/wp\/v2\/artist?post=3363"},{"taxonomy":"artist-category","embeddable":true,"href":"https:\/\/www.montreuxjazzshop.com\/fr\/wp-json\/wp\/v2\/artist-category?post=3363"},{"taxonomy":"edition","embeddable":true,"href":"https:\/\/www.montreuxjazzshop.com\/fr\/wp-json\/wp\/v2\/edition?post=3363"},{"taxonomy":"product_brand","embeddable":true,"href":"https:\/\/www.montreuxjazzshop.com\/fr\/wp-json\/wp\/v2\/product_brand?post=3363"},{"taxonomy":"product_cat","embeddable":true,"href":"https:\/\/www.montreuxjazzshop.com\/fr\/wp-json\/wp\/v2\/product_cat?post=3363"},{"taxonomy":"product_tag","embeddable":true,"href":"https:\/\/www.montreuxjazzshop.com\/fr\/wp-json\/wp\/v2\/product_tag?post=3363"}],"curies":[{"name":"wp","href":"https:\/\/api.w.org\/{rel}","templated":true}]}}