{"id":3222,"date":"2025-09-11T15:18:57","date_gmt":"2025-09-11T13:18:57","guid":{"rendered":"https:\/\/www.montreuxjazzshop.com\/?post_type=product&#038;p=3222"},"modified":"2026-01-14T11:00:38","modified_gmt":"2026-01-14T10:00:38","slug":"marianne-faithfull-the-montreux-years-double-cd","status":"publish","type":"product","link":"https:\/\/www.montreuxjazzshop.com\/fr\/boutique\/musique\/dvd-cd\/marianne-faithfull-the-montreux-years-double-cd\/","title":{"rendered":"Marianne Faithfull, The Montreux Years, CD"},"content":{"rendered":"<ul>\n<li>1 CD<\/li>\n<\/ul>\n<p>The magnificent and incomparable Marianne Faithfull has performed five legendary concerts at the Montreux Jazz Festival between 1995 and 2009. Each of these historic concerts were recorded. Marianne Faithfull\u2019s name is synonymous with the authenticity, artistry and individuality of the festival and this collection is a celebration of her unique talent.<\/p>\n<p>The Montreux Years collection will bring together, for the first time, some of the finest moments from Marianne\u2019s most celebrated performances.<\/p>\n<p>Expertly curated by the Montreux Jazz Festival and BMG, restored and remastered in superlative HD audio; The Montreux Years is released on superior audiophile heavy weight vinyl, MQA quality CD and in HD digital.<\/p>\n<p>&nbsp;<\/p>\n<p><strong>1. Madame George<\/strong><br \/>\nRecorded live at Auditorium Stravinski 10th July 1995<br \/>\n<strong>2. Broken English<\/strong><br \/>\nRecorded live at Miles Davis Hall 13th July 2009<br \/>\n<strong>3. Times Square<\/strong><br \/>\nRecorded live at Auditorium Stavinski 11th July 2002<br \/>\n<strong>4. Guilt<\/strong><br \/>\nRecorded live at Auditorium Stravinski 3rd July 1999<br \/>\n<strong>5. Song For Nico<\/strong><br \/>\nRecorded live at Auditorium Stravinski 11th July 2002<br \/>\n<strong>6. Come Stay With Me<\/strong><br \/>\nRecorded live at Auditorium Stravinski 3rd July 1999<br \/>\n<strong>7. Sister Morphine<\/strong><br \/>\nRecorded live at Casino Barri\u00e8re 6th July 2005<br \/>\n<strong>8. She<\/strong><br \/>\nRecorded live at Auditorium Stravinski 10th July 1995<br \/>\n<strong>9. Hold On Hold On<\/strong><br \/>\nRecorded live at Miles Davis Hall 13th July 2009<br \/>\n<strong>10. Solitude<\/strong><br \/>\nRecorded live at Miles Davis Hall 13th July 2009<br \/>\n<strong>11. Working Class Hero<\/strong><br \/>\nRecorded live at Auditorium Stravinski 3rd July 1999<br \/>\n<strong>12. Tower Song<\/strong><br \/>\nRecorded live at Auditorium Stravinski 3rd July 1999<br \/>\n<strong>13. Strange Weather<\/strong><br \/>\nRecorded live at Casino Barri\u00e8re 6th July 2005<br \/>\n<strong>14. Why D&rsquo;ya Do It<\/strong><br \/>\nRecorded live at Auditorium Stravinski 10th July 1995<\/p>\n","protected":false},"excerpt":{"rendered":"<p>Le Montreux Jazz Festival et BMG lancent une s\u00e9rie d\u2019albums appel\u00e9e \u00abThe Montreux Years\u00bb, issue de la vaste collection audiovisuelle du fondateur du Festival, Claude Nobs (Montreux Sounds). Puisant dans les 55 ans d\u2019histoire du Montreux Jazz Festival, la s\u00e9rie \u00abThe Montreux Years\u00bb d\u00e9voile des enregistrements rares et in\u00e9dits, compilant des performances l\u00e9gendaires d\u2019artistes embl\u00e9matiques sur plusieurs ann\u00e9es.<\/p>\n","protected":false},"featured_media":806,"template":"","meta":{"_acf_changed":false},"artist":[],"artist-category":[],"edition":[177],"product_brand":[],"product_cat":[323,304,305],"product_tag":[],"class_list":{"0":"post-3222","1":"product","2":"type-product","3":"status-publish","4":"has-post-thumbnail","6":"edition-177","7":"product_cat-dvd-cd","8":"product_cat-musique","9":"product_cat-vinyls-fr","10":"product_shipping_class-petits-objets-et-dvd","12":"first","13":"instock","14":"taxable","15":"shipping-taxable","16":"purchasable","17":"product-type-simple"},"bundled_by":[],"bundle_stock_status":"instock","bundle_stock_quantity":2,"bundle_virtual":false,"bundle_layout":"","bundle_add_to_cart_form_location":"","bundle_editable_in_cart":false,"bundle_sold_individually_context":"","bundle_item_grouping":"","bundle_min_size":"","bundle_max_size":"","bundle_price":[],"bundled_items":[],"bundle_sell_ids":[],"acf":[],"yoast_head":"<!-- This site is optimized with the Yoast SEO Premium plugin v26.4 (Yoast SEO v27.4) - https:\/\/yoast.com\/product\/yoast-seo-premium-wordpress\/ -->\n<title>Marianne Faithfull, The Montreux Years, CD - Montreux Jazz Festival Shop<\/title>\n<meta name=\"description\" content=\"Marianne Faithfull Live Montreux CD, S\u00e9rie d\u2019albums \u00abThe Montreux Years\u00bb issue de la vaste collection audiovisuelle du fondateur du Festival Claude Nobs.\" \/>\n<meta name=\"robots\" content=\"index, follow, max-snippet:-1, max-image-preview:large, max-video-preview:-1\" \/>\n<link rel=\"canonical\" href=\"https:\/\/www.montreuxjazzshop.com\/fr\/boutique\/musique\/dvd-cd\/marianne-faithfull-the-montreux-years-double-cd\/\" \/>\n<meta property=\"og:locale\" content=\"fr_FR\" \/>\n<meta property=\"og:type\" content=\"article\" \/>\n<meta property=\"og:title\" content=\"Marianne Faithfull, The Montreux Years, CD\" \/>\n<meta property=\"og:description\" content=\"Marianne Faithfull Live Montreux CD, S\u00e9rie d\u2019albums \u00abThe Montreux Years\u00bb issue de la vaste collection audiovisuelle du fondateur du Festival Claude Nobs.\" \/>\n<meta property=\"og:url\" content=\"https:\/\/www.montreuxjazzshop.com\/fr\/boutique\/musique\/dvd-cd\/marianne-faithfull-the-montreux-years-double-cd\/\" \/>\n<meta property=\"og:site_name\" content=\"Montreux Jazz Festival Shop\" \/>\n<meta property=\"article:publisher\" content=\"https:\/\/www.facebook.com\/montreuxjazzfestival\" \/>\n<meta property=\"article:modified_time\" content=\"2026-01-14T10:00:38+00:00\" \/>\n<meta property=\"og:image\" content=\"https:\/\/www.montreuxjazzshop.com\/wp-content\/uploads\/2025\/05\/Marianne-Faithfull-The-Montreux-Years-CD-1024x1024.jpg\" \/>\n\t<meta property=\"og:image:width\" content=\"1024\" \/>\n\t<meta property=\"og:image:height\" content=\"1024\" \/>\n\t<meta property=\"og:image:type\" content=\"image\/jpeg\" \/>\n<meta name=\"twitter:card\" content=\"summary_large_image\" \/>\n<meta name=\"twitter:site\" content=\"@MontreuxJazz\" \/>\n<script type=\"application\/ld+json\" class=\"yoast-schema-graph\">{\"@context\":\"https:\\\/\\\/schema.org\",\"@graph\":[{\"@type\":\"WebPage\",\"@id\":\"https:\\\/\\\/www.montreuxjazzshop.com\\\/fr\\\/boutique\\\/musique\\\/dvd-cd\\\/marianne-faithfull-the-montreux-years-double-cd\\\/\",\"url\":\"https:\\\/\\\/www.montreuxjazzshop.com\\\/fr\\\/boutique\\\/musique\\\/dvd-cd\\\/marianne-faithfull-the-montreux-years-double-cd\\\/\",\"name\":\"Marianne Faithfull, The Montreux Years, CD - Montreux Jazz Festival Shop\",\"isPartOf\":{\"@id\":\"https:\\\/\\\/www.montreuxjazzshop.com\\\/fr\\\/#website\"},\"primaryImageOfPage\":{\"@id\":\"https:\\\/\\\/www.montreuxjazzshop.com\\\/fr\\\/boutique\\\/musique\\\/dvd-cd\\\/marianne-faithfull-the-montreux-years-double-cd\\\/#primaryimage\"},\"image\":{\"@id\":\"https:\\\/\\\/www.montreuxjazzshop.com\\\/fr\\\/boutique\\\/musique\\\/dvd-cd\\\/marianne-faithfull-the-montreux-years-double-cd\\\/#primaryimage\"},\"thumbnailUrl\":\"https:\\\/\\\/www.montreuxjazzshop.com\\\/wp-content\\\/uploads\\\/2025\\\/05\\\/Marianne-Faithfull-The-Montreux-Years-CD.jpg\",\"datePublished\":\"2025-09-11T13:18:57+00:00\",\"dateModified\":\"2026-01-14T10:00:38+00:00\",\"description\":\"Marianne Faithfull Live Montreux CD, S\u00e9rie d\u2019albums \u00abThe Montreux Years\u00bb issue de la vaste collection audiovisuelle du fondateur du Festival Claude Nobs.\",\"breadcrumb\":{\"@id\":\"https:\\\/\\\/www.montreuxjazzshop.com\\\/fr\\\/boutique\\\/musique\\\/dvd-cd\\\/marianne-faithfull-the-montreux-years-double-cd\\\/#breadcrumb\"},\"inLanguage\":\"fr-FR\",\"potentialAction\":[{\"@type\":\"ReadAction\",\"target\":[\"https:\\\/\\\/www.montreuxjazzshop.com\\\/fr\\\/boutique\\\/musique\\\/dvd-cd\\\/marianne-faithfull-the-montreux-years-double-cd\\\/\"]}]},{\"@type\":\"ImageObject\",\"inLanguage\":\"fr-FR\",\"@id\":\"https:\\\/\\\/www.montreuxjazzshop.com\\\/fr\\\/boutique\\\/musique\\\/dvd-cd\\\/marianne-faithfull-the-montreux-years-double-cd\\\/#primaryimage\",\"url\":\"https:\\\/\\\/www.montreuxjazzshop.com\\\/wp-content\\\/uploads\\\/2025\\\/05\\\/Marianne-Faithfull-The-Montreux-Years-CD.jpg\",\"contentUrl\":\"https:\\\/\\\/www.montreuxjazzshop.com\\\/wp-content\\\/uploads\\\/2025\\\/05\\\/Marianne-Faithfull-The-Montreux-Years-CD.jpg\",\"width\":2000,\"height\":2000,\"caption\":\"La pochette de l'album \\\"Marianne Faithfull, The Montreux Years, CD\\\" pr\u00e9sente une photo de profil en noir et blanc de Marianne Faithfull, entour\u00e9e de titres de chansons \u00e9crits \u00e0 la main sur fond noir.\"},{\"@type\":\"BreadcrumbList\",\"@id\":\"https:\\\/\\\/www.montreuxjazzshop.com\\\/fr\\\/boutique\\\/musique\\\/dvd-cd\\\/marianne-faithfull-the-montreux-years-double-cd\\\/#breadcrumb\",\"itemListElement\":[{\"@type\":\"ListItem\",\"position\":1,\"name\":\"Accueil\",\"item\":\"https:\\\/\\\/www.montreuxjazzshop.com\\\/fr\\\/\"},{\"@type\":\"ListItem\",\"position\":2,\"name\":\"Boutique\",\"item\":\"https:\\\/\\\/www.montreuxjazzshop.com\\\/fr\\\/boutique\\\/\"},{\"@type\":\"ListItem\",\"position\":3,\"name\":\"Marianne Faithfull, The Montreux Years, CD\"}]},{\"@type\":\"WebSite\",\"@id\":\"https:\\\/\\\/www.montreuxjazzshop.com\\\/fr\\\/#website\",\"url\":\"https:\\\/\\\/www.montreuxjazzshop.com\\\/fr\\\/\",\"name\":\"Montreux Jazz Shop\",\"description\":\"The Montreux Jazz Festival shop\",\"potentialAction\":[{\"@type\":\"SearchAction\",\"target\":{\"@type\":\"EntryPoint\",\"urlTemplate\":\"https:\\\/\\\/www.montreuxjazzshop.com\\\/fr\\\/?s={search_term_string}\"},\"query-input\":{\"@type\":\"PropertyValueSpecification\",\"valueRequired\":true,\"valueName\":\"search_term_string\"}}],\"inLanguage\":\"fr-FR\"}]}<\/script>\n<meta property=\"product:price:amount\" content=\"25.00\" \/>\n<meta property=\"product:price:currency\" content=\"CHF\" \/>\n<meta property=\"og:availability\" content=\"instock\" \/>\n<meta property=\"product:availability\" content=\"instock\" \/>\n<meta property=\"product:retailer_item_id\" content=\"5000101132021\" \/>\n<meta property=\"product:condition\" content=\"new\" \/>\n<!-- \/ Yoast SEO Premium plugin. -->","yoast_head_json":{"title":"Marianne Faithfull, The Montreux Years, CD - Montreux Jazz Festival Shop","description":"Marianne Faithfull Live Montreux CD, S\u00e9rie d\u2019albums \u00abThe Montreux Years\u00bb issue de la vaste collection audiovisuelle du fondateur du Festival Claude Nobs.","robots":{"index":"index","follow":"follow","max-snippet":"max-snippet:-1","max-image-preview":"max-image-preview:large","max-video-preview":"max-video-preview:-1"},"canonical":"https:\/\/www.montreuxjazzshop.com\/fr\/boutique\/musique\/dvd-cd\/marianne-faithfull-the-montreux-years-double-cd\/","og_locale":"fr_FR","og_type":"article","og_title":"Marianne Faithfull, The Montreux Years, CD","og_description":"Marianne Faithfull Live Montreux CD, S\u00e9rie d\u2019albums \u00abThe Montreux Years\u00bb issue de la vaste collection audiovisuelle du fondateur du Festival Claude Nobs.","og_url":"https:\/\/www.montreuxjazzshop.com\/fr\/boutique\/musique\/dvd-cd\/marianne-faithfull-the-montreux-years-double-cd\/","og_site_name":"Montreux Jazz Festival Shop","article_publisher":"https:\/\/www.facebook.com\/montreuxjazzfestival","article_modified_time":"2026-01-14T10:00:38+00:00","og_image":[{"width":1024,"height":1024,"url":"https:\/\/www.montreuxjazzshop.com\/wp-content\/uploads\/2025\/05\/Marianne-Faithfull-The-Montreux-Years-CD-1024x1024.jpg","type":"image\/jpeg"}],"twitter_card":"summary_large_image","twitter_site":"@MontreuxJazz","schema":{"@context":"https:\/\/schema.org","@graph":[{"@type":"WebPage","@id":"https:\/\/www.montreuxjazzshop.com\/fr\/boutique\/musique\/dvd-cd\/marianne-faithfull-the-montreux-years-double-cd\/","url":"https:\/\/www.montreuxjazzshop.com\/fr\/boutique\/musique\/dvd-cd\/marianne-faithfull-the-montreux-years-double-cd\/","name":"Marianne Faithfull, The Montreux Years, CD - Montreux Jazz Festival Shop","isPartOf":{"@id":"https:\/\/www.montreuxjazzshop.com\/fr\/#website"},"primaryImageOfPage":{"@id":"https:\/\/www.montreuxjazzshop.com\/fr\/boutique\/musique\/dvd-cd\/marianne-faithfull-the-montreux-years-double-cd\/#primaryimage"},"image":{"@id":"https:\/\/www.montreuxjazzshop.com\/fr\/boutique\/musique\/dvd-cd\/marianne-faithfull-the-montreux-years-double-cd\/#primaryimage"},"thumbnailUrl":"https:\/\/www.montreuxjazzshop.com\/wp-content\/uploads\/2025\/05\/Marianne-Faithfull-The-Montreux-Years-CD.jpg","datePublished":"2025-09-11T13:18:57+00:00","dateModified":"2026-01-14T10:00:38+00:00","description":"Marianne Faithfull Live Montreux CD, S\u00e9rie d\u2019albums \u00abThe Montreux Years\u00bb issue de la vaste collection audiovisuelle du fondateur du Festival Claude Nobs.","breadcrumb":{"@id":"https:\/\/www.montreuxjazzshop.com\/fr\/boutique\/musique\/dvd-cd\/marianne-faithfull-the-montreux-years-double-cd\/#breadcrumb"},"inLanguage":"fr-FR","potentialAction":[{"@type":"ReadAction","target":["https:\/\/www.montreuxjazzshop.com\/fr\/boutique\/musique\/dvd-cd\/marianne-faithfull-the-montreux-years-double-cd\/"]}]},{"@type":"ImageObject","inLanguage":"fr-FR","@id":"https:\/\/www.montreuxjazzshop.com\/fr\/boutique\/musique\/dvd-cd\/marianne-faithfull-the-montreux-years-double-cd\/#primaryimage","url":"https:\/\/www.montreuxjazzshop.com\/wp-content\/uploads\/2025\/05\/Marianne-Faithfull-The-Montreux-Years-CD.jpg","contentUrl":"https:\/\/www.montreuxjazzshop.com\/wp-content\/uploads\/2025\/05\/Marianne-Faithfull-The-Montreux-Years-CD.jpg","width":2000,"height":2000,"caption":"La pochette de l'album \"Marianne Faithfull, The Montreux Years, CD\" pr\u00e9sente une photo de profil en noir et blanc de Marianne Faithfull, entour\u00e9e de titres de chansons \u00e9crits \u00e0 la main sur fond noir."},{"@type":"BreadcrumbList","@id":"https:\/\/www.montreuxjazzshop.com\/fr\/boutique\/musique\/dvd-cd\/marianne-faithfull-the-montreux-years-double-cd\/#breadcrumb","itemListElement":[{"@type":"ListItem","position":1,"name":"Accueil","item":"https:\/\/www.montreuxjazzshop.com\/fr\/"},{"@type":"ListItem","position":2,"name":"Boutique","item":"https:\/\/www.montreuxjazzshop.com\/fr\/boutique\/"},{"@type":"ListItem","position":3,"name":"Marianne Faithfull, The Montreux Years, CD"}]},{"@type":"WebSite","@id":"https:\/\/www.montreuxjazzshop.com\/fr\/#website","url":"https:\/\/www.montreuxjazzshop.com\/fr\/","name":"Montreux Jazz Shop","description":"The Montreux Jazz Festival shop","potentialAction":[{"@type":"SearchAction","target":{"@type":"EntryPoint","urlTemplate":"https:\/\/www.montreuxjazzshop.com\/fr\/?s={search_term_string}"},"query-input":{"@type":"PropertyValueSpecification","valueRequired":true,"valueName":"search_term_string"}}],"inLanguage":"fr-FR"}]},"product_price_amount":"25.00","product_price_currency":"CHF","og_availability":"instock","product_availability":"instock","product_retailer_item_id":"5000101132021","product_condition":"new"},"_links":{"self":[{"href":"https:\/\/www.montreuxjazzshop.com\/fr\/wp-json\/wp\/v2\/product\/3222","targetHints":{"allow":["GET"]}}],"collection":[{"href":"https:\/\/www.montreuxjazzshop.com\/fr\/wp-json\/wp\/v2\/product"}],"about":[{"href":"https:\/\/www.montreuxjazzshop.com\/fr\/wp-json\/wp\/v2\/types\/product"}],"wp:featuredmedia":[{"embeddable":true,"href":"https:\/\/www.montreuxjazzshop.com\/fr\/wp-json\/wp\/v2\/media\/806"}],"wp:attachment":[{"href":"https:\/\/www.montreuxjazzshop.com\/fr\/wp-json\/wp\/v2\/media?parent=3222"}],"wp:term":[{"taxonomy":"artist","embeddable":true,"href":"https:\/\/www.montreuxjazzshop.com\/fr\/wp-json\/wp\/v2\/artist?post=3222"},{"taxonomy":"artist-category","embeddable":true,"href":"https:\/\/www.montreuxjazzshop.com\/fr\/wp-json\/wp\/v2\/artist-category?post=3222"},{"taxonomy":"edition","embeddable":true,"href":"https:\/\/www.montreuxjazzshop.com\/fr\/wp-json\/wp\/v2\/edition?post=3222"},{"taxonomy":"product_brand","embeddable":true,"href":"https:\/\/www.montreuxjazzshop.com\/fr\/wp-json\/wp\/v2\/product_brand?post=3222"},{"taxonomy":"product_cat","embeddable":true,"href":"https:\/\/www.montreuxjazzshop.com\/fr\/wp-json\/wp\/v2\/product_cat?post=3222"},{"taxonomy":"product_tag","embeddable":true,"href":"https:\/\/www.montreuxjazzshop.com\/fr\/wp-json\/wp\/v2\/product_tag?post=3222"}],"curies":[{"name":"wp","href":"https:\/\/api.w.org\/{rel}","templated":true}]}}