{"id":3194,"date":"2025-09-11T15:18:54","date_gmt":"2025-09-11T13:18:54","guid":{"rendered":"https:\/\/www.montreuxjazzshop.com\/?post_type=product&#038;p=3194"},"modified":"2026-01-14T11:00:12","modified_gmt":"2026-01-14T10:00:12","slug":"t-shirt-max-bill-1991-montreux-jazz","status":"publish","type":"product","link":"https:\/\/www.montreuxjazzshop.com\/fr\/boutique\/t-shirts-2\/t-shirt-max-bill-1991-montreux-jazz\/","title":{"rendered":"T-Shirt Max Bill, 1991"},"content":{"rendered":"<ul>\n<li>Qualit\u00e9: 100% coton<\/li>\n<\/ul>\n","protected":false},"excerpt":{"rendered":"<p>Ce t-shirt fait partie de la gamme Max Bill. Max Bill, le ma\u00eetre de l\u2019art concret signe l\u2019affiche de 1991. \u00a0\u00c0 l\u2019\u00e9poque l\u2019affiche n\u2019avait pas rencontr\u00e9 le succ\u00e8s esp\u00e9r\u00e9. Max Bill avait confi\u00e9 sur le ton de la plaisanterie \u00e0 Pierre Keller qu\u2019elle ressemblait \u00e0 \u00abun sac \u00e0 commissions\u00bb. Le suisse est bien plus qu\u2019un artiste il a \u00e9t\u00e9 architecte, peintre, sculpteur, designer, typographe, graphiste, \u00e9diteur, th\u00e9oricien de l\u2019art et homme politique suisse.<\/p>\n<p class=\"p1\"><a href=\"https:\/\/www.montreuxjazzshop.com\/fr\/portfolio-item\/max-bill\/\"><span class=\"s1\">En savoir plus sur l\u2019artiste<\/span><\/a><\/p>\n","protected":false},"featured_media":785,"template":"","meta":{"_acf_changed":false},"artist":[],"artist-category":[],"edition":[],"product_brand":[],"product_cat":[301,302],"product_tag":[],"class_list":{"0":"post-3194","1":"product","2":"type-product","3":"status-publish","4":"has-post-thumbnail","6":"product_cat-t-shirts-2","7":"product_cat-textile","8":"product_shipping_class-accessoires-et-textile","10":"first","11":"instock","12":"taxable","13":"shipping-taxable","14":"purchasable","15":"product-type-variable","16":"wvs-archive-product-wrapper"},"bundled_by":[],"bundle_stock_status":"instock","bundle_stock_quantity":null,"bundle_virtual":false,"bundle_layout":"","bundle_add_to_cart_form_location":"","bundle_editable_in_cart":false,"bundle_sold_individually_context":"","bundle_item_grouping":"","bundle_min_size":"","bundle_max_size":"","bundle_price":[],"bundled_items":[],"bundle_sell_ids":[],"acf":[],"yoast_head":"<!-- This site is optimized with the Yoast SEO Premium plugin v26.4 (Yoast SEO v27.4) - https:\/\/yoast.com\/product\/yoast-seo-premium-wordpress\/ -->\n<title>T-Shirt Max Bill, 1991 - Montreux Jazz Festival Shop<\/title>\n<meta name=\"description\" content=\"T-Shirt Max Bill Montreux Jazz Festival. Max Bill, le ma\u00eetre de l\u2019art concret signe l\u2019affiche de 1991. Le suisse est bien plus qu\u2019un artiste. Vinatge.\" \/>\n<meta name=\"robots\" content=\"index, follow, max-snippet:-1, max-image-preview:large, max-video-preview:-1\" \/>\n<link rel=\"canonical\" href=\"https:\/\/www.montreuxjazzshop.com\/fr\/boutique\/t-shirts-2\/t-shirt-max-bill-1991-montreux-jazz\/\" \/>\n<meta property=\"og:locale\" content=\"fr_FR\" \/>\n<meta property=\"og:type\" content=\"article\" \/>\n<meta property=\"og:title\" content=\"T-Shirt Max Bill, 1991\" \/>\n<meta property=\"og:description\" content=\"T-Shirt Max Bill Montreux Jazz Festival. Max Bill, le ma\u00eetre de l\u2019art concret signe l\u2019affiche de 1991. Le suisse est bien plus qu\u2019un artiste. Vinatge.\" \/>\n<meta property=\"og:url\" content=\"https:\/\/www.montreuxjazzshop.com\/fr\/boutique\/t-shirts-2\/t-shirt-max-bill-1991-montreux-jazz\/\" \/>\n<meta property=\"og:site_name\" content=\"Montreux Jazz Festival Shop\" \/>\n<meta property=\"article:publisher\" content=\"https:\/\/www.facebook.com\/montreuxjazzfestival\" \/>\n<meta property=\"article:modified_time\" content=\"2026-01-14T10:00:12+00:00\" \/>\n<meta property=\"og:image\" content=\"https:\/\/www.montreuxjazzshop.com\/wp-content\/uploads\/2025\/05\/MJF-T-shirt-max-bill-1991-front-2-1.jpg\" \/>\n\t<meta property=\"og:image:width\" content=\"1500\" \/>\n\t<meta property=\"og:image:height\" content=\"1500\" \/>\n\t<meta property=\"og:image:type\" content=\"image\/jpeg\" \/>\n<meta name=\"twitter:card\" content=\"summary_large_image\" \/>\n<meta name=\"twitter:site\" content=\"@MontreuxJazz\" \/>\n<script type=\"application\/ld+json\" class=\"yoast-schema-graph\">{\"@context\":\"https:\\\/\\\/schema.org\",\"@graph\":[{\"@type\":\"WebPage\",\"@id\":\"https:\\\/\\\/www.montreuxjazzshop.com\\\/fr\\\/boutique\\\/t-shirts-2\\\/t-shirt-max-bill-1991-montreux-jazz\\\/\",\"url\":\"https:\\\/\\\/www.montreuxjazzshop.com\\\/fr\\\/boutique\\\/t-shirts-2\\\/t-shirt-max-bill-1991-montreux-jazz\\\/\",\"name\":\"T-Shirt Max Bill, 1991 - Montreux Jazz Festival Shop\",\"isPartOf\":{\"@id\":\"https:\\\/\\\/www.montreuxjazzshop.com\\\/fr\\\/#website\"},\"primaryImageOfPage\":{\"@id\":\"https:\\\/\\\/www.montreuxjazzshop.com\\\/fr\\\/boutique\\\/t-shirts-2\\\/t-shirt-max-bill-1991-montreux-jazz\\\/#primaryimage\"},\"image\":{\"@id\":\"https:\\\/\\\/www.montreuxjazzshop.com\\\/fr\\\/boutique\\\/t-shirts-2\\\/t-shirt-max-bill-1991-montreux-jazz\\\/#primaryimage\"},\"thumbnailUrl\":\"https:\\\/\\\/www.montreuxjazzshop.com\\\/wp-content\\\/uploads\\\/2025\\\/05\\\/MJF-T-shirt-max-bill-1991-front-2-1.jpg\",\"datePublished\":\"2025-09-11T13:18:54+00:00\",\"dateModified\":\"2026-01-14T10:00:12+00:00\",\"description\":\"T-Shirt Max Bill Montreux Jazz Festival. Max Bill, le ma\u00eetre de l\u2019art concret signe l\u2019affiche de 1991. Le suisse est bien plus qu\u2019un artiste. Vinatge.\",\"breadcrumb\":{\"@id\":\"https:\\\/\\\/www.montreuxjazzshop.com\\\/fr\\\/boutique\\\/t-shirts-2\\\/t-shirt-max-bill-1991-montreux-jazz\\\/#breadcrumb\"},\"inLanguage\":\"fr-FR\",\"potentialAction\":[{\"@type\":\"ReadAction\",\"target\":[\"https:\\\/\\\/www.montreuxjazzshop.com\\\/fr\\\/boutique\\\/t-shirts-2\\\/t-shirt-max-bill-1991-montreux-jazz\\\/\"]}]},{\"@type\":\"ImageObject\",\"inLanguage\":\"fr-FR\",\"@id\":\"https:\\\/\\\/www.montreuxjazzshop.com\\\/fr\\\/boutique\\\/t-shirts-2\\\/t-shirt-max-bill-1991-montreux-jazz\\\/#primaryimage\",\"url\":\"https:\\\/\\\/www.montreuxjazzshop.com\\\/wp-content\\\/uploads\\\/2025\\\/05\\\/MJF-T-shirt-max-bill-1991-front-2-1.jpg\",\"contentUrl\":\"https:\\\/\\\/www.montreuxjazzshop.com\\\/wp-content\\\/uploads\\\/2025\\\/05\\\/MJF-T-shirt-max-bill-1991-front-2-1.jpg\",\"width\":1500,\"height\":1500,\"caption\":\"Le T-Shirt Max Bill, 1991, se d\u00e9tache sur un fond gris clair et pr\u00e9sente un motif g\u00e9om\u00e9trique vibrant compos\u00e9 de triangles bleus, roses, orange et jaunes qui se chevauchent et qui sont centr\u00e9s sur la poitrine.\"},{\"@type\":\"BreadcrumbList\",\"@id\":\"https:\\\/\\\/www.montreuxjazzshop.com\\\/fr\\\/boutique\\\/t-shirts-2\\\/t-shirt-max-bill-1991-montreux-jazz\\\/#breadcrumb\",\"itemListElement\":[{\"@type\":\"ListItem\",\"position\":1,\"name\":\"Accueil\",\"item\":\"https:\\\/\\\/www.montreuxjazzshop.com\\\/fr\\\/\"},{\"@type\":\"ListItem\",\"position\":2,\"name\":\"Boutique\",\"item\":\"https:\\\/\\\/www.montreuxjazzshop.com\\\/fr\\\/boutique\\\/\"},{\"@type\":\"ListItem\",\"position\":3,\"name\":\"T-Shirt Max Bill, 1991\"}]},{\"@type\":\"WebSite\",\"@id\":\"https:\\\/\\\/www.montreuxjazzshop.com\\\/fr\\\/#website\",\"url\":\"https:\\\/\\\/www.montreuxjazzshop.com\\\/fr\\\/\",\"name\":\"Montreux Jazz Shop\",\"description\":\"The Montreux Jazz Festival shop\",\"potentialAction\":[{\"@type\":\"SearchAction\",\"target\":{\"@type\":\"EntryPoint\",\"urlTemplate\":\"https:\\\/\\\/www.montreuxjazzshop.com\\\/fr\\\/?s={search_term_string}\"},\"query-input\":{\"@type\":\"PropertyValueSpecification\",\"valueRequired\":true,\"valueName\":\"search_term_string\"}}],\"inLanguage\":\"fr-FR\"}]}<\/script>\n<meta property=\"og:availability\" content=\"instock\" \/>\n<meta property=\"product:availability\" content=\"instock\" \/>\n<meta property=\"product:retailer_item_id\" content=\"601800000\" \/>\n<meta property=\"product:condition\" content=\"new\" \/>\n<!-- \/ Yoast SEO Premium plugin. -->","yoast_head_json":{"title":"T-Shirt Max Bill, 1991 - Montreux Jazz Festival Shop","description":"T-Shirt Max Bill Montreux Jazz Festival. Max Bill, le ma\u00eetre de l\u2019art concret signe l\u2019affiche de 1991. Le suisse est bien plus qu\u2019un artiste. Vinatge.","robots":{"index":"index","follow":"follow","max-snippet":"max-snippet:-1","max-image-preview":"max-image-preview:large","max-video-preview":"max-video-preview:-1"},"canonical":"https:\/\/www.montreuxjazzshop.com\/fr\/boutique\/t-shirts-2\/t-shirt-max-bill-1991-montreux-jazz\/","og_locale":"fr_FR","og_type":"article","og_title":"T-Shirt Max Bill, 1991","og_description":"T-Shirt Max Bill Montreux Jazz Festival. Max Bill, le ma\u00eetre de l\u2019art concret signe l\u2019affiche de 1991. Le suisse est bien plus qu\u2019un artiste. Vinatge.","og_url":"https:\/\/www.montreuxjazzshop.com\/fr\/boutique\/t-shirts-2\/t-shirt-max-bill-1991-montreux-jazz\/","og_site_name":"Montreux Jazz Festival Shop","article_publisher":"https:\/\/www.facebook.com\/montreuxjazzfestival","article_modified_time":"2026-01-14T10:00:12+00:00","og_image":[{"width":1500,"height":1500,"url":"https:\/\/www.montreuxjazzshop.com\/wp-content\/uploads\/2025\/05\/MJF-T-shirt-max-bill-1991-front-2-1.jpg","type":"image\/jpeg"}],"twitter_card":"summary_large_image","twitter_site":"@MontreuxJazz","schema":{"@context":"https:\/\/schema.org","@graph":[{"@type":"WebPage","@id":"https:\/\/www.montreuxjazzshop.com\/fr\/boutique\/t-shirts-2\/t-shirt-max-bill-1991-montreux-jazz\/","url":"https:\/\/www.montreuxjazzshop.com\/fr\/boutique\/t-shirts-2\/t-shirt-max-bill-1991-montreux-jazz\/","name":"T-Shirt Max Bill, 1991 - Montreux Jazz Festival Shop","isPartOf":{"@id":"https:\/\/www.montreuxjazzshop.com\/fr\/#website"},"primaryImageOfPage":{"@id":"https:\/\/www.montreuxjazzshop.com\/fr\/boutique\/t-shirts-2\/t-shirt-max-bill-1991-montreux-jazz\/#primaryimage"},"image":{"@id":"https:\/\/www.montreuxjazzshop.com\/fr\/boutique\/t-shirts-2\/t-shirt-max-bill-1991-montreux-jazz\/#primaryimage"},"thumbnailUrl":"https:\/\/www.montreuxjazzshop.com\/wp-content\/uploads\/2025\/05\/MJF-T-shirt-max-bill-1991-front-2-1.jpg","datePublished":"2025-09-11T13:18:54+00:00","dateModified":"2026-01-14T10:00:12+00:00","description":"T-Shirt Max Bill Montreux Jazz Festival. Max Bill, le ma\u00eetre de l\u2019art concret signe l\u2019affiche de 1991. Le suisse est bien plus qu\u2019un artiste. Vinatge.","breadcrumb":{"@id":"https:\/\/www.montreuxjazzshop.com\/fr\/boutique\/t-shirts-2\/t-shirt-max-bill-1991-montreux-jazz\/#breadcrumb"},"inLanguage":"fr-FR","potentialAction":[{"@type":"ReadAction","target":["https:\/\/www.montreuxjazzshop.com\/fr\/boutique\/t-shirts-2\/t-shirt-max-bill-1991-montreux-jazz\/"]}]},{"@type":"ImageObject","inLanguage":"fr-FR","@id":"https:\/\/www.montreuxjazzshop.com\/fr\/boutique\/t-shirts-2\/t-shirt-max-bill-1991-montreux-jazz\/#primaryimage","url":"https:\/\/www.montreuxjazzshop.com\/wp-content\/uploads\/2025\/05\/MJF-T-shirt-max-bill-1991-front-2-1.jpg","contentUrl":"https:\/\/www.montreuxjazzshop.com\/wp-content\/uploads\/2025\/05\/MJF-T-shirt-max-bill-1991-front-2-1.jpg","width":1500,"height":1500,"caption":"Le T-Shirt Max Bill, 1991, se d\u00e9tache sur un fond gris clair et pr\u00e9sente un motif g\u00e9om\u00e9trique vibrant compos\u00e9 de triangles bleus, roses, orange et jaunes qui se chevauchent et qui sont centr\u00e9s sur la poitrine."},{"@type":"BreadcrumbList","@id":"https:\/\/www.montreuxjazzshop.com\/fr\/boutique\/t-shirts-2\/t-shirt-max-bill-1991-montreux-jazz\/#breadcrumb","itemListElement":[{"@type":"ListItem","position":1,"name":"Accueil","item":"https:\/\/www.montreuxjazzshop.com\/fr\/"},{"@type":"ListItem","position":2,"name":"Boutique","item":"https:\/\/www.montreuxjazzshop.com\/fr\/boutique\/"},{"@type":"ListItem","position":3,"name":"T-Shirt Max Bill, 1991"}]},{"@type":"WebSite","@id":"https:\/\/www.montreuxjazzshop.com\/fr\/#website","url":"https:\/\/www.montreuxjazzshop.com\/fr\/","name":"Montreux Jazz Shop","description":"The Montreux Jazz Festival shop","potentialAction":[{"@type":"SearchAction","target":{"@type":"EntryPoint","urlTemplate":"https:\/\/www.montreuxjazzshop.com\/fr\/?s={search_term_string}"},"query-input":{"@type":"PropertyValueSpecification","valueRequired":true,"valueName":"search_term_string"}}],"inLanguage":"fr-FR"}]},"og_availability":"instock","product_availability":"instock","product_retailer_item_id":"601800000","product_condition":"new"},"_links":{"self":[{"href":"https:\/\/www.montreuxjazzshop.com\/fr\/wp-json\/wp\/v2\/product\/3194","targetHints":{"allow":["GET"]}}],"collection":[{"href":"https:\/\/www.montreuxjazzshop.com\/fr\/wp-json\/wp\/v2\/product"}],"about":[{"href":"https:\/\/www.montreuxjazzshop.com\/fr\/wp-json\/wp\/v2\/types\/product"}],"wp:featuredmedia":[{"embeddable":true,"href":"https:\/\/www.montreuxjazzshop.com\/fr\/wp-json\/wp\/v2\/media\/785"}],"wp:attachment":[{"href":"https:\/\/www.montreuxjazzshop.com\/fr\/wp-json\/wp\/v2\/media?parent=3194"}],"wp:term":[{"taxonomy":"artist","embeddable":true,"href":"https:\/\/www.montreuxjazzshop.com\/fr\/wp-json\/wp\/v2\/artist?post=3194"},{"taxonomy":"artist-category","embeddable":true,"href":"https:\/\/www.montreuxjazzshop.com\/fr\/wp-json\/wp\/v2\/artist-category?post=3194"},{"taxonomy":"edition","embeddable":true,"href":"https:\/\/www.montreuxjazzshop.com\/fr\/wp-json\/wp\/v2\/edition?post=3194"},{"taxonomy":"product_brand","embeddable":true,"href":"https:\/\/www.montreuxjazzshop.com\/fr\/wp-json\/wp\/v2\/product_brand?post=3194"},{"taxonomy":"product_cat","embeddable":true,"href":"https:\/\/www.montreuxjazzshop.com\/fr\/wp-json\/wp\/v2\/product_cat?post=3194"},{"taxonomy":"product_tag","embeddable":true,"href":"https:\/\/www.montreuxjazzshop.com\/fr\/wp-json\/wp\/v2\/product_tag?post=3194"}],"curies":[{"name":"wp","href":"https:\/\/api.w.org\/{rel}","templated":true}]}}