{"id":3185,"date":"2025-09-11T15:18:52","date_gmt":"2025-09-11T13:18:52","guid":{"rendered":"https:\/\/www.montreuxjazzshop.com\/?post_type=product&#038;p=3185"},"modified":"2026-01-14T11:00:40","modified_gmt":"2026-01-14T10:00:40","slug":"muddy-waters-the-montreux-years-double-cd","status":"publish","type":"product","link":"https:\/\/www.montreuxjazzshop.com\/fr\/boutique\/musique\/dvd-cd\/muddy-waters-the-montreux-years-double-cd\/","title":{"rendered":"Muddy Waters, The Montreux Years, CD"},"content":{"rendered":"<ul>\n<li>1 CD<\/li>\n<\/ul>\n<p>The magnificent and incomparable Muddy Waters performed 3 legendary concerts at the Montreux Jazz Festival throughout the 1970s. Each of these historic concerts were recorded. Muddy Waters name is synonymous with the authenticity, excellence and individuality of the festival and this collection is a celebration of his unique talent.<\/p>\n<p>The Montreux Years collection will bring together for the first time, some of the finest moments from Muddy Waters\u2019 celebrated performances alongside rare material, unheard since the original recording.<\/p>\n<p>Expertly curated by the Montreux Jazz Festival and BMG, restored and remastered in superlative HD audio; The Montreux Years is released on superior audiophile heavy weight vinyl, MQA quality CD and in HD digital.<\/p>\n<p>1. Nobody Knows Chicago Like I Do *<br \/>\n2. Mannish Boy \u2022<br \/>\n3. Long Distance Call \u2021<br \/>\n4. Rollin&rsquo; And Tumblin&rsquo; \u2021<br \/>\n5. Country Jail \u2021<br \/>\n6. Got My Mojo Working *<br \/>\n7. I&rsquo;m Your Hoochie Coochie Man *<br \/>\n8. I&rsquo;m Ready \u2022<br \/>\n9. Still A Fool *<br \/>\n10. Trouble No More *<br \/>\n11. Rosalie \u2021<br \/>\n12. Rock Me Baby \u2021<br \/>\n13. Same Thing \u2022<br \/>\n14. Howlin&rsquo; Wolf *<br \/>\n15. Can&rsquo;t Get No Grindin'(What&rsquo;s The Matter With The Meal) *<br \/>\n16. Electric Man \u2022<\/p>\n<p>* Recorded live at Casino Montreux 23rd July 1977<br \/>\n\u2022 Recorded live at Congr\u00e8s Montreux 28th June 1974<br \/>\n\u2021 Recorded live at Montreux Pavillon 17th June 1972<\/p>\n","protected":false},"excerpt":{"rendered":"<p>Le Montreux Jazz Festival et BMG lancent une s\u00e9rie d\u2019albums appel\u00e9e \u00abThe Montreux Years\u00bb, issue de la vaste collection audiovisuelle du fondateur du Festival, Claude Nobs (Montreux Sounds). Puisant dans les 55 ans d\u2019histoire du Montreux Jazz Festival, la s\u00e9rie \u00abThe Montreux Years\u00bb d\u00e9voile des enregistrements rares et in\u00e9dits, compilant des performances l\u00e9gendaires d\u2019artistes embl\u00e9matiques sur plusieurs ann\u00e9es.<\/p>\n","protected":false},"featured_media":809,"template":"","meta":{"_acf_changed":false},"artist":[],"artist-category":[],"edition":[177],"product_brand":[],"product_cat":[323,304,305],"product_tag":[],"class_list":{"0":"post-3185","1":"product","2":"type-product","3":"status-publish","4":"has-post-thumbnail","6":"edition-177","7":"product_cat-dvd-cd","8":"product_cat-musique","9":"product_cat-vinyls-fr","10":"product_shipping_class-petits-objets-et-dvd","12":"first","13":"instock","14":"taxable","15":"shipping-taxable","16":"purchasable","17":"product-type-simple"},"bundled_by":[],"bundle_stock_status":"instock","bundle_stock_quantity":1,"bundle_virtual":false,"bundle_layout":"","bundle_add_to_cart_form_location":"","bundle_editable_in_cart":false,"bundle_sold_individually_context":"","bundle_item_grouping":"","bundle_min_size":"","bundle_max_size":"","bundle_price":[],"bundled_items":[],"bundle_sell_ids":[],"acf":[],"yoast_head":"<!-- This site is optimized with the Yoast SEO Premium plugin v26.4 (Yoast SEO v27.4) - https:\/\/yoast.com\/product\/yoast-seo-premium-wordpress\/ -->\n<title>Muddy Waters, The Montreux Years, CD - Montreux Jazz Festival Shop<\/title>\n<meta name=\"description\" content=\"Muddy Waters Montreux CD live, la s\u00e9rie d\u2019albums \u00abThe Montreux Years\u00bb, issue de la vaste collection audiovisuelle du Montreux Jazz Music Festival\" \/>\n<meta name=\"robots\" content=\"index, follow, max-snippet:-1, max-image-preview:large, max-video-preview:-1\" \/>\n<link rel=\"canonical\" href=\"https:\/\/www.montreuxjazzshop.com\/fr\/boutique\/musique\/dvd-cd\/muddy-waters-the-montreux-years-double-cd\/\" \/>\n<meta property=\"og:locale\" content=\"fr_FR\" \/>\n<meta property=\"og:type\" content=\"article\" \/>\n<meta property=\"og:title\" content=\"Muddy Waters, The Montreux Years, CD\" \/>\n<meta property=\"og:description\" content=\"Muddy Waters Montreux CD live, la s\u00e9rie d\u2019albums \u00abThe Montreux Years\u00bb, issue de la vaste collection audiovisuelle du Montreux Jazz Music Festival\" \/>\n<meta property=\"og:url\" content=\"https:\/\/www.montreuxjazzshop.com\/fr\/boutique\/musique\/dvd-cd\/muddy-waters-the-montreux-years-double-cd\/\" \/>\n<meta property=\"og:site_name\" content=\"Montreux Jazz Festival Shop\" \/>\n<meta property=\"article:publisher\" content=\"https:\/\/www.facebook.com\/montreuxjazzfestival\" \/>\n<meta property=\"article:modified_time\" content=\"2026-01-14T10:00:40+00:00\" \/>\n<meta property=\"og:image\" content=\"https:\/\/www.montreuxjazzshop.com\/wp-content\/uploads\/2025\/05\/Muddy-Waters-The-Montreux-Years-CD.jpg\" \/>\n\t<meta property=\"og:image:width\" content=\"2000\" \/>\n\t<meta property=\"og:image:height\" content=\"2000\" \/>\n\t<meta property=\"og:image:type\" content=\"image\/jpeg\" \/>\n<meta name=\"twitter:card\" content=\"summary_large_image\" \/>\n<meta name=\"twitter:site\" content=\"@MontreuxJazz\" \/>\n<script type=\"application\/ld+json\" class=\"yoast-schema-graph\">{\"@context\":\"https:\\\/\\\/schema.org\",\"@graph\":[{\"@type\":\"WebPage\",\"@id\":\"https:\\\/\\\/www.montreuxjazzshop.com\\\/fr\\\/boutique\\\/musique\\\/dvd-cd\\\/muddy-waters-the-montreux-years-double-cd\\\/\",\"url\":\"https:\\\/\\\/www.montreuxjazzshop.com\\\/fr\\\/boutique\\\/musique\\\/dvd-cd\\\/muddy-waters-the-montreux-years-double-cd\\\/\",\"name\":\"Muddy Waters, The Montreux Years, CD - Montreux Jazz Festival Shop\",\"isPartOf\":{\"@id\":\"https:\\\/\\\/www.montreuxjazzshop.com\\\/fr\\\/#website\"},\"primaryImageOfPage\":{\"@id\":\"https:\\\/\\\/www.montreuxjazzshop.com\\\/fr\\\/boutique\\\/musique\\\/dvd-cd\\\/muddy-waters-the-montreux-years-double-cd\\\/#primaryimage\"},\"image\":{\"@id\":\"https:\\\/\\\/www.montreuxjazzshop.com\\\/fr\\\/boutique\\\/musique\\\/dvd-cd\\\/muddy-waters-the-montreux-years-double-cd\\\/#primaryimage\"},\"thumbnailUrl\":\"https:\\\/\\\/www.montreuxjazzshop.com\\\/wp-content\\\/uploads\\\/2025\\\/05\\\/Muddy-Waters-The-Montreux-Years-CD.jpg\",\"datePublished\":\"2025-09-11T13:18:52+00:00\",\"dateModified\":\"2026-01-14T10:00:40+00:00\",\"description\":\"Muddy Waters Montreux CD live, la s\u00e9rie d\u2019albums \u00abThe Montreux Years\u00bb, issue de la vaste collection audiovisuelle du Montreux Jazz Music Festival\",\"breadcrumb\":{\"@id\":\"https:\\\/\\\/www.montreuxjazzshop.com\\\/fr\\\/boutique\\\/musique\\\/dvd-cd\\\/muddy-waters-the-montreux-years-double-cd\\\/#breadcrumb\"},\"inLanguage\":\"fr-FR\",\"potentialAction\":[{\"@type\":\"ReadAction\",\"target\":[\"https:\\\/\\\/www.montreuxjazzshop.com\\\/fr\\\/boutique\\\/musique\\\/dvd-cd\\\/muddy-waters-the-montreux-years-double-cd\\\/\"]}]},{\"@type\":\"ImageObject\",\"inLanguage\":\"fr-FR\",\"@id\":\"https:\\\/\\\/www.montreuxjazzshop.com\\\/fr\\\/boutique\\\/musique\\\/dvd-cd\\\/muddy-waters-the-montreux-years-double-cd\\\/#primaryimage\",\"url\":\"https:\\\/\\\/www.montreuxjazzshop.com\\\/wp-content\\\/uploads\\\/2025\\\/05\\\/Muddy-Waters-The-Montreux-Years-CD.jpg\",\"contentUrl\":\"https:\\\/\\\/www.montreuxjazzshop.com\\\/wp-content\\\/uploads\\\/2025\\\/05\\\/Muddy-Waters-The-Montreux-Years-CD.jpg\",\"width\":2000,\"height\":2000,\"caption\":\"Pochette de l'album Muddy Waters, The Montreux Years CD : gros plan de Muddy Waters jouant de la guitare, sa silhouette sur un fond bleu et noir avec le logo du Montreux Jazz Festival.\"},{\"@type\":\"BreadcrumbList\",\"@id\":\"https:\\\/\\\/www.montreuxjazzshop.com\\\/fr\\\/boutique\\\/musique\\\/dvd-cd\\\/muddy-waters-the-montreux-years-double-cd\\\/#breadcrumb\",\"itemListElement\":[{\"@type\":\"ListItem\",\"position\":1,\"name\":\"Accueil\",\"item\":\"https:\\\/\\\/www.montreuxjazzshop.com\\\/fr\\\/\"},{\"@type\":\"ListItem\",\"position\":2,\"name\":\"Boutique\",\"item\":\"https:\\\/\\\/www.montreuxjazzshop.com\\\/fr\\\/boutique\\\/\"},{\"@type\":\"ListItem\",\"position\":3,\"name\":\"Muddy Waters, The Montreux Years, CD\"}]},{\"@type\":\"WebSite\",\"@id\":\"https:\\\/\\\/www.montreuxjazzshop.com\\\/fr\\\/#website\",\"url\":\"https:\\\/\\\/www.montreuxjazzshop.com\\\/fr\\\/\",\"name\":\"Montreux Jazz Shop\",\"description\":\"The Montreux Jazz Festival shop\",\"potentialAction\":[{\"@type\":\"SearchAction\",\"target\":{\"@type\":\"EntryPoint\",\"urlTemplate\":\"https:\\\/\\\/www.montreuxjazzshop.com\\\/fr\\\/?s={search_term_string}\"},\"query-input\":{\"@type\":\"PropertyValueSpecification\",\"valueRequired\":true,\"valueName\":\"search_term_string\"}}],\"inLanguage\":\"fr-FR\"}]}<\/script>\n<meta property=\"product:price:amount\" content=\"25.00\" \/>\n<meta property=\"product:price:currency\" content=\"CHF\" \/>\n<meta property=\"og:availability\" content=\"instock\" \/>\n<meta property=\"product:availability\" content=\"instock\" \/>\n<meta property=\"product:retailer_item_id\" content=\"5000101122021\" \/>\n<meta property=\"product:condition\" content=\"new\" \/>\n<!-- \/ Yoast SEO Premium plugin. -->","yoast_head_json":{"title":"Muddy Waters, The Montreux Years, CD - Montreux Jazz Festival Shop","description":"Muddy Waters Montreux CD live, la s\u00e9rie d\u2019albums \u00abThe Montreux Years\u00bb, issue de la vaste collection audiovisuelle du Montreux Jazz Music Festival","robots":{"index":"index","follow":"follow","max-snippet":"max-snippet:-1","max-image-preview":"max-image-preview:large","max-video-preview":"max-video-preview:-1"},"canonical":"https:\/\/www.montreuxjazzshop.com\/fr\/boutique\/musique\/dvd-cd\/muddy-waters-the-montreux-years-double-cd\/","og_locale":"fr_FR","og_type":"article","og_title":"Muddy Waters, The Montreux Years, CD","og_description":"Muddy Waters Montreux CD live, la s\u00e9rie d\u2019albums \u00abThe Montreux Years\u00bb, issue de la vaste collection audiovisuelle du Montreux Jazz Music Festival","og_url":"https:\/\/www.montreuxjazzshop.com\/fr\/boutique\/musique\/dvd-cd\/muddy-waters-the-montreux-years-double-cd\/","og_site_name":"Montreux Jazz Festival Shop","article_publisher":"https:\/\/www.facebook.com\/montreuxjazzfestival","article_modified_time":"2026-01-14T10:00:40+00:00","og_image":[{"width":2000,"height":2000,"url":"https:\/\/www.montreuxjazzshop.com\/wp-content\/uploads\/2025\/05\/Muddy-Waters-The-Montreux-Years-CD.jpg","type":"image\/jpeg"}],"twitter_card":"summary_large_image","twitter_site":"@MontreuxJazz","schema":{"@context":"https:\/\/schema.org","@graph":[{"@type":"WebPage","@id":"https:\/\/www.montreuxjazzshop.com\/fr\/boutique\/musique\/dvd-cd\/muddy-waters-the-montreux-years-double-cd\/","url":"https:\/\/www.montreuxjazzshop.com\/fr\/boutique\/musique\/dvd-cd\/muddy-waters-the-montreux-years-double-cd\/","name":"Muddy Waters, The Montreux Years, CD - Montreux Jazz Festival Shop","isPartOf":{"@id":"https:\/\/www.montreuxjazzshop.com\/fr\/#website"},"primaryImageOfPage":{"@id":"https:\/\/www.montreuxjazzshop.com\/fr\/boutique\/musique\/dvd-cd\/muddy-waters-the-montreux-years-double-cd\/#primaryimage"},"image":{"@id":"https:\/\/www.montreuxjazzshop.com\/fr\/boutique\/musique\/dvd-cd\/muddy-waters-the-montreux-years-double-cd\/#primaryimage"},"thumbnailUrl":"https:\/\/www.montreuxjazzshop.com\/wp-content\/uploads\/2025\/05\/Muddy-Waters-The-Montreux-Years-CD.jpg","datePublished":"2025-09-11T13:18:52+00:00","dateModified":"2026-01-14T10:00:40+00:00","description":"Muddy Waters Montreux CD live, la s\u00e9rie d\u2019albums \u00abThe Montreux Years\u00bb, issue de la vaste collection audiovisuelle du Montreux Jazz Music Festival","breadcrumb":{"@id":"https:\/\/www.montreuxjazzshop.com\/fr\/boutique\/musique\/dvd-cd\/muddy-waters-the-montreux-years-double-cd\/#breadcrumb"},"inLanguage":"fr-FR","potentialAction":[{"@type":"ReadAction","target":["https:\/\/www.montreuxjazzshop.com\/fr\/boutique\/musique\/dvd-cd\/muddy-waters-the-montreux-years-double-cd\/"]}]},{"@type":"ImageObject","inLanguage":"fr-FR","@id":"https:\/\/www.montreuxjazzshop.com\/fr\/boutique\/musique\/dvd-cd\/muddy-waters-the-montreux-years-double-cd\/#primaryimage","url":"https:\/\/www.montreuxjazzshop.com\/wp-content\/uploads\/2025\/05\/Muddy-Waters-The-Montreux-Years-CD.jpg","contentUrl":"https:\/\/www.montreuxjazzshop.com\/wp-content\/uploads\/2025\/05\/Muddy-Waters-The-Montreux-Years-CD.jpg","width":2000,"height":2000,"caption":"Pochette de l'album Muddy Waters, The Montreux Years CD : gros plan de Muddy Waters jouant de la guitare, sa silhouette sur un fond bleu et noir avec le logo du Montreux Jazz Festival."},{"@type":"BreadcrumbList","@id":"https:\/\/www.montreuxjazzshop.com\/fr\/boutique\/musique\/dvd-cd\/muddy-waters-the-montreux-years-double-cd\/#breadcrumb","itemListElement":[{"@type":"ListItem","position":1,"name":"Accueil","item":"https:\/\/www.montreuxjazzshop.com\/fr\/"},{"@type":"ListItem","position":2,"name":"Boutique","item":"https:\/\/www.montreuxjazzshop.com\/fr\/boutique\/"},{"@type":"ListItem","position":3,"name":"Muddy Waters, The Montreux Years, CD"}]},{"@type":"WebSite","@id":"https:\/\/www.montreuxjazzshop.com\/fr\/#website","url":"https:\/\/www.montreuxjazzshop.com\/fr\/","name":"Montreux Jazz Shop","description":"The Montreux Jazz Festival shop","potentialAction":[{"@type":"SearchAction","target":{"@type":"EntryPoint","urlTemplate":"https:\/\/www.montreuxjazzshop.com\/fr\/?s={search_term_string}"},"query-input":{"@type":"PropertyValueSpecification","valueRequired":true,"valueName":"search_term_string"}}],"inLanguage":"fr-FR"}]},"product_price_amount":"25.00","product_price_currency":"CHF","og_availability":"instock","product_availability":"instock","product_retailer_item_id":"5000101122021","product_condition":"new"},"_links":{"self":[{"href":"https:\/\/www.montreuxjazzshop.com\/fr\/wp-json\/wp\/v2\/product\/3185","targetHints":{"allow":["GET"]}}],"collection":[{"href":"https:\/\/www.montreuxjazzshop.com\/fr\/wp-json\/wp\/v2\/product"}],"about":[{"href":"https:\/\/www.montreuxjazzshop.com\/fr\/wp-json\/wp\/v2\/types\/product"}],"wp:featuredmedia":[{"embeddable":true,"href":"https:\/\/www.montreuxjazzshop.com\/fr\/wp-json\/wp\/v2\/media\/809"}],"wp:attachment":[{"href":"https:\/\/www.montreuxjazzshop.com\/fr\/wp-json\/wp\/v2\/media?parent=3185"}],"wp:term":[{"taxonomy":"artist","embeddable":true,"href":"https:\/\/www.montreuxjazzshop.com\/fr\/wp-json\/wp\/v2\/artist?post=3185"},{"taxonomy":"artist-category","embeddable":true,"href":"https:\/\/www.montreuxjazzshop.com\/fr\/wp-json\/wp\/v2\/artist-category?post=3185"},{"taxonomy":"edition","embeddable":true,"href":"https:\/\/www.montreuxjazzshop.com\/fr\/wp-json\/wp\/v2\/edition?post=3185"},{"taxonomy":"product_brand","embeddable":true,"href":"https:\/\/www.montreuxjazzshop.com\/fr\/wp-json\/wp\/v2\/product_brand?post=3185"},{"taxonomy":"product_cat","embeddable":true,"href":"https:\/\/www.montreuxjazzshop.com\/fr\/wp-json\/wp\/v2\/product_cat?post=3185"},{"taxonomy":"product_tag","embeddable":true,"href":"https:\/\/www.montreuxjazzshop.com\/fr\/wp-json\/wp\/v2\/product_tag?post=3185"}],"curies":[{"name":"wp","href":"https:\/\/api.w.org\/{rel}","templated":true}]}}