{"id":3139,"date":"2025-09-11T15:18:35","date_gmt":"2025-09-11T13:18:35","guid":{"rendered":"https:\/\/www.montreuxjazzshop.com\/?post_type=product&#038;p=3139"},"modified":"2026-01-14T11:00:43","modified_gmt":"2026-01-14T10:00:43","slug":"john-mclaughlin-the-montreux-years-cd","status":"publish","type":"product","link":"https:\/\/www.montreuxjazzshop.com\/fr\/boutique\/musique\/dvd-cd\/john-mclaughlin-the-montreux-years-cd\/","title":{"rendered":"John McLaughlin, The Montreux Years, CD"},"content":{"rendered":"<ul>\n<li>1 CD<\/li>\n<\/ul>\n<p>Ranked in Rolling Stones magazine\u2019s list of \u2018100 Greatest Guitar Players of All Time\u2019, John McLaughlin became a long-time friend of the Montreux Jazz Festival, having played at the iconic Swiss festival many times. The performances in this new collection are curated from six shows between 1978 to 2016 with the various ensembles of \u2018The Mahavishnu Orchestra\u2019, \u2018The Heart Of Things\u2019, \u2018The Free Spirits\u2019, \u2018The 4<sup>th<\/sup> Dimension\u2019 and his fellow virtuoso and close friend Paco de Lucia. Encapsulating McLaughlin\u2019s time at the festival<strong><em>,<\/em><\/strong> \u201cJohn McLaughlin: The Montreux Years\u201d opens with the 1984 track <strong><em>Radio Activity<\/em><\/strong> by the Mahavishnu Orchestra, which McLaughlin reformed in the 80\u2019s for the release of the album \u201cMahavishnu\u201d.<\/p>\n<p>Expertly curated by the Montreux Jazz Festival and BMG, restored and remastered in superlative HD audio; The Montreux Years is released on superior audiophile heavy weight vinyl, MQA quality CD and in HD digital.<\/p>\n<p>1. Radio Activity (Live \u2013 Montreux Jazz Festival 1984)<br \/>\n2. Nostalgia (Live \u2013 Montreux Jazz Festival 1984)<br \/>\n3. Acid Jazz (Live &#8211; Montreux Jazz Festival 1998)<br \/>\n4. David (Live \u2013 Montreux Jazz Festival 1987)<br \/>\n5. Sing Me Softly of the Blues (Live \u2013 Montreux Jazz Festival 1995)<br \/>\n6. Florianapolis (Live &#8211; Montreux Jazz Festival 1987)<br \/>\n7. El Hombre Que Sabi\u00e0 (Live \u2013 Montreux Jazz Festival 2016)<\/p>\n","protected":false},"excerpt":{"rendered":"<p>Le Montreux Jazz Festival et BMG lancent une s\u00e9rie d\u2019albums appel\u00e9e \u00abThe Montreux Years\u00bb, issue de la vaste collection audiovisuelle du fondateur du Festival, Claude Nobs (Montreux Sounds). Puisant dans les 55 ans d\u2019histoire du Montreux Jazz Festival, la s\u00e9rie \u00abThe Montreux Years\u00bb d\u00e9voile des enregistrements rares et in\u00e9dits, compilant des performances l\u00e9gendaires d\u2019artistes embl\u00e9matiques sur plusieurs ann\u00e9es.<\/p>\n","protected":false},"featured_media":824,"template":"","meta":{"_acf_changed":false},"artist":[],"artist-category":[],"edition":[177],"product_brand":[],"product_cat":[323,304,305],"product_tag":[],"class_list":{"0":"post-3139","1":"product","2":"type-product","3":"status-publish","4":"has-post-thumbnail","6":"edition-177","7":"product_cat-dvd-cd","8":"product_cat-musique","9":"product_cat-vinyls-fr","10":"product_shipping_class-petits-objets-et-dvd","12":"first","13":"instock","14":"taxable","15":"shipping-taxable","16":"purchasable","17":"product-type-simple"},"bundled_by":[],"bundle_stock_status":"instock","bundle_stock_quantity":1,"bundle_virtual":false,"bundle_layout":"","bundle_add_to_cart_form_location":"","bundle_editable_in_cart":false,"bundle_sold_individually_context":"","bundle_item_grouping":"","bundle_min_size":"","bundle_max_size":"","bundle_price":[],"bundled_items":[],"bundle_sell_ids":[],"acf":[],"yoast_head":"<!-- This site is optimized with the Yoast SEO Premium plugin v26.4 (Yoast SEO v27.4) - https:\/\/yoast.com\/product\/yoast-seo-premium-wordpress\/ -->\n<title>John McLaughlin, The Montreux Years, CD - Montreux Jazz Festival Shop<\/title>\n<meta name=\"description\" content=\"John McLaughlin Montreux CD. La s\u00e9rie \u00abThe Montreux Years\u00bb d\u00e9voile des enregistrements rares et in\u00e9dits du Montreux Jazz Music Festival.\" \/>\n<meta name=\"robots\" content=\"index, follow, max-snippet:-1, max-image-preview:large, max-video-preview:-1\" \/>\n<link rel=\"canonical\" href=\"https:\/\/www.montreuxjazzshop.com\/fr\/boutique\/musique\/dvd-cd\/john-mclaughlin-the-montreux-years-cd\/\" \/>\n<meta property=\"og:locale\" content=\"fr_FR\" \/>\n<meta property=\"og:type\" content=\"article\" \/>\n<meta property=\"og:title\" content=\"John McLaughlin, The Montreux Years, CD\" \/>\n<meta property=\"og:description\" content=\"John McLaughlin Montreux CD. La s\u00e9rie \u00abThe Montreux Years\u00bb d\u00e9voile des enregistrements rares et in\u00e9dits du Montreux Jazz Music Festival.\" \/>\n<meta property=\"og:url\" content=\"https:\/\/www.montreuxjazzshop.com\/fr\/boutique\/musique\/dvd-cd\/john-mclaughlin-the-montreux-years-cd\/\" \/>\n<meta property=\"og:site_name\" content=\"Montreux Jazz Festival Shop\" \/>\n<meta property=\"article:publisher\" content=\"https:\/\/www.facebook.com\/montreuxjazzfestival\" \/>\n<meta property=\"article:modified_time\" content=\"2026-01-14T10:00:43+00:00\" \/>\n<meta property=\"og:image\" content=\"https:\/\/www.montreuxjazzshop.com\/wp-content\/uploads\/2025\/05\/John-McLaughin-The-Montreux-Years-CD.jpg\" \/>\n\t<meta property=\"og:image:width\" content=\"1212\" \/>\n\t<meta property=\"og:image:height\" content=\"1212\" \/>\n\t<meta property=\"og:image:type\" content=\"image\/jpeg\" \/>\n<meta name=\"twitter:card\" content=\"summary_large_image\" \/>\n<meta name=\"twitter:site\" content=\"@MontreuxJazz\" \/>\n<script type=\"application\/ld+json\" class=\"yoast-schema-graph\">{\"@context\":\"https:\\\/\\\/schema.org\",\"@graph\":[{\"@type\":\"WebPage\",\"@id\":\"https:\\\/\\\/www.montreuxjazzshop.com\\\/fr\\\/boutique\\\/musique\\\/dvd-cd\\\/john-mclaughlin-the-montreux-years-cd\\\/\",\"url\":\"https:\\\/\\\/www.montreuxjazzshop.com\\\/fr\\\/boutique\\\/musique\\\/dvd-cd\\\/john-mclaughlin-the-montreux-years-cd\\\/\",\"name\":\"John McLaughlin, The Montreux Years, CD - Montreux Jazz Festival Shop\",\"isPartOf\":{\"@id\":\"https:\\\/\\\/www.montreuxjazzshop.com\\\/fr\\\/#website\"},\"primaryImageOfPage\":{\"@id\":\"https:\\\/\\\/www.montreuxjazzshop.com\\\/fr\\\/boutique\\\/musique\\\/dvd-cd\\\/john-mclaughlin-the-montreux-years-cd\\\/#primaryimage\"},\"image\":{\"@id\":\"https:\\\/\\\/www.montreuxjazzshop.com\\\/fr\\\/boutique\\\/musique\\\/dvd-cd\\\/john-mclaughlin-the-montreux-years-cd\\\/#primaryimage\"},\"thumbnailUrl\":\"https:\\\/\\\/www.montreuxjazzshop.com\\\/wp-content\\\/uploads\\\/2025\\\/05\\\/John-McLaughin-The-Montreux-Years-CD.jpg\",\"datePublished\":\"2025-09-11T13:18:35+00:00\",\"dateModified\":\"2026-01-14T10:00:43+00:00\",\"description\":\"John McLaughlin Montreux CD. La s\u00e9rie \u00abThe Montreux Years\u00bb d\u00e9voile des enregistrements rares et in\u00e9dits du Montreux Jazz Music Festival.\",\"breadcrumb\":{\"@id\":\"https:\\\/\\\/www.montreuxjazzshop.com\\\/fr\\\/boutique\\\/musique\\\/dvd-cd\\\/john-mclaughlin-the-montreux-years-cd\\\/#breadcrumb\"},\"inLanguage\":\"fr-FR\",\"potentialAction\":[{\"@type\":\"ReadAction\",\"target\":[\"https:\\\/\\\/www.montreuxjazzshop.com\\\/fr\\\/boutique\\\/musique\\\/dvd-cd\\\/john-mclaughlin-the-montreux-years-cd\\\/\"]}]},{\"@type\":\"ImageObject\",\"inLanguage\":\"fr-FR\",\"@id\":\"https:\\\/\\\/www.montreuxjazzshop.com\\\/fr\\\/boutique\\\/musique\\\/dvd-cd\\\/john-mclaughlin-the-montreux-years-cd\\\/#primaryimage\",\"url\":\"https:\\\/\\\/www.montreuxjazzshop.com\\\/wp-content\\\/uploads\\\/2025\\\/05\\\/John-McLaughin-The-Montreux-Years-CD.jpg\",\"contentUrl\":\"https:\\\/\\\/www.montreuxjazzshop.com\\\/wp-content\\\/uploads\\\/2025\\\/05\\\/John-McLaughin-The-Montreux-Years-CD.jpg\",\"width\":1212,\"height\":1212,\"caption\":\"John McLaughlin, The Montreux Years CD, avec une couverture repr\u00e9sentant McLaughlin jouant de la guitare et un texte jaune et sarcelle. Le CD est de couleur sarcelle avec un texte jaune et blanc. L'\u00e9tui est inclus.\"},{\"@type\":\"BreadcrumbList\",\"@id\":\"https:\\\/\\\/www.montreuxjazzshop.com\\\/fr\\\/boutique\\\/musique\\\/dvd-cd\\\/john-mclaughlin-the-montreux-years-cd\\\/#breadcrumb\",\"itemListElement\":[{\"@type\":\"ListItem\",\"position\":1,\"name\":\"Accueil\",\"item\":\"https:\\\/\\\/www.montreuxjazzshop.com\\\/fr\\\/\"},{\"@type\":\"ListItem\",\"position\":2,\"name\":\"Boutique\",\"item\":\"https:\\\/\\\/www.montreuxjazzshop.com\\\/fr\\\/boutique\\\/\"},{\"@type\":\"ListItem\",\"position\":3,\"name\":\"John McLaughlin, The Montreux Years, CD\"}]},{\"@type\":\"WebSite\",\"@id\":\"https:\\\/\\\/www.montreuxjazzshop.com\\\/fr\\\/#website\",\"url\":\"https:\\\/\\\/www.montreuxjazzshop.com\\\/fr\\\/\",\"name\":\"Montreux Jazz Shop\",\"description\":\"The Montreux Jazz Festival shop\",\"potentialAction\":[{\"@type\":\"SearchAction\",\"target\":{\"@type\":\"EntryPoint\",\"urlTemplate\":\"https:\\\/\\\/www.montreuxjazzshop.com\\\/fr\\\/?s={search_term_string}\"},\"query-input\":{\"@type\":\"PropertyValueSpecification\",\"valueRequired\":true,\"valueName\":\"search_term_string\"}}],\"inLanguage\":\"fr-FR\"}]}<\/script>\n<meta property=\"product:price:amount\" content=\"25.00\" \/>\n<meta property=\"product:price:currency\" content=\"CHF\" \/>\n<meta property=\"og:availability\" content=\"instock\" \/>\n<meta property=\"product:availability\" content=\"instock\" \/>\n<meta property=\"product:retailer_item_id\" content=\"5000101132022\" \/>\n<meta property=\"product:condition\" content=\"new\" \/>\n<!-- \/ Yoast SEO Premium plugin. -->","yoast_head_json":{"title":"John McLaughlin, The Montreux Years, CD - Montreux Jazz Festival Shop","description":"John McLaughlin Montreux CD. La s\u00e9rie \u00abThe Montreux Years\u00bb d\u00e9voile des enregistrements rares et in\u00e9dits du Montreux Jazz Music Festival.","robots":{"index":"index","follow":"follow","max-snippet":"max-snippet:-1","max-image-preview":"max-image-preview:large","max-video-preview":"max-video-preview:-1"},"canonical":"https:\/\/www.montreuxjazzshop.com\/fr\/boutique\/musique\/dvd-cd\/john-mclaughlin-the-montreux-years-cd\/","og_locale":"fr_FR","og_type":"article","og_title":"John McLaughlin, The Montreux Years, CD","og_description":"John McLaughlin Montreux CD. La s\u00e9rie \u00abThe Montreux Years\u00bb d\u00e9voile des enregistrements rares et in\u00e9dits du Montreux Jazz Music Festival.","og_url":"https:\/\/www.montreuxjazzshop.com\/fr\/boutique\/musique\/dvd-cd\/john-mclaughlin-the-montreux-years-cd\/","og_site_name":"Montreux Jazz Festival Shop","article_publisher":"https:\/\/www.facebook.com\/montreuxjazzfestival","article_modified_time":"2026-01-14T10:00:43+00:00","og_image":[{"width":1212,"height":1212,"url":"https:\/\/www.montreuxjazzshop.com\/wp-content\/uploads\/2025\/05\/John-McLaughin-The-Montreux-Years-CD.jpg","type":"image\/jpeg"}],"twitter_card":"summary_large_image","twitter_site":"@MontreuxJazz","schema":{"@context":"https:\/\/schema.org","@graph":[{"@type":"WebPage","@id":"https:\/\/www.montreuxjazzshop.com\/fr\/boutique\/musique\/dvd-cd\/john-mclaughlin-the-montreux-years-cd\/","url":"https:\/\/www.montreuxjazzshop.com\/fr\/boutique\/musique\/dvd-cd\/john-mclaughlin-the-montreux-years-cd\/","name":"John McLaughlin, The Montreux Years, CD - Montreux Jazz Festival Shop","isPartOf":{"@id":"https:\/\/www.montreuxjazzshop.com\/fr\/#website"},"primaryImageOfPage":{"@id":"https:\/\/www.montreuxjazzshop.com\/fr\/boutique\/musique\/dvd-cd\/john-mclaughlin-the-montreux-years-cd\/#primaryimage"},"image":{"@id":"https:\/\/www.montreuxjazzshop.com\/fr\/boutique\/musique\/dvd-cd\/john-mclaughlin-the-montreux-years-cd\/#primaryimage"},"thumbnailUrl":"https:\/\/www.montreuxjazzshop.com\/wp-content\/uploads\/2025\/05\/John-McLaughin-The-Montreux-Years-CD.jpg","datePublished":"2025-09-11T13:18:35+00:00","dateModified":"2026-01-14T10:00:43+00:00","description":"John McLaughlin Montreux CD. La s\u00e9rie \u00abThe Montreux Years\u00bb d\u00e9voile des enregistrements rares et in\u00e9dits du Montreux Jazz Music Festival.","breadcrumb":{"@id":"https:\/\/www.montreuxjazzshop.com\/fr\/boutique\/musique\/dvd-cd\/john-mclaughlin-the-montreux-years-cd\/#breadcrumb"},"inLanguage":"fr-FR","potentialAction":[{"@type":"ReadAction","target":["https:\/\/www.montreuxjazzshop.com\/fr\/boutique\/musique\/dvd-cd\/john-mclaughlin-the-montreux-years-cd\/"]}]},{"@type":"ImageObject","inLanguage":"fr-FR","@id":"https:\/\/www.montreuxjazzshop.com\/fr\/boutique\/musique\/dvd-cd\/john-mclaughlin-the-montreux-years-cd\/#primaryimage","url":"https:\/\/www.montreuxjazzshop.com\/wp-content\/uploads\/2025\/05\/John-McLaughin-The-Montreux-Years-CD.jpg","contentUrl":"https:\/\/www.montreuxjazzshop.com\/wp-content\/uploads\/2025\/05\/John-McLaughin-The-Montreux-Years-CD.jpg","width":1212,"height":1212,"caption":"John McLaughlin, The Montreux Years CD, avec une couverture repr\u00e9sentant McLaughlin jouant de la guitare et un texte jaune et sarcelle. Le CD est de couleur sarcelle avec un texte jaune et blanc. L'\u00e9tui est inclus."},{"@type":"BreadcrumbList","@id":"https:\/\/www.montreuxjazzshop.com\/fr\/boutique\/musique\/dvd-cd\/john-mclaughlin-the-montreux-years-cd\/#breadcrumb","itemListElement":[{"@type":"ListItem","position":1,"name":"Accueil","item":"https:\/\/www.montreuxjazzshop.com\/fr\/"},{"@type":"ListItem","position":2,"name":"Boutique","item":"https:\/\/www.montreuxjazzshop.com\/fr\/boutique\/"},{"@type":"ListItem","position":3,"name":"John McLaughlin, The Montreux Years, CD"}]},{"@type":"WebSite","@id":"https:\/\/www.montreuxjazzshop.com\/fr\/#website","url":"https:\/\/www.montreuxjazzshop.com\/fr\/","name":"Montreux Jazz Shop","description":"The Montreux Jazz Festival shop","potentialAction":[{"@type":"SearchAction","target":{"@type":"EntryPoint","urlTemplate":"https:\/\/www.montreuxjazzshop.com\/fr\/?s={search_term_string}"},"query-input":{"@type":"PropertyValueSpecification","valueRequired":true,"valueName":"search_term_string"}}],"inLanguage":"fr-FR"}]},"product_price_amount":"25.00","product_price_currency":"CHF","og_availability":"instock","product_availability":"instock","product_retailer_item_id":"5000101132022","product_condition":"new"},"_links":{"self":[{"href":"https:\/\/www.montreuxjazzshop.com\/fr\/wp-json\/wp\/v2\/product\/3139","targetHints":{"allow":["GET"]}}],"collection":[{"href":"https:\/\/www.montreuxjazzshop.com\/fr\/wp-json\/wp\/v2\/product"}],"about":[{"href":"https:\/\/www.montreuxjazzshop.com\/fr\/wp-json\/wp\/v2\/types\/product"}],"wp:featuredmedia":[{"embeddable":true,"href":"https:\/\/www.montreuxjazzshop.com\/fr\/wp-json\/wp\/v2\/media\/824"}],"wp:attachment":[{"href":"https:\/\/www.montreuxjazzshop.com\/fr\/wp-json\/wp\/v2\/media?parent=3139"}],"wp:term":[{"taxonomy":"artist","embeddable":true,"href":"https:\/\/www.montreuxjazzshop.com\/fr\/wp-json\/wp\/v2\/artist?post=3139"},{"taxonomy":"artist-category","embeddable":true,"href":"https:\/\/www.montreuxjazzshop.com\/fr\/wp-json\/wp\/v2\/artist-category?post=3139"},{"taxonomy":"edition","embeddable":true,"href":"https:\/\/www.montreuxjazzshop.com\/fr\/wp-json\/wp\/v2\/edition?post=3139"},{"taxonomy":"product_brand","embeddable":true,"href":"https:\/\/www.montreuxjazzshop.com\/fr\/wp-json\/wp\/v2\/product_brand?post=3139"},{"taxonomy":"product_cat","embeddable":true,"href":"https:\/\/www.montreuxjazzshop.com\/fr\/wp-json\/wp\/v2\/product_cat?post=3139"},{"taxonomy":"product_tag","embeddable":true,"href":"https:\/\/www.montreuxjazzshop.com\/fr\/wp-json\/wp\/v2\/product_tag?post=3139"}],"curies":[{"name":"wp","href":"https:\/\/api.w.org\/{rel}","templated":true}]}}