{"id":3132,"date":"2025-09-11T15:18:34","date_gmt":"2025-09-11T13:18:34","guid":{"rendered":"https:\/\/www.montreuxjazzshop.com\/?post_type=product&#038;p=3132"},"modified":"2026-01-14T10:59:56","modified_gmt":"2026-01-14T09:59:56","slug":"nina-simone-the-montreux-years-double-cd","status":"publish","type":"product","link":"https:\/\/www.montreuxjazzshop.com\/fr\/boutique\/musique\/dvd-cd\/nina-simone-the-montreux-years-double-cd\/","title":{"rendered":"Nina Simone, The Montreux Years, Double CD"},"content":{"rendered":"<ul>\n<li>2 CD<\/li>\n<\/ul>\n<p>L\u2019album \u00abNina Simone: The Montreux Years\u00bb comprend des enregistrements de ses cinq concerts l\u00e9gendaires \u00e0 Montreux &#8211; 1968, 1976, 1981, 1987 et 1990. Son concert fougueux et impr\u00e9visible de 1976 est l\u2019une des performances les plus remarquables jamais vues au Festival.Avec des enregistrements rares et in\u00e9dits, les inconditionnels de Nina Simone du monde entier appr\u00e9cieront la version puissante de \u00abI Wish I Knew How It Would Feel To Be Free\u00bb, la poignante \u00abFour Women\u00bb et les magnifiques interpr\u00e9tations de \u00abNe Me Quitte Pas\u00bb de Jacques Brel, \u00abStars\u00bb de Janis Ian ou encore \u00abNo Woman No Cry\u00bb de Bob Marley. La collection se termine par le rappel du dernier concert de Nina Simone au Montreux Jazz Festival avec l\u2019un de ses enregistrements les plus connus, \u00abMy Baby Just Cares For Me\u00bb, qui met en lumi\u00e8re les facettes profondes et complexes de sa vie et de sa musique.L\u2019\u00e9dition CD de \u00abNina Simone: The Montreux Years\u00bb comprendra pour la toute premi\u00e8re fois l\u2019int\u00e9gralit\u00e9 du concert historique de Simone en 1968.<\/p>\n<p><strong>CD 1<\/strong><br \/>\n<strong>1. Someone To Watch Over Me<\/strong><br \/>\nau Casino Montreux Date le 10\/7\/1987<br \/>\n<strong>2. Backlash Blues<\/strong><br \/>\nau Casino Montreux Date le 3\/7\/1976<br \/>\n<strong>3. I Wish I Knew How It Would Feel To Be Free<\/strong><br \/>\nau Casino Montreux Date le 3\/7\/1976<br \/>\n<strong>4. See-Line Woman<\/strong><br \/>\nau Casino Montreux Date le 13\/7\/1990<br \/>\n<strong>5. Little Girl Blue (Pt 1 and 2)<\/strong><br \/>\nau Casino Montreux Date le 3\/7\/1976<br \/>\n<strong>6. Don&rsquo;t Smoke In Bed<\/strong><br \/>\nau Casino Montreux Date le 13\/7\/1990<br \/>\n<strong>7. Stars<\/strong><br \/>\nau Casino Montreux Date le 3\/7\/1976<br \/>\n<strong>8. What A Little Moonlight Can Do<\/strong><br \/>\nau Casino Montreux Date le 13\/7\/1990<br \/>\n<strong>9. African Mailman<\/strong><br \/>\nau Casino Montreux Date le 3\/7\/1976<br \/>\n<strong>10. Just In Time<\/strong><br \/>\nau Casino Kursaal le 16\/6\/1968<br \/>\n<strong>11. Four Women<\/strong><br \/>\nau Casino Montreux Date le 13\/7\/1990<br \/>\n<strong>12. No Woman No Cry<\/strong><br \/>\nau Casino Montreux Date le 13\/7\/1990<br \/>\n<strong>13. Liberian Calypso<\/strong><br \/>\nau Casino Montreux Date le 13\/7\/1990<br \/>\n<strong>14. Ne Me Quitte Pas<\/strong><br \/>\nau Casino Montreux Date le 13\/7\/1990<br \/>\n<strong>15. Montreux Blues<\/strong><br \/>\nau Casino Montreux le 19\/7\/1981<br \/>\n<strong>16. My Baby Just Cares For Me<\/strong><br \/>\nau Casino Montreux Date le 13\/7\/1990<\/p>\n<p><strong>CD 2<\/strong><br \/>\n<strong>1. Intro<br \/>\n<\/strong>au Casino Kursaal le 16\/6\/1968<strong><br \/>\n2. Go To Hell<br \/>\n<\/strong>au Casino Kursaal le 16\/6\/1968<strong><br \/>\n3. Just In Time<br \/>\n<\/strong>au Casino Kursaal le 16\/6\/1968<strong><br \/>\n4. When I Was A Young Girl<br \/>\n<\/strong>au Casino Kursaal le 16\/6\/1968<strong><br \/>\n5. Don&rsquo;t Let Me Be Misunderstood<br \/>\n<\/strong>au Casino Kursaal le 16\/6\/1968<strong><br \/>\n6. Ne Me Quitte Pas<br \/>\n<\/strong>au Casino Kursaal le 16\/6\/1968<strong><br \/>\n7. To Love Somebody<br \/>\n<\/strong>au Casino Kursaal le 16\/6\/1968<br \/>\n<strong>8. Backlash Blues<\/strong><br \/>\nau Casino Kursaal le 16\/6\/1968<strong><br \/>\n9. The House Of The Rising Sun<br \/>\n<\/strong>au Casino Kursaal le 16\/6\/1968<strong><br \/>\n10. See Line Woman<br \/>\n<\/strong>au Casino Kursaal le 16\/6\/1968<strong><br \/>\n11. Please Read Me<br \/>\n<\/strong>au Casino Kursaal le 16\/6\/1968<strong><br \/>\n12. Ain&rsquo;t Got No, I Got Life<br \/>\n<\/strong>au Casino Kursaal le 16\/6\/1968<strong><br \/>\n13. Gin House Blues<br \/>\n<\/strong>au Casino Kursaal le 16\/6\/1968<strong><br \/>\n14. I Wish I Knew How It Would Feel To Be Free<br \/>\n<\/strong>au Casino Kursaal le 16\/6\/1968<\/p>\n","protected":false},"excerpt":{"rendered":"<p>Le Montreux Jazz Festival et BMG lancent une s\u00e9rie d\u2019albums appel\u00e9e \u00abThe Montreux Years\u00bb, issue de la vaste collection audiovisuelle du fondateur du Festival, Claude Nobs (Montreux Sounds). Puisant dans les 55 ans d\u2019histoire du Montreux Jazz Festival, la s\u00e9rie \u00abThe Montreux Years\u00bb d\u00e9voile des enregistrements rares et in\u00e9dits, compilant des performances l\u00e9gendaires d\u2019artistes embl\u00e9matiques sur plusieurs ann\u00e9es.<\/p>\n<p>L\u2019histoire de Nina Simone, de la fin des ann\u00e9es 1960 aux ann\u00e9es 1990, peut \u00eatre racont\u00e9e \u00e0 travers ses performances l\u00e9gendaires \u00e0 Montreux. Depuis son premier concert \u00e0 la deuxi\u00e8me \u00e9dition du Montreux Jazz Festival en 1968, Nina Simone a construit une relation durable avec le Festival et son fondateur Claude Nobs.<\/p>\n","protected":false},"featured_media":762,"template":"","meta":{"_acf_changed":false},"artist":[],"artist-category":[],"edition":[177],"product_brand":[],"product_cat":[323,304,305],"product_tag":[],"class_list":{"0":"post-3132","1":"product","2":"type-product","3":"status-publish","4":"has-post-thumbnail","6":"edition-177","7":"product_cat-dvd-cd","8":"product_cat-musique","9":"product_cat-vinyls-fr","10":"product_shipping_class-petits-objets-et-dvd","12":"first","13":"outofstock","14":"taxable","15":"shipping-taxable","16":"purchasable","17":"product-type-simple"},"bundled_by":[],"bundle_stock_status":"outofstock","bundle_stock_quantity":0,"bundle_virtual":false,"bundle_layout":"","bundle_add_to_cart_form_location":"","bundle_editable_in_cart":false,"bundle_sold_individually_context":"","bundle_item_grouping":"","bundle_min_size":"","bundle_max_size":"","bundle_price":[],"bundled_items":[],"bundle_sell_ids":[],"acf":[],"yoast_head":"<!-- This site is optimized with the Yoast SEO Premium plugin v26.4 (Yoast SEO v27.4) - https:\/\/yoast.com\/product\/yoast-seo-premium-wordpress\/ -->\n<title>Nina Simone, The Montreux Years, Double CD - Montreux Jazz Festival Shop<\/title>\n<meta name=\"description\" content=\"Nina Simone The Montreux Years double CD. L\u2019histoire de Nina Simone, peut \u00eatre racont\u00e9e \u00e0 travers ses performances l\u00e9gendaires au c\u00e9l\u00e8bre Jazz Festival.\" \/>\n<meta name=\"robots\" content=\"index, follow, max-snippet:-1, max-image-preview:large, max-video-preview:-1\" \/>\n<link rel=\"canonical\" href=\"https:\/\/www.montreuxjazzshop.com\/fr\/boutique\/musique\/dvd-cd\/nina-simone-the-montreux-years-double-cd\/\" \/>\n<meta property=\"og:locale\" content=\"fr_FR\" \/>\n<meta property=\"og:type\" content=\"article\" \/>\n<meta property=\"og:title\" content=\"Nina Simone, The Montreux Years, Double CD\" \/>\n<meta property=\"og:description\" content=\"Nina Simone The Montreux Years double CD. L\u2019histoire de Nina Simone, peut \u00eatre racont\u00e9e \u00e0 travers ses performances l\u00e9gendaires au c\u00e9l\u00e8bre Jazz Festival.\" \/>\n<meta property=\"og:url\" content=\"https:\/\/www.montreuxjazzshop.com\/fr\/boutique\/musique\/dvd-cd\/nina-simone-the-montreux-years-double-cd\/\" \/>\n<meta property=\"og:site_name\" content=\"Montreux Jazz Festival Shop\" \/>\n<meta property=\"article:publisher\" content=\"https:\/\/www.facebook.com\/montreuxjazzfestival\" \/>\n<meta property=\"article:modified_time\" content=\"2026-01-14T09:59:56+00:00\" \/>\n<meta property=\"og:image\" content=\"https:\/\/www.montreuxjazzshop.com\/wp-content\/uploads\/2025\/05\/Nina-Simone-The-Montreux-Years-Double-CD-Album.jpg\" \/>\n\t<meta property=\"og:image:width\" content=\"2000\" \/>\n\t<meta property=\"og:image:height\" content=\"2000\" \/>\n\t<meta property=\"og:image:type\" content=\"image\/jpeg\" \/>\n<meta name=\"twitter:card\" content=\"summary_large_image\" \/>\n<meta name=\"twitter:site\" content=\"@MontreuxJazz\" \/>\n<script type=\"application\/ld+json\" class=\"yoast-schema-graph\">{\"@context\":\"https:\\\/\\\/schema.org\",\"@graph\":[{\"@type\":\"WebPage\",\"@id\":\"https:\\\/\\\/www.montreuxjazzshop.com\\\/fr\\\/boutique\\\/musique\\\/dvd-cd\\\/nina-simone-the-montreux-years-double-cd\\\/\",\"url\":\"https:\\\/\\\/www.montreuxjazzshop.com\\\/fr\\\/boutique\\\/musique\\\/dvd-cd\\\/nina-simone-the-montreux-years-double-cd\\\/\",\"name\":\"Nina Simone, The Montreux Years, Double CD - Montreux Jazz Festival Shop\",\"isPartOf\":{\"@id\":\"https:\\\/\\\/www.montreuxjazzshop.com\\\/fr\\\/#website\"},\"primaryImageOfPage\":{\"@id\":\"https:\\\/\\\/www.montreuxjazzshop.com\\\/fr\\\/boutique\\\/musique\\\/dvd-cd\\\/nina-simone-the-montreux-years-double-cd\\\/#primaryimage\"},\"image\":{\"@id\":\"https:\\\/\\\/www.montreuxjazzshop.com\\\/fr\\\/boutique\\\/musique\\\/dvd-cd\\\/nina-simone-the-montreux-years-double-cd\\\/#primaryimage\"},\"thumbnailUrl\":\"https:\\\/\\\/www.montreuxjazzshop.com\\\/wp-content\\\/uploads\\\/2025\\\/05\\\/Nina-Simone-The-Montreux-Years-Double-CD-Album.jpg\",\"datePublished\":\"2025-09-11T13:18:34+00:00\",\"dateModified\":\"2026-01-14T09:59:56+00:00\",\"description\":\"Nina Simone The Montreux Years double CD. L\u2019histoire de Nina Simone, peut \u00eatre racont\u00e9e \u00e0 travers ses performances l\u00e9gendaires au c\u00e9l\u00e8bre Jazz Festival.\",\"breadcrumb\":{\"@id\":\"https:\\\/\\\/www.montreuxjazzshop.com\\\/fr\\\/boutique\\\/musique\\\/dvd-cd\\\/nina-simone-the-montreux-years-double-cd\\\/#breadcrumb\"},\"inLanguage\":\"fr-FR\",\"potentialAction\":[{\"@type\":\"ReadAction\",\"target\":[\"https:\\\/\\\/www.montreuxjazzshop.com\\\/fr\\\/boutique\\\/musique\\\/dvd-cd\\\/nina-simone-the-montreux-years-double-cd\\\/\"]}]},{\"@type\":\"ImageObject\",\"inLanguage\":\"fr-FR\",\"@id\":\"https:\\\/\\\/www.montreuxjazzshop.com\\\/fr\\\/boutique\\\/musique\\\/dvd-cd\\\/nina-simone-the-montreux-years-double-cd\\\/#primaryimage\",\"url\":\"https:\\\/\\\/www.montreuxjazzshop.com\\\/wp-content\\\/uploads\\\/2025\\\/05\\\/Nina-Simone-The-Montreux-Years-Double-CD-Album.jpg\",\"contentUrl\":\"https:\\\/\\\/www.montreuxjazzshop.com\\\/wp-content\\\/uploads\\\/2025\\\/05\\\/Nina-Simone-The-Montreux-Years-Double-CD-Album.jpg\",\"width\":2000,\"height\":2000,\"caption\":\"Le double CD Nina Simone, The Montreux Years, comporte une photo en noir et blanc de Nina Simone chantant sur la couverture, entour\u00e9e de motifs abstraits vibrants, et comprend deux disques partiellement visibles, l'un vert et l'autre bleu.\"},{\"@type\":\"BreadcrumbList\",\"@id\":\"https:\\\/\\\/www.montreuxjazzshop.com\\\/fr\\\/boutique\\\/musique\\\/dvd-cd\\\/nina-simone-the-montreux-years-double-cd\\\/#breadcrumb\",\"itemListElement\":[{\"@type\":\"ListItem\",\"position\":1,\"name\":\"Accueil\",\"item\":\"https:\\\/\\\/www.montreuxjazzshop.com\\\/fr\\\/\"},{\"@type\":\"ListItem\",\"position\":2,\"name\":\"Boutique\",\"item\":\"https:\\\/\\\/www.montreuxjazzshop.com\\\/fr\\\/boutique\\\/\"},{\"@type\":\"ListItem\",\"position\":3,\"name\":\"Nina Simone, The Montreux Years, Double CD\"}]},{\"@type\":\"WebSite\",\"@id\":\"https:\\\/\\\/www.montreuxjazzshop.com\\\/fr\\\/#website\",\"url\":\"https:\\\/\\\/www.montreuxjazzshop.com\\\/fr\\\/\",\"name\":\"Montreux Jazz Shop\",\"description\":\"The Montreux Jazz Festival shop\",\"potentialAction\":[{\"@type\":\"SearchAction\",\"target\":{\"@type\":\"EntryPoint\",\"urlTemplate\":\"https:\\\/\\\/www.montreuxjazzshop.com\\\/fr\\\/?s={search_term_string}\"},\"query-input\":{\"@type\":\"PropertyValueSpecification\",\"valueRequired\":true,\"valueName\":\"search_term_string\"}}],\"inLanguage\":\"fr-FR\"}]}<\/script>\n<meta property=\"product:price:amount\" content=\"25.00\" \/>\n<meta property=\"product:price:currency\" content=\"CHF\" \/>\n<meta property=\"og:availability\" content=\"out of stock\" \/>\n<meta property=\"product:availability\" content=\"out of stock\" \/>\n<meta property=\"product:retailer_item_id\" content=\"5000101102021\" \/>\n<meta property=\"product:condition\" content=\"new\" \/>\n<!-- \/ Yoast SEO Premium plugin. -->","yoast_head_json":{"title":"Nina Simone, The Montreux Years, Double CD - Montreux Jazz Festival Shop","description":"Nina Simone The Montreux Years double CD. L\u2019histoire de Nina Simone, peut \u00eatre racont\u00e9e \u00e0 travers ses performances l\u00e9gendaires au c\u00e9l\u00e8bre Jazz Festival.","robots":{"index":"index","follow":"follow","max-snippet":"max-snippet:-1","max-image-preview":"max-image-preview:large","max-video-preview":"max-video-preview:-1"},"canonical":"https:\/\/www.montreuxjazzshop.com\/fr\/boutique\/musique\/dvd-cd\/nina-simone-the-montreux-years-double-cd\/","og_locale":"fr_FR","og_type":"article","og_title":"Nina Simone, The Montreux Years, Double CD","og_description":"Nina Simone The Montreux Years double CD. L\u2019histoire de Nina Simone, peut \u00eatre racont\u00e9e \u00e0 travers ses performances l\u00e9gendaires au c\u00e9l\u00e8bre Jazz Festival.","og_url":"https:\/\/www.montreuxjazzshop.com\/fr\/boutique\/musique\/dvd-cd\/nina-simone-the-montreux-years-double-cd\/","og_site_name":"Montreux Jazz Festival Shop","article_publisher":"https:\/\/www.facebook.com\/montreuxjazzfestival","article_modified_time":"2026-01-14T09:59:56+00:00","og_image":[{"width":2000,"height":2000,"url":"https:\/\/www.montreuxjazzshop.com\/wp-content\/uploads\/2025\/05\/Nina-Simone-The-Montreux-Years-Double-CD-Album.jpg","type":"image\/jpeg"}],"twitter_card":"summary_large_image","twitter_site":"@MontreuxJazz","schema":{"@context":"https:\/\/schema.org","@graph":[{"@type":"WebPage","@id":"https:\/\/www.montreuxjazzshop.com\/fr\/boutique\/musique\/dvd-cd\/nina-simone-the-montreux-years-double-cd\/","url":"https:\/\/www.montreuxjazzshop.com\/fr\/boutique\/musique\/dvd-cd\/nina-simone-the-montreux-years-double-cd\/","name":"Nina Simone, The Montreux Years, Double CD - Montreux Jazz Festival Shop","isPartOf":{"@id":"https:\/\/www.montreuxjazzshop.com\/fr\/#website"},"primaryImageOfPage":{"@id":"https:\/\/www.montreuxjazzshop.com\/fr\/boutique\/musique\/dvd-cd\/nina-simone-the-montreux-years-double-cd\/#primaryimage"},"image":{"@id":"https:\/\/www.montreuxjazzshop.com\/fr\/boutique\/musique\/dvd-cd\/nina-simone-the-montreux-years-double-cd\/#primaryimage"},"thumbnailUrl":"https:\/\/www.montreuxjazzshop.com\/wp-content\/uploads\/2025\/05\/Nina-Simone-The-Montreux-Years-Double-CD-Album.jpg","datePublished":"2025-09-11T13:18:34+00:00","dateModified":"2026-01-14T09:59:56+00:00","description":"Nina Simone The Montreux Years double CD. L\u2019histoire de Nina Simone, peut \u00eatre racont\u00e9e \u00e0 travers ses performances l\u00e9gendaires au c\u00e9l\u00e8bre Jazz Festival.","breadcrumb":{"@id":"https:\/\/www.montreuxjazzshop.com\/fr\/boutique\/musique\/dvd-cd\/nina-simone-the-montreux-years-double-cd\/#breadcrumb"},"inLanguage":"fr-FR","potentialAction":[{"@type":"ReadAction","target":["https:\/\/www.montreuxjazzshop.com\/fr\/boutique\/musique\/dvd-cd\/nina-simone-the-montreux-years-double-cd\/"]}]},{"@type":"ImageObject","inLanguage":"fr-FR","@id":"https:\/\/www.montreuxjazzshop.com\/fr\/boutique\/musique\/dvd-cd\/nina-simone-the-montreux-years-double-cd\/#primaryimage","url":"https:\/\/www.montreuxjazzshop.com\/wp-content\/uploads\/2025\/05\/Nina-Simone-The-Montreux-Years-Double-CD-Album.jpg","contentUrl":"https:\/\/www.montreuxjazzshop.com\/wp-content\/uploads\/2025\/05\/Nina-Simone-The-Montreux-Years-Double-CD-Album.jpg","width":2000,"height":2000,"caption":"Le double CD Nina Simone, The Montreux Years, comporte une photo en noir et blanc de Nina Simone chantant sur la couverture, entour\u00e9e de motifs abstraits vibrants, et comprend deux disques partiellement visibles, l'un vert et l'autre bleu."},{"@type":"BreadcrumbList","@id":"https:\/\/www.montreuxjazzshop.com\/fr\/boutique\/musique\/dvd-cd\/nina-simone-the-montreux-years-double-cd\/#breadcrumb","itemListElement":[{"@type":"ListItem","position":1,"name":"Accueil","item":"https:\/\/www.montreuxjazzshop.com\/fr\/"},{"@type":"ListItem","position":2,"name":"Boutique","item":"https:\/\/www.montreuxjazzshop.com\/fr\/boutique\/"},{"@type":"ListItem","position":3,"name":"Nina Simone, The Montreux Years, Double CD"}]},{"@type":"WebSite","@id":"https:\/\/www.montreuxjazzshop.com\/fr\/#website","url":"https:\/\/www.montreuxjazzshop.com\/fr\/","name":"Montreux Jazz Shop","description":"The Montreux Jazz Festival shop","potentialAction":[{"@type":"SearchAction","target":{"@type":"EntryPoint","urlTemplate":"https:\/\/www.montreuxjazzshop.com\/fr\/?s={search_term_string}"},"query-input":{"@type":"PropertyValueSpecification","valueRequired":true,"valueName":"search_term_string"}}],"inLanguage":"fr-FR"}]},"product_price_amount":"25.00","product_price_currency":"CHF","og_availability":"out of stock","product_availability":"out of stock","product_retailer_item_id":"5000101102021","product_condition":"new"},"_links":{"self":[{"href":"https:\/\/www.montreuxjazzshop.com\/fr\/wp-json\/wp\/v2\/product\/3132","targetHints":{"allow":["GET"]}}],"collection":[{"href":"https:\/\/www.montreuxjazzshop.com\/fr\/wp-json\/wp\/v2\/product"}],"about":[{"href":"https:\/\/www.montreuxjazzshop.com\/fr\/wp-json\/wp\/v2\/types\/product"}],"wp:featuredmedia":[{"embeddable":true,"href":"https:\/\/www.montreuxjazzshop.com\/fr\/wp-json\/wp\/v2\/media\/762"}],"wp:attachment":[{"href":"https:\/\/www.montreuxjazzshop.com\/fr\/wp-json\/wp\/v2\/media?parent=3132"}],"wp:term":[{"taxonomy":"artist","embeddable":true,"href":"https:\/\/www.montreuxjazzshop.com\/fr\/wp-json\/wp\/v2\/artist?post=3132"},{"taxonomy":"artist-category","embeddable":true,"href":"https:\/\/www.montreuxjazzshop.com\/fr\/wp-json\/wp\/v2\/artist-category?post=3132"},{"taxonomy":"edition","embeddable":true,"href":"https:\/\/www.montreuxjazzshop.com\/fr\/wp-json\/wp\/v2\/edition?post=3132"},{"taxonomy":"product_brand","embeddable":true,"href":"https:\/\/www.montreuxjazzshop.com\/fr\/wp-json\/wp\/v2\/product_brand?post=3132"},{"taxonomy":"product_cat","embeddable":true,"href":"https:\/\/www.montreuxjazzshop.com\/fr\/wp-json\/wp\/v2\/product_cat?post=3132"},{"taxonomy":"product_tag","embeddable":true,"href":"https:\/\/www.montreuxjazzshop.com\/fr\/wp-json\/wp\/v2\/product_tag?post=3132"}],"curies":[{"name":"wp","href":"https:\/\/api.w.org\/{rel}","templated":true}]}}