{"id":3114,"date":"2025-09-11T15:18:32","date_gmt":"2025-09-11T13:18:32","guid":{"rendered":"https:\/\/www.montreuxjazzshop.com\/?post_type=product&#038;p=3114"},"modified":"2026-02-11T10:56:21","modified_gmt":"2026-02-11T09:56:21","slug":"affiche-restart-eva-temponera-montreux-jazz","status":"publish","type":"product","link":"https:\/\/www.montreuxjazzshop.com\/fr\/boutique\/posters\/restart-posters-2021\/affiche-restart-eva-temponera-montreux-jazz\/","title":{"rendered":"Affiche Restart, Eva Temponera"},"content":{"rendered":"<ul>\n<li>50&#215;70 cm<\/li>\n<li>\u00c9dition limit\u00e9e \u00e0 100 exemplaires<\/li>\n<li>FineArtPrints<\/li>\n<li>Imprim\u00e9 sur Museum Fibre matt 200g<\/li>\n<li>Sans cadre<\/li>\n<\/ul>\n","protected":false},"excerpt":{"rendered":"<h4>\u00c9dition limit\u00e9e &#8211; 50&#215;70 cm<\/h4>\n<p>Apr\u00e8s le succ\u00e8s du concours d\u2019affiches \u00abSilent Shores\u00bb, lanc\u00e9 en 2020, le Montreux Jazz Festival relance une op\u00e9ration dans le domaine des arts visuels, sur le th\u00e8me \u00abRESTART\u00bb. Eva Temponera fait partie du TOP 10 du concours \u00abRESTART\u00bb.<\/p>\n<p><em>\u00abA piano key as a restart button indicating the necessity and almost emergency of a new starting point. A notice revealing the end of anticipation and the chance for a new beginning in other terms and arrangements\u00bb. Eva Temponera, graphiste<\/em><\/p>\n","protected":false},"featured_media":742,"template":"","meta":{"_acf_changed":false},"artist":[],"artist-category":[],"edition":[177],"product_brand":[],"product_cat":[307,322],"product_tag":[],"class_list":{"0":"post-3114","1":"product","2":"type-product","3":"status-publish","4":"has-post-thumbnail","6":"edition-177","7":"product_cat-posters","8":"product_cat-restart-posters-2021","9":"product_shipping_class-affiche","11":"first","12":"outofstock","13":"taxable","14":"shipping-taxable","15":"purchasable","16":"product-type-simple"},"bundled_by":[],"bundle_stock_status":"outofstock","bundle_stock_quantity":0,"bundle_virtual":false,"bundle_layout":"","bundle_add_to_cart_form_location":"","bundle_editable_in_cart":false,"bundle_sold_individually_context":"","bundle_item_grouping":"","bundle_min_size":"","bundle_max_size":"","bundle_price":[],"bundled_items":[],"bundle_sell_ids":[],"acf":[],"yoast_head":"<!-- This site is optimized with the Yoast SEO Premium plugin v26.4 (Yoast SEO v27.4) - https:\/\/yoast.com\/product\/yoast-seo-premium-wordpress\/ -->\n<title>Affiche Restart, Eva Temponera - Montreux Jazz Festival Shop<\/title>\n<meta name=\"description\" content=\"Affiche Restart Montreux Jazz Festival. Eva Temponera. Concours d&#039;affiches lanc\u00e9 en 2021 apr\u00e8s le succ\u00e8s de celui intitul\u00e9 Silent Shores. \u00c9dition limit\u00e9e.\" \/>\n<meta name=\"robots\" content=\"index, follow, max-snippet:-1, max-image-preview:large, max-video-preview:-1\" \/>\n<link rel=\"canonical\" href=\"https:\/\/www.montreuxjazzshop.com\/fr\/boutique\/posters\/restart-posters-2021\/affiche-restart-eva-temponera-montreux-jazz\/\" \/>\n<meta property=\"og:locale\" content=\"fr_FR\" \/>\n<meta property=\"og:type\" content=\"article\" \/>\n<meta property=\"og:title\" content=\"Affiche Restart, Eva Temponera\" \/>\n<meta property=\"og:description\" content=\"Affiche Restart Montreux Jazz Festival. Eva Temponera. Concours d&#039;affiches lanc\u00e9 en 2021 apr\u00e8s le succ\u00e8s de celui intitul\u00e9 Silent Shores. \u00c9dition limit\u00e9e.\" \/>\n<meta property=\"og:url\" content=\"https:\/\/www.montreuxjazzshop.com\/fr\/boutique\/posters\/restart-posters-2021\/affiche-restart-eva-temponera-montreux-jazz\/\" \/>\n<meta property=\"og:site_name\" content=\"Montreux Jazz Festival Shop\" \/>\n<meta property=\"article:publisher\" content=\"https:\/\/www.facebook.com\/montreuxjazzfestival\" \/>\n<meta property=\"article:modified_time\" content=\"2026-02-11T09:56:21+00:00\" \/>\n<meta property=\"og:image\" content=\"https:\/\/www.montreuxjazzshop.com\/wp-content\/uploads\/2025\/05\/MJF21-Concours-Restart-50x70-Frame-Eva-Temponera.jpg\" \/>\n\t<meta property=\"og:image:width\" content=\"2000\" \/>\n\t<meta property=\"og:image:height\" content=\"2000\" \/>\n\t<meta property=\"og:image:type\" content=\"image\/jpeg\" \/>\n<meta name=\"twitter:card\" content=\"summary_large_image\" \/>\n<meta name=\"twitter:site\" content=\"@MontreuxJazz\" \/>\n<script type=\"application\/ld+json\" class=\"yoast-schema-graph\">{\"@context\":\"https:\\\/\\\/schema.org\",\"@graph\":[{\"@type\":\"WebPage\",\"@id\":\"https:\\\/\\\/www.montreuxjazzshop.com\\\/fr\\\/boutique\\\/posters\\\/restart-posters-2021\\\/affiche-restart-eva-temponera-montreux-jazz\\\/\",\"url\":\"https:\\\/\\\/www.montreuxjazzshop.com\\\/fr\\\/boutique\\\/posters\\\/restart-posters-2021\\\/affiche-restart-eva-temponera-montreux-jazz\\\/\",\"name\":\"Affiche Restart, Eva Temponera - Montreux Jazz Festival Shop\",\"isPartOf\":{\"@id\":\"https:\\\/\\\/www.montreuxjazzshop.com\\\/fr\\\/#website\"},\"primaryImageOfPage\":{\"@id\":\"https:\\\/\\\/www.montreuxjazzshop.com\\\/fr\\\/boutique\\\/posters\\\/restart-posters-2021\\\/affiche-restart-eva-temponera-montreux-jazz\\\/#primaryimage\"},\"image\":{\"@id\":\"https:\\\/\\\/www.montreuxjazzshop.com\\\/fr\\\/boutique\\\/posters\\\/restart-posters-2021\\\/affiche-restart-eva-temponera-montreux-jazz\\\/#primaryimage\"},\"thumbnailUrl\":\"https:\\\/\\\/www.montreuxjazzshop.com\\\/wp-content\\\/uploads\\\/2025\\\/05\\\/MJF21-Concours-Restart-50x70-Frame-Eva-Temponera.jpg\",\"datePublished\":\"2025-09-11T13:18:32+00:00\",\"dateModified\":\"2026-02-11T09:56:21+00:00\",\"description\":\"Affiche Restart Montreux Jazz Festival. Eva Temponera. Concours d'affiches lanc\u00e9 en 2021 apr\u00e8s le succ\u00e8s de celui intitul\u00e9 Silent Shores. \u00c9dition limit\u00e9e.\",\"breadcrumb\":{\"@id\":\"https:\\\/\\\/www.montreuxjazzshop.com\\\/fr\\\/boutique\\\/posters\\\/restart-posters-2021\\\/affiche-restart-eva-temponera-montreux-jazz\\\/#breadcrumb\"},\"inLanguage\":\"fr-FR\",\"potentialAction\":[{\"@type\":\"ReadAction\",\"target\":[\"https:\\\/\\\/www.montreuxjazzshop.com\\\/fr\\\/boutique\\\/posters\\\/restart-posters-2021\\\/affiche-restart-eva-temponera-montreux-jazz\\\/\"]}]},{\"@type\":\"ImageObject\",\"inLanguage\":\"fr-FR\",\"@id\":\"https:\\\/\\\/www.montreuxjazzshop.com\\\/fr\\\/boutique\\\/posters\\\/restart-posters-2021\\\/affiche-restart-eva-temponera-montreux-jazz\\\/#primaryimage\",\"url\":\"https:\\\/\\\/www.montreuxjazzshop.com\\\/wp-content\\\/uploads\\\/2025\\\/05\\\/MJF21-Concours-Restart-50x70-Frame-Eva-Temponera.jpg\",\"contentUrl\":\"https:\\\/\\\/www.montreuxjazzshop.com\\\/wp-content\\\/uploads\\\/2025\\\/05\\\/MJF21-Concours-Restart-50x70-Frame-Eva-Temponera.jpg\",\"width\":2000,\"height\":2000,\"caption\":\"L'\u0153uvre encadr\u00e9e Affiche Restart, Eva Temponera, repr\u00e9sente une grande main noire textur\u00e9e sur fond rouge vif, dont l'index pointe vers le bas cinq petites formes noires ressemblant \u00e0 des b\u00e2timents ou \u00e0 des cl\u00e9s.\"},{\"@type\":\"BreadcrumbList\",\"@id\":\"https:\\\/\\\/www.montreuxjazzshop.com\\\/fr\\\/boutique\\\/posters\\\/restart-posters-2021\\\/affiche-restart-eva-temponera-montreux-jazz\\\/#breadcrumb\",\"itemListElement\":[{\"@type\":\"ListItem\",\"position\":1,\"name\":\"Accueil\",\"item\":\"https:\\\/\\\/www.montreuxjazzshop.com\\\/fr\\\/\"},{\"@type\":\"ListItem\",\"position\":2,\"name\":\"Boutique\",\"item\":\"https:\\\/\\\/www.montreuxjazzshop.com\\\/fr\\\/boutique\\\/\"},{\"@type\":\"ListItem\",\"position\":3,\"name\":\"Affiche Restart, Eva Temponera\"}]},{\"@type\":\"WebSite\",\"@id\":\"https:\\\/\\\/www.montreuxjazzshop.com\\\/fr\\\/#website\",\"url\":\"https:\\\/\\\/www.montreuxjazzshop.com\\\/fr\\\/\",\"name\":\"Montreux Jazz Shop\",\"description\":\"The Montreux Jazz Festival shop\",\"potentialAction\":[{\"@type\":\"SearchAction\",\"target\":{\"@type\":\"EntryPoint\",\"urlTemplate\":\"https:\\\/\\\/www.montreuxjazzshop.com\\\/fr\\\/?s={search_term_string}\"},\"query-input\":{\"@type\":\"PropertyValueSpecification\",\"valueRequired\":true,\"valueName\":\"search_term_string\"}}],\"inLanguage\":\"fr-FR\"}]}<\/script>\n<meta property=\"product:price:amount\" content=\"69.00\" \/>\n<meta property=\"product:price:currency\" content=\"CHF\" \/>\n<meta property=\"og:availability\" content=\"out of stock\" \/>\n<meta property=\"product:availability\" content=\"out of stock\" \/>\n<meta property=\"product:retailer_item_id\" content=\"1307300102021\" \/>\n<meta property=\"product:condition\" content=\"new\" \/>\n<!-- \/ Yoast SEO Premium plugin. -->","yoast_head_json":{"title":"Affiche Restart, Eva Temponera - Montreux Jazz Festival Shop","description":"Affiche Restart Montreux Jazz Festival. Eva Temponera. Concours d'affiches lanc\u00e9 en 2021 apr\u00e8s le succ\u00e8s de celui intitul\u00e9 Silent Shores. \u00c9dition limit\u00e9e.","robots":{"index":"index","follow":"follow","max-snippet":"max-snippet:-1","max-image-preview":"max-image-preview:large","max-video-preview":"max-video-preview:-1"},"canonical":"https:\/\/www.montreuxjazzshop.com\/fr\/boutique\/posters\/restart-posters-2021\/affiche-restart-eva-temponera-montreux-jazz\/","og_locale":"fr_FR","og_type":"article","og_title":"Affiche Restart, Eva Temponera","og_description":"Affiche Restart Montreux Jazz Festival. Eva Temponera. Concours d'affiches lanc\u00e9 en 2021 apr\u00e8s le succ\u00e8s de celui intitul\u00e9 Silent Shores. \u00c9dition limit\u00e9e.","og_url":"https:\/\/www.montreuxjazzshop.com\/fr\/boutique\/posters\/restart-posters-2021\/affiche-restart-eva-temponera-montreux-jazz\/","og_site_name":"Montreux Jazz Festival Shop","article_publisher":"https:\/\/www.facebook.com\/montreuxjazzfestival","article_modified_time":"2026-02-11T09:56:21+00:00","og_image":[{"width":2000,"height":2000,"url":"https:\/\/www.montreuxjazzshop.com\/wp-content\/uploads\/2025\/05\/MJF21-Concours-Restart-50x70-Frame-Eva-Temponera.jpg","type":"image\/jpeg"}],"twitter_card":"summary_large_image","twitter_site":"@MontreuxJazz","schema":{"@context":"https:\/\/schema.org","@graph":[{"@type":"WebPage","@id":"https:\/\/www.montreuxjazzshop.com\/fr\/boutique\/posters\/restart-posters-2021\/affiche-restart-eva-temponera-montreux-jazz\/","url":"https:\/\/www.montreuxjazzshop.com\/fr\/boutique\/posters\/restart-posters-2021\/affiche-restart-eva-temponera-montreux-jazz\/","name":"Affiche Restart, Eva Temponera - Montreux Jazz Festival Shop","isPartOf":{"@id":"https:\/\/www.montreuxjazzshop.com\/fr\/#website"},"primaryImageOfPage":{"@id":"https:\/\/www.montreuxjazzshop.com\/fr\/boutique\/posters\/restart-posters-2021\/affiche-restart-eva-temponera-montreux-jazz\/#primaryimage"},"image":{"@id":"https:\/\/www.montreuxjazzshop.com\/fr\/boutique\/posters\/restart-posters-2021\/affiche-restart-eva-temponera-montreux-jazz\/#primaryimage"},"thumbnailUrl":"https:\/\/www.montreuxjazzshop.com\/wp-content\/uploads\/2025\/05\/MJF21-Concours-Restart-50x70-Frame-Eva-Temponera.jpg","datePublished":"2025-09-11T13:18:32+00:00","dateModified":"2026-02-11T09:56:21+00:00","description":"Affiche Restart Montreux Jazz Festival. Eva Temponera. Concours d'affiches lanc\u00e9 en 2021 apr\u00e8s le succ\u00e8s de celui intitul\u00e9 Silent Shores. \u00c9dition limit\u00e9e.","breadcrumb":{"@id":"https:\/\/www.montreuxjazzshop.com\/fr\/boutique\/posters\/restart-posters-2021\/affiche-restart-eva-temponera-montreux-jazz\/#breadcrumb"},"inLanguage":"fr-FR","potentialAction":[{"@type":"ReadAction","target":["https:\/\/www.montreuxjazzshop.com\/fr\/boutique\/posters\/restart-posters-2021\/affiche-restart-eva-temponera-montreux-jazz\/"]}]},{"@type":"ImageObject","inLanguage":"fr-FR","@id":"https:\/\/www.montreuxjazzshop.com\/fr\/boutique\/posters\/restart-posters-2021\/affiche-restart-eva-temponera-montreux-jazz\/#primaryimage","url":"https:\/\/www.montreuxjazzshop.com\/wp-content\/uploads\/2025\/05\/MJF21-Concours-Restart-50x70-Frame-Eva-Temponera.jpg","contentUrl":"https:\/\/www.montreuxjazzshop.com\/wp-content\/uploads\/2025\/05\/MJF21-Concours-Restart-50x70-Frame-Eva-Temponera.jpg","width":2000,"height":2000,"caption":"L'\u0153uvre encadr\u00e9e Affiche Restart, Eva Temponera, repr\u00e9sente une grande main noire textur\u00e9e sur fond rouge vif, dont l'index pointe vers le bas cinq petites formes noires ressemblant \u00e0 des b\u00e2timents ou \u00e0 des cl\u00e9s."},{"@type":"BreadcrumbList","@id":"https:\/\/www.montreuxjazzshop.com\/fr\/boutique\/posters\/restart-posters-2021\/affiche-restart-eva-temponera-montreux-jazz\/#breadcrumb","itemListElement":[{"@type":"ListItem","position":1,"name":"Accueil","item":"https:\/\/www.montreuxjazzshop.com\/fr\/"},{"@type":"ListItem","position":2,"name":"Boutique","item":"https:\/\/www.montreuxjazzshop.com\/fr\/boutique\/"},{"@type":"ListItem","position":3,"name":"Affiche Restart, Eva Temponera"}]},{"@type":"WebSite","@id":"https:\/\/www.montreuxjazzshop.com\/fr\/#website","url":"https:\/\/www.montreuxjazzshop.com\/fr\/","name":"Montreux Jazz Shop","description":"The Montreux Jazz Festival shop","potentialAction":[{"@type":"SearchAction","target":{"@type":"EntryPoint","urlTemplate":"https:\/\/www.montreuxjazzshop.com\/fr\/?s={search_term_string}"},"query-input":{"@type":"PropertyValueSpecification","valueRequired":true,"valueName":"search_term_string"}}],"inLanguage":"fr-FR"}]},"product_price_amount":"69.00","product_price_currency":"CHF","og_availability":"out of stock","product_availability":"out of stock","product_retailer_item_id":"1307300102021","product_condition":"new"},"_links":{"self":[{"href":"https:\/\/www.montreuxjazzshop.com\/fr\/wp-json\/wp\/v2\/product\/3114","targetHints":{"allow":["GET"]}}],"collection":[{"href":"https:\/\/www.montreuxjazzshop.com\/fr\/wp-json\/wp\/v2\/product"}],"about":[{"href":"https:\/\/www.montreuxjazzshop.com\/fr\/wp-json\/wp\/v2\/types\/product"}],"wp:featuredmedia":[{"embeddable":true,"href":"https:\/\/www.montreuxjazzshop.com\/fr\/wp-json\/wp\/v2\/media\/742"}],"wp:attachment":[{"href":"https:\/\/www.montreuxjazzshop.com\/fr\/wp-json\/wp\/v2\/media?parent=3114"}],"wp:term":[{"taxonomy":"artist","embeddable":true,"href":"https:\/\/www.montreuxjazzshop.com\/fr\/wp-json\/wp\/v2\/artist?post=3114"},{"taxonomy":"artist-category","embeddable":true,"href":"https:\/\/www.montreuxjazzshop.com\/fr\/wp-json\/wp\/v2\/artist-category?post=3114"},{"taxonomy":"edition","embeddable":true,"href":"https:\/\/www.montreuxjazzshop.com\/fr\/wp-json\/wp\/v2\/edition?post=3114"},{"taxonomy":"product_brand","embeddable":true,"href":"https:\/\/www.montreuxjazzshop.com\/fr\/wp-json\/wp\/v2\/product_brand?post=3114"},{"taxonomy":"product_cat","embeddable":true,"href":"https:\/\/www.montreuxjazzshop.com\/fr\/wp-json\/wp\/v2\/product_cat?post=3114"},{"taxonomy":"product_tag","embeddable":true,"href":"https:\/\/www.montreuxjazzshop.com\/fr\/wp-json\/wp\/v2\/product_tag?post=3114"}],"curies":[{"name":"wp","href":"https:\/\/api.w.org\/{rel}","templated":true}]}}