{"id":3054,"date":"2025-09-11T15:18:03","date_gmt":"2025-09-11T13:18:03","guid":{"rendered":"https:\/\/www.montreuxjazzshop.com\/?post_type=product&#038;p=3054"},"modified":"2026-01-14T10:59:07","modified_gmt":"2026-01-14T09:59:07","slug":"affiche-silent-shores-giovanni-riva-montreux-jazz","status":"publish","type":"product","link":"https:\/\/www.montreuxjazzshop.com\/fr\/boutique\/affiches\/affiches-silent-shores\/affiche-silent-shores-giovanni-riva-montreux-jazz\/","title":{"rendered":"Affiche Silent Shores, Giovanni Riva"},"content":{"rendered":"<ul>\n<li>50&#215;70 cm<\/li>\n<li>\u00c9dition limit\u00e9e \u00e0 100 exemplaires<\/li>\n<li>FineArtPrints<\/li>\n<li>Imprim\u00e9 sur Museum Fibre matt 200g<\/li>\n<li>Sans cadre<\/li>\n<\/ul>\n","protected":false},"excerpt":{"rendered":"<h4>\u00c9dition limit\u00e9e &#8211; 50&#215;70 cm<\/h4>\n<p>\u00c0 quoi ressemble un \u00e9t\u00e9 sans Montreux Jazz Festival? Sur le th\u00e8me \u201cSilent Shores\u201d, les cr\u00e9ateurs d\u2019affiches du Festival apportent leur r\u00e9ponse et leur soutien au travers d\u2019une s\u00e9rie d\u2019\u0153uvres originales. Artistes contemporains, photographes et illustrateurs de renom y proposent leurs visions singuli\u00e8res, parfois r\u00e9alis\u00e9es en miroir de leurs affiches pr\u00e9c\u00e9dentes.<\/p>\n<p>Giovanni Riva a \u00e9galement dessin\u00e9 l&rsquo;affiche de 2016 pour la 50e \u00e9dition. <a href=\"https:\/\/www.montreuxjazzshop.com\/fr\/portfolio-item\/giovanni-riva\/\">En savoir plus sur l&rsquo;artiste<\/a><\/p>\n<p><strong>Les affiches sont imprim\u00e9es \u00e0 la commande, dans un souci de production raisonn\u00e9e. Il faut donc compter 15 \u00e0 20 jours ouvr\u00e9s pour les recevoir.<\/strong><\/p>\n","protected":false},"featured_media":667,"template":"","meta":{"_acf_changed":false},"artist":[240],"artist-category":[],"edition":[179],"product_brand":[],"product_cat":[298,317],"product_tag":[],"class_list":{"0":"post-3054","1":"product","2":"type-product","3":"status-publish","4":"has-post-thumbnail","6":"artist-giovanni-riva","7":"edition-179","8":"product_cat-affiches","9":"product_cat-affiches-silent-shores","10":"product_shipping_class-affiche","12":"first","13":"onbackorder","14":"taxable","15":"shipping-taxable","16":"purchasable","17":"product-type-simple"},"bundled_by":[],"bundle_stock_status":"onbackorder","bundle_stock_quantity":-1,"bundle_virtual":false,"bundle_layout":"","bundle_add_to_cart_form_location":"","bundle_editable_in_cart":false,"bundle_sold_individually_context":"","bundle_item_grouping":"","bundle_min_size":"","bundle_max_size":"","bundle_price":[],"bundled_items":[],"bundle_sell_ids":[],"acf":[],"yoast_head":"<!-- This site is optimized with the Yoast SEO Premium plugin v26.4 (Yoast SEO v27.4) - https:\/\/yoast.com\/product\/yoast-seo-premium-wordpress\/ -->\n<title>Affiche Silent Shores, Giovanni Riva - Montreux Jazz Festival Shop<\/title>\n<meta name=\"description\" content=\"Affiche Silent Shores Montreux Jazz Festival 2020. \u00c0 quoi ressemble un \u00e9t\u00e9 sans Festival? Soutien au travers d\u2019une s\u00e9rie d\u2019\u0153uvres originales. S\u00e9rie limit\u00e9e.\" \/>\n<meta name=\"robots\" content=\"index, follow, max-snippet:-1, max-image-preview:large, max-video-preview:-1\" \/>\n<link rel=\"canonical\" href=\"https:\/\/www.montreuxjazzshop.com\/fr\/boutique\/affiches\/affiches-silent-shores\/affiche-silent-shores-giovanni-riva-montreux-jazz\/\" \/>\n<meta property=\"og:locale\" content=\"fr_FR\" \/>\n<meta property=\"og:type\" content=\"article\" \/>\n<meta property=\"og:title\" content=\"Affiche Silent Shores, Giovanni Riva\" \/>\n<meta property=\"og:description\" content=\"Affiche Silent Shores Montreux Jazz Festival 2020. \u00c0 quoi ressemble un \u00e9t\u00e9 sans Festival? Soutien au travers d\u2019une s\u00e9rie d\u2019\u0153uvres originales. S\u00e9rie limit\u00e9e.\" \/>\n<meta property=\"og:url\" content=\"https:\/\/www.montreuxjazzshop.com\/fr\/boutique\/affiches\/affiches-silent-shores\/affiche-silent-shores-giovanni-riva-montreux-jazz\/\" \/>\n<meta property=\"og:site_name\" content=\"Montreux Jazz Festival Shop\" \/>\n<meta property=\"article:publisher\" content=\"https:\/\/www.facebook.com\/montreuxjazzfestival\" \/>\n<meta property=\"article:modified_time\" content=\"2026-01-14T09:59:07+00:00\" \/>\n<meta property=\"og:image\" content=\"https:\/\/www.montreuxjazzshop.com\/wp-content\/uploads\/2025\/05\/MJF20-Silent-Shores-50x70-Frame-Giovanni-Riva-72dpi.jpg\" \/>\n\t<meta property=\"og:image:width\" content=\"2000\" \/>\n\t<meta property=\"og:image:height\" content=\"2000\" \/>\n\t<meta property=\"og:image:type\" content=\"image\/jpeg\" \/>\n<meta name=\"twitter:card\" content=\"summary_large_image\" \/>\n<meta name=\"twitter:site\" content=\"@MontreuxJazz\" \/>\n<script type=\"application\/ld+json\" class=\"yoast-schema-graph\">{\"@context\":\"https:\\\/\\\/schema.org\",\"@graph\":[{\"@type\":\"WebPage\",\"@id\":\"https:\\\/\\\/www.montreuxjazzshop.com\\\/fr\\\/boutique\\\/affiches\\\/affiches-silent-shores\\\/affiche-silent-shores-giovanni-riva-montreux-jazz\\\/\",\"url\":\"https:\\\/\\\/www.montreuxjazzshop.com\\\/fr\\\/boutique\\\/affiches\\\/affiches-silent-shores\\\/affiche-silent-shores-giovanni-riva-montreux-jazz\\\/\",\"name\":\"Affiche Silent Shores, Giovanni Riva - Montreux Jazz Festival Shop\",\"isPartOf\":{\"@id\":\"https:\\\/\\\/www.montreuxjazzshop.com\\\/fr\\\/#website\"},\"primaryImageOfPage\":{\"@id\":\"https:\\\/\\\/www.montreuxjazzshop.com\\\/fr\\\/boutique\\\/affiches\\\/affiches-silent-shores\\\/affiche-silent-shores-giovanni-riva-montreux-jazz\\\/#primaryimage\"},\"image\":{\"@id\":\"https:\\\/\\\/www.montreuxjazzshop.com\\\/fr\\\/boutique\\\/affiches\\\/affiches-silent-shores\\\/affiche-silent-shores-giovanni-riva-montreux-jazz\\\/#primaryimage\"},\"thumbnailUrl\":\"https:\\\/\\\/www.montreuxjazzshop.com\\\/wp-content\\\/uploads\\\/2025\\\/05\\\/MJF20-Silent-Shores-50x70-Frame-Giovanni-Riva-72dpi.jpg\",\"datePublished\":\"2025-09-11T13:18:03+00:00\",\"dateModified\":\"2026-01-14T09:59:07+00:00\",\"description\":\"Affiche Silent Shores Montreux Jazz Festival 2020. \u00c0 quoi ressemble un \u00e9t\u00e9 sans Festival? Soutien au travers d\u2019une s\u00e9rie d\u2019\u0153uvres originales. S\u00e9rie limit\u00e9e.\",\"breadcrumb\":{\"@id\":\"https:\\\/\\\/www.montreuxjazzshop.com\\\/fr\\\/boutique\\\/affiches\\\/affiches-silent-shores\\\/affiche-silent-shores-giovanni-riva-montreux-jazz\\\/#breadcrumb\"},\"inLanguage\":\"fr-FR\",\"potentialAction\":[{\"@type\":\"ReadAction\",\"target\":[\"https:\\\/\\\/www.montreuxjazzshop.com\\\/fr\\\/boutique\\\/affiches\\\/affiches-silent-shores\\\/affiche-silent-shores-giovanni-riva-montreux-jazz\\\/\"]}]},{\"@type\":\"ImageObject\",\"inLanguage\":\"fr-FR\",\"@id\":\"https:\\\/\\\/www.montreuxjazzshop.com\\\/fr\\\/boutique\\\/affiches\\\/affiches-silent-shores\\\/affiche-silent-shores-giovanni-riva-montreux-jazz\\\/#primaryimage\",\"url\":\"https:\\\/\\\/www.montreuxjazzshop.com\\\/wp-content\\\/uploads\\\/2025\\\/05\\\/MJF20-Silent-Shores-50x70-Frame-Giovanni-Riva-72dpi.jpg\",\"contentUrl\":\"https:\\\/\\\/www.montreuxjazzshop.com\\\/wp-content\\\/uploads\\\/2025\\\/05\\\/MJF20-Silent-Shores-50x70-Frame-Giovanni-Riva-72dpi.jpg\",\"width\":2000,\"height\":2000,\"caption\":\"\u0152uvre d'art abstraite color\u00e9e inspir\u00e9e par Affiche Silent Shores, Giovanni Riva, avec des formes, des visages et des motifs fantaisistes en vert n\u00e9on, rose, bleu, violet et jaune sur fond noir. Encadr\u00e9 en blanc pour un aspect ludique et \u00e9nergique.\"},{\"@type\":\"BreadcrumbList\",\"@id\":\"https:\\\/\\\/www.montreuxjazzshop.com\\\/fr\\\/boutique\\\/affiches\\\/affiches-silent-shores\\\/affiche-silent-shores-giovanni-riva-montreux-jazz\\\/#breadcrumb\",\"itemListElement\":[{\"@type\":\"ListItem\",\"position\":1,\"name\":\"Accueil\",\"item\":\"https:\\\/\\\/www.montreuxjazzshop.com\\\/fr\\\/\"},{\"@type\":\"ListItem\",\"position\":2,\"name\":\"Boutique\",\"item\":\"https:\\\/\\\/www.montreuxjazzshop.com\\\/fr\\\/boutique\\\/\"},{\"@type\":\"ListItem\",\"position\":3,\"name\":\"Affiche Silent Shores, Giovanni Riva\"}]},{\"@type\":\"WebSite\",\"@id\":\"https:\\\/\\\/www.montreuxjazzshop.com\\\/fr\\\/#website\",\"url\":\"https:\\\/\\\/www.montreuxjazzshop.com\\\/fr\\\/\",\"name\":\"Montreux Jazz Shop\",\"description\":\"The Montreux Jazz Festival shop\",\"potentialAction\":[{\"@type\":\"SearchAction\",\"target\":{\"@type\":\"EntryPoint\",\"urlTemplate\":\"https:\\\/\\\/www.montreuxjazzshop.com\\\/fr\\\/?s={search_term_string}\"},\"query-input\":{\"@type\":\"PropertyValueSpecification\",\"valueRequired\":true,\"valueName\":\"search_term_string\"}}],\"inLanguage\":\"fr-FR\"}]}<\/script>\n<meta property=\"product:price:amount\" content=\"89.00\" \/>\n<meta property=\"product:price:currency\" content=\"CHF\" \/>\n<meta property=\"og:availability\" content=\"backorder\" \/>\n<meta property=\"product:availability\" content=\"available for order\" \/>\n<meta property=\"product:retailer_item_id\" content=\"1203300102020\" \/>\n<meta property=\"product:condition\" content=\"new\" \/>\n<!-- \/ Yoast SEO Premium plugin. -->","yoast_head_json":{"title":"Affiche Silent Shores, Giovanni Riva - Montreux Jazz Festival Shop","description":"Affiche Silent Shores Montreux Jazz Festival 2020. \u00c0 quoi ressemble un \u00e9t\u00e9 sans Festival? Soutien au travers d\u2019une s\u00e9rie d\u2019\u0153uvres originales. S\u00e9rie limit\u00e9e.","robots":{"index":"index","follow":"follow","max-snippet":"max-snippet:-1","max-image-preview":"max-image-preview:large","max-video-preview":"max-video-preview:-1"},"canonical":"https:\/\/www.montreuxjazzshop.com\/fr\/boutique\/affiches\/affiches-silent-shores\/affiche-silent-shores-giovanni-riva-montreux-jazz\/","og_locale":"fr_FR","og_type":"article","og_title":"Affiche Silent Shores, Giovanni Riva","og_description":"Affiche Silent Shores Montreux Jazz Festival 2020. \u00c0 quoi ressemble un \u00e9t\u00e9 sans Festival? Soutien au travers d\u2019une s\u00e9rie d\u2019\u0153uvres originales. S\u00e9rie limit\u00e9e.","og_url":"https:\/\/www.montreuxjazzshop.com\/fr\/boutique\/affiches\/affiches-silent-shores\/affiche-silent-shores-giovanni-riva-montreux-jazz\/","og_site_name":"Montreux Jazz Festival Shop","article_publisher":"https:\/\/www.facebook.com\/montreuxjazzfestival","article_modified_time":"2026-01-14T09:59:07+00:00","og_image":[{"width":2000,"height":2000,"url":"https:\/\/www.montreuxjazzshop.com\/wp-content\/uploads\/2025\/05\/MJF20-Silent-Shores-50x70-Frame-Giovanni-Riva-72dpi.jpg","type":"image\/jpeg"}],"twitter_card":"summary_large_image","twitter_site":"@MontreuxJazz","schema":{"@context":"https:\/\/schema.org","@graph":[{"@type":"WebPage","@id":"https:\/\/www.montreuxjazzshop.com\/fr\/boutique\/affiches\/affiches-silent-shores\/affiche-silent-shores-giovanni-riva-montreux-jazz\/","url":"https:\/\/www.montreuxjazzshop.com\/fr\/boutique\/affiches\/affiches-silent-shores\/affiche-silent-shores-giovanni-riva-montreux-jazz\/","name":"Affiche Silent Shores, Giovanni Riva - Montreux Jazz Festival Shop","isPartOf":{"@id":"https:\/\/www.montreuxjazzshop.com\/fr\/#website"},"primaryImageOfPage":{"@id":"https:\/\/www.montreuxjazzshop.com\/fr\/boutique\/affiches\/affiches-silent-shores\/affiche-silent-shores-giovanni-riva-montreux-jazz\/#primaryimage"},"image":{"@id":"https:\/\/www.montreuxjazzshop.com\/fr\/boutique\/affiches\/affiches-silent-shores\/affiche-silent-shores-giovanni-riva-montreux-jazz\/#primaryimage"},"thumbnailUrl":"https:\/\/www.montreuxjazzshop.com\/wp-content\/uploads\/2025\/05\/MJF20-Silent-Shores-50x70-Frame-Giovanni-Riva-72dpi.jpg","datePublished":"2025-09-11T13:18:03+00:00","dateModified":"2026-01-14T09:59:07+00:00","description":"Affiche Silent Shores Montreux Jazz Festival 2020. \u00c0 quoi ressemble un \u00e9t\u00e9 sans Festival? Soutien au travers d\u2019une s\u00e9rie d\u2019\u0153uvres originales. S\u00e9rie limit\u00e9e.","breadcrumb":{"@id":"https:\/\/www.montreuxjazzshop.com\/fr\/boutique\/affiches\/affiches-silent-shores\/affiche-silent-shores-giovanni-riva-montreux-jazz\/#breadcrumb"},"inLanguage":"fr-FR","potentialAction":[{"@type":"ReadAction","target":["https:\/\/www.montreuxjazzshop.com\/fr\/boutique\/affiches\/affiches-silent-shores\/affiche-silent-shores-giovanni-riva-montreux-jazz\/"]}]},{"@type":"ImageObject","inLanguage":"fr-FR","@id":"https:\/\/www.montreuxjazzshop.com\/fr\/boutique\/affiches\/affiches-silent-shores\/affiche-silent-shores-giovanni-riva-montreux-jazz\/#primaryimage","url":"https:\/\/www.montreuxjazzshop.com\/wp-content\/uploads\/2025\/05\/MJF20-Silent-Shores-50x70-Frame-Giovanni-Riva-72dpi.jpg","contentUrl":"https:\/\/www.montreuxjazzshop.com\/wp-content\/uploads\/2025\/05\/MJF20-Silent-Shores-50x70-Frame-Giovanni-Riva-72dpi.jpg","width":2000,"height":2000,"caption":"\u0152uvre d'art abstraite color\u00e9e inspir\u00e9e par Affiche Silent Shores, Giovanni Riva, avec des formes, des visages et des motifs fantaisistes en vert n\u00e9on, rose, bleu, violet et jaune sur fond noir. Encadr\u00e9 en blanc pour un aspect ludique et \u00e9nergique."},{"@type":"BreadcrumbList","@id":"https:\/\/www.montreuxjazzshop.com\/fr\/boutique\/affiches\/affiches-silent-shores\/affiche-silent-shores-giovanni-riva-montreux-jazz\/#breadcrumb","itemListElement":[{"@type":"ListItem","position":1,"name":"Accueil","item":"https:\/\/www.montreuxjazzshop.com\/fr\/"},{"@type":"ListItem","position":2,"name":"Boutique","item":"https:\/\/www.montreuxjazzshop.com\/fr\/boutique\/"},{"@type":"ListItem","position":3,"name":"Affiche Silent Shores, Giovanni Riva"}]},{"@type":"WebSite","@id":"https:\/\/www.montreuxjazzshop.com\/fr\/#website","url":"https:\/\/www.montreuxjazzshop.com\/fr\/","name":"Montreux Jazz Shop","description":"The Montreux Jazz Festival shop","potentialAction":[{"@type":"SearchAction","target":{"@type":"EntryPoint","urlTemplate":"https:\/\/www.montreuxjazzshop.com\/fr\/?s={search_term_string}"},"query-input":{"@type":"PropertyValueSpecification","valueRequired":true,"valueName":"search_term_string"}}],"inLanguage":"fr-FR"}]},"product_price_amount":"89.00","product_price_currency":"CHF","og_availability":"backorder","product_availability":"available for order","product_retailer_item_id":"1203300102020","product_condition":"new"},"_links":{"self":[{"href":"https:\/\/www.montreuxjazzshop.com\/fr\/wp-json\/wp\/v2\/product\/3054","targetHints":{"allow":["GET"]}}],"collection":[{"href":"https:\/\/www.montreuxjazzshop.com\/fr\/wp-json\/wp\/v2\/product"}],"about":[{"href":"https:\/\/www.montreuxjazzshop.com\/fr\/wp-json\/wp\/v2\/types\/product"}],"wp:featuredmedia":[{"embeddable":true,"href":"https:\/\/www.montreuxjazzshop.com\/fr\/wp-json\/wp\/v2\/media\/667"}],"wp:attachment":[{"href":"https:\/\/www.montreuxjazzshop.com\/fr\/wp-json\/wp\/v2\/media?parent=3054"}],"wp:term":[{"taxonomy":"artist","embeddable":true,"href":"https:\/\/www.montreuxjazzshop.com\/fr\/wp-json\/wp\/v2\/artist?post=3054"},{"taxonomy":"artist-category","embeddable":true,"href":"https:\/\/www.montreuxjazzshop.com\/fr\/wp-json\/wp\/v2\/artist-category?post=3054"},{"taxonomy":"edition","embeddable":true,"href":"https:\/\/www.montreuxjazzshop.com\/fr\/wp-json\/wp\/v2\/edition?post=3054"},{"taxonomy":"product_brand","embeddable":true,"href":"https:\/\/www.montreuxjazzshop.com\/fr\/wp-json\/wp\/v2\/product_brand?post=3054"},{"taxonomy":"product_cat","embeddable":true,"href":"https:\/\/www.montreuxjazzshop.com\/fr\/wp-json\/wp\/v2\/product_cat?post=3054"},{"taxonomy":"product_tag","embeddable":true,"href":"https:\/\/www.montreuxjazzshop.com\/fr\/wp-json\/wp\/v2\/product_tag?post=3054"}],"curies":[{"name":"wp","href":"https:\/\/api.w.org\/{rel}","templated":true}]}}