{"id":2792,"date":"2025-09-11T15:16:43","date_gmt":"2025-09-11T13:16:43","guid":{"rendered":"https:\/\/www.montreuxjazzshop.com\/?post_type=product&#038;p=2792"},"modified":"2026-02-10T15:27:58","modified_gmt":"2026-02-10T14:27:58","slug":"my-montreux","status":"publish","type":"product","link":"https:\/\/www.montreuxjazzshop.com\/fr\/boutique\/livres\/my-montreux\/","title":{"rendered":"My Montreux"},"content":{"rendered":"<ul>\n<li>\u00c9diteur: Philippe Dutoit Editions<\/li>\n<li>Parution: juin 2016<\/li>\n<li>Format: 30 x 30 x 3 cm, Broch\u00e9<\/li>\n<li>Pages: 350<\/li>\n<\/ul>\n","protected":false},"excerpt":{"rendered":"<p><strong>Auteur:<\/strong> Philippe Dutoit<\/p>\n<p>Un livre de 350 pages au format d\u2019une pochette Vinyl, rempli de r\u00e9cits et d&rsquo;images d&rsquo;artistes.<\/p>\n<p>\u00ab\u00a0Il n\u2019a jamais pris une photographie, Philippe Dutoit. Parce que prendre n\u2019est pas le mot. Il s\u2019agit plut\u00f4t de donner, si l\u2019on y r\u00e9fl\u00e9chit: \u00e0 voir, presque \u00e0 entendre dans les images. N\u00e9 \u00e0 Lausanne en 1947, il a voyag\u00e9 dans le monde entier, pour des magazines, pour le CICR, il a vu des gens perdus et d\u2019autres exultants. ll a gagn\u00e9 l\u2019important Swiss Press Photo en 1999, il aime l\u2019ind\u00e9pendance. Une nuit, en 1985, sur une poign\u00e9e de main, Claude Nobs en a fait pour quelques ann\u00e9es le \u00ab\u00a0photographe officiel\u00a0\u00bb du festival de Montreux. Alors, durant ces \u00e9t\u00e9s, il est toujours venu, cherchant \u00e0 faire de chaque photo une main tendue, \u00e0 lui donner du volume, une m\u00e9lodie, ce grain qui dirait la danse et la musique. Regardez, entendez.\u00a0\u00bb<\/p>\n","protected":false},"featured_media":646,"template":"","meta":{"_acf_changed":false},"artist":[],"artist-category":[],"edition":[180],"product_brand":[],"product_cat":[306],"product_tag":[],"class_list":{"0":"post-2792","1":"product","2":"type-product","3":"status-publish","4":"has-post-thumbnail","6":"edition-180","7":"product_cat-livres","8":"product_shipping_class-affiche","10":"first","11":"instock","12":"taxable","13":"shipping-taxable","14":"purchasable","15":"product-type-simple"},"bundled_by":[],"bundle_stock_status":"instock","bundle_stock_quantity":66,"bundle_virtual":false,"bundle_layout":"","bundle_add_to_cart_form_location":"","bundle_editable_in_cart":false,"bundle_sold_individually_context":"","bundle_item_grouping":"","bundle_min_size":"","bundle_max_size":"","bundle_price":[],"bundled_items":[],"bundle_sell_ids":[],"acf":[],"yoast_head":"<!-- This site is optimized with the Yoast SEO Premium plugin v26.4 (Yoast SEO v27.4) - https:\/\/yoast.com\/product\/yoast-seo-premium-wordpress\/ -->\n<title>My Montreux - Montreux Jazz Festival Shop<\/title>\n<meta name=\"robots\" content=\"index, follow, max-snippet:-1, max-image-preview:large, max-video-preview:-1\" \/>\n<link rel=\"canonical\" href=\"https:\/\/www.montreuxjazzshop.com\/fr\/boutique\/livres\/my-montreux\/\" \/>\n<meta property=\"og:locale\" content=\"fr_FR\" \/>\n<meta property=\"og:type\" content=\"article\" \/>\n<meta property=\"og:title\" content=\"My Montreux\" \/>\n<meta property=\"og:description\" content=\"Auteur: Philippe Dutoit  Un livre de 350 pages au format d\u2019une pochette Vinyl, rempli de r\u00e9cits et d&#039;images d&#039;artistes.  &quot;Il n\u2019a jamais pris une photographie, Philippe Dutoit. Parce que prendre n\u2019est pas le mot. Il s\u2019agit plut\u00f4t de donner, si l\u2019on y r\u00e9fl\u00e9chit: \u00e0 voir, presque \u00e0 entendre dans les images. N\u00e9 \u00e0 Lausanne en 1947, il a voyag\u00e9 dans le monde entier, pour des magazines, pour le CICR, il a vu des gens perdus et d\u2019autres exultants. ll a gagn\u00e9 l\u2019important Swiss Press Photo en 1999, il aime l\u2019ind\u00e9pendance. Une nuit, en 1985, sur une poign\u00e9e de main, Claude Nobs en a fait pour quelques ann\u00e9es le &quot;photographe officiel&quot; du festival de Montreux. Alors, durant ces \u00e9t\u00e9s, il est toujours venu, cherchant \u00e0 faire de chaque photo une main tendue, \u00e0 lui donner du volume, une m\u00e9lodie, ce grain qui dirait la danse et la musique. Regardez, entendez.&quot;\" \/>\n<meta property=\"og:url\" content=\"https:\/\/www.montreuxjazzshop.com\/fr\/boutique\/livres\/my-montreux\/\" \/>\n<meta property=\"og:site_name\" content=\"Montreux Jazz Festival Shop\" \/>\n<meta property=\"article:publisher\" content=\"https:\/\/www.facebook.com\/montreuxjazzfestival\" \/>\n<meta property=\"article:modified_time\" content=\"2026-02-10T14:27:58+00:00\" \/>\n<meta property=\"og:image\" content=\"https:\/\/www.montreuxjazzshop.com\/wp-content\/uploads\/2025\/05\/Livre-My-Montreux-Dutoit-1.jpg\" \/>\n\t<meta property=\"og:image:width\" content=\"2000\" \/>\n\t<meta property=\"og:image:height\" content=\"2000\" \/>\n\t<meta property=\"og:image:type\" content=\"image\/jpeg\" \/>\n<meta name=\"twitter:card\" content=\"summary_large_image\" \/>\n<meta name=\"twitter:site\" content=\"@MontreuxJazz\" \/>\n<script type=\"application\/ld+json\" class=\"yoast-schema-graph\">{\"@context\":\"https:\\\/\\\/schema.org\",\"@graph\":[{\"@type\":\"WebPage\",\"@id\":\"https:\\\/\\\/www.montreuxjazzshop.com\\\/fr\\\/boutique\\\/livres\\\/my-montreux\\\/\",\"url\":\"https:\\\/\\\/www.montreuxjazzshop.com\\\/fr\\\/boutique\\\/livres\\\/my-montreux\\\/\",\"name\":\"My Montreux - Montreux Jazz Festival Shop\",\"isPartOf\":{\"@id\":\"https:\\\/\\\/www.montreuxjazzshop.com\\\/fr\\\/#website\"},\"primaryImageOfPage\":{\"@id\":\"https:\\\/\\\/www.montreuxjazzshop.com\\\/fr\\\/boutique\\\/livres\\\/my-montreux\\\/#primaryimage\"},\"image\":{\"@id\":\"https:\\\/\\\/www.montreuxjazzshop.com\\\/fr\\\/boutique\\\/livres\\\/my-montreux\\\/#primaryimage\"},\"thumbnailUrl\":\"https:\\\/\\\/www.montreuxjazzshop.com\\\/wp-content\\\/uploads\\\/2025\\\/05\\\/Livre-My-Montreux-Dutoit-1.jpg\",\"datePublished\":\"2025-09-11T13:16:43+00:00\",\"dateModified\":\"2026-02-10T14:27:58+00:00\",\"breadcrumb\":{\"@id\":\"https:\\\/\\\/www.montreuxjazzshop.com\\\/fr\\\/boutique\\\/livres\\\/my-montreux\\\/#breadcrumb\"},\"inLanguage\":\"fr-FR\",\"potentialAction\":[{\"@type\":\"ReadAction\",\"target\":[\"https:\\\/\\\/www.montreuxjazzshop.com\\\/fr\\\/boutique\\\/livres\\\/my-montreux\\\/\"]}]},{\"@type\":\"ImageObject\",\"inLanguage\":\"fr-FR\",\"@id\":\"https:\\\/\\\/www.montreuxjazzshop.com\\\/fr\\\/boutique\\\/livres\\\/my-montreux\\\/#primaryimage\",\"url\":\"https:\\\/\\\/www.montreuxjazzshop.com\\\/wp-content\\\/uploads\\\/2025\\\/05\\\/Livre-My-Montreux-Dutoit-1.jpg\",\"contentUrl\":\"https:\\\/\\\/www.montreuxjazzshop.com\\\/wp-content\\\/uploads\\\/2025\\\/05\\\/Livre-My-Montreux-Dutoit-1.jpg\",\"width\":2000,\"height\":2000,\"caption\":\"Couverture de livre carr\u00e9e avec un gros plan d'une main tenant un trombone. La mention \\\"PHILIPPE DUTOIT | MY MONTREUX\\\" figure en haut ; le logo du Montreux Jazz Festival appara\u00eet en blanc en bas \u00e0 droite.\"},{\"@type\":\"BreadcrumbList\",\"@id\":\"https:\\\/\\\/www.montreuxjazzshop.com\\\/fr\\\/boutique\\\/livres\\\/my-montreux\\\/#breadcrumb\",\"itemListElement\":[{\"@type\":\"ListItem\",\"position\":1,\"name\":\"Accueil\",\"item\":\"https:\\\/\\\/www.montreuxjazzshop.com\\\/fr\\\/\"},{\"@type\":\"ListItem\",\"position\":2,\"name\":\"Boutique\",\"item\":\"https:\\\/\\\/www.montreuxjazzshop.com\\\/fr\\\/boutique\\\/\"},{\"@type\":\"ListItem\",\"position\":3,\"name\":\"My Montreux\"}]},{\"@type\":\"WebSite\",\"@id\":\"https:\\\/\\\/www.montreuxjazzshop.com\\\/fr\\\/#website\",\"url\":\"https:\\\/\\\/www.montreuxjazzshop.com\\\/fr\\\/\",\"name\":\"Montreux Jazz Shop\",\"description\":\"The Montreux Jazz Festival shop\",\"potentialAction\":[{\"@type\":\"SearchAction\",\"target\":{\"@type\":\"EntryPoint\",\"urlTemplate\":\"https:\\\/\\\/www.montreuxjazzshop.com\\\/fr\\\/?s={search_term_string}\"},\"query-input\":{\"@type\":\"PropertyValueSpecification\",\"valueRequired\":true,\"valueName\":\"search_term_string\"}}],\"inLanguage\":\"fr-FR\"}]}<\/script>\n<meta property=\"product:price:amount\" content=\"60.00\" \/>\n<meta property=\"product:price:currency\" content=\"CHF\" \/>\n<meta property=\"og:availability\" content=\"instock\" \/>\n<meta property=\"product:availability\" content=\"instock\" \/>\n<meta property=\"product:retailer_item_id\" content=\"4500200102016\" \/>\n<meta property=\"product:condition\" content=\"new\" \/>\n<!-- \/ Yoast SEO Premium plugin. -->","yoast_head_json":{"title":"My Montreux - Montreux Jazz Festival Shop","robots":{"index":"index","follow":"follow","max-snippet":"max-snippet:-1","max-image-preview":"max-image-preview:large","max-video-preview":"max-video-preview:-1"},"canonical":"https:\/\/www.montreuxjazzshop.com\/fr\/boutique\/livres\/my-montreux\/","og_locale":"fr_FR","og_type":"article","og_title":"My Montreux","og_description":"Auteur: Philippe Dutoit  Un livre de 350 pages au format d\u2019une pochette Vinyl, rempli de r\u00e9cits et d'images d'artistes.  \"Il n\u2019a jamais pris une photographie, Philippe Dutoit. Parce que prendre n\u2019est pas le mot. Il s\u2019agit plut\u00f4t de donner, si l\u2019on y r\u00e9fl\u00e9chit: \u00e0 voir, presque \u00e0 entendre dans les images. N\u00e9 \u00e0 Lausanne en 1947, il a voyag\u00e9 dans le monde entier, pour des magazines, pour le CICR, il a vu des gens perdus et d\u2019autres exultants. ll a gagn\u00e9 l\u2019important Swiss Press Photo en 1999, il aime l\u2019ind\u00e9pendance. Une nuit, en 1985, sur une poign\u00e9e de main, Claude Nobs en a fait pour quelques ann\u00e9es le \"photographe officiel\" du festival de Montreux. Alors, durant ces \u00e9t\u00e9s, il est toujours venu, cherchant \u00e0 faire de chaque photo une main tendue, \u00e0 lui donner du volume, une m\u00e9lodie, ce grain qui dirait la danse et la musique. Regardez, entendez.\"","og_url":"https:\/\/www.montreuxjazzshop.com\/fr\/boutique\/livres\/my-montreux\/","og_site_name":"Montreux Jazz Festival Shop","article_publisher":"https:\/\/www.facebook.com\/montreuxjazzfestival","article_modified_time":"2026-02-10T14:27:58+00:00","og_image":[{"width":2000,"height":2000,"url":"https:\/\/www.montreuxjazzshop.com\/wp-content\/uploads\/2025\/05\/Livre-My-Montreux-Dutoit-1.jpg","type":"image\/jpeg"}],"twitter_card":"summary_large_image","twitter_site":"@MontreuxJazz","schema":{"@context":"https:\/\/schema.org","@graph":[{"@type":"WebPage","@id":"https:\/\/www.montreuxjazzshop.com\/fr\/boutique\/livres\/my-montreux\/","url":"https:\/\/www.montreuxjazzshop.com\/fr\/boutique\/livres\/my-montreux\/","name":"My Montreux - Montreux Jazz Festival Shop","isPartOf":{"@id":"https:\/\/www.montreuxjazzshop.com\/fr\/#website"},"primaryImageOfPage":{"@id":"https:\/\/www.montreuxjazzshop.com\/fr\/boutique\/livres\/my-montreux\/#primaryimage"},"image":{"@id":"https:\/\/www.montreuxjazzshop.com\/fr\/boutique\/livres\/my-montreux\/#primaryimage"},"thumbnailUrl":"https:\/\/www.montreuxjazzshop.com\/wp-content\/uploads\/2025\/05\/Livre-My-Montreux-Dutoit-1.jpg","datePublished":"2025-09-11T13:16:43+00:00","dateModified":"2026-02-10T14:27:58+00:00","breadcrumb":{"@id":"https:\/\/www.montreuxjazzshop.com\/fr\/boutique\/livres\/my-montreux\/#breadcrumb"},"inLanguage":"fr-FR","potentialAction":[{"@type":"ReadAction","target":["https:\/\/www.montreuxjazzshop.com\/fr\/boutique\/livres\/my-montreux\/"]}]},{"@type":"ImageObject","inLanguage":"fr-FR","@id":"https:\/\/www.montreuxjazzshop.com\/fr\/boutique\/livres\/my-montreux\/#primaryimage","url":"https:\/\/www.montreuxjazzshop.com\/wp-content\/uploads\/2025\/05\/Livre-My-Montreux-Dutoit-1.jpg","contentUrl":"https:\/\/www.montreuxjazzshop.com\/wp-content\/uploads\/2025\/05\/Livre-My-Montreux-Dutoit-1.jpg","width":2000,"height":2000,"caption":"Couverture de livre carr\u00e9e avec un gros plan d'une main tenant un trombone. La mention \"PHILIPPE DUTOIT | MY MONTREUX\" figure en haut ; le logo du Montreux Jazz Festival appara\u00eet en blanc en bas \u00e0 droite."},{"@type":"BreadcrumbList","@id":"https:\/\/www.montreuxjazzshop.com\/fr\/boutique\/livres\/my-montreux\/#breadcrumb","itemListElement":[{"@type":"ListItem","position":1,"name":"Accueil","item":"https:\/\/www.montreuxjazzshop.com\/fr\/"},{"@type":"ListItem","position":2,"name":"Boutique","item":"https:\/\/www.montreuxjazzshop.com\/fr\/boutique\/"},{"@type":"ListItem","position":3,"name":"My Montreux"}]},{"@type":"WebSite","@id":"https:\/\/www.montreuxjazzshop.com\/fr\/#website","url":"https:\/\/www.montreuxjazzshop.com\/fr\/","name":"Montreux Jazz Shop","description":"The Montreux Jazz Festival shop","potentialAction":[{"@type":"SearchAction","target":{"@type":"EntryPoint","urlTemplate":"https:\/\/www.montreuxjazzshop.com\/fr\/?s={search_term_string}"},"query-input":{"@type":"PropertyValueSpecification","valueRequired":true,"valueName":"search_term_string"}}],"inLanguage":"fr-FR"}]},"product_price_amount":"60.00","product_price_currency":"CHF","og_availability":"instock","product_availability":"instock","product_retailer_item_id":"4500200102016","product_condition":"new"},"_links":{"self":[{"href":"https:\/\/www.montreuxjazzshop.com\/fr\/wp-json\/wp\/v2\/product\/2792","targetHints":{"allow":["GET"]}}],"collection":[{"href":"https:\/\/www.montreuxjazzshop.com\/fr\/wp-json\/wp\/v2\/product"}],"about":[{"href":"https:\/\/www.montreuxjazzshop.com\/fr\/wp-json\/wp\/v2\/types\/product"}],"wp:featuredmedia":[{"embeddable":true,"href":"https:\/\/www.montreuxjazzshop.com\/fr\/wp-json\/wp\/v2\/media\/646"}],"wp:attachment":[{"href":"https:\/\/www.montreuxjazzshop.com\/fr\/wp-json\/wp\/v2\/media?parent=2792"}],"wp:term":[{"taxonomy":"artist","embeddable":true,"href":"https:\/\/www.montreuxjazzshop.com\/fr\/wp-json\/wp\/v2\/artist?post=2792"},{"taxonomy":"artist-category","embeddable":true,"href":"https:\/\/www.montreuxjazzshop.com\/fr\/wp-json\/wp\/v2\/artist-category?post=2792"},{"taxonomy":"edition","embeddable":true,"href":"https:\/\/www.montreuxjazzshop.com\/fr\/wp-json\/wp\/v2\/edition?post=2792"},{"taxonomy":"product_brand","embeddable":true,"href":"https:\/\/www.montreuxjazzshop.com\/fr\/wp-json\/wp\/v2\/product_brand?post=2792"},{"taxonomy":"product_cat","embeddable":true,"href":"https:\/\/www.montreuxjazzshop.com\/fr\/wp-json\/wp\/v2\/product_cat?post=2792"},{"taxonomy":"product_tag","embeddable":true,"href":"https:\/\/www.montreuxjazzshop.com\/fr\/wp-json\/wp\/v2\/product_tag?post=2792"}],"curies":[{"name":"wp","href":"https:\/\/api.w.org\/{rel}","templated":true}]}}