{"id":2786,"date":"2025-09-11T15:16:34","date_gmt":"2025-09-11T13:16:34","guid":{"rendered":"https:\/\/www.montreuxjazzshop.com\/?post_type=product&#038;p=2786"},"modified":"2026-01-14T11:00:09","modified_gmt":"2026-01-14T10:00:09","slug":"nina-simone-the-montreux-years-double-vinyle","status":"publish","type":"product","link":"https:\/\/www.montreuxjazzshop.com\/fr\/boutique\/musique\/dvd-cd\/nina-simone-the-montreux-years-double-vinyle\/","title":{"rendered":"Nina Simone, The Montreux Years, Double Vinyle"},"content":{"rendered":"<ul>\n<li>2 Vinyles<\/li>\n<\/ul>\n<p>L\u2019album \u00abNina Simone: The Montreux Years\u00bb comprend des enregistrements de ses cinq concerts l\u00e9gendaires \u00e0 Montreux &#8211; 1968, 1976, 1981, 1987 et 1990. Son concert fougueux et impr\u00e9visible de 1976 est l\u2019une des performances les plus remarquables jamais vues au Festival.<\/p>\n<p>Avec des enregistrements rares et in\u00e9dits, les inconditionnels de Nina Simone du monde entier appr\u00e9cieront la version puissante de \u00abI Wish I Knew How It Would Feel To Be Free\u00bb, la poignante \u00abFour Women\u00bb et les magnifiques interpr\u00e9tations de \u00abNe Me Quitte Pas\u00bb de Jacques Brel, \u00abStars\u00bb de Janis Ian ou encore \u00abNo Woman No Cry\u00bb de Bob Marley. La collection se termine par le rappel du dernier concert de Nina Simone au Montreux Jazz Festival avec l\u2019un de ses enregistrements les plus connus, \u00abMy Baby Just Cares For Me\u00bb, qui met en lumi\u00e8re les facettes profondes et complexes de sa vie et de sa musique.<\/p>\n<p>L\u2019\u00e9dition CD de \u00abNina Simone: The Montreux Years\u00bb comprendra pour la toute premi\u00e8re fois l\u2019int\u00e9gralit\u00e9 du concert historique de Simone en 1968.<\/p>\n<p><strong>FACE A<\/strong><br \/>\n<strong>1. Someone To Watch Over Me<\/strong><br \/>\nau Casino Montreux Date le 10\/7\/1987<br \/>\n<strong>2. Backlash Blues<\/strong><br \/>\nau Casino Montreux Date le 3\/7\/1976<br \/>\n<strong>3. I Wish I Knew How It Would Feel To Be Free<\/strong><br \/>\nau Casino Montreux Date le 3\/7\/1976<br \/>\n<strong>4. See-Line Woman<\/strong><br \/>\nau Casino Montreux Date le 13\/7\/1990<\/p>\n<p><strong>FACE B<\/strong><br \/>\n<strong>1. Little Girl Blue (Pt 1 and 2)<\/strong><br \/>\nau Casino Montreux Date le 3\/7\/1976<br \/>\n<strong>2. Don&rsquo;t Smoke In Bed<\/strong><br \/>\nau Casino Montreux Date le 13\/7\/1990<br \/>\n<strong>3. Stars<\/strong><br \/>\nau Casino Montreux Date le 3\/7\/1976<br \/>\n<strong>4. What A Little Moonlight Can Do<\/strong><br \/>\nau Casino Montreux Date le 13\/7\/1990<\/p>\n<p><strong>FACE C<\/strong><br \/>\n<strong>1. African Mailman<\/strong><br \/>\nau Casino Montreux Date le 3\/7\/1976<br \/>\n<strong>2. Just In Time<\/strong><br \/>\nau Casino Kursaal le 16\/6\/1968<br \/>\n<strong>3. Four Women<\/strong><br \/>\nau Casino Montreux Date le 13\/7\/1990<br \/>\n<strong>4. No Woman No Cry<\/strong><br \/>\nau Casino Montreux Date le 13\/7\/1990<\/p>\n<p><strong>FACE D<\/strong><br \/>\n<strong>1. Liberian Calypso<\/strong><br \/>\nau Casino Montreux Date le 13\/7\/1990<br \/>\n<strong>2. Ne Me Quitte Pas<\/strong><br \/>\nau Casino Montreux Date le 13\/7\/1990<br \/>\n<strong>3. Montreux Blues<\/strong><br \/>\nau Casino Montreux le 19\/7\/1981<br \/>\n<strong>4. My Baby Just Cares For Me<\/strong><br \/>\nau Casino Montreux Date le 13\/7\/1990<\/p>\n","protected":false},"excerpt":{"rendered":"<p>Le Montreux Jazz Festival et BMG lancent une s\u00e9rie d\u2019albums appel\u00e9e \u00abThe Montreux Years\u00bb, issue de la vaste collection audiovisuelle du fondateur du Festival, Claude Nobs (Montreux Sounds). Puisant dans les 55 ans d\u2019histoire du Montreux Jazz Festival, la s\u00e9rie \u00abThe Montreux Years\u00bb d\u00e9voile des enregistrements rares et in\u00e9dits, compilant des performances l\u00e9gendaires d\u2019artistes embl\u00e9matiques sur plusieurs ann\u00e9es.<\/p>\n<p>L\u2019histoire de Nina Simone, de la fin des ann\u00e9es 1960 aux ann\u00e9es 1990, peut \u00eatre racont\u00e9e \u00e0 travers ses performances l\u00e9gendaires \u00e0 Montreux. Depuis son premier concert \u00e0 la deuxi\u00e8me \u00e9dition du Montreux Jazz Festival en 1968, Nina Simone a construit une relation durable avec le Festival et son fondateur Claude Nobs.<\/p>\n","protected":false},"featured_media":765,"template":"","meta":{"_acf_changed":false},"artist":[],"artist-category":[],"edition":[],"product_brand":[],"product_cat":[323,304,305],"product_tag":[],"class_list":{"0":"post-2786","1":"product","2":"type-product","3":"status-publish","4":"has-post-thumbnail","6":"product_cat-dvd-cd","7":"product_cat-musique","8":"product_cat-vinyls-fr","9":"product_shipping_class-vinyls","11":"first","12":"outofstock","13":"taxable","14":"shipping-taxable","15":"purchasable","16":"product-type-simple"},"bundled_by":[],"bundle_stock_status":"outofstock","bundle_stock_quantity":0,"bundle_virtual":false,"bundle_layout":"","bundle_add_to_cart_form_location":"","bundle_editable_in_cart":false,"bundle_sold_individually_context":"","bundle_item_grouping":"","bundle_min_size":"","bundle_max_size":"","bundle_price":[],"bundled_items":[],"bundle_sell_ids":[],"acf":[],"yoast_head":"<!-- This site is optimized with the Yoast SEO Premium plugin v26.4 (Yoast SEO v27.4) - https:\/\/yoast.com\/product\/yoast-seo-premium-wordpress\/ -->\n<title>Nina Simone, The Montreux Years, Double Vinyle - Montreux Jazz Festival Shop<\/title>\n<meta name=\"description\" content=\"Nina Simone The Montreux Years double vinyle. L\u2019histoire de Nina Simone racont\u00e9e \u00e0 travers ses performances l\u00e9gendaires au c\u00e9l\u00e8bre Jazz Festival. Best of\" \/>\n<meta name=\"robots\" content=\"index, follow, max-snippet:-1, max-image-preview:large, max-video-preview:-1\" \/>\n<link rel=\"canonical\" href=\"https:\/\/www.montreuxjazzshop.com\/fr\/boutique\/musique\/dvd-cd\/nina-simone-the-montreux-years-double-vinyle\/\" \/>\n<meta property=\"og:locale\" content=\"fr_FR\" \/>\n<meta property=\"og:type\" content=\"article\" \/>\n<meta property=\"og:title\" content=\"Nina Simone, The Montreux Years, Double Vinyle\" \/>\n<meta property=\"og:description\" content=\"Nina Simone The Montreux Years double vinyle. L\u2019histoire de Nina Simone racont\u00e9e \u00e0 travers ses performances l\u00e9gendaires au c\u00e9l\u00e8bre Jazz Festival. Best of\" \/>\n<meta property=\"og:url\" content=\"https:\/\/www.montreuxjazzshop.com\/fr\/boutique\/musique\/dvd-cd\/nina-simone-the-montreux-years-double-vinyle\/\" \/>\n<meta property=\"og:site_name\" content=\"Montreux Jazz Festival Shop\" \/>\n<meta property=\"article:publisher\" content=\"https:\/\/www.facebook.com\/montreuxjazzfestival\" \/>\n<meta property=\"article:modified_time\" content=\"2026-01-14T10:00:09+00:00\" \/>\n<meta property=\"og:image\" content=\"https:\/\/www.montreuxjazzshop.com\/wp-content\/uploads\/2025\/05\/Nina-Simone-The-Montreux-Years-Double-Vinyl.jpg\" \/>\n\t<meta property=\"og:image:width\" content=\"2000\" \/>\n\t<meta property=\"og:image:height\" content=\"2000\" \/>\n\t<meta property=\"og:image:type\" content=\"image\/jpeg\" \/>\n<meta name=\"twitter:card\" content=\"summary_large_image\" \/>\n<meta name=\"twitter:site\" content=\"@MontreuxJazz\" \/>\n<script type=\"application\/ld+json\" class=\"yoast-schema-graph\">{\"@context\":\"https:\\\/\\\/schema.org\",\"@graph\":[{\"@type\":\"WebPage\",\"@id\":\"https:\\\/\\\/www.montreuxjazzshop.com\\\/fr\\\/boutique\\\/musique\\\/dvd-cd\\\/nina-simone-the-montreux-years-double-vinyle\\\/\",\"url\":\"https:\\\/\\\/www.montreuxjazzshop.com\\\/fr\\\/boutique\\\/musique\\\/dvd-cd\\\/nina-simone-the-montreux-years-double-vinyle\\\/\",\"name\":\"Nina Simone, The Montreux Years, Double Vinyle - Montreux Jazz Festival Shop\",\"isPartOf\":{\"@id\":\"https:\\\/\\\/www.montreuxjazzshop.com\\\/fr\\\/#website\"},\"primaryImageOfPage\":{\"@id\":\"https:\\\/\\\/www.montreuxjazzshop.com\\\/fr\\\/boutique\\\/musique\\\/dvd-cd\\\/nina-simone-the-montreux-years-double-vinyle\\\/#primaryimage\"},\"image\":{\"@id\":\"https:\\\/\\\/www.montreuxjazzshop.com\\\/fr\\\/boutique\\\/musique\\\/dvd-cd\\\/nina-simone-the-montreux-years-double-vinyle\\\/#primaryimage\"},\"thumbnailUrl\":\"https:\\\/\\\/www.montreuxjazzshop.com\\\/wp-content\\\/uploads\\\/2025\\\/05\\\/Nina-Simone-The-Montreux-Years-Double-Vinyl.jpg\",\"datePublished\":\"2025-09-11T13:16:34+00:00\",\"dateModified\":\"2026-01-14T10:00:09+00:00\",\"description\":\"Nina Simone The Montreux Years double vinyle. L\u2019histoire de Nina Simone racont\u00e9e \u00e0 travers ses performances l\u00e9gendaires au c\u00e9l\u00e8bre Jazz Festival. Best of\",\"breadcrumb\":{\"@id\":\"https:\\\/\\\/www.montreuxjazzshop.com\\\/fr\\\/boutique\\\/musique\\\/dvd-cd\\\/nina-simone-the-montreux-years-double-vinyle\\\/#breadcrumb\"},\"inLanguage\":\"fr-FR\",\"potentialAction\":[{\"@type\":\"ReadAction\",\"target\":[\"https:\\\/\\\/www.montreuxjazzshop.com\\\/fr\\\/boutique\\\/musique\\\/dvd-cd\\\/nina-simone-the-montreux-years-double-vinyle\\\/\"]}]},{\"@type\":\"ImageObject\",\"inLanguage\":\"fr-FR\",\"@id\":\"https:\\\/\\\/www.montreuxjazzshop.com\\\/fr\\\/boutique\\\/musique\\\/dvd-cd\\\/nina-simone-the-montreux-years-double-vinyle\\\/#primaryimage\",\"url\":\"https:\\\/\\\/www.montreuxjazzshop.com\\\/wp-content\\\/uploads\\\/2025\\\/05\\\/Nina-Simone-The-Montreux-Years-Double-Vinyl.jpg\",\"contentUrl\":\"https:\\\/\\\/www.montreuxjazzshop.com\\\/wp-content\\\/uploads\\\/2025\\\/05\\\/Nina-Simone-The-Montreux-Years-Double-Vinyl.jpg\",\"width\":2000,\"height\":2000,\"caption\":\"Le double vinyle \\\"Nina Simone, The Montreux Years\\\" pr\u00e9sente une illustration color\u00e9e de Nina Simone en train de chanter, sur un fond blanc avec des motifs et des textes audacieux et vibrants.\"},{\"@type\":\"BreadcrumbList\",\"@id\":\"https:\\\/\\\/www.montreuxjazzshop.com\\\/fr\\\/boutique\\\/musique\\\/dvd-cd\\\/nina-simone-the-montreux-years-double-vinyle\\\/#breadcrumb\",\"itemListElement\":[{\"@type\":\"ListItem\",\"position\":1,\"name\":\"Accueil\",\"item\":\"https:\\\/\\\/www.montreuxjazzshop.com\\\/fr\\\/\"},{\"@type\":\"ListItem\",\"position\":2,\"name\":\"Boutique\",\"item\":\"https:\\\/\\\/www.montreuxjazzshop.com\\\/fr\\\/boutique\\\/\"},{\"@type\":\"ListItem\",\"position\":3,\"name\":\"Nina Simone, The Montreux Years, Double Vinyle\"}]},{\"@type\":\"WebSite\",\"@id\":\"https:\\\/\\\/www.montreuxjazzshop.com\\\/fr\\\/#website\",\"url\":\"https:\\\/\\\/www.montreuxjazzshop.com\\\/fr\\\/\",\"name\":\"Montreux Jazz Shop\",\"description\":\"The Montreux Jazz Festival shop\",\"potentialAction\":[{\"@type\":\"SearchAction\",\"target\":{\"@type\":\"EntryPoint\",\"urlTemplate\":\"https:\\\/\\\/www.montreuxjazzshop.com\\\/fr\\\/?s={search_term_string}\"},\"query-input\":{\"@type\":\"PropertyValueSpecification\",\"valueRequired\":true,\"valueName\":\"search_term_string\"}}],\"inLanguage\":\"fr-FR\"}]}<\/script>\n<meta property=\"product:price:amount\" content=\"35.00\" \/>\n<meta property=\"product:price:currency\" content=\"CHF\" \/>\n<meta property=\"og:availability\" content=\"out of stock\" \/>\n<meta property=\"product:availability\" content=\"out of stock\" \/>\n<meta property=\"product:retailer_item_id\" content=\"5500100102021\" \/>\n<meta property=\"product:condition\" content=\"new\" \/>\n<!-- \/ Yoast SEO Premium plugin. -->","yoast_head_json":{"title":"Nina Simone, The Montreux Years, Double Vinyle - Montreux Jazz Festival Shop","description":"Nina Simone The Montreux Years double vinyle. L\u2019histoire de Nina Simone racont\u00e9e \u00e0 travers ses performances l\u00e9gendaires au c\u00e9l\u00e8bre Jazz Festival. Best of","robots":{"index":"index","follow":"follow","max-snippet":"max-snippet:-1","max-image-preview":"max-image-preview:large","max-video-preview":"max-video-preview:-1"},"canonical":"https:\/\/www.montreuxjazzshop.com\/fr\/boutique\/musique\/dvd-cd\/nina-simone-the-montreux-years-double-vinyle\/","og_locale":"fr_FR","og_type":"article","og_title":"Nina Simone, The Montreux Years, Double Vinyle","og_description":"Nina Simone The Montreux Years double vinyle. L\u2019histoire de Nina Simone racont\u00e9e \u00e0 travers ses performances l\u00e9gendaires au c\u00e9l\u00e8bre Jazz Festival. Best of","og_url":"https:\/\/www.montreuxjazzshop.com\/fr\/boutique\/musique\/dvd-cd\/nina-simone-the-montreux-years-double-vinyle\/","og_site_name":"Montreux Jazz Festival Shop","article_publisher":"https:\/\/www.facebook.com\/montreuxjazzfestival","article_modified_time":"2026-01-14T10:00:09+00:00","og_image":[{"width":2000,"height":2000,"url":"https:\/\/www.montreuxjazzshop.com\/wp-content\/uploads\/2025\/05\/Nina-Simone-The-Montreux-Years-Double-Vinyl.jpg","type":"image\/jpeg"}],"twitter_card":"summary_large_image","twitter_site":"@MontreuxJazz","schema":{"@context":"https:\/\/schema.org","@graph":[{"@type":"WebPage","@id":"https:\/\/www.montreuxjazzshop.com\/fr\/boutique\/musique\/dvd-cd\/nina-simone-the-montreux-years-double-vinyle\/","url":"https:\/\/www.montreuxjazzshop.com\/fr\/boutique\/musique\/dvd-cd\/nina-simone-the-montreux-years-double-vinyle\/","name":"Nina Simone, The Montreux Years, Double Vinyle - Montreux Jazz Festival Shop","isPartOf":{"@id":"https:\/\/www.montreuxjazzshop.com\/fr\/#website"},"primaryImageOfPage":{"@id":"https:\/\/www.montreuxjazzshop.com\/fr\/boutique\/musique\/dvd-cd\/nina-simone-the-montreux-years-double-vinyle\/#primaryimage"},"image":{"@id":"https:\/\/www.montreuxjazzshop.com\/fr\/boutique\/musique\/dvd-cd\/nina-simone-the-montreux-years-double-vinyle\/#primaryimage"},"thumbnailUrl":"https:\/\/www.montreuxjazzshop.com\/wp-content\/uploads\/2025\/05\/Nina-Simone-The-Montreux-Years-Double-Vinyl.jpg","datePublished":"2025-09-11T13:16:34+00:00","dateModified":"2026-01-14T10:00:09+00:00","description":"Nina Simone The Montreux Years double vinyle. L\u2019histoire de Nina Simone racont\u00e9e \u00e0 travers ses performances l\u00e9gendaires au c\u00e9l\u00e8bre Jazz Festival. Best of","breadcrumb":{"@id":"https:\/\/www.montreuxjazzshop.com\/fr\/boutique\/musique\/dvd-cd\/nina-simone-the-montreux-years-double-vinyle\/#breadcrumb"},"inLanguage":"fr-FR","potentialAction":[{"@type":"ReadAction","target":["https:\/\/www.montreuxjazzshop.com\/fr\/boutique\/musique\/dvd-cd\/nina-simone-the-montreux-years-double-vinyle\/"]}]},{"@type":"ImageObject","inLanguage":"fr-FR","@id":"https:\/\/www.montreuxjazzshop.com\/fr\/boutique\/musique\/dvd-cd\/nina-simone-the-montreux-years-double-vinyle\/#primaryimage","url":"https:\/\/www.montreuxjazzshop.com\/wp-content\/uploads\/2025\/05\/Nina-Simone-The-Montreux-Years-Double-Vinyl.jpg","contentUrl":"https:\/\/www.montreuxjazzshop.com\/wp-content\/uploads\/2025\/05\/Nina-Simone-The-Montreux-Years-Double-Vinyl.jpg","width":2000,"height":2000,"caption":"Le double vinyle \"Nina Simone, The Montreux Years\" pr\u00e9sente une illustration color\u00e9e de Nina Simone en train de chanter, sur un fond blanc avec des motifs et des textes audacieux et vibrants."},{"@type":"BreadcrumbList","@id":"https:\/\/www.montreuxjazzshop.com\/fr\/boutique\/musique\/dvd-cd\/nina-simone-the-montreux-years-double-vinyle\/#breadcrumb","itemListElement":[{"@type":"ListItem","position":1,"name":"Accueil","item":"https:\/\/www.montreuxjazzshop.com\/fr\/"},{"@type":"ListItem","position":2,"name":"Boutique","item":"https:\/\/www.montreuxjazzshop.com\/fr\/boutique\/"},{"@type":"ListItem","position":3,"name":"Nina Simone, The Montreux Years, Double Vinyle"}]},{"@type":"WebSite","@id":"https:\/\/www.montreuxjazzshop.com\/fr\/#website","url":"https:\/\/www.montreuxjazzshop.com\/fr\/","name":"Montreux Jazz Shop","description":"The Montreux Jazz Festival shop","potentialAction":[{"@type":"SearchAction","target":{"@type":"EntryPoint","urlTemplate":"https:\/\/www.montreuxjazzshop.com\/fr\/?s={search_term_string}"},"query-input":{"@type":"PropertyValueSpecification","valueRequired":true,"valueName":"search_term_string"}}],"inLanguage":"fr-FR"}]},"product_price_amount":"35.00","product_price_currency":"CHF","og_availability":"out of stock","product_availability":"out of stock","product_retailer_item_id":"5500100102021","product_condition":"new"},"_links":{"self":[{"href":"https:\/\/www.montreuxjazzshop.com\/fr\/wp-json\/wp\/v2\/product\/2786","targetHints":{"allow":["GET"]}}],"collection":[{"href":"https:\/\/www.montreuxjazzshop.com\/fr\/wp-json\/wp\/v2\/product"}],"about":[{"href":"https:\/\/www.montreuxjazzshop.com\/fr\/wp-json\/wp\/v2\/types\/product"}],"wp:featuredmedia":[{"embeddable":true,"href":"https:\/\/www.montreuxjazzshop.com\/fr\/wp-json\/wp\/v2\/media\/765"}],"wp:attachment":[{"href":"https:\/\/www.montreuxjazzshop.com\/fr\/wp-json\/wp\/v2\/media?parent=2786"}],"wp:term":[{"taxonomy":"artist","embeddable":true,"href":"https:\/\/www.montreuxjazzshop.com\/fr\/wp-json\/wp\/v2\/artist?post=2786"},{"taxonomy":"artist-category","embeddable":true,"href":"https:\/\/www.montreuxjazzshop.com\/fr\/wp-json\/wp\/v2\/artist-category?post=2786"},{"taxonomy":"edition","embeddable":true,"href":"https:\/\/www.montreuxjazzshop.com\/fr\/wp-json\/wp\/v2\/edition?post=2786"},{"taxonomy":"product_brand","embeddable":true,"href":"https:\/\/www.montreuxjazzshop.com\/fr\/wp-json\/wp\/v2\/product_brand?post=2786"},{"taxonomy":"product_cat","embeddable":true,"href":"https:\/\/www.montreuxjazzshop.com\/fr\/wp-json\/wp\/v2\/product_cat?post=2786"},{"taxonomy":"product_tag","embeddable":true,"href":"https:\/\/www.montreuxjazzshop.com\/fr\/wp-json\/wp\/v2\/product_tag?post=2786"}],"curies":[{"name":"wp","href":"https:\/\/api.w.org\/{rel}","templated":true}]}}