{"id":2752,"date":"2025-09-11T15:16:30","date_gmt":"2025-09-11T13:16:30","guid":{"rendered":"https:\/\/www.montreuxjazzshop.com\/?post_type=product&#038;p=2752"},"modified":"2026-03-12T17:31:26","modified_gmt":"2026-03-12T16:31:26","slug":"t-shirt-montreux-jazz-festival-gris","status":"publish","type":"product","link":"https:\/\/www.montreuxjazzshop.com\/fr\/boutique\/t-shirts-2\/t-shirt-montreux-jazz-festival-gris\/","title":{"rendered":"T-Shirt Montreux Jazz Festival, Gris"},"content":{"rendered":"<ul>\n<li>Qualit\u00e9: 100% coton<\/li>\n<\/ul>\n","protected":false},"excerpt":{"rendered":"<p>Le saviez-vous? Le lettrage \u00e0 la main \u00ab\u00a0Montreux Jazz Festival\u00a0\u00bb, typique de <a href=\"\/fr\/portfolio-item\/jean-tinguely\/\">Jean Tinguely<\/a> &#8211; cr\u00e9ateur de l&rsquo;affiche de 1982 &#8211; sera l\u00e9g\u00e8rement retravaill\u00e9 par <a href=\"\/fr\/portfolio-item\/pierre-keller\/\">Pierre Keller<\/a> pour devenir l\u2019iconique nouveau logo du Festival.<\/p>\n","protected":false},"featured_media":513,"template":"","meta":{"_acf_changed":false},"artist":[],"artist-category":[],"edition":[],"product_brand":[],"product_cat":[301,302],"product_tag":[],"class_list":{"0":"post-2752","1":"product","2":"type-product","3":"status-publish","4":"has-post-thumbnail","6":"product_cat-t-shirts-2","7":"product_cat-textile","8":"product_shipping_class-accessoires-et-textile","10":"first","11":"instock","12":"sale","13":"taxable","14":"shipping-taxable","15":"purchasable","16":"product-type-variable","17":"wvs-archive-product-wrapper"},"bundled_by":[],"bundle_stock_status":"instock","bundle_stock_quantity":null,"bundle_virtual":false,"bundle_layout":"","bundle_add_to_cart_form_location":"","bundle_editable_in_cart":false,"bundle_sold_individually_context":"","bundle_item_grouping":"","bundle_min_size":"","bundle_max_size":"","bundle_price":[],"bundled_items":[],"bundle_sell_ids":[],"acf":[],"yoast_head":"<!-- This site is optimized with the Yoast SEO Premium plugin v26.4 (Yoast SEO v27.4) - https:\/\/yoast.com\/product\/yoast-seo-premium-wordpress\/ -->\n<title>T-Shirt Montreux Jazz Festival, Gris - Montreux Jazz Festival Shop<\/title>\n<meta name=\"description\" content=\"T-Shirt gris et noir Montreux Jazz Festival. Le lettrage \u00e0 la main \u201cMontreux Jazz Festival\u201d, est tir\u00e9 de l\u2019affiche de Tinguely en 1982. Lifestyle.\" \/>\n<meta name=\"robots\" content=\"index, follow, max-snippet:-1, max-image-preview:large, max-video-preview:-1\" \/>\n<link rel=\"canonical\" href=\"https:\/\/www.montreuxjazzshop.com\/fr\/boutique\/t-shirts-2\/t-shirt-montreux-jazz-festival-gris\/\" \/>\n<meta property=\"og:locale\" content=\"fr_FR\" \/>\n<meta property=\"og:type\" content=\"article\" \/>\n<meta property=\"og:title\" content=\"T-Shirt Montreux Jazz Festival, Gris\" \/>\n<meta property=\"og:description\" content=\"T-Shirt gris et noir Montreux Jazz Festival. Le lettrage \u00e0 la main \u201cMontreux Jazz Festival\u201d, est tir\u00e9 de l\u2019affiche de Tinguely en 1982. Lifestyle.\" \/>\n<meta property=\"og:url\" content=\"https:\/\/www.montreuxjazzshop.com\/fr\/boutique\/t-shirts-2\/t-shirt-montreux-jazz-festival-gris\/\" \/>\n<meta property=\"og:site_name\" content=\"Montreux Jazz Festival Shop\" \/>\n<meta property=\"article:publisher\" content=\"https:\/\/www.facebook.com\/montreuxjazzfestival\" \/>\n<meta property=\"article:modified_time\" content=\"2026-03-12T16:31:26+00:00\" \/>\n<meta property=\"og:image\" content=\"https:\/\/www.montreuxjazzshop.com\/wp-content\/uploads\/2025\/05\/MJF22-Shooting-Tshirt-Intemporel-MJFTinguely-Gris-2.jpg\" \/>\n\t<meta property=\"og:image:width\" content=\"1500\" \/>\n\t<meta property=\"og:image:height\" content=\"1500\" \/>\n\t<meta property=\"og:image:type\" content=\"image\/jpeg\" \/>\n<meta name=\"twitter:card\" content=\"summary_large_image\" \/>\n<meta name=\"twitter:site\" content=\"@MontreuxJazz\" \/>\n<script type=\"application\/ld+json\" class=\"yoast-schema-graph\">{\"@context\":\"https:\\\/\\\/schema.org\",\"@graph\":[{\"@type\":\"WebPage\",\"@id\":\"https:\\\/\\\/www.montreuxjazzshop.com\\\/fr\\\/boutique\\\/t-shirts-2\\\/t-shirt-montreux-jazz-festival-gris\\\/\",\"url\":\"https:\\\/\\\/www.montreuxjazzshop.com\\\/fr\\\/boutique\\\/t-shirts-2\\\/t-shirt-montreux-jazz-festival-gris\\\/\",\"name\":\"T-Shirt Montreux Jazz Festival, Gris - Montreux Jazz Festival Shop\",\"isPartOf\":{\"@id\":\"https:\\\/\\\/www.montreuxjazzshop.com\\\/fr\\\/#website\"},\"primaryImageOfPage\":{\"@id\":\"https:\\\/\\\/www.montreuxjazzshop.com\\\/fr\\\/boutique\\\/t-shirts-2\\\/t-shirt-montreux-jazz-festival-gris\\\/#primaryimage\"},\"image\":{\"@id\":\"https:\\\/\\\/www.montreuxjazzshop.com\\\/fr\\\/boutique\\\/t-shirts-2\\\/t-shirt-montreux-jazz-festival-gris\\\/#primaryimage\"},\"thumbnailUrl\":\"https:\\\/\\\/www.montreuxjazzshop.com\\\/wp-content\\\/uploads\\\/2025\\\/05\\\/MJF22-Shooting-Tshirt-Intemporel-MJFTinguely-Gris-2.jpg\",\"datePublished\":\"2025-09-11T13:16:30+00:00\",\"dateModified\":\"2026-03-12T16:31:26+00:00\",\"description\":\"T-Shirt gris et noir Montreux Jazz Festival. Le lettrage \u00e0 la main \u201cMontreux Jazz Festival\u201d, est tir\u00e9 de l\u2019affiche de Tinguely en 1982. Lifestyle.\",\"breadcrumb\":{\"@id\":\"https:\\\/\\\/www.montreuxjazzshop.com\\\/fr\\\/boutique\\\/t-shirts-2\\\/t-shirt-montreux-jazz-festival-gris\\\/#breadcrumb\"},\"inLanguage\":\"fr-FR\",\"potentialAction\":[{\"@type\":\"ReadAction\",\"target\":[\"https:\\\/\\\/www.montreuxjazzshop.com\\\/fr\\\/boutique\\\/t-shirts-2\\\/t-shirt-montreux-jazz-festival-gris\\\/\"]}]},{\"@type\":\"ImageObject\",\"inLanguage\":\"fr-FR\",\"@id\":\"https:\\\/\\\/www.montreuxjazzshop.com\\\/fr\\\/boutique\\\/t-shirts-2\\\/t-shirt-montreux-jazz-festival-gris\\\/#primaryimage\",\"url\":\"https:\\\/\\\/www.montreuxjazzshop.com\\\/wp-content\\\/uploads\\\/2025\\\/05\\\/MJF22-Shooting-Tshirt-Intemporel-MJFTinguely-Gris-2.jpg\",\"contentUrl\":\"https:\\\/\\\/www.montreuxjazzshop.com\\\/wp-content\\\/uploads\\\/2025\\\/05\\\/MJF22-Shooting-Tshirt-Intemporel-MJFTinguely-Gris-2.jpg\",\"width\":1500,\"height\":1500,\"caption\":\"Une personne portant un T-Shirt Montreux Jazz Festival, Gris, est assise au bord de l'eau, son bras et ses jambes \u00e9tant partiellement visibles. La sc\u00e8ne pr\u00e9sente un front de mer ensoleill\u00e9 et anim\u00e9 en arri\u00e8re-plan.\"},{\"@type\":\"BreadcrumbList\",\"@id\":\"https:\\\/\\\/www.montreuxjazzshop.com\\\/fr\\\/boutique\\\/t-shirts-2\\\/t-shirt-montreux-jazz-festival-gris\\\/#breadcrumb\",\"itemListElement\":[{\"@type\":\"ListItem\",\"position\":1,\"name\":\"Accueil\",\"item\":\"https:\\\/\\\/www.montreuxjazzshop.com\\\/fr\\\/\"},{\"@type\":\"ListItem\",\"position\":2,\"name\":\"Boutique\",\"item\":\"https:\\\/\\\/www.montreuxjazzshop.com\\\/fr\\\/boutique\\\/\"},{\"@type\":\"ListItem\",\"position\":3,\"name\":\"T-Shirt Montreux Jazz Festival, Gris\"}]},{\"@type\":\"WebSite\",\"@id\":\"https:\\\/\\\/www.montreuxjazzshop.com\\\/fr\\\/#website\",\"url\":\"https:\\\/\\\/www.montreuxjazzshop.com\\\/fr\\\/\",\"name\":\"Montreux Jazz Shop\",\"description\":\"The Montreux Jazz Festival shop\",\"potentialAction\":[{\"@type\":\"SearchAction\",\"target\":{\"@type\":\"EntryPoint\",\"urlTemplate\":\"https:\\\/\\\/www.montreuxjazzshop.com\\\/fr\\\/?s={search_term_string}\"},\"query-input\":{\"@type\":\"PropertyValueSpecification\",\"valueRequired\":true,\"valueName\":\"search_term_string\"}}],\"inLanguage\":\"fr-FR\"}]}<\/script>\n<meta property=\"og:availability\" content=\"instock\" \/>\n<meta property=\"product:availability\" content=\"instock\" \/>\n<meta property=\"product:retailer_item_id\" content=\"2000000702017\" \/>\n<meta property=\"product:condition\" content=\"new\" \/>\n<!-- \/ Yoast SEO Premium plugin. -->","yoast_head_json":{"title":"T-Shirt Montreux Jazz Festival, Gris - Montreux Jazz Festival Shop","description":"T-Shirt gris et noir Montreux Jazz Festival. Le lettrage \u00e0 la main \u201cMontreux Jazz Festival\u201d, est tir\u00e9 de l\u2019affiche de Tinguely en 1982. Lifestyle.","robots":{"index":"index","follow":"follow","max-snippet":"max-snippet:-1","max-image-preview":"max-image-preview:large","max-video-preview":"max-video-preview:-1"},"canonical":"https:\/\/www.montreuxjazzshop.com\/fr\/boutique\/t-shirts-2\/t-shirt-montreux-jazz-festival-gris\/","og_locale":"fr_FR","og_type":"article","og_title":"T-Shirt Montreux Jazz Festival, Gris","og_description":"T-Shirt gris et noir Montreux Jazz Festival. Le lettrage \u00e0 la main \u201cMontreux Jazz Festival\u201d, est tir\u00e9 de l\u2019affiche de Tinguely en 1982. Lifestyle.","og_url":"https:\/\/www.montreuxjazzshop.com\/fr\/boutique\/t-shirts-2\/t-shirt-montreux-jazz-festival-gris\/","og_site_name":"Montreux Jazz Festival Shop","article_publisher":"https:\/\/www.facebook.com\/montreuxjazzfestival","article_modified_time":"2026-03-12T16:31:26+00:00","og_image":[{"width":1500,"height":1500,"url":"https:\/\/www.montreuxjazzshop.com\/wp-content\/uploads\/2025\/05\/MJF22-Shooting-Tshirt-Intemporel-MJFTinguely-Gris-2.jpg","type":"image\/jpeg"}],"twitter_card":"summary_large_image","twitter_site":"@MontreuxJazz","schema":{"@context":"https:\/\/schema.org","@graph":[{"@type":"WebPage","@id":"https:\/\/www.montreuxjazzshop.com\/fr\/boutique\/t-shirts-2\/t-shirt-montreux-jazz-festival-gris\/","url":"https:\/\/www.montreuxjazzshop.com\/fr\/boutique\/t-shirts-2\/t-shirt-montreux-jazz-festival-gris\/","name":"T-Shirt Montreux Jazz Festival, Gris - Montreux Jazz Festival Shop","isPartOf":{"@id":"https:\/\/www.montreuxjazzshop.com\/fr\/#website"},"primaryImageOfPage":{"@id":"https:\/\/www.montreuxjazzshop.com\/fr\/boutique\/t-shirts-2\/t-shirt-montreux-jazz-festival-gris\/#primaryimage"},"image":{"@id":"https:\/\/www.montreuxjazzshop.com\/fr\/boutique\/t-shirts-2\/t-shirt-montreux-jazz-festival-gris\/#primaryimage"},"thumbnailUrl":"https:\/\/www.montreuxjazzshop.com\/wp-content\/uploads\/2025\/05\/MJF22-Shooting-Tshirt-Intemporel-MJFTinguely-Gris-2.jpg","datePublished":"2025-09-11T13:16:30+00:00","dateModified":"2026-03-12T16:31:26+00:00","description":"T-Shirt gris et noir Montreux Jazz Festival. Le lettrage \u00e0 la main \u201cMontreux Jazz Festival\u201d, est tir\u00e9 de l\u2019affiche de Tinguely en 1982. Lifestyle.","breadcrumb":{"@id":"https:\/\/www.montreuxjazzshop.com\/fr\/boutique\/t-shirts-2\/t-shirt-montreux-jazz-festival-gris\/#breadcrumb"},"inLanguage":"fr-FR","potentialAction":[{"@type":"ReadAction","target":["https:\/\/www.montreuxjazzshop.com\/fr\/boutique\/t-shirts-2\/t-shirt-montreux-jazz-festival-gris\/"]}]},{"@type":"ImageObject","inLanguage":"fr-FR","@id":"https:\/\/www.montreuxjazzshop.com\/fr\/boutique\/t-shirts-2\/t-shirt-montreux-jazz-festival-gris\/#primaryimage","url":"https:\/\/www.montreuxjazzshop.com\/wp-content\/uploads\/2025\/05\/MJF22-Shooting-Tshirt-Intemporel-MJFTinguely-Gris-2.jpg","contentUrl":"https:\/\/www.montreuxjazzshop.com\/wp-content\/uploads\/2025\/05\/MJF22-Shooting-Tshirt-Intemporel-MJFTinguely-Gris-2.jpg","width":1500,"height":1500,"caption":"Une personne portant un T-Shirt Montreux Jazz Festival, Gris, est assise au bord de l'eau, son bras et ses jambes \u00e9tant partiellement visibles. La sc\u00e8ne pr\u00e9sente un front de mer ensoleill\u00e9 et anim\u00e9 en arri\u00e8re-plan."},{"@type":"BreadcrumbList","@id":"https:\/\/www.montreuxjazzshop.com\/fr\/boutique\/t-shirts-2\/t-shirt-montreux-jazz-festival-gris\/#breadcrumb","itemListElement":[{"@type":"ListItem","position":1,"name":"Accueil","item":"https:\/\/www.montreuxjazzshop.com\/fr\/"},{"@type":"ListItem","position":2,"name":"Boutique","item":"https:\/\/www.montreuxjazzshop.com\/fr\/boutique\/"},{"@type":"ListItem","position":3,"name":"T-Shirt Montreux Jazz Festival, Gris"}]},{"@type":"WebSite","@id":"https:\/\/www.montreuxjazzshop.com\/fr\/#website","url":"https:\/\/www.montreuxjazzshop.com\/fr\/","name":"Montreux Jazz Shop","description":"The Montreux Jazz Festival shop","potentialAction":[{"@type":"SearchAction","target":{"@type":"EntryPoint","urlTemplate":"https:\/\/www.montreuxjazzshop.com\/fr\/?s={search_term_string}"},"query-input":{"@type":"PropertyValueSpecification","valueRequired":true,"valueName":"search_term_string"}}],"inLanguage":"fr-FR"}]},"og_availability":"instock","product_availability":"instock","product_retailer_item_id":"2000000702017","product_condition":"new"},"_links":{"self":[{"href":"https:\/\/www.montreuxjazzshop.com\/fr\/wp-json\/wp\/v2\/product\/2752","targetHints":{"allow":["GET"]}}],"collection":[{"href":"https:\/\/www.montreuxjazzshop.com\/fr\/wp-json\/wp\/v2\/product"}],"about":[{"href":"https:\/\/www.montreuxjazzshop.com\/fr\/wp-json\/wp\/v2\/types\/product"}],"wp:featuredmedia":[{"embeddable":true,"href":"https:\/\/www.montreuxjazzshop.com\/fr\/wp-json\/wp\/v2\/media\/513"}],"wp:attachment":[{"href":"https:\/\/www.montreuxjazzshop.com\/fr\/wp-json\/wp\/v2\/media?parent=2752"}],"wp:term":[{"taxonomy":"artist","embeddable":true,"href":"https:\/\/www.montreuxjazzshop.com\/fr\/wp-json\/wp\/v2\/artist?post=2752"},{"taxonomy":"artist-category","embeddable":true,"href":"https:\/\/www.montreuxjazzshop.com\/fr\/wp-json\/wp\/v2\/artist-category?post=2752"},{"taxonomy":"edition","embeddable":true,"href":"https:\/\/www.montreuxjazzshop.com\/fr\/wp-json\/wp\/v2\/edition?post=2752"},{"taxonomy":"product_brand","embeddable":true,"href":"https:\/\/www.montreuxjazzshop.com\/fr\/wp-json\/wp\/v2\/product_brand?post=2752"},{"taxonomy":"product_cat","embeddable":true,"href":"https:\/\/www.montreuxjazzshop.com\/fr\/wp-json\/wp\/v2\/product_cat?post=2752"},{"taxonomy":"product_tag","embeddable":true,"href":"https:\/\/www.montreuxjazzshop.com\/fr\/wp-json\/wp\/v2\/product_tag?post=2752"}],"curies":[{"name":"wp","href":"https:\/\/api.w.org\/{rel}","templated":true}]}}