{"id":2652,"date":"2025-09-11T15:16:01","date_gmt":"2025-09-11T13:16:01","guid":{"rendered":"https:\/\/www.montreuxjazzshop.com\/?post_type=product&#038;p=2652"},"modified":"2026-03-31T14:19:47","modified_gmt":"2026-03-31T12:19:47","slug":"affiche-roger-bornand-1968-edition-limitee","status":"publish","type":"product","link":"https:\/\/www.montreuxjazzshop.com\/fr\/boutique\/affiches\/affiches-edition-limitee\/affiche-roger-bornand-1968-edition-limitee\/","title":{"rendered":"Affiche Roger Bornand, 1968, \u00c9dition Limit\u00e9e"},"content":{"rendered":"<ul>\n<li>50\u00d770 cm<\/li>\n<li>S\u00e9rigraphie<\/li>\n<li>\u00c9dition limit\u00e9e \u00e0 100 exemplaires<\/li>\n<li>Papier BFK Rives 270 g\/m2<\/li>\n<li>Sans cadre<\/li>\n<\/ul>\n","protected":false},"excerpt":{"rendered":"<h4>\u00c9dition limit\u00e9e &#8211; 50&#215;70 cm<\/h4>\n<p>Pour la seconde \u00e9dition du Festival, qui suit le <em>Summer of Love,<\/em> le jeune graphiste montreusien Roger Bornand, un proche du fondateur Claude Nobs, dessine l\u2019affiche. Il s\u2019associe plus tard avec Bruno Gaeng, qui cr\u00e9e au sein de l\u2019agence, 3 autres affiches pour le Festival (1971, 1974, 1975).<\/p>\n<p>\u00c9dition limit\u00e9e \u00e0 100 exemplaires. <strong>Sign\u00e9e et num\u00e9rot\u00e9e par l&rsquo;artiste.<\/strong><\/p>\n<p><a href=\"https:\/\/www.montreuxjazzshop.com\/fr\/portfolio-item\/roger-bornand\/\">En savoir plus sur l\u2019artiste<\/a><\/p>\n<p>&nbsp;<\/p>\n","protected":false},"featured_media":1705,"template":"","meta":{"_acf_changed":false},"artist":[276],"artist-category":[],"edition":[184],"product_brand":[],"product_cat":[298,343,299],"product_tag":[],"class_list":{"0":"post-2652","1":"product","2":"type-product","3":"status-publish","4":"has-post-thumbnail","6":"artist-roger-bornand","7":"edition-184","8":"product_cat-affiches","9":"product_cat-affiches-edition-limitee","10":"product_cat-affiches-officielles","11":"product_shipping_class-affiche","13":"first","14":"instock","15":"taxable","16":"shipping-taxable","17":"purchasable","18":"product-type-simple"},"bundled_by":[],"bundle_stock_status":"instock","bundle_stock_quantity":33,"bundle_virtual":false,"bundle_layout":"","bundle_add_to_cart_form_location":"","bundle_editable_in_cart":false,"bundle_sold_individually_context":"","bundle_item_grouping":"","bundle_min_size":"","bundle_max_size":"","bundle_price":[],"bundled_items":[],"bundle_sell_ids":[],"acf":[],"yoast_head":"<!-- This site is optimized with the Yoast SEO Premium plugin v26.4 (Yoast SEO v27.3) - https:\/\/yoast.com\/product\/yoast-seo-premium-wordpress\/ -->\n<title>Affiche Roger Bornand, 1968, \u00c9dition Limit\u00e9e - Montreux Jazz Festival Shop<\/title>\n<meta name=\"description\" content=\"Roger Bornand, dessine l\u2019affiche en 1968. Bruno Gaeng son associ\u00e9 cr\u00e9e 3 autres affiches pour le Festival (1971, 1974, 1975) Reproduction S\u00e9rigraphie\" \/>\n<meta name=\"robots\" content=\"index, follow, max-snippet:-1, max-image-preview:large, max-video-preview:-1\" \/>\n<link rel=\"canonical\" href=\"https:\/\/www.montreuxjazzshop.com\/fr\/boutique\/affiches\/affiches-edition-limitee\/affiche-roger-bornand-1968-edition-limitee\/\" \/>\n<meta property=\"og:locale\" content=\"fr_FR\" \/>\n<meta property=\"og:type\" content=\"article\" \/>\n<meta property=\"og:title\" content=\"Affiche Roger Bornand, 1968, \u00c9dition Limit\u00e9e\" \/>\n<meta property=\"og:description\" content=\"Roger Bornand, dessine l\u2019affiche en 1968. Bruno Gaeng son associ\u00e9 cr\u00e9e 3 autres affiches pour le Festival (1971, 1974, 1975) Reproduction S\u00e9rigraphie\" \/>\n<meta property=\"og:url\" content=\"https:\/\/www.montreuxjazzshop.com\/fr\/boutique\/affiches\/affiches-edition-limitee\/affiche-roger-bornand-1968-edition-limitee\/\" \/>\n<meta property=\"og:site_name\" content=\"Montreux Jazz Festival Shop\" \/>\n<meta property=\"article:publisher\" content=\"https:\/\/www.facebook.com\/montreuxjazzfestival\" \/>\n<meta property=\"article:modified_time\" content=\"2026-03-31T12:19:47+00:00\" \/>\n<meta property=\"og:image\" content=\"https:\/\/www.montreuxjazzshop.com\/wp-content\/uploads\/2025\/05\/MJF-Affiches-Ed-Limitee-1968-RogerBornand_01.jpg\" \/>\n\t<meta property=\"og:image:width\" content=\"1500\" \/>\n\t<meta property=\"og:image:height\" content=\"1500\" \/>\n\t<meta property=\"og:image:type\" content=\"image\/jpeg\" \/>\n<meta name=\"twitter:card\" content=\"summary_large_image\" \/>\n<meta name=\"twitter:site\" content=\"@MontreuxJazz\" \/>\n<script type=\"application\/ld+json\" class=\"yoast-schema-graph\">{\"@context\":\"https:\\\/\\\/schema.org\",\"@graph\":[{\"@type\":\"WebPage\",\"@id\":\"https:\\\/\\\/www.montreuxjazzshop.com\\\/fr\\\/boutique\\\/affiches\\\/affiches-edition-limitee\\\/affiche-roger-bornand-1968-edition-limitee\\\/\",\"url\":\"https:\\\/\\\/www.montreuxjazzshop.com\\\/fr\\\/boutique\\\/affiches\\\/affiches-edition-limitee\\\/affiche-roger-bornand-1968-edition-limitee\\\/\",\"name\":\"Affiche Roger Bornand, 1968, \u00c9dition Limit\u00e9e - Montreux Jazz Festival Shop\",\"isPartOf\":{\"@id\":\"https:\\\/\\\/www.montreuxjazzshop.com\\\/fr\\\/#website\"},\"primaryImageOfPage\":{\"@id\":\"https:\\\/\\\/www.montreuxjazzshop.com\\\/fr\\\/boutique\\\/affiches\\\/affiches-edition-limitee\\\/affiche-roger-bornand-1968-edition-limitee\\\/#primaryimage\"},\"image\":{\"@id\":\"https:\\\/\\\/www.montreuxjazzshop.com\\\/fr\\\/boutique\\\/affiches\\\/affiches-edition-limitee\\\/affiche-roger-bornand-1968-edition-limitee\\\/#primaryimage\"},\"thumbnailUrl\":\"https:\\\/\\\/www.montreuxjazzshop.com\\\/wp-content\\\/uploads\\\/2025\\\/05\\\/MJF-Affiches-Ed-Limitee-1968-RogerBornand_01.jpg\",\"datePublished\":\"2025-09-11T13:16:01+00:00\",\"dateModified\":\"2026-03-31T12:19:47+00:00\",\"description\":\"Roger Bornand, dessine l\u2019affiche en 1968. Bruno Gaeng son associ\u00e9 cr\u00e9e 3 autres affiches pour le Festival (1971, 1974, 1975) Reproduction S\u00e9rigraphie\",\"breadcrumb\":{\"@id\":\"https:\\\/\\\/www.montreuxjazzshop.com\\\/fr\\\/boutique\\\/affiches\\\/affiches-edition-limitee\\\/affiche-roger-bornand-1968-edition-limitee\\\/#breadcrumb\"},\"inLanguage\":\"fr-FR\",\"potentialAction\":[{\"@type\":\"ReadAction\",\"target\":[\"https:\\\/\\\/www.montreuxjazzshop.com\\\/fr\\\/boutique\\\/affiches\\\/affiches-edition-limitee\\\/affiche-roger-bornand-1968-edition-limitee\\\/\"]}]},{\"@type\":\"ImageObject\",\"inLanguage\":\"fr-FR\",\"@id\":\"https:\\\/\\\/www.montreuxjazzshop.com\\\/fr\\\/boutique\\\/affiches\\\/affiches-edition-limitee\\\/affiche-roger-bornand-1968-edition-limitee\\\/#primaryimage\",\"url\":\"https:\\\/\\\/www.montreuxjazzshop.com\\\/wp-content\\\/uploads\\\/2025\\\/05\\\/MJF-Affiches-Ed-Limitee-1968-RogerBornand_01.jpg\",\"contentUrl\":\"https:\\\/\\\/www.montreuxjazzshop.com\\\/wp-content\\\/uploads\\\/2025\\\/05\\\/MJF-Affiches-Ed-Limitee-1968-RogerBornand_01.jpg\",\"width\":1500,\"height\":1500,\"caption\":\"L'Affiche Roger Bornand, 1968, \u00c9dition Limit\u00e9e est une affiche vintage du Festival de Jazz de Montreux repr\u00e9sentant un gramophone avec un cornet floral psych\u00e9d\u00e9lique sur fond violet, avec le texte : Festival de Jazz Montreux, 12 au 16 juin 1968.\"},{\"@type\":\"BreadcrumbList\",\"@id\":\"https:\\\/\\\/www.montreuxjazzshop.com\\\/fr\\\/boutique\\\/affiches\\\/affiches-edition-limitee\\\/affiche-roger-bornand-1968-edition-limitee\\\/#breadcrumb\",\"itemListElement\":[{\"@type\":\"ListItem\",\"position\":1,\"name\":\"Accueil\",\"item\":\"https:\\\/\\\/www.montreuxjazzshop.com\\\/fr\\\/\"},{\"@type\":\"ListItem\",\"position\":2,\"name\":\"Boutique\",\"item\":\"https:\\\/\\\/www.montreuxjazzshop.com\\\/fr\\\/boutique\\\/\"},{\"@type\":\"ListItem\",\"position\":3,\"name\":\"Affiche Roger Bornand, 1968, \u00c9dition Limit\u00e9e\"}]},{\"@type\":\"WebSite\",\"@id\":\"https:\\\/\\\/www.montreuxjazzshop.com\\\/fr\\\/#website\",\"url\":\"https:\\\/\\\/www.montreuxjazzshop.com\\\/fr\\\/\",\"name\":\"Montreux Jazz Shop\",\"description\":\"The Montreux Jazz Festival shop\",\"potentialAction\":[{\"@type\":\"SearchAction\",\"target\":{\"@type\":\"EntryPoint\",\"urlTemplate\":\"https:\\\/\\\/www.montreuxjazzshop.com\\\/fr\\\/?s={search_term_string}\"},\"query-input\":{\"@type\":\"PropertyValueSpecification\",\"valueRequired\":true,\"valueName\":\"search_term_string\"}}],\"inLanguage\":\"fr-FR\"}]}<\/script>\n<meta property=\"product:price:amount\" content=\"280.00\" \/>\n<meta property=\"product:price:currency\" content=\"CHF\" \/>\n<meta property=\"og:availability\" content=\"instock\" \/>\n<meta property=\"product:availability\" content=\"instock\" \/>\n<meta property=\"product:retailer_item_id\" content=\"1002100101968\" \/>\n<meta property=\"product:condition\" content=\"new\" \/>\n<!-- \/ Yoast SEO Premium plugin. -->","yoast_head_json":{"title":"Affiche Roger Bornand, 1968, \u00c9dition Limit\u00e9e - Montreux Jazz Festival Shop","description":"Roger Bornand, dessine l\u2019affiche en 1968. Bruno Gaeng son associ\u00e9 cr\u00e9e 3 autres affiches pour le Festival (1971, 1974, 1975) Reproduction S\u00e9rigraphie","robots":{"index":"index","follow":"follow","max-snippet":"max-snippet:-1","max-image-preview":"max-image-preview:large","max-video-preview":"max-video-preview:-1"},"canonical":"https:\/\/www.montreuxjazzshop.com\/fr\/boutique\/affiches\/affiches-edition-limitee\/affiche-roger-bornand-1968-edition-limitee\/","og_locale":"fr_FR","og_type":"article","og_title":"Affiche Roger Bornand, 1968, \u00c9dition Limit\u00e9e","og_description":"Roger Bornand, dessine l\u2019affiche en 1968. Bruno Gaeng son associ\u00e9 cr\u00e9e 3 autres affiches pour le Festival (1971, 1974, 1975) Reproduction S\u00e9rigraphie","og_url":"https:\/\/www.montreuxjazzshop.com\/fr\/boutique\/affiches\/affiches-edition-limitee\/affiche-roger-bornand-1968-edition-limitee\/","og_site_name":"Montreux Jazz Festival Shop","article_publisher":"https:\/\/www.facebook.com\/montreuxjazzfestival","article_modified_time":"2026-03-31T12:19:47+00:00","og_image":[{"width":1500,"height":1500,"url":"https:\/\/www.montreuxjazzshop.com\/wp-content\/uploads\/2025\/05\/MJF-Affiches-Ed-Limitee-1968-RogerBornand_01.jpg","type":"image\/jpeg"}],"twitter_card":"summary_large_image","twitter_site":"@MontreuxJazz","schema":{"@context":"https:\/\/schema.org","@graph":[{"@type":"WebPage","@id":"https:\/\/www.montreuxjazzshop.com\/fr\/boutique\/affiches\/affiches-edition-limitee\/affiche-roger-bornand-1968-edition-limitee\/","url":"https:\/\/www.montreuxjazzshop.com\/fr\/boutique\/affiches\/affiches-edition-limitee\/affiche-roger-bornand-1968-edition-limitee\/","name":"Affiche Roger Bornand, 1968, \u00c9dition Limit\u00e9e - Montreux Jazz Festival Shop","isPartOf":{"@id":"https:\/\/www.montreuxjazzshop.com\/fr\/#website"},"primaryImageOfPage":{"@id":"https:\/\/www.montreuxjazzshop.com\/fr\/boutique\/affiches\/affiches-edition-limitee\/affiche-roger-bornand-1968-edition-limitee\/#primaryimage"},"image":{"@id":"https:\/\/www.montreuxjazzshop.com\/fr\/boutique\/affiches\/affiches-edition-limitee\/affiche-roger-bornand-1968-edition-limitee\/#primaryimage"},"thumbnailUrl":"https:\/\/www.montreuxjazzshop.com\/wp-content\/uploads\/2025\/05\/MJF-Affiches-Ed-Limitee-1968-RogerBornand_01.jpg","datePublished":"2025-09-11T13:16:01+00:00","dateModified":"2026-03-31T12:19:47+00:00","description":"Roger Bornand, dessine l\u2019affiche en 1968. Bruno Gaeng son associ\u00e9 cr\u00e9e 3 autres affiches pour le Festival (1971, 1974, 1975) Reproduction S\u00e9rigraphie","breadcrumb":{"@id":"https:\/\/www.montreuxjazzshop.com\/fr\/boutique\/affiches\/affiches-edition-limitee\/affiche-roger-bornand-1968-edition-limitee\/#breadcrumb"},"inLanguage":"fr-FR","potentialAction":[{"@type":"ReadAction","target":["https:\/\/www.montreuxjazzshop.com\/fr\/boutique\/affiches\/affiches-edition-limitee\/affiche-roger-bornand-1968-edition-limitee\/"]}]},{"@type":"ImageObject","inLanguage":"fr-FR","@id":"https:\/\/www.montreuxjazzshop.com\/fr\/boutique\/affiches\/affiches-edition-limitee\/affiche-roger-bornand-1968-edition-limitee\/#primaryimage","url":"https:\/\/www.montreuxjazzshop.com\/wp-content\/uploads\/2025\/05\/MJF-Affiches-Ed-Limitee-1968-RogerBornand_01.jpg","contentUrl":"https:\/\/www.montreuxjazzshop.com\/wp-content\/uploads\/2025\/05\/MJF-Affiches-Ed-Limitee-1968-RogerBornand_01.jpg","width":1500,"height":1500,"caption":"L'Affiche Roger Bornand, 1968, \u00c9dition Limit\u00e9e est une affiche vintage du Festival de Jazz de Montreux repr\u00e9sentant un gramophone avec un cornet floral psych\u00e9d\u00e9lique sur fond violet, avec le texte : Festival de Jazz Montreux, 12 au 16 juin 1968."},{"@type":"BreadcrumbList","@id":"https:\/\/www.montreuxjazzshop.com\/fr\/boutique\/affiches\/affiches-edition-limitee\/affiche-roger-bornand-1968-edition-limitee\/#breadcrumb","itemListElement":[{"@type":"ListItem","position":1,"name":"Accueil","item":"https:\/\/www.montreuxjazzshop.com\/fr\/"},{"@type":"ListItem","position":2,"name":"Boutique","item":"https:\/\/www.montreuxjazzshop.com\/fr\/boutique\/"},{"@type":"ListItem","position":3,"name":"Affiche Roger Bornand, 1968, \u00c9dition Limit\u00e9e"}]},{"@type":"WebSite","@id":"https:\/\/www.montreuxjazzshop.com\/fr\/#website","url":"https:\/\/www.montreuxjazzshop.com\/fr\/","name":"Montreux Jazz Shop","description":"The Montreux Jazz Festival shop","potentialAction":[{"@type":"SearchAction","target":{"@type":"EntryPoint","urlTemplate":"https:\/\/www.montreuxjazzshop.com\/fr\/?s={search_term_string}"},"query-input":{"@type":"PropertyValueSpecification","valueRequired":true,"valueName":"search_term_string"}}],"inLanguage":"fr-FR"}]},"product_price_amount":"280.00","product_price_currency":"CHF","og_availability":"instock","product_availability":"instock","product_retailer_item_id":"1002100101968","product_condition":"new"},"_links":{"self":[{"href":"https:\/\/www.montreuxjazzshop.com\/fr\/wp-json\/wp\/v2\/product\/2652","targetHints":{"allow":["GET"]}}],"collection":[{"href":"https:\/\/www.montreuxjazzshop.com\/fr\/wp-json\/wp\/v2\/product"}],"about":[{"href":"https:\/\/www.montreuxjazzshop.com\/fr\/wp-json\/wp\/v2\/types\/product"}],"wp:featuredmedia":[{"embeddable":true,"href":"https:\/\/www.montreuxjazzshop.com\/fr\/wp-json\/wp\/v2\/media\/1705"}],"wp:attachment":[{"href":"https:\/\/www.montreuxjazzshop.com\/fr\/wp-json\/wp\/v2\/media?parent=2652"}],"wp:term":[{"taxonomy":"artist","embeddable":true,"href":"https:\/\/www.montreuxjazzshop.com\/fr\/wp-json\/wp\/v2\/artist?post=2652"},{"taxonomy":"artist-category","embeddable":true,"href":"https:\/\/www.montreuxjazzshop.com\/fr\/wp-json\/wp\/v2\/artist-category?post=2652"},{"taxonomy":"edition","embeddable":true,"href":"https:\/\/www.montreuxjazzshop.com\/fr\/wp-json\/wp\/v2\/edition?post=2652"},{"taxonomy":"product_brand","embeddable":true,"href":"https:\/\/www.montreuxjazzshop.com\/fr\/wp-json\/wp\/v2\/product_brand?post=2652"},{"taxonomy":"product_cat","embeddable":true,"href":"https:\/\/www.montreuxjazzshop.com\/fr\/wp-json\/wp\/v2\/product_cat?post=2652"},{"taxonomy":"product_tag","embeddable":true,"href":"https:\/\/www.montreuxjazzshop.com\/fr\/wp-json\/wp\/v2\/product_tag?post=2652"}],"curies":[{"name":"wp","href":"https:\/\/api.w.org\/{rel}","templated":true}]}}