{"id":2575,"date":"2025-09-11T15:15:44","date_gmt":"2025-09-11T13:15:44","guid":{"rendered":"https:\/\/www.montreuxjazzshop.com\/?post_type=product&#038;p=2575"},"modified":"2026-01-14T10:53:13","modified_gmt":"2026-01-14T09:53:13","slug":"affiche-bernhard-luginbuhl-1990","status":"publish","type":"product","link":"https:\/\/www.montreuxjazzshop.com\/fr\/boutique\/posters\/official-posters\/affiche-bernhard-luginbuhl-1990\/","title":{"rendered":"Affiche Bernhard Luginb\u00fchl, 1990"},"content":{"rendered":"","protected":false},"excerpt":{"rendered":"<p>Bernhard Luginb\u00fchl fait partie des artistes suisses majeurs de la deuxi\u00e8me partie du 20<sup>e<\/sup> si\u00e8cle. On lui doit des sculptures monumentales en m\u00e9tal ou en bois mais aussi de nombreuses gravures et dessins. Ses \u0153uvres parfois tr\u00e8s imposantes et non d\u00e9nu\u00e9es d\u2019humour sont souvent associ\u00e9es \u00e0 celle de Jean Tinguely, lui-m\u00eame auteur de l\u2019affiche du Festival en 1982, avec lequel il partage une longue amiti\u00e9 et une profonde complicit\u00e9 artistique.<\/p>\n<p class=\"p1\"><a href=\"\/fr\/portfolio-item\/bernhard-luginbuhl\/\"><span class=\"s1\">En savoir plus sur l&rsquo;artiste<\/span><\/a><\/p>\n","protected":false},"featured_media":307,"template":"","meta":{"_acf_changed":false},"artist":[523],"artist-category":[],"edition":[198],"product_brand":[],"product_cat":[307,308,309],"product_tag":[],"class_list":{"0":"post-2575","1":"product","2":"type-product","3":"status-publish","4":"has-post-thumbnail","6":"artist-bernhard-luginbuhl","7":"edition-198","8":"product_cat-posters","9":"product_cat-official-posters","10":"product_cat-small-posters","11":"product_shipping_class-affiche","13":"first","14":"instock","15":"taxable","16":"shipping-taxable","17":"purchasable","18":"product-type-variable","19":"wvs-archive-product-wrapper"},"bundled_by":[],"bundle_stock_status":"instock","bundle_stock_quantity":null,"bundle_virtual":false,"bundle_layout":"","bundle_add_to_cart_form_location":"","bundle_editable_in_cart":false,"bundle_sold_individually_context":"","bundle_item_grouping":"","bundle_min_size":"","bundle_max_size":"","bundle_price":[],"bundled_items":[],"bundle_sell_ids":[],"acf":[],"yoast_head":"<!-- This site is optimized with the Yoast SEO Premium plugin v26.4 (Yoast SEO v27.3) - https:\/\/yoast.com\/product\/yoast-seo-premium-wordpress\/ -->\n<title>Affiche Bernhard Luginb\u00fchl, 1990 - Montreux Jazz Festival Shop<\/title>\n<meta name=\"description\" content=\"Bernhard Luginb\u00fchl fait partie des artistes suisses majeurs du 20e si\u00e8cle. Ses \u0153uvres tr\u00e8s imposantes sont souvent associ\u00e9es \u00e0 celle de Jean Tinguely.\" \/>\n<meta name=\"robots\" content=\"index, follow, max-snippet:-1, max-image-preview:large, max-video-preview:-1\" \/>\n<link rel=\"canonical\" href=\"https:\/\/www.montreuxjazzshop.com\/fr\/boutique\/posters\/official-posters\/affiche-bernhard-luginbuhl-1990\/\" \/>\n<meta property=\"og:locale\" content=\"fr_FR\" \/>\n<meta property=\"og:type\" content=\"article\" \/>\n<meta property=\"og:title\" content=\"Affiche Bernhard Luginb\u00fchl, 1990\" \/>\n<meta property=\"og:description\" content=\"Bernhard Luginb\u00fchl fait partie des artistes suisses majeurs du 20e si\u00e8cle. Ses \u0153uvres tr\u00e8s imposantes sont souvent associ\u00e9es \u00e0 celle de Jean Tinguely.\" \/>\n<meta property=\"og:url\" content=\"https:\/\/www.montreuxjazzshop.com\/fr\/boutique\/posters\/official-posters\/affiche-bernhard-luginbuhl-1990\/\" \/>\n<meta property=\"og:site_name\" content=\"Montreux Jazz Festival Shop\" \/>\n<meta property=\"article:publisher\" content=\"https:\/\/www.facebook.com\/montreuxjazzfestival\" \/>\n<meta property=\"article:modified_time\" content=\"2026-01-14T09:53:13+00:00\" \/>\n<meta property=\"og:image\" content=\"https:\/\/www.montreuxjazzshop.com\/wp-content\/uploads\/2025\/05\/MJF-Poster-70x100-1990.jpg\" \/>\n\t<meta property=\"og:image:width\" content=\"2000\" \/>\n\t<meta property=\"og:image:height\" content=\"2000\" \/>\n\t<meta property=\"og:image:type\" content=\"image\/jpeg\" \/>\n<meta name=\"twitter:card\" content=\"summary_large_image\" \/>\n<meta name=\"twitter:site\" content=\"@MontreuxJazz\" \/>\n<script type=\"application\/ld+json\" class=\"yoast-schema-graph\">{\"@context\":\"https:\\\/\\\/schema.org\",\"@graph\":[{\"@type\":\"WebPage\",\"@id\":\"https:\\\/\\\/www.montreuxjazzshop.com\\\/fr\\\/boutique\\\/posters\\\/official-posters\\\/affiche-bernhard-luginbuhl-1990\\\/\",\"url\":\"https:\\\/\\\/www.montreuxjazzshop.com\\\/fr\\\/boutique\\\/posters\\\/official-posters\\\/affiche-bernhard-luginbuhl-1990\\\/\",\"name\":\"Affiche Bernhard Luginb\u00fchl, 1990 - Montreux Jazz Festival Shop\",\"isPartOf\":{\"@id\":\"https:\\\/\\\/www.montreuxjazzshop.com\\\/fr\\\/#website\"},\"primaryImageOfPage\":{\"@id\":\"https:\\\/\\\/www.montreuxjazzshop.com\\\/fr\\\/boutique\\\/posters\\\/official-posters\\\/affiche-bernhard-luginbuhl-1990\\\/#primaryimage\"},\"image\":{\"@id\":\"https:\\\/\\\/www.montreuxjazzshop.com\\\/fr\\\/boutique\\\/posters\\\/official-posters\\\/affiche-bernhard-luginbuhl-1990\\\/#primaryimage\"},\"thumbnailUrl\":\"https:\\\/\\\/www.montreuxjazzshop.com\\\/wp-content\\\/uploads\\\/2025\\\/05\\\/MJF-Poster-70x100-1990.jpg\",\"datePublished\":\"2025-09-11T13:15:44+00:00\",\"dateModified\":\"2026-01-14T09:53:13+00:00\",\"description\":\"Bernhard Luginb\u00fchl fait partie des artistes suisses majeurs du 20e si\u00e8cle. Ses \u0153uvres tr\u00e8s imposantes sont souvent associ\u00e9es \u00e0 celle de Jean Tinguely.\",\"breadcrumb\":{\"@id\":\"https:\\\/\\\/www.montreuxjazzshop.com\\\/fr\\\/boutique\\\/posters\\\/official-posters\\\/affiche-bernhard-luginbuhl-1990\\\/#breadcrumb\"},\"inLanguage\":\"fr-FR\",\"potentialAction\":[{\"@type\":\"ReadAction\",\"target\":[\"https:\\\/\\\/www.montreuxjazzshop.com\\\/fr\\\/boutique\\\/posters\\\/official-posters\\\/affiche-bernhard-luginbuhl-1990\\\/\"]}]},{\"@type\":\"ImageObject\",\"inLanguage\":\"fr-FR\",\"@id\":\"https:\\\/\\\/www.montreuxjazzshop.com\\\/fr\\\/boutique\\\/posters\\\/official-posters\\\/affiche-bernhard-luginbuhl-1990\\\/#primaryimage\",\"url\":\"https:\\\/\\\/www.montreuxjazzshop.com\\\/wp-content\\\/uploads\\\/2025\\\/05\\\/MJF-Poster-70x100-1990.jpg\",\"contentUrl\":\"https:\\\/\\\/www.montreuxjazzshop.com\\\/wp-content\\\/uploads\\\/2025\\\/05\\\/MJF-Poster-70x100-1990.jpg\",\"width\":2000,\"height\":2000,\"caption\":\"Affiche Bernhard Luginb\u00fchl, 1990 : Affiche pour le 24\u00e8me Festival de Jazz de Montreux, avec des lignes blanches complexes sur fond noir, un texte color\u00e9 en bordure, et les d\u00e9tails de l'\u00e9v\u00e9nement - 6-21 juillet 1990.\"},{\"@type\":\"BreadcrumbList\",\"@id\":\"https:\\\/\\\/www.montreuxjazzshop.com\\\/fr\\\/boutique\\\/posters\\\/official-posters\\\/affiche-bernhard-luginbuhl-1990\\\/#breadcrumb\",\"itemListElement\":[{\"@type\":\"ListItem\",\"position\":1,\"name\":\"Accueil\",\"item\":\"https:\\\/\\\/www.montreuxjazzshop.com\\\/fr\\\/\"},{\"@type\":\"ListItem\",\"position\":2,\"name\":\"Boutique\",\"item\":\"https:\\\/\\\/www.montreuxjazzshop.com\\\/fr\\\/boutique\\\/\"},{\"@type\":\"ListItem\",\"position\":3,\"name\":\"Affiche Bernhard Luginb\u00fchl, 1990\"}]},{\"@type\":\"WebSite\",\"@id\":\"https:\\\/\\\/www.montreuxjazzshop.com\\\/fr\\\/#website\",\"url\":\"https:\\\/\\\/www.montreuxjazzshop.com\\\/fr\\\/\",\"name\":\"Montreux Jazz Shop\",\"description\":\"The Montreux Jazz Festival shop\",\"potentialAction\":[{\"@type\":\"SearchAction\",\"target\":{\"@type\":\"EntryPoint\",\"urlTemplate\":\"https:\\\/\\\/www.montreuxjazzshop.com\\\/fr\\\/?s={search_term_string}\"},\"query-input\":{\"@type\":\"PropertyValueSpecification\",\"valueRequired\":true,\"valueName\":\"search_term_string\"}}],\"inLanguage\":\"fr-FR\"}]}<\/script>\n<meta property=\"og:availability\" content=\"instock\" \/>\n<meta property=\"product:availability\" content=\"instock\" \/>\n<meta property=\"product:retailer_item_id\" content=\"1000000101990\" \/>\n<meta property=\"product:condition\" content=\"new\" \/>\n<!-- \/ Yoast SEO Premium plugin. -->","yoast_head_json":{"title":"Affiche Bernhard Luginb\u00fchl, 1990 - Montreux Jazz Festival Shop","description":"Bernhard Luginb\u00fchl fait partie des artistes suisses majeurs du 20e si\u00e8cle. Ses \u0153uvres tr\u00e8s imposantes sont souvent associ\u00e9es \u00e0 celle de Jean Tinguely.","robots":{"index":"index","follow":"follow","max-snippet":"max-snippet:-1","max-image-preview":"max-image-preview:large","max-video-preview":"max-video-preview:-1"},"canonical":"https:\/\/www.montreuxjazzshop.com\/fr\/boutique\/posters\/official-posters\/affiche-bernhard-luginbuhl-1990\/","og_locale":"fr_FR","og_type":"article","og_title":"Affiche Bernhard Luginb\u00fchl, 1990","og_description":"Bernhard Luginb\u00fchl fait partie des artistes suisses majeurs du 20e si\u00e8cle. Ses \u0153uvres tr\u00e8s imposantes sont souvent associ\u00e9es \u00e0 celle de Jean Tinguely.","og_url":"https:\/\/www.montreuxjazzshop.com\/fr\/boutique\/posters\/official-posters\/affiche-bernhard-luginbuhl-1990\/","og_site_name":"Montreux Jazz Festival Shop","article_publisher":"https:\/\/www.facebook.com\/montreuxjazzfestival","article_modified_time":"2026-01-14T09:53:13+00:00","og_image":[{"width":2000,"height":2000,"url":"https:\/\/www.montreuxjazzshop.com\/wp-content\/uploads\/2025\/05\/MJF-Poster-70x100-1990.jpg","type":"image\/jpeg"}],"twitter_card":"summary_large_image","twitter_site":"@MontreuxJazz","schema":{"@context":"https:\/\/schema.org","@graph":[{"@type":"WebPage","@id":"https:\/\/www.montreuxjazzshop.com\/fr\/boutique\/posters\/official-posters\/affiche-bernhard-luginbuhl-1990\/","url":"https:\/\/www.montreuxjazzshop.com\/fr\/boutique\/posters\/official-posters\/affiche-bernhard-luginbuhl-1990\/","name":"Affiche Bernhard Luginb\u00fchl, 1990 - Montreux Jazz Festival Shop","isPartOf":{"@id":"https:\/\/www.montreuxjazzshop.com\/fr\/#website"},"primaryImageOfPage":{"@id":"https:\/\/www.montreuxjazzshop.com\/fr\/boutique\/posters\/official-posters\/affiche-bernhard-luginbuhl-1990\/#primaryimage"},"image":{"@id":"https:\/\/www.montreuxjazzshop.com\/fr\/boutique\/posters\/official-posters\/affiche-bernhard-luginbuhl-1990\/#primaryimage"},"thumbnailUrl":"https:\/\/www.montreuxjazzshop.com\/wp-content\/uploads\/2025\/05\/MJF-Poster-70x100-1990.jpg","datePublished":"2025-09-11T13:15:44+00:00","dateModified":"2026-01-14T09:53:13+00:00","description":"Bernhard Luginb\u00fchl fait partie des artistes suisses majeurs du 20e si\u00e8cle. Ses \u0153uvres tr\u00e8s imposantes sont souvent associ\u00e9es \u00e0 celle de Jean Tinguely.","breadcrumb":{"@id":"https:\/\/www.montreuxjazzshop.com\/fr\/boutique\/posters\/official-posters\/affiche-bernhard-luginbuhl-1990\/#breadcrumb"},"inLanguage":"fr-FR","potentialAction":[{"@type":"ReadAction","target":["https:\/\/www.montreuxjazzshop.com\/fr\/boutique\/posters\/official-posters\/affiche-bernhard-luginbuhl-1990\/"]}]},{"@type":"ImageObject","inLanguage":"fr-FR","@id":"https:\/\/www.montreuxjazzshop.com\/fr\/boutique\/posters\/official-posters\/affiche-bernhard-luginbuhl-1990\/#primaryimage","url":"https:\/\/www.montreuxjazzshop.com\/wp-content\/uploads\/2025\/05\/MJF-Poster-70x100-1990.jpg","contentUrl":"https:\/\/www.montreuxjazzshop.com\/wp-content\/uploads\/2025\/05\/MJF-Poster-70x100-1990.jpg","width":2000,"height":2000,"caption":"Affiche Bernhard Luginb\u00fchl, 1990 : Affiche pour le 24\u00e8me Festival de Jazz de Montreux, avec des lignes blanches complexes sur fond noir, un texte color\u00e9 en bordure, et les d\u00e9tails de l'\u00e9v\u00e9nement - 6-21 juillet 1990."},{"@type":"BreadcrumbList","@id":"https:\/\/www.montreuxjazzshop.com\/fr\/boutique\/posters\/official-posters\/affiche-bernhard-luginbuhl-1990\/#breadcrumb","itemListElement":[{"@type":"ListItem","position":1,"name":"Accueil","item":"https:\/\/www.montreuxjazzshop.com\/fr\/"},{"@type":"ListItem","position":2,"name":"Boutique","item":"https:\/\/www.montreuxjazzshop.com\/fr\/boutique\/"},{"@type":"ListItem","position":3,"name":"Affiche Bernhard Luginb\u00fchl, 1990"}]},{"@type":"WebSite","@id":"https:\/\/www.montreuxjazzshop.com\/fr\/#website","url":"https:\/\/www.montreuxjazzshop.com\/fr\/","name":"Montreux Jazz Shop","description":"The Montreux Jazz Festival shop","potentialAction":[{"@type":"SearchAction","target":{"@type":"EntryPoint","urlTemplate":"https:\/\/www.montreuxjazzshop.com\/fr\/?s={search_term_string}"},"query-input":{"@type":"PropertyValueSpecification","valueRequired":true,"valueName":"search_term_string"}}],"inLanguage":"fr-FR"}]},"og_availability":"instock","product_availability":"instock","product_retailer_item_id":"1000000101990","product_condition":"new"},"_links":{"self":[{"href":"https:\/\/www.montreuxjazzshop.com\/fr\/wp-json\/wp\/v2\/product\/2575","targetHints":{"allow":["GET"]}}],"collection":[{"href":"https:\/\/www.montreuxjazzshop.com\/fr\/wp-json\/wp\/v2\/product"}],"about":[{"href":"https:\/\/www.montreuxjazzshop.com\/fr\/wp-json\/wp\/v2\/types\/product"}],"wp:featuredmedia":[{"embeddable":true,"href":"https:\/\/www.montreuxjazzshop.com\/fr\/wp-json\/wp\/v2\/media\/307"}],"wp:attachment":[{"href":"https:\/\/www.montreuxjazzshop.com\/fr\/wp-json\/wp\/v2\/media?parent=2575"}],"wp:term":[{"taxonomy":"artist","embeddable":true,"href":"https:\/\/www.montreuxjazzshop.com\/fr\/wp-json\/wp\/v2\/artist?post=2575"},{"taxonomy":"artist-category","embeddable":true,"href":"https:\/\/www.montreuxjazzshop.com\/fr\/wp-json\/wp\/v2\/artist-category?post=2575"},{"taxonomy":"edition","embeddable":true,"href":"https:\/\/www.montreuxjazzshop.com\/fr\/wp-json\/wp\/v2\/edition?post=2575"},{"taxonomy":"product_brand","embeddable":true,"href":"https:\/\/www.montreuxjazzshop.com\/fr\/wp-json\/wp\/v2\/product_brand?post=2575"},{"taxonomy":"product_cat","embeddable":true,"href":"https:\/\/www.montreuxjazzshop.com\/fr\/wp-json\/wp\/v2\/product_cat?post=2575"},{"taxonomy":"product_tag","embeddable":true,"href":"https:\/\/www.montreuxjazzshop.com\/fr\/wp-json\/wp\/v2\/product_tag?post=2575"}],"curies":[{"name":"wp","href":"https:\/\/api.w.org\/{rel}","templated":true}]}}