{"id":2567,"date":"2025-09-11T15:15:43","date_gmt":"2025-09-11T13:15:43","guid":{"rendered":"https:\/\/www.montreuxjazzshop.com\/?post_type=product&#038;p=2567"},"modified":"2026-02-09T21:22:08","modified_gmt":"2026-02-09T20:22:08","slug":"affiche-keith-haring-1983-pink","status":"publish","type":"product","link":"https:\/\/www.montreuxjazzshop.com\/fr\/boutique\/affiches\/affiches-officielles\/affiche-keith-haring-1983-pink\/","title":{"rendered":"Affiche Keith Haring, 1983 &#8211; Pink"},"content":{"rendered":"","protected":false},"excerpt":{"rendered":"<p><strong>Impression s\u00e9rigraphie fluorescente<\/strong><\/p>\n<p>La premi\u00e8re exposition officielle de Keith Haring a lieu en 1982, c&rsquo;est un immense succ\u00e8s. Pierre Keller le rencontre quelques mois plus tard et lui demande de r\u00e9aliser l\u2019affiche du Festival avec un personnage qui swingue. Haring propose trois d\u00e9clinaisons, elles sont toutes retenues. Keller et Nobs ont la merveilleuse id\u00e9e d\u2019inviter l\u2019artiste new-yorkais \u00e0 Montreux. Comme \u00e0 son habitude, Haring va peindre sans rel\u00e2che: de fresques sur de grands panneaux blancs, sur sc\u00e8ne aux c\u00f4t\u00e9s des musiciens et dans les rues de Montreux.<\/p>\n<p><a href=\"\/fr\/portfolio-item\/keith-haring\/\">En savoir plus sur l&rsquo;artiste<\/a><\/p>\n<h6><i class=\"\">Nous faisons de notre mieux pour que les couleurs de nos photos soient aussi fid\u00e8les que possible. Toutefois, en raison des incoh\u00e9rences des diff\u00e9rents moniteurs, des sources d&rsquo;\u00e9clairage, de la photographie num\u00e9rique et des variations des lots de teinture, nous ne pouvons pas garantir que la couleur que vous voyez sur votre \u00e9cran repr\u00e9sente fid\u00e8lement la couleur r\u00e9elle du produit. Les images \u00e0 l&rsquo;\u00e9cran sont donn\u00e9es \u00e0 titre indicatif et ne doivent pas \u00eatre consid\u00e9r\u00e9es comme absolument correctes.<\/i><\/h6>\n","protected":false},"featured_media":336,"template":"","meta":{"_acf_changed":false},"artist":[257],"artist-category":[],"edition":[199],"product_brand":[],"product_cat":[298,299],"product_tag":[],"class_list":{"0":"post-2567","1":"product","2":"type-product","3":"status-publish","4":"has-post-thumbnail","6":"artist-keith-haring","7":"edition-199","8":"product_cat-affiches","9":"product_cat-affiches-officielles","10":"product_shipping_class-affiche","12":"first","13":"instock","14":"sold-individually","15":"taxable","16":"shipping-taxable","17":"purchasable","18":"product-type-variable","19":"has-default-attributes","20":"wvs-archive-product-wrapper"},"bundled_by":[],"bundle_stock_status":"instock","bundle_stock_quantity":null,"bundle_virtual":false,"bundle_layout":"","bundle_add_to_cart_form_location":"","bundle_editable_in_cart":false,"bundle_sold_individually_context":"","bundle_item_grouping":"","bundle_min_size":"","bundle_max_size":"","bundle_price":[],"bundled_items":[],"bundle_sell_ids":[],"acf":[],"yoast_head":"<!-- This site is optimized with the Yoast SEO Premium plugin v26.4 (Yoast SEO v27.3) - https:\/\/yoast.com\/product\/yoast-seo-premium-wordpress\/ -->\n<title>Affiche Keith Haring, 1983 - Pink - Montreux Jazz Festival Shop<\/title>\n<meta name=\"description\" content=\"Keith Haring propose trois d\u00e9clinaisons de son affiche. Il va peindre sans rel\u00e2che: des fresques sur sc\u00e8ne aux c\u00f4t\u00e9s des musiciens et dans les rues.\" \/>\n<meta name=\"robots\" content=\"index, follow, max-snippet:-1, max-image-preview:large, max-video-preview:-1\" \/>\n<link rel=\"canonical\" href=\"https:\/\/www.montreuxjazzshop.com\/fr\/boutique\/affiches\/affiches-officielles\/affiche-keith-haring-1983-pink\/\" \/>\n<meta property=\"og:locale\" content=\"fr_FR\" \/>\n<meta property=\"og:type\" content=\"article\" \/>\n<meta property=\"og:title\" content=\"Affiche Keith Haring, 1983 - Pink\" \/>\n<meta property=\"og:description\" content=\"Keith Haring propose trois d\u00e9clinaisons de son affiche. Il va peindre sans rel\u00e2che: des fresques sur sc\u00e8ne aux c\u00f4t\u00e9s des musiciens et dans les rues.\" \/>\n<meta property=\"og:url\" content=\"https:\/\/www.montreuxjazzshop.com\/fr\/boutique\/affiches\/affiches-officielles\/affiche-keith-haring-1983-pink\/\" \/>\n<meta property=\"og:site_name\" content=\"Montreux Jazz Festival Shop\" \/>\n<meta property=\"article:publisher\" content=\"https:\/\/www.facebook.com\/montreuxjazzfestival\" \/>\n<meta property=\"article:modified_time\" content=\"2026-02-09T20:22:08+00:00\" \/>\n<meta property=\"og:image\" content=\"https:\/\/www.montreuxjazzshop.com\/wp-content\/uploads\/2025\/05\/MJF-Poster-70x100-1983-rose.jpg\" \/>\n\t<meta property=\"og:image:width\" content=\"2000\" \/>\n\t<meta property=\"og:image:height\" content=\"2000\" \/>\n\t<meta property=\"og:image:type\" content=\"image\/jpeg\" \/>\n<meta name=\"twitter:card\" content=\"summary_large_image\" \/>\n<meta name=\"twitter:site\" content=\"@MontreuxJazz\" \/>\n<script type=\"application\/ld+json\" class=\"yoast-schema-graph\">{\"@context\":\"https:\\\/\\\/schema.org\",\"@graph\":[{\"@type\":\"WebPage\",\"@id\":\"https:\\\/\\\/www.montreuxjazzshop.com\\\/fr\\\/boutique\\\/affiches\\\/affiches-officielles\\\/affiche-keith-haring-1983-pink\\\/\",\"url\":\"https:\\\/\\\/www.montreuxjazzshop.com\\\/fr\\\/boutique\\\/affiches\\\/affiches-officielles\\\/affiche-keith-haring-1983-pink\\\/\",\"name\":\"Affiche Keith Haring, 1983 - Pink - Montreux Jazz Festival Shop\",\"isPartOf\":{\"@id\":\"https:\\\/\\\/www.montreuxjazzshop.com\\\/fr\\\/#website\"},\"primaryImageOfPage\":{\"@id\":\"https:\\\/\\\/www.montreuxjazzshop.com\\\/fr\\\/boutique\\\/affiches\\\/affiches-officielles\\\/affiche-keith-haring-1983-pink\\\/#primaryimage\"},\"image\":{\"@id\":\"https:\\\/\\\/www.montreuxjazzshop.com\\\/fr\\\/boutique\\\/affiches\\\/affiches-officielles\\\/affiche-keith-haring-1983-pink\\\/#primaryimage\"},\"thumbnailUrl\":\"https:\\\/\\\/www.montreuxjazzshop.com\\\/wp-content\\\/uploads\\\/2025\\\/05\\\/MJF-Poster-70x100-1983-rose.jpg\",\"datePublished\":\"2025-09-11T13:15:43+00:00\",\"dateModified\":\"2026-02-09T20:22:08+00:00\",\"description\":\"Keith Haring propose trois d\u00e9clinaisons de son affiche. Il va peindre sans rel\u00e2che: des fresques sur sc\u00e8ne aux c\u00f4t\u00e9s des musiciens et dans les rues.\",\"breadcrumb\":{\"@id\":\"https:\\\/\\\/www.montreuxjazzshop.com\\\/fr\\\/boutique\\\/affiches\\\/affiches-officielles\\\/affiche-keith-haring-1983-pink\\\/#breadcrumb\"},\"inLanguage\":\"fr-FR\",\"potentialAction\":[{\"@type\":\"ReadAction\",\"target\":[\"https:\\\/\\\/www.montreuxjazzshop.com\\\/fr\\\/boutique\\\/affiches\\\/affiches-officielles\\\/affiche-keith-haring-1983-pink\\\/\"]}]},{\"@type\":\"ImageObject\",\"inLanguage\":\"fr-FR\",\"@id\":\"https:\\\/\\\/www.montreuxjazzshop.com\\\/fr\\\/boutique\\\/affiches\\\/affiches-officielles\\\/affiche-keith-haring-1983-pink\\\/#primaryimage\",\"url\":\"https:\\\/\\\/www.montreuxjazzshop.com\\\/wp-content\\\/uploads\\\/2025\\\/05\\\/MJF-Poster-70x100-1983-rose.jpg\",\"contentUrl\":\"https:\\\/\\\/www.montreuxjazzshop.com\\\/wp-content\\\/uploads\\\/2025\\\/05\\\/MJF-Poster-70x100-1983-rose.jpg\",\"width\":2000,\"height\":2000,\"caption\":\"L'affiche Keith Haring, 1983 - Pink pr\u00e9sente une figure abstraite dansante avec des lignes tourbillonnantes. Le texte se lit comme suit : Montreux 1983 17\u00e8me Festival de Jazz - Juillet 8-24.\"},{\"@type\":\"BreadcrumbList\",\"@id\":\"https:\\\/\\\/www.montreuxjazzshop.com\\\/fr\\\/boutique\\\/affiches\\\/affiches-officielles\\\/affiche-keith-haring-1983-pink\\\/#breadcrumb\",\"itemListElement\":[{\"@type\":\"ListItem\",\"position\":1,\"name\":\"Accueil\",\"item\":\"https:\\\/\\\/www.montreuxjazzshop.com\\\/fr\\\/\"},{\"@type\":\"ListItem\",\"position\":2,\"name\":\"Boutique\",\"item\":\"https:\\\/\\\/www.montreuxjazzshop.com\\\/fr\\\/boutique\\\/\"},{\"@type\":\"ListItem\",\"position\":3,\"name\":\"Affiche Keith Haring, 1983 &#8211; Pink\"}]},{\"@type\":\"WebSite\",\"@id\":\"https:\\\/\\\/www.montreuxjazzshop.com\\\/fr\\\/#website\",\"url\":\"https:\\\/\\\/www.montreuxjazzshop.com\\\/fr\\\/\",\"name\":\"Montreux Jazz Shop\",\"description\":\"The Montreux Jazz Festival shop\",\"potentialAction\":[{\"@type\":\"SearchAction\",\"target\":{\"@type\":\"EntryPoint\",\"urlTemplate\":\"https:\\\/\\\/www.montreuxjazzshop.com\\\/fr\\\/?s={search_term_string}\"},\"query-input\":{\"@type\":\"PropertyValueSpecification\",\"valueRequired\":true,\"valueName\":\"search_term_string\"}}],\"inLanguage\":\"fr-FR\"}]}<\/script>\n<meta property=\"og:availability\" content=\"instock\" \/>\n<meta property=\"product:availability\" content=\"instock\" \/>\n<meta property=\"product:retailer_item_id\" content=\"1000000801983\" \/>\n<meta property=\"product:condition\" content=\"new\" \/>\n<!-- \/ Yoast SEO Premium plugin. -->","yoast_head_json":{"title":"Affiche Keith Haring, 1983 - Pink - Montreux Jazz Festival Shop","description":"Keith Haring propose trois d\u00e9clinaisons de son affiche. Il va peindre sans rel\u00e2che: des fresques sur sc\u00e8ne aux c\u00f4t\u00e9s des musiciens et dans les rues.","robots":{"index":"index","follow":"follow","max-snippet":"max-snippet:-1","max-image-preview":"max-image-preview:large","max-video-preview":"max-video-preview:-1"},"canonical":"https:\/\/www.montreuxjazzshop.com\/fr\/boutique\/affiches\/affiches-officielles\/affiche-keith-haring-1983-pink\/","og_locale":"fr_FR","og_type":"article","og_title":"Affiche Keith Haring, 1983 - Pink","og_description":"Keith Haring propose trois d\u00e9clinaisons de son affiche. Il va peindre sans rel\u00e2che: des fresques sur sc\u00e8ne aux c\u00f4t\u00e9s des musiciens et dans les rues.","og_url":"https:\/\/www.montreuxjazzshop.com\/fr\/boutique\/affiches\/affiches-officielles\/affiche-keith-haring-1983-pink\/","og_site_name":"Montreux Jazz Festival Shop","article_publisher":"https:\/\/www.facebook.com\/montreuxjazzfestival","article_modified_time":"2026-02-09T20:22:08+00:00","og_image":[{"width":2000,"height":2000,"url":"https:\/\/www.montreuxjazzshop.com\/wp-content\/uploads\/2025\/05\/MJF-Poster-70x100-1983-rose.jpg","type":"image\/jpeg"}],"twitter_card":"summary_large_image","twitter_site":"@MontreuxJazz","schema":{"@context":"https:\/\/schema.org","@graph":[{"@type":"WebPage","@id":"https:\/\/www.montreuxjazzshop.com\/fr\/boutique\/affiches\/affiches-officielles\/affiche-keith-haring-1983-pink\/","url":"https:\/\/www.montreuxjazzshop.com\/fr\/boutique\/affiches\/affiches-officielles\/affiche-keith-haring-1983-pink\/","name":"Affiche Keith Haring, 1983 - Pink - Montreux Jazz Festival Shop","isPartOf":{"@id":"https:\/\/www.montreuxjazzshop.com\/fr\/#website"},"primaryImageOfPage":{"@id":"https:\/\/www.montreuxjazzshop.com\/fr\/boutique\/affiches\/affiches-officielles\/affiche-keith-haring-1983-pink\/#primaryimage"},"image":{"@id":"https:\/\/www.montreuxjazzshop.com\/fr\/boutique\/affiches\/affiches-officielles\/affiche-keith-haring-1983-pink\/#primaryimage"},"thumbnailUrl":"https:\/\/www.montreuxjazzshop.com\/wp-content\/uploads\/2025\/05\/MJF-Poster-70x100-1983-rose.jpg","datePublished":"2025-09-11T13:15:43+00:00","dateModified":"2026-02-09T20:22:08+00:00","description":"Keith Haring propose trois d\u00e9clinaisons de son affiche. Il va peindre sans rel\u00e2che: des fresques sur sc\u00e8ne aux c\u00f4t\u00e9s des musiciens et dans les rues.","breadcrumb":{"@id":"https:\/\/www.montreuxjazzshop.com\/fr\/boutique\/affiches\/affiches-officielles\/affiche-keith-haring-1983-pink\/#breadcrumb"},"inLanguage":"fr-FR","potentialAction":[{"@type":"ReadAction","target":["https:\/\/www.montreuxjazzshop.com\/fr\/boutique\/affiches\/affiches-officielles\/affiche-keith-haring-1983-pink\/"]}]},{"@type":"ImageObject","inLanguage":"fr-FR","@id":"https:\/\/www.montreuxjazzshop.com\/fr\/boutique\/affiches\/affiches-officielles\/affiche-keith-haring-1983-pink\/#primaryimage","url":"https:\/\/www.montreuxjazzshop.com\/wp-content\/uploads\/2025\/05\/MJF-Poster-70x100-1983-rose.jpg","contentUrl":"https:\/\/www.montreuxjazzshop.com\/wp-content\/uploads\/2025\/05\/MJF-Poster-70x100-1983-rose.jpg","width":2000,"height":2000,"caption":"L'affiche Keith Haring, 1983 - Pink pr\u00e9sente une figure abstraite dansante avec des lignes tourbillonnantes. Le texte se lit comme suit : Montreux 1983 17\u00e8me Festival de Jazz - Juillet 8-24."},{"@type":"BreadcrumbList","@id":"https:\/\/www.montreuxjazzshop.com\/fr\/boutique\/affiches\/affiches-officielles\/affiche-keith-haring-1983-pink\/#breadcrumb","itemListElement":[{"@type":"ListItem","position":1,"name":"Accueil","item":"https:\/\/www.montreuxjazzshop.com\/fr\/"},{"@type":"ListItem","position":2,"name":"Boutique","item":"https:\/\/www.montreuxjazzshop.com\/fr\/boutique\/"},{"@type":"ListItem","position":3,"name":"Affiche Keith Haring, 1983 &#8211; Pink"}]},{"@type":"WebSite","@id":"https:\/\/www.montreuxjazzshop.com\/fr\/#website","url":"https:\/\/www.montreuxjazzshop.com\/fr\/","name":"Montreux Jazz Shop","description":"The Montreux Jazz Festival shop","potentialAction":[{"@type":"SearchAction","target":{"@type":"EntryPoint","urlTemplate":"https:\/\/www.montreuxjazzshop.com\/fr\/?s={search_term_string}"},"query-input":{"@type":"PropertyValueSpecification","valueRequired":true,"valueName":"search_term_string"}}],"inLanguage":"fr-FR"}]},"og_availability":"instock","product_availability":"instock","product_retailer_item_id":"1000000801983","product_condition":"new"},"_links":{"self":[{"href":"https:\/\/www.montreuxjazzshop.com\/fr\/wp-json\/wp\/v2\/product\/2567","targetHints":{"allow":["GET"]}}],"collection":[{"href":"https:\/\/www.montreuxjazzshop.com\/fr\/wp-json\/wp\/v2\/product"}],"about":[{"href":"https:\/\/www.montreuxjazzshop.com\/fr\/wp-json\/wp\/v2\/types\/product"}],"wp:featuredmedia":[{"embeddable":true,"href":"https:\/\/www.montreuxjazzshop.com\/fr\/wp-json\/wp\/v2\/media\/336"}],"wp:attachment":[{"href":"https:\/\/www.montreuxjazzshop.com\/fr\/wp-json\/wp\/v2\/media?parent=2567"}],"wp:term":[{"taxonomy":"artist","embeddable":true,"href":"https:\/\/www.montreuxjazzshop.com\/fr\/wp-json\/wp\/v2\/artist?post=2567"},{"taxonomy":"artist-category","embeddable":true,"href":"https:\/\/www.montreuxjazzshop.com\/fr\/wp-json\/wp\/v2\/artist-category?post=2567"},{"taxonomy":"edition","embeddable":true,"href":"https:\/\/www.montreuxjazzshop.com\/fr\/wp-json\/wp\/v2\/edition?post=2567"},{"taxonomy":"product_brand","embeddable":true,"href":"https:\/\/www.montreuxjazzshop.com\/fr\/wp-json\/wp\/v2\/product_brand?post=2567"},{"taxonomy":"product_cat","embeddable":true,"href":"https:\/\/www.montreuxjazzshop.com\/fr\/wp-json\/wp\/v2\/product_cat?post=2567"},{"taxonomy":"product_tag","embeddable":true,"href":"https:\/\/www.montreuxjazzshop.com\/fr\/wp-json\/wp\/v2\/product_tag?post=2567"}],"curies":[{"name":"wp","href":"https:\/\/api.w.org\/{rel}","templated":true}]}}