{"id":2560,"date":"2025-09-11T15:15:42","date_gmt":"2025-09-11T13:15:42","guid":{"rendered":"https:\/\/www.montreuxjazzshop.com\/?post_type=product&#038;p=2560"},"modified":"2026-01-14T10:52:51","modified_gmt":"2026-01-14T09:52:51","slug":"affiche-robert-combas-1992","status":"publish","type":"product","link":"https:\/\/www.montreuxjazzshop.com\/fr\/boutique\/affiches\/affiches-officielles\/affiche-robert-combas-1992\/","title":{"rendered":"Affiche Robert Combas, 1992"},"content":{"rendered":"","protected":false},"excerpt":{"rendered":"<p>Combas pourrait \u00eatre d\u00e9crit comme l\u2019alter ego fran\u00e7ais de Keith Haring: un peintre rock, inspir\u00e9 par la libert\u00e9 des graffitis, de la bande dessin\u00e9e, des pochettes de disques, de la culture populaire dans toute son ampleur. Le Festival fait appel \u00e0 l\u2019artiste fran\u00e7ais pour imaginer sa 26e affiche.<\/p>\n<p class=\"p1\"><a href=\"\/fr\/portfolio-item\/robert-combas\/\"><span class=\"s1\">En savoir plus sur l&rsquo;artiste<\/span><\/a><\/p>\n","protected":false},"featured_media":293,"template":"","meta":{"_acf_changed":false},"artist":[274],"artist-category":[],"edition":[201],"product_brand":[],"product_cat":[298,299],"product_tag":[],"class_list":{"0":"post-2560","1":"product","2":"type-product","3":"status-publish","4":"has-post-thumbnail","6":"artist-robert-combas","7":"edition-201","8":"product_cat-affiches","9":"product_cat-affiches-officielles","10":"product_shipping_class-affiche","12":"first","13":"outofstock","14":"taxable","15":"shipping-taxable","16":"product-type-variable","17":"has-default-attributes","18":"wvs-archive-product-wrapper"},"bundled_by":[],"bundle_stock_status":"outofstock","bundle_stock_quantity":null,"bundle_virtual":false,"bundle_layout":"","bundle_add_to_cart_form_location":"","bundle_editable_in_cart":false,"bundle_sold_individually_context":"","bundle_item_grouping":"","bundle_min_size":"","bundle_max_size":"","bundle_price":[],"bundled_items":[],"bundle_sell_ids":[],"acf":[],"yoast_head":"<!-- This site is optimized with the Yoast SEO Premium plugin v26.4 (Yoast SEO v27.4) - https:\/\/yoast.com\/product\/yoast-seo-premium-wordpress\/ -->\n<title>Affiche Robert Combas, 1992 - Montreux Jazz Festival Shop<\/title>\n<meta name=\"description\" content=\"Le Festival fait appel \u00e0 l\u2019artiste fran\u00e7ais Robert Combas, pour imaginer sa 26e affiche. Il pourrait \u00eatre d\u00e9crit comme l\u2019alter ego fran\u00e7ais de Keith Haring.\" \/>\n<meta name=\"robots\" content=\"index, follow, max-snippet:-1, max-image-preview:large, max-video-preview:-1\" \/>\n<link rel=\"canonical\" href=\"https:\/\/www.montreuxjazzshop.com\/fr\/boutique\/affiches\/affiches-officielles\/affiche-robert-combas-1992\/\" \/>\n<meta property=\"og:locale\" content=\"fr_FR\" \/>\n<meta property=\"og:type\" content=\"article\" \/>\n<meta property=\"og:title\" content=\"Affiche Robert Combas, 1992\" \/>\n<meta property=\"og:description\" content=\"Le Festival fait appel \u00e0 l\u2019artiste fran\u00e7ais Robert Combas, pour imaginer sa 26e affiche. Il pourrait \u00eatre d\u00e9crit comme l\u2019alter ego fran\u00e7ais de Keith Haring.\" \/>\n<meta property=\"og:url\" content=\"https:\/\/www.montreuxjazzshop.com\/fr\/boutique\/affiches\/affiches-officielles\/affiche-robert-combas-1992\/\" \/>\n<meta property=\"og:site_name\" content=\"Montreux Jazz Festival Shop\" \/>\n<meta property=\"article:publisher\" content=\"https:\/\/www.facebook.com\/montreuxjazzfestival\" \/>\n<meta property=\"article:modified_time\" content=\"2026-01-14T09:52:51+00:00\" \/>\n<meta property=\"og:image\" content=\"https:\/\/www.montreuxjazzshop.com\/wp-content\/uploads\/2025\/05\/MJF-Poster-70x100-1992.jpg\" \/>\n\t<meta property=\"og:image:width\" content=\"2000\" \/>\n\t<meta property=\"og:image:height\" content=\"2000\" \/>\n\t<meta property=\"og:image:type\" content=\"image\/jpeg\" \/>\n<meta name=\"twitter:card\" content=\"summary_large_image\" \/>\n<meta name=\"twitter:site\" content=\"@MontreuxJazz\" \/>\n<script type=\"application\/ld+json\" class=\"yoast-schema-graph\">{\"@context\":\"https:\\\/\\\/schema.org\",\"@graph\":[{\"@type\":\"WebPage\",\"@id\":\"https:\\\/\\\/www.montreuxjazzshop.com\\\/fr\\\/boutique\\\/affiches\\\/affiches-officielles\\\/affiche-robert-combas-1992\\\/\",\"url\":\"https:\\\/\\\/www.montreuxjazzshop.com\\\/fr\\\/boutique\\\/affiches\\\/affiches-officielles\\\/affiche-robert-combas-1992\\\/\",\"name\":\"Affiche Robert Combas, 1992 - Montreux Jazz Festival Shop\",\"isPartOf\":{\"@id\":\"https:\\\/\\\/www.montreuxjazzshop.com\\\/fr\\\/#website\"},\"primaryImageOfPage\":{\"@id\":\"https:\\\/\\\/www.montreuxjazzshop.com\\\/fr\\\/boutique\\\/affiches\\\/affiches-officielles\\\/affiche-robert-combas-1992\\\/#primaryimage\"},\"image\":{\"@id\":\"https:\\\/\\\/www.montreuxjazzshop.com\\\/fr\\\/boutique\\\/affiches\\\/affiches-officielles\\\/affiche-robert-combas-1992\\\/#primaryimage\"},\"thumbnailUrl\":\"https:\\\/\\\/www.montreuxjazzshop.com\\\/wp-content\\\/uploads\\\/2025\\\/05\\\/MJF-Poster-70x100-1992.jpg\",\"datePublished\":\"2025-09-11T13:15:42+00:00\",\"dateModified\":\"2026-01-14T09:52:51+00:00\",\"description\":\"Le Festival fait appel \u00e0 l\u2019artiste fran\u00e7ais Robert Combas, pour imaginer sa 26e affiche. Il pourrait \u00eatre d\u00e9crit comme l\u2019alter ego fran\u00e7ais de Keith Haring.\",\"breadcrumb\":{\"@id\":\"https:\\\/\\\/www.montreuxjazzshop.com\\\/fr\\\/boutique\\\/affiches\\\/affiches-officielles\\\/affiche-robert-combas-1992\\\/#breadcrumb\"},\"inLanguage\":\"fr-FR\",\"potentialAction\":[{\"@type\":\"ReadAction\",\"target\":[\"https:\\\/\\\/www.montreuxjazzshop.com\\\/fr\\\/boutique\\\/affiches\\\/affiches-officielles\\\/affiche-robert-combas-1992\\\/\"]}]},{\"@type\":\"ImageObject\",\"inLanguage\":\"fr-FR\",\"@id\":\"https:\\\/\\\/www.montreuxjazzshop.com\\\/fr\\\/boutique\\\/affiches\\\/affiches-officielles\\\/affiche-robert-combas-1992\\\/#primaryimage\",\"url\":\"https:\\\/\\\/www.montreuxjazzshop.com\\\/wp-content\\\/uploads\\\/2025\\\/05\\\/MJF-Poster-70x100-1992.jpg\",\"contentUrl\":\"https:\\\/\\\/www.montreuxjazzshop.com\\\/wp-content\\\/uploads\\\/2025\\\/05\\\/MJF-Poster-70x100-1992.jpg\",\"width\":2000,\"height\":2000,\"caption\":\"L'Affiche Robert Combas, 1992 pr\u00e9sente une figure abstraite et color\u00e9e jouant de la trompette avec des lignes et des motifs audacieux, le texte \\\"26e ann\u00e9e Montreux 1992 Jazz Festival\\\" en haut, et une bordure orange, ajoutant une \u00e9nergie vibrante \u00e0 cette affiche embl\u00e9matique.\"},{\"@type\":\"BreadcrumbList\",\"@id\":\"https:\\\/\\\/www.montreuxjazzshop.com\\\/fr\\\/boutique\\\/affiches\\\/affiches-officielles\\\/affiche-robert-combas-1992\\\/#breadcrumb\",\"itemListElement\":[{\"@type\":\"ListItem\",\"position\":1,\"name\":\"Accueil\",\"item\":\"https:\\\/\\\/www.montreuxjazzshop.com\\\/fr\\\/\"},{\"@type\":\"ListItem\",\"position\":2,\"name\":\"Boutique\",\"item\":\"https:\\\/\\\/www.montreuxjazzshop.com\\\/fr\\\/boutique\\\/\"},{\"@type\":\"ListItem\",\"position\":3,\"name\":\"Affiche Robert Combas, 1992\"}]},{\"@type\":\"WebSite\",\"@id\":\"https:\\\/\\\/www.montreuxjazzshop.com\\\/fr\\\/#website\",\"url\":\"https:\\\/\\\/www.montreuxjazzshop.com\\\/fr\\\/\",\"name\":\"Montreux Jazz Shop\",\"description\":\"The Montreux Jazz Festival shop\",\"potentialAction\":[{\"@type\":\"SearchAction\",\"target\":{\"@type\":\"EntryPoint\",\"urlTemplate\":\"https:\\\/\\\/www.montreuxjazzshop.com\\\/fr\\\/?s={search_term_string}\"},\"query-input\":{\"@type\":\"PropertyValueSpecification\",\"valueRequired\":true,\"valueName\":\"search_term_string\"}}],\"inLanguage\":\"fr-FR\"}]}<\/script>\n<meta property=\"og:availability\" content=\"out of stock\" \/>\n<meta property=\"product:availability\" content=\"out of stock\" \/>\n<meta property=\"product:retailer_item_id\" content=\"1000000101992\" \/>\n<meta property=\"product:condition\" content=\"new\" \/>\n<!-- \/ Yoast SEO Premium plugin. -->","yoast_head_json":{"title":"Affiche Robert Combas, 1992 - Montreux Jazz Festival Shop","description":"Le Festival fait appel \u00e0 l\u2019artiste fran\u00e7ais Robert Combas, pour imaginer sa 26e affiche. Il pourrait \u00eatre d\u00e9crit comme l\u2019alter ego fran\u00e7ais de Keith Haring.","robots":{"index":"index","follow":"follow","max-snippet":"max-snippet:-1","max-image-preview":"max-image-preview:large","max-video-preview":"max-video-preview:-1"},"canonical":"https:\/\/www.montreuxjazzshop.com\/fr\/boutique\/affiches\/affiches-officielles\/affiche-robert-combas-1992\/","og_locale":"fr_FR","og_type":"article","og_title":"Affiche Robert Combas, 1992","og_description":"Le Festival fait appel \u00e0 l\u2019artiste fran\u00e7ais Robert Combas, pour imaginer sa 26e affiche. Il pourrait \u00eatre d\u00e9crit comme l\u2019alter ego fran\u00e7ais de Keith Haring.","og_url":"https:\/\/www.montreuxjazzshop.com\/fr\/boutique\/affiches\/affiches-officielles\/affiche-robert-combas-1992\/","og_site_name":"Montreux Jazz Festival Shop","article_publisher":"https:\/\/www.facebook.com\/montreuxjazzfestival","article_modified_time":"2026-01-14T09:52:51+00:00","og_image":[{"width":2000,"height":2000,"url":"https:\/\/www.montreuxjazzshop.com\/wp-content\/uploads\/2025\/05\/MJF-Poster-70x100-1992.jpg","type":"image\/jpeg"}],"twitter_card":"summary_large_image","twitter_site":"@MontreuxJazz","schema":{"@context":"https:\/\/schema.org","@graph":[{"@type":"WebPage","@id":"https:\/\/www.montreuxjazzshop.com\/fr\/boutique\/affiches\/affiches-officielles\/affiche-robert-combas-1992\/","url":"https:\/\/www.montreuxjazzshop.com\/fr\/boutique\/affiches\/affiches-officielles\/affiche-robert-combas-1992\/","name":"Affiche Robert Combas, 1992 - Montreux Jazz Festival Shop","isPartOf":{"@id":"https:\/\/www.montreuxjazzshop.com\/fr\/#website"},"primaryImageOfPage":{"@id":"https:\/\/www.montreuxjazzshop.com\/fr\/boutique\/affiches\/affiches-officielles\/affiche-robert-combas-1992\/#primaryimage"},"image":{"@id":"https:\/\/www.montreuxjazzshop.com\/fr\/boutique\/affiches\/affiches-officielles\/affiche-robert-combas-1992\/#primaryimage"},"thumbnailUrl":"https:\/\/www.montreuxjazzshop.com\/wp-content\/uploads\/2025\/05\/MJF-Poster-70x100-1992.jpg","datePublished":"2025-09-11T13:15:42+00:00","dateModified":"2026-01-14T09:52:51+00:00","description":"Le Festival fait appel \u00e0 l\u2019artiste fran\u00e7ais Robert Combas, pour imaginer sa 26e affiche. Il pourrait \u00eatre d\u00e9crit comme l\u2019alter ego fran\u00e7ais de Keith Haring.","breadcrumb":{"@id":"https:\/\/www.montreuxjazzshop.com\/fr\/boutique\/affiches\/affiches-officielles\/affiche-robert-combas-1992\/#breadcrumb"},"inLanguage":"fr-FR","potentialAction":[{"@type":"ReadAction","target":["https:\/\/www.montreuxjazzshop.com\/fr\/boutique\/affiches\/affiches-officielles\/affiche-robert-combas-1992\/"]}]},{"@type":"ImageObject","inLanguage":"fr-FR","@id":"https:\/\/www.montreuxjazzshop.com\/fr\/boutique\/affiches\/affiches-officielles\/affiche-robert-combas-1992\/#primaryimage","url":"https:\/\/www.montreuxjazzshop.com\/wp-content\/uploads\/2025\/05\/MJF-Poster-70x100-1992.jpg","contentUrl":"https:\/\/www.montreuxjazzshop.com\/wp-content\/uploads\/2025\/05\/MJF-Poster-70x100-1992.jpg","width":2000,"height":2000,"caption":"L'Affiche Robert Combas, 1992 pr\u00e9sente une figure abstraite et color\u00e9e jouant de la trompette avec des lignes et des motifs audacieux, le texte \"26e ann\u00e9e Montreux 1992 Jazz Festival\" en haut, et une bordure orange, ajoutant une \u00e9nergie vibrante \u00e0 cette affiche embl\u00e9matique."},{"@type":"BreadcrumbList","@id":"https:\/\/www.montreuxjazzshop.com\/fr\/boutique\/affiches\/affiches-officielles\/affiche-robert-combas-1992\/#breadcrumb","itemListElement":[{"@type":"ListItem","position":1,"name":"Accueil","item":"https:\/\/www.montreuxjazzshop.com\/fr\/"},{"@type":"ListItem","position":2,"name":"Boutique","item":"https:\/\/www.montreuxjazzshop.com\/fr\/boutique\/"},{"@type":"ListItem","position":3,"name":"Affiche Robert Combas, 1992"}]},{"@type":"WebSite","@id":"https:\/\/www.montreuxjazzshop.com\/fr\/#website","url":"https:\/\/www.montreuxjazzshop.com\/fr\/","name":"Montreux Jazz Shop","description":"The Montreux Jazz Festival shop","potentialAction":[{"@type":"SearchAction","target":{"@type":"EntryPoint","urlTemplate":"https:\/\/www.montreuxjazzshop.com\/fr\/?s={search_term_string}"},"query-input":{"@type":"PropertyValueSpecification","valueRequired":true,"valueName":"search_term_string"}}],"inLanguage":"fr-FR"}]},"og_availability":"out of stock","product_availability":"out of stock","product_retailer_item_id":"1000000101992","product_condition":"new"},"_links":{"self":[{"href":"https:\/\/www.montreuxjazzshop.com\/fr\/wp-json\/wp\/v2\/product\/2560","targetHints":{"allow":["GET"]}}],"collection":[{"href":"https:\/\/www.montreuxjazzshop.com\/fr\/wp-json\/wp\/v2\/product"}],"about":[{"href":"https:\/\/www.montreuxjazzshop.com\/fr\/wp-json\/wp\/v2\/types\/product"}],"wp:featuredmedia":[{"embeddable":true,"href":"https:\/\/www.montreuxjazzshop.com\/fr\/wp-json\/wp\/v2\/media\/293"}],"wp:attachment":[{"href":"https:\/\/www.montreuxjazzshop.com\/fr\/wp-json\/wp\/v2\/media?parent=2560"}],"wp:term":[{"taxonomy":"artist","embeddable":true,"href":"https:\/\/www.montreuxjazzshop.com\/fr\/wp-json\/wp\/v2\/artist?post=2560"},{"taxonomy":"artist-category","embeddable":true,"href":"https:\/\/www.montreuxjazzshop.com\/fr\/wp-json\/wp\/v2\/artist-category?post=2560"},{"taxonomy":"edition","embeddable":true,"href":"https:\/\/www.montreuxjazzshop.com\/fr\/wp-json\/wp\/v2\/edition?post=2560"},{"taxonomy":"product_brand","embeddable":true,"href":"https:\/\/www.montreuxjazzshop.com\/fr\/wp-json\/wp\/v2\/product_brand?post=2560"},{"taxonomy":"product_cat","embeddable":true,"href":"https:\/\/www.montreuxjazzshop.com\/fr\/wp-json\/wp\/v2\/product_cat?post=2560"},{"taxonomy":"product_tag","embeddable":true,"href":"https:\/\/www.montreuxjazzshop.com\/fr\/wp-json\/wp\/v2\/product_tag?post=2560"}],"curies":[{"name":"wp","href":"https:\/\/api.w.org\/{rel}","templated":true}]}}