{"id":2517,"date":"2025-09-11T15:15:31","date_gmt":"2025-09-11T13:15:31","guid":{"rendered":"https:\/\/www.montreuxjazzshop.com\/?post_type=product&#038;p=2517"},"modified":"2026-01-14T11:05:48","modified_gmt":"2026-01-14T10:05:48","slug":"affiche-matthias-winkler-2001-edition-limitee","status":"publish","type":"product","link":"https:\/\/www.montreuxjazzshop.com\/fr\/boutique\/affiches\/affiches-edition-limitee\/affiche-matthias-winkler-2001-edition-limitee\/","title":{"rendered":"Affiche Matthias Winkler, 2001, \u00c9dition Limit\u00e9e"},"content":{"rendered":"<ul>\n<li>\u00c9dition limit\u00e9e \u00e0 300 exemplaires<\/li>\n<li>Sign\u00e9e et num\u00e9rot\u00e9e<\/li>\n<li>S\u00e9rigraphie 7 couleurs<\/li>\n<li>Imprim\u00e9 sur papier offset 350gm2<\/li>\n<li>Format: 70 x 100 cm<\/li>\n<li>Sans Cadre<\/li>\n<\/ul>\n","protected":false},"excerpt":{"rendered":"<p>\u00c9dition limit\u00e9e \u00e0 300 exemplaires. Sign\u00e9e et num\u00e9rot\u00e9e. S\u00e9rigraphie 7 couleurs. Imprim\u00e9 sur papier offset 350gm2.<\/p>\n<p>Format: 70 x 100 cm. Sans Cadre.<\/p>\n<p>Matthias Winkler, artiste suisse, se d\u00e9finit comme une machine \u00e0 peindre. Il r\u00e9alise des performances de peinture live, durant lesquelles le public peut observer un tableau.<\/p>\n<p class=\"p1\"><a href=\"\/fr\/portfolio-item\/matthias-winkler\/\"><span class=\"s1\">En savoir plus sur l&rsquo;artiste<\/span><\/a><\/p>\n","protected":false},"featured_media":250,"template":"","meta":{"_acf_changed":false},"artist":[263],"artist-category":[],"edition":[205],"product_brand":[],"product_cat":[298,343,299],"product_tag":[],"class_list":{"0":"post-2517","1":"product","2":"type-product","3":"status-publish","4":"has-post-thumbnail","6":"artist-matthias-winkler","7":"edition-205","8":"product_cat-affiches","9":"product_cat-affiches-edition-limitee","10":"product_cat-affiches-officielles","11":"product_shipping_class-affiche","13":"first","14":"instock","15":"taxable","16":"shipping-taxable","17":"purchasable","18":"product-type-simple"},"bundled_by":[],"bundle_stock_status":"instock","bundle_stock_quantity":11,"bundle_virtual":false,"bundle_layout":"","bundle_add_to_cart_form_location":"","bundle_editable_in_cart":false,"bundle_sold_individually_context":"","bundle_item_grouping":"","bundle_min_size":"","bundle_max_size":"","bundle_price":[],"bundled_items":[],"bundle_sell_ids":[],"acf":[],"yoast_head":"<!-- This site is optimized with the Yoast SEO Premium plugin v26.4 (Yoast SEO v27.4) - https:\/\/yoast.com\/product\/yoast-seo-premium-wordpress\/ -->\n<title>Affiche Matthias Winkler, 2001, \u00c9dition Limit\u00e9e - Montreux Jazz Festival Shop<\/title>\n<meta name=\"description\" content=\"\u00c9dition Limit\u00e9e. L&#039;affiche de la 35e \u00e9dition sign\u00e9e Matthias Winkler, artiste suisse. Il se d\u00e9finit comme une machine \u00e0 peindre. Music Festival.\" \/>\n<meta name=\"robots\" content=\"index, follow, max-snippet:-1, max-image-preview:large, max-video-preview:-1\" \/>\n<link rel=\"canonical\" href=\"https:\/\/www.montreuxjazzshop.com\/fr\/boutique\/affiches\/affiches-edition-limitee\/affiche-matthias-winkler-2001-edition-limitee\/\" \/>\n<meta property=\"og:locale\" content=\"fr_FR\" \/>\n<meta property=\"og:type\" content=\"article\" \/>\n<meta property=\"og:title\" content=\"Affiche Matthias Winkler, 2001, \u00c9dition Limit\u00e9e\" \/>\n<meta property=\"og:description\" content=\"\u00c9dition Limit\u00e9e. L&#039;affiche de la 35e \u00e9dition sign\u00e9e Matthias Winkler, artiste suisse. Il se d\u00e9finit comme une machine \u00e0 peindre. Music Festival.\" \/>\n<meta property=\"og:url\" content=\"https:\/\/www.montreuxjazzshop.com\/fr\/boutique\/affiches\/affiches-edition-limitee\/affiche-matthias-winkler-2001-edition-limitee\/\" \/>\n<meta property=\"og:site_name\" content=\"Montreux Jazz Festival Shop\" \/>\n<meta property=\"article:publisher\" content=\"https:\/\/www.facebook.com\/montreuxjazzfestival\" \/>\n<meta property=\"article:modified_time\" content=\"2026-01-14T10:05:48+00:00\" \/>\n<meta property=\"og:image\" content=\"https:\/\/www.montreuxjazzshop.com\/wp-content\/uploads\/2025\/05\/MJF-Affiches-Ed-Limitee-2001-MatthiasWinkler-1.jpeg\" \/>\n\t<meta property=\"og:image:width\" content=\"1280\" \/>\n\t<meta property=\"og:image:height\" content=\"1280\" \/>\n\t<meta property=\"og:image:type\" content=\"image\/jpeg\" \/>\n<meta name=\"twitter:card\" content=\"summary_large_image\" \/>\n<meta name=\"twitter:site\" content=\"@MontreuxJazz\" \/>\n<script type=\"application\/ld+json\" class=\"yoast-schema-graph\">{\"@context\":\"https:\\\/\\\/schema.org\",\"@graph\":[{\"@type\":\"WebPage\",\"@id\":\"https:\\\/\\\/www.montreuxjazzshop.com\\\/fr\\\/boutique\\\/affiches\\\/affiches-edition-limitee\\\/affiche-matthias-winkler-2001-edition-limitee\\\/\",\"url\":\"https:\\\/\\\/www.montreuxjazzshop.com\\\/fr\\\/boutique\\\/affiches\\\/affiches-edition-limitee\\\/affiche-matthias-winkler-2001-edition-limitee\\\/\",\"name\":\"Affiche Matthias Winkler, 2001, \u00c9dition Limit\u00e9e - Montreux Jazz Festival Shop\",\"isPartOf\":{\"@id\":\"https:\\\/\\\/www.montreuxjazzshop.com\\\/fr\\\/#website\"},\"primaryImageOfPage\":{\"@id\":\"https:\\\/\\\/www.montreuxjazzshop.com\\\/fr\\\/boutique\\\/affiches\\\/affiches-edition-limitee\\\/affiche-matthias-winkler-2001-edition-limitee\\\/#primaryimage\"},\"image\":{\"@id\":\"https:\\\/\\\/www.montreuxjazzshop.com\\\/fr\\\/boutique\\\/affiches\\\/affiches-edition-limitee\\\/affiche-matthias-winkler-2001-edition-limitee\\\/#primaryimage\"},\"thumbnailUrl\":\"https:\\\/\\\/www.montreuxjazzshop.com\\\/wp-content\\\/uploads\\\/2025\\\/05\\\/MJF-Affiches-Ed-Limitee-2001-MatthiasWinkler-1.jpeg\",\"datePublished\":\"2025-09-11T13:15:31+00:00\",\"dateModified\":\"2026-01-14T10:05:48+00:00\",\"description\":\"\u00c9dition Limit\u00e9e. L'affiche de la 35e \u00e9dition sign\u00e9e Matthias Winkler, artiste suisse. Il se d\u00e9finit comme une machine \u00e0 peindre. Music Festival.\",\"breadcrumb\":{\"@id\":\"https:\\\/\\\/www.montreuxjazzshop.com\\\/fr\\\/boutique\\\/affiches\\\/affiches-edition-limitee\\\/affiche-matthias-winkler-2001-edition-limitee\\\/#breadcrumb\"},\"inLanguage\":\"fr-FR\",\"potentialAction\":[{\"@type\":\"ReadAction\",\"target\":[\"https:\\\/\\\/www.montreuxjazzshop.com\\\/fr\\\/boutique\\\/affiches\\\/affiches-edition-limitee\\\/affiche-matthias-winkler-2001-edition-limitee\\\/\"]}]},{\"@type\":\"ImageObject\",\"inLanguage\":\"fr-FR\",\"@id\":\"https:\\\/\\\/www.montreuxjazzshop.com\\\/fr\\\/boutique\\\/affiches\\\/affiches-edition-limitee\\\/affiche-matthias-winkler-2001-edition-limitee\\\/#primaryimage\",\"url\":\"https:\\\/\\\/www.montreuxjazzshop.com\\\/wp-content\\\/uploads\\\/2025\\\/05\\\/MJF-Affiches-Ed-Limitee-2001-MatthiasWinkler-1.jpeg\",\"contentUrl\":\"https:\\\/\\\/www.montreuxjazzshop.com\\\/wp-content\\\/uploads\\\/2025\\\/05\\\/MJF-Affiches-Ed-Limitee-2001-MatthiasWinkler-1.jpeg\",\"width\":1280,\"height\":1280,\"caption\":\"L'Affiche Matthias Winkler, 2001, \u00c9dition Limit\u00e9e pr\u00e9sente une grille de figures abstraites color\u00e9es jouant d'instruments sur un fond gris, avec l'\u00e9tiquette \\\"\u00c9dition Limit\u00e9e\\\" - un compl\u00e9ment id\u00e9al \u00e0 toute collection Affiche Matthias Winkler.\"},{\"@type\":\"BreadcrumbList\",\"@id\":\"https:\\\/\\\/www.montreuxjazzshop.com\\\/fr\\\/boutique\\\/affiches\\\/affiches-edition-limitee\\\/affiche-matthias-winkler-2001-edition-limitee\\\/#breadcrumb\",\"itemListElement\":[{\"@type\":\"ListItem\",\"position\":1,\"name\":\"Accueil\",\"item\":\"https:\\\/\\\/www.montreuxjazzshop.com\\\/fr\\\/\"},{\"@type\":\"ListItem\",\"position\":2,\"name\":\"Boutique\",\"item\":\"https:\\\/\\\/www.montreuxjazzshop.com\\\/fr\\\/boutique\\\/\"},{\"@type\":\"ListItem\",\"position\":3,\"name\":\"Affiche Matthias Winkler, 2001, \u00c9dition Limit\u00e9e\"}]},{\"@type\":\"WebSite\",\"@id\":\"https:\\\/\\\/www.montreuxjazzshop.com\\\/fr\\\/#website\",\"url\":\"https:\\\/\\\/www.montreuxjazzshop.com\\\/fr\\\/\",\"name\":\"Montreux Jazz Shop\",\"description\":\"The Montreux Jazz Festival shop\",\"potentialAction\":[{\"@type\":\"SearchAction\",\"target\":{\"@type\":\"EntryPoint\",\"urlTemplate\":\"https:\\\/\\\/www.montreuxjazzshop.com\\\/fr\\\/?s={search_term_string}\"},\"query-input\":{\"@type\":\"PropertyValueSpecification\",\"valueRequired\":true,\"valueName\":\"search_term_string\"}}],\"inLanguage\":\"fr-FR\"}]}<\/script>\n<meta property=\"product:price:amount\" content=\"280.00\" \/>\n<meta property=\"product:price:currency\" content=\"CHF\" \/>\n<meta property=\"og:availability\" content=\"instock\" \/>\n<meta property=\"product:availability\" content=\"instock\" \/>\n<meta property=\"product:retailer_item_id\" content=\"1002100102001\" \/>\n<meta property=\"product:condition\" content=\"new\" \/>\n<!-- \/ Yoast SEO Premium plugin. -->","yoast_head_json":{"title":"Affiche Matthias Winkler, 2001, \u00c9dition Limit\u00e9e - Montreux Jazz Festival Shop","description":"\u00c9dition Limit\u00e9e. L'affiche de la 35e \u00e9dition sign\u00e9e Matthias Winkler, artiste suisse. Il se d\u00e9finit comme une machine \u00e0 peindre. Music Festival.","robots":{"index":"index","follow":"follow","max-snippet":"max-snippet:-1","max-image-preview":"max-image-preview:large","max-video-preview":"max-video-preview:-1"},"canonical":"https:\/\/www.montreuxjazzshop.com\/fr\/boutique\/affiches\/affiches-edition-limitee\/affiche-matthias-winkler-2001-edition-limitee\/","og_locale":"fr_FR","og_type":"article","og_title":"Affiche Matthias Winkler, 2001, \u00c9dition Limit\u00e9e","og_description":"\u00c9dition Limit\u00e9e. L'affiche de la 35e \u00e9dition sign\u00e9e Matthias Winkler, artiste suisse. Il se d\u00e9finit comme une machine \u00e0 peindre. Music Festival.","og_url":"https:\/\/www.montreuxjazzshop.com\/fr\/boutique\/affiches\/affiches-edition-limitee\/affiche-matthias-winkler-2001-edition-limitee\/","og_site_name":"Montreux Jazz Festival Shop","article_publisher":"https:\/\/www.facebook.com\/montreuxjazzfestival","article_modified_time":"2026-01-14T10:05:48+00:00","og_image":[{"width":1280,"height":1280,"url":"https:\/\/www.montreuxjazzshop.com\/wp-content\/uploads\/2025\/05\/MJF-Affiches-Ed-Limitee-2001-MatthiasWinkler-1.jpeg","type":"image\/jpeg"}],"twitter_card":"summary_large_image","twitter_site":"@MontreuxJazz","schema":{"@context":"https:\/\/schema.org","@graph":[{"@type":"WebPage","@id":"https:\/\/www.montreuxjazzshop.com\/fr\/boutique\/affiches\/affiches-edition-limitee\/affiche-matthias-winkler-2001-edition-limitee\/","url":"https:\/\/www.montreuxjazzshop.com\/fr\/boutique\/affiches\/affiches-edition-limitee\/affiche-matthias-winkler-2001-edition-limitee\/","name":"Affiche Matthias Winkler, 2001, \u00c9dition Limit\u00e9e - Montreux Jazz Festival Shop","isPartOf":{"@id":"https:\/\/www.montreuxjazzshop.com\/fr\/#website"},"primaryImageOfPage":{"@id":"https:\/\/www.montreuxjazzshop.com\/fr\/boutique\/affiches\/affiches-edition-limitee\/affiche-matthias-winkler-2001-edition-limitee\/#primaryimage"},"image":{"@id":"https:\/\/www.montreuxjazzshop.com\/fr\/boutique\/affiches\/affiches-edition-limitee\/affiche-matthias-winkler-2001-edition-limitee\/#primaryimage"},"thumbnailUrl":"https:\/\/www.montreuxjazzshop.com\/wp-content\/uploads\/2025\/05\/MJF-Affiches-Ed-Limitee-2001-MatthiasWinkler-1.jpeg","datePublished":"2025-09-11T13:15:31+00:00","dateModified":"2026-01-14T10:05:48+00:00","description":"\u00c9dition Limit\u00e9e. L'affiche de la 35e \u00e9dition sign\u00e9e Matthias Winkler, artiste suisse. Il se d\u00e9finit comme une machine \u00e0 peindre. Music Festival.","breadcrumb":{"@id":"https:\/\/www.montreuxjazzshop.com\/fr\/boutique\/affiches\/affiches-edition-limitee\/affiche-matthias-winkler-2001-edition-limitee\/#breadcrumb"},"inLanguage":"fr-FR","potentialAction":[{"@type":"ReadAction","target":["https:\/\/www.montreuxjazzshop.com\/fr\/boutique\/affiches\/affiches-edition-limitee\/affiche-matthias-winkler-2001-edition-limitee\/"]}]},{"@type":"ImageObject","inLanguage":"fr-FR","@id":"https:\/\/www.montreuxjazzshop.com\/fr\/boutique\/affiches\/affiches-edition-limitee\/affiche-matthias-winkler-2001-edition-limitee\/#primaryimage","url":"https:\/\/www.montreuxjazzshop.com\/wp-content\/uploads\/2025\/05\/MJF-Affiches-Ed-Limitee-2001-MatthiasWinkler-1.jpeg","contentUrl":"https:\/\/www.montreuxjazzshop.com\/wp-content\/uploads\/2025\/05\/MJF-Affiches-Ed-Limitee-2001-MatthiasWinkler-1.jpeg","width":1280,"height":1280,"caption":"L'Affiche Matthias Winkler, 2001, \u00c9dition Limit\u00e9e pr\u00e9sente une grille de figures abstraites color\u00e9es jouant d'instruments sur un fond gris, avec l'\u00e9tiquette \"\u00c9dition Limit\u00e9e\" - un compl\u00e9ment id\u00e9al \u00e0 toute collection Affiche Matthias Winkler."},{"@type":"BreadcrumbList","@id":"https:\/\/www.montreuxjazzshop.com\/fr\/boutique\/affiches\/affiches-edition-limitee\/affiche-matthias-winkler-2001-edition-limitee\/#breadcrumb","itemListElement":[{"@type":"ListItem","position":1,"name":"Accueil","item":"https:\/\/www.montreuxjazzshop.com\/fr\/"},{"@type":"ListItem","position":2,"name":"Boutique","item":"https:\/\/www.montreuxjazzshop.com\/fr\/boutique\/"},{"@type":"ListItem","position":3,"name":"Affiche Matthias Winkler, 2001, \u00c9dition Limit\u00e9e"}]},{"@type":"WebSite","@id":"https:\/\/www.montreuxjazzshop.com\/fr\/#website","url":"https:\/\/www.montreuxjazzshop.com\/fr\/","name":"Montreux Jazz Shop","description":"The Montreux Jazz Festival shop","potentialAction":[{"@type":"SearchAction","target":{"@type":"EntryPoint","urlTemplate":"https:\/\/www.montreuxjazzshop.com\/fr\/?s={search_term_string}"},"query-input":{"@type":"PropertyValueSpecification","valueRequired":true,"valueName":"search_term_string"}}],"inLanguage":"fr-FR"}]},"product_price_amount":"280.00","product_price_currency":"CHF","og_availability":"instock","product_availability":"instock","product_retailer_item_id":"1002100102001","product_condition":"new"},"_links":{"self":[{"href":"https:\/\/www.montreuxjazzshop.com\/fr\/wp-json\/wp\/v2\/product\/2517","targetHints":{"allow":["GET"]}}],"collection":[{"href":"https:\/\/www.montreuxjazzshop.com\/fr\/wp-json\/wp\/v2\/product"}],"about":[{"href":"https:\/\/www.montreuxjazzshop.com\/fr\/wp-json\/wp\/v2\/types\/product"}],"wp:featuredmedia":[{"embeddable":true,"href":"https:\/\/www.montreuxjazzshop.com\/fr\/wp-json\/wp\/v2\/media\/250"}],"wp:attachment":[{"href":"https:\/\/www.montreuxjazzshop.com\/fr\/wp-json\/wp\/v2\/media?parent=2517"}],"wp:term":[{"taxonomy":"artist","embeddable":true,"href":"https:\/\/www.montreuxjazzshop.com\/fr\/wp-json\/wp\/v2\/artist?post=2517"},{"taxonomy":"artist-category","embeddable":true,"href":"https:\/\/www.montreuxjazzshop.com\/fr\/wp-json\/wp\/v2\/artist-category?post=2517"},{"taxonomy":"edition","embeddable":true,"href":"https:\/\/www.montreuxjazzshop.com\/fr\/wp-json\/wp\/v2\/edition?post=2517"},{"taxonomy":"product_brand","embeddable":true,"href":"https:\/\/www.montreuxjazzshop.com\/fr\/wp-json\/wp\/v2\/product_brand?post=2517"},{"taxonomy":"product_cat","embeddable":true,"href":"https:\/\/www.montreuxjazzshop.com\/fr\/wp-json\/wp\/v2\/product_cat?post=2517"},{"taxonomy":"product_tag","embeddable":true,"href":"https:\/\/www.montreuxjazzshop.com\/fr\/wp-json\/wp\/v2\/product_tag?post=2517"}],"curies":[{"name":"wp","href":"https:\/\/api.w.org\/{rel}","templated":true}]}}