{"id":2438,"date":"2025-09-11T15:15:08","date_gmt":"2025-09-11T13:15:08","guid":{"rendered":"https:\/\/www.montreuxjazzshop.com\/?post_type=product&#038;p=2438"},"modified":"2026-04-06T10:50:27","modified_gmt":"2026-04-06T08:50:27","slug":"affiche-sylvie-fleury-2015-montreux-jazz","status":"publish","type":"product","link":"https:\/\/www.montreuxjazzshop.com\/fr\/boutique\/affiches\/affiches-officielles\/affiche-sylvie-fleury-2015-montreux-jazz\/","title":{"rendered":"Affiche Sylvie Fleury, 2015"},"content":{"rendered":"","protected":false},"excerpt":{"rendered":"<p>Avant d\u2019\u00eatre une image qui annonce le Montreux Jazz Festival 2015, la photographie de Sylvie Fleury \u00e9tait une performance de l\u2019artiste genevoise au Sculpture Center de New York. Les bris de ces palettes, coffrets et pigments visibles sur l\u2019image font de multiples clins d\u2019\u0153il, que ce soit \u00e0 la peinture, envisag\u00e9e d\u2019un point de vue girly et satirique, ou \u00e0 la musique, notamment au groupe Kiss.<\/p>\n<p><a href=\"\/fr\/portfolio-item\/sylvie-fleury\/\">En savoir plus sur l&rsquo;artiste<\/a><\/p>\n","protected":false},"featured_media":160,"template":"","meta":{"_acf_changed":false},"artist":[281],"artist-category":[],"edition":[169],"product_brand":[],"product_cat":[298,299,300],"product_tag":[],"class_list":{"0":"post-2438","1":"product","2":"type-product","3":"status-publish","4":"has-post-thumbnail","6":"artist-sylvie-fleury","7":"edition-169","8":"product_cat-affiches","9":"product_cat-affiches-officielles","10":"product_cat-affichettes","11":"product_shipping_class-affiche","13":"first","14":"instock","15":"taxable","16":"shipping-taxable","17":"purchasable","18":"product-type-variable","19":"wvs-archive-product-wrapper"},"bundled_by":[],"bundle_stock_status":"instock","bundle_stock_quantity":null,"bundle_virtual":false,"bundle_layout":"","bundle_add_to_cart_form_location":"","bundle_editable_in_cart":false,"bundle_sold_individually_context":"","bundle_item_grouping":"","bundle_min_size":"","bundle_max_size":"","bundle_price":[],"bundled_items":[],"bundle_sell_ids":[],"acf":[],"yoast_head":"<!-- This site is optimized with the Yoast SEO Premium plugin v26.4 (Yoast SEO v27.4) - https:\/\/yoast.com\/product\/yoast-seo-premium-wordpress\/ -->\n<title>Affiche Sylvie Fleury, 2015 - Montreux Jazz Festival Shop<\/title>\n<meta name=\"description\" content=\"Avant d\u2019\u00eatre une affiche qui annonce le Montreux Jazz Festival, la photographie de Sylvie Fleury \u00e9tait une performance de l\u2019artiste genevoise \u00e0 New York.\" \/>\n<meta name=\"robots\" content=\"index, follow, max-snippet:-1, max-image-preview:large, max-video-preview:-1\" \/>\n<link rel=\"canonical\" href=\"https:\/\/www.montreuxjazzshop.com\/fr\/boutique\/affiches\/affiches-officielles\/affiche-sylvie-fleury-2015-montreux-jazz\/\" \/>\n<meta property=\"og:locale\" content=\"fr_FR\" \/>\n<meta property=\"og:type\" content=\"article\" \/>\n<meta property=\"og:title\" content=\"Affiche Sylvie Fleury, 2015\" \/>\n<meta property=\"og:description\" content=\"Avant d\u2019\u00eatre une affiche qui annonce le Montreux Jazz Festival, la photographie de Sylvie Fleury \u00e9tait une performance de l\u2019artiste genevoise \u00e0 New York.\" \/>\n<meta property=\"og:url\" content=\"https:\/\/www.montreuxjazzshop.com\/fr\/boutique\/affiches\/affiches-officielles\/affiche-sylvie-fleury-2015-montreux-jazz\/\" \/>\n<meta property=\"og:site_name\" content=\"Montreux Jazz Festival Shop\" \/>\n<meta property=\"article:publisher\" content=\"https:\/\/www.facebook.com\/montreuxjazzfestival\" \/>\n<meta property=\"article:modified_time\" content=\"2026-04-06T08:50:27+00:00\" \/>\n<meta property=\"og:image\" content=\"https:\/\/www.montreuxjazzshop.com\/wp-content\/uploads\/2025\/05\/MJF-Poster-70x100-2015.jpg\" \/>\n\t<meta property=\"og:image:width\" content=\"2000\" \/>\n\t<meta property=\"og:image:height\" content=\"2000\" \/>\n\t<meta property=\"og:image:type\" content=\"image\/jpeg\" \/>\n<meta name=\"twitter:card\" content=\"summary_large_image\" \/>\n<meta name=\"twitter:site\" content=\"@MontreuxJazz\" \/>\n<script type=\"application\/ld+json\" class=\"yoast-schema-graph\">{\"@context\":\"https:\\\/\\\/schema.org\",\"@graph\":[{\"@type\":\"WebPage\",\"@id\":\"https:\\\/\\\/www.montreuxjazzshop.com\\\/fr\\\/boutique\\\/affiches\\\/affiches-officielles\\\/affiche-sylvie-fleury-2015-montreux-jazz\\\/\",\"url\":\"https:\\\/\\\/www.montreuxjazzshop.com\\\/fr\\\/boutique\\\/affiches\\\/affiches-officielles\\\/affiche-sylvie-fleury-2015-montreux-jazz\\\/\",\"name\":\"Affiche Sylvie Fleury, 2015 - Montreux Jazz Festival Shop\",\"isPartOf\":{\"@id\":\"https:\\\/\\\/www.montreuxjazzshop.com\\\/fr\\\/#website\"},\"primaryImageOfPage\":{\"@id\":\"https:\\\/\\\/www.montreuxjazzshop.com\\\/fr\\\/boutique\\\/affiches\\\/affiches-officielles\\\/affiche-sylvie-fleury-2015-montreux-jazz\\\/#primaryimage\"},\"image\":{\"@id\":\"https:\\\/\\\/www.montreuxjazzshop.com\\\/fr\\\/boutique\\\/affiches\\\/affiches-officielles\\\/affiche-sylvie-fleury-2015-montreux-jazz\\\/#primaryimage\"},\"thumbnailUrl\":\"https:\\\/\\\/www.montreuxjazzshop.com\\\/wp-content\\\/uploads\\\/2025\\\/05\\\/MJF-Poster-70x100-2015.jpg\",\"datePublished\":\"2025-09-11T13:15:08+00:00\",\"dateModified\":\"2026-04-06T08:50:27+00:00\",\"description\":\"Avant d\u2019\u00eatre une affiche qui annonce le Montreux Jazz Festival, la photographie de Sylvie Fleury \u00e9tait une performance de l\u2019artiste genevoise \u00e0 New York.\",\"breadcrumb\":{\"@id\":\"https:\\\/\\\/www.montreuxjazzshop.com\\\/fr\\\/boutique\\\/affiches\\\/affiches-officielles\\\/affiche-sylvie-fleury-2015-montreux-jazz\\\/#breadcrumb\"},\"inLanguage\":\"fr-FR\",\"potentialAction\":[{\"@type\":\"ReadAction\",\"target\":[\"https:\\\/\\\/www.montreuxjazzshop.com\\\/fr\\\/boutique\\\/affiches\\\/affiches-officielles\\\/affiche-sylvie-fleury-2015-montreux-jazz\\\/\"]}]},{\"@type\":\"ImageObject\",\"inLanguage\":\"fr-FR\",\"@id\":\"https:\\\/\\\/www.montreuxjazzshop.com\\\/fr\\\/boutique\\\/affiches\\\/affiches-officielles\\\/affiche-sylvie-fleury-2015-montreux-jazz\\\/#primaryimage\",\"url\":\"https:\\\/\\\/www.montreuxjazzshop.com\\\/wp-content\\\/uploads\\\/2025\\\/05\\\/MJF-Poster-70x100-2015.jpg\",\"contentUrl\":\"https:\\\/\\\/www.montreuxjazzshop.com\\\/wp-content\\\/uploads\\\/2025\\\/05\\\/MJF-Poster-70x100-2015.jpg\",\"width\":2000,\"height\":2000,\"caption\":\"Affiche Sylvie Fleury, 2015 : Affiche pour le 49e Festival de jazz pr\u00e9sentant un texte jaune et noir audacieux et d\u00e9chiquet\u00e9 sur du maquillage bris\u00e9 sur du b\u00e9ton, avec des accents de poudre rose vif. Dates : Du 3 au 18 juillet 2015.\"},{\"@type\":\"BreadcrumbList\",\"@id\":\"https:\\\/\\\/www.montreuxjazzshop.com\\\/fr\\\/boutique\\\/affiches\\\/affiches-officielles\\\/affiche-sylvie-fleury-2015-montreux-jazz\\\/#breadcrumb\",\"itemListElement\":[{\"@type\":\"ListItem\",\"position\":1,\"name\":\"Accueil\",\"item\":\"https:\\\/\\\/www.montreuxjazzshop.com\\\/fr\\\/\"},{\"@type\":\"ListItem\",\"position\":2,\"name\":\"Boutique\",\"item\":\"https:\\\/\\\/www.montreuxjazzshop.com\\\/fr\\\/boutique\\\/\"},{\"@type\":\"ListItem\",\"position\":3,\"name\":\"Affiche Sylvie Fleury, 2015\"}]},{\"@type\":\"WebSite\",\"@id\":\"https:\\\/\\\/www.montreuxjazzshop.com\\\/fr\\\/#website\",\"url\":\"https:\\\/\\\/www.montreuxjazzshop.com\\\/fr\\\/\",\"name\":\"Montreux Jazz Shop\",\"description\":\"The Montreux Jazz Festival shop\",\"potentialAction\":[{\"@type\":\"SearchAction\",\"target\":{\"@type\":\"EntryPoint\",\"urlTemplate\":\"https:\\\/\\\/www.montreuxjazzshop.com\\\/fr\\\/?s={search_term_string}\"},\"query-input\":{\"@type\":\"PropertyValueSpecification\",\"valueRequired\":true,\"valueName\":\"search_term_string\"}}],\"inLanguage\":\"fr-FR\"}]}<\/script>\n<meta property=\"og:availability\" content=\"instock\" \/>\n<meta property=\"product:availability\" content=\"instock\" \/>\n<meta property=\"product:retailer_item_id\" content=\"1000000102015\" \/>\n<meta property=\"product:condition\" content=\"new\" \/>\n<!-- \/ Yoast SEO Premium plugin. -->","yoast_head_json":{"title":"Affiche Sylvie Fleury, 2015 - Montreux Jazz Festival Shop","description":"Avant d\u2019\u00eatre une affiche qui annonce le Montreux Jazz Festival, la photographie de Sylvie Fleury \u00e9tait une performance de l\u2019artiste genevoise \u00e0 New York.","robots":{"index":"index","follow":"follow","max-snippet":"max-snippet:-1","max-image-preview":"max-image-preview:large","max-video-preview":"max-video-preview:-1"},"canonical":"https:\/\/www.montreuxjazzshop.com\/fr\/boutique\/affiches\/affiches-officielles\/affiche-sylvie-fleury-2015-montreux-jazz\/","og_locale":"fr_FR","og_type":"article","og_title":"Affiche Sylvie Fleury, 2015","og_description":"Avant d\u2019\u00eatre une affiche qui annonce le Montreux Jazz Festival, la photographie de Sylvie Fleury \u00e9tait une performance de l\u2019artiste genevoise \u00e0 New York.","og_url":"https:\/\/www.montreuxjazzshop.com\/fr\/boutique\/affiches\/affiches-officielles\/affiche-sylvie-fleury-2015-montreux-jazz\/","og_site_name":"Montreux Jazz Festival Shop","article_publisher":"https:\/\/www.facebook.com\/montreuxjazzfestival","article_modified_time":"2026-04-06T08:50:27+00:00","og_image":[{"width":2000,"height":2000,"url":"https:\/\/www.montreuxjazzshop.com\/wp-content\/uploads\/2025\/05\/MJF-Poster-70x100-2015.jpg","type":"image\/jpeg"}],"twitter_card":"summary_large_image","twitter_site":"@MontreuxJazz","schema":{"@context":"https:\/\/schema.org","@graph":[{"@type":"WebPage","@id":"https:\/\/www.montreuxjazzshop.com\/fr\/boutique\/affiches\/affiches-officielles\/affiche-sylvie-fleury-2015-montreux-jazz\/","url":"https:\/\/www.montreuxjazzshop.com\/fr\/boutique\/affiches\/affiches-officielles\/affiche-sylvie-fleury-2015-montreux-jazz\/","name":"Affiche Sylvie Fleury, 2015 - Montreux Jazz Festival Shop","isPartOf":{"@id":"https:\/\/www.montreuxjazzshop.com\/fr\/#website"},"primaryImageOfPage":{"@id":"https:\/\/www.montreuxjazzshop.com\/fr\/boutique\/affiches\/affiches-officielles\/affiche-sylvie-fleury-2015-montreux-jazz\/#primaryimage"},"image":{"@id":"https:\/\/www.montreuxjazzshop.com\/fr\/boutique\/affiches\/affiches-officielles\/affiche-sylvie-fleury-2015-montreux-jazz\/#primaryimage"},"thumbnailUrl":"https:\/\/www.montreuxjazzshop.com\/wp-content\/uploads\/2025\/05\/MJF-Poster-70x100-2015.jpg","datePublished":"2025-09-11T13:15:08+00:00","dateModified":"2026-04-06T08:50:27+00:00","description":"Avant d\u2019\u00eatre une affiche qui annonce le Montreux Jazz Festival, la photographie de Sylvie Fleury \u00e9tait une performance de l\u2019artiste genevoise \u00e0 New York.","breadcrumb":{"@id":"https:\/\/www.montreuxjazzshop.com\/fr\/boutique\/affiches\/affiches-officielles\/affiche-sylvie-fleury-2015-montreux-jazz\/#breadcrumb"},"inLanguage":"fr-FR","potentialAction":[{"@type":"ReadAction","target":["https:\/\/www.montreuxjazzshop.com\/fr\/boutique\/affiches\/affiches-officielles\/affiche-sylvie-fleury-2015-montreux-jazz\/"]}]},{"@type":"ImageObject","inLanguage":"fr-FR","@id":"https:\/\/www.montreuxjazzshop.com\/fr\/boutique\/affiches\/affiches-officielles\/affiche-sylvie-fleury-2015-montreux-jazz\/#primaryimage","url":"https:\/\/www.montreuxjazzshop.com\/wp-content\/uploads\/2025\/05\/MJF-Poster-70x100-2015.jpg","contentUrl":"https:\/\/www.montreuxjazzshop.com\/wp-content\/uploads\/2025\/05\/MJF-Poster-70x100-2015.jpg","width":2000,"height":2000,"caption":"Affiche Sylvie Fleury, 2015 : Affiche pour le 49e Festival de jazz pr\u00e9sentant un texte jaune et noir audacieux et d\u00e9chiquet\u00e9 sur du maquillage bris\u00e9 sur du b\u00e9ton, avec des accents de poudre rose vif. Dates : Du 3 au 18 juillet 2015."},{"@type":"BreadcrumbList","@id":"https:\/\/www.montreuxjazzshop.com\/fr\/boutique\/affiches\/affiches-officielles\/affiche-sylvie-fleury-2015-montreux-jazz\/#breadcrumb","itemListElement":[{"@type":"ListItem","position":1,"name":"Accueil","item":"https:\/\/www.montreuxjazzshop.com\/fr\/"},{"@type":"ListItem","position":2,"name":"Boutique","item":"https:\/\/www.montreuxjazzshop.com\/fr\/boutique\/"},{"@type":"ListItem","position":3,"name":"Affiche Sylvie Fleury, 2015"}]},{"@type":"WebSite","@id":"https:\/\/www.montreuxjazzshop.com\/fr\/#website","url":"https:\/\/www.montreuxjazzshop.com\/fr\/","name":"Montreux Jazz Shop","description":"The Montreux Jazz Festival shop","potentialAction":[{"@type":"SearchAction","target":{"@type":"EntryPoint","urlTemplate":"https:\/\/www.montreuxjazzshop.com\/fr\/?s={search_term_string}"},"query-input":{"@type":"PropertyValueSpecification","valueRequired":true,"valueName":"search_term_string"}}],"inLanguage":"fr-FR"}]},"og_availability":"instock","product_availability":"instock","product_retailer_item_id":"1000000102015","product_condition":"new"},"_links":{"self":[{"href":"https:\/\/www.montreuxjazzshop.com\/fr\/wp-json\/wp\/v2\/product\/2438","targetHints":{"allow":["GET"]}}],"collection":[{"href":"https:\/\/www.montreuxjazzshop.com\/fr\/wp-json\/wp\/v2\/product"}],"about":[{"href":"https:\/\/www.montreuxjazzshop.com\/fr\/wp-json\/wp\/v2\/types\/product"}],"wp:featuredmedia":[{"embeddable":true,"href":"https:\/\/www.montreuxjazzshop.com\/fr\/wp-json\/wp\/v2\/media\/160"}],"wp:attachment":[{"href":"https:\/\/www.montreuxjazzshop.com\/fr\/wp-json\/wp\/v2\/media?parent=2438"}],"wp:term":[{"taxonomy":"artist","embeddable":true,"href":"https:\/\/www.montreuxjazzshop.com\/fr\/wp-json\/wp\/v2\/artist?post=2438"},{"taxonomy":"artist-category","embeddable":true,"href":"https:\/\/www.montreuxjazzshop.com\/fr\/wp-json\/wp\/v2\/artist-category?post=2438"},{"taxonomy":"edition","embeddable":true,"href":"https:\/\/www.montreuxjazzshop.com\/fr\/wp-json\/wp\/v2\/edition?post=2438"},{"taxonomy":"product_brand","embeddable":true,"href":"https:\/\/www.montreuxjazzshop.com\/fr\/wp-json\/wp\/v2\/product_brand?post=2438"},{"taxonomy":"product_cat","embeddable":true,"href":"https:\/\/www.montreuxjazzshop.com\/fr\/wp-json\/wp\/v2\/product_cat?post=2438"},{"taxonomy":"product_tag","embeddable":true,"href":"https:\/\/www.montreuxjazzshop.com\/fr\/wp-json\/wp\/v2\/product_tag?post=2438"}],"curies":[{"name":"wp","href":"https:\/\/api.w.org\/{rel}","templated":true}]}}