{"id":2414,"date":"2025-09-11T15:15:05","date_gmt":"2025-09-11T13:15:05","guid":{"rendered":"https:\/\/www.montreuxjazzshop.com\/?post_type=product&#038;p=2414"},"modified":"2026-01-14T10:54:32","modified_gmt":"2026-01-14T09:54:32","slug":"affiche-roberto-cara-1970","status":"publish","type":"product","link":"https:\/\/www.montreuxjazzshop.com\/fr\/boutique\/affiches\/affiches-officielles\/affiche-roberto-cara-1970\/","title":{"rendered":"Affiche Roberto Carra, 1970"},"content":{"rendered":"","protected":false},"excerpt":{"rendered":"<p>Roberto Carra est un jeune directeur artistique, dessinateur et photographe en vue, qui travaille pour <em>L\u2019Uomo Vogue<\/em> \u00e0 Milan, lorsqu\u2019on lui propose de r\u00e9aliser l\u2019affiche de 1970. L\u2019artiste Christian Marclay, qui a produit le visuel de l\u2019\u00e9dition 2018, raconte qu\u2019un exemplaire de cette affiche \u00e0 l\u2019inqui\u00e9tante \u00e9tranget\u00e9 d\u00e9corait sa chambre d\u2019adolescent.<\/p>\n<p><a href=\"\/fr\/portfolio-item\/roberto-carra\/\">En savoir plus sur l&rsquo;artiste<\/a><\/p>\n","protected":false},"featured_media":368,"template":"","meta":{"_acf_changed":false},"artist":[275],"artist-category":[],"edition":[218],"product_brand":[],"product_cat":[298,299],"product_tag":[],"class_list":{"0":"post-2414","1":"product","2":"type-product","3":"status-publish","4":"has-post-thumbnail","6":"artist-roberto-carra","7":"edition-218","8":"product_cat-affiches","9":"product_cat-affiches-officielles","10":"product_shipping_class-affiche","12":"first","13":"outofstock","14":"taxable","15":"shipping-taxable","16":"product-type-variable","17":"has-default-attributes","18":"wvs-archive-product-wrapper"},"bundled_by":[],"bundle_stock_status":"outofstock","bundle_stock_quantity":0,"bundle_virtual":false,"bundle_layout":"","bundle_add_to_cart_form_location":"","bundle_editable_in_cart":false,"bundle_sold_individually_context":"","bundle_item_grouping":"","bundle_min_size":"","bundle_max_size":"","bundle_price":[],"bundled_items":[],"bundle_sell_ids":[],"acf":[],"yoast_head":"<!-- This site is optimized with the Yoast SEO Premium plugin v26.4 (Yoast SEO v27.4) - https:\/\/yoast.com\/product\/yoast-seo-premium-wordpress\/ -->\n<title>Affiche Roberto Carra, 1970 - Montreux Jazz Festival Shop<\/title>\n<meta name=\"description\" content=\"Roberto Carra r\u00e9alise l\u2019affiche de 1970. Christian Marclay, qui a cr\u00e9\u00e9 le visuel 2018, raconte que cette affiche d\u00e9corait sa chambre d\u2019adolescent. Music.\" \/>\n<meta name=\"robots\" content=\"index, follow, max-snippet:-1, max-image-preview:large, max-video-preview:-1\" \/>\n<link rel=\"canonical\" href=\"https:\/\/www.montreuxjazzshop.com\/fr\/boutique\/affiches\/affiches-officielles\/affiche-roberto-cara-1970\/\" \/>\n<meta property=\"og:locale\" content=\"fr_FR\" \/>\n<meta property=\"og:type\" content=\"article\" \/>\n<meta property=\"og:title\" content=\"Affiche Roberto Carra, 1970\" \/>\n<meta property=\"og:description\" content=\"Roberto Carra r\u00e9alise l\u2019affiche de 1970. Christian Marclay, qui a cr\u00e9\u00e9 le visuel 2018, raconte que cette affiche d\u00e9corait sa chambre d\u2019adolescent. Music.\" \/>\n<meta property=\"og:url\" content=\"https:\/\/www.montreuxjazzshop.com\/fr\/boutique\/affiches\/affiches-officielles\/affiche-roberto-cara-1970\/\" \/>\n<meta property=\"og:site_name\" content=\"Montreux Jazz Festival Shop\" \/>\n<meta property=\"article:publisher\" content=\"https:\/\/www.facebook.com\/montreuxjazzfestival\" \/>\n<meta property=\"article:modified_time\" content=\"2026-01-14T09:54:32+00:00\" \/>\n<meta property=\"og:image\" content=\"https:\/\/www.montreuxjazzshop.com\/wp-content\/uploads\/2025\/05\/MJF-Poster-70x100-1970.jpg\" \/>\n\t<meta property=\"og:image:width\" content=\"2000\" \/>\n\t<meta property=\"og:image:height\" content=\"2000\" \/>\n\t<meta property=\"og:image:type\" content=\"image\/jpeg\" \/>\n<meta name=\"twitter:card\" content=\"summary_large_image\" \/>\n<meta name=\"twitter:site\" content=\"@MontreuxJazz\" \/>\n<script type=\"application\/ld+json\" class=\"yoast-schema-graph\">{\"@context\":\"https:\\\/\\\/schema.org\",\"@graph\":[{\"@type\":\"WebPage\",\"@id\":\"https:\\\/\\\/www.montreuxjazzshop.com\\\/fr\\\/boutique\\\/affiches\\\/affiches-officielles\\\/affiche-roberto-cara-1970\\\/\",\"url\":\"https:\\\/\\\/www.montreuxjazzshop.com\\\/fr\\\/boutique\\\/affiches\\\/affiches-officielles\\\/affiche-roberto-cara-1970\\\/\",\"name\":\"Affiche Roberto Carra, 1970 - Montreux Jazz Festival Shop\",\"isPartOf\":{\"@id\":\"https:\\\/\\\/www.montreuxjazzshop.com\\\/fr\\\/#website\"},\"primaryImageOfPage\":{\"@id\":\"https:\\\/\\\/www.montreuxjazzshop.com\\\/fr\\\/boutique\\\/affiches\\\/affiches-officielles\\\/affiche-roberto-cara-1970\\\/#primaryimage\"},\"image\":{\"@id\":\"https:\\\/\\\/www.montreuxjazzshop.com\\\/fr\\\/boutique\\\/affiches\\\/affiches-officielles\\\/affiche-roberto-cara-1970\\\/#primaryimage\"},\"thumbnailUrl\":\"https:\\\/\\\/www.montreuxjazzshop.com\\\/wp-content\\\/uploads\\\/2025\\\/05\\\/MJF-Poster-70x100-1970.jpg\",\"datePublished\":\"2025-09-11T13:15:05+00:00\",\"dateModified\":\"2026-01-14T09:54:32+00:00\",\"description\":\"Roberto Carra r\u00e9alise l\u2019affiche de 1970. Christian Marclay, qui a cr\u00e9\u00e9 le visuel 2018, raconte que cette affiche d\u00e9corait sa chambre d\u2019adolescent. Music.\",\"breadcrumb\":{\"@id\":\"https:\\\/\\\/www.montreuxjazzshop.com\\\/fr\\\/boutique\\\/affiches\\\/affiches-officielles\\\/affiche-roberto-cara-1970\\\/#breadcrumb\"},\"inLanguage\":\"fr-FR\",\"potentialAction\":[{\"@type\":\"ReadAction\",\"target\":[\"https:\\\/\\\/www.montreuxjazzshop.com\\\/fr\\\/boutique\\\/affiches\\\/affiches-officielles\\\/affiche-roberto-cara-1970\\\/\"]}]},{\"@type\":\"ImageObject\",\"inLanguage\":\"fr-FR\",\"@id\":\"https:\\\/\\\/www.montreuxjazzshop.com\\\/fr\\\/boutique\\\/affiches\\\/affiches-officielles\\\/affiche-roberto-cara-1970\\\/#primaryimage\",\"url\":\"https:\\\/\\\/www.montreuxjazzshop.com\\\/wp-content\\\/uploads\\\/2025\\\/05\\\/MJF-Poster-70x100-1970.jpg\",\"contentUrl\":\"https:\\\/\\\/www.montreuxjazzshop.com\\\/wp-content\\\/uploads\\\/2025\\\/05\\\/MJF-Poster-70x100-1970.jpg\",\"width\":2000,\"height\":2000,\"caption\":\"L'Affiche Roberto Carra, 1970 est une affiche en noir et blanc pour le Festival International de Jazz de Montreux. Elle pr\u00e9sente une illustration classique et un texte en gras de l'artiste : \\\"Festival International de Jazz, Montreux, 17-21 Juin 1970\\\".\"},{\"@type\":\"BreadcrumbList\",\"@id\":\"https:\\\/\\\/www.montreuxjazzshop.com\\\/fr\\\/boutique\\\/affiches\\\/affiches-officielles\\\/affiche-roberto-cara-1970\\\/#breadcrumb\",\"itemListElement\":[{\"@type\":\"ListItem\",\"position\":1,\"name\":\"Accueil\",\"item\":\"https:\\\/\\\/www.montreuxjazzshop.com\\\/fr\\\/\"},{\"@type\":\"ListItem\",\"position\":2,\"name\":\"Boutique\",\"item\":\"https:\\\/\\\/www.montreuxjazzshop.com\\\/fr\\\/boutique\\\/\"},{\"@type\":\"ListItem\",\"position\":3,\"name\":\"Affiche Roberto Carra, 1970\"}]},{\"@type\":\"WebSite\",\"@id\":\"https:\\\/\\\/www.montreuxjazzshop.com\\\/fr\\\/#website\",\"url\":\"https:\\\/\\\/www.montreuxjazzshop.com\\\/fr\\\/\",\"name\":\"Montreux Jazz Shop\",\"description\":\"The Montreux Jazz Festival shop\",\"potentialAction\":[{\"@type\":\"SearchAction\",\"target\":{\"@type\":\"EntryPoint\",\"urlTemplate\":\"https:\\\/\\\/www.montreuxjazzshop.com\\\/fr\\\/?s={search_term_string}\"},\"query-input\":{\"@type\":\"PropertyValueSpecification\",\"valueRequired\":true,\"valueName\":\"search_term_string\"}}],\"inLanguage\":\"fr-FR\"}]}<\/script>\n<meta property=\"og:availability\" content=\"out of stock\" \/>\n<meta property=\"product:availability\" content=\"out of stock\" \/>\n<meta property=\"product:retailer_item_id\" content=\"1000000101970\" \/>\n<meta property=\"product:condition\" content=\"new\" \/>\n<!-- \/ Yoast SEO Premium plugin. -->","yoast_head_json":{"title":"Affiche Roberto Carra, 1970 - Montreux Jazz Festival Shop","description":"Roberto Carra r\u00e9alise l\u2019affiche de 1970. Christian Marclay, qui a cr\u00e9\u00e9 le visuel 2018, raconte que cette affiche d\u00e9corait sa chambre d\u2019adolescent. Music.","robots":{"index":"index","follow":"follow","max-snippet":"max-snippet:-1","max-image-preview":"max-image-preview:large","max-video-preview":"max-video-preview:-1"},"canonical":"https:\/\/www.montreuxjazzshop.com\/fr\/boutique\/affiches\/affiches-officielles\/affiche-roberto-cara-1970\/","og_locale":"fr_FR","og_type":"article","og_title":"Affiche Roberto Carra, 1970","og_description":"Roberto Carra r\u00e9alise l\u2019affiche de 1970. Christian Marclay, qui a cr\u00e9\u00e9 le visuel 2018, raconte que cette affiche d\u00e9corait sa chambre d\u2019adolescent. Music.","og_url":"https:\/\/www.montreuxjazzshop.com\/fr\/boutique\/affiches\/affiches-officielles\/affiche-roberto-cara-1970\/","og_site_name":"Montreux Jazz Festival Shop","article_publisher":"https:\/\/www.facebook.com\/montreuxjazzfestival","article_modified_time":"2026-01-14T09:54:32+00:00","og_image":[{"width":2000,"height":2000,"url":"https:\/\/www.montreuxjazzshop.com\/wp-content\/uploads\/2025\/05\/MJF-Poster-70x100-1970.jpg","type":"image\/jpeg"}],"twitter_card":"summary_large_image","twitter_site":"@MontreuxJazz","schema":{"@context":"https:\/\/schema.org","@graph":[{"@type":"WebPage","@id":"https:\/\/www.montreuxjazzshop.com\/fr\/boutique\/affiches\/affiches-officielles\/affiche-roberto-cara-1970\/","url":"https:\/\/www.montreuxjazzshop.com\/fr\/boutique\/affiches\/affiches-officielles\/affiche-roberto-cara-1970\/","name":"Affiche Roberto Carra, 1970 - Montreux Jazz Festival Shop","isPartOf":{"@id":"https:\/\/www.montreuxjazzshop.com\/fr\/#website"},"primaryImageOfPage":{"@id":"https:\/\/www.montreuxjazzshop.com\/fr\/boutique\/affiches\/affiches-officielles\/affiche-roberto-cara-1970\/#primaryimage"},"image":{"@id":"https:\/\/www.montreuxjazzshop.com\/fr\/boutique\/affiches\/affiches-officielles\/affiche-roberto-cara-1970\/#primaryimage"},"thumbnailUrl":"https:\/\/www.montreuxjazzshop.com\/wp-content\/uploads\/2025\/05\/MJF-Poster-70x100-1970.jpg","datePublished":"2025-09-11T13:15:05+00:00","dateModified":"2026-01-14T09:54:32+00:00","description":"Roberto Carra r\u00e9alise l\u2019affiche de 1970. Christian Marclay, qui a cr\u00e9\u00e9 le visuel 2018, raconte que cette affiche d\u00e9corait sa chambre d\u2019adolescent. Music.","breadcrumb":{"@id":"https:\/\/www.montreuxjazzshop.com\/fr\/boutique\/affiches\/affiches-officielles\/affiche-roberto-cara-1970\/#breadcrumb"},"inLanguage":"fr-FR","potentialAction":[{"@type":"ReadAction","target":["https:\/\/www.montreuxjazzshop.com\/fr\/boutique\/affiches\/affiches-officielles\/affiche-roberto-cara-1970\/"]}]},{"@type":"ImageObject","inLanguage":"fr-FR","@id":"https:\/\/www.montreuxjazzshop.com\/fr\/boutique\/affiches\/affiches-officielles\/affiche-roberto-cara-1970\/#primaryimage","url":"https:\/\/www.montreuxjazzshop.com\/wp-content\/uploads\/2025\/05\/MJF-Poster-70x100-1970.jpg","contentUrl":"https:\/\/www.montreuxjazzshop.com\/wp-content\/uploads\/2025\/05\/MJF-Poster-70x100-1970.jpg","width":2000,"height":2000,"caption":"L'Affiche Roberto Carra, 1970 est une affiche en noir et blanc pour le Festival International de Jazz de Montreux. Elle pr\u00e9sente une illustration classique et un texte en gras de l'artiste : \"Festival International de Jazz, Montreux, 17-21 Juin 1970\"."},{"@type":"BreadcrumbList","@id":"https:\/\/www.montreuxjazzshop.com\/fr\/boutique\/affiches\/affiches-officielles\/affiche-roberto-cara-1970\/#breadcrumb","itemListElement":[{"@type":"ListItem","position":1,"name":"Accueil","item":"https:\/\/www.montreuxjazzshop.com\/fr\/"},{"@type":"ListItem","position":2,"name":"Boutique","item":"https:\/\/www.montreuxjazzshop.com\/fr\/boutique\/"},{"@type":"ListItem","position":3,"name":"Affiche Roberto Carra, 1970"}]},{"@type":"WebSite","@id":"https:\/\/www.montreuxjazzshop.com\/fr\/#website","url":"https:\/\/www.montreuxjazzshop.com\/fr\/","name":"Montreux Jazz Shop","description":"The Montreux Jazz Festival shop","potentialAction":[{"@type":"SearchAction","target":{"@type":"EntryPoint","urlTemplate":"https:\/\/www.montreuxjazzshop.com\/fr\/?s={search_term_string}"},"query-input":{"@type":"PropertyValueSpecification","valueRequired":true,"valueName":"search_term_string"}}],"inLanguage":"fr-FR"}]},"og_availability":"out of stock","product_availability":"out of stock","product_retailer_item_id":"1000000101970","product_condition":"new"},"_links":{"self":[{"href":"https:\/\/www.montreuxjazzshop.com\/fr\/wp-json\/wp\/v2\/product\/2414","targetHints":{"allow":["GET"]}}],"collection":[{"href":"https:\/\/www.montreuxjazzshop.com\/fr\/wp-json\/wp\/v2\/product"}],"about":[{"href":"https:\/\/www.montreuxjazzshop.com\/fr\/wp-json\/wp\/v2\/types\/product"}],"wp:featuredmedia":[{"embeddable":true,"href":"https:\/\/www.montreuxjazzshop.com\/fr\/wp-json\/wp\/v2\/media\/368"}],"wp:attachment":[{"href":"https:\/\/www.montreuxjazzshop.com\/fr\/wp-json\/wp\/v2\/media?parent=2414"}],"wp:term":[{"taxonomy":"artist","embeddable":true,"href":"https:\/\/www.montreuxjazzshop.com\/fr\/wp-json\/wp\/v2\/artist?post=2414"},{"taxonomy":"artist-category","embeddable":true,"href":"https:\/\/www.montreuxjazzshop.com\/fr\/wp-json\/wp\/v2\/artist-category?post=2414"},{"taxonomy":"edition","embeddable":true,"href":"https:\/\/www.montreuxjazzshop.com\/fr\/wp-json\/wp\/v2\/edition?post=2414"},{"taxonomy":"product_brand","embeddable":true,"href":"https:\/\/www.montreuxjazzshop.com\/fr\/wp-json\/wp\/v2\/product_brand?post=2414"},{"taxonomy":"product_cat","embeddable":true,"href":"https:\/\/www.montreuxjazzshop.com\/fr\/wp-json\/wp\/v2\/product_cat?post=2414"},{"taxonomy":"product_tag","embeddable":true,"href":"https:\/\/www.montreuxjazzshop.com\/fr\/wp-json\/wp\/v2\/product_tag?post=2414"}],"curies":[{"name":"wp","href":"https:\/\/api.w.org\/{rel}","templated":true}]}}